{"id":11,"date":"2022-07-12T02:17:03","date_gmt":"2022-07-12T02:17:03","guid":{"rendered":"https:\/\/topfoodmachine.com\/?post_type=product&#038;p=11"},"modified":"2025-12-18T16:27:56","modified_gmt":"2025-12-18T08:27:56","slug":"spring-roll-machine","status":"publish","type":"product","link":"https:\/\/topfoodmachine.com\/pt\/product\/spring-roll-machine\/","title":{"rendered":"M\u00e1quina de Rolinho Primavera | M\u00e1quina de Fazer Rolinho Primavera"},"content":{"rendered":"<div class=\"kk-star-ratings kksr-auto kksr-align-left kksr-valign-top\"     data-payload='{&quot;align&quot;:&quot;left&quot;,&quot;id&quot;:&quot;11&quot;,&quot;slug&quot;:&quot;default&quot;,&quot;valign&quot;:&quot;top&quot;,&quot;ignore&quot;:&quot;&quot;,&quot;reference&quot;:&quot;auto&quot;,&quot;class&quot;:&quot;&quot;,&quot;count&quot;:&quot;7&quot;,&quot;legendonly&quot;:&quot;&quot;,&quot;readonly&quot;:&quot;&quot;,&quot;score&quot;:&quot;4.9&quot;,&quot;starsonly&quot;:&quot;&quot;,&quot;best&quot;:&quot;5&quot;,&quot;gap&quot;:&quot;5&quot;,&quot;greet&quot;:&quot;Rate this product&quot;,&quot;legend&quot;:&quot;4.9\\\/5 - (7 votes)&quot;,&quot;size&quot;:&quot;24&quot;,&quot;title&quot;:&quot;Spring Roll Machine | Spring Roll Making Machine&quot;,&quot;width&quot;:&quot;139.6&quot;,&quot;_legend&quot;:&quot;{score}\\\/{best} - ({count} {votes})&quot;,&quot;font_factor&quot;:&quot;1.25&quot;}'>              <div class=\"kksr-stars\">      <div class=\"kksr-stars-inactive\">             <div class=\"kksr-star\" data-star=\"1\" style=\"padding-right: 5px\">               <div class=\"kksr-icon\" style=\"width: 24px; height: 24px;\"><\/div>         <\/div>             <div class=\"kksr-star\" data-star=\"2\" style=\"padding-right: 5px\">               <div class=\"kksr-icon\" style=\"width: 24px; height: 24px;\"><\/div>         <\/div>             <div class=\"kksr-star\" data-star=\"3\" style=\"padding-right: 5px\">               <div class=\"kksr-icon\" style=\"width: 24px; height: 24px;\"><\/div>         <\/div>             <div class=\"kksr-star\" data-star=\"4\" style=\"padding-right: 5px\">               <div class=\"kksr-icon\" style=\"width: 24px; height: 24px;\"><\/div>         <\/div>             <div class=\"kksr-star\" data-star=\"5\" style=\"padding-right: 5px\">               <div class=\"kksr-icon\" style=\"width: 24px; height: 24px;\"><\/div>         <\/div>     <\/div>      <div class=\"kksr-stars-active\" style=\"width: 139.6px;\">             <div class=\"kksr-star\" style=\"padding-right: 5px\">               <div class=\"kksr-icon\" style=\"width: 24px; height: 24px;\"><\/div>         <\/div>             <div class=\"kksr-star\" style=\"padding-right: 5px\">               <div class=\"kksr-icon\" style=\"width: 24px; height: 24px;\"><\/div>         <\/div>             <div class=\"kksr-star\" style=\"padding-right: 5px\">               <div class=\"kksr-icon\" style=\"width: 24px; height: 24px;\"><\/div>         <\/div>             <div class=\"kksr-star\" style=\"padding-right: 5px\">               <div class=\"kksr-icon\" style=\"width: 24px; height: 24px;\"><\/div>         <\/div>             <div class=\"kksr-star\" style=\"padding-right: 5px\">               <div class=\"kksr-icon\" style=\"width: 24px; height: 24px;\"><\/div>         <\/div>     <\/div> <\/div>                   <div class=\"kksr-legend\" style=\"font-size: 19.2px;\">             4,9\/5 - (7 votos)    <\/div>     <\/div>  <p class=\"translation-block\">A <strong>M\u00e1quina de Rolinho Primavera<\/strong> pode produzir v\u00e1rios tipos de massa em folha, incluindo envolt\u00f3rios de rolinho primavera, panquecas francesas, bolos de ovo e panquecas de pato de Pequim. \u00c9 amplamente utilizada em f\u00e1bricas de alimentos, refeit\u00f3rios, vendedores de comida de rua e restaurantes, garantindo consist\u00eancia e qualidade na produ\u00e7\u00e3o em larga escala. <\/p>    <p class=\"translation-block\">Com op\u00e7\u00f5es de espessura ajust\u00e1veis variando de 0,3 mm a 1,2 mm, a <strong>M\u00e1quina de Rolinho Primavera<\/strong> \u00e9 personaliz\u00e1vel para atender a necessidades espec\u00edficas de produ\u00e7\u00e3o, tornando-a uma escolha ideal para empresas que buscam expandir suas opera\u00e7\u00f5es e lucratividade. <\/p>    <p>Se voc\u00ea est\u00e1 na Europa, Am\u00e9rica ou \u00c1sia, esta m\u00e1quina o ajudar\u00e1 a atender \u00e0 crescente demanda por rolinhos primavera e outros produtos populares de massa em folha.<\/p>    <figure class=\"wp-block-embed is-type-video is-provider-youtube wp-block-embed-youtube wp-embed-aspect-16-9 wp-has-aspect-ratio\"><div class=\"wp-block-embed__wrapper\"> <iframe loading=\"lazy\" title=\"Automatic Spring Roll Making Machine in Action \u2013 Fast &amp; Efficient! #springrolls #foodprocessing\" width=\"500\" height=\"281\" src=\"https:\/\/www.youtube.com\/embed\/fwWfkWzMGKM?feature=oembed\" frameborder=\"0\" allow=\"accelerometer; autoplay; clipboard-write; encrypted-media; gyroscope; picture-in-picture; web-share\" referrerpolicy=\"strict-origin-when-cross-origin\" allowfullscreen><\/iframe> <\/div><figcaption class=\"wp-element-caption\">V\u00eddeo de funcionamento da m\u00e1quina de rolinhos primavera<\/figcaption><\/figure>    <h2 class=\"wp-block-heading\">O que \u00e9 rolinho primavera?<\/h2>    <p class=\"translation-block\">A <a href=\"https:\/\/en.wikipedia.org\/wiki\/Spring_roll\" data-type=\"link\" data-id=\"https:\/\/en.wikipedia.org\/wiki\/Spring_roll\" target=\"_blank\" rel=\"noopener\">spring roll<\/a> is a beloved dish with roots in China, known for its versatility and wide appeal. While it traditionally consists of a thin, crispy wrapper filled with a variety of savory ingredients, the concept of &#8220;spring roll&#8221; has evolved across different countries and cultures, taking on many unique forms.<\/p>    <p>Al\u00e9m da cl\u00e1ssica massa para rolinho primavera, voc\u00ea encontrar\u00e1 varia\u00e7\u00f5es como bolos de ovo, bolos de pato assado, pretzels, p\u00e3es virados, bolos de melaleuca, injera e at\u00e9 tortillas de milho em diferentes regi\u00f5es. Essas varia\u00e7\u00f5es mostram a adaptabilidade do conceito de rolinho primavera, frequentemente incorporando sabores e ingredientes locais.<\/p>    <div class=\"wp-block-group is-layout-flow wp-block-group-is-layout-flow\"> <div class=\"wp-block-columns is-layout-flex wp-container-core-columns-is-layout-28f84493 wp-block-columns-is-layout-flex\"> <div class=\"wp-block-column is-layout-flow wp-block-column-is-layout-flow\" style=\"flex-basis:100%\"> <figure class=\"wp-block-image size-full\"><img loading=\"lazy\" decoding=\"async\" width=\"720\" height=\"540\" src=\"https:\/\/topfoodmachine.com\/wp-content\/uploads\/2022\/07\/vegetable-spring-rolls.jpg\" alt=\"rolinhos primavera de vegetais\" class=\"wp-image-165\" srcset=\"https:\/\/topfoodmachine.com\/wp-content\/uploads\/2022\/07\/vegetable-spring-rolls.jpg 720w, https:\/\/topfoodmachine.com\/wp-content\/uploads\/2022\/07\/vegetable-spring-rolls-300x225.jpg 300w\" sizes=\"auto, (max-width: 720px) 100vw, 720px\" \/><figcaption class=\"wp-element-caption\">rolinhos primavera de vegetais<\/figcaption><\/figure> <\/div> <\/div> <\/div>    <h2 class=\"wp-block-heading\">m\u00e1quina de rolinho primavera \u00e0 venda<\/h2>    <p>A M\u00e1quina de Rolinhos Primavera \u00e9 um dispositivo de alta efici\u00eancia projetado para produzir v\u00e1rias massas em folha, como rolinhos primavera, bolos de ovo, panquecas, envolt\u00f3rios de lumpia e crepes. Ela pode criar folhas redondas e retangulares, atendendo a diversas necessidades de produtos.<\/p>    <p>Como fornecedor confi\u00e1vel, oferecemos m\u00e1quinas de massa para rolinhos primavera, m\u00e1quinas de embalagem e m\u00e1quinas de dobrar de qualidade a pre\u00e7os competitivos. Entre em contato conosco hoje para saber mais!<\/p>    <figure class=\"wp-block-image size-full\"><img loading=\"lazy\" decoding=\"async\" width=\"720\" height=\"540\" src=\"https:\/\/topfoodmachine.com\/wp-content\/uploads\/2022\/07\/spring-roll-making-machine.jpg\" alt=\"m\u00e1quina de rolinho primavera\" class=\"wp-image-164\" srcset=\"https:\/\/topfoodmachine.com\/wp-content\/uploads\/2022\/07\/spring-roll-making-machine.jpg 720w, https:\/\/topfoodmachine.com\/wp-content\/uploads\/2022\/07\/spring-roll-making-machine-300x225.jpg 300w\" sizes=\"auto, (max-width: 720px) 100vw, 720px\" \/><figcaption class=\"wp-element-caption\">m\u00e1quina de rolinho primavera<\/figcaption><\/figure>    <h2 class=\"wp-block-heading\">estrutura da m\u00e1quina de fazer rolinho primavera<\/h2>    <div class=\"wp-block-media-text is-stacked-on-mobile\"><figure class=\"wp-block-media-text__media\"><img loading=\"lazy\" decoding=\"async\" width=\"720\" height=\"540\" src=\"https:\/\/topfoodmachine.com\/wp-content\/uploads\/2022\/07\/structure-of-Spring-Roll-Machine.webp\" alt=\"estrutura da M\u00e1quina de Rolinhos Primavera\" class=\"wp-image-1196 size-full\" srcset=\"https:\/\/topfoodmachine.com\/wp-content\/uploads\/2022\/07\/structure-of-Spring-Roll-Machine.webp 720w, https:\/\/topfoodmachine.com\/wp-content\/uploads\/2022\/07\/structure-of-Spring-Roll-Machine-300x225.webp 300w, https:\/\/topfoodmachine.com\/wp-content\/uploads\/2022\/07\/structure-of-Spring-Roll-Machine-16x12.webp 16w\" sizes=\"auto, (max-width: 720px) 100vw, 720px\" \/><\/figure><div class=\"wp-block-media-text__content\"> <p>A m\u00e1quina possui uma estrutura robusta para opera\u00e7\u00e3o est\u00e1vel, prensagem assistida por ar comprimido para forma\u00e7\u00e3o uniforme e um sistema el\u00e9trico para controle automatizado. <\/p>    <p>Uma unidade de aquecimento precisa garante resultados de cozimento consistentes, enquanto configura\u00e7\u00f5es ajust\u00e1veis de temperatura e tempo atendem \u00e0s diferentes necessidades de produ\u00e7\u00e3o. <\/p>    <p>Com moldes personaliz\u00e1veis, a m\u00e1quina pode produzir produtos de v\u00e1rias espessuras e formas, incluindo embalagens de rolinho primavera, panquecas de pato e bolos de ovo.<\/p> <\/div><\/div>    <h2 class=\"wp-block-heading\">Como funciona a m\u00e1quina de fazer rolinho primavera?<\/h2>    <div class=\"wp-block-media-text has-media-on-the-right is-stacked-on-mobile\"><div class=\"wp-block-media-text__content\"> <ul class=\"wp-block-list\"> <li><strong>Passo 1: Prepara\u00e7\u00e3o da mistura<\/strong> <ul class=\"wp-block-list\"> <li>Despeje a mistura de farinha e \u00e1gua previamente medida no recipiente da m\u00e1quina.<\/li> <\/ul> <\/li>    <li><strong>Passo 2: Achatamento da massa<\/strong> <ul class=\"wp-block-list\"> <li>Inicie a m\u00e1quina; o sistema hidr\u00e1ulico aciona o molde superior para pressionar a massa at\u00e9 formar folhas finas e uniformes.<\/li> <\/ul> <\/li>    <li><strong>Passo 3: Parada autom\u00e1tica<\/strong> <ul class=\"wp-block-list\"> <li>A m\u00e1quina para automaticamente assim que o processo de achatamento for conclu\u00eddo.<\/li> <\/ul> <\/li>    <li><strong>Passo 4: Processo de resfriamento<\/strong> <ul class=\"wp-block-list\"> <li>As folhas acabadas s\u00e3o transferidas para a \u00e1rea de resfriamento, onde um ventilador as resfria rapidamente para obter uma textura crocante, por\u00e9m macia.<\/li> <\/ul> <\/li> <\/ul> <\/div><figure class=\"wp-block-media-text__media\"><img loading=\"lazy\" decoding=\"async\" width=\"720\" height=\"540\" src=\"https:\/\/topfoodmachine.com\/wp-content\/uploads\/2022\/07\/spring-roll-maker-machine.jpg\" alt=\"m\u00e1quina de fazer rolinho primavera\" class=\"wp-image-166 size-full\" srcset=\"https:\/\/topfoodmachine.com\/wp-content\/uploads\/2022\/07\/spring-roll-maker-machine.jpg 720w, https:\/\/topfoodmachine.com\/wp-content\/uploads\/2022\/07\/spring-roll-maker-machine-300x225.jpg 300w\" sizes=\"auto, (max-width: 720px) 100vw, 720px\" \/><\/figure><\/div>    <h2 class=\"wp-block-heading\">Benef\u00edcios de desempenho da m\u00e1quina de rolinho primavera<\/h2>    <div class=\"wp-block-media-text is-stacked-on-mobile\"><figure class=\"wp-block-media-text__media\"><img loading=\"lazy\" decoding=\"async\" width=\"720\" height=\"540\" src=\"https:\/\/topfoodmachine.com\/wp-content\/uploads\/2022\/07\/commercial-Spring-Roll-Machine.webp\" alt=\"M\u00e1quina de Rolinhos Primavera comercial\" class=\"wp-image-1194 size-full\" srcset=\"https:\/\/topfoodmachine.com\/wp-content\/uploads\/2022\/07\/commercial-Spring-Roll-Machine.webp 720w, https:\/\/topfoodmachine.com\/wp-content\/uploads\/2022\/07\/commercial-Spring-Roll-Machine-300x225.webp 300w, https:\/\/topfoodmachine.com\/wp-content\/uploads\/2022\/07\/commercial-Spring-Roll-Machine-16x12.webp 16w\" sizes=\"auto, (max-width: 720px) 100vw, 720px\" \/><\/figure><div class=\"wp-block-media-text__content\"> <ul class=\"wp-block-list\"> <li><strong>Espessura ajust\u00e1vel:<\/strong> Espessura do rolinho primavera personaliz\u00e1vel a partir de <strong>0,3\u20131,2 mm<\/strong> para atender \u00e0s diferentes necessidades de produto.<\/li>    <li><strong>Corpo em a\u00e7o inoxid\u00e1vel:<\/strong> Constru\u00e7\u00e3o totalmente em a\u00e7o inoxid\u00e1vel para <strong>durabilidade, opera\u00e7\u00e3o f\u00e1cil e baixa manuten\u00e7\u00e3o<\/strong>.<\/li>    <li><strong>Motor de economia de energia:<\/strong> Equipado com um <strong>Motor de cobre puro<\/strong> para desempenho est\u00e1vel e longa vida \u00fatil.<\/li>    <li><strong>Controle de temperatura preciso:<\/strong> <strong>Sistema de aquecimento controlado por microcomputador<\/strong> garante uma regula\u00e7\u00e3o de temperatura consistente e precisa.<\/li>    <li><strong>Personaliza\u00e7\u00e3o flex\u00edvel:<\/strong> <strong>Op\u00e7\u00f5es de personaliza\u00e7\u00e3o robustas<\/strong> para atender \u00e0s diferentes capacidades de produ\u00e7\u00e3o e requisitos comerciais.<\/li> <\/ul> <\/div><\/div>    <h2 class=\"wp-block-heading\">Par\u00e2metros da m\u00e1quina de fazer rolinhos primavera<\/h2>    <figure class=\"wp-block-table\"><table><tbody><tr><td>Modelo<\/td><td>TZ-3620<\/td><td>TZ-5029<\/td><td>TZ-8045<\/td><td>TZ-12060<\/td><\/tr><tr><td>Tamanho (mm)<\/td><td>1800*660*890<\/td><td>2400*800*1350<\/td><td>2800*1100*1600<\/td><td>3100*1300*1800<\/td><\/tr><tr><td>Peso<\/td><td>260kg<\/td><td>520kg<\/td><td>750kg<\/td><td>850kg<\/td><\/tr><tr><td>Di\u00e2metro do rolo de aquecimento<\/td><td>400*280mm<\/td><td>500*330mm<\/td><td>800*600mm<\/td><td>1200*600mm<\/td><\/tr><tr><td>Energia el\u00e9trica<\/td><td>6 kW<\/td><td>13 kW<\/td><td>32 kW<\/td><td>48 kW<\/td><\/tr><tr><td>Corte de energia<\/td><td>1 kW<\/td><td>1 kW<\/td><td>1 kW<\/td><td>1 kW<\/td><\/tr><tr><td>Capacidade<\/td><td>800-1000 unidades\/h<\/td><td>1500-2000 unidades\/h<\/td><td>3000-4000 unidades\/h<\/td><td>5000-6000 unidades\/h<\/td><\/tr><tr><td>Tamanho m\u00e1ximo da folha (mm)<\/td><td>Apenas rolo: 250<\/td><td>Rolo: 350 quadrado: 300<\/td><td>Rolo: 430 quadrado: 450<\/td><td>600<\/td><\/tr><tr><td>Espessura da folha<\/td><td>0,3-1,2mm<\/td><td>0,3-1,2mm<\/td><td>0,3-1,2mm<\/td><td>0,3-1,2mm<\/td><\/tr><\/tbody><\/table><figcaption class=\"wp-element-caption\">par\u00e2metros da m\u00e1quina de fazer rolinhos primavera<\/figcaption><\/figure>    <h2 class=\"wp-block-heading\">Falhas e solu\u00e7\u00f5es comuns em m\u00e1quinas de rolinho primavera<\/h2>    <p>Nenhuma m\u00e1quina estar\u00e1 livre de erros. Ent\u00e3o, se isso acontecer, o que devemos fazer? Aqui est\u00e3o algumas falhas e solu\u00e7\u00f5es comuns em m\u00e1quinas de fazer rolinho primavera.<\/p>    <div class=\"wp-block-media-text has-media-on-the-right is-stacked-on-mobile\"><div class=\"wp-block-media-text__content\"> <ul class=\"wp-block-list\"> <li>Se n\u00e3o funcionar normalmente. <ul class=\"wp-block-list\"> <li>Solu\u00e7\u00e3o: Por favor, desligue a luz de energia. Em seguida, ligue a energia e fa\u00e7a o envolt\u00f3rio de rolinho primavera funcionar. Se ainda n\u00e3o funcionar, por favor, substitua o inversor.<\/li> <\/ul> <\/li>    <li>O tubo de aquecimento n\u00e3o \u00e9 aquecido ou \u00e9 aquecido intermitentemente <ul class=\"wp-block-list\"> <li>Solu\u00e7\u00e3o: Verifique se a tabela de controle de fuga, a placa de aquecimento e o ponto quente est\u00e3o danificados. Se sim, por favor, substitua-os a tempo.<\/li> <\/ul> <\/li> <\/ul> <\/div><figure class=\"wp-block-media-text__media\"><img loading=\"lazy\" decoding=\"async\" width=\"720\" height=\"540\" src=\"https:\/\/topfoodmachine.com\/wp-content\/uploads\/2023\/10\/Injera-making-machine-in-stock.webp\" alt=\"M\u00e1quina de Rolinhos Primavera com um bom pre\u00e7o\" class=\"wp-image-847 size-full\" srcset=\"https:\/\/topfoodmachine.com\/wp-content\/uploads\/2023\/10\/Injera-making-machine-in-stock.webp 720w, https:\/\/topfoodmachine.com\/wp-content\/uploads\/2023\/10\/Injera-making-machine-in-stock-300x225.webp 300w\" sizes=\"auto, (max-width: 720px) 100vw, 720px\" \/><\/figure><\/div>    <div class=\"wp-block-media-text is-stacked-on-mobile\"><figure class=\"wp-block-media-text__media\"><img loading=\"lazy\" decoding=\"async\" width=\"720\" height=\"540\" src=\"https:\/\/topfoodmachine.com\/wp-content\/uploads\/2022\/07\/Spring-Roll-Machine-for-business.webp\" alt=\"M\u00e1quina de Rolinhos Primavera para neg\u00f3cios\" class=\"wp-image-1195 size-full\" srcset=\"https:\/\/topfoodmachine.com\/wp-content\/uploads\/2022\/07\/Spring-Roll-Machine-for-business.webp 720w, https:\/\/topfoodmachine.com\/wp-content\/uploads\/2022\/07\/Spring-Roll-Machine-for-business-300x225.webp 300w, https:\/\/topfoodmachine.com\/wp-content\/uploads\/2022\/07\/Spring-Roll-Machine-for-business-16x12.webp 16w\" sizes=\"auto, (max-width: 720px) 100vw, 720px\" \/><\/figure><div class=\"wp-block-media-text__content\"> <ul class=\"wp-block-list\"> <li>O motor principal n\u00e3o pode ser ajustado <ul class=\"wp-block-list\"> <li>Solu\u00e7\u00e3o: Verifique se o bot\u00e3o de ajuste de velocidade est\u00e1 danificado, reforce a parte superior do bot\u00e3o de ajuste de velocidade ou substitua o bot\u00e3o de ajuste de velocidade.<\/li> <\/ul> <\/li>    <li>Alerta do disjuntor de vazamento <ul class=\"wp-block-list\"> <li>Solu\u00e7\u00e3o: Verifique se a placa de aquecimento est\u00e1 vazando e se o fio de conex\u00e3o e o anel coletor de cobre est\u00e3o vazando. Se estiver vazando, sugerimos substitu\u00ed-lo.\u00a0<\/li> <\/ul> <\/li> <\/ul> <\/div><\/div>    <h2 class=\"wp-block-heading\">Perguntas frequentes (FAQ)<\/h2>   <div id=\"rank-math-faq\" class=\"rank-math-block\"> <div class=\"rank-math-list\"> <div id=\"faq-question-1686724475488\" class=\"rank-math-list-item\"> <h3 class=\"rank-math-question\"><strong>Qual \u00e9 o formato do produto acabado? \u00a0<\/strong><\/h3> <div class=\"rank-math-answer\">  <p>A forma pode ser quadrada ou redonda, porosa ou imponente.<\/p>  <\/div> <\/div> <div id=\"faq-question-1686724500800\" class=\"rank-math-list-item\"> <h3 class=\"rank-math-question\"><strong>Qual \u00e9 a mat\u00e9ria-prima colocada na m\u00e1quina?<\/strong><\/h3> <div class=\"rank-math-answer\">  <p>A mat\u00e9ria-prima \u00e9 pasta de farinha e n\u00e3o massa.<\/p>  <\/div> <\/div> <div id=\"faq-question-1686724517152\" class=\"rank-math-list-item\"> <h3 class=\"rank-math-question\"><strong>Qual \u00e9 o tamanho do produto acabado?<\/strong><\/h3> <div class=\"rank-math-answer\">  <p>O comprimento lateral m\u00e1ximo do quadrado \u00e9 de 30 cm, o di\u00e2metro m\u00e1ximo do c\u00edrculo \u00e9 de 35 cm e a espessura da panqueca \u00e9 geralmente de 0,3-1,2 mm.<\/p>  <\/div> <\/div> <div id=\"faq-question-1686724534032\" class=\"rank-math-list-item\"> <h3 class=\"rank-math-question\"><strong>Qual \u00e9 o m\u00e9todo de aquecimento? \u00a0<\/strong><\/h3> <div class=\"rank-math-answer\">  <p>Aquecimento el\u00e9ctrico e aquecimento a g\u00e1s.<\/p>  <\/div> <\/div> <div id=\"faq-question-1686724547968\" class=\"rank-math-list-item\"> <h3 class=\"rank-math-question\"><strong>Qual \u00e9 a temperatura de aquecimento? \u00a0<\/strong><\/h3> <div class=\"rank-math-answer\">  <p>120 graus Celsius.<\/p>  <\/div> <\/div> <div id=\"faq-question-1686724563504\" class=\"rank-math-list-item\"> <h3 class=\"rank-math-question\"><strong>Como ajustar a espessura?<\/strong><\/h3> <div class=\"rank-math-answer\">  <p>Pode ser ajustado ajustando a propor\u00e7\u00e3o de pasta de macarr\u00e3o, pasta: \u00e1gua = 1:2.<\/p>  <\/div> <\/div> <div id=\"faq-question-1686724579648\" class=\"rank-math-list-item\"> <h3 class=\"rank-math-question\"><strong>Quais produtos podem ser fabricados?<\/strong><\/h3> <div class=\"rank-math-answer\">  <p>Al\u00e9m de embrulhar rolinhos primavera, tamb\u00e9m pode fazer wraps wonton, injera, tortilhas e panquecas coloridas.<\/p>  <\/div> <\/div> <div id=\"faq-question-1686724592048\" class=\"rank-math-list-item\"> <h3 class=\"rank-math-question\"><strong>Voc\u00ea oferece outras m\u00e1quinas?<\/strong><\/h3> <div class=\"rank-math-answer\">  <p>Tamb\u00e9m oferecemos outras m\u00e1quinas para fazer rolinhos primavera. A m\u00e1quina para fazer rolinhos primavera quadrados possui um cortador. Al\u00e9m disso, a m\u00e1quina pode ter a fun\u00e7\u00e3o de dobrar e contar.<\/p>  <\/div> <\/div> <\/div> <\/div>   <figure class=\"wp-block-image size-full\"><img loading=\"lazy\" decoding=\"async\" width=\"720\" height=\"540\" src=\"https:\/\/topfoodmachine.com\/wp-content\/uploads\/2023\/10\/Injera-maker.webp\" alt=\"m\u00e1quina de rolinhos primavera\" class=\"wp-image-845\" srcset=\"https:\/\/topfoodmachine.com\/wp-content\/uploads\/2023\/10\/Injera-maker.webp 720w, https:\/\/topfoodmachine.com\/wp-content\/uploads\/2023\/10\/Injera-maker-300x225.webp 300w\" sizes=\"auto, (max-width: 720px) 100vw, 720px\" \/><figcaption class=\"wp-element-caption\">m\u00e1quina de rolinhos primavera<\/figcaption><\/figure>    <h2 class=\"wp-block-heading\">Conclus\u00e3o<\/h2>    <p class=\"translation-block\">A m\u00e1quina de rolinhos primavera \u00e9 um equipamento de produ\u00e7\u00e3o de alimentos excelente para beneficiar seu neg\u00f3cio. A Taizy Machinery Co., Ltd. \u00e9 uma fabricante poderosa e confi\u00e1vel de m\u00e1quinas de fazer rolinhos primavera. Todas <a href=\"https:\/\/topfoodmachine.com\/pt\/product\/\" data-type=\"link\" data-id=\"https:\/\/topfoodmachine.com\/product\/\">nossas m\u00e1quinas<\/a> oferecem alto desempenho, pre\u00e7os competitivos e longa vida \u00fatil.<\/p>    <p>Al\u00e9m disso, oferecemos um servi\u00e7o de garantia de um ano. Sempre que voc\u00ea tiver problemas com a opera\u00e7\u00e3o ou manuten\u00e7\u00e3o das m\u00e1quinas aliment\u00edcias Taizy, deixaremos nossos engenheiros altamente qualificados resolv\u00ea-los.<\/p>    <p>Se voc\u00ea deseja comprar a m\u00e1quina de rolinho primavera online, sinta-se \u00e0 vontade para nos contatar para orienta\u00e7\u00e3o profissional de compra e uma lista de pre\u00e7os detalhada. <\/p>    <figure class=\"wp-block-image size-full\"><img loading=\"lazy\" decoding=\"async\" width=\"813\" height=\"609\" src=\"https:\/\/topfoodmachine.com\/wp-content\/uploads\/2022\/07\/spring-roll-machine-shipping.jpg\" alt=\"envio da m\u00e1quina de rolinhos primavera\" class=\"wp-image-170\" srcset=\"https:\/\/topfoodmachine.com\/wp-content\/uploads\/2022\/07\/spring-roll-machine-shipping.jpg 813w, https:\/\/topfoodmachine.com\/wp-content\/uploads\/2022\/07\/spring-roll-machine-shipping-300x225.jpg 300w, https:\/\/topfoodmachine.com\/wp-content\/uploads\/2022\/07\/spring-roll-machine-shipping-768x575.jpg 768w\" sizes=\"auto, (max-width: 813px) 100vw, 813px\" \/><figcaption class=\"wp-element-caption\">envio da m\u00e1quina de rolinhos primavera<\/figcaption><\/figure>","protected":false},"excerpt":{"rendered":"<p>A M\u00e1quina de Rolinho Primavera pode produzir v\u00e1rios tipos de massa em folha, incluindo envolt\u00f3rios de rolinho primavera, panquecas francesas, bolos de ovo e panquecas de pato de Pequim. <\/p>","protected":false},"author":1,"featured_media":162,"parent":0,"template":"","tags":[17],"product-type":[6],"class_list":["post-11","product","type-product","status-publish","has-post-thumbnail","hentry","tag-pastry-production-machine","product-type-pastry-production-machine"],"_links":{"self":[{"href":"https:\/\/topfoodmachine.com\/pt\/wp-json\/wp\/v2\/product\/11","targetHints":{"allow":["GET"]}}],"collection":[{"href":"https:\/\/topfoodmachine.com\/pt\/wp-json\/wp\/v2\/product"}],"about":[{"href":"https:\/\/topfoodmachine.com\/pt\/wp-json\/wp\/v2\/types\/product"}],"author":[{"embeddable":true,"href":"https:\/\/topfoodmachine.com\/pt\/wp-json\/wp\/v2\/users\/1"}],"wp:featuredmedia":[{"embeddable":true,"href":"https:\/\/topfoodmachine.com\/pt\/wp-json\/wp\/v2\/media\/162"}],"wp:attachment":[{"href":"https:\/\/topfoodmachine.com\/pt\/wp-json\/wp\/v2\/media?parent=11"}],"wp:term":[{"taxonomy":"post_tag","embeddable":true,"href":"https:\/\/topfoodmachine.com\/pt\/wp-json\/wp\/v2\/tags?post=11"},{"taxonomy":"product-type","embeddable":true,"href":"https:\/\/topfoodmachine.com\/pt\/wp-json\/wp\/v2\/product-type?post=11"}],"curies":[{"name":"wp","href":"https:\/\/api.w.org\/{rel}","templated":true}]}}