{"id":1097,"date":"2023-12-21T15:08:25","date_gmt":"2023-12-21T07:08:25","guid":{"rendered":"https:\/\/topfoodmachine.com\/?post_type=product&#038;p=1097"},"modified":"2025-08-12T18:02:29","modified_gmt":"2025-08-12T10:02:29","slug":"chicken-feet-processing-line","status":"publish","type":"product","link":"https:\/\/topfoodmachine.com\/pt\/product\/chicken-feet-processing-line\/","title":{"rendered":"Linha de processamento de p\u00e9s de frango"},"content":{"rendered":"<div class=\"kk-star-ratings kksr-auto kksr-align-left kksr-valign-top\"     data-payload='{&quot;align&quot;:&quot;left&quot;,&quot;id&quot;:&quot;1097&quot;,&quot;slug&quot;:&quot;default&quot;,&quot;valign&quot;:&quot;top&quot;,&quot;ignore&quot;:&quot;&quot;,&quot;reference&quot;:&quot;auto&quot;,&quot;class&quot;:&quot;&quot;,&quot;count&quot;:&quot;5&quot;,&quot;legendonly&quot;:&quot;&quot;,&quot;readonly&quot;:&quot;&quot;,&quot;score&quot;:&quot;4.8&quot;,&quot;starsonly&quot;:&quot;&quot;,&quot;best&quot;:&quot;5&quot;,&quot;gap&quot;:&quot;5&quot;,&quot;greet&quot;:&quot;Rate this product&quot;,&quot;legend&quot;:&quot;4.8\\\/5 - (5 votes)&quot;,&quot;size&quot;:&quot;24&quot;,&quot;title&quot;:&quot;Chicken feet processing line&quot;,&quot;width&quot;:&quot;136.7&quot;,&quot;_legend&quot;:&quot;{score}\\\/{best} - ({count} {votes})&quot;,&quot;font_factor&quot;:&quot;1.25&quot;}'>              <div class=\"kksr-stars\">      <div class=\"kksr-stars-inactive\">             <div class=\"kksr-star\" data-star=\"1\" style=\"padding-right: 5px\">               <div class=\"kksr-icon\" style=\"width: 24px; height: 24px;\"><\/div>         <\/div>             <div class=\"kksr-star\" data-star=\"2\" style=\"padding-right: 5px\">               <div class=\"kksr-icon\" style=\"width: 24px; height: 24px;\"><\/div>         <\/div>             <div class=\"kksr-star\" data-star=\"3\" style=\"padding-right: 5px\">               <div class=\"kksr-icon\" style=\"width: 24px; height: 24px;\"><\/div>         <\/div>             <div class=\"kksr-star\" data-star=\"4\" style=\"padding-right: 5px\">               <div class=\"kksr-icon\" style=\"width: 24px; height: 24px;\"><\/div>         <\/div>             <div class=\"kksr-star\" data-star=\"5\" style=\"padding-right: 5px\">               <div class=\"kksr-icon\" style=\"width: 24px; height: 24px;\"><\/div>         <\/div>     <\/div>      <div class=\"kksr-stars-active\" style=\"width: 136.7px;\">             <div class=\"kksr-star\" style=\"padding-right: 5px\">               <div class=\"kksr-icon\" style=\"width: 24px; height: 24px;\"><\/div>         <\/div>             <div class=\"kksr-star\" style=\"padding-right: 5px\">               <div class=\"kksr-icon\" style=\"width: 24px; height: 24px;\"><\/div>         <\/div>             <div class=\"kksr-star\" style=\"padding-right: 5px\">               <div class=\"kksr-icon\" style=\"width: 24px; height: 24px;\"><\/div>         <\/div>             <div class=\"kksr-star\" style=\"padding-right: 5px\">               <div class=\"kksr-icon\" style=\"width: 24px; height: 24px;\"><\/div>         <\/div>             <div class=\"kksr-star\" style=\"padding-right: 5px\">               <div class=\"kksr-icon\" style=\"width: 24px; height: 24px;\"><\/div>         <\/div>     <\/div> <\/div>                   <div class=\"kksr-legend\" style=\"font-size: 19.2px;\">             4,8\/5 - (5 votos)    <\/div>     <\/div>  <p class=\"translation-block\"><strong>Linha de Processamento de P\u00e9s de Frango<\/strong> com capacidade de 2t\/h oferece uma solu\u00e7\u00e3o eficiente e de alta qualidade para transformar p\u00e9s de frango crus em ingredientes culin\u00e1rios premium. <\/p>    <p>O processo inclui etapas-chave, como branqueamento, descascamento, limpeza e corte, cada uma otimizada para manter a higiene, textura e qualidade geral do produto.<\/p>    <p>Essa integra\u00e7\u00e3o perfeita ajuda a atender padr\u00f5es rigorosos, permitindo que os clientes ofere\u00e7am produtos de p\u00e9s de frango confi\u00e1veis, seguros e deliciosos a cada vez.<\/p>    <figure class=\"wp-block-embed is-type-video is-provider-youtube wp-block-embed-youtube wp-embed-aspect-16-9 wp-has-aspect-ratio\"><div class=\"wp-block-embed__wrapper\"> <iframe loading=\"lazy\" title=\"Higiene em Primeiro Lugar: Como Nossa Linha de Processamento de P\u00e9s de Frango Garante Produtos de Alta Qualidade #foodmachine\" width=\"500\" height=\"281\" src=\"https:\/\/www.youtube.com\/embed\/W9vggItIpS4?start=4&#038;feature=oembed\" frameborder=\"0\" allow=\"accelerometer; autoplay; clipboard-write; encrypted-media; gyroscope; picture-in-picture; web-share\" referrerpolicy=\"strict-origin-when-cross-origin\" allowfullscreen><\/iframe> <\/div><figcaption class=\"wp-element-caption\">V\u00eddeo de trabalho da linha de processamento de p\u00e9s de frango<\/figcaption><\/figure>    <h2 class=\"wp-block-heading\">Aplica\u00e7\u00e3o da linha de processamento de p\u00e9s de frango<\/h2>    <p class=\"translation-block\">A <strong>linha de processamento de p\u00e9s de frango<\/strong> \u00e9 amplamente aplic\u00e1vel em v\u00e1rios setores de processamento de aves e fabrica\u00e7\u00e3o de alimentos. Ela \u00e9 projetada para lidar n\u00e3o apenas com p\u00e9s de frango, mas tamb\u00e9m com outros subprodutos de aves, como p\u00e9s de pato e itens semelhantes, tornando-se uma solu\u00e7\u00e3o vers\u00e1til para diversas necessidades de produ\u00e7\u00e3o. <\/p>    <p>Esta linha de produ\u00e7\u00e3o \u00e9 ideal para f\u00e1bricas de alimentos congelados, produtores de refei\u00e7\u00f5es prontas, plantas de processamento de carne e empresas orientadas para a exporta\u00e7\u00e3o que buscam qualidade consistente e alta efici\u00eancia. Seja para mercados dom\u00e9sticos ou com\u00e9rcio internacional, a linha de processamento de p\u00e9s de frango garante uma produ\u00e7\u00e3o higi\u00eanica, padronizada e escal\u00e1vel para atender \u00e0s diferentes demandas do mercado.<\/p>    <figure class=\"wp-block-image size-full\"><img loading=\"lazy\" decoding=\"async\" width=\"720\" height=\"540\" src=\"https:\/\/topfoodmachine.com\/wp-content\/uploads\/2023\/12\/chicken-feet-processing.webp\" alt=\"processamento de p\u00e9s de frango\" class=\"wp-image-1725\" srcset=\"https:\/\/topfoodmachine.com\/wp-content\/uploads\/2023\/12\/chicken-feet-processing.webp 720w, https:\/\/topfoodmachine.com\/wp-content\/uploads\/2023\/12\/chicken-feet-processing-300x225.webp 300w, https:\/\/topfoodmachine.com\/wp-content\/uploads\/2023\/12\/chicken-feet-processing-16x12.webp 16w\" sizes=\"auto, (max-width: 720px) 100vw, 720px\" \/><figcaption class=\"wp-element-caption\">processamento de p\u00e9s de frango<\/figcaption><\/figure>    <h2 class=\"wp-block-heading\">Principais componentes da linha de processamento de p\u00e9s de frango<\/h2>    <h3 class=\"wp-block-heading\">1. M\u00e1quina para escaldar p\u00e9s de frango<\/h3>    <div class=\"wp-block-media-text is-stacked-on-mobile\"><figure class=\"wp-block-media-text__media\"><img loading=\"lazy\" decoding=\"async\" width=\"720\" height=\"540\" src=\"https:\/\/topfoodmachine.com\/wp-content\/uploads\/2023\/12\/Chicken-feet-scalding-machine.webp\" alt=\"M\u00e1quina de escaldar p\u00e9s de frango\" class=\"wp-image-1099 size-full\" srcset=\"https:\/\/topfoodmachine.com\/wp-content\/uploads\/2023\/12\/Chicken-feet-scalding-machine.webp 720w, https:\/\/topfoodmachine.com\/wp-content\/uploads\/2023\/12\/Chicken-feet-scalding-machine-300x225.webp 300w\" sizes=\"auto, (max-width: 720px) 100vw, 720px\" \/><\/figure><div class=\"wp-block-media-text__content\"> <ul class=\"wp-block-list\"> <li>Opera com aquecimento por tubo de vapor e inclui controle autom\u00e1tico de temperatura<\/li>    <li>Prepara os p\u00e9s de frango cozinhando levemente para resultados de descascamento mais limpos<\/li>    <li>Mant\u00e9m a temperatura de branqueamento entre 65-70\u00b0C para desempenho ideal<\/li>    <li>Aquecimento indireto de \u00e1gua atrav\u00e9s de um sistema de caldeira a vapor, evitando o consumo direto de \u00e1gua quente<\/li>    <li>Constru\u00eddo em a\u00e7o inoxid\u00e1vel para durabilidade a longo prazo e resist\u00eancia \u00e0 ferrugem e exposi\u00e7\u00e3o \u00e0 \u00e1gua<\/li> <\/ul> <\/div><\/div>    <figure class=\"wp-block-table\"><table><tbody><tr><td>Tamanho<\/td><td>Peso<\/td><td>Capacidade<\/td><td>Tens\u00e3o<\/td><td>Poder<\/td><\/tr><tr><td>4000*1250*1300mm<\/td><td>850kg<\/td><td>1000kg\/hora<\/td><td>380 V, 50 Hz<\/td><td>90 kW<\/td><\/tr><\/tbody><\/table><figcaption class=\"wp-element-caption\">Par\u00e2metros da m\u00e1quina de escaldar p\u00e9s de frango<\/figcaption><\/figure>    <h3 class=\"wp-block-heading\">2. M\u00e1quina descascadora de p\u00e9s de frango<\/h3>    <div class=\"wp-block-media-text has-media-on-the-right is-stacked-on-mobile\"><div class=\"wp-block-media-text__content\"> <ul class=\"wp-block-list\"> <li><strong>A\u00e7\u00e3o do fuso<\/strong>A rota\u00e7\u00e3o r\u00e1pida do fuso impulsiona as hastes de cola a se mover e empurrar os p\u00e9s de frango para frente.<\/li>    <li><strong>For\u00e7a reversa<\/strong>O movimento espiral do fuso interage com os sulcos do tambor para criar for\u00e7a de descascamento.<\/li>    <li><strong>Descascamento seguro<\/strong>Remove a pele de forma eficiente sem danificar os p\u00e9s de frango.<\/li>    <li><strong>Descarte autom\u00e1tico<\/strong>A pele descascada sai pela parte inferior da m\u00e1quina.<\/li> <\/ul> <\/div><figure class=\"wp-block-media-text__media\"><img loading=\"lazy\" decoding=\"async\" width=\"720\" height=\"540\" src=\"https:\/\/topfoodmachine.com\/wp-content\/uploads\/2023\/12\/Chicken-feet-peeling-machine.webp\" alt=\"M\u00e1quina descascadora de p\u00e9s de frango\" class=\"wp-image-1100 size-full\" srcset=\"https:\/\/topfoodmachine.com\/wp-content\/uploads\/2023\/12\/Chicken-feet-peeling-machine.webp 720w, https:\/\/topfoodmachine.com\/wp-content\/uploads\/2023\/12\/Chicken-feet-peeling-machine-300x225.webp 300w\" sizes=\"auto, (max-width: 720px) 100vw, 720px\" \/><\/figure><\/div>    <p>A m\u00e1quina descascadora \u00e9 um componente cr\u00edtico projetado para remover automaticamente a pele amarela dos p\u00e9s de frango. O recurso de controle de convers\u00e3o de frequ\u00eancia adiciona precis\u00e3o ao processo de descascamento, permitindo opera\u00e7\u00f5es adapt\u00e1veis \u200b\u200be eficientes.<\/p>    <figure class=\"wp-block-table\"><table><tbody><tr><td>Tamanho<\/td><td>Peso<\/td><td>Tens\u00e3o<\/td><td>Poder<\/td><\/tr><tr><td>3000*900*1300mm<\/td><td>400kg<\/td><td>380 V, 50 Hz<\/td><td>7,5 kW<\/td><\/tr><\/tbody><\/table><figcaption class=\"wp-element-caption\">Par\u00e2metros da m\u00e1quina de descascar p\u00e9s de frango<\/figcaption><\/figure>    <h3 class=\"wp-block-heading\">3. M\u00e1quina de pr\u00e9-lavagem<\/h3>    <div class=\"wp-block-media-text is-stacked-on-mobile\"><figure class=\"wp-block-media-text__media\"><img loading=\"lazy\" decoding=\"async\" width=\"720\" height=\"540\" src=\"https:\/\/topfoodmachine.com\/wp-content\/uploads\/2023\/12\/Pre-washing-machine.webp\" alt=\"M\u00e1quina de pr\u00e9-lavagem\" class=\"wp-image-1101 size-full\" srcset=\"https:\/\/topfoodmachine.com\/wp-content\/uploads\/2023\/12\/Pre-washing-machine.webp 720w, https:\/\/topfoodmachine.com\/wp-content\/uploads\/2023\/12\/Pre-washing-machine-300x225.webp 300w\" sizes=\"auto, (max-width: 720px) 100vw, 720px\" \/><\/figure><div class=\"wp-block-media-text__content\"> <ul class=\"wp-block-list\"> <li><strong>Remo\u00e7\u00e3o de impurezas<\/strong>Remove efetivamente sujeira, detritos e outras impurezas, garantindo um produto mais limpo.<\/li>    <li><strong>Aprimoramento da higiene<\/strong>Melhora a qualidade geral da higiene, preparando os p\u00e9s de frango para processamento posterior.<\/li>    <li><strong>Seguran\u00e7a do produto final<\/strong>Garante que os p\u00e9s de frango estejam livres de contaminantes, contribuindo para um produto final seguro e confi\u00e1vel.<\/li> <\/ul> <\/div><\/div>    <figure class=\"wp-block-table\"><table><tbody><tr><td>Tamanho<\/td><td>Peso<\/td><td>Tens\u00e3o<\/td><td>Poder<\/td><\/tr><tr><td>4000*1280*1300mm<\/td><td>860kg<\/td><td>380 V, 50 Hz<\/td><td>3,7 kW<\/td><\/tr><\/tbody><\/table><figcaption class=\"wp-element-caption\">Par\u00e2metros da m\u00e1quina de pr\u00e9-lavagem<\/figcaption><\/figure>    <h3 class=\"wp-block-heading\">4. <strong>M\u00e1quina de corte de p\u00e9s de frango<\/strong><\/h3>    <div class=\"wp-block-media-text has-media-on-the-right is-stacked-on-mobile\"><div class=\"wp-block-media-text__content\"> <ul class=\"wp-block-list\"> <li><strong>Moldagem do produto<\/strong>Molda os p\u00e9s de frango para as especifica\u00e7\u00f5es de mercado.<\/li>    <li><strong>Corrente transportadora<\/strong>Corrente transportadora especial garante movimento suave durante o processo de corte.<\/li>    <li><strong>L\u00e2minas divididas<\/strong>Duas l\u00e2minas divididas aumentam a precis\u00e3o e efici\u00eancia do corte.<\/li>    <li><strong>Cortes precisos<\/strong>. Garante cortes limpos e precisos para uma qualidade de produto consistente.<\/li>    <li><strong>Design dur\u00e1vel<\/strong>. Constru\u00eddo para processamento de alto volume e longa dura\u00e7\u00e3o.<\/li> <\/ul> <\/div><figure class=\"wp-block-media-text__media\"><img loading=\"lazy\" decoding=\"async\" width=\"720\" height=\"540\" src=\"https:\/\/topfoodmachine.com\/wp-content\/uploads\/2023\/12\/Chicken-feet-cutting-machine.webp\" alt=\"M\u00e1quina de corte de p\u00e9s de frango\" class=\"wp-image-1102 size-full\" srcset=\"https:\/\/topfoodmachine.com\/wp-content\/uploads\/2023\/12\/Chicken-feet-cutting-machine.webp 720w, https:\/\/topfoodmachine.com\/wp-content\/uploads\/2023\/12\/Chicken-feet-cutting-machine-300x225.webp 300w\" sizes=\"auto, (max-width: 720px) 100vw, 720px\" \/><\/figure><\/div>    <figure class=\"wp-block-table\"><table><tbody><tr><td>Tamanho<\/td><td>Peso<\/td><td>Tens\u00e3o<\/td><td>Poder<\/td><\/tr><tr><td>2500*1300*950mm<\/td><td>560kg<\/td><td>380 V, 50 Hz<\/td><td>3 kW<\/td><\/tr><\/tbody><\/table><figcaption class=\"wp-element-caption\">Par\u00e2metros da m\u00e1quina de cortar p\u00e9s de frango<\/figcaption><\/figure>    <h2 class=\"wp-block-heading\">Principais benef\u00edcios da linha de processamento de p\u00e9s de frango<\/h2>    <ul class=\"wp-block-list\"> <li>A opera\u00e7\u00e3o totalmente automatizada reduz o trabalho manual e aumenta a efici\u00eancia da produ\u00e7\u00e3o.<\/li>    <li>Feito de a\u00e7o inoxid\u00e1vel de grau alimentar, garantindo higiene e durabilidade.<\/li>    <li>Design f\u00e1cil de limpar que atende a rigorosos padr\u00f5es de seguran\u00e7a alimentar.<\/li>    <li>Sistemas de controle avan\u00e7ados garantem qualidade consistente do produto.<\/li>    <li>Capacidade e layout personaliz\u00e1veis para se adequar a diferentes necessidades de produ\u00e7\u00e3o.<\/li>    <li>Capacidade de processamento vers\u00e1til para p\u00e9s de frango e outros subprodutos de aves.<\/li> <\/ul>    <figure class=\"wp-block-image size-full\"><img loading=\"lazy\" decoding=\"async\" width=\"720\" height=\"540\" src=\"https:\/\/topfoodmachine.com\/wp-content\/uploads\/2023\/12\/Chicken-feet-processing-line-1.webp\" alt=\"Linha de processamento de p\u00e9s de frango\" class=\"wp-image-1106\" srcset=\"https:\/\/topfoodmachine.com\/wp-content\/uploads\/2023\/12\/Chicken-feet-processing-line-1.webp 720w, https:\/\/topfoodmachine.com\/wp-content\/uploads\/2023\/12\/Chicken-feet-processing-line-1-300x225.webp 300w\" sizes=\"auto, (max-width: 720px) 100vw, 720px\" \/><figcaption class=\"wp-element-caption\">Linha de processamento de p\u00e9s de frango<\/figcaption><\/figure>    <h2 class=\"wp-block-heading\">Equipamento de apoio da linha de processamento de p\u00e9s de frango<\/h2>    <h3 class=\"wp-block-heading\">1. <strong>M\u00e1quina de abrir garras de frango<\/strong><\/h3>    <div class=\"wp-block-media-text is-stacked-on-mobile\"><figure class=\"wp-block-media-text__media\"><img loading=\"lazy\" decoding=\"async\" width=\"720\" height=\"540\" src=\"https:\/\/topfoodmachine.com\/wp-content\/uploads\/2023\/12\/Chicken-Claw-Opening-Machine.webp\" alt=\"M\u00e1quina de abertura de garra de frango\" class=\"wp-image-1103 size-full\" srcset=\"https:\/\/topfoodmachine.com\/wp-content\/uploads\/2023\/12\/Chicken-Claw-Opening-Machine.webp 720w, https:\/\/topfoodmachine.com\/wp-content\/uploads\/2023\/12\/Chicken-Claw-Opening-Machine-300x225.webp 300w\" sizes=\"auto, (max-width: 720px) 100vw, 720px\" \/><\/figure><div class=\"wp-block-media-text__content\"> <ul class=\"wp-block-list\"> <li><strong>Abertura de garras<\/strong>. Projetado para abrir as garras de frango para processamento adicional.<\/li>    <li><strong>Melhoria da textura<\/strong>. Melhora a textura das garras, tornando-as mais receptivas ao tempero.<\/li>    <li><strong>Tempero melhorado<\/strong>. Permite melhor absor\u00e7\u00e3o de temperos, garantindo um produto final mais saboroso.<\/li> <\/ul> <\/div><\/div>    <h3 class=\"wp-block-heading\">2. <strong>M\u00e1quina de desossa de garra de frango<\/strong><\/h3>    <div class=\"wp-block-media-text has-media-on-the-right is-stacked-on-mobile\"><div class=\"wp-block-media-text__content\"> <ul class=\"wp-block-list\"> <li><strong>Desossa autom\u00e1tica<\/strong>. Remove eficientemente os ossos das garras de frango durante o processamento.<\/li>    <li><strong>Produto vers\u00e1til<\/strong>. Prepara garras de frango para v\u00e1rios m\u00e9todos de cozimento, como ensopado ou grelhado.<\/li>    <li><strong>Usabilidade aprimorada<\/strong>. Torna o produto mais adequado para uma ampla gama de aplica\u00e7\u00f5es culin\u00e1rias.<\/li> <\/ul> <\/div><figure class=\"wp-block-media-text__media\"><img loading=\"lazy\" decoding=\"async\" width=\"720\" height=\"540\" src=\"https:\/\/topfoodmachine.com\/wp-content\/uploads\/2023\/12\/Chicken-Claw-Deboning-Machine.webp\" alt=\"M\u00e1quina de desossa de garra de frango\" class=\"wp-image-1104 size-full\" srcset=\"https:\/\/topfoodmachine.com\/wp-content\/uploads\/2023\/12\/Chicken-Claw-Deboning-Machine.webp 720w, https:\/\/topfoodmachine.com\/wp-content\/uploads\/2023\/12\/Chicken-Claw-Deboning-Machine-300x225.webp 300w\" sizes=\"auto, (max-width: 720px) 100vw, 720px\" \/><\/figure><\/div>    <h3 class=\"wp-block-heading\">3. <strong>M\u00e1quina de congelamento<\/strong><\/h3>    <div class=\"wp-block-media-text is-stacked-on-mobile\"><figure class=\"wp-block-media-text__media\"><img loading=\"lazy\" decoding=\"async\" width=\"720\" height=\"540\" src=\"https:\/\/topfoodmachine.com\/wp-content\/uploads\/2023\/12\/Freezer.webp\" alt=\"Congelador\" class=\"wp-image-1105 size-full\" srcset=\"https:\/\/topfoodmachine.com\/wp-content\/uploads\/2023\/12\/Freezer.webp 720w, https:\/\/topfoodmachine.com\/wp-content\/uploads\/2023\/12\/Freezer-300x225.webp 300w\" sizes=\"auto, (max-width: 720px) 100vw, 720px\" \/><\/figure><div class=\"wp-block-media-text__content\"> <ul class=\"wp-block-list\"> <li><strong>Congelamento r\u00e1pido<\/strong>. Congela rapidamente as garras de frango processadas para preservar a frescura.<\/li>    <li><strong>Vida \u00fatil prolongada<\/strong>. Ajuda a manter a qualidade do produto por um armazenamento e transporte mais longos.<\/li>    <li><strong>Preserva\u00e7\u00e3o da qualidade<\/strong>. Crucial para preservar a textura, sabor e qualidade geral durante o armazenamento a longo prazo.<\/li> <\/ul> <\/div><\/div>    <p>Integrar essas tr\u00eas m\u00e1quinas na linha de processamento de p\u00e9s de frango aumenta a efici\u00eancia geral e garante que os produtos finais de garras de frango atendam aos padr\u00f5es do mercado. Essa combina\u00e7\u00e3o de componentes-chave melhora a versatilidade, atendendo \u00e0s necessidades espec\u00edficas de cozimento de v\u00e1rias cozinhas e estabelecimentos de alimenta\u00e7\u00e3o.<\/p>    <p>Com essas m\u00e1quinas essenciais, a linha de produ\u00e7\u00e3o atende efetivamente \u00e0s diversas demandas do mercado, entregando produtos de garras de frango de alta qualidade para satisfazer as necessidades dos clientes.<\/p>    <h2 class=\"wp-block-heading\">Conclus\u00e3o<\/h2>    <p class=\"translation-block\">Nossa <a href=\"https:\/\/en.wikipedia.org\/wiki\/Chicken_feet\" data-type=\"link\" data-id=\"https:\/\/en.wikipedia.org\/wiki\/Chicken_feet\" target=\"_blank\" rel=\"noopener\">linha de processamento de p\u00e9s de frango<\/a> garante alta efici\u00eancia, produtos de alta qualidade e versatilidade para atender \u00e0s diversas demandas do mercado.<\/p>    <p>N\u00e3o perca a oportunidade de aprimorar sua produ\u00e7\u00e3o com nossas m\u00e1quinas confi\u00e1veis e dur\u00e1veis. Para mais detalhes ou para solicitar um or\u00e7amento, sinta-se \u00e0 vontade para nos contatar hoje.<\/p>    <p class=\"translation-block\">Al\u00e9m disso, oferecemos uma ampla gama de <a href=\"https:\/\/topfoodmachine.com\/pt\/products\/egg-meat-processing-machine\/\" data-type=\"link\" data-id=\"https:\/\/topfoodmachine.com\/products\/egg-meat-processing-machine\/\">equipamentos de processamento de carne<\/a> adaptados \u00e0s suas necessidades. Explore nossa linha completa e escolha as solu\u00e7\u00f5es perfeitas para o seu neg\u00f3cio!<\/p>","protected":false},"excerpt":{"rendered":"<p>Linha de Processamento de P\u00e9s de Frango com capacidade de 2t\/h oferece uma solu\u00e7\u00e3o eficiente e de alta qualidade para transformar p\u00e9s de frango crus em ingredientes culin\u00e1rios premium.<\/p>","protected":false},"author":1,"featured_media":1098,"parent":0,"template":"","tags":[100,99],"product-type":[7],"class_list":["post-1097","product","type-product","status-publish","has-post-thumbnail","hentry","tag-chicken","tag-chicken-feet-processing-line","product-type-egg-meat-processing-machine"],"_links":{"self":[{"href":"https:\/\/topfoodmachine.com\/pt\/wp-json\/wp\/v2\/product\/1097","targetHints":{"allow":["GET"]}}],"collection":[{"href":"https:\/\/topfoodmachine.com\/pt\/wp-json\/wp\/v2\/product"}],"about":[{"href":"https:\/\/topfoodmachine.com\/pt\/wp-json\/wp\/v2\/types\/product"}],"author":[{"embeddable":true,"href":"https:\/\/topfoodmachine.com\/pt\/wp-json\/wp\/v2\/users\/1"}],"wp:featuredmedia":[{"embeddable":true,"href":"https:\/\/topfoodmachine.com\/pt\/wp-json\/wp\/v2\/media\/1098"}],"wp:attachment":[{"href":"https:\/\/topfoodmachine.com\/pt\/wp-json\/wp\/v2\/media?parent=1097"}],"wp:term":[{"taxonomy":"post_tag","embeddable":true,"href":"https:\/\/topfoodmachine.com\/pt\/wp-json\/wp\/v2\/tags?post=1097"},{"taxonomy":"product-type","embeddable":true,"href":"https:\/\/topfoodmachine.com\/pt\/wp-json\/wp\/v2\/product-type?post=1097"}],"curies":[{"name":"wp","href":"https:\/\/api.w.org\/{rel}","templated":true}]}}