{"id":1081,"date":"2023-12-18T10:49:59","date_gmt":"2023-12-18T02:49:59","guid":{"rendered":"https:\/\/topfoodmachine.com\/?post_type=product&#038;p=1081"},"modified":"2025-07-22T18:29:01","modified_gmt":"2025-07-22T10:29:01","slug":"steam-jacketed-kettle","status":"publish","type":"product","link":"https:\/\/topfoodmachine.com\/pt\/product\/steam-jacketed-kettle\/","title":{"rendered":"Chaleira com camisa de vapor"},"content":{"rendered":"<div class=\"kk-star-ratings kksr-auto kksr-align-left kksr-valign-top\"     data-payload='{&quot;align&quot;:&quot;left&quot;,&quot;id&quot;:&quot;1081&quot;,&quot;slug&quot;:&quot;default&quot;,&quot;valign&quot;:&quot;top&quot;,&quot;ignore&quot;:&quot;&quot;,&quot;reference&quot;:&quot;auto&quot;,&quot;class&quot;:&quot;&quot;,&quot;count&quot;:&quot;22&quot;,&quot;legendonly&quot;:&quot;&quot;,&quot;readonly&quot;:&quot;&quot;,&quot;score&quot;:&quot;4.8&quot;,&quot;starsonly&quot;:&quot;&quot;,&quot;best&quot;:&quot;5&quot;,&quot;gap&quot;:&quot;5&quot;,&quot;greet&quot;:&quot;Rate this product&quot;,&quot;legend&quot;:&quot;4.8\\\/5 - (22 votes)&quot;,&quot;size&quot;:&quot;24&quot;,&quot;title&quot;:&quot;Steam jacketed kettle&quot;,&quot;width&quot;:&quot;136.7&quot;,&quot;_legend&quot;:&quot;{score}\\\/{best} - ({count} {votes})&quot;,&quot;font_factor&quot;:&quot;1.25&quot;}'>              <div class=\"kksr-stars\">      <div class=\"kksr-stars-inactive\">             <div class=\"kksr-star\" data-star=\"1\" style=\"padding-right: 5px\">               <div class=\"kksr-icon\" style=\"width: 24px; height: 24px;\"><\/div>         <\/div>             <div class=\"kksr-star\" data-star=\"2\" style=\"padding-right: 5px\">               <div class=\"kksr-icon\" style=\"width: 24px; height: 24px;\"><\/div>         <\/div>             <div class=\"kksr-star\" data-star=\"3\" style=\"padding-right: 5px\">               <div class=\"kksr-icon\" style=\"width: 24px; height: 24px;\"><\/div>         <\/div>             <div class=\"kksr-star\" data-star=\"4\" style=\"padding-right: 5px\">               <div class=\"kksr-icon\" style=\"width: 24px; height: 24px;\"><\/div>         <\/div>             <div class=\"kksr-star\" data-star=\"5\" style=\"padding-right: 5px\">               <div class=\"kksr-icon\" style=\"width: 24px; height: 24px;\"><\/div>         <\/div>     <\/div>      <div class=\"kksr-stars-active\" style=\"width: 136.7px;\">             <div class=\"kksr-star\" style=\"padding-right: 5px\">               <div class=\"kksr-icon\" style=\"width: 24px; height: 24px;\"><\/div>         <\/div>             <div class=\"kksr-star\" style=\"padding-right: 5px\">               <div class=\"kksr-icon\" style=\"width: 24px; height: 24px;\"><\/div>         <\/div>             <div class=\"kksr-star\" style=\"padding-right: 5px\">               <div class=\"kksr-icon\" style=\"width: 24px; height: 24px;\"><\/div>         <\/div>             <div class=\"kksr-star\" style=\"padding-right: 5px\">               <div class=\"kksr-icon\" style=\"width: 24px; height: 24px;\"><\/div>         <\/div>             <div class=\"kksr-star\" style=\"padding-right: 5px\">               <div class=\"kksr-icon\" style=\"width: 24px; height: 24px;\"><\/div>         <\/div>     <\/div> <\/div>                   <div class=\"kksr-legend\" style=\"font-size: 19.2px;\">             4,8\/5 - (22 votos)    <\/div>     <\/div>  <p class=\"translation-block\">A <strong>panela com jaqueta a vapor<\/strong> \u00e9 amplamente utilizada nas ind\u00fastrias de processamento de alimentos para fazer mingau, molhos, sopas e ensopados. <\/p>    <p>Apresenta uma estrutura de dupla camada, onde o vapor circula atrav\u00e9s da jaqueta externa para aquecer uniformemente a c\u00e2mara interna. Este design garante um aquecimento r\u00e1pido e uniforme, reduz o tempo de cozedura e permite um controlo preciso da temperatura.<\/p>    <p class=\"translation-block\">Com capacidades variando de <strong>50L a 500L<\/strong>, a panela com jaqueta a vapor \u00e9 uma solu\u00e7\u00e3o confi\u00e1vel para cozinhas comerciais e f\u00e1bricas de alimentos que buscam melhorar a efici\u00eancia do cozimento e a consist\u00eancia do produto.<\/p>    <figure class=\"wp-block-embed is-type-video is-provider-youtube wp-block-embed-youtube wp-embed-aspect-4-3 wp-has-aspect-ratio\"><div class=\"wp-block-embed__wrapper\"> <iframe loading=\"lazy\" title=\"Caldeira com Jaqueta de Vapor Autom\u00e1tica | Economize Tempo e Cozinhe Uniformemente #processamentodealimentos #maquinadealimentos\" width=\"500\" height=\"375\" src=\"https:\/\/www.youtube.com\/embed\/CJsAKWbmdas?feature=oembed\" frameborder=\"0\" allow=\"accelerometer; autoplay; clipboard-write; encrypted-media; gyroscope; picture-in-picture; web-share\" referrerpolicy=\"strict-origin-when-cross-origin\" allowfullscreen><\/iframe> <\/div><figcaption class=\"wp-element-caption\">V\u00eddeo de funcionamento da panela com jaqueta de vapor<\/figcaption><\/figure>    <h2 class=\"wp-block-heading\">Vendo chaleira com camisa a vapor<\/h2>    <p>Com v\u00e1rios anos de experi\u00eancia no desenvolvimento e vendas de caldeiras com jaqueta de vapor, a nossa empresa oferece uma ampla gama de modelos para atender a diversas necessidades de processamento. Estas caldeiras podem ser classificadas com base em v\u00e1rios crit\u00e9rios:<\/p>    <div class=\"wp-block-media-text has-media-on-the-right is-stacked-on-mobile\"><div class=\"wp-block-media-text__content\"> <ul class=\"wp-block-list\"> <li><strong>Estrutura:<\/strong> caldeira com jaqueta inclin\u00e1vel e caldeira com jaqueta vertical (fixa).<\/li>    <li><strong>M\u00e9todo de aquecimento:<\/strong> aquecimento a vapor, aquecimento el\u00e9trico, aquecimento a g\u00e1s e aquecimento eletromagn\u00e9tico.<\/li>    <li><strong>Funcionalidade de mistura:<\/strong> com ou sem equipamento de mistura.<\/li>    <li><strong>Design da tampa e veda\u00e7\u00e3o:<\/strong> sem tipo de tampa, tipo de tampa plana e tipo a v\u00e1cuo.<\/li>    <li><strong>Capacidade de produ\u00e7\u00e3o:<\/strong> v\u00e1rias op\u00e7\u00f5es de sa\u00edda dispon\u00edveis para diferentes escalas de processamento.<\/li> <\/ul> <\/div><figure class=\"wp-block-media-text__media\"><img loading=\"lazy\" decoding=\"async\" width=\"720\" height=\"540\" src=\"https:\/\/topfoodmachine.com\/wp-content\/uploads\/2023\/12\/jacketed-kettle-price.webp\" alt=\"pre\u00e7o de caldeira revestida\" class=\"wp-image-1961 size-full\" srcset=\"https:\/\/topfoodmachine.com\/wp-content\/uploads\/2023\/12\/jacketed-kettle-price.webp 720w, https:\/\/topfoodmachine.com\/wp-content\/uploads\/2023\/12\/jacketed-kettle-price-300x225.webp 300w, https:\/\/topfoodmachine.com\/wp-content\/uploads\/2023\/12\/jacketed-kettle-price-16x12.webp 16w\" sizes=\"auto, (max-width: 720px) 100vw, 720px\" \/><\/figure><\/div>    <p>Voc\u00ea pode selecionar a caldeira com jaqueta a vapor mais adequada de acordo com suas necessidades espec\u00edficas de produ\u00e7\u00e3o.<\/p>    <h2 class=\"wp-block-heading\">Benef\u00edcios da panela com jaqueta de vapor<\/h2>    <div class=\"wp-block-media-text is-stacked-on-mobile\"><figure class=\"wp-block-media-text__media\"><img loading=\"lazy\" decoding=\"async\" width=\"720\" height=\"540\" src=\"https:\/\/topfoodmachine.com\/wp-content\/uploads\/2023\/12\/commercial-Steam-jacketed-kettle.webp\" alt=\"chaleira comercial com camisa a vapor\" class=\"wp-image-1083 size-full\" srcset=\"https:\/\/topfoodmachine.com\/wp-content\/uploads\/2023\/12\/commercial-Steam-jacketed-kettle.webp 720w, https:\/\/topfoodmachine.com\/wp-content\/uploads\/2023\/12\/commercial-Steam-jacketed-kettle-300x225.webp 300w\" sizes=\"auto, (max-width: 720px) 100vw, 720px\" \/><\/figure><div class=\"wp-block-media-text__content\"> <ul class=\"wp-block-list\"> <li><strong>Aquecimento uniforme com eixo de agita\u00e7\u00e3o embutido<\/strong> <ul class=\"wp-block-list\"> <li>O eixo de mistura integrado garante mistura cont\u00ednua, eliminando pontos quentes e promovendo uma distribui\u00e7\u00e3o uniforme do calor para resultados de cozimento consistentes.<\/li> <\/ul> <\/li>    <li><strong>Aquecimento eficiente na parte inferior<\/strong> <ul class=\"wp-block-list\"> <li>O design de aquecimento inferior acelera o tempo de cozimento e permite controle preciso da temperatura, aumentando a efici\u00eancia energ\u00e9tica e o desempenho geral.<\/li> <\/ul> <\/li> <\/ul> <\/div><\/div>    <div class=\"wp-block-media-text has-media-on-the-right is-stacked-on-mobile\"><div class=\"wp-block-media-text__content\"> <ul class=\"wp-block-list\"> <li><strong>Op\u00e7\u00f5es de tampa superior personaliz\u00e1veis<\/strong> <ul class=\"wp-block-list\"> <li>Oferece flexibilidade com tampas cobertas ou descobertas\u2014ideal para v\u00e1rias necessidades de cozimento, como cozimento lento, fervura ou acesso r\u00e1pido aos ingredientes.<\/li> <\/ul> <\/li>    <li><strong>Funcionalidade de inclina\u00e7\u00e3o para f\u00e1cil manuseio<\/strong> <ul class=\"wp-block-list\"> <li>O mecanismo de inclina\u00e7\u00e3o simplifica o despejo, a limpeza e a remo\u00e7\u00e3o do conte\u00fado, melhorando a seguran\u00e7a e a efici\u00eancia operacional em cozinhas movimentadas.<\/li> <\/ul> <\/li> <\/ul> <\/div><figure class=\"wp-block-media-text__media\"><img loading=\"lazy\" decoding=\"async\" width=\"720\" height=\"540\" src=\"https:\/\/topfoodmachine.com\/wp-content\/uploads\/2023\/12\/jacketed-kettle.webp\" alt=\"chaleira encamisada\" class=\"wp-image-1084 size-full\" srcset=\"https:\/\/topfoodmachine.com\/wp-content\/uploads\/2023\/12\/jacketed-kettle.webp 720w, https:\/\/topfoodmachine.com\/wp-content\/uploads\/2023\/12\/jacketed-kettle-300x225.webp 300w\" sizes=\"auto, (max-width: 720px) 100vw, 720px\" \/><\/figure><\/div>    <h2 class=\"wp-block-heading\">Aplica\u00e7\u00f5es de caldeira el\u00e9trica com jaqueta<\/h2>    <div class=\"wp-block-media-text is-stacked-on-mobile\"><figure class=\"wp-block-media-text__media\"><img loading=\"lazy\" decoding=\"async\" width=\"720\" height=\"540\" src=\"https:\/\/topfoodmachine.com\/wp-content\/uploads\/2023\/12\/sauce-1.webp\" alt=\"molho\" class=\"wp-image-1963 size-full\" srcset=\"https:\/\/topfoodmachine.com\/wp-content\/uploads\/2023\/12\/sauce-1.webp 720w, https:\/\/topfoodmachine.com\/wp-content\/uploads\/2023\/12\/sauce-1-300x225.webp 300w, https:\/\/topfoodmachine.com\/wp-content\/uploads\/2023\/12\/sauce-1-16x12.webp 16w\" sizes=\"auto, (max-width: 720px) 100vw, 720px\" \/><\/figure><div class=\"wp-block-media-text__content\"> <ul class=\"wp-block-list\"> <li><strong>Processamento de materiais de alta viscosidade<\/strong> <ul class=\"wp-block-list\"> <li>Projetada para lidar com molhos espessos como pasta de pimenta, a caldeira garante aquecimento e mistura uniformes, mantendo o sabor e a textura.<\/li> <\/ul> <\/li>    <li><strong>Prepara\u00e7\u00e3o da base para fondue<\/strong> <ul class=\"wp-block-list\"> <li>Oferece controle de temperatura preciso e agita\u00e7\u00e3o constante, garantindo uma infus\u00e3o completa dos ingredientes e uma base de hot pot rica e equilibrada.<\/li> <\/ul> <\/li>    <li><strong>Uso vers\u00e1til em cozinhas comerciais<\/strong> <ul class=\"wp-block-list\"> <li>Amplamente utilizado em hot\u00e9is, restaurantes e instala\u00e7\u00f5es de refei\u00e7\u00f5es para mingau, sopas, bolinhos, ensopados e muito mais\u2014apoiando tanto as opera\u00e7\u00f5es di\u00e1rias quanto a cozinha em grande escala.<\/li> <\/ul> <\/li> <\/ul> <\/div><\/div>    <h2 class=\"wp-block-heading\">Par\u00e2metros t\u00e9cnicos da chaleira encamisada<\/h2>    <figure class=\"wp-block-table\"><table><tbody><tr><td>Modelo<\/td><td>TZ-50<\/td><td>TZ-10<\/td><td>TZ-200<\/td><td>TZ-300<\/td><td>TZ-400<\/td><td>TZ-500<\/td><\/tr><tr><td>Tamanho (mm)<\/td><td>750*750*700<\/td><td>850*850*750<\/td><td>950*950*800<\/td><td>1050*1050*850<\/td><td>1150*1150*900<\/td><td>1250*1250*950&nbsp;<\/td><\/tr><tr><td>Poder<\/td><td>0,75 kW<\/td><td>1,1 kW<\/td><td>1,1 kW<\/td><td>1,5 kW<\/td><td>1,5 kW<\/td><td>2,2 kW<\/td><\/tr><tr><td>Capacidade<\/td><td>50L<\/td><td>100L<\/td><td>200L<\/td><td>300L<\/td><td>400L<\/td><td>500L<\/td><\/tr><tr><td>Peso<\/td><td>60kg<\/td><td>90kg<\/td><td>120kg<\/td><td>150kg<\/td><td>180kg<\/td><td>220kg<\/td><\/tr><\/tbody><\/table><figcaption class=\"wp-element-caption\">Par\u00e2metros da panela com jaqueta a vapor<\/figcaption><\/figure>    <h2 class=\"wp-block-heading\">Qual \u00e9 o pre\u00e7o da caldeira com jaqueta?<\/h2>    <p>O pre\u00e7o de uma panela encamisada depende de v\u00e1rios fatores, incluindo a capacidade da m\u00e1quina, o m\u00e9todo de aquecimento, o tipo estrutural e se inclui fun\u00e7\u00f5es de mistura ou v\u00e1cuo. Por exemplo, modelos basculantes com agita\u00e7\u00e3o automatizada e aquecimento el\u00e9trico podem custar mais do que panelas a vapor de tipo fixo b\u00e1sicas. <\/p>    <p>Al\u00e9m disso, requisitos personalizados, op\u00e7\u00f5es de materiais (como graus de a\u00e7o inoxid\u00e1vel) e acess\u00f3rios tamb\u00e9m podem influenciar o custo total. Para obter uma cota\u00e7\u00e3o precisa, \u00e9 melhor fornecer suas necessidades de produ\u00e7\u00e3o e configura\u00e7\u00e3o preferida - nossa equipe oferecer\u00e1 a solu\u00e7\u00e3o mais adequada com base em suas exig\u00eancias.<\/p>    <figure class=\"wp-block-image size-full\"><img loading=\"lazy\" decoding=\"async\" width=\"720\" height=\"540\" src=\"https:\/\/topfoodmachine.com\/wp-content\/uploads\/2023\/12\/jacketed-kettle-1.webp\" alt=\"chaleira encamisada\" class=\"wp-image-1965\" srcset=\"https:\/\/topfoodmachine.com\/wp-content\/uploads\/2023\/12\/jacketed-kettle-1.webp 720w, https:\/\/topfoodmachine.com\/wp-content\/uploads\/2023\/12\/jacketed-kettle-1-300x225.webp 300w, https:\/\/topfoodmachine.com\/wp-content\/uploads\/2023\/12\/jacketed-kettle-1-16x12.webp 16w\" sizes=\"auto, (max-width: 720px) 100vw, 720px\" \/><figcaption class=\"wp-element-caption\">chaleira encamisada<\/figcaption><\/figure>    <h2 class=\"wp-block-heading\">Perguntas frequentes sobre caldeiras a vapor com jaqueta<\/h2>   <div id=\"rank-math-faq\" class=\"rank-math-block\"> <div class=\"rank-math-list\"> <div id=\"faq-question-1753179935607\" class=\"rank-math-list-item\"> <h3 class=\"rank-math-question\">O kettle vem com uma fun\u00e7\u00e3o de mistura?<\/h3> <div class=\"rank-math-answer\">  <p>Sim, modelos opcionais est\u00e3o dispon\u00edveis com ou sem agitador. A fun\u00e7\u00e3o de mistura \u00e9 ideal para materiais que requerem aquecimento e mistura uniformes.<\/p>  <\/div> <\/div> <div id=\"faq-question-1753179946132\" class=\"rank-math-list-item\"> <h3 class=\"rank-math-question\">O kettle com jaqueta \u00e9 f\u00e1cil de limpar?<\/h3> <div class=\"rank-math-answer\">  <p>A maioria dos modelos \u00e9 feita de a\u00e7o inoxid\u00e1vel de grau aliment\u00edcio e possui superf\u00edcies lisas, tornando-os f\u00e1ceis de limpar e manter.<\/p>  <\/div> <\/div> <div id=\"faq-question-1753179955712\" class=\"rank-math-list-item\"> <h3 class=\"rank-math-question\">Posso personalizar a capacidade e a estrutura?<\/h3> <div class=\"rank-math-answer\">  <p>Sim, as capacidades e os designs estruturais (como tipo inclinado ou fixo, aberto ou selado a v\u00e1cuo) podem ser personalizados de acordo com os seus requisitos de processamento.<\/p>  <\/div> <\/div> <\/div> <\/div>   <figure class=\"wp-block-image size-full\"><img loading=\"lazy\" decoding=\"async\" width=\"720\" height=\"540\" src=\"https:\/\/topfoodmachine.com\/wp-content\/uploads\/2023\/12\/Steam-jacketed-kettle-with-a-good-price.webp\" alt=\"Chaleira a vapor com bom pre\u00e7o\" class=\"wp-image-1085\" srcset=\"https:\/\/topfoodmachine.com\/wp-content\/uploads\/2023\/12\/Steam-jacketed-kettle-with-a-good-price.webp 720w, https:\/\/topfoodmachine.com\/wp-content\/uploads\/2023\/12\/Steam-jacketed-kettle-with-a-good-price-300x225.webp 300w\" sizes=\"auto, (max-width: 720px) 100vw, 720px\" \/><figcaption class=\"wp-element-caption\">Chaleira a vapor com bom pre\u00e7o<\/figcaption><\/figure>    <h2 class=\"wp-block-heading\">Conclus\u00e3o<\/h2>    <p class=\"translation-block\">Al\u00e9m da panela com jaqueta a vapor <a href=\"https:\/\/en.wikipedia.org\/wiki\/Kettle\" data-type=\"link\" data-id=\"https:\/\/en.wikipedia.org\/wiki\/Kettle\" target=\"_blank\" rel=\"noopener\">kettle<\/a>, tamb\u00e9m oferecemos uma ampla gama de <a href=\"https:\/\/topfoodmachine.com\/pt\/product\/\" data-type=\"link\" data-id=\"https:\/\/topfoodmachine.com\/product\/\">m\u00e1quinas de processamento de alimentos<\/a> para atender a v\u00e1rias necessidades de produ\u00e7\u00e3o. <\/p>    <p>Sinta-se \u00e0 vontade para nos contatar para mais informa\u00e7\u00f5es e um or\u00e7amento personalizado.<\/p>","protected":false},"excerpt":{"rendered":"<p>A caldeira com jaqueta de vapor \u00e9 amplamente utilizada nas ind\u00fastrias de processamento de alimentos para fazer mingau, molhos, sopas e guisados. <\/p>","protected":false},"author":1,"featured_media":1082,"parent":0,"template":"","tags":[124],"product-type":[6],"class_list":["post-1081","product","type-product","status-publish","has-post-thumbnail","hentry","tag-steam-jacketed-kettle","product-type-pastry-production-machine"],"_links":{"self":[{"href":"https:\/\/topfoodmachine.com\/pt\/wp-json\/wp\/v2\/product\/1081","targetHints":{"allow":["GET"]}}],"collection":[{"href":"https:\/\/topfoodmachine.com\/pt\/wp-json\/wp\/v2\/product"}],"about":[{"href":"https:\/\/topfoodmachine.com\/pt\/wp-json\/wp\/v2\/types\/product"}],"author":[{"embeddable":true,"href":"https:\/\/topfoodmachine.com\/pt\/wp-json\/wp\/v2\/users\/1"}],"wp:featuredmedia":[{"embeddable":true,"href":"https:\/\/topfoodmachine.com\/pt\/wp-json\/wp\/v2\/media\/1082"}],"wp:attachment":[{"href":"https:\/\/topfoodmachine.com\/pt\/wp-json\/wp\/v2\/media?parent=1081"}],"wp:term":[{"taxonomy":"post_tag","embeddable":true,"href":"https:\/\/topfoodmachine.com\/pt\/wp-json\/wp\/v2\/tags?post=1081"},{"taxonomy":"product-type","embeddable":true,"href":"https:\/\/topfoodmachine.com\/pt\/wp-json\/wp\/v2\/product-type?post=1081"}],"curies":[{"name":"wp","href":"https:\/\/api.w.org\/{rel}","templated":true}]}}