{"id":1041,"date":"2023-11-28T10:58:18","date_gmt":"2023-11-28T02:58:18","guid":{"rendered":"https:\/\/topfoodmachine.com\/?post_type=product&#038;p=1041"},"modified":"2025-07-16T18:09:14","modified_gmt":"2025-07-16T10:09:14","slug":"peanut-coating-machine","status":"publish","type":"product","link":"https:\/\/topfoodmachine.com\/pt\/product\/peanut-coating-machine\/","title":{"rendered":"M\u00e1quina de revestimento de amendoim"},"content":{"rendered":"<div class=\"kk-star-ratings kksr-auto kksr-align-left kksr-valign-top\"     data-payload='{&quot;align&quot;:&quot;left&quot;,&quot;id&quot;:&quot;1041&quot;,&quot;slug&quot;:&quot;default&quot;,&quot;valign&quot;:&quot;top&quot;,&quot;ignore&quot;:&quot;&quot;,&quot;reference&quot;:&quot;auto&quot;,&quot;class&quot;:&quot;&quot;,&quot;count&quot;:&quot;17&quot;,&quot;legendonly&quot;:&quot;&quot;,&quot;readonly&quot;:&quot;&quot;,&quot;score&quot;:&quot;4.7&quot;,&quot;starsonly&quot;:&quot;&quot;,&quot;best&quot;:&quot;5&quot;,&quot;gap&quot;:&quot;5&quot;,&quot;greet&quot;:&quot;Rate this product&quot;,&quot;legend&quot;:&quot;4.7\\\/5 - (17 votes)&quot;,&quot;size&quot;:&quot;24&quot;,&quot;title&quot;:&quot;Peanut coating machine&quot;,&quot;width&quot;:&quot;133.8&quot;,&quot;_legend&quot;:&quot;{score}\\\/{best} - ({count} {votes})&quot;,&quot;font_factor&quot;:&quot;1.25&quot;}'>              <div class=\"kksr-stars\">      <div class=\"kksr-stars-inactive\">             <div class=\"kksr-star\" data-star=\"1\" style=\"padding-right: 5px\">               <div class=\"kksr-icon\" style=\"width: 24px; height: 24px;\"><\/div>         <\/div>             <div class=\"kksr-star\" data-star=\"2\" style=\"padding-right: 5px\">               <div class=\"kksr-icon\" style=\"width: 24px; height: 24px;\"><\/div>         <\/div>             <div class=\"kksr-star\" data-star=\"3\" style=\"padding-right: 5px\">               <div class=\"kksr-icon\" style=\"width: 24px; height: 24px;\"><\/div>         <\/div>             <div class=\"kksr-star\" data-star=\"4\" style=\"padding-right: 5px\">               <div class=\"kksr-icon\" style=\"width: 24px; height: 24px;\"><\/div>         <\/div>             <div class=\"kksr-star\" data-star=\"5\" style=\"padding-right: 5px\">               <div class=\"kksr-icon\" style=\"width: 24px; height: 24px;\"><\/div>         <\/div>     <\/div>      <div class=\"kksr-stars-active\" style=\"width: 133.8px;\">             <div class=\"kksr-star\" style=\"padding-right: 5px\">               <div class=\"kksr-icon\" style=\"width: 24px; height: 24px;\"><\/div>         <\/div>             <div class=\"kksr-star\" style=\"padding-right: 5px\">               <div class=\"kksr-icon\" style=\"width: 24px; height: 24px;\"><\/div>         <\/div>             <div class=\"kksr-star\" style=\"padding-right: 5px\">               <div class=\"kksr-icon\" style=\"width: 24px; height: 24px;\"><\/div>         <\/div>             <div class=\"kksr-star\" style=\"padding-right: 5px\">               <div class=\"kksr-icon\" style=\"width: 24px; height: 24px;\"><\/div>         <\/div>             <div class=\"kksr-star\" style=\"padding-right: 5px\">               <div class=\"kksr-icon\" style=\"width: 24px; height: 24px;\"><\/div>         <\/div>     <\/div> <\/div>                   <div class=\"kksr-legend\" style=\"font-size: 19.2px;\">             4,7\/5 - (17 votos)    <\/div>     <\/div>  <p class=\"translation-block\">A <strong>m\u00e1quina de revestimento de amendoins<\/strong> pode revestir e polir uma vasta gama de produtos, incluindo amendoins, cajus, feij\u00f5es, comprimidos, rebu\u00e7ados e muito mais. Encontra extensa aplica\u00e7\u00e3o nas ind\u00fastrias <strong>alimentar<\/strong>, <strong>farmac\u00eautica<\/strong> e <strong>qu\u00edmica<\/strong>, garantindo um revestimento uniforme e um acabamento liso e brilhante em cada item.<\/p>    <p class=\"translation-block\">Com uma capacidade de produ\u00e7\u00e3o de <strong>30 a 300 kg\/h<\/strong>, esta m\u00e1quina oferece tanto <strong>efici\u00eancia como qualidade consistente<\/strong>. Conhecida pelo seu <strong>desempenho fi\u00e1vel<\/strong> e <strong>opera\u00e7\u00e3o autom\u00e1tica<\/strong>, a m\u00e1quina de revestimento de amendoins \u00e9 especialmente popular no <strong>setor de fabrico de snacks<\/strong>, proporcionando um revestimento preciso e uniforme para <strong>amendoins revestidos a a\u00e7\u00facar<\/strong>, <strong>frutas secas crocantes<\/strong> e <strong>comprimidos farmac\u00eauticos<\/strong>.<\/p>    <figure class=\"wp-block-embed is-type-video is-provider-youtube wp-block-embed-youtube wp-embed-aspect-16-9 wp-has-aspect-ratio\"><div class=\"wp-block-embed__wrapper\"> <iframe loading=\"lazy\" title=\"Crocante e Irresist\u00edvel: Criando Amendoins Perfeitamente Revestidos Usando Nossa M\u00e1quina #maquinade revestimento #noz\" width=\"500\" height=\"281\" src=\"https:\/\/www.youtube.com\/embed\/bUvV7FmAzHU?feature=oembed\" frameborder=\"0\" allow=\"accelerometer; autoplay; clipboard-write; encrypted-media; gyroscope; picture-in-picture; web-share\" referrerpolicy=\"strict-origin-when-cross-origin\" allowfullscreen><\/iframe> <\/div><figcaption class=\"wp-element-caption\">V\u00eddeo de funcionamento da m\u00e1quina de revestimento de amendoim<\/figcaption><\/figure>    <h2 class=\"wp-block-heading\">vantagens da m\u00e1quina de revestimento de amendoim<\/h2>    <div class=\"wp-block-media-text is-stacked-on-mobile\"><figure class=\"wp-block-media-text__media\"><img loading=\"lazy\" decoding=\"async\" width=\"720\" height=\"540\" src=\"https:\/\/topfoodmachine.com\/wp-content\/uploads\/2023\/11\/peanut-coating-production-line.webp\" alt=\"linha de produ\u00e7\u00e3o de revestimento de amendoim\" class=\"wp-image-1044 size-full\" srcset=\"https:\/\/topfoodmachine.com\/wp-content\/uploads\/2023\/11\/peanut-coating-production-line.webp 720w, https:\/\/topfoodmachine.com\/wp-content\/uploads\/2023\/11\/peanut-coating-production-line-300x225.webp 300w\" sizes=\"auto, (max-width: 720px) 100vw, 720px\" \/><\/figure><div class=\"wp-block-media-text__content\"> <ul class=\"wp-block-list\"> <li><strong>velocidade ajust\u00e1vel<\/strong>: controla precisamente a rota\u00e7\u00e3o para um revestimento uniforme em diferentes materiais e tamanhos de lote.<\/li>    <li><strong>Design inclinado<\/strong>: simplifica o carregamento\/descarregamento enquanto melhora a consist\u00eancia do revestimento.<\/li>    <li><strong>Pulveriza\u00e7\u00e3o temporizada<\/strong>: garante uma aplica\u00e7\u00e3o de sabor precisa e uniforme atrav\u00e9s de temporiza\u00e7\u00e3o automatizada.<\/li>    <li><strong>Tamanho de tambor personaliz\u00e1vel<\/strong>: adapta-se \u00e0s necessidades espec\u00edficas de produ\u00e7\u00e3o, suportando maior produ\u00e7\u00e3o quando necess\u00e1rio.<\/li> <\/ul> <\/div><\/div>    <h2 class=\"wp-block-heading\">Como funciona a m\u00e1quina de revestimento de nozes?<\/h2>    <div class=\"wp-block-media-text has-media-on-the-right is-stacked-on-mobile\"><div class=\"wp-block-media-text__content\"> <ul class=\"wp-block-list\"> <li>A m\u00e1quina consiste em um quadro, caixa de engrenagens, panela revestida de a\u00e7\u00facar, dispositivo de aquecimento e componentes el\u00e9tricos.<\/li>    <li>O motor aciona a panela de a\u00e7\u00facar para girar atrav\u00e9s de um mecanismo de verme e roda de verme.<\/li>    <li>\u00c0 medida que a panela gira, a for\u00e7a centr\u00edfuga faz com que os materiais se movam para cima e para baixo dentro da panela.<\/li>    <li>A a\u00e7\u00e3o de tombamento garante a mistura completa de a\u00e7\u00facar e nozes, resultando em um revestimento uniforme.<\/li>    <li>O dispositivo de aquecimento apoia o processo de revestimento mantendo condi\u00e7\u00f5es de temperatura ideais.<\/li> <\/ul> <\/div><figure class=\"wp-block-media-text__media\"><img loading=\"lazy\" decoding=\"async\" width=\"720\" height=\"540\" src=\"https:\/\/topfoodmachine.com\/wp-content\/uploads\/2023\/11\/automatic-coating-machine.webp\" alt=\"m\u00e1quina de revestimento autom\u00e1tica\" class=\"wp-image-1043 size-full\" srcset=\"https:\/\/topfoodmachine.com\/wp-content\/uploads\/2023\/11\/automatic-coating-machine.webp 720w, https:\/\/topfoodmachine.com\/wp-content\/uploads\/2023\/11\/automatic-coating-machine-300x225.webp 300w\" sizes=\"auto, (max-width: 720px) 100vw, 720px\" \/><\/figure><\/div>    <h2 class=\"wp-block-heading\">Como usar corretamente a m\u00e1quina de revestimento de amendoim?<\/h2>    <div class=\"wp-block-media-text is-stacked-on-mobile\"><figure class=\"wp-block-media-text__media\"><img loading=\"lazy\" decoding=\"async\" width=\"720\" height=\"540\" src=\"https:\/\/topfoodmachine.com\/wp-content\/uploads\/2023\/11\/coating-machine-in-stock.webp\" alt=\"m\u00e1quina de revestimento em estoque\" class=\"wp-image-1052 size-full\" srcset=\"https:\/\/topfoodmachine.com\/wp-content\/uploads\/2023\/11\/coating-machine-in-stock.webp 720w, https:\/\/topfoodmachine.com\/wp-content\/uploads\/2023\/11\/coating-machine-in-stock-300x225.webp 300w\" sizes=\"auto, (max-width: 720px) 100vw, 720px\" \/><\/figure><div class=\"wp-block-media-text__content\"> <ul class=\"wp-block-list\"> <li>Ligue a fonte de alimenta\u00e7\u00e3o.<\/li>    <li>Conecte o suprimento de ar atrav\u00e9s do conector do tubo de ar.<\/li>    <li>Adicione o l\u00edquido de revestimento ao cilindro l\u00edquido.<\/li>    <li>Ajuste a velocidade de funcionamento do motor principal.<\/li>    <li>Ligue o interruptor de entrada de ar para ativar o ventilador de entrada de ar.<\/li>    <li>Defina a temperatura desejada no controlador de temperatura; o aquecedor ajustar\u00e1 automaticamente de acordo.<\/li>    <li>Ligue o interruptor da pistola de pulveriza\u00e7\u00e3o para come\u00e7ar a pulverizar.<\/li>    <li>Inicie a m\u00e1quina e certifique-se de que o material esteja revestido uniformemente.<\/li> <\/ul> <\/div><\/div>    <h2 class=\"wp-block-heading\">Aplica\u00e7\u00e3o de m\u00e1quina de revestimento de amendoim<\/h2>    <p class=\"translation-block\">A m\u00e1quina de revestimento de amendoins pode produzir uma grande variedade de amendoins aromatizados para satisfazer diversas exig\u00eancias do mercado. Desde os cl\u00e1ssicos <strong>amendoins revestidos a chocolate<\/strong> com uma camada exterior lisa a <strong>amendoins a\u00e7ucarados<\/strong> uniformemente que oferecem um sabor doce, a m\u00e1quina garante resultados consistentes. Permite tamb\u00e9m a produ\u00e7\u00e3o de <strong>amendoins picantes<\/strong> e <strong>temperados<\/strong>, proporcionando perfis de sabor intensos ou complexos atrav\u00e9s de misturas de temperos. <\/p>    <p class=\"translation-block\">Para um revestimento mais rico, op\u00e7\u00f5es como <strong>amendoins revestidos a mel<\/strong> ou <strong>glaceados com xarope<\/strong> oferecem do\u00e7ura natural, enquanto os <strong>amendoins revestidos crocantes<\/strong> adicionam uma textura crocante. Adicionalmente, a m\u00e1quina suporta <strong>amendoins frutados<\/strong>, utilizando sumo ou xarope para criar snacks vibrantes e aromatizados.<\/p>    <figure class=\"wp-block-gallery has-nested-images columns-default is-cropped wp-block-gallery-2 is-layout-flex wp-block-gallery-is-layout-flex\"> <figure class=\"wp-block-image size-large\"><img loading=\"lazy\" decoding=\"async\" width=\"720\" height=\"540\" data-id=\"1046\" src=\"https:\/\/topfoodmachine.com\/wp-content\/uploads\/2023\/11\/peanuts-coated-chocolate.webp\" alt=\"chocolate coberto com amendoim\" class=\"wp-image-1046\" srcset=\"https:\/\/topfoodmachine.com\/wp-content\/uploads\/2023\/11\/peanuts-coated-chocolate.webp 720w, https:\/\/topfoodmachine.com\/wp-content\/uploads\/2023\/11\/peanuts-coated-chocolate-300x225.webp 300w\" sizes=\"auto, (max-width: 720px) 100vw, 720px\" \/><figcaption class=\"wp-element-caption\">chocolate coberto com amendoim<\/figcaption><\/figure>    <figure class=\"wp-block-image size-large\"><img loading=\"lazy\" decoding=\"async\" width=\"720\" height=\"540\" data-id=\"1045\" src=\"https:\/\/topfoodmachine.com\/wp-content\/uploads\/2023\/11\/coated-peanuts.webp\" alt=\"amendoim revestido\" class=\"wp-image-1045\" srcset=\"https:\/\/topfoodmachine.com\/wp-content\/uploads\/2023\/11\/coated-peanuts.webp 720w, https:\/\/topfoodmachine.com\/wp-content\/uploads\/2023\/11\/coated-peanuts-300x225.webp 300w\" sizes=\"auto, (max-width: 720px) 100vw, 720px\" \/><figcaption class=\"wp-element-caption\">amendoim revestido<\/figcaption><\/figure> <\/figure>    <h2 class=\"wp-block-heading\">Par\u00e2metros da m\u00e1quina de revestimento de amendoim<\/h2>    <figure class=\"wp-block-table\"><table><tbody><tr><td>Modelo<\/td><td>TZ-400<\/td><td>TZ-600<\/td><td>TZ-800<\/td><td>TZ-1000<\/td><\/tr><tr><td>Di\u00e2metro<\/td><td>400mm<\/td><td>600mm<\/td><td>800mm<\/td><td>1000 mm<\/td><\/tr><tr><td>Velocidade de rota\u00e7\u00e3o (r\/min)<\/td><td>41<\/td><td>41<\/td><td>32<\/td><td>28<\/td><\/tr><tr><td>Pot\u00eancia do motor principal (kw)<\/td><td>0.37<\/td><td>0.55<\/td><td>1.1<\/td><td>1.5<\/td><\/tr><tr><td>Pot\u00eancia do soprador (kw)<\/td><td>0.04<\/td><td>0.04<\/td><td>0.15<\/td><td>0.15<\/td><\/tr><tr><td>Pot\u00eancia de aquecimento el\u00e9trica (kw)<\/td><td>1<\/td><td>1<\/td><td>1.5<\/td><td>1.5<\/td><\/tr><tr><td>Capacidade (kg\/h)<\/td><td>30<\/td><td>50-80<\/td><td>100-200<\/td><td>200-300<\/td><\/tr><tr><td>Peso (kg)<\/td><td>90<\/td><td>95<\/td><td>230<\/td><td>250<\/td><\/tr><tr><td>Dimens\u00e3o (mm)<\/td><td>535*630*850<\/td><td>630*630*860<\/td><td>925*900*1500<\/td><td>1180*1000*1600<\/td><\/tr><\/tbody><\/table><figcaption class=\"wp-element-caption\">par\u00e2metros da m\u00e1quina de revestimento de amendoim<\/figcaption><\/figure>    <h2 class=\"wp-block-heading\">Porque escolher-nos?<\/h2>    <div class=\"wp-block-media-text has-media-on-the-right is-stacked-on-mobile\"><div class=\"wp-block-media-text__content\"> <ul class=\"wp-block-list\"> <li><strong>Inova\u00e7\u00e3o e excel\u00eancia<\/strong>: Liderando em tecnologia e desenvolvimento de sabores para mant\u00ea-lo \u00e0 frente.<\/li>    <li><strong>Equipamento fi\u00e1vel<\/strong>: M\u00e1quinas de alto desempenho garantem qualidade consistente.<\/li>    <li><strong>Apoio abrangente<\/strong>: Servi\u00e7o p\u00f3s-venda dedicado para assist\u00eancia cont\u00ednua.<\/li>    <li><strong>Compromisso com a qualidade<\/strong>: Projetada para atender a altos padr\u00f5es e aumentar o apelo do produto.<\/li>    <li><strong>Parceria duradoura<\/strong>Focado no sucesso a longo prazo com cada cliente.<\/li> <\/ul> <\/div><figure class=\"wp-block-media-text__media\"><img loading=\"lazy\" decoding=\"async\" width=\"720\" height=\"540\" src=\"https:\/\/topfoodmachine.com\/wp-content\/uploads\/2023\/11\/coating-machine-for-sale.webp\" alt=\"m\u00e1quina de revestimento para venda\" class=\"wp-image-1047 size-full\" srcset=\"https:\/\/topfoodmachine.com\/wp-content\/uploads\/2023\/11\/coating-machine-for-sale.webp 720w, https:\/\/topfoodmachine.com\/wp-content\/uploads\/2023\/11\/coating-machine-for-sale-300x225.webp 300w\" sizes=\"auto, (max-width: 720px) 100vw, 720px\" \/><\/figure><\/div>    <h2 class=\"wp-block-heading\">Conclus\u00e3o<\/h2>    <p class=\"translation-block\">Em conclus\u00e3o, nossa <a href=\"https:\/\/en.wikipedia.org\/wiki\/Peanut\" data-type=\"link\" data-id=\"https:\/\/en.wikipedia.org\/wiki\/Peanut\" target=\"_blank\" rel=\"noopener\">M\u00e1quina de Revestimento de Amendoim<\/a> oferece desempenho excepcional, garantindo revestimento uniforme e resultados de alta qualidade para uma variedade de produtos de amendoim. Se voc\u00ea est\u00e1 produzindo amendoins cobertos de chocolate, picantes ou crocantes, nossa m\u00e1quina fornece solu\u00e7\u00f5es confi\u00e1veis e eficientes para atender \u00e0s suas necessidades de produ\u00e7\u00e3o. <\/p>    <p class=\"translation-block\">Al\u00e9m disso, oferecemos uma gama de outras m\u00e1quinas de processamento de amendoim, incluindo <a href=\"https:\/\/topfoodmachine.com\/pt\/product\/peanut-peeling-machine\/\" data-type=\"link\" data-id=\"https:\/\/topfoodmachine.com\/product\/peanut-peeling-machine\/\">M\u00e1quinas de Descascamento de Amendoim<\/a> e <a href=\"https:\/\/topfoodmachine.com\/pt\/product\/peanut-roasting-machine\/\" data-type=\"link\" data-id=\"https:\/\/topfoodmachine.com\/product\/peanut-roasting-machine\/\">M\u00e1quinas de Torrefa\u00e7\u00e3o de Amendoim<\/a>, para apoiar cada etapa do seu processo de produ\u00e7\u00e3o. Sinta-se \u00e0 vontade para nos contatar para mais informa\u00e7\u00f5es ou para consultar pre\u00e7os. Estamos ansiosos para ser seu parceiro de confian\u00e7a na ind\u00fastria de processamento de amendoim.<\/p>    <figure class=\"wp-block-gallery has-nested-images columns-default is-cropped wp-block-gallery-3 is-layout-flex wp-block-gallery-is-layout-flex\"> <figure class=\"wp-block-image size-large\"><img loading=\"lazy\" decoding=\"async\" width=\"720\" height=\"540\" data-id=\"1027\" src=\"https:\/\/topfoodmachine.com\/wp-content\/uploads\/2023\/11\/peanut-wet-peeling-machine.webp\" alt=\"m\u00e1quina de descascar amendoim molhado\" class=\"wp-image-1027\" srcset=\"https:\/\/topfoodmachine.com\/wp-content\/uploads\/2023\/11\/peanut-wet-peeling-machine.webp 720w, https:\/\/topfoodmachine.com\/wp-content\/uploads\/2023\/11\/peanut-wet-peeling-machine-300x225.webp 300w\" sizes=\"auto, (max-width: 720px) 100vw, 720px\" \/><figcaption class=\"wp-element-caption\">m\u00e1quina de descascar amendoim molhado<\/figcaption><\/figure>    <figure class=\"wp-block-image size-large\"><img loading=\"lazy\" decoding=\"async\" width=\"720\" height=\"540\" data-id=\"916\" src=\"https:\/\/topfoodmachine.com\/wp-content\/uploads\/2023\/11\/Peanut-roasting-machine.webp\" alt=\"M\u00e1quina de torrar amendoim\" class=\"wp-image-916\" srcset=\"https:\/\/topfoodmachine.com\/wp-content\/uploads\/2023\/11\/Peanut-roasting-machine.webp 720w, https:\/\/topfoodmachine.com\/wp-content\/uploads\/2023\/11\/Peanut-roasting-machine-300x225.webp 300w\" sizes=\"auto, (max-width: 720px) 100vw, 720px\" \/><figcaption class=\"wp-element-caption\">M\u00e1quina de torrar amendoim<\/figcaption><\/figure> <\/figure>","protected":false},"excerpt":{"rendered":"<p>A m\u00e1quina de revestimento de amendoim pode revestir e polir uma ampla gama de produtos, incluindo amendoins, caju, feij\u00f5es, comprimidos, doces e muito mais.<\/p>","protected":false},"author":1,"featured_media":1042,"parent":0,"template":"","tags":[68,67,98],"product-type":[5],"class_list":["post-1041","product","type-product","status-publish","has-post-thumbnail","hentry","tag-groundnut","tag-peanut","tag-peanut-coating-machine","product-type-nuts-processing-machine"],"_links":{"self":[{"href":"https:\/\/topfoodmachine.com\/pt\/wp-json\/wp\/v2\/product\/1041","targetHints":{"allow":["GET"]}}],"collection":[{"href":"https:\/\/topfoodmachine.com\/pt\/wp-json\/wp\/v2\/product"}],"about":[{"href":"https:\/\/topfoodmachine.com\/pt\/wp-json\/wp\/v2\/types\/product"}],"author":[{"embeddable":true,"href":"https:\/\/topfoodmachine.com\/pt\/wp-json\/wp\/v2\/users\/1"}],"wp:featuredmedia":[{"embeddable":true,"href":"https:\/\/topfoodmachine.com\/pt\/wp-json\/wp\/v2\/media\/1042"}],"wp:attachment":[{"href":"https:\/\/topfoodmachine.com\/pt\/wp-json\/wp\/v2\/media?parent=1041"}],"wp:term":[{"taxonomy":"post_tag","embeddable":true,"href":"https:\/\/topfoodmachine.com\/pt\/wp-json\/wp\/v2\/tags?post=1041"},{"taxonomy":"product-type","embeddable":true,"href":"https:\/\/topfoodmachine.com\/pt\/wp-json\/wp\/v2\/product-type?post=1041"}],"curies":[{"name":"wp","href":"https:\/\/api.w.org\/{rel}","templated":true}]}}