{"id":1026,"date":"2023-11-27T10:25:37","date_gmt":"2023-11-27T02:25:37","guid":{"rendered":"https:\/\/topfoodmachine.com\/?post_type=product&#038;p=1026"},"modified":"2024-09-20T16:58:09","modified_gmt":"2024-09-20T08:58:09","slug":"peanut-peeling-machine","status":"publish","type":"product","link":"https:\/\/topfoodmachine.com\/pt\/product\/peanut-peeling-machine\/","title":{"rendered":"M\u00e1quina de descascar amendoim"},"content":{"rendered":"<div class=\"kk-star-ratings kksr-auto kksr-align-left kksr-valign-top\"     data-payload='{&quot;align&quot;:&quot;left&quot;,&quot;id&quot;:&quot;1026&quot;,&quot;slug&quot;:&quot;default&quot;,&quot;valign&quot;:&quot;top&quot;,&quot;ignore&quot;:&quot;&quot;,&quot;reference&quot;:&quot;auto&quot;,&quot;class&quot;:&quot;&quot;,&quot;count&quot;:&quot;17&quot;,&quot;legendonly&quot;:&quot;&quot;,&quot;readonly&quot;:&quot;&quot;,&quot;score&quot;:&quot;4.5&quot;,&quot;starsonly&quot;:&quot;&quot;,&quot;best&quot;:&quot;5&quot;,&quot;gap&quot;:&quot;5&quot;,&quot;greet&quot;:&quot;Rate this product&quot;,&quot;legend&quot;:&quot;4.5\\\/5 - (17 votes)&quot;,&quot;size&quot;:&quot;24&quot;,&quot;title&quot;:&quot;Peanut peeling machine&quot;,&quot;width&quot;:&quot;128&quot;,&quot;_legend&quot;:&quot;{score}\\\/{best} - ({count} {votes})&quot;,&quot;font_factor&quot;:&quot;1.25&quot;}'>              <div class=\"kksr-stars\">      <div class=\"kksr-stars-inactive\">             <div class=\"kksr-star\" data-star=\"1\" style=\"padding-right: 5px\">               <div class=\"kksr-icon\" style=\"width: 24px; height: 24px;\"><\/div>         <\/div>             <div class=\"kksr-star\" data-star=\"2\" style=\"padding-right: 5px\">               <div class=\"kksr-icon\" style=\"width: 24px; height: 24px;\"><\/div>         <\/div>             <div class=\"kksr-star\" data-star=\"3\" style=\"padding-right: 5px\">               <div class=\"kksr-icon\" style=\"width: 24px; height: 24px;\"><\/div>         <\/div>             <div class=\"kksr-star\" data-star=\"4\" style=\"padding-right: 5px\">               <div class=\"kksr-icon\" style=\"width: 24px; height: 24px;\"><\/div>         <\/div>             <div class=\"kksr-star\" data-star=\"5\" style=\"padding-right: 5px\">               <div class=\"kksr-icon\" style=\"width: 24px; height: 24px;\"><\/div>         <\/div>     <\/div>      <div class=\"kksr-stars-active\" style=\"width: 128px;\">             <div class=\"kksr-star\" style=\"padding-right: 5px\">               <div class=\"kksr-icon\" style=\"width: 24px; height: 24px;\"><\/div>         <\/div>             <div class=\"kksr-star\" style=\"padding-right: 5px\">               <div class=\"kksr-icon\" style=\"width: 24px; height: 24px;\"><\/div>         <\/div>             <div class=\"kksr-star\" style=\"padding-right: 5px\">               <div class=\"kksr-icon\" style=\"width: 24px; height: 24px;\"><\/div>         <\/div>             <div class=\"kksr-star\" style=\"padding-right: 5px\">               <div class=\"kksr-icon\" style=\"width: 24px; height: 24px;\"><\/div>         <\/div>             <div class=\"kksr-star\" style=\"padding-right: 5px\">               <div class=\"kksr-icon\" style=\"width: 24px; height: 24px;\"><\/div>         <\/div>     <\/div> <\/div>                   <div class=\"kksr-legend\" style=\"font-size: 19.2px;\">             4,5\/5 - (17 votos)    <\/div>     <\/div>  <p>A m\u00e1quina descascadora de amendoim da Taizy est\u00e1 dispon\u00edvel em dois tipos: descascamento a seco e descascamento a \u00famido, projetada para atender a v\u00e1rias necessidades de processamento. A m\u00e1quina de descascamento a \u00famido utiliza um rolo macio de borracha pura de alta qualidade, removendo efetivamente a pele vermelha dos amendoins e adequada para v\u00e1rios materiais, como amendoins e favas.<\/p>    <p>A m\u00e1quina de descascamento a seco \u00e9 ideal para remover a casca vermelha dos amendoins, alcan\u00e7ando uma taxa de descascamento superior a 97%. Oferece tempos de processamento curtos e alta efici\u00eancia de trabalho, tornando-se uma m\u00e1quina indispens\u00e1vel no processamento profundo de amendoim.<\/p>    <figure class=\"wp-block-embed is-type-video is-provider-youtube wp-block-embed-youtube wp-embed-aspect-16-9 wp-has-aspect-ratio\"><div class=\"wp-block-embed__wrapper\"> <iframe loading=\"lazy\" title=\"Perfei\u00e7\u00e3o do Amendoim: Obtendo Resultados Consistentes com Nossa M\u00e1quina Descascadora de Ponta #amendoins\" width=\"500\" height=\"281\" src=\"https:\/\/www.youtube.com\/embed\/SPfiZD0FZFY?start=11&#038;feature=oembed\" frameborder=\"0\" allow=\"accelerometer; autoplay; clipboard-write; encrypted-media; gyroscope; picture-in-picture; web-share\" referrerpolicy=\"strict-origin-when-cross-origin\" allowfullscreen><\/iframe> <\/div><figcaption class=\"wp-element-caption\">v\u00eddeo de trabalho da descascadora de amendoim<\/figcaption><\/figure>    <h2 class=\"wp-block-heading\">M\u00e1quina descascadora de amendoim a seco<\/h2>    <p>A m\u00e1quina descascadora de amendoim a seco \u00e9 um dispositivo altamente eficiente projetado para remover a pele vermelha dos amendoins. Sua constru\u00e7\u00e3o inclui v\u00e1rios componentes-chave, como um dispositivo de pot\u00eancia (motor, polia, correia e rolamento), uma estrutura robusta, um funil de alimenta\u00e7\u00e3o, um rolo descascador (de a\u00e7o ou diamante) e um sistema de ventilador.<\/p>    <figure class=\"wp-block-gallery has-nested-images columns-default is-cropped wp-block-gallery-2 is-layout-flex wp-block-gallery-is-layout-flex\"> <figure class=\"wp-block-image size-large\"><img loading=\"lazy\" decoding=\"async\" width=\"720\" height=\"540\" data-id=\"1633\" src=\"https:\/\/topfoodmachine.com\/wp-content\/uploads\/2023\/11\/groundnut.webp\" alt=\"amendoim\" class=\"wp-image-1633\" srcset=\"https:\/\/topfoodmachine.com\/wp-content\/uploads\/2023\/11\/groundnut.webp 720w, https:\/\/topfoodmachine.com\/wp-content\/uploads\/2023\/11\/groundnut-300x225.webp 300w, https:\/\/topfoodmachine.com\/wp-content\/uploads\/2023\/11\/groundnut-16x12.webp 16w\" sizes=\"auto, (max-width: 720px) 100vw, 720px\" \/><figcaption class=\"wp-element-caption\">amendoim<\/figcaption><\/figure>    <figure class=\"wp-block-image size-large\"><img loading=\"lazy\" decoding=\"async\" width=\"720\" height=\"540\" data-id=\"1634\" src=\"https:\/\/topfoodmachine.com\/wp-content\/uploads\/2023\/11\/peanuts-1.webp\" alt=\"amendoins\" class=\"wp-image-1634\" srcset=\"https:\/\/topfoodmachine.com\/wp-content\/uploads\/2023\/11\/peanuts-1.webp 720w, https:\/\/topfoodmachine.com\/wp-content\/uploads\/2023\/11\/peanuts-1-300x225.webp 300w, https:\/\/topfoodmachine.com\/wp-content\/uploads\/2023\/11\/peanuts-1-16x12.webp 16w\" sizes=\"auto, (max-width: 720px) 100vw, 720px\" \/><figcaption class=\"wp-element-caption\">amendoins<\/figcaption><\/figure> <\/figure>    <h3 class=\"wp-block-heading\">Princ\u00edpio de funcionamento<\/h3>    <p>A m\u00e1quina opera com base no princ\u00edpio de transmiss\u00e3o por atrito de rolagem diferencial. \u00c9 otimizada para uso com amendoins que t\u00eam um teor de umidade inferior a 5%, garantindo que as nozes n\u00e3o se tornem pastosas durante o processamento.<\/p>    <h3 class=\"wp-block-heading\">Passos de opera\u00e7\u00e3o<\/h3>    <div class=\"wp-block-media-text has-media-on-the-right is-stacked-on-mobile\"><div class=\"wp-block-media-text__content\"> <ul class=\"wp-block-list\"> <li><strong>Alimenta\u00e7\u00e3o<\/strong>. Os amendoins s\u00e3o carregados na m\u00e1quina atrav\u00e9s do funil de alimenta\u00e7\u00e3o.<\/li>    <li><strong>Descama\u00e7\u00e3o<\/strong>. \u00c0 medida que os amendoins se movem, eles s\u00e3o esfregados contra o rolo de descascamento, separando efetivamente a pele dos gr\u00e3os.<\/li>    <li><strong>Separa\u00e7\u00e3o.<\/strong> Um sistema de ventila\u00e7\u00e3o remove as peles de amendoim soltas, enquanto uma tela vibrat\u00f3ria classifica a sa\u00edda em gr\u00e3os inteiros de amendoim, metades de gr\u00e3os e peda\u00e7os quebrados.<\/li> <\/ul> <\/div><figure class=\"wp-block-media-text__media\"><img loading=\"lazy\" decoding=\"async\" width=\"720\" height=\"540\" src=\"https:\/\/topfoodmachine.com\/wp-content\/uploads\/2023\/11\/peanut-peeling-machine-in-stock.webp\" alt=\"m\u00e1quina de descascar amendoim em estoque\" class=\"wp-image-1028 size-full\" srcset=\"https:\/\/topfoodmachine.com\/wp-content\/uploads\/2023\/11\/peanut-peeling-machine-in-stock.webp 720w, https:\/\/topfoodmachine.com\/wp-content\/uploads\/2023\/11\/peanut-peeling-machine-in-stock-300x225.webp 300w\" sizes=\"auto, (max-width: 720px) 100vw, 720px\" \/><\/figure><\/div>    <h3 class=\"wp-block-heading\">Seco <a href=\"https:\/\/en.wikipedia.org\/wiki\/Groundnut\" data-type=\"link\" data-id=\"https:\/\/en.wikipedia.org\/wiki\/Groundnut\" target=\"_blank\" rel=\"noopener\">amendoim<\/a> par\u00e2metros da m\u00e1quina de remo\u00e7\u00e3o de pele<\/h3>    <figure class=\"wp-block-table\"><table><tbody><tr><td>Modelo<\/td><td>Poder<\/td><td>Tamanho<\/td><td>Capacidade<\/td><td>Taxa de descascamento<\/td><\/tr><tr><td>TZ-GT-4<\/td><td>0,75 kW<\/td><td>1100x400x1100mm<\/td><td>200kg\/h<\/td><td>98%<\/td><\/tr><tr><td>TZ-GT-8<\/td><td>1,5 kW<\/td><td>1100x600x1100mm<\/td><td>400kg\/hora<\/td><td>96%<\/td><\/tr><tr><td>TZ-GT-12<\/td><td>2,61 kW<\/td><td>1180x900x1100mm<\/td><td>600kg\/hora<\/td><td>96%<\/td><\/tr><\/tbody><\/table><figcaption class=\"wp-element-caption\">par\u00e2metros da m\u00e1quina descascadora de amendoim<\/figcaption><\/figure>    <figure class=\"wp-block-gallery has-nested-images columns-default is-cropped wp-block-gallery-3 is-layout-flex wp-block-gallery-is-layout-flex\"> <figure class=\"wp-block-image size-large\"><img loading=\"lazy\" decoding=\"async\" width=\"720\" height=\"540\" data-id=\"1030\" src=\"https:\/\/topfoodmachine.com\/wp-content\/uploads\/2023\/11\/dry-peanut-peeler.webp\" alt=\"descascador de amendoim seco\" class=\"wp-image-1030\" srcset=\"https:\/\/topfoodmachine.com\/wp-content\/uploads\/2023\/11\/dry-peanut-peeler.webp 720w, https:\/\/topfoodmachine.com\/wp-content\/uploads\/2023\/11\/dry-peanut-peeler-300x225.webp 300w\" sizes=\"auto, (max-width: 720px) 100vw, 720px\" \/><figcaption class=\"wp-element-caption\">descascador de amendoim seco<\/figcaption><\/figure>    <figure class=\"wp-block-image size-large\"><img loading=\"lazy\" decoding=\"async\" width=\"720\" height=\"540\" data-id=\"1029\" src=\"https:\/\/topfoodmachine.com\/wp-content\/uploads\/2023\/11\/details-of-peanut-peeler.webp\" alt=\"detalhes do descascador de amendoim\" class=\"wp-image-1029\" srcset=\"https:\/\/topfoodmachine.com\/wp-content\/uploads\/2023\/11\/details-of-peanut-peeler.webp 720w, https:\/\/topfoodmachine.com\/wp-content\/uploads\/2023\/11\/details-of-peanut-peeler-300x225.webp 300w\" sizes=\"auto, (max-width: 720px) 100vw, 720px\" \/><figcaption class=\"wp-element-caption\">detalhes do descascador de amendoim<\/figcaption><\/figure> <\/figure>    <h2 class=\"wp-block-heading\">M\u00e1quina descascadora de amendoim molhado<\/h2>    <p>A m\u00e1quina descascadora de amendoim a \u00famido \u00e9 especificamente projetada para a remo\u00e7\u00e3o eficiente das peles de amendoim e am\u00eandoa, utilizando um processo de descascamento especializado que garante alta qualidade e m\u00ednima quebra. <\/p>    <p>Este equipamento opera com base no princ\u00edpio de transmiss\u00e3o por atrito de rolagem diferencial, proporcionando uma solu\u00e7\u00e3o confi\u00e1vel para o processamento de nozes.<\/p>    <figure class=\"wp-block-gallery has-nested-images columns-default is-cropped wp-block-gallery-4 is-layout-flex wp-block-gallery-is-layout-flex\"> <figure class=\"wp-block-image size-large\"><img loading=\"lazy\" decoding=\"async\" width=\"720\" height=\"540\" data-id=\"1031\" src=\"https:\/\/topfoodmachine.com\/wp-content\/uploads\/2023\/11\/wet-peanut-peeler-machine.webp\" alt=\"m\u00e1quina descascadora de amendoim molhado\" class=\"wp-image-1031\" srcset=\"https:\/\/topfoodmachine.com\/wp-content\/uploads\/2023\/11\/wet-peanut-peeler-machine.webp 720w, https:\/\/topfoodmachine.com\/wp-content\/uploads\/2023\/11\/wet-peanut-peeler-machine-300x225.webp 300w\" sizes=\"auto, (max-width: 720px) 100vw, 720px\" \/><figcaption class=\"wp-element-caption\">m\u00e1quina descascadora de amendoim molhado<\/figcaption><\/figure>    <figure class=\"wp-block-image size-large\"><img loading=\"lazy\" decoding=\"async\" width=\"720\" height=\"540\" data-id=\"1032\" src=\"https:\/\/topfoodmachine.com\/wp-content\/uploads\/2023\/11\/wet-peanut-peeling-machine.webp\" alt=\"m\u00e1quina de descascar amendoim molhado\" class=\"wp-image-1032\" srcset=\"https:\/\/topfoodmachine.com\/wp-content\/uploads\/2023\/11\/wet-peanut-peeling-machine.webp 720w, https:\/\/topfoodmachine.com\/wp-content\/uploads\/2023\/11\/wet-peanut-peeling-machine-300x225.webp 300w\" sizes=\"auto, (max-width: 720px) 100vw, 720px\" \/><figcaption class=\"wp-element-caption\">m\u00e1quina de descascar amendoim molhado<\/figcaption><\/figure> <\/figure>    <h3 class=\"wp-block-heading\">Princ\u00edpio de funcionamento<\/h3>    <ol class=\"wp-block-list\"> <li><strong>Imers\u00e3o<\/strong>. Antes de descascar, as mat\u00e9rias-primas devem ser imersas em \u00e1gua quente. O tempo e a temperatura de imers\u00e3o necess\u00e1rios variam com base no tipo de noz.<\/li>    <li><strong>Alimenta\u00e7\u00e3o<\/strong>. Ap\u00f3s a imers\u00e3o, as am\u00eandoas ou amendoins s\u00e3o despejados no funil, onde s\u00e3o vibrados em uma roda de borracha rotativa, que \u00e9 fixada com tr\u00eas rolos robustos.<\/li>    <li><strong>Processo de descascamento.<\/strong> A a\u00e7\u00e3o de descascamento \u00e9 realizada atrav\u00e9s de uma tira indutora, uma roda de alimenta\u00e7\u00e3o e um mecanismo de imita\u00e7\u00e3o de manivela, garantindo a remo\u00e7\u00e3o eficaz da pele.<\/li>    <li><strong>Descarte<\/strong>. A roda de descarga empurra as am\u00eandoas descascadas para o funil de descarga, enquanto as peles de am\u00eandoa s\u00e3o expelidas atrav\u00e9s da roda de camur\u00e7a.<\/li> <\/ol>    <figure class=\"wp-block-gallery has-nested-images columns-default is-cropped wp-block-gallery-5 is-layout-flex wp-block-gallery-is-layout-flex\"> <figure class=\"wp-block-image size-large\"><img loading=\"lazy\" decoding=\"async\" width=\"720\" height=\"540\" data-id=\"1635\" src=\"https:\/\/topfoodmachine.com\/wp-content\/uploads\/2023\/11\/groundnuts-1.webp\" alt=\"amendoim\" class=\"wp-image-1635\" srcset=\"https:\/\/topfoodmachine.com\/wp-content\/uploads\/2023\/11\/groundnuts-1.webp 720w, https:\/\/topfoodmachine.com\/wp-content\/uploads\/2023\/11\/groundnuts-1-300x225.webp 300w, https:\/\/topfoodmachine.com\/wp-content\/uploads\/2023\/11\/groundnuts-1-16x12.webp 16w\" sizes=\"auto, (max-width: 720px) 100vw, 720px\" \/><figcaption class=\"wp-element-caption\">amendoim<\/figcaption><\/figure>    <figure class=\"wp-block-image size-large\"><img loading=\"lazy\" decoding=\"async\" width=\"720\" height=\"540\" data-id=\"1636\" src=\"https:\/\/topfoodmachine.com\/wp-content\/uploads\/2023\/11\/peanut-1.webp\" alt=\"amendoim\" class=\"wp-image-1636\" srcset=\"https:\/\/topfoodmachine.com\/wp-content\/uploads\/2023\/11\/peanut-1.webp 720w, https:\/\/topfoodmachine.com\/wp-content\/uploads\/2023\/11\/peanut-1-300x225.webp 300w, https:\/\/topfoodmachine.com\/wp-content\/uploads\/2023\/11\/peanut-1-16x12.webp 16w\" sizes=\"auto, (max-width: 720px) 100vw, 720px\" \/><figcaption class=\"wp-element-caption\">amendoim<\/figcaption><\/figure> <\/figure>    <h3 class=\"wp-block-heading\">Par\u00e2metros da m\u00e1quina de descascar amendoim a \u00famido<\/h3>    <figure class=\"wp-block-table\"><table><tbody><tr><td>Modelo<\/td><td>Poder<\/td><td>Tamanho<\/td><td>Capacidade<\/td><td>Taxa de descascamento<\/td><\/tr><tr><td>TZ-100<\/td><td>0,55 kW<\/td><td>1180*720*1100mm<\/td><td>120-150 kg\/hora<\/td><td>98%<\/td><\/tr><tr><td>TZ-180<\/td><td>0,75 kW<\/td><td>1180*850*1100mm<\/td><td>200-250 kg\/hora<\/td><td>96%<\/td><\/tr><\/tbody><\/table><figcaption class=\"wp-element-caption\">par\u00e2metros do removedor de pele de amendoim<\/figcaption><\/figure>    <h2 class=\"wp-block-heading\">Caracter\u00edsticas da m\u00e1quina descascadora de amendoim<\/h2>    <div class=\"wp-block-media-text is-stacked-on-mobile\"><figure class=\"wp-block-media-text__media\"><img loading=\"lazy\" decoding=\"async\" width=\"720\" height=\"540\" src=\"https:\/\/topfoodmachine.com\/wp-content\/uploads\/2023\/11\/exported-peanut-peeler.webp\" alt=\"descascador de amendoim exportado\" class=\"wp-image-1033 size-full\" srcset=\"https:\/\/topfoodmachine.com\/wp-content\/uploads\/2023\/11\/exported-peanut-peeler.webp 720w, https:\/\/topfoodmachine.com\/wp-content\/uploads\/2023\/11\/exported-peanut-peeler-300x225.webp 300w\" sizes=\"auto, (max-width: 720px) 100vw, 720px\" \/><\/figure><div class=\"wp-block-media-text__content\"> <p class=\"translation-block\"><strong>Baixa taxa de quebra.<\/strong> O processo de descascamento a \u00famido minimiza danos, resultando em nozes de qualidade superior.<\/p>    <p class=\"translation-block\"><strong>Integridade de cor e nutricional.<\/strong> A cor da superf\u00edcie das nozes descascadas permanece inalterada, e as prote\u00ednas essenciais s\u00e3o preservadas.<\/p>    <p class=\"translation-block\"><strong>Separa\u00e7\u00e3o autom\u00e1tica<\/strong>. A m\u00e1quina separa e descarrega eficientemente as peles e nozes automaticamente durante o processo de descascamento.<\/p>    <p class=\"translation-block\"><strong>Compacta e eficiente.<\/strong> Seu tamanho pequeno, baixo consumo de energia e alta efici\u00eancia tornam f\u00e1cil a opera\u00e7\u00e3o.<\/p>    <p class=\"translation-block\"><strong>Desempenho confi\u00e1vel<\/strong>. A m\u00e1quina possui opera\u00e7\u00e3o est\u00e1vel, seguran\u00e7a, alta produtividade, excelentes efeitos de descascamento e uma baixa taxa de metades.<\/p> <\/div><\/div>    <h2 class=\"wp-block-heading\">Aplica\u00e7\u00f5es da m\u00e1quina descascadora de amendoim<\/h2>    <p>A m\u00e1quina descascadora de amendoim \u00e9 altamente vers\u00e1til e encontra aplica\u00e7\u00f5es em v\u00e1rias ind\u00fastrias que exigem o descascamento eficiente de nozes e leguminosas.<\/p>    <div class=\"wp-block-media-text has-media-on-the-right is-stacked-on-mobile\"><div class=\"wp-block-media-text__content\"> <ul class=\"wp-block-list\"> <li>Produ\u00e7\u00e3o de alimentos para petiscos. Ideal para preparar amendoins e am\u00eandoas descascados usados em v\u00e1rios petiscos e alimentos embalados.<\/li>    <li>Fabrica\u00e7\u00e3o de manteiga de amendoim. Garante amendoins lisos e sem pele para a produ\u00e7\u00e3o de manteiga de amendoim de alta qualidade.<\/li>    <li>Panifica\u00e7\u00e3o e confeitaria. Fornece nozes perfeitamente descascadas para uso como ingredientes em produtos assados e confeitos.<\/li>    <li>F\u00e1bricas de processamento de nozes. Usadas em instala\u00e7\u00f5es de grande escala para manusear a descascagem de nozes a granel com alta efici\u00eancia.<\/li> <\/ul> <\/div><figure class=\"wp-block-media-text__media\"><img loading=\"lazy\" decoding=\"async\" width=\"720\" height=\"540\" src=\"https:\/\/topfoodmachine.com\/wp-content\/uploads\/2023\/11\/dry-peanut-peeling-machine.webp\" alt=\"m\u00e1quina de descascar amendoim seco\" class=\"wp-image-1036 size-full\" srcset=\"https:\/\/topfoodmachine.com\/wp-content\/uploads\/2023\/11\/dry-peanut-peeling-machine.webp 720w, https:\/\/topfoodmachine.com\/wp-content\/uploads\/2023\/11\/dry-peanut-peeling-machine-300x225.webp 300w\" sizes=\"auto, (max-width: 720px) 100vw, 720px\" \/><\/figure><\/div>    <h2 class=\"wp-block-heading\">Invista em nossa m\u00e1quina descascadora de amendoim<\/h2>    <p>Em conclus\u00e3o, a m\u00e1quina de descascar amendoim oferece uma solu\u00e7\u00e3o vers\u00e1til e eficiente para o processamento de nozes, com sua alta taxa de descascagem, baixa quebra e capacidade de lidar com v\u00e1rios materiais como amendoins, am\u00eandoas e feij\u00f5es largos.  <\/p>    <p class=\"translation-block\">Al\u00e9m da m\u00e1quina descascadora de amendoim, tamb\u00e9m fornecemos uma gama de outras <a href=\"https:\/\/topfoodmachine.com\/pt\/products\/nuts-processing-machine\/\" data-type=\"link\" data-id=\"https:\/\/topfoodmachine.com\/products\/nuts-processing-machine\/\">m\u00e1quinas de processamento de nozes<\/a>, como m\u00e1quinas de torrefa\u00e7\u00e3o, oferecendo solu\u00e7\u00f5es completas para otimizar sua linha de produ\u00e7\u00e3o enquanto mant\u00e9m alta qualidade do produto.<\/p>    <figure class=\"wp-block-image size-full\"><img loading=\"lazy\" decoding=\"async\" width=\"720\" height=\"540\" src=\"https:\/\/topfoodmachine.com\/wp-content\/uploads\/2023\/11\/Peanut-roasting-machine.webp\" alt=\"M\u00e1quina de torrar amendoim\" class=\"wp-image-916\" srcset=\"https:\/\/topfoodmachine.com\/wp-content\/uploads\/2023\/11\/Peanut-roasting-machine.webp 720w, https:\/\/topfoodmachine.com\/wp-content\/uploads\/2023\/11\/Peanut-roasting-machine-300x225.webp 300w\" sizes=\"auto, (max-width: 720px) 100vw, 720px\" \/><figcaption class=\"wp-element-caption\">M\u00e1quina de torrar amendoim<\/figcaption><\/figure>    <p><\/p>","protected":false},"excerpt":{"rendered":"<p>A m\u00e1quina de descascar amendoim da Taizy est\u00e1 dispon\u00edvel em dois tipos: descascamento a seco e descascamento a \u00famido, projetada para atender a v\u00e1rias necessidades de processamento.<\/p>","protected":false},"author":1,"featured_media":1027,"parent":0,"template":"","tags":[67,86,85],"product-type":[5],"class_list":["post-1026","product","type-product","status-publish","has-post-thumbnail","hentry","tag-peanut","tag-peanut-peeler","tag-peanut-peeling-machine","product-type-nuts-processing-machine"],"_links":{"self":[{"href":"https:\/\/topfoodmachine.com\/pt\/wp-json\/wp\/v2\/product\/1026","targetHints":{"allow":["GET"]}}],"collection":[{"href":"https:\/\/topfoodmachine.com\/pt\/wp-json\/wp\/v2\/product"}],"about":[{"href":"https:\/\/topfoodmachine.com\/pt\/wp-json\/wp\/v2\/types\/product"}],"author":[{"embeddable":true,"href":"https:\/\/topfoodmachine.com\/pt\/wp-json\/wp\/v2\/users\/1"}],"wp:featuredmedia":[{"embeddable":true,"href":"https:\/\/topfoodmachine.com\/pt\/wp-json\/wp\/v2\/media\/1027"}],"wp:attachment":[{"href":"https:\/\/topfoodmachine.com\/pt\/wp-json\/wp\/v2\/media?parent=1026"}],"wp:term":[{"taxonomy":"post_tag","embeddable":true,"href":"https:\/\/topfoodmachine.com\/pt\/wp-json\/wp\/v2\/tags?post=1026"},{"taxonomy":"product-type","embeddable":true,"href":"https:\/\/topfoodmachine.com\/pt\/wp-json\/wp\/v2\/product-type?post=1026"}],"curies":[{"name":"wp","href":"https:\/\/api.w.org\/{rel}","templated":true}]}}