{"id":1009,"date":"2023-11-23T11:08:12","date_gmt":"2023-11-23T03:08:12","guid":{"rendered":"https:\/\/topfoodmachine.com\/?post_type=product&#038;p=1009"},"modified":"2023-11-23T11:08:13","modified_gmt":"2023-11-23T03:08:13","slug":"almond-shelling-machine","status":"publish","type":"product","link":"https:\/\/topfoodmachine.com\/pt\/product\/almond-shelling-machine\/","title":{"rendered":"M\u00e1quina de descascar am\u00eandoas"},"content":{"rendered":"<div class=\"kk-star-ratings kksr-auto kksr-align-left kksr-valign-top\"     data-payload='{&quot;align&quot;:&quot;left&quot;,&quot;id&quot;:&quot;1009&quot;,&quot;slug&quot;:&quot;default&quot;,&quot;valign&quot;:&quot;top&quot;,&quot;ignore&quot;:&quot;&quot;,&quot;reference&quot;:&quot;auto&quot;,&quot;class&quot;:&quot;&quot;,&quot;count&quot;:&quot;17&quot;,&quot;legendonly&quot;:&quot;&quot;,&quot;readonly&quot;:&quot;&quot;,&quot;score&quot;:&quot;4.7&quot;,&quot;starsonly&quot;:&quot;&quot;,&quot;best&quot;:&quot;5&quot;,&quot;gap&quot;:&quot;5&quot;,&quot;greet&quot;:&quot;Rate this product&quot;,&quot;legend&quot;:&quot;4.7\\\/5 - (17 votes)&quot;,&quot;size&quot;:&quot;24&quot;,&quot;title&quot;:&quot;Almond shelling machine&quot;,&quot;width&quot;:&quot;133.8&quot;,&quot;_legend&quot;:&quot;{score}\\\/{best} - ({count} {votes})&quot;,&quot;font_factor&quot;:&quot;1.25&quot;}'>              <div class=\"kksr-stars\">      <div class=\"kksr-stars-inactive\">             <div class=\"kksr-star\" data-star=\"1\" style=\"padding-right: 5px\">               <div class=\"kksr-icon\" style=\"width: 24px; height: 24px;\"><\/div>         <\/div>             <div class=\"kksr-star\" data-star=\"2\" style=\"padding-right: 5px\">               <div class=\"kksr-icon\" style=\"width: 24px; height: 24px;\"><\/div>         <\/div>             <div class=\"kksr-star\" data-star=\"3\" style=\"padding-right: 5px\">               <div class=\"kksr-icon\" style=\"width: 24px; height: 24px;\"><\/div>         <\/div>             <div class=\"kksr-star\" data-star=\"4\" style=\"padding-right: 5px\">               <div class=\"kksr-icon\" style=\"width: 24px; height: 24px;\"><\/div>         <\/div>             <div class=\"kksr-star\" data-star=\"5\" style=\"padding-right: 5px\">               <div class=\"kksr-icon\" style=\"width: 24px; height: 24px;\"><\/div>         <\/div>     <\/div>      <div class=\"kksr-stars-active\" style=\"width: 133.8px;\">             <div class=\"kksr-star\" style=\"padding-right: 5px\">               <div class=\"kksr-icon\" style=\"width: 24px; height: 24px;\"><\/div>         <\/div>             <div class=\"kksr-star\" style=\"padding-right: 5px\">               <div class=\"kksr-icon\" style=\"width: 24px; height: 24px;\"><\/div>         <\/div>             <div class=\"kksr-star\" style=\"padding-right: 5px\">               <div class=\"kksr-icon\" style=\"width: 24px; height: 24px;\"><\/div>         <\/div>             <div class=\"kksr-star\" style=\"padding-right: 5px\">               <div class=\"kksr-icon\" style=\"width: 24px; height: 24px;\"><\/div>         <\/div>             <div class=\"kksr-star\" style=\"padding-right: 5px\">               <div class=\"kksr-icon\" style=\"width: 24px; height: 24px;\"><\/div>         <\/div>     <\/div> <\/div>                   <div class=\"kksr-legend\" style=\"font-size: 19.2px;\">             4,7\/5 - (17 votos)    <\/div>     <\/div>  <p>As am\u00eandoas, conhecidas pelo seu valor nutricional e versatilidade, s\u00e3o h\u00e1 muito tempo um alimento b\u00e1sico em diversas cozinhas e lanches. No entanto, a trabalhosa tarefa de descascar manualmente as am\u00eandoas tem colocado desafios tanto aos produtores como aos processadores.<\/p>    <p>Entre na M\u00e1quina de Descascar Am\u00eandoas \u2013 um equipamento sofisticado criado para quebrar cascas de am\u00eandoas de maneira eficiente e eficaz, liberando os cobi\u00e7ados gr\u00e3os de dentro. Esta maravilha automatizada combina engenharia de ponta com precis\u00e3o, garantindo um processo de descascamento de am\u00eandoas cont\u00ednuo e de alto rendimento.<\/p>    <figure class=\"wp-block-image size-full\"><img loading=\"lazy\" decoding=\"async\" width=\"720\" height=\"540\" src=\"https:\/\/topfoodmachine.com\/wp-content\/uploads\/2023\/11\/Almond-shelling-machine-for-sale.webp\" alt=\"Vende-se m\u00e1quina de descascar am\u00eandoas\" class=\"wp-image-1011\" srcset=\"https:\/\/topfoodmachine.com\/wp-content\/uploads\/2023\/11\/Almond-shelling-machine-for-sale.webp 720w, https:\/\/topfoodmachine.com\/wp-content\/uploads\/2023\/11\/Almond-shelling-machine-for-sale-300x225.webp 300w\" sizes=\"auto, (max-width: 720px) 100vw, 720px\" \/><figcaption class=\"wp-element-caption\">Vende-se m\u00e1quina de descascar am\u00eandoas<\/figcaption><\/figure>    <h2 class=\"wp-block-heading\">Principais vantagens da m\u00e1quina descascadora de am\u00eandoas<\/h2>    <ol class=\"wp-block-list\"> <li><strong>Efici\u00eancia e Velocidade:<\/strong> <ul class=\"wp-block-list\"> <li>A m\u00e1quina acelera significativamente o processo de descascamento da am\u00eandoa, aumentando a efici\u00eancia geral e o rendimento.<\/li>    <li>Pode manusear um grande volume de am\u00eandoas em um tempo relativamente curto, reduzindo o trabalho manual e o tempo operacional.<\/li> <\/ul> <\/li>    <li><strong>Descasque de precis\u00e3o:<\/strong> <ul class=\"wp-block-list\"> <li>A m\u00e1quina para descascar am\u00eandoas foi projetada para precis\u00e3o, quebrando cascas de am\u00eandoas sem danificar os gr\u00e3os internos. Isso garante um alto rendimento de am\u00eandoas intactas.<\/li> <\/ul> <\/li>    <li><strong>Adaptabilidade:<\/strong> <ul class=\"wp-block-list\"> <li>A m\u00e1quina foi projetada para acomodar diversos tamanhos e tipos de am\u00eandoas, proporcionando flexibilidade para atender \u00e0s diversas necessidades da ind\u00fastria de am\u00eandoas.<\/li>    <li>As configura\u00e7\u00f5es ajust\u00e1veis \u200b\u200bpermitem que os operadores personalizem a m\u00e1quina de acordo com variedades espec\u00edficas de am\u00eandoas, garantindo resultados consistentes e ideais.<\/li> <\/ul> <\/li>    <li><strong>Otimiza\u00e7\u00e3o de recursos:<\/strong> <ul class=\"wp-block-list\"> <li>Ao automatizar o processo de descascamento, a m\u00e1quina minimiza o desperd\u00edcio e otimiza o aproveitamento dos recursos da am\u00eandoa, contribuindo para um processo produtivo mais sustent\u00e1vel e econ\u00f4mico.<\/li> <\/ul> <\/li>    <li><strong>Custo-benef\u00edcio:<\/strong> <ul class=\"wp-block-list\"> <li>Embora o investimento inicial possa ser significativo, a rela\u00e7\u00e3o custo-benef\u00edcio a longo prazo da M\u00e1quina Descascadora de Am\u00eandoas \u00e9 obtida atrav\u00e9s do aumento da efici\u00eancia, redu\u00e7\u00e3o dos custos de m\u00e3o de obra e minimiza\u00e7\u00e3o do desperd\u00edcio.<\/li> <\/ul> <\/li>    <li><strong>Contribui\u00e7\u00e3o para o crescimento da ind\u00fastria:<\/strong> <ul class=\"wp-block-list\"> <li>Ao agilizar o processo de descascamento de am\u00eandoas, a m\u00e1quina contribui para o crescimento e avan\u00e7o da ind\u00fastria de processamento de am\u00eandoas, atendendo \u00e0 crescente demanda global por am\u00eandoas.<\/li> <\/ul> <\/li> <\/ol>    <figure class=\"wp-block-image size-full\"><img loading=\"lazy\" decoding=\"async\" width=\"720\" height=\"540\" src=\"https:\/\/topfoodmachine.com\/wp-content\/uploads\/2023\/11\/Almond-shelling-machine-with-good-price.webp\" alt=\"M\u00e1quina de descascar am\u00eandoas com bom pre\u00e7o\" class=\"wp-image-1012\" srcset=\"https:\/\/topfoodmachine.com\/wp-content\/uploads\/2023\/11\/Almond-shelling-machine-with-good-price.webp 720w, https:\/\/topfoodmachine.com\/wp-content\/uploads\/2023\/11\/Almond-shelling-machine-with-good-price-300x225.webp 300w\" sizes=\"auto, (max-width: 720px) 100vw, 720px\" \/><figcaption class=\"wp-element-caption\">M\u00e1quina de descascar am\u00eandoas com bom pre\u00e7o<\/figcaption><\/figure>    <h2 class=\"wp-block-heading\">Aplica\u00e7\u00e3o de m\u00e1quina de descascar am\u00eandoas<\/h2>    <p>A m\u00e1quina descascadora de am\u00eandoas se destaca como uma solu\u00e7\u00e3o vers\u00e1til e abrangente para o processamento de nozes, capaz de lidar efetivamente com uma ampla gama de nozes com casca. Sua adaptabilidade vai al\u00e9m das am\u00eandoas, tornando-a adequada para descascar v\u00e1rios tipos de nozes de casca dura. O design e a funcionalidade da m\u00e1quina permitem a remo\u00e7\u00e3o eficiente das cascas de uma variedade diversificada de nozes, proporcionando uma solu\u00e7\u00e3o vers\u00e1til que atende \u00e0s necessidades da ind\u00fastria de processamento de nozes. <\/p>    <p>Seja nozes, pec\u00e3s, avel\u00e3s ou outras nozes de casca dura semelhantes, esta m\u00e1quina descascadora de am\u00eandoas se mostra um ativo valioso e adapt\u00e1vel, agilizando o processo de descascamento em diferentes variedades de nozes. Sua ampla aplicabilidade a torna uma escolha confi\u00e1vel para produtores e processadores que buscam uma solu\u00e7\u00e3o vers\u00e1til e eficiente para opera\u00e7\u00f5es de descascamento de nozes.<\/p>    <figure class=\"wp-block-gallery has-nested-images columns-default is-cropped wp-block-gallery-2 is-layout-flex wp-block-gallery-is-layout-flex\"> <figure class=\"wp-block-image size-large\"><img loading=\"lazy\" decoding=\"async\" width=\"720\" height=\"540\" data-id=\"1015\" src=\"https:\/\/topfoodmachine.com\/wp-content\/uploads\/2023\/11\/details-of-Almond-shelling-machine.webp\" alt=\"detalhes da m\u00e1quina de descascar am\u00eandoas\" class=\"wp-image-1015\" srcset=\"https:\/\/topfoodmachine.com\/wp-content\/uploads\/2023\/11\/details-of-Almond-shelling-machine.webp 720w, https:\/\/topfoodmachine.com\/wp-content\/uploads\/2023\/11\/details-of-Almond-shelling-machine-300x225.webp 300w\" sizes=\"auto, (max-width: 720px) 100vw, 720px\" \/><figcaption class=\"wp-element-caption\">detalhes da m\u00e1quina de descascar am\u00eandoas<\/figcaption><\/figure>    <figure class=\"wp-block-image size-large\"><img loading=\"lazy\" decoding=\"async\" width=\"720\" height=\"540\" data-id=\"1016\" src=\"https:\/\/topfoodmachine.com\/wp-content\/uploads\/2023\/11\/structure-of-Almond-shelling-machine.webp\" alt=\"estrutura da m\u00e1quina de descascar am\u00eandoas\" class=\"wp-image-1016\" srcset=\"https:\/\/topfoodmachine.com\/wp-content\/uploads\/2023\/11\/structure-of-Almond-shelling-machine.webp 720w, https:\/\/topfoodmachine.com\/wp-content\/uploads\/2023\/11\/structure-of-Almond-shelling-machine-300x225.webp 300w\" sizes=\"auto, (max-width: 720px) 100vw, 720px\" \/><figcaption class=\"wp-element-caption\">estrutura da m\u00e1quina de descascar am\u00eandoas<\/figcaption><\/figure> <\/figure>    <h2 class=\"wp-block-heading\">Par\u00e2metros da m\u00e1quina de descascar am\u00eandoas<\/h2>    <figure class=\"wp-block-table\"><table><tbody><tr><td>Modelo<\/td><td>Capacidade<\/td><td>Poder<\/td><td>Tens\u00e3o<\/td><td>Tamanho<\/td><\/tr><tr><td>TZ-AS-300<\/td><td>300-400 kg\/hora<\/td><td>2,2 kW<\/td><td>220v\/380v<\/td><td>2*1*1,45m<\/td><\/tr><\/tbody><\/table><\/figure>    <h2 class=\"wp-block-heading\">Equipamento de apoio para m\u00e1quina de descascar am\u00eandoas<\/h2>    <p>A M\u00e1quina Separadora desempenha um papel crucial na linha de processamento de am\u00eandoas, servindo como uma etapa vital ap\u00f3s o processo de descascamento da am\u00eandoa. <\/p>    <p>Aproveitando a disparidade na gravidade espec\u00edfica e na velocidade entre as part\u00edculas suspensas, juntamente com a assist\u00eancia do fluxo de ar, esta m\u00e1quina separa eficientemente os gr\u00e3os de am\u00eandoa de quaisquer part\u00edculas residuais da casca. Operando com base nos princ\u00edpios da separa\u00e7\u00e3o f\u00edsica, garante uma distin\u00e7\u00e3o completa entre os gr\u00e3os e as cascas restantes, empregando a separa\u00e7\u00e3o por gravidade espec\u00edfica. <\/p>    <p>Com caracter\u00edsticas como opera\u00e7\u00e3o automatizada, adaptabilidade a diversos tipos de am\u00eandoas, otimiza\u00e7\u00e3o de recursos e facilidade de manuten\u00e7\u00e3o, a M\u00e1quina Separadora \u00e9 fundamental para aumentar a efici\u00eancia da produ\u00e7\u00e3o e garantir a qualidade e seguran\u00e7a alimentar dos produtos finais de am\u00eandoa.<\/p>    <figure class=\"wp-block-image size-full\"><img loading=\"lazy\" decoding=\"async\" width=\"720\" height=\"540\" src=\"https:\/\/topfoodmachine.com\/wp-content\/uploads\/2023\/11\/Separator-Machine.webp\" alt=\"M\u00e1quina Separadora\" class=\"wp-image-1017\" srcset=\"https:\/\/topfoodmachine.com\/wp-content\/uploads\/2023\/11\/Separator-Machine.webp 720w, https:\/\/topfoodmachine.com\/wp-content\/uploads\/2023\/11\/Separator-Machine-300x225.webp 300w\" sizes=\"auto, (max-width: 720px) 100vw, 720px\" \/><figcaption class=\"wp-element-caption\">M\u00e1quina Separadora<\/figcaption><\/figure>    <figure class=\"wp-block-table\"><table><tbody><tr><td>Modelo<\/td><td>Capacidade<\/td><td>Poder<\/td><td>Tens\u00e3o<\/td><td>Tamanho<\/td><\/tr><tr><td>TZ-SP-400<\/td><td>300-400 kg\/hora<\/td><td>2,2 kW<\/td><td>50hz\/380v<\/td><td>2,2*0,8*1,6m<\/td><\/tr><\/tbody><\/table><\/figure>    <h2 class=\"wp-block-heading\">Por que escolher comprar nossa m\u00e1quina de descascar am\u00eandoas?<\/h2>    <p>Como fornecedor de M\u00e1quinas Descascadoras de Am\u00eandoas, nossa empresa ocupa uma posi\u00e7\u00e3o de lideran\u00e7a no mercado devido a uma s\u00e9rie de vantagens not\u00e1veis. Em primeiro lugar, empregamos tecnologia avan\u00e7ada e engenharia de precis\u00e3o no design de nossas M\u00e1quinas Descascadoras de Am\u00eandoas, garantindo um processo de descascamento eficiente e preciso que aumenta a efici\u00eancia de produ\u00e7\u00e3o de nossos clientes. <\/p>    <p>Com anos de experi\u00eancia acumulada e profundo conhecimento do setor, nossa empresa possui um profundo conhecimento das necessidades dos clientes, o que nos permite fornecer solu\u00e7\u00f5es personalizadas que atendam \u00e0s suas necessidades espec\u00edficas. Priorizamos a customiza\u00e7\u00e3o do cliente, oferecendo flexibilidade para customizar M\u00e1quinas Descascadoras de Am\u00eandoas de acordo com as demandas exclusivas de produ\u00e7\u00e3o de nossos clientes.<\/p>    <p>Em resumo, aproveitando tecnologia avan\u00e7ada, experi\u00eancia, personaliza\u00e7\u00e3o do cliente, rigoroso controle de qualidade e inova\u00e7\u00e3o cont\u00ednua, nossa empresa fornece m\u00e1quinas para descascar am\u00eandoas confi\u00e1veis \u200b\u200be de alta qualidade, estabelecendo-se como uma escolha confi\u00e1vel no setor.<\/p>    <figure class=\"wp-block-gallery has-nested-images columns-default is-cropped wp-block-gallery-3 is-layout-flex wp-block-gallery-is-layout-flex\"> <figure class=\"wp-block-image size-large\"><img loading=\"lazy\" decoding=\"async\" width=\"720\" height=\"540\" data-id=\"1014\" src=\"https:\/\/topfoodmachine.com\/wp-content\/uploads\/2023\/11\/automatic-Almond-shelling-machine.webp\" alt=\"m\u00e1quina autom\u00e1tica de descascar am\u00eandoas\" class=\"wp-image-1014\" srcset=\"https:\/\/topfoodmachine.com\/wp-content\/uploads\/2023\/11\/automatic-Almond-shelling-machine.webp 720w, https:\/\/topfoodmachine.com\/wp-content\/uploads\/2023\/11\/automatic-Almond-shelling-machine-300x225.webp 300w\" sizes=\"auto, (max-width: 720px) 100vw, 720px\" \/><figcaption class=\"wp-element-caption\">m\u00e1quina autom\u00e1tica de descascar am\u00eandoas<\/figcaption><\/figure>    <figure class=\"wp-block-image size-large\"><img loading=\"lazy\" decoding=\"async\" width=\"720\" height=\"540\" data-id=\"1013\" src=\"https:\/\/topfoodmachine.com\/wp-content\/uploads\/2023\/11\/Almond-shelling-machine-in-stock.webp\" alt=\"M\u00e1quina de descascar am\u00eandoas em estoque\" class=\"wp-image-1013\" srcset=\"https:\/\/topfoodmachine.com\/wp-content\/uploads\/2023\/11\/Almond-shelling-machine-in-stock.webp 720w, https:\/\/topfoodmachine.com\/wp-content\/uploads\/2023\/11\/Almond-shelling-machine-in-stock-300x225.webp 300w\" sizes=\"auto, (max-width: 720px) 100vw, 720px\" \/><figcaption class=\"wp-element-caption\">M\u00e1quina de descascar am\u00eandoas em estoque<\/figcaption><\/figure> <\/figure>    <p><\/p>","protected":false},"excerpt":{"rendered":"<p>Entre na M\u00e1quina de Descascamento de Am\u00eandoas \u2013 um equipamento sofisticado projetado para quebrar de forma eficiente e eficaz as cascas de am\u00eandoa, liberando os valiosos gr\u00e3os dentro. <\/p>","protected":false},"author":1,"featured_media":1010,"parent":0,"template":"","tags":[],"product-type":[5],"class_list":["post-1009","product","type-product","status-publish","has-post-thumbnail","hentry","product-type-nuts-processing-machine"],"_links":{"self":[{"href":"https:\/\/topfoodmachine.com\/pt\/wp-json\/wp\/v2\/product\/1009","targetHints":{"allow":["GET"]}}],"collection":[{"href":"https:\/\/topfoodmachine.com\/pt\/wp-json\/wp\/v2\/product"}],"about":[{"href":"https:\/\/topfoodmachine.com\/pt\/wp-json\/wp\/v2\/types\/product"}],"author":[{"embeddable":true,"href":"https:\/\/topfoodmachine.com\/pt\/wp-json\/wp\/v2\/users\/1"}],"wp:featuredmedia":[{"embeddable":true,"href":"https:\/\/topfoodmachine.com\/pt\/wp-json\/wp\/v2\/media\/1010"}],"wp:attachment":[{"href":"https:\/\/topfoodmachine.com\/pt\/wp-json\/wp\/v2\/media?parent=1009"}],"wp:term":[{"taxonomy":"post_tag","embeddable":true,"href":"https:\/\/topfoodmachine.com\/pt\/wp-json\/wp\/v2\/tags?post=1009"},{"taxonomy":"product-type","embeddable":true,"href":"https:\/\/topfoodmachine.com\/pt\/wp-json\/wp\/v2\/product-type?post=1009"}],"curies":[{"name":"wp","href":"https:\/\/api.w.org\/{rel}","templated":true}]}}