{"id":22,"date":"2022-07-12T03:24:52","date_gmt":"2022-07-12T03:24:52","guid":{"rendered":"https:\/\/topfoodmachine.com\/?page_id=22"},"modified":"2022-07-15T06:23:35","modified_gmt":"2022-07-15T06:23:35","slug":"about-us","status":"publish","type":"page","link":"https:\/\/topfoodmachine.com\/pt\/about-us\/","title":{"rendered":"Sobre n\u00f3s"},"content":{"rendered":"<div class=\"wp-block-columns is-layout-flex wp-container-core-columns-is-layout-28f84493 wp-block-columns-is-layout-flex\"> <div class=\"wp-block-column is-layout-flow wp-block-column-is-layout-flow\"> <figure class=\"wp-block-image size-full\"><img loading=\"lazy\" decoding=\"async\" width=\"1024\" height=\"684\" src=\"https:\/\/topfoodmachine.com\/wp-content\/uploads\/2022\/07\/taizy-factory.jpg\" alt=\"\" class=\"wp-image-63\" srcset=\"https:\/\/topfoodmachine.com\/wp-content\/uploads\/2022\/07\/taizy-factory.jpg 1024w, https:\/\/topfoodmachine.com\/wp-content\/uploads\/2022\/07\/taizy-factory-300x200.jpg 300w, https:\/\/topfoodmachine.com\/wp-content\/uploads\/2022\/07\/taizy-factory-768x513.jpg 768w\" sizes=\"auto, (max-width: 1024px) 100vw, 1024px\" \/><\/figure> <\/div>    <div class=\"wp-block-column is-vertically-aligned-center is-layout-flow wp-block-column-is-layout-flow\"> <p>Taizy Machinery Co., Ltd da China \u00e9 uma grande empresa integrada \u00e0 fabrica\u00e7\u00e3o e com\u00e9rcio de forma independente, que possui uma equipe de t\u00e9cnicos profissionais, uma moderna oficina de fabrica\u00e7\u00e3o e a mais nova tecnologia de processamento de alimentos. Dedicamo-nos a pr\u00e1ticas sustent\u00e1veis \u200b\u200be antecipamos as necessidades dos nossos clientes em termos de produtos de qualidade e servi\u00e7os confi\u00e1veis \u200b\u200bcom as melhores solu\u00e7\u00f5es e inova\u00e7\u00f5es de engenharia. Localizados no leste da bela cidade de Zhengzhou, estamos perto da esta\u00e7\u00e3o ferrovi\u00e1ria de alta velocidade e do aeroporto, \u00e9 muito conveniente para os clientes visitarem nossa f\u00e1brica. At\u00e9 agora, as nossas m\u00e1quinas de processamento de alimentos e todos os tipos de linhas de produ\u00e7\u00e3o de alimentos foram exportados para mais de 80 condados e regi\u00f5es do mundo, como R\u00fassia, Ar\u00e1bia Saudita, Israel, Gana, Sud\u00e3o, Singapura, Mal\u00e1sia, Nig\u00e9ria, Nepal, Bangladesh , Sri Lanka, Holanda, Cazaquist\u00e3o, Austr\u00e1lia, Estados Unidos, Brasil, Cuba, Col\u00f4mbia, Chile, M\u00e9xico, Venezuela, Peru, Filipinas, \u00c1frica do Sul, Turquia e assim por diante.<\/p> <\/div> <\/div>    <div class=\"wp-block-columns is-layout-flex wp-container-core-columns-is-layout-28f84493 wp-block-columns-is-layout-flex\"> <div class=\"wp-block-column is-vertically-aligned-center is-layout-flow wp-block-column-is-layout-flow\"> <p class=\"translation-block\">Adotando o princ\u00edpio de gest\u00e3o cient\u00edfica, honestidade e cr\u00e9dito, nossa f\u00e1brica passou nas certifica\u00e7\u00f5es SGS, ISO, BV e CE, etc. A Taizy food machinery \u00e9 especializada na fabrica\u00e7\u00e3o de todos os tipos de equipamentos de produ\u00e7\u00e3o e processamento de alimentos com alta qualidade, boa apar\u00eancia e economia de energia. Nossos principais produtos incluem m\u00e1quinas de processamento de frutas e vegetais, m\u00e1quinas de produ\u00e7\u00e3o de pastelaria, m\u00e1quinas de processamento de nozes, m\u00e1quinas de produ\u00e7\u00e3o de lanches, m\u00e1quinas de processamento de ovos e carne, e m\u00e1quinas de embalagem de alimentos. Al\u00e9m disso, tamb\u00e9m fornecemos uma s\u00e9rie de linhas de processamento de alimentos totalmente autom\u00e1ticas ou semi-autom\u00e1ticas para nossos clientes, e podemos at\u00e9 personalizar as linhas de processamento de alimentos mais adequadas para os usu\u00e1rios que desejam iniciar um novo neg\u00f3cio na ind\u00fastria de fabrica\u00e7\u00e3o de alimentos. Agradecemos sinceramente sua consulta sobre a <a href=\"https:\/\/topfoodmachine.com\/pt\/\">m\u00e1quina de alimentos<\/a> e sua visita \u00e0 nossa f\u00e1brica de equipamentos alimentares.<\/p> <\/div>    <div class=\"wp-block-column is-layout-flow wp-block-column-is-layout-flow\"> <figure class=\"wp-block-image size-full\"><img loading=\"lazy\" decoding=\"async\" width=\"720\" height=\"540\" src=\"https:\/\/topfoodmachine.com\/wp-content\/uploads\/2022\/07\/Taizy-team.jpg\" alt=\"Equipe Taizy\" class=\"wp-image-78\" srcset=\"https:\/\/topfoodmachine.com\/wp-content\/uploads\/2022\/07\/Taizy-team.jpg 720w, https:\/\/topfoodmachine.com\/wp-content\/uploads\/2022\/07\/Taizy-team-300x225.jpg 300w\" sizes=\"auto, (max-width: 720px) 100vw, 720px\" \/><\/figure> <\/div> <\/div>    <h2 class=\"has-text-align-center wp-block-heading\">Nossos produtos<\/h2>    <p>Como fabricante e exportador l\u00edder de equipamentos de processamento de alimentos, oferecemos uma linha completa de m\u00e1quinas de produ\u00e7\u00e3o e processamento de alimentos. Nossos produtos abrangem diversas m\u00e1quinas de processamento de frutas e vegetais de qualidade, m\u00e1quinas de fritar, m\u00e1quinas de processamento de nozes, m\u00e1quinas de produ\u00e7\u00e3o de pastelaria, m\u00e1quinas de processamento de carne e ovos e m\u00e1quinas de embalagem de alimentos. Todas as nossas m\u00e1quinas desfrutam de excelente desempenho, bom pre\u00e7o e servi\u00e7o \u00edntimo. Al\u00e9m disso, contamos com uma equipe extremamente qualificada para garantir alta qualidade e rapidez na entrega. Al\u00e9m disso, nossas m\u00e1quinas para alimentos foram exportadas com sucesso para mais de 80 pa\u00edses e regi\u00f5es. E mantemos rela\u00e7\u00f5es comerciais muito pr\u00f3ximas e de longo prazo com tantos clientes em todo o mundo. <\/p>    <div class=\"wp-block-columns is-layout-flex wp-container-core-columns-is-layout-28f84493 wp-block-columns-is-layout-flex\"> <div class=\"wp-block-column is-layout-flow wp-block-column-is-layout-flow\"> <figure class=\"wp-block-gallery has-nested-images columns-default is-cropped wp-block-gallery-2 is-layout-flex wp-block-gallery-is-layout-flex\"> <figure class=\"wp-block-image size-full\"><a href=\"https:\/\/topfoodmachine.com\/pt\/products\/pastry-production-machine\/\"><img loading=\"lazy\" decoding=\"async\" width=\"720\" height=\"540\" data-id=\"54\" src=\"https:\/\/topfoodmachine.com\/wp-content\/uploads\/2022\/07\/spring-roll-making-machine.png\" alt=\"m\u00e1quina de fazer rolinho primavera\" class=\"wp-image-54\" srcset=\"https:\/\/topfoodmachine.com\/wp-content\/uploads\/2022\/07\/spring-roll-making-machine.png 720w, https:\/\/topfoodmachine.com\/wp-content\/uploads\/2022\/07\/spring-roll-making-machine-300x225.png 300w\" sizes=\"auto, (max-width: 720px) 100vw, 720px\" \/><\/a><figcaption>Linha de produ\u00e7\u00e3o de pastelaria<\/figcaption><\/figure> <\/figure> <\/div>    <div class=\"wp-block-column is-layout-flow wp-block-column-is-layout-flow\"> <figure class=\"wp-block-gallery has-nested-images columns-default is-cropped wp-block-gallery-3 is-layout-flex wp-block-gallery-is-layout-flex\"> <figure class=\"wp-block-image size-full\"><a href=\"https:\/\/topfoodmachine.com\/pt\/products\/frying-equipment\/\"><img loading=\"lazy\" decoding=\"async\" width=\"720\" height=\"540\" data-id=\"59\" src=\"https:\/\/topfoodmachine.com\/wp-content\/uploads\/2022\/07\/french-fries-production-line.png\" alt=\"linha de produ\u00e7\u00e3o de batatas fritas\" class=\"wp-image-59\" srcset=\"https:\/\/topfoodmachine.com\/wp-content\/uploads\/2022\/07\/french-fries-production-line.png 720w, https:\/\/topfoodmachine.com\/wp-content\/uploads\/2022\/07\/french-fries-production-line-300x225.png 300w\" sizes=\"auto, (max-width: 720px) 100vw, 720px\" \/><\/a><figcaption>Equipamento de fritura<\/figcaption><\/figure> <\/figure> <\/div>    <div class=\"wp-block-column is-layout-flow wp-block-column-is-layout-flow\"> <figure class=\"wp-block-gallery has-nested-images columns-default is-cropped wp-block-gallery-4 is-layout-flex wp-block-gallery-is-layout-flex\"> <figure class=\"wp-block-image size-full\"><a href=\"https:\/\/topfoodmachine.com\/pt\/products\/egg-meat-processing-machine\/\"><img loading=\"lazy\" decoding=\"async\" width=\"720\" height=\"540\" data-id=\"88\" src=\"https:\/\/topfoodmachine.com\/wp-content\/uploads\/2022\/07\/egg-grading-machine-1.png\" alt=\"\" class=\"wp-image-88\" srcset=\"https:\/\/topfoodmachine.com\/wp-content\/uploads\/2022\/07\/egg-grading-machine-1.png 720w, https:\/\/topfoodmachine.com\/wp-content\/uploads\/2022\/07\/egg-grading-machine-1-300x225.png 300w\" sizes=\"auto, (max-width: 720px) 100vw, 720px\" \/><\/a><figcaption>M\u00e1quina de processamento de carne e ovos<\/figcaption><\/figure> <\/figure> <\/div> <\/div>    <div class=\"wp-block-columns is-layout-flex wp-container-core-columns-is-layout-28f84493 wp-block-columns-is-layout-flex\"> <div class=\"wp-block-column is-layout-flow wp-block-column-is-layout-flow\"> <figure class=\"wp-block-gallery has-nested-images columns-default is-cropped wp-block-gallery-5 is-layout-flex wp-block-gallery-is-layout-flex\"> <figure class=\"wp-block-image size-full\"><a href=\"https:\/\/topfoodmachine.com\/pt\/products\/nuts-processing-machine\/\"><img loading=\"lazy\" decoding=\"async\" width=\"720\" height=\"540\" data-id=\"62\" src=\"https:\/\/topfoodmachine.com\/wp-content\/uploads\/2022\/07\/peanut-butter-making-machine.webp\" alt=\"M\u00e1quina de fazer manteiga de amendoim\" class=\"wp-image-62\" srcset=\"https:\/\/topfoodmachine.com\/wp-content\/uploads\/2022\/07\/peanut-butter-making-machine.webp 720w, https:\/\/topfoodmachine.com\/wp-content\/uploads\/2022\/07\/peanut-butter-making-machine-300x225.webp 300w\" sizes=\"auto, (max-width: 720px) 100vw, 720px\" \/><\/a><figcaption>M\u00e1quina de processamento de nozes<\/figcaption><\/figure> <\/figure> <\/div>    <div class=\"wp-block-column is-layout-flow wp-block-column-is-layout-flow\"> <figure class=\"wp-block-gallery has-nested-images columns-default is-cropped wp-block-gallery-6 is-layout-flex wp-block-gallery-is-layout-flex\"> <figure class=\"wp-block-image size-full\"><a href=\"https:\/\/topfoodmachine.com\/pt\/products\/food-packaging-machine\/\"><img loading=\"lazy\" decoding=\"async\" width=\"720\" height=\"540\" data-id=\"58\" src=\"https:\/\/topfoodmachine.com\/wp-content\/uploads\/2022\/07\/multihead-weigher-packing-machine.png\" alt=\"m\u00e1quina de embalagem de balan\u00e7a multihead\" class=\"wp-image-58\" srcset=\"https:\/\/topfoodmachine.com\/wp-content\/uploads\/2022\/07\/multihead-weigher-packing-machine.png 720w, https:\/\/topfoodmachine.com\/wp-content\/uploads\/2022\/07\/multihead-weigher-packing-machine-300x225.png 300w\" sizes=\"auto, (max-width: 720px) 100vw, 720px\" \/><\/a><figcaption>m\u00e1quina de embalagem de alimentos<\/figcaption><\/figure> <\/figure> <\/div>    <div class=\"wp-block-column is-layout-flow wp-block-column-is-layout-flow\"> <figure class=\"wp-block-gallery has-nested-images columns-default is-cropped wp-block-gallery-7 is-layout-flex wp-block-gallery-is-layout-flex\"> <figure class=\"wp-block-image size-full\"><a href=\"https:\/\/topfoodmachine.com\/pt\/products\/fruit-vegetable-processing-machine\/\"><img loading=\"lazy\" decoding=\"async\" width=\"720\" height=\"540\" data-id=\"60\" src=\"https:\/\/topfoodmachine.com\/wp-content\/uploads\/2022\/07\/vegetable-washing-machine.png\" alt=\"m\u00e1quina de lavar vegetais\" class=\"wp-image-60\" srcset=\"https:\/\/topfoodmachine.com\/wp-content\/uploads\/2022\/07\/vegetable-washing-machine.png 720w, https:\/\/topfoodmachine.com\/wp-content\/uploads\/2022\/07\/vegetable-washing-machine-300x225.png 300w\" sizes=\"auto, (max-width: 720px) 100vw, 720px\" \/><\/a><figcaption>M\u00e1quina de processamento de frutas e vegetais<\/figcaption><\/figure> <\/figure> <\/div> <\/div>    <div class=\"wp-block-buttons is-layout-flex wp-block-buttons-is-layout-flex\"> <div class=\"wp-block-button aligncenter has-custom-font-size has-small-font-size\"><a class=\"wp-block-button__link has-vivid-red-background-color has-background\" href=\"https:\/\/topfoodmachine.com\/pt\/product\/\" style=\"border-radius:6px\" target=\"_blank\" rel=\"noreferrer noopener\"><strong>Ver todos os produtos<\/strong><\/a><\/div> <\/div>","protected":false},"excerpt":{"rendered":"<p>Taizy Machinery Co., Ltd of China is a big enterprise that is integrated with manufacturing and trading independently, which owns professional technicians&#8217; team, a modern manufacturing workshop, and the newest food processing technology. We are devoted to sustainable practices and anticipates the need of our customers in terms of quality products and reliable services with [&hellip;]<\/p>\n","protected":false},"author":1,"featured_media":0,"parent":0,"menu_order":0,"comment_status":"closed","ping_status":"closed","template":"","meta":{"footnotes":""},"class_list":["post-22","page","type-page","status-publish","hentry"],"_links":{"self":[{"href":"https:\/\/topfoodmachine.com\/pt\/wp-json\/wp\/v2\/pages\/22","targetHints":{"allow":["GET"]}}],"collection":[{"href":"https:\/\/topfoodmachine.com\/pt\/wp-json\/wp\/v2\/pages"}],"about":[{"href":"https:\/\/topfoodmachine.com\/pt\/wp-json\/wp\/v2\/types\/page"}],"author":[{"embeddable":true,"href":"https:\/\/topfoodmachine.com\/pt\/wp-json\/wp\/v2\/users\/1"}],"replies":[{"embeddable":true,"href":"https:\/\/topfoodmachine.com\/pt\/wp-json\/wp\/v2\/comments?post=22"}],"version-history":[{"count":0,"href":"https:\/\/topfoodmachine.com\/pt\/wp-json\/wp\/v2\/pages\/22\/revisions"}],"wp:attachment":[{"href":"https:\/\/topfoodmachine.com\/pt\/wp-json\/wp\/v2\/media?parent=22"}],"curies":[{"name":"wp","href":"https:\/\/api.w.org\/{rel}","templated":true}]}}