{"id":994,"date":"2023-11-22T11:24:07","date_gmt":"2023-11-22T03:24:07","guid":{"rendered":"https:\/\/topfoodmachine.com\/?post_type=product&#038;p=994"},"modified":"2023-11-22T11:24:07","modified_gmt":"2023-11-22T03:24:07","slug":"fruit-and-vegetable-grading-machine","status":"publish","type":"product","link":"https:\/\/topfoodmachine.com\/fr\/product\/fruit-and-vegetable-grading-machine\/","title":{"rendered":"Calibreuse de fruits et l\u00e9gumes"},"content":{"rendered":"<div class=\"kk-star-ratings kksr-auto kksr-align-left kksr-valign-top\"     data-payload='{&quot;align&quot;:&quot;left&quot;,&quot;id&quot;:&quot;994&quot;,&quot;slug&quot;:&quot;default&quot;,&quot;valign&quot;:&quot;top&quot;,&quot;ignore&quot;:&quot;&quot;,&quot;reference&quot;:&quot;auto&quot;,&quot;class&quot;:&quot;&quot;,&quot;count&quot;:&quot;11&quot;,&quot;legendonly&quot;:&quot;&quot;,&quot;readonly&quot;:&quot;&quot;,&quot;score&quot;:&quot;4.5&quot;,&quot;starsonly&quot;:&quot;&quot;,&quot;best&quot;:&quot;5&quot;,&quot;gap&quot;:&quot;5&quot;,&quot;greet&quot;:&quot;Rate this product&quot;,&quot;legend&quot;:&quot;4.5\\\/5 - (11 votes)&quot;,&quot;size&quot;:&quot;24&quot;,&quot;title&quot;:&quot;Fruit and vegetable grading machine&quot;,&quot;width&quot;:&quot;128&quot;,&quot;_legend&quot;:&quot;{score}\\\/{best} - ({count} {votes})&quot;,&quot;font_factor&quot;:&quot;1.25&quot;}'>              <div class=\"kksr-stars\">      <div class=\"kksr-stars-inactive\">             <div class=\"kksr-star\" data-star=\"1\" style=\"padding-right: 5px\">               <div class=\"kksr-icon\" style=\"width: 24px; height: 24px;\"><\/div>         <\/div>             <div class=\"kksr-star\" data-star=\"2\" style=\"padding-right: 5px\">               <div class=\"kksr-icon\" style=\"width: 24px; height: 24px;\"><\/div>         <\/div>             <div class=\"kksr-star\" data-star=\"3\" style=\"padding-right: 5px\">               <div class=\"kksr-icon\" style=\"width: 24px; height: 24px;\"><\/div>         <\/div>             <div class=\"kksr-star\" data-star=\"4\" style=\"padding-right: 5px\">               <div class=\"kksr-icon\" style=\"width: 24px; height: 24px;\"><\/div>         <\/div>             <div class=\"kksr-star\" data-star=\"5\" style=\"padding-right: 5px\">               <div class=\"kksr-icon\" style=\"width: 24px; height: 24px;\"><\/div>         <\/div>     <\/div>      <div class=\"kksr-stars-active\" style=\"width: 128px;\">             <div class=\"kksr-star\" style=\"padding-right: 5px\">               <div class=\"kksr-icon\" style=\"width: 24px; height: 24px;\"><\/div>         <\/div>             <div class=\"kksr-star\" style=\"padding-right: 5px\">               <div class=\"kksr-icon\" style=\"width: 24px; height: 24px;\"><\/div>         <\/div>             <div class=\"kksr-star\" style=\"padding-right: 5px\">               <div class=\"kksr-icon\" style=\"width: 24px; height: 24px;\"><\/div>         <\/div>             <div class=\"kksr-star\" style=\"padding-right: 5px\">               <div class=\"kksr-icon\" style=\"width: 24px; height: 24px;\"><\/div>         <\/div>             <div class=\"kksr-star\" style=\"padding-right: 5px\">               <div class=\"kksr-icon\" style=\"width: 24px; height: 24px;\"><\/div>         <\/div>     <\/div> <\/div>                   <div class=\"kksr-legend\" style=\"font-size: 19.2px;\">             4,5\/5 - (11 votes)    <\/div>     <\/div>  <p>Dans le paysage en constante \u00e9volution de l'agriculture et de la transformation alimentaire, la demande d'un tri efficace et pr\u00e9cis des fruits et l\u00e9gumes a conduit au d\u00e9veloppement de technologies avanc\u00e9es, parmi lesquelles la machine de classement des fruits et l\u00e9gumes se distingue comme une innovation cruciale. <\/p>    <p>Cet \u00e9quipement sophistiqu\u00e9 joue un r\u00f4le central dans la rationalisation du processus de manutention apr\u00e8s r\u00e9colte en automatisant le classement et le tri des fruits et l\u00e9gumes en fonction de divers param\u00e8tres.<\/p>    <p>La polyvalence des machines de classement de fruits et l\u00e9gumes leur permet de traiter une grande vari\u00e9t\u00e9 de produits, des pommes et oranges aux tomates et concombres. Leur adaptabilit\u00e9 \u00e0 diff\u00e9rents types de fruits et l\u00e9gumes en fait un atout inestimable pour les exploitations agricoles de diff\u00e9rentes \u00e9chelles.<\/p>    <figure class=\"wp-block-image size-full\"><img loading=\"lazy\" decoding=\"async\" width=\"720\" height=\"540\" src=\"https:\/\/topfoodmachine.com\/wp-content\/uploads\/2023\/11\/commercial-Roller-Bar-Type-Fruit-and-Vegetable-Grading-Machine.webp\" alt=\"Machine commerciale de classement de fruits et l\u00e9gumes de type barre \u00e0 rouleaux\" class=\"wp-image-996\" srcset=\"https:\/\/topfoodmachine.com\/wp-content\/uploads\/2023\/11\/commercial-Roller-Bar-Type-Fruit-and-Vegetable-Grading-Machine.webp 720w, https:\/\/topfoodmachine.com\/wp-content\/uploads\/2023\/11\/commercial-Roller-Bar-Type-Fruit-and-Vegetable-Grading-Machine-300x225.webp 300w\" sizes=\"auto, (max-width: 720px) 100vw, 720px\" \/><figcaption class=\"wp-element-caption\">Machine commerciale de classement de fruits et l\u00e9gumes de type barre \u00e0 rouleaux<\/figcaption><\/figure>    <h2 class=\"wp-block-heading\">Diff\u00e9rents types de calibreuses de fruits et l\u00e9gumes<\/h2>    <p>Dans le paysage dynamique de l'innovation agricole, nos machines de classement de fruits et l\u00e9gumes offrent des solutions sur mesure pour le tri et la classification pr\u00e9cis des produits. Avec trois mod\u00e8les distincts r\u00e9pondant aux divers besoins de l'industrie, ces machines illustrent la technologie de pointe et l'automatisation du traitement post-r\u00e9colte.<\/p>    <h2 class=\"wp-block-heading\"><strong>1. Machine de classement de fruits et l\u00e9gumes de type barre \u00e0 rouleaux<\/strong><\/h2>    <p>La machine de classement \u00e0 barres \u00e0 rouleaux est sp\u00e9cialement con\u00e7ue pour un classement efficace des l\u00e9gumes. Son principe de fonctionnement repose sur une s\u00e9rie de barres \u00e0 rouleaux, permettant une classification pr\u00e9cise des l\u00e9gumes en fonction de leur taille et de leur forme en ajustant les \u00e9carts entre les barres. <\/p>    <p>Ce mod\u00e8le convient aux l\u00e9gumes de forme uniforme, garantissant que le produit r\u00e9pond aux normes de qualit\u00e9 pr\u00e9d\u00e9termin\u00e9es. La machine de classement \u00e0 barres \u00e0 rouleaux am\u00e9liore l'efficacit\u00e9 de la production tout en minimisant les dommages aux l\u00e9gumes.<\/p>    <figure class=\"wp-block-gallery has-nested-images columns-default is-cropped wp-block-gallery-2 is-layout-flex wp-block-gallery-is-layout-flex\"> <figure class=\"wp-block-image size-large\"><img loading=\"lazy\" decoding=\"async\" width=\"720\" height=\"540\" data-id=\"997\" src=\"https:\/\/topfoodmachine.com\/wp-content\/uploads\/2023\/11\/Roller-Bar-Type-Fruit-and-Vegetable-Grading-Machine.webp\" alt=\"Machine de classement de fruits et l\u00e9gumes de type barre \u00e0 rouleaux\" class=\"wp-image-997\" srcset=\"https:\/\/topfoodmachine.com\/wp-content\/uploads\/2023\/11\/Roller-Bar-Type-Fruit-and-Vegetable-Grading-Machine.webp 720w, https:\/\/topfoodmachine.com\/wp-content\/uploads\/2023\/11\/Roller-Bar-Type-Fruit-and-Vegetable-Grading-Machine-300x225.webp 300w\" sizes=\"auto, (max-width: 720px) 100vw, 720px\" \/><figcaption class=\"wp-element-caption\">Machine de classement de fruits et l\u00e9gumes de type barre \u00e0 rouleaux<\/figcaption><\/figure>    <figure class=\"wp-block-image size-large\"><img loading=\"lazy\" decoding=\"async\" width=\"720\" height=\"540\" data-id=\"998\" src=\"https:\/\/topfoodmachine.com\/wp-content\/uploads\/2023\/11\/working-process-of-Roller-Bar-Type-Fruit-and-Vegetable-Grading-Machine.webp\" alt=\"processus de travail de la machine de classement de fruits et l\u00e9gumes de type barre \u00e0 rouleaux\" class=\"wp-image-998\" srcset=\"https:\/\/topfoodmachine.com\/wp-content\/uploads\/2023\/11\/working-process-of-Roller-Bar-Type-Fruit-and-Vegetable-Grading-Machine.webp 720w, https:\/\/topfoodmachine.com\/wp-content\/uploads\/2023\/11\/working-process-of-Roller-Bar-Type-Fruit-and-Vegetable-Grading-Machine-300x225.webp 300w\" sizes=\"auto, (max-width: 720px) 100vw, 720px\" \/><figcaption class=\"wp-element-caption\">processus de travail de la machine de classement de fruits et l\u00e9gumes de type barre \u00e0 rouleaux<\/figcaption><\/figure> <\/figure>    <figure class=\"wp-block-table\"><table><tbody><tr><td>Mod\u00e8le<\/td><td>Pouvoir<\/td><td>Capacit\u00e9<\/td><td>Taille<\/td><td>Tension<\/td><\/tr><tr><td>TZ-VG-5<\/td><td>1,1 kW<\/td><td>3-4T\/H<\/td><td>8000*1400*800mm<\/td><td>380 V, 50 Hz<\/td><\/tr><\/tbody><\/table><\/figure>    <h2 class=\"wp-block-heading\"><strong>2. Machine de classement de fruits et l\u00e9gumes \u00e0 tambour<\/strong><\/h2>    <p>La calibreuse \u00e0 tambour est principalement utilis\u00e9e pour le classement des fruits. Ce mod\u00e8le utilise un tambour rotatif pour classer les fruits en fonction de caract\u00e9ristiques telles que la taille et la forme. La conception du tambour permet aux fruits de passer en douceur, garantissant ainsi que le produit ne reste pas endommag\u00e9 pendant le processus de calibrage. <\/p>    <p>Ce type de machine de classement est polyvalent et peut s'adapter \u00e0 diff\u00e9rents types de fruits, am\u00e9liorant ainsi la pr\u00e9cision et l'efficacit\u00e9 du classement des fruits.<\/p>    <figure class=\"wp-block-gallery has-nested-images columns-default is-cropped wp-block-gallery-3 is-layout-flex wp-block-gallery-is-layout-flex\"> <figure class=\"wp-block-image size-large\"><img loading=\"lazy\" decoding=\"async\" width=\"720\" height=\"540\" data-id=\"999\" src=\"https:\/\/topfoodmachine.com\/wp-content\/uploads\/2023\/11\/Drum-Type-Fruit-and-Vegetable-Grading-Machine.webp\" alt=\"Machine de classement de fruits et l\u00e9gumes \u00e0 tambour\" class=\"wp-image-999\" srcset=\"https:\/\/topfoodmachine.com\/wp-content\/uploads\/2023\/11\/Drum-Type-Fruit-and-Vegetable-Grading-Machine.webp 720w, https:\/\/topfoodmachine.com\/wp-content\/uploads\/2023\/11\/Drum-Type-Fruit-and-Vegetable-Grading-Machine-300x225.webp 300w\" sizes=\"auto, (max-width: 720px) 100vw, 720px\" \/><figcaption class=\"wp-element-caption\">Machine de classement de fruits et l\u00e9gumes \u00e0 tambour<\/figcaption><\/figure>    <figure class=\"wp-block-image size-large\"><img loading=\"lazy\" decoding=\"async\" width=\"720\" height=\"540\" data-id=\"1000\" src=\"https:\/\/topfoodmachine.com\/wp-content\/uploads\/2023\/11\/working-process-of-Drum-Type-Fruit-and-Vegetable-Grading-Machine.webp\" alt=\"processus de travail de la machine de classement de fruits et l\u00e9gumes \u00e0 tambour\" class=\"wp-image-1000\" srcset=\"https:\/\/topfoodmachine.com\/wp-content\/uploads\/2023\/11\/working-process-of-Drum-Type-Fruit-and-Vegetable-Grading-Machine.webp 720w, https:\/\/topfoodmachine.com\/wp-content\/uploads\/2023\/11\/working-process-of-Drum-Type-Fruit-and-Vegetable-Grading-Machine-300x225.webp 300w\" sizes=\"auto, (max-width: 720px) 100vw, 720px\" \/><figcaption class=\"wp-element-caption\">processus de travail de la machine de classement de fruits et l\u00e9gumes \u00e0 tambour<\/figcaption><\/figure> <\/figure>    <figure class=\"wp-block-table\"><table><tbody><tr><td>Mod\u00e8le<\/td><td>Pouvoir<\/td><td>Poids<\/td><td>Taille<\/td><td>Tension<\/td><\/tr><tr><td>TZ-VG-4<\/td><td>0,75 kW<\/td><td>250KG<\/td><td>3320*1120*870mm<\/td><td>380 V, 50 Hz<\/td><\/tr><\/tbody><\/table><\/figure>    <h2 class=\"wp-block-heading\"><strong>3. Machine de classement de fruits et l\u00e9gumes bas\u00e9e sur le poids<\/strong><\/h2>    <p>La machine de classement bas\u00e9e sur le poids utilise une technologie de pesage avanc\u00e9e pour fournir une m\u00e9thode de classification pr\u00e9cise des fruits. Chaque plateau est \u00e9quip\u00e9 d'un dispositif de pes\u00e9e mesurant avec pr\u00e9cision le poids des fruits. Cela permet \u00e0 la machine de classement de classer les fruits en fonction de leur poids, garantissant ainsi que chaque cat\u00e9gorie r\u00e9pond \u00e0 des normes de qualit\u00e9 constantes. <\/p>    <p>Ce mod\u00e8le peut \u00eatre int\u00e9gr\u00e9 dans une ligne de production compl\u00e8te, comprenant des ascenseurs, des machines de nettoyage et des machines de s\u00e9chage, formant ainsi un processus de production automatis\u00e9 complet. Cette int\u00e9gration am\u00e9liore l\u2019efficacit\u00e9 de la production et r\u00e9duit les co\u00fbts de main-d\u2019\u0153uvre.<\/p>    <figure class=\"wp-block-gallery has-nested-images columns-default is-cropped wp-block-gallery-4 is-layout-flex wp-block-gallery-is-layout-flex\"> <figure class=\"wp-block-image size-large\"><img loading=\"lazy\" decoding=\"async\" width=\"720\" height=\"540\" data-id=\"1001\" src=\"https:\/\/topfoodmachine.com\/wp-content\/uploads\/2023\/11\/Weight-based-Fruit-and-Vegetable-Grading-Machine-for-sale.webp\" alt=\"Machine de classement de fruits et l\u00e9gumes bas\u00e9e sur le poids \u00e0 vendre\" class=\"wp-image-1001\" srcset=\"https:\/\/topfoodmachine.com\/wp-content\/uploads\/2023\/11\/Weight-based-Fruit-and-Vegetable-Grading-Machine-for-sale.webp 720w, https:\/\/topfoodmachine.com\/wp-content\/uploads\/2023\/11\/Weight-based-Fruit-and-Vegetable-Grading-Machine-for-sale-300x225.webp 300w\" sizes=\"auto, (max-width: 720px) 100vw, 720px\" \/><figcaption class=\"wp-element-caption\">Machine de classement de fruits et l\u00e9gumes bas\u00e9e sur le poids \u00e0 vendre<\/figcaption><\/figure>    <figure class=\"wp-block-image size-large\"><img loading=\"lazy\" decoding=\"async\" width=\"720\" height=\"540\" data-id=\"1002\" src=\"https:\/\/topfoodmachine.com\/wp-content\/uploads\/2023\/11\/Weight-based-Fruit-and-Vegetable-Grading-Machine-with-good-price.webp\" alt=\"Machine de classement de fruits et l\u00e9gumes bas\u00e9e sur le poids \u00e0 bon prix\" class=\"wp-image-1002\" srcset=\"https:\/\/topfoodmachine.com\/wp-content\/uploads\/2023\/11\/Weight-based-Fruit-and-Vegetable-Grading-Machine-with-good-price.webp 720w, https:\/\/topfoodmachine.com\/wp-content\/uploads\/2023\/11\/Weight-based-Fruit-and-Vegetable-Grading-Machine-with-good-price-300x225.webp 300w\" sizes=\"auto, (max-width: 720px) 100vw, 720px\" \/><figcaption class=\"wp-element-caption\">Machine de classement de fruits et l\u00e9gumes bas\u00e9e sur le poids \u00e0 bon prix<\/figcaption><\/figure> <\/figure>    <figure class=\"wp-block-table\"><table><tbody><tr><td>Mod\u00e8le<\/td><td>Pouvoir<\/td><td>Poids<\/td><td>Taille<\/td><td>Tension<\/td><\/tr><tr><td>TZ-VG-3<\/td><td>1,85 kW<\/td><td>1050KG<\/td><td>7600*2800*1400mm<\/td><td>380 V, 50 Hz<\/td><\/tr><\/tbody><\/table><\/figure>    <p>Ces trois mod\u00e8les de machines de classement de fruits et l\u00e9gumes, employant diff\u00e9rents principes op\u00e9rationnels et technologies, r\u00e9pondent aux diverses exigences du classement efficace des l\u00e9gumes et des fruits. Ils fournissent des solutions automatis\u00e9es fiables pour la production agricole.<\/p>    <h2 class=\"wp-block-heading\">Principaux avantages de la calibreuse de fruits et l\u00e9gumes<\/h2>    <ol class=\"wp-block-list\"> <li><strong>Tri automatis\u00e9\u00a0:<\/strong> L'automatisation garantit un processus de tri rapide et coh\u00e9rent, r\u00e9duisant ainsi le recours au travail manuel et am\u00e9liorant l'efficacit\u00e9 globale. Cette fonctionnalit\u00e9 est particuli\u00e8rement utile dans les environnements de production \u00e0 grand volume.<\/li>    <li><strong>Polyvalence:<\/strong> Les calibreuses sont con\u00e7ues pour traiter une grande vari\u00e9t\u00e9 de fruits et l\u00e9gumes. Ils peuvent \u00eatre adapt\u00e9s pour s'adapter \u00e0 diff\u00e9rentes formes, tailles et types de produits, offrant ainsi une flexibilit\u00e9 pour diverses op\u00e9rations agricoles.<\/li>    <li><strong>Param\u00e8tres personnalisables\u00a0:<\/strong> Les param\u00e8tres r\u00e9glables permettent la personnalisation des crit\u00e8res de classement, permettant aux agriculteurs et aux producteurs de r\u00e9pondre aux normes sp\u00e9cifiques du march\u00e9 et aux pr\u00e9f\u00e9rences des consommateurs.<\/li>    <li><strong>Dommages minimis\u00e9s au produit\u00a0:<\/strong> Des m\u00e9canismes de manipulation doux et des syst\u00e8mes de convoyeurs sont utilis\u00e9s pour minimiser les dommages aux fruits et l\u00e9gumes pendant le processus de classement, garantissant ainsi que le produit final reste dans un \u00e9tat optimal.<\/li>    <li><strong>Conception modulaire:<\/strong> Les machines de classement pr\u00e9sentent souvent une conception modulaire, facilitant une int\u00e9gration facile dans les lignes de production existantes. Cette modularit\u00e9 am\u00e9liore l'\u00e9volutivit\u00e9 et l'adaptabilit\u00e9 aux besoins de production \u00e9volutifs.<\/li>    <li><strong>Haut d\u00e9bit\u00a0:<\/strong> Les machines sont con\u00e7ues pour un d\u00e9bit \u00e9lev\u00e9, permettant le traitement rapide et efficace de grandes quantit\u00e9s de fruits et l\u00e9gumes. Ceci est essentiel pour r\u00e9pondre aux demandes du march\u00e9 et optimiser les cycles de production.<\/li>    <li><strong>Int\u00e9gration avec la ligne de production\u00a0:<\/strong> Certains types de machines de classement peuvent \u00eatre int\u00e9gr\u00e9s de mani\u00e8re transparente dans des lignes de production compl\u00e8tes, int\u00e9grant des fonctionnalit\u00e9s telles que des ascenseurs, des machines de nettoyage et des syst\u00e8mes de s\u00e9chage pour un flux de travail complet et automatis\u00e9.<\/li> <\/ol>    <figure class=\"wp-block-image size-full\"><img loading=\"lazy\" decoding=\"async\" width=\"720\" height=\"540\" src=\"https:\/\/topfoodmachine.com\/wp-content\/uploads\/2023\/11\/Weight-based-Fruit-and-Vegetable-Grading-Machine.webp\" alt=\"Machine de classement de fruits et l\u00e9gumes bas\u00e9e sur le poids\" class=\"wp-image-1003\" srcset=\"https:\/\/topfoodmachine.com\/wp-content\/uploads\/2023\/11\/Weight-based-Fruit-and-Vegetable-Grading-Machine.webp 720w, https:\/\/topfoodmachine.com\/wp-content\/uploads\/2023\/11\/Weight-based-Fruit-and-Vegetable-Grading-Machine-300x225.webp 300w\" sizes=\"auto, (max-width: 720px) 100vw, 720px\" \/><figcaption class=\"wp-element-caption\">Machine de classement de fruits et l\u00e9gumes bas\u00e9e sur le poids<\/figcaption><\/figure>    <p><\/p>    <p><\/p>    <p><\/p>","protected":false},"excerpt":{"rendered":"<p>Dans le paysage en constante \u00e9volution de l'agriculture et de la transformation alimentaire, la demande d'un tri efficace et pr\u00e9cis des fruits et l\u00e9gumes a conduit au d\u00e9veloppement de technologies avanc\u00e9es, parmi lesquelles la machine de classement des fruits et l\u00e9gumes se distingue comme une innovation cruciale.<\/p>","protected":false},"author":1,"featured_media":995,"parent":0,"template":"","tags":[],"product-type":[3],"class_list":["post-994","product","type-product","status-publish","has-post-thumbnail","hentry","product-type-fruit-vegetable-processing-machine"],"_links":{"self":[{"href":"https:\/\/topfoodmachine.com\/fr\/wp-json\/wp\/v2\/product\/994","targetHints":{"allow":["GET"]}}],"collection":[{"href":"https:\/\/topfoodmachine.com\/fr\/wp-json\/wp\/v2\/product"}],"about":[{"href":"https:\/\/topfoodmachine.com\/fr\/wp-json\/wp\/v2\/types\/product"}],"author":[{"embeddable":true,"href":"https:\/\/topfoodmachine.com\/fr\/wp-json\/wp\/v2\/users\/1"}],"wp:featuredmedia":[{"embeddable":true,"href":"https:\/\/topfoodmachine.com\/fr\/wp-json\/wp\/v2\/media\/995"}],"wp:attachment":[{"href":"https:\/\/topfoodmachine.com\/fr\/wp-json\/wp\/v2\/media?parent=994"}],"wp:term":[{"taxonomy":"post_tag","embeddable":true,"href":"https:\/\/topfoodmachine.com\/fr\/wp-json\/wp\/v2\/tags?post=994"},{"taxonomy":"product-type","embeddable":true,"href":"https:\/\/topfoodmachine.com\/fr\/wp-json\/wp\/v2\/product-type?post=994"}],"curies":[{"name":"wp","href":"https:\/\/api.w.org\/{rel}","templated":true}]}}