{"id":971,"date":"2023-11-17T14:37:07","date_gmt":"2023-11-17T06:37:07","guid":{"rendered":"https:\/\/topfoodmachine.com\/?post_type=product&#038;p=971"},"modified":"2023-11-21T17:53:41","modified_gmt":"2023-11-21T09:53:41","slug":"hazelnut-cracking-processing-line","status":"publish","type":"product","link":"https:\/\/topfoodmachine.com\/fr\/product\/hazelnut-cracking-processing-line\/","title":{"rendered":"Ligne de traitement de cassage de noisettes"},"content":{"rendered":"<div class=\"kk-star-ratings kksr-auto kksr-align-left kksr-valign-top\"     data-payload='{&quot;align&quot;:&quot;left&quot;,&quot;id&quot;:&quot;971&quot;,&quot;slug&quot;:&quot;default&quot;,&quot;valign&quot;:&quot;top&quot;,&quot;ignore&quot;:&quot;&quot;,&quot;reference&quot;:&quot;auto&quot;,&quot;class&quot;:&quot;&quot;,&quot;count&quot;:&quot;21&quot;,&quot;legendonly&quot;:&quot;&quot;,&quot;readonly&quot;:&quot;&quot;,&quot;score&quot;:&quot;4.6&quot;,&quot;starsonly&quot;:&quot;&quot;,&quot;best&quot;:&quot;5&quot;,&quot;gap&quot;:&quot;5&quot;,&quot;greet&quot;:&quot;Rate this product&quot;,&quot;legend&quot;:&quot;4.6\\\/5 - (21 votes)&quot;,&quot;size&quot;:&quot;24&quot;,&quot;title&quot;:&quot;Hazelnut cracking processing line&quot;,&quot;width&quot;:&quot;130.9&quot;,&quot;_legend&quot;:&quot;{score}\\\/{best} - ({count} {votes})&quot;,&quot;font_factor&quot;:&quot;1.25&quot;}'>              <div class=\"kksr-stars\">      <div class=\"kksr-stars-inactive\">             <div class=\"kksr-star\" data-star=\"1\" style=\"padding-right: 5px\">               <div class=\"kksr-icon\" style=\"width: 24px; height: 24px;\"><\/div>         <\/div>             <div class=\"kksr-star\" data-star=\"2\" style=\"padding-right: 5px\">               <div class=\"kksr-icon\" style=\"width: 24px; height: 24px;\"><\/div>         <\/div>             <div class=\"kksr-star\" data-star=\"3\" style=\"padding-right: 5px\">               <div class=\"kksr-icon\" style=\"width: 24px; height: 24px;\"><\/div>         <\/div>             <div class=\"kksr-star\" data-star=\"4\" style=\"padding-right: 5px\">               <div class=\"kksr-icon\" style=\"width: 24px; height: 24px;\"><\/div>         <\/div>             <div class=\"kksr-star\" data-star=\"5\" style=\"padding-right: 5px\">               <div class=\"kksr-icon\" style=\"width: 24px; height: 24px;\"><\/div>         <\/div>     <\/div>      <div class=\"kksr-stars-active\" style=\"width: 130.9px;\">             <div class=\"kksr-star\" style=\"padding-right: 5px\">               <div class=\"kksr-icon\" style=\"width: 24px; height: 24px;\"><\/div>         <\/div>             <div class=\"kksr-star\" style=\"padding-right: 5px\">               <div class=\"kksr-icon\" style=\"width: 24px; height: 24px;\"><\/div>         <\/div>             <div class=\"kksr-star\" style=\"padding-right: 5px\">               <div class=\"kksr-icon\" style=\"width: 24px; height: 24px;\"><\/div>         <\/div>             <div class=\"kksr-star\" style=\"padding-right: 5px\">               <div class=\"kksr-icon\" style=\"width: 24px; height: 24px;\"><\/div>         <\/div>             <div class=\"kksr-star\" style=\"padding-right: 5px\">               <div class=\"kksr-icon\" style=\"width: 24px; height: 24px;\"><\/div>         <\/div>     <\/div> <\/div>                   <div class=\"kksr-legend\" style=\"font-size: 19.2px;\">             4,6\/5 - (21 votes)    <\/div>     <\/div>  <p>La ligne de traitement du craquage des noisettes est un syst\u00e8me de production avanc\u00e9 sp\u00e9cialement con\u00e7u pour le craquage des noisettes. En int\u00e9grant de mani\u00e8re transparente des composants cl\u00e9s tels que la machine \u00e9l\u00e9vatrice, la machine d'ouverture des noisettes et le convoyeur de d\u00e9chargement, cette ligne de production permet d'obtenir un flux de travail de traitement des noisettes efficace et automatis\u00e9. <\/p>    <p>Du levage des noisettes brutes \u00e0 l'ouverture pr\u00e9cise des coques en passant par le transport en douceur jusqu'aux \u00e9tapes de traitement ult\u00e9rieures, la ligne de traitement d'ouverture des noisettes am\u00e9liore non seulement l'efficacit\u00e9 de la production, mais r\u00e9duit \u00e9galement les co\u00fbts de main-d'\u0153uvre, offrant ainsi des am\u00e9liorations exceptionnelles de productivit\u00e9 et de qualit\u00e9 \u00e0 l'industrie de transformation des noisettes.<\/p>    <figure class=\"wp-block-image size-full\"><img loading=\"lazy\" decoding=\"async\" width=\"720\" height=\"540\" src=\"https:\/\/topfoodmachine.com\/wp-content\/uploads\/2023\/11\/Hazelnut-cracking-processing-line-1.webp\" alt=\"Ligne de traitement de cassage de noisettes\" class=\"wp-image-973\" srcset=\"https:\/\/topfoodmachine.com\/wp-content\/uploads\/2023\/11\/Hazelnut-cracking-processing-line-1.webp 720w, https:\/\/topfoodmachine.com\/wp-content\/uploads\/2023\/11\/Hazelnut-cracking-processing-line-1-300x225.webp 300w\" sizes=\"auto, (max-width: 720px) 100vw, 720px\" \/><figcaption class=\"wp-element-caption\">Ligne de traitement de cassage de noisettes<\/figcaption><\/figure>    <h2 class=\"wp-block-heading\">Principaux avantages de la ligne de traitement des craquelins aux noisettes<\/h2>    <ol class=\"wp-block-list\"> <li><strong>Pr\u00e9cision dans la fissuration\u00a0:<\/strong> Le casse-noisettes de la ligne de traitement est con\u00e7u pour la pr\u00e9cision, garantissant un cassage propre et efficace des coques de noisettes. Cette pr\u00e9cision minimise le gaspillage et am\u00e9liore le rendement en noyaux de noisettes intacts.<\/li>    <li><strong>Qualit\u00e9 constante\u00a0:<\/strong> L'automatisation et la pr\u00e9cision de la cha\u00eene de traitement contribuent \u00e0 une qualit\u00e9 constante d'un lot \u00e0 l'autre. Ceci est essentiel pour r\u00e9pondre aux normes de qualit\u00e9 et garantir que le produit final r\u00e9pond aux attentes des consommateurs.<\/li>    <li><strong>Personnalisation et flexibilit\u00e9\u00a0:<\/strong> La ligne de traitement des craquelins aux noisettes est souvent con\u00e7ue pour \u00eatre flexible, permettant des ajustements pour s'adapter \u00e0 diff\u00e9rentes vari\u00e9t\u00e9s, tailles et exigences de transformation de noisettes. Cette adaptabilit\u00e9 rend la ligne adapt\u00e9e \u00e0 diff\u00e9rents sc\u00e9narios de production.<\/li>    <li><strong>S\u00e9curit\u00e9 alimentaire am\u00e9lior\u00e9e\u00a0:<\/strong> La ligne de transformation est con\u00e7ue dans le respect des normes de s\u00e9curit\u00e9 alimentaire. Les processus automatis\u00e9s r\u00e9duisent les risques de contamination et les mat\u00e9riaux des \u00e9quipements sont souvent choisis pour leurs propri\u00e9t\u00e9s hygi\u00e9niques, garantissant ainsi la s\u00e9curit\u00e9 des produits finaux \u00e0 base de noisettes.<\/li>    <li><strong>Flux de processus int\u00e9gr\u00e9\u00a0:<\/strong> La ligne de traitement des craquelins aux noisettes est g\u00e9n\u00e9ralement int\u00e9gr\u00e9e \u00e0 d\u2019autres \u00e9quipements, tels que des machines de tri, de lavage, de s\u00e9chage et d\u2019emballage. Cette approche int\u00e9gr\u00e9e garantit un flux fluide et efficace des noisettes tout au long du processus de production.<\/li>    <li><strong>Fonctionnement rentable\u00a0:<\/strong> Bien qu'il puisse y avoir un investissement initial dans la mise en place de la cha\u00eene de traitement, sa rentabilit\u00e9 devient \u00e9vidente au fil du temps en raison d'une efficacit\u00e9 accrue, d'une r\u00e9duction des co\u00fbts de main-d'\u0153uvre et d'une minimisation du gaspillage.<\/li>    <li><strong>Comp\u00e9titivit\u00e9 du march\u00e9\u00a0:<\/strong> La qualit\u00e9 constante, l'efficacit\u00e9 et l'automatisation de la ligne de traitement des craquelins aux noisettes contribuent \u00e0 la comp\u00e9titivit\u00e9 des noisettes transform\u00e9es sur le march\u00e9, r\u00e9pondant aux attentes des consommateurs et aux normes de l'industrie.<\/li> <\/ol>    <figure class=\"wp-block-image size-full\"><img loading=\"lazy\" decoding=\"async\" width=\"720\" height=\"540\" src=\"https:\/\/topfoodmachine.com\/wp-content\/uploads\/2023\/11\/Hazelnut-cracking-processing-line-in-stock.webp\" alt=\"Ligne de traitement de craquage de noisettes en stock\" class=\"wp-image-974\" srcset=\"https:\/\/topfoodmachine.com\/wp-content\/uploads\/2023\/11\/Hazelnut-cracking-processing-line-in-stock.webp 720w, https:\/\/topfoodmachine.com\/wp-content\/uploads\/2023\/11\/Hazelnut-cracking-processing-line-in-stock-300x225.webp 300w\" sizes=\"auto, (max-width: 720px) 100vw, 720px\" \/><figcaption class=\"wp-element-caption\">Ligne de traitement de craquage de noisettes en stock<\/figcaption><\/figure>    <h2 class=\"wp-block-heading\">Principe de fonctionnement de la ligne de traitement de craquage des noisettes<\/h2>    <p>Dans un premier temps, les noisettes sont tremp\u00e9es dans de l'eau ti\u00e8de \u00e0 environ 50 degr\u00e9s pendant 30 minutes pour ramollir les coques. Ensuite, les noisettes sont vers\u00e9es dans une machine \u00e9l\u00e9vatrice et entrent dans un bac de stockage \u00e9quip\u00e9 d'un convoyeur \u00e0 vis qui les r\u00e9partit uniform\u00e9ment dans diff\u00e9rents canaux. La ligne de production est \u00e9quip\u00e9e d'un g\u00e9n\u00e9rateur de vapeur qui produit de la vapeur au sein des canaux. A l'extr\u00e9mit\u00e9 des canaux, deux plaques de pressage obtiennent l'effet de fissuration par compression. Les noisettes concass\u00e9es tombent automatiquement sur le convoyeur situ\u00e9 en dessous.<\/p>    <p>Les noisettes, apr\u00e8s avoir \u00e9t\u00e9 concass\u00e9es, peuvent \u00e9ventuellement passer \u00e0 une machine de s\u00e9chage ult\u00e9rieure pour \u00e9liminer l'exc\u00e8s d'humidit\u00e9. Enfin, les noisettes ouvertes et s\u00e9ch\u00e9es peuvent \u00eatre dirig\u00e9es vers une machine de conditionnement pour \u00eatre conditionn\u00e9es. <\/p>    <p>L'ensemble de la ligne de production, \u00e0 travers une s\u00e9rie coh\u00e9rente de processus, r\u00e9alise l'ouverture automatique et le traitement initial des noisettes, am\u00e9liorant ainsi l'efficacit\u00e9 de la production. De plus, la flexibilit\u00e9 de la ligne permet d'inclure des \u00e9tapes telles que le s\u00e9chage et l'emballage en fonction d'exigences sp\u00e9cifiques.<\/p>    <figure class=\"wp-block-gallery has-nested-images columns-default is-cropped wp-block-gallery-2 is-layout-flex wp-block-gallery-is-layout-flex\"> <figure class=\"wp-block-image size-large\"><img loading=\"lazy\" decoding=\"async\" width=\"720\" height=\"540\" data-id=\"975\" src=\"https:\/\/topfoodmachine.com\/wp-content\/uploads\/2023\/11\/commercial-Hazelnut-cracking-processing-line.webp\" alt=\"ligne de traitement commerciale de craquage de noisettes\" class=\"wp-image-975\" srcset=\"https:\/\/topfoodmachine.com\/wp-content\/uploads\/2023\/11\/commercial-Hazelnut-cracking-processing-line.webp 720w, https:\/\/topfoodmachine.com\/wp-content\/uploads\/2023\/11\/commercial-Hazelnut-cracking-processing-line-300x225.webp 300w\" sizes=\"auto, (max-width: 720px) 100vw, 720px\" \/><figcaption class=\"wp-element-caption\">ligne de traitement commerciale de craquage de noisettes<\/figcaption><\/figure>    <figure class=\"wp-block-image size-large\"><img loading=\"lazy\" decoding=\"async\" width=\"720\" height=\"540\" data-id=\"976\" src=\"https:\/\/topfoodmachine.com\/wp-content\/uploads\/2023\/11\/details-of-Hazelnut-cracking-processing-line.webp\" alt=\"d\u00e9tails de la ligne de traitement de craquage des noisettes\" class=\"wp-image-976\" srcset=\"https:\/\/topfoodmachine.com\/wp-content\/uploads\/2023\/11\/details-of-Hazelnut-cracking-processing-line.webp 720w, https:\/\/topfoodmachine.com\/wp-content\/uploads\/2023\/11\/details-of-Hazelnut-cracking-processing-line-300x225.webp 300w\" sizes=\"auto, (max-width: 720px) 100vw, 720px\" \/><figcaption class=\"wp-element-caption\">d\u00e9tails de la ligne de traitement de craquage des noisettes<\/figcaption><\/figure> <\/figure>    <h2 class=\"wp-block-heading\">Vid\u00e9o de travail de la ligne de traitement du craquage des noisettes<\/h2>    <figure class=\"wp-block-embed is-type-video is-provider-youtube wp-block-embed-youtube wp-embed-aspect-16-9 wp-has-aspect-ratio\"><div class=\"wp-block-embed__wrapper\"> <iframe loading=\"lazy\" title=\"R\u00e9sultats riches en nutriments\u00a0: comment notre gamme de craquelins aux noisettes transforme la transformation\u00a0! #azelnut #Casse-noix\" width=\"500\" height=\"281\" src=\"https:\/\/www.youtube.com\/embed\/lobTgMISQf8?feature=oembed\" frameborder=\"0\" allow=\"accelerometer; autoplay; clipboard-write; encrypted-media; gyroscope; picture-in-picture; web-share\" referrerpolicy=\"strict-origin-when-cross-origin\" allowfullscreen><\/iframe> <\/div><\/figure>    <h2 class=\"wp-block-heading\">\u00c9quipement de support de la ligne de traitement de craquage des noisettes<\/h2>    <h3 class=\"wp-block-heading\">1. <strong>R\u00e9servoir de trempage<\/strong><\/h3>    <p>La cuve de trempage est un \u00e9l\u00e9ment crucial de la ligne de traitement du craquage des noisettes, dot\u00e9e d'une fonction de chauffage. Cette machine est con\u00e7ue pour tremper les noisettes avant qu'elles n'entrent dans la ligne de transformation. Le processus de trempage vise \u00e0 ramollir les coques, facilitant ainsi l'ouverture des noisettes. <\/p>    <p>Le r\u00e9servoir de trempage est g\u00e9n\u00e9ralement \u00e9quip\u00e9 d'un syst\u00e8me de contr\u00f4le de la temp\u00e9rature, permettant d'ajuster la temp\u00e9rature de l'eau pour garantir un environnement de trempage id\u00e9al. Cela contribue \u00e0 renforcer l'effet de fissuration et cr\u00e9e des conditions optimales pour les \u00e9tapes de traitement ult\u00e9rieures.<\/p>    <figure class=\"wp-block-gallery has-nested-images columns-default is-cropped wp-block-gallery-3 is-layout-flex wp-block-gallery-is-layout-flex\"> <figure class=\"wp-block-image size-large\"><img loading=\"lazy\" decoding=\"async\" width=\"720\" height=\"540\" data-id=\"978\" src=\"https:\/\/topfoodmachine.com\/wp-content\/uploads\/2023\/11\/structure-of-Soaking-Tank.webp\" alt=\"structure du r\u00e9servoir de trempage\" class=\"wp-image-978\" srcset=\"https:\/\/topfoodmachine.com\/wp-content\/uploads\/2023\/11\/structure-of-Soaking-Tank.webp 720w, https:\/\/topfoodmachine.com\/wp-content\/uploads\/2023\/11\/structure-of-Soaking-Tank-300x225.webp 300w\" sizes=\"auto, (max-width: 720px) 100vw, 720px\" \/><figcaption class=\"wp-element-caption\">structure du r\u00e9servoir de trempage<\/figcaption><\/figure>    <figure class=\"wp-block-image size-large\"><img loading=\"lazy\" decoding=\"async\" width=\"720\" height=\"540\" data-id=\"977\" src=\"https:\/\/topfoodmachine.com\/wp-content\/uploads\/2023\/11\/Soaking-Tank.webp\" alt=\"R\u00e9servoir de trempage\" class=\"wp-image-977\" srcset=\"https:\/\/topfoodmachine.com\/wp-content\/uploads\/2023\/11\/Soaking-Tank.webp 720w, https:\/\/topfoodmachine.com\/wp-content\/uploads\/2023\/11\/Soaking-Tank-300x225.webp 300w\" sizes=\"auto, (max-width: 720px) 100vw, 720px\" \/><figcaption class=\"wp-element-caption\">R\u00e9servoir de trempage<\/figcaption><\/figure> <\/figure>    <h3 class=\"wp-block-heading\">2. <strong>S\u00e8che-linge<\/strong><\/h3>    <p>La machine de s\u00e9chage est l'un des dispositifs auxiliaires de la cha\u00eene de traitement du craquage des noisettes. Une fois que les noisettes ont subi le processus de craquage et les \u00e9tapes de transformation primaire, la machine de s\u00e9chage est utilis\u00e9e pour \u00e9liminer l'exc\u00e8s d'humidit\u00e9 de surface, am\u00e9liorant ainsi la qualit\u00e9 et la texture des noisettes. <\/p>    <p>Cette machine utilise de l'air chaud pour garantir que les noisettes atteignent la teneur en humidit\u00e9 souhait\u00e9e. L'utilisation d'une machine de s\u00e9chage contribue \u00e0 prolonger la dur\u00e9e de conservation des noisettes, \u00e0 pr\u00e9venir la croissance de moisissures et \u00e0 am\u00e9liorer la qualit\u00e9 globale du produit final.<\/p>    <h3 class=\"wp-block-heading\">3. <strong>Machine d'emballage<\/strong><\/h3>    <p>La machine d'emballage est l'\u00e9quipement terminal de la ligne de traitement de craquage des noisettes et est responsable de l'emballage des noisettes ouvertes et s\u00e9ch\u00e9es. Les machines d'emballage sont con\u00e7ues avec des niveaux \u00e9lev\u00e9s d'automatisation et de flexibilit\u00e9 pour s'adapter \u00e0 diverses sp\u00e9cifications et exigences d'emballage. <\/p>    <p>Un emballage efficace permet de garantir que les noisettes restent fra\u00eeches et hygi\u00e9niques pendant le stockage et le transport, am\u00e9liorant ainsi la comp\u00e9titivit\u00e9 du produit sur le march\u00e9.<\/p>    <figure class=\"wp-block-gallery has-nested-images columns-default is-cropped wp-block-gallery-4 is-layout-flex wp-block-gallery-is-layout-flex\"> <figure class=\"wp-block-image size-large\"><img loading=\"lazy\" decoding=\"async\" width=\"720\" height=\"540\" data-id=\"979\" src=\"https:\/\/topfoodmachine.com\/wp-content\/uploads\/2023\/11\/Hazelnut-cracking.webp\" alt=\"Casse noisette\" class=\"wp-image-979\" srcset=\"https:\/\/topfoodmachine.com\/wp-content\/uploads\/2023\/11\/Hazelnut-cracking.webp 720w, https:\/\/topfoodmachine.com\/wp-content\/uploads\/2023\/11\/Hazelnut-cracking-300x225.webp 300w\" sizes=\"auto, (max-width: 720px) 100vw, 720px\" \/><figcaption class=\"wp-element-caption\">Casse noisette<\/figcaption><\/figure>    <figure class=\"wp-block-image size-large\"><img loading=\"lazy\" decoding=\"async\" width=\"720\" height=\"540\" data-id=\"980\" src=\"https:\/\/topfoodmachine.com\/wp-content\/uploads\/2023\/11\/Hazelnut.webp\" alt=\"Noisette\" class=\"wp-image-980\" srcset=\"https:\/\/topfoodmachine.com\/wp-content\/uploads\/2023\/11\/Hazelnut.webp 720w, https:\/\/topfoodmachine.com\/wp-content\/uploads\/2023\/11\/Hazelnut-300x225.webp 300w\" sizes=\"auto, (max-width: 720px) 100vw, 720px\" \/><figcaption class=\"wp-element-caption\">Noisette<\/figcaption><\/figure> <\/figure>    <h2 class=\"wp-block-heading\">Param\u00e8tres techniques de la ligne de traitement des craquelins aux noisettes<\/h2>    <p>Notre ligne de traitement de craquage de noisettes est disponible en diff\u00e9rentes capacit\u00e9s, offrant la flexibilit\u00e9 de choisir en fonction des exigences de production sp\u00e9cifiques. Cette adaptabilit\u00e9 permet une personnalisation en fonction de l\u2019\u00e9chelle des op\u00e9rations et du r\u00e9sultat souhait\u00e9. <\/p>    <p>Les diff\u00e9rentes options de capacit\u00e9 r\u00e9pondent \u00e0 une gamme de besoins de production, garantissant que notre ligne de transformation puisse r\u00e9pondre efficacement aux demandes des diff\u00e9rentes \u00e9chelles de transformation des noisettes. Que ce soit pour des op\u00e9rations \u00e0 petite \u00e9chelle ou une production industrielle \u00e0 plus grande \u00e9chelle, notre ligne de traitement d'ouverture de noisettes offre des solutions polyvalentes pour r\u00e9pondre \u00e0 divers besoins de fabrication.<\/p>    <figure class=\"wp-block-table\"><table><tbody><tr><td>Mod\u00e8le<\/td><td>Capacit\u00e9<\/td><td>Pouvoir<\/td><td>\u00c9vaporation<\/td><td>Consommation de gaz naturel<\/td><td>Consommation de gaz liqu\u00e9fi\u00e9<\/td><\/tr><tr><td>TZ-10<\/td><td>250-300kg\/heure<\/td><td>13,1 kW<\/td><td>70-90 kg\/heure<\/td><td>5m\u00b3\/heure<\/td><td>3,5 kg\/heure<\/td><\/tr><tr><td>TZ-15<\/td><td>350-450 kg\/heure<\/td><td>16kw<\/td><td>80-110kg\/heure<\/td><td>7m\u00b3\/heure<\/td><td>5kg\/heure<\/td><\/tr><tr><td>TZ-20<\/td><td>500-600 kg\/heure<\/td><td>18 kW<\/td><td>80-110kg\/heure<\/td><td>7m\u00b3\/heure<\/td><td>5kg\/heure<\/td><\/tr><\/tbody><\/table><\/figure>    <figure class=\"wp-block-image size-full\"><img loading=\"lazy\" decoding=\"async\" width=\"720\" height=\"540\" src=\"https:\/\/topfoodmachine.com\/wp-content\/uploads\/2023\/11\/Hazelnut-cracking-processing-line-with-good-price.webp\" alt=\"Ligne de traitement de craquage de noisettes \u00e0 bon prix\" class=\"wp-image-981\" srcset=\"https:\/\/topfoodmachine.com\/wp-content\/uploads\/2023\/11\/Hazelnut-cracking-processing-line-with-good-price.webp 720w, https:\/\/topfoodmachine.com\/wp-content\/uploads\/2023\/11\/Hazelnut-cracking-processing-line-with-good-price-300x225.webp 300w\" sizes=\"auto, (max-width: 720px) 100vw, 720px\" \/><figcaption class=\"wp-element-caption\">Ligne de traitement de craquage de noisettes \u00e0 bon prix<\/figcaption><\/figure>    <p><\/p>","protected":false},"excerpt":{"rendered":"<p>La ligne de traitement du craquage des noisettes est un syst\u00e8me de production avanc\u00e9 sp\u00e9cialement con\u00e7u pour le craquage des noisettes.<\/p>","protected":false},"author":1,"featured_media":972,"parent":0,"template":"","tags":[],"product-type":[5],"class_list":["post-971","product","type-product","status-publish","has-post-thumbnail","hentry","product-type-nuts-processing-machine"],"_links":{"self":[{"href":"https:\/\/topfoodmachine.com\/fr\/wp-json\/wp\/v2\/product\/971","targetHints":{"allow":["GET"]}}],"collection":[{"href":"https:\/\/topfoodmachine.com\/fr\/wp-json\/wp\/v2\/product"}],"about":[{"href":"https:\/\/topfoodmachine.com\/fr\/wp-json\/wp\/v2\/types\/product"}],"author":[{"embeddable":true,"href":"https:\/\/topfoodmachine.com\/fr\/wp-json\/wp\/v2\/users\/1"}],"wp:featuredmedia":[{"embeddable":true,"href":"https:\/\/topfoodmachine.com\/fr\/wp-json\/wp\/v2\/media\/972"}],"wp:attachment":[{"href":"https:\/\/topfoodmachine.com\/fr\/wp-json\/wp\/v2\/media?parent=971"}],"wp:term":[{"taxonomy":"post_tag","embeddable":true,"href":"https:\/\/topfoodmachine.com\/fr\/wp-json\/wp\/v2\/tags?post=971"},{"taxonomy":"product-type","embeddable":true,"href":"https:\/\/topfoodmachine.com\/fr\/wp-json\/wp\/v2\/product-type?post=971"}],"curies":[{"name":"wp","href":"https:\/\/api.w.org\/{rel}","templated":true}]}}