{"id":937,"date":"2023-11-08T14:19:28","date_gmt":"2023-11-08T06:19:28","guid":{"rendered":"https:\/\/topfoodmachine.com\/?post_type=product&#038;p=937"},"modified":"2024-09-29T17:56:15","modified_gmt":"2024-09-29T09:56:15","slug":"nut-grading-machine","status":"publish","type":"product","link":"https:\/\/topfoodmachine.com\/fr\/product\/nut-grading-machine\/","title":{"rendered":"Machine de classement des noix"},"content":{"rendered":"<div class=\"kk-star-ratings kksr-auto kksr-align-left kksr-valign-top\"     data-payload='{&quot;align&quot;:&quot;left&quot;,&quot;id&quot;:&quot;937&quot;,&quot;slug&quot;:&quot;default&quot;,&quot;valign&quot;:&quot;top&quot;,&quot;ignore&quot;:&quot;&quot;,&quot;reference&quot;:&quot;auto&quot;,&quot;class&quot;:&quot;&quot;,&quot;count&quot;:&quot;11&quot;,&quot;legendonly&quot;:&quot;&quot;,&quot;readonly&quot;:&quot;&quot;,&quot;score&quot;:&quot;4.8&quot;,&quot;starsonly&quot;:&quot;&quot;,&quot;best&quot;:&quot;5&quot;,&quot;gap&quot;:&quot;5&quot;,&quot;greet&quot;:&quot;Rate this product&quot;,&quot;legend&quot;:&quot;4.8\\\/5 - (11 votes)&quot;,&quot;size&quot;:&quot;24&quot;,&quot;title&quot;:&quot;Nut grading machine&quot;,&quot;width&quot;:&quot;136.7&quot;,&quot;_legend&quot;:&quot;{score}\\\/{best} - ({count} {votes})&quot;,&quot;font_factor&quot;:&quot;1.25&quot;}'>              <div class=\"kksr-stars\">      <div class=\"kksr-stars-inactive\">             <div class=\"kksr-star\" data-star=\"1\" style=\"padding-right: 5px\">               <div class=\"kksr-icon\" style=\"width: 24px; height: 24px;\"><\/div>         <\/div>             <div class=\"kksr-star\" data-star=\"2\" style=\"padding-right: 5px\">               <div class=\"kksr-icon\" style=\"width: 24px; height: 24px;\"><\/div>         <\/div>             <div class=\"kksr-star\" data-star=\"3\" style=\"padding-right: 5px\">               <div class=\"kksr-icon\" style=\"width: 24px; height: 24px;\"><\/div>         <\/div>             <div class=\"kksr-star\" data-star=\"4\" style=\"padding-right: 5px\">               <div class=\"kksr-icon\" style=\"width: 24px; height: 24px;\"><\/div>         <\/div>             <div class=\"kksr-star\" data-star=\"5\" style=\"padding-right: 5px\">               <div class=\"kksr-icon\" style=\"width: 24px; height: 24px;\"><\/div>         <\/div>     <\/div>      <div class=\"kksr-stars-active\" style=\"width: 136.7px;\">             <div class=\"kksr-star\" style=\"padding-right: 5px\">               <div class=\"kksr-icon\" style=\"width: 24px; height: 24px;\"><\/div>         <\/div>             <div class=\"kksr-star\" style=\"padding-right: 5px\">               <div class=\"kksr-icon\" style=\"width: 24px; height: 24px;\"><\/div>         <\/div>             <div class=\"kksr-star\" style=\"padding-right: 5px\">               <div class=\"kksr-icon\" style=\"width: 24px; height: 24px;\"><\/div>         <\/div>             <div class=\"kksr-star\" style=\"padding-right: 5px\">               <div class=\"kksr-icon\" style=\"width: 24px; height: 24px;\"><\/div>         <\/div>             <div class=\"kksr-star\" style=\"padding-right: 5px\">               <div class=\"kksr-icon\" style=\"width: 24px; height: 24px;\"><\/div>         <\/div>     <\/div> <\/div>                   <div class=\"kksr-legend\" style=\"font-size: 19.2px;\">             4,8\/5 - (11 votes)    <\/div>     <\/div>  <p>La machine de tri des noix est tr\u00e8s efficace et fiable, con\u00e7ue pour le tri pr\u00e9cis des cacahu\u00e8tes, noyaux d'abricot, noisettes, amandes, haricots et autres noix. Elle trie les noix en grandes, moyennes et petites tailles en un seul passage \u00e0 l'aide d'un, deux ou trois tamis vibrants. <\/p>    <p>Les tamis interchangeables de la machine \u00e0 trier les noix (6-10 mm) permettent une personnalisation facile en fonction de la taille des noix, garantissant un tri pr\u00e9cis et un minimum de casse. Son design en fait un choix id\u00e9al pour le traitement des noix, am\u00e9liorant l'efficacit\u00e9 de stockage et de vente.<\/p>    <figure class=\"wp-block-embed is-type-video is-provider-youtube wp-block-embed-youtube wp-embed-aspect-16-9 wp-has-aspect-ratio\"><div class=\"wp-block-embed__wrapper\"> <iframe loading=\"lazy\" title=\"Am\u00e9liorez votre activit\u00e9 de noix\u00a0: lib\u00e9rez le potentiel d&#039;une niveleuse de noix #gradingmachine #nuts\" width=\"500\" height=\"281\" src=\"https:\/\/www.youtube.com\/embed\/O36bDLG91vQ?feature=oembed\" frameborder=\"0\" allow=\"accelerometer; autoplay; clipboard-write; encrypted-media; gyroscope; picture-in-picture; web-share\" referrerpolicy=\"strict-origin-when-cross-origin\" allowfullscreen><\/iframe> <\/div><figcaption class=\"wp-element-caption\">vid\u00e9o de fonctionnement de la machine \u00e0 trier les noix<\/figcaption><\/figure>    <h2 class=\"wp-block-heading\">Machine de tri des noix \u00e0 vendre<\/h2>    <p>La machine \u00e0 trier les noix est sp\u00e9cifiquement con\u00e7ue pour trier et cat\u00e9goriser efficacement divers noyaux par taille. Elle traite des mat\u00e9riaux tels que les noyaux d'abricot, noisettes, amandes et autres vari\u00e9t\u00e9s de noix, ainsi que des l\u00e9gumineuses. <\/p>    <p>Son syst\u00e8me de tri multi-niveaux divise ces mat\u00e9riaux en diff\u00e9rentes tailles. Cela rend le stockage et les ventes ult\u00e9rieures plus organis\u00e9s et pratiques.<\/p>    <h3 class=\"wp-block-heading\">Les caract\u00e9ristiques cl\u00e9s incluent<\/h3>    <figure class=\"wp-block-image size-full\"><img loading=\"lazy\" decoding=\"async\" width=\"720\" height=\"540\" src=\"https:\/\/topfoodmachine.com\/wp-content\/uploads\/2023\/11\/commercial-nut-grading-machine.webp\" alt=\"machine commerciale de classement de noix\" class=\"wp-image-940\" srcset=\"https:\/\/topfoodmachine.com\/wp-content\/uploads\/2023\/11\/commercial-nut-grading-machine.webp 720w, https:\/\/topfoodmachine.com\/wp-content\/uploads\/2023\/11\/commercial-nut-grading-machine-300x225.webp 300w\" sizes=\"auto, (max-width: 720px) 100vw, 720px\" \/><figcaption class=\"wp-element-caption\">machine commerciale de classement de noix<\/figcaption><\/figure>    <ul class=\"wp-block-list\"> <li><strong>Grillage \u00e0 plusieurs niveaux<\/strong>. La machine utilise des tamis vibrants de premier, deuxi\u00e8me et troisi\u00e8me niveaux pour trier et classer simultan\u00e9ment les grains en trois niveaux de taille ou plus.<\/li>    <li><strong>Panneaux de tamis personnalisables<\/strong>. \u00c9quip\u00e9e de panneaux de tamis interchangeables, les perforations varient de 6 \u00e0 10 millim\u00e8tres, permettant \u00e0 la machine de s'adapter facilement \u00e0 diff\u00e9rentes vari\u00e9t\u00e9s de grains.<\/li>    <li><strong>Taux de concassage faible<\/strong>. Con\u00e7ue pour minimiser le concassage pendant le traitement, cette machine garantit que l'int\u00e9grit\u00e9 des grains est maintenue tout au long du tri.<\/li>    <li><strong>Id\u00e9ale pour le traitement des grains<\/strong>. Avec son design r\u00e9fl\u00e9chi et son efficacit\u00e9, la machine est actuellement l'une des meilleures options pour les entreprises traitant des produits de type grain.<\/li> <\/ul>    <h2 class=\"wp-block-heading\">Structure et principe de fonctionnement de la machine de tri des noix<\/h2>    <p>La machine \u00e0 trier les noix est con\u00e7ue pour trier efficacement les noyaux en fonction de leur taille, servant de dispositif compl\u00e9mentaire \u00e0 une machine \u00e0 d\u00e9cortiquer. Sa structure et son principe de fonctionnement reposent sur l'utilisation des diff\u00e9rences de taille des noyaux et des tamis vibrants pour obtenir un tri pr\u00e9cis.<\/p>    <h3 class=\"wp-block-heading\">Structure<\/h3>    <div class=\"wp-block-media-text is-stacked-on-mobile\"><figure class=\"wp-block-media-text__media\"><img loading=\"lazy\" decoding=\"async\" width=\"720\" height=\"540\" src=\"https:\/\/topfoodmachine.com\/wp-content\/uploads\/2023\/11\/best-selling-nut-grading-machine.webp\" alt=\"Machine de classement de noix la plus vendue\" class=\"wp-image-939 size-full\" srcset=\"https:\/\/topfoodmachine.com\/wp-content\/uploads\/2023\/11\/best-selling-nut-grading-machine.webp 720w, https:\/\/topfoodmachine.com\/wp-content\/uploads\/2023\/11\/best-selling-nut-grading-machine-300x225.webp 300w\" sizes=\"auto, (max-width: 720px) 100vw, 720px\" \/><\/figure><div class=\"wp-block-media-text__content\"> <ul class=\"wp-block-list\"> <li><strong>Tr\u00e9mie d'alimentation<\/strong>. O\u00f9 les grains sont initialement charg\u00e9s pour le tri.<\/li>    <li><strong>Corps de tamis<\/strong>. \u00c9quip\u00e9 de tamis perfor\u00e9s de diff\u00e9rentes tailles pour faciliter la s\u00e9paration des grains.<\/li>    <li><strong>Cadre<\/strong>. La base robuste soutient les composants de la machine.<\/li>    <li><strong>M\u00e9canisme de conduite excentrique<\/strong>. Alimente le mouvement vibrant, permettant le processus de classement.<\/li>    <li><strong>Roulements en caoutchouc<\/strong>. Ceux-ci sont utilis\u00e9s aux points de connexion pour garantir la durabilit\u00e9, l'absorption des chocs et un fonctionnement fluide.<\/li> <\/ul> <\/div><\/div>    <h3 class=\"wp-block-heading\">Principe de fonctionnement<\/h3>    <div class=\"wp-block-media-text has-media-on-the-right is-stacked-on-mobile\"><div class=\"wp-block-media-text__content\"> <ul class=\"wp-block-list\"> <li>La machine trie les noyaux en utilisant les diff\u00e9rences de taille entre eux. Les tamis vibrants, \u00e9quip\u00e9s de perforations de diff\u00e9rentes tailles, permettent aux noyaux de passer en fonction de leurs dimensions.<\/li>    <li>Les angles de tamis r\u00e9glables contr\u00f4lent la vitesse d'\u00e9coulement des mat\u00e9riaux, garantissant une s\u00e9paration et un tri efficaces.<\/li>    <li>Le m\u00e9canisme d'entra\u00eenement excentrique cr\u00e9e le mouvement n\u00e9cessaire d'avant en arri\u00e8re, aidant au processus de s\u00e9paration, tandis que les roulements en caoutchouc garantissent que la vibration est fluide et durable.<\/li> <\/ul> <\/div><figure class=\"wp-block-media-text__media\"><img loading=\"lazy\" decoding=\"async\" width=\"720\" height=\"540\" src=\"https:\/\/topfoodmachine.com\/wp-content\/uploads\/2023\/11\/automatic-Nut-grader-machine.webp\" alt=\"machine calibreuse de noix automatique\" class=\"wp-image-1643 size-full\" srcset=\"https:\/\/topfoodmachine.com\/wp-content\/uploads\/2023\/11\/automatic-Nut-grader-machine.webp 720w, https:\/\/topfoodmachine.com\/wp-content\/uploads\/2023\/11\/automatic-Nut-grader-machine-300x225.webp 300w, https:\/\/topfoodmachine.com\/wp-content\/uploads\/2023\/11\/automatic-Nut-grader-machine-16x12.webp 16w\" sizes=\"auto, (max-width: 720px) 100vw, 720px\" \/><\/figure><\/div>    <h2 class=\"wp-block-heading\">Diff\u00e9rents types de niveleuse de noix<\/h2>    <p>Nos machines \u00e0 trier les noix offrent des options de tri flexibles avec des tamis personnalisables, g\u00e9n\u00e9ralement disponibles en deux, trois ou cinq niveaux. Cette polyvalence permet aux clients de choisir la meilleure configuration pour leurs besoins de production, garantissant un tri efficace et pr\u00e9cis.<\/p>    <div class=\"wp-block-media-text is-stacked-on-mobile\"><figure class=\"wp-block-media-text__media\"><img loading=\"lazy\" decoding=\"async\" width=\"720\" height=\"540\" src=\"https:\/\/topfoodmachine.com\/wp-content\/uploads\/2023\/11\/efficient-nut-grading-machine.webp\" alt=\"machine de classement de noix efficace\" class=\"wp-image-941 size-full\" srcset=\"https:\/\/topfoodmachine.com\/wp-content\/uploads\/2023\/11\/efficient-nut-grading-machine.webp 720w, https:\/\/topfoodmachine.com\/wp-content\/uploads\/2023\/11\/efficient-nut-grading-machine-300x225.webp 300w\" sizes=\"auto, (max-width: 720px) 100vw, 720px\" \/><\/figure><div class=\"wp-block-media-text__content\"> <ul class=\"wp-block-list\"> <li><strong>Machine \u00e0 tamis \u00e0 deux niveaux<\/strong>. Id\u00e9ale pour les t\u00e2ches de classement de base, ce mod\u00e8le dispose de deux couches de tamis pour une cat\u00e9gorisation rapide et efficace des noix par taille.<\/li>    <li><strong>Machine \u00e0 tamis \u00e0 trois niveaux<\/strong>. Un choix populaire, ce mod\u00e8le a trois couches de tamis pour un classement plus d\u00e9taill\u00e9, le rendant adapt\u00e9 \u00e0 une classification plus fine des noix.<\/li>    <li><strong>Machine \u00e0 tamis \u00e0 cinq niveaux<\/strong>. Con\u00e7ue pour une pr\u00e9cision maximale, le mod\u00e8le \u00e0 cinq niveaux offre le classement le plus raffin\u00e9, id\u00e9al pour r\u00e9pondre \u00e0 des normes de qualit\u00e9 de produit \u00e9lev\u00e9es.<\/li> <\/ul> <\/div><\/div>    <p>Nous proposons \u00e9galement des personnalisations, telles que des tailles de tamis sp\u00e9cialis\u00e9es, pour r\u00e9pondre aux exigences sp\u00e9cifiques des clients.<\/p>    <h2 class=\"wp-block-heading\">Param\u00e8tres de la machine de classement des noix<\/h2>    <figure class=\"wp-block-table\"><table><tbody><tr><td>Article<\/td><td>Tamis secondaire<\/td><td>Tamis \u00e0 trois \u00e9tages<\/td><td>Tamis \u00e0 cinq \u00e9tages<\/td><\/tr><tr><td>Capacit\u00e9<\/td><td>500kg\/heure<\/td><td>600-800 kg\/heure<\/td><td>1500-2000kg\/heure<\/td><\/tr><tr><td>Pouvoir<\/td><td>1,1 kW<\/td><td>1,1 kW<\/td><td>1,5 kW<\/td><\/tr><tr><td>Tension<\/td><td>380v<\/td><td>380v<\/td><td>380v<\/td><\/tr><tr><td>Taille<\/td><td>2400*800*1400mm<\/td><td>2400*800*1600mm<\/td><td>2400*800*2200mm<\/td><\/tr><tr><td>Poids<\/td><td>260 kg<\/td><td>300 kg<\/td><td>500 kg<\/td><\/tr><\/tbody><\/table><figcaption class=\"wp-element-caption\">param\u00e8tres de la machine \u00e0 trier les noix<\/figcaption><\/figure>    <figure class=\"wp-block-image size-full\"><img loading=\"lazy\" decoding=\"async\" width=\"720\" height=\"540\" src=\"https:\/\/topfoodmachine.com\/wp-content\/uploads\/2023\/11\/nut-grader-machine.webp\" alt=\"machine de niveleuse de noix\" class=\"wp-image-943\" srcset=\"https:\/\/topfoodmachine.com\/wp-content\/uploads\/2023\/11\/nut-grader-machine.webp 720w, https:\/\/topfoodmachine.com\/wp-content\/uploads\/2023\/11\/nut-grader-machine-300x225.webp 300w\" sizes=\"auto, (max-width: 720px) 100vw, 720px\" \/><figcaption class=\"wp-element-caption\">machine de niveleuse de noix<\/figcaption><\/figure>    <h2 class=\"wp-block-heading\">Recommandations pour l'utilisation de la calibreuse de noix<\/h2>    <p>Avant d'utiliser la machine \u00e0 trier les noix, il est important d'effectuer une inspection d\u00e9taill\u00e9e pour s'assurer que tout est en bon \u00e9tat de fonctionnement. Cela aide \u00e0 pr\u00e9venir tout probl\u00e8me pendant l'op\u00e9ration et garantit la s\u00e9curit\u00e9 et l'efficacit\u00e9.<\/p>    <div class=\"wp-block-media-text has-media-on-the-right is-stacked-on-mobile\"><div class=\"wp-block-media-text__content\"> <ul class=\"wp-block-list\"> <li><strong>Inspecter les composants<\/strong>. V\u00e9rifiez que toutes les pi\u00e8ces principales ne sont pas endommag\u00e9es par le transport et confirmez que toutes les connexions sont s\u00e9curis\u00e9es.<\/li>    <li><strong>V\u00e9rifier les syst\u00e8mes \u00e9lectriques<\/strong>. Assurez-vous que tous les interrupteurs et circuits \u00e9lectriques sont intacts et s\u00fbrs \u00e0 utiliser.<\/li>    <li><strong>Essai de fonctionnement initial<\/strong>. D\u00e9marrez la machine sans charge pour confirmer un fonctionnement fluide avant de commencer le travail r\u00e9el.<\/li> <\/ul> <\/div><figure class=\"wp-block-media-text__media\"><img loading=\"lazy\" decoding=\"async\" width=\"720\" height=\"540\" src=\"https:\/\/topfoodmachine.com\/wp-content\/uploads\/2023\/11\/high-capacity-nut-grading-machine.webp\" alt=\"machine de classement d&#039;\u00e9crous de grande capacit\u00e9\" class=\"wp-image-942 size-full\" srcset=\"https:\/\/topfoodmachine.com\/wp-content\/uploads\/2023\/11\/high-capacity-nut-grading-machine.webp 720w, https:\/\/topfoodmachine.com\/wp-content\/uploads\/2023\/11\/high-capacity-nut-grading-machine-300x225.webp 300w\" sizes=\"auto, (max-width: 720px) 100vw, 720px\" \/><\/figure><\/div>    <p>Une fois que la machine est pr\u00eate, introduisez les grains dans la tr\u00e9mie, en ajustant la porte de d\u00e9charge pour maintenir un flux de mat\u00e9riau constant. Assurez-vous que le d\u00e9bit correspond \u00e0 la vitesse de criblage de la machine pour \u00e9viter une surcharge, ce qui pourrait affecter l'efficacit\u00e9 de s\u00e9paration.<\/p>    <p>Pour les configurations impliquant plusieurs machines \u00e0 d\u00e9cortiquer, l'ajout d'un convoyeur \u00e9l\u00e9vateur peut r\u00e9duire consid\u00e9rablement l'intensit\u00e9 de travail et am\u00e9liorer l'allocation de la main-d'\u0153uvre, rationalisant ainsi l'ensemble du processus.<\/p>    <h2 class=\"wp-block-heading\">Conseils d'entretien de la machine \u00e0 trier les noix<\/h2>    <p>Pour garantir des performances optimales et la long\u00e9vit\u00e9 du calibreur de noix, un entretien r\u00e9gulier est essentiel. Suivez ces conseils d'entretien cl\u00e9s pour garder la machine en bon \u00e9tat de fonctionnement.<\/p>    <div class=\"wp-block-media-text is-stacked-on-mobile\"><figure class=\"wp-block-media-text__media\"><img loading=\"lazy\" decoding=\"async\" width=\"720\" height=\"540\" src=\"https:\/\/topfoodmachine.com\/wp-content\/uploads\/2023\/11\/commercial-Nut-grader-machine.webp\" alt=\"machine calibreuse de noix commerciale\" class=\"wp-image-1644 size-full\" srcset=\"https:\/\/topfoodmachine.com\/wp-content\/uploads\/2023\/11\/commercial-Nut-grader-machine.webp 720w, https:\/\/topfoodmachine.com\/wp-content\/uploads\/2023\/11\/commercial-Nut-grader-machine-300x225.webp 300w, https:\/\/topfoodmachine.com\/wp-content\/uploads\/2023\/11\/commercial-Nut-grader-machine-16x12.webp 16w\" sizes=\"auto, (max-width: 720px) 100vw, 720px\" \/><\/figure><div class=\"wp-block-media-text__content\"> <p><strong>Inspecter les composants de transmission<\/strong><\/p>    <ul class=\"wp-block-list\"> <li>V\u00e9rifiez que toutes les pi\u00e8ces de transmission fonctionnent correctement.<\/li>    <li>Assurez-vous que les boulons sont bien serr\u00e9s.<\/li>    <li>D\u00e9marrez la machine uniquement si tout est s\u00e9curis\u00e9.<\/li>    <li>V\u00e9rifiez la s\u00e9curit\u00e9 de tous les interrupteurs et circuits \u00e9lectriques.<\/li> <\/ul> <\/div><\/div>    <div class=\"wp-block-media-text has-media-on-the-right is-stacked-on-mobile is-vertically-aligned-center\"><div class=\"wp-block-media-text__content\"> <p><strong>Lubrifier r\u00e9guli\u00e8rement les roulements<\/strong><\/p>    <ul class=\"wp-block-list\"> <li>Appliquez de l'huile de lubrification sur tous les roulements fr\u00e9quemment pour \u00e9viter les dommages dus \u00e0 une lubrification insuffisante.<\/li> <\/ul>    <p><strong>Surveiller les roulements en caoutchouc<\/strong><\/p>    <ul class=\"wp-block-list\"> <li>Remplacez les roulements en caoutchouc us\u00e9s lors de l'entretien si n\u00e9cessaire.<\/li>    <li>V\u00e9rifiez l'usure des roulements en caoutchouc dans le m\u00e9canisme oscillant.<\/li>    <li>Puisqu'ils fonctionnent sans espace, la fatigue et le vieillissement peuvent survenir.<\/li> <\/ul> <\/div><figure class=\"wp-block-media-text__media\"><img loading=\"lazy\" decoding=\"async\" width=\"720\" height=\"540\" src=\"https:\/\/topfoodmachine.com\/wp-content\/uploads\/2023\/11\/Nut-grader-machine-for-business.webp\" alt=\"machine calibreuse de noix pour les affaires\" class=\"wp-image-1645 size-full\" srcset=\"https:\/\/topfoodmachine.com\/wp-content\/uploads\/2023\/11\/Nut-grader-machine-for-business.webp 720w, https:\/\/topfoodmachine.com\/wp-content\/uploads\/2023\/11\/Nut-grader-machine-for-business-300x225.webp 300w, https:\/\/topfoodmachine.com\/wp-content\/uploads\/2023\/11\/Nut-grader-machine-for-business-16x12.webp 16w\" sizes=\"auto, (max-width: 720px) 100vw, 720px\" \/><\/figure><\/div>    <h2 class=\"wp-block-heading\">Investissez dans notre <a href=\"https:\/\/en.wikipedia.org\/wiki\/Nut\" data-type=\"link\" data-id=\"https:\/\/en.wikipedia.org\/wiki\/Nut\" target=\"_blank\" rel=\"noopener\">noix<\/a> machine calibreuse de noix<\/h2>    <p>En conclusion, notre machine calibreuse de noix est un \u00e9quipement essentiel pour trier et classer efficacement les noix, offrant des options de tamis personnalisables pour r\u00e9pondre \u00e0 vos besoins de production. Avec son design robuste, ses capacit\u00e9s de classement pr\u00e9cises et sa facilit\u00e9 d'entretien, elle garantit des performances \u00e9lev\u00e9es et une fiabilit\u00e9 dans votre ligne de traitement.<\/p>    <p class=\"translation-block\">De plus, notre entreprise propose une large gamme d'autres machines de traitement des noix, y compris des <a href=\"https:\/\/topfoodmachine.com\/fr\/product\/almond-shelling-machine\/\" data-type=\"link\" data-id=\"https:\/\/topfoodmachine.com\/product\/almond-shelling-machine\/\">machines \u00e0 d\u00e9cortiquer<\/a>, des <a href=\"https:\/\/topfoodmachine.com\/fr\/product\/peanut-roasting-machine\/\" data-type=\"link\" data-id=\"https:\/\/topfoodmachine.com\/product\/peanut-roasting-machine\/\">machines \u00e0 r\u00f4tir<\/a>, et des <a href=\"https:\/\/topfoodmachine.com\/fr\/products\/food-packaging-machine\/\" data-type=\"link\" data-id=\"https:\/\/topfoodmachine.com\/products\/food-packaging-machine\/\">\u00e9quipements d'emballage<\/a>. N'h\u00e9sitez pas \u00e0 nous contacter pour plus de d\u00e9tails et d'inquiries - nous sommes l\u00e0 pour vous aider \u00e0 trouver la solution parfaite pour votre entreprise.<\/p>    <figure class=\"wp-block-gallery has-nested-images columns-default is-cropped wp-block-gallery-2 is-layout-flex wp-block-gallery-is-layout-flex\"> <figure class=\"wp-block-image size-large\"><img loading=\"lazy\" decoding=\"async\" width=\"720\" height=\"540\" data-id=\"1010\" src=\"https:\/\/topfoodmachine.com\/wp-content\/uploads\/2023\/11\/Almond-shelling-machine.webp\" alt=\"Machine \u00e0 d\u00e9cortiquer les amandes\" class=\"wp-image-1010\" srcset=\"https:\/\/topfoodmachine.com\/wp-content\/uploads\/2023\/11\/Almond-shelling-machine.webp 720w, https:\/\/topfoodmachine.com\/wp-content\/uploads\/2023\/11\/Almond-shelling-machine-300x225.webp 300w\" sizes=\"auto, (max-width: 720px) 100vw, 720px\" \/><figcaption class=\"wp-element-caption\">Machine \u00e0 d\u00e9cortiquer les amandes<\/figcaption><\/figure>    <figure class=\"wp-block-image size-large\"><img loading=\"lazy\" decoding=\"async\" width=\"720\" height=\"540\" data-id=\"916\" src=\"https:\/\/topfoodmachine.com\/wp-content\/uploads\/2023\/11\/Peanut-roasting-machine.webp\" alt=\"Machine \u00e0 r\u00f4tir les cacahu\u00e8tes\" class=\"wp-image-916\" srcset=\"https:\/\/topfoodmachine.com\/wp-content\/uploads\/2023\/11\/Peanut-roasting-machine.webp 720w, https:\/\/topfoodmachine.com\/wp-content\/uploads\/2023\/11\/Peanut-roasting-machine-300x225.webp 300w\" sizes=\"auto, (max-width: 720px) 100vw, 720px\" \/><figcaption class=\"wp-element-caption\">Machine \u00e0 r\u00f4tir les cacahu\u00e8tes<\/figcaption><\/figure>    <figure class=\"wp-block-image size-large\"><img loading=\"lazy\" decoding=\"async\" width=\"720\" height=\"540\" data-id=\"114\" src=\"https:\/\/topfoodmachine.com\/wp-content\/uploads\/2022\/07\/spice-powder-packing-machine.jpg\" alt=\"machine d&#039;emballage de poudre d&#039;\u00e9pices\" class=\"wp-image-114\" srcset=\"https:\/\/topfoodmachine.com\/wp-content\/uploads\/2022\/07\/spice-powder-packing-machine.jpg 720w, https:\/\/topfoodmachine.com\/wp-content\/uploads\/2022\/07\/spice-powder-packing-machine-300x225.jpg 300w\" sizes=\"auto, (max-width: 720px) 100vw, 720px\" \/><figcaption class=\"wp-element-caption\">machine d'emballage de poudre d'\u00e9pices<\/figcaption><\/figure> <\/figure>","protected":false},"excerpt":{"rendered":"<p>La machine de tri des noix est tr\u00e8s efficace et fiable, con\u00e7ue pour un tri pr\u00e9cis des cacahu\u00e8tes, des noyaux d'abricot, des noisettes, des amandes, des haricots et d'autres noix.<\/p>","protected":false},"author":1,"featured_media":938,"parent":0,"template":"","tags":[],"product-type":[5],"class_list":["post-937","product","type-product","status-publish","has-post-thumbnail","hentry","product-type-nuts-processing-machine"],"_links":{"self":[{"href":"https:\/\/topfoodmachine.com\/fr\/wp-json\/wp\/v2\/product\/937","targetHints":{"allow":["GET"]}}],"collection":[{"href":"https:\/\/topfoodmachine.com\/fr\/wp-json\/wp\/v2\/product"}],"about":[{"href":"https:\/\/topfoodmachine.com\/fr\/wp-json\/wp\/v2\/types\/product"}],"author":[{"embeddable":true,"href":"https:\/\/topfoodmachine.com\/fr\/wp-json\/wp\/v2\/users\/1"}],"wp:featuredmedia":[{"embeddable":true,"href":"https:\/\/topfoodmachine.com\/fr\/wp-json\/wp\/v2\/media\/938"}],"wp:attachment":[{"href":"https:\/\/topfoodmachine.com\/fr\/wp-json\/wp\/v2\/media?parent=937"}],"wp:term":[{"taxonomy":"post_tag","embeddable":true,"href":"https:\/\/topfoodmachine.com\/fr\/wp-json\/wp\/v2\/tags?post=937"},{"taxonomy":"product-type","embeddable":true,"href":"https:\/\/topfoodmachine.com\/fr\/wp-json\/wp\/v2\/product-type?post=937"}],"curies":[{"name":"wp","href":"https:\/\/api.w.org\/{rel}","templated":true}]}}