{"id":915,"date":"2023-11-07T14:21:35","date_gmt":"2023-11-07T06:21:35","guid":{"rendered":"https:\/\/topfoodmachine.com\/?post_type=product&#038;p=915"},"modified":"2024-08-16T18:24:38","modified_gmt":"2024-08-16T10:24:38","slug":"peanut-roasting-machine","status":"publish","type":"product","link":"https:\/\/topfoodmachine.com\/fr\/product\/peanut-roasting-machine\/","title":{"rendered":"Machine \u00e0 r\u00f4tir les cacahu\u00e8tes"},"content":{"rendered":"<div class=\"kk-star-ratings kksr-auto kksr-align-left kksr-valign-top\"     data-payload='{&quot;align&quot;:&quot;left&quot;,&quot;id&quot;:&quot;915&quot;,&quot;slug&quot;:&quot;default&quot;,&quot;valign&quot;:&quot;top&quot;,&quot;ignore&quot;:&quot;&quot;,&quot;reference&quot;:&quot;auto&quot;,&quot;class&quot;:&quot;&quot;,&quot;count&quot;:&quot;10&quot;,&quot;legendonly&quot;:&quot;&quot;,&quot;readonly&quot;:&quot;&quot;,&quot;score&quot;:&quot;4.7&quot;,&quot;starsonly&quot;:&quot;&quot;,&quot;best&quot;:&quot;5&quot;,&quot;gap&quot;:&quot;5&quot;,&quot;greet&quot;:&quot;Rate this product&quot;,&quot;legend&quot;:&quot;4.7\\\/5 - (10 votes)&quot;,&quot;size&quot;:&quot;24&quot;,&quot;title&quot;:&quot;Peanut roasting machine&quot;,&quot;width&quot;:&quot;133.8&quot;,&quot;_legend&quot;:&quot;{score}\\\/{best} - ({count} {votes})&quot;,&quot;font_factor&quot;:&quot;1.25&quot;}'>              <div class=\"kksr-stars\">      <div class=\"kksr-stars-inactive\">             <div class=\"kksr-star\" data-star=\"1\" style=\"padding-right: 5px\">               <div class=\"kksr-icon\" style=\"width: 24px; height: 24px;\"><\/div>         <\/div>             <div class=\"kksr-star\" data-star=\"2\" style=\"padding-right: 5px\">               <div class=\"kksr-icon\" style=\"width: 24px; height: 24px;\"><\/div>         <\/div>             <div class=\"kksr-star\" data-star=\"3\" style=\"padding-right: 5px\">               <div class=\"kksr-icon\" style=\"width: 24px; height: 24px;\"><\/div>         <\/div>             <div class=\"kksr-star\" data-star=\"4\" style=\"padding-right: 5px\">               <div class=\"kksr-icon\" style=\"width: 24px; height: 24px;\"><\/div>         <\/div>             <div class=\"kksr-star\" data-star=\"5\" style=\"padding-right: 5px\">               <div class=\"kksr-icon\" style=\"width: 24px; height: 24px;\"><\/div>         <\/div>     <\/div>      <div class=\"kksr-stars-active\" style=\"width: 133.8px;\">             <div class=\"kksr-star\" style=\"padding-right: 5px\">               <div class=\"kksr-icon\" style=\"width: 24px; height: 24px;\"><\/div>         <\/div>             <div class=\"kksr-star\" style=\"padding-right: 5px\">               <div class=\"kksr-icon\" style=\"width: 24px; height: 24px;\"><\/div>         <\/div>             <div class=\"kksr-star\" style=\"padding-right: 5px\">               <div class=\"kksr-icon\" style=\"width: 24px; height: 24px;\"><\/div>         <\/div>             <div class=\"kksr-star\" style=\"padding-right: 5px\">               <div class=\"kksr-icon\" style=\"width: 24px; height: 24px;\"><\/div>         <\/div>             <div class=\"kksr-star\" style=\"padding-right: 5px\">               <div class=\"kksr-icon\" style=\"width: 24px; height: 24px;\"><\/div>         <\/div>     <\/div> <\/div>                   <div class=\"kksr-legend\" style=\"font-size: 19.2px;\">             4,7\/5 - (10 votes)    <\/div>     <\/div>  <p>La machine \u00e0 r\u00f4tir les cacahu\u00e8tes n'est pas seulement adapt\u00e9e aux cacahu\u00e8tes, mais aussi aux graines de s\u00e9same, aux noix et \u00e0 d'autres mat\u00e9riaux. Le produit fini a non seulement un go\u00fbt excellent, mais est \u00e9galement rentable. Compar\u00e9e \u00e0 d'autres machines, ce mod\u00e8le est tr\u00e8s \u00e9conome en \u00e9nergie, \u00e9conomisant environ 15 % d'\u00e9nergie.<\/p>    <p>Taizy propose divers mod\u00e8les de r\u00f4tisseurs de cacahu\u00e8tes avec des capacit\u00e9s allant de 120 \u00e0 650 kg\/h, r\u00e9pondant \u00e0 diff\u00e9rents besoins de chauffage, y compris des options \u00e9lectriques et \u00e0 gaz, garantissant des r\u00e9sultats de r\u00f4tissage efficaces et uniformes.<\/p>    <figure class=\"wp-block-embed is-type-video is-provider-youtube wp-block-embed-youtube wp-embed-aspect-16-9 wp-has-aspect-ratio\"><div class=\"wp-block-embed__wrapper\"> <iframe loading=\"lazy\" title=\"R\u00f4tir des noix pour un mode de vie sain\u00a0: utiliser la machine \u00e0 r\u00f4tir les cacahu\u00e8tes #roastingmachinesfornuts\" width=\"500\" height=\"281\" src=\"https:\/\/www.youtube.com\/embed\/Z0xsNg-D3JI?start=5&#038;feature=oembed\" frameborder=\"0\" allow=\"accelerometer; autoplay; clipboard-write; encrypted-media; gyroscope; picture-in-picture; web-share\" referrerpolicy=\"strict-origin-when-cross-origin\" allowfullscreen><\/iframe> <\/div><figcaption class=\"wp-element-caption\">vid\u00e9o de fonctionnement de la machine \u00e0 r\u00f4tir les cacahu\u00e8tes<\/figcaption><\/figure>    <h2 class=\"wp-block-heading\">Applications de la machine \u00e0 r\u00f4tir les cacahu\u00e8tes<\/h2>    <p>La machine \u00e0 r\u00f4tir les cacahu\u00e8tes est polyvalente, id\u00e9ale pour r\u00f4tir non seulement des cacahu\u00e8tes mais aussi des graines de s\u00e9same, des noix de cajou, des graines de tournesol, des amandes, des noix, des noix de macadamia, des noisettes et des pistaches. Le r\u00f4tissage am\u00e9liore la saveur, la texture et l'ar\u00f4me de ces noix, les rendant adapt\u00e9es \u00e0 la p\u00e2tisserie, \u00e0 la cuisine et aux collations.<\/p>    <p>Des temp\u00e9ratures \u00e9lev\u00e9es lib\u00e8rent des huiles naturelles, rendant les noix plus croustillantes et plus savoureuses, tout en am\u00e9liorant la texture et en aidant \u00e0 la digestion. Le r\u00f4tissage \u00e9limine l'humidit\u00e9, prolongeant la dur\u00e9e de conservation, et agit comme un traitement germicide, garantissant s\u00e9curit\u00e9 et hygi\u00e8ne. Le processus donne \u00e9galement aux noix une couleur dor\u00e9e ou brun\u00e2tre pour un meilleur attrait visuel.<\/p>    <figure class=\"wp-block-gallery has-nested-images columns-default is-cropped wp-block-gallery-2 is-layout-flex wp-block-gallery-is-layout-flex\"> <figure class=\"wp-block-image size-large\"><img loading=\"lazy\" decoding=\"async\" width=\"720\" height=\"540\" data-id=\"924\" src=\"https:\/\/topfoodmachine.com\/wp-content\/uploads\/2023\/11\/almond.webp\" alt=\"amande\" class=\"wp-image-924\" srcset=\"https:\/\/topfoodmachine.com\/wp-content\/uploads\/2023\/11\/almond.webp 720w, https:\/\/topfoodmachine.com\/wp-content\/uploads\/2023\/11\/almond-300x225.webp 300w\" sizes=\"auto, (max-width: 720px) 100vw, 720px\" \/><figcaption class=\"wp-element-caption\">amande<\/figcaption><\/figure>    <figure class=\"wp-block-image size-large\"><img loading=\"lazy\" decoding=\"async\" width=\"720\" height=\"540\" data-id=\"925\" src=\"https:\/\/topfoodmachine.com\/wp-content\/uploads\/2023\/11\/cashew.webp\" alt=\"anacardier\" class=\"wp-image-925\" srcset=\"https:\/\/topfoodmachine.com\/wp-content\/uploads\/2023\/11\/cashew.webp 720w, https:\/\/topfoodmachine.com\/wp-content\/uploads\/2023\/11\/cashew-300x225.webp 300w\" sizes=\"auto, (max-width: 720px) 100vw, 720px\" \/><figcaption class=\"wp-element-caption\">anacardier<\/figcaption><\/figure>    <figure class=\"wp-block-image size-large\"><img loading=\"lazy\" decoding=\"async\" width=\"720\" height=\"540\" data-id=\"926\" src=\"https:\/\/topfoodmachine.com\/wp-content\/uploads\/2023\/11\/peanut.webp\" alt=\"arachide\" class=\"wp-image-926\" srcset=\"https:\/\/topfoodmachine.com\/wp-content\/uploads\/2023\/11\/peanut.webp 720w, https:\/\/topfoodmachine.com\/wp-content\/uploads\/2023\/11\/peanut-300x225.webp 300w\" sizes=\"auto, (max-width: 720px) 100vw, 720px\" \/><figcaption class=\"wp-element-caption\">arachide<\/figcaption><\/figure> <\/figure>    <h2 class=\"wp-block-heading\">Diff\u00e9rents types de machine \u00e0 r\u00f4tir les cacahu\u00e8tes<\/h2>    <p>Avec une compr\u00e9hension des applications, explorons les diff\u00e9rents types de machines \u00e0 r\u00f4tir les cacahu\u00e8tes disponibles pour r\u00e9pondre \u00e0 divers besoins.<\/p>    <h3 class=\"wp-block-heading\">Type 1 : <strong>machine de cuisson \u00e0 faible rendement<\/strong><\/h3>    <p>La machine \u00e0 p\u00e2tisserie \u00e0 faible rendement est parfaite pour les op\u00e9rations \u00e0 petite \u00e9chelle, offrant un contr\u00f4le pr\u00e9cis de la temp\u00e9rature et un chauffage uniforme. Son design compact assure une utilisation et un entretien faciles tout en \u00e9tant \u00e9conome en \u00e9nergie. Id\u00e9ale pour r\u00f4tir des cacahu\u00e8tes et d'autres noix en petites quantit\u00e9s, elle offre des performances fiables et des r\u00e9sultats constants.<\/p>    <figure class=\"wp-block-image size-full\"><img loading=\"lazy\" decoding=\"async\" width=\"720\" height=\"540\" src=\"https:\/\/topfoodmachine.com\/wp-content\/uploads\/2023\/11\/industrial-Peanut-roasting-machine.webp\" alt=\"machine industrielle de torr\u00e9faction d&#039;arachide\" class=\"wp-image-927\" srcset=\"https:\/\/topfoodmachine.com\/wp-content\/uploads\/2023\/11\/industrial-Peanut-roasting-machine.webp 720w, https:\/\/topfoodmachine.com\/wp-content\/uploads\/2023\/11\/industrial-Peanut-roasting-machine-300x225.webp 300w\" sizes=\"auto, (max-width: 720px) 100vw, 720px\" \/><figcaption class=\"wp-element-caption\">machine industrielle de torr\u00e9faction d'arachide<\/figcaption><\/figure>    <h3 class=\"wp-block-heading\">Type 2 : <strong>machine de cuisson \u00e0 fort rendement<\/strong><\/h3>    <p>La machine \u00e0 p\u00e2tisserie \u00e0 fort rendement est con\u00e7ue pour une capacit\u00e9 plus \u00e9lev\u00e9e avec ses doubles barils, permettant le r\u00f4tissage simultan\u00e9 de plus grandes quantit\u00e9s. Cette machine garantit un r\u00f4tissage uniforme et une saveur optimale, la rendant adapt\u00e9e aux op\u00e9rations de taille moyenne \u00e0 grande. Elle allie durabilit\u00e9 et efficacit\u00e9 \u00e9nerg\u00e9tique, am\u00e9liorant la productivit\u00e9 et la flexibilit\u00e9.<\/p>    <figure class=\"wp-block-image size-full\"><img loading=\"lazy\" decoding=\"async\" width=\"720\" height=\"540\" src=\"https:\/\/topfoodmachine.com\/wp-content\/uploads\/2023\/11\/Peanut-roasting-machine-for-food-processing.webp\" alt=\"Machine \u00e0 r\u00f4tir les cacahu\u00e8tes pour la transformation des aliments\" class=\"wp-image-919\" srcset=\"https:\/\/topfoodmachine.com\/wp-content\/uploads\/2023\/11\/Peanut-roasting-machine-for-food-processing.webp 720w, https:\/\/topfoodmachine.com\/wp-content\/uploads\/2023\/11\/Peanut-roasting-machine-for-food-processing-300x225.webp 300w\" sizes=\"auto, (max-width: 720px) 100vw, 720px\" \/><figcaption class=\"wp-element-caption\">Machine \u00e0 r\u00f4tir les cacahu\u00e8tes pour la transformation des aliments<\/figcaption><\/figure>    <p>Comprendre les diff\u00e9rents types de machines pr\u00e9pare le terrain pour explorer comment ces machines fonctionnent pour obtenir des r\u00e9sultats de r\u00f4tissage optimaux.<\/p>    <h2 class=\"wp-block-heading\">Comment fonctionne la machine \u00e0 r\u00f4tir les cacahu\u00e8tes ?<\/h2>    <p>La machine \u00e0 r\u00f4tir les arachides fonctionne gr\u00e2ce \u00e0 une cage rotative qui se d\u00e9place continuellement dans les deux sens. Ce mouvement garantit que les cacahu\u00e8tes ou d'autres mat\u00e9riaux \u00e0 l'int\u00e9rieur de la cage sont chauff\u00e9s uniform\u00e9ment. <\/p>    <p>La machine utilise soit des m\u00e9thodes de chauffage \u00e0 gaz, soit \u00e9lectriques, utilisant la conduction et le rayonnement de la chaleur pour transf\u00e9rer de l'\u00e9nergie aux mat\u00e9riaux sans contact direct avec les flammes ou les \u00e9l\u00e9ments chauffants. La chaleur est conduite \u00e0 travers l'air, r\u00e9chauffant efficacement les noix.<\/p>    <p>Pendant le processus de r\u00f4tissage, un dispositif de propulsion \u00e0 l'int\u00e9rieur de la cage rotative pousse les mat\u00e9riaux vers l'avant dans un cycle constant, favorisant un chauffage uniforme et une qualit\u00e9 de cuisson constante. <\/p>    <p>La machine dispose \u00e9galement d'un syst\u00e8me de contr\u00f4le automatique de la temp\u00e9rature, maintenant des temp\u00e9ratures entre 100 et 300 degr\u00e9s Celsius pour garantir un r\u00f4tissage pr\u00e9cis et efficace.<\/p>    <figure class=\"wp-block-gallery has-nested-images columns-default is-cropped wp-block-gallery-3 is-layout-flex wp-block-gallery-is-layout-flex\"> <figure class=\"wp-block-image size-full\"><img loading=\"lazy\" decoding=\"async\" width=\"720\" height=\"540\" data-id=\"1537\" src=\"https:\/\/topfoodmachine.com\/wp-content\/uploads\/2023\/11\/exported-nut-roaster.webp\" alt=\"r\u00f4tisseur de noix export\u00e9\" class=\"wp-image-1537\" srcset=\"https:\/\/topfoodmachine.com\/wp-content\/uploads\/2023\/11\/exported-nut-roaster.webp 720w, https:\/\/topfoodmachine.com\/wp-content\/uploads\/2023\/11\/exported-nut-roaster-300x225.webp 300w, https:\/\/topfoodmachine.com\/wp-content\/uploads\/2023\/11\/exported-nut-roaster-16x12.webp 16w\" sizes=\"auto, (max-width: 720px) 100vw, 720px\" \/><figcaption class=\"wp-element-caption\">r\u00f4tisseur de noix export\u00e9<\/figcaption><\/figure>    <figure class=\"wp-block-image size-full\"><img loading=\"lazy\" decoding=\"async\" width=\"720\" height=\"540\" data-id=\"1539\" src=\"https:\/\/topfoodmachine.com\/wp-content\/uploads\/2023\/11\/peanut-roasting-machine-for-sale-1.webp\" alt=\"machine \u00e0 r\u00f4tir les cacahu\u00e8tes \u00e0 vendre\" class=\"wp-image-1539\" srcset=\"https:\/\/topfoodmachine.com\/wp-content\/uploads\/2023\/11\/peanut-roasting-machine-for-sale-1.webp 720w, https:\/\/topfoodmachine.com\/wp-content\/uploads\/2023\/11\/peanut-roasting-machine-for-sale-1-300x225.webp 300w, https:\/\/topfoodmachine.com\/wp-content\/uploads\/2023\/11\/peanut-roasting-machine-for-sale-1-16x12.webp 16w\" sizes=\"auto, (max-width: 720px) 100vw, 720px\" \/><figcaption class=\"wp-element-caption\">machine \u00e0 r\u00f4tir les cacahu\u00e8tes \u00e0 vendre<\/figcaption><\/figure> <\/figure>    <h2 class=\"wp-block-heading\">Param\u00e8tres de la machine \u00e0 r\u00f4tir les cacahu\u00e8tes<\/h2>    <p>Pour bien comprendre comment la machine fonctionne, examinons les param\u00e8tres cl\u00e9s qui d\u00e9finissent ses performances et son efficacit\u00e9.<\/p>    <figure class=\"wp-block-table\"><table class=\"has-fixed-layout\"><tbody><tr><td>Mod\u00e8le<\/td><td>Taille (mm)<\/td><td>Capacit\u00e9 (kg\/h)<\/td><td>Puissance (kw)<\/td><td>Puissance de chauffage \u00e9lectrique (kw)<\/td><td>Consommation de chauffage \u00e0 gaz (kg)<\/td><\/tr><tr><td>MHK-1<\/td><td>3000*1200*1700<\/td><td>80\u2014120<\/td><td>1.1<\/td><td>18<\/td><td>2-3<\/td><\/tr><tr><td>MHK-2<\/td><td>3000*2200*1700<\/td><td>180\u2014250<\/td><td>2.2<\/td><td>35<\/td><td>3-6<\/td><\/tr><tr><td>MHK-3<\/td><td>3000*3300*1700<\/td><td>280\u2014350<\/td><td>3.3<\/td><td>45<\/td><td>6-9<\/td><\/tr><tr><td>MHK-4<\/td><td>3000*4400*1700<\/td><td>380\u2014450<\/td><td>4.4<\/td><td>60<\/td><td>9-12<\/td><\/tr><tr><td>MHK-5<\/td><td>3000*5500*1700<\/td><td>500&#8211;650<\/td><td>5.5<\/td><td>75<\/td><td>12-15<\/td><\/tr><\/tbody><\/table><figcaption class=\"wp-element-caption\">param\u00e8tres de la machine \u00e0 r\u00f4tir les arachides<\/figcaption><\/figure>    <figure class=\"wp-block-image size-full\"><img loading=\"lazy\" decoding=\"async\" width=\"720\" height=\"540\" src=\"https:\/\/topfoodmachine.com\/wp-content\/uploads\/2023\/11\/hazelnuts-roasting-machine.webp\" alt=\"machine \u00e0 r\u00f4tir les noisettes\" class=\"wp-image-1538\" srcset=\"https:\/\/topfoodmachine.com\/wp-content\/uploads\/2023\/11\/hazelnuts-roasting-machine.webp 720w, https:\/\/topfoodmachine.com\/wp-content\/uploads\/2023\/11\/hazelnuts-roasting-machine-300x225.webp 300w, https:\/\/topfoodmachine.com\/wp-content\/uploads\/2023\/11\/hazelnuts-roasting-machine-16x12.webp 16w\" sizes=\"auto, (max-width: 720px) 100vw, 720px\" \/><figcaption class=\"wp-element-caption\">machine \u00e0 r\u00f4tir les noisettes<\/figcaption><\/figure>    <h2 class=\"wp-block-heading\">Avantages de la machine \u00e0 r\u00f4tir les cacahu\u00e8tes<\/h2>    <p>Avec les d\u00e9tails op\u00e9rationnels et les param\u00e8tres en t\u00eate, examinons les avantages sp\u00e9cifiques de l'utilisation d'une machine \u00e0 r\u00f4tir les cacahu\u00e8tes.<\/p>    <ul class=\"wp-block-list\"> <li><strong>Contr\u00f4le automatique de la temp\u00e9rature.<\/strong> R\u00e9glages ajustables pour divers mat\u00e9riaux.<\/li>    <li><strong>Conception avanc\u00e9e.<\/strong> Chauffage rapide et stable avec une haute performance de s\u00e9curit\u00e9.<\/li>    <li><strong>Contr\u00f4leur de temps.<\/strong> Temps de cuisson ajustable avec une alarme automatique pour r\u00e9duire le travail.<\/li>    <li><strong>Efficacit\u00e9 \u00e9nerg\u00e9tique.<\/strong> \u00c9conomise 10 \u00e0 20 % d'\u00e9nergie par rapport \u00e0 d'autres machines.<\/li>    <li><strong>Construction robuste.<\/strong> Base solide, cadre durable et tambour rotatif interne.<\/li>    <li><strong>Options de chauffage.<\/strong> Disponible avec chauffage \u00e9lectrique ou \u00e0 gaz.<\/li>    <li><strong>Capacit\u00e9 et personnalisation.<\/strong> Des mod\u00e8les sont disponibles en 120kg\/h, 250kg\/h, 350kg\/h et 450kg\/h, avec taille et apparence personnalisables.<\/li> <\/ul>    <figure class=\"wp-block-image size-full\"><img loading=\"lazy\" decoding=\"async\" width=\"720\" height=\"540\" src=\"https:\/\/topfoodmachine.com\/wp-content\/uploads\/2023\/11\/Peanut-roasting-machine-1.webp\" alt=\"Machine \u00e0 r\u00f4tir les cacahu\u00e8tes\" class=\"wp-image-918\" srcset=\"https:\/\/topfoodmachine.com\/wp-content\/uploads\/2023\/11\/Peanut-roasting-machine-1.webp 720w, https:\/\/topfoodmachine.com\/wp-content\/uploads\/2023\/11\/Peanut-roasting-machine-1-300x225.webp 300w\" sizes=\"auto, (max-width: 720px) 100vw, 720px\" \/><figcaption class=\"wp-element-caption\">Machine \u00e0 r\u00f4tir les cacahu\u00e8tes<\/figcaption><\/figure>    <h2 class=\"wp-block-heading\">Pourquoi choisir d'acheter une machine \u00e0 r\u00f4tir les cacahu\u00e8tes chez Taizy ?<\/h2>    <p class=\"translation-block\"><strong>Force de l'entreprise<\/strong>. Taizy est un fabricant renomm\u00e9 avec une vaste exp\u00e9rience et des normes de production de haute qualit\u00e9.<\/p>    <p class=\"translation-block\"><strong>Service exceptionnel.<\/strong> Nous fournissons un support personnalis\u00e9 et un service client r\u00e9actif pour vous aider \u00e0 trouver la machine parfaite et r\u00e9pondre \u00e0 toutes vos questions.<\/p>    <p class=\"translation-block\"><strong>Support apr\u00e8s-vente complet<\/strong>. Nous offrons une assistance \u00e0 l'installation, un entretien r\u00e9gulier et un d\u00e9pannage rapide, ainsi que des pi\u00e8ces de rechange facilement disponibles pour garantir un fonctionnement fluide.<\/p>    <figure class=\"wp-block-gallery has-nested-images columns-default is-cropped wp-block-gallery-4 is-layout-flex wp-block-gallery-is-layout-flex\"> <figure class=\"wp-block-image size-full\"><img loading=\"lazy\" decoding=\"async\" width=\"720\" height=\"540\" data-id=\"920\" src=\"https:\/\/topfoodmachine.com\/wp-content\/uploads\/2023\/11\/commercial-Peanut-roasting-machine.webp\" alt=\"machine \u00e0 r\u00f4tir les arachides commerciale\" class=\"wp-image-920\" srcset=\"https:\/\/topfoodmachine.com\/wp-content\/uploads\/2023\/11\/commercial-Peanut-roasting-machine.webp 720w, https:\/\/topfoodmachine.com\/wp-content\/uploads\/2023\/11\/commercial-Peanut-roasting-machine-300x225.webp 300w\" sizes=\"auto, (max-width: 720px) 100vw, 720px\" \/><figcaption class=\"wp-element-caption\">machine \u00e0 r\u00f4tir les arachides commerciale<\/figcaption><\/figure>    <figure class=\"wp-block-image size-full\"><img loading=\"lazy\" decoding=\"async\" width=\"720\" height=\"540\" data-id=\"1540\" src=\"https:\/\/topfoodmachine.com\/wp-content\/uploads\/2023\/11\/walnuts-roaster.webp\" alt=\"r\u00f4tisseur de noix\" class=\"wp-image-1540\" srcset=\"https:\/\/topfoodmachine.com\/wp-content\/uploads\/2023\/11\/walnuts-roaster.webp 720w, https:\/\/topfoodmachine.com\/wp-content\/uploads\/2023\/11\/walnuts-roaster-300x225.webp 300w, https:\/\/topfoodmachine.com\/wp-content\/uploads\/2023\/11\/walnuts-roaster-16x12.webp 16w\" sizes=\"auto, (max-width: 720px) 100vw, 720px\" \/><figcaption class=\"wp-element-caption\">r\u00f4tisseur de noix<\/figcaption><\/figure> <\/figure>    <h2 class=\"wp-block-heading\">Questions fr\u00e9quentes sur la machine \u00e0 r\u00f4tir les noix<\/h2>    <p>Pour r\u00e9pondre \u00e0 toutes les questions et pr\u00e9occupations restantes, voici quelques questions fr\u00e9quemment pos\u00e9es sur la machine \u00e0 r\u00f4tir les cacahu\u00e8tes.<\/p>   <div id=\"rank-math-faq\" class=\"rank-math-block\"> <div class=\"rank-math-list\"> <div id=\"faq-question-1722496424491\" class=\"rank-math-list-item\"> <h3 class=\"rank-math-question\">Comment la machine garantit-elle une cuisson uniforme ?<\/h3> <div class=\"rank-math-answer\">  <p>La machine dispose d'un tambour rotatif et d'un dispositif de propulsion qui d\u00e9place continuellement le mat\u00e9riau vers l'avant, garantissant un chauffage uniforme tout au long du processus de r\u00f4tissage.<\/p>  <\/div> <\/div> <div id=\"faq-question-1722496451370\" class=\"rank-math-list-item\"> <h3 class=\"rank-math-question\">La machine endommagera-t-elle le mat\u00e9riau pendant la cuisson ?<\/h3> <div class=\"rank-math-answer\">  <p>La machine utilise la conduction et le rayonnement de la chaleur sans contact direct avec les flammes ou les \u00e9l\u00e9ments chauffants, emp\u00eachant ainsi d'endommager les mat\u00e9riaux.<\/p>  <\/div> <\/div> <div id=\"faq-question-1722496465671\" class=\"rank-math-list-item\"> <h3 class=\"rank-math-question\">La machine est-elle s\u00fbre \u00e0 utiliser ?<\/h3> <div class=\"rank-math-answer\">  <p>Oui, la machine est con\u00e7ue avec des normes de s\u00e9curit\u00e9 \u00e9lev\u00e9es, y compris des syst\u00e8mes de chauffage fiables et des fonctionnalit\u00e9s de contr\u00f4le de la temp\u00e9rature pour garantir un fonctionnement s\u00fbr.<\/p>  <\/div> <\/div> <div id=\"faq-question-1722496478838\" class=\"rank-math-list-item\"> <h3 class=\"rank-math-question\">La machine peut-elle \u00eatre personnalis\u00e9e ?<\/h3> <div class=\"rank-math-answer\">  <p>Oui, nous proposons des options de personnalisation pour la taille, l'apparence, la m\u00e9thode de chauffage et la capacit\u00e9 de la machine en fonction des exigences sp\u00e9cifiques des clients.<\/p>  <\/div> <\/div> <div id=\"faq-question-1722496499004\" class=\"rank-math-list-item\"> <h3 class=\"rank-math-question\">L'entretien et le nettoyage de la machine sont-ils faciles ?<\/h3> <div class=\"rank-math-answer\">  <p>La machine est con\u00e7ue avec une structure simple qui facilite l'entretien et le nettoyage quotidiens.<\/p>  <\/div> <\/div> <div id=\"faq-question-1722497042163\" class=\"rank-math-list-item\"> <h3 class=\"rank-math-question\">Quel est le prix de la machine \u00e0 r\u00f4tir les cacahu\u00e8tes ?<\/h3> <div class=\"rank-math-answer\">  <p>Le prix de la machine \u00e0 r\u00f4tir les cacahu\u00e8tes varie en fonction du mod\u00e8le, de la capacit\u00e9 et des options de personnalisation. Pour un devis pr\u00e9cis, veuillez nous contacter avec vos exigences sp\u00e9cifiques et nous vous fournirons un prix d\u00e9taill\u00e9 bas\u00e9 sur vos besoins.<\/p>  <\/div> <\/div> <\/div> <\/div>   <figure class=\"wp-block-image size-full\"><img loading=\"lazy\" decoding=\"async\" width=\"720\" height=\"540\" src=\"https:\/\/topfoodmachine.com\/wp-content\/uploads\/2023\/11\/Peanut-roasting-machine-for-sale.webp\" alt=\"Machine \u00e0 r\u00f4tir les cacahu\u00e8tes \u00e0 vendre\" class=\"wp-image-917\" srcset=\"https:\/\/topfoodmachine.com\/wp-content\/uploads\/2023\/11\/Peanut-roasting-machine-for-sale.webp 720w, https:\/\/topfoodmachine.com\/wp-content\/uploads\/2023\/11\/Peanut-roasting-machine-for-sale-300x225.webp 300w\" sizes=\"auto, (max-width: 720px) 100vw, 720px\" \/><figcaption class=\"wp-element-caption\">Machine \u00e0 r\u00f4tir les cacahu\u00e8tes \u00e0 vendre<\/figcaption><\/figure>    <h2 class=\"wp-block-heading\">Conclusion<\/h2>    <p class=\"translation-block\">En conclusion, la <a href=\"https:\/\/en.wikipedia.org\/wiki\/Groundnut\" data-type=\"link\" data-id=\"https:\/\/en.wikipedia.org\/wiki\/Groundnut\" target=\"_blank\" rel=\"noopener\">machine \u00e0 r\u00f4tir les arachides<\/a> est un outil essentiel pour am\u00e9liorer la saveur, la texture et l'ar\u00f4me de diverses noix, les rendant id\u00e9ales pour diverses applications culinaires. Sa polyvalence, son efficacit\u00e9 \u00e9nerg\u00e9tique et ses options personnalisables en font un ajout pr\u00e9cieux \u00e0 toute op\u00e9ration de transformation alimentaire.<\/p>    <p class=\"translation-block\">Nous proposons \u00e9galement une gamme d'autres machines de transformation des cacahu\u00e8tes, y compris la <a href=\"https:\/\/topfoodmachine.com\/fr\/product\/peanut-peeling-machine\/\" data-type=\"link\" data-id=\"https:\/\/topfoodmachine.com\/product\/peanut-peeling-machine\/\">machine \u00e0 \u00e9plucher les cacahu\u00e8tes<\/a>, la <a href=\"https:\/\/topfoodmachine.com\/fr\/product\/peanut-coating-machine\/\" data-type=\"link\" data-id=\"https:\/\/topfoodmachine.com\/product\/peanut-coating-machine\/\">machine \u00e0 enrober les cacahu\u00e8tes<\/a>, et la <a href=\"https:\/\/topfoodmachine.com\/fr\/product\/peanut-half-cutting-machine\/\" data-type=\"link\" data-id=\"https:\/\/topfoodmachine.com\/product\/peanut-half-cutting-machine\/\">machine \u00e0 couper les cacahu\u00e8tes en deux<\/a>. Pour toute demande et plus d'informations, n'h\u00e9sitez pas \u00e0 nous contacter. Nous sommes impatients de r\u00e9pondre \u00e0 vos besoins.<\/p>    <p><\/p>","protected":false},"excerpt":{"rendered":"<p>La machine \u00e0 r\u00f4tir les cacahu\u00e8tes est adapt\u00e9e pour s\u00e9cher les cacahu\u00e8tes, les graines de s\u00e9same, les noix et d'autres mat\u00e9riaux. Le produit fini non seulement a un go\u00fbt excellent mais est \u00e9galement rentable.<\/p>","protected":false},"author":1,"featured_media":916,"parent":0,"template":"","tags":[30,68,67,69,70],"product-type":[5],"class_list":["post-915","product","type-product","status-publish","has-post-thumbnail","hentry","tag-food-machine","tag-groundnut","tag-peanut","tag-roaster-machine","tag-roasting","product-type-nuts-processing-machine"],"_links":{"self":[{"href":"https:\/\/topfoodmachine.com\/fr\/wp-json\/wp\/v2\/product\/915","targetHints":{"allow":["GET"]}}],"collection":[{"href":"https:\/\/topfoodmachine.com\/fr\/wp-json\/wp\/v2\/product"}],"about":[{"href":"https:\/\/topfoodmachine.com\/fr\/wp-json\/wp\/v2\/types\/product"}],"author":[{"embeddable":true,"href":"https:\/\/topfoodmachine.com\/fr\/wp-json\/wp\/v2\/users\/1"}],"wp:featuredmedia":[{"embeddable":true,"href":"https:\/\/topfoodmachine.com\/fr\/wp-json\/wp\/v2\/media\/916"}],"wp:attachment":[{"href":"https:\/\/topfoodmachine.com\/fr\/wp-json\/wp\/v2\/media?parent=915"}],"wp:term":[{"taxonomy":"post_tag","embeddable":true,"href":"https:\/\/topfoodmachine.com\/fr\/wp-json\/wp\/v2\/tags?post=915"},{"taxonomy":"product-type","embeddable":true,"href":"https:\/\/topfoodmachine.com\/fr\/wp-json\/wp\/v2\/product-type?post=915"}],"curies":[{"name":"wp","href":"https:\/\/api.w.org\/{rel}","templated":true}]}}