{"id":905,"date":"2023-11-03T13:44:55","date_gmt":"2023-11-03T05:44:55","guid":{"rendered":"https:\/\/topfoodmachine.com\/?post_type=product&#038;p=905"},"modified":"2023-11-21T17:57:46","modified_gmt":"2023-11-21T09:57:46","slug":"peanut-half-cutting-machine","status":"publish","type":"product","link":"https:\/\/topfoodmachine.com\/fr\/product\/peanut-half-cutting-machine\/","title":{"rendered":"Machine \u00e0 couper la moiti\u00e9 des cacahu\u00e8tes"},"content":{"rendered":"<div class=\"kk-star-ratings kksr-auto kksr-align-left kksr-valign-top\"     data-payload='{&quot;align&quot;:&quot;left&quot;,&quot;id&quot;:&quot;905&quot;,&quot;slug&quot;:&quot;default&quot;,&quot;valign&quot;:&quot;top&quot;,&quot;ignore&quot;:&quot;&quot;,&quot;reference&quot;:&quot;auto&quot;,&quot;class&quot;:&quot;&quot;,&quot;count&quot;:&quot;10&quot;,&quot;legendonly&quot;:&quot;&quot;,&quot;readonly&quot;:&quot;&quot;,&quot;score&quot;:&quot;4.6&quot;,&quot;starsonly&quot;:&quot;&quot;,&quot;best&quot;:&quot;5&quot;,&quot;gap&quot;:&quot;5&quot;,&quot;greet&quot;:&quot;Rate this product&quot;,&quot;legend&quot;:&quot;4.6\\\/5 - (10 votes)&quot;,&quot;size&quot;:&quot;24&quot;,&quot;title&quot;:&quot;Peanut half cutting machine&quot;,&quot;width&quot;:&quot;130.9&quot;,&quot;_legend&quot;:&quot;{score}\\\/{best} - ({count} {votes})&quot;,&quot;font_factor&quot;:&quot;1.25&quot;}'>              <div class=\"kksr-stars\">      <div class=\"kksr-stars-inactive\">             <div class=\"kksr-star\" data-star=\"1\" style=\"padding-right: 5px\">               <div class=\"kksr-icon\" style=\"width: 24px; height: 24px;\"><\/div>         <\/div>             <div class=\"kksr-star\" data-star=\"2\" style=\"padding-right: 5px\">               <div class=\"kksr-icon\" style=\"width: 24px; height: 24px;\"><\/div>         <\/div>             <div class=\"kksr-star\" data-star=\"3\" style=\"padding-right: 5px\">               <div class=\"kksr-icon\" style=\"width: 24px; height: 24px;\"><\/div>         <\/div>             <div class=\"kksr-star\" data-star=\"4\" style=\"padding-right: 5px\">               <div class=\"kksr-icon\" style=\"width: 24px; height: 24px;\"><\/div>         <\/div>             <div class=\"kksr-star\" data-star=\"5\" style=\"padding-right: 5px\">               <div class=\"kksr-icon\" style=\"width: 24px; height: 24px;\"><\/div>         <\/div>     <\/div>      <div class=\"kksr-stars-active\" style=\"width: 130.9px;\">             <div class=\"kksr-star\" style=\"padding-right: 5px\">               <div class=\"kksr-icon\" style=\"width: 24px; height: 24px;\"><\/div>         <\/div>             <div class=\"kksr-star\" style=\"padding-right: 5px\">               <div class=\"kksr-icon\" style=\"width: 24px; height: 24px;\"><\/div>         <\/div>             <div class=\"kksr-star\" style=\"padding-right: 5px\">               <div class=\"kksr-icon\" style=\"width: 24px; height: 24px;\"><\/div>         <\/div>             <div class=\"kksr-star\" style=\"padding-right: 5px\">               <div class=\"kksr-icon\" style=\"width: 24px; height: 24px;\"><\/div>         <\/div>             <div class=\"kksr-star\" style=\"padding-right: 5px\">               <div class=\"kksr-icon\" style=\"width: 24px; height: 24px;\"><\/div>         <\/div>     <\/div> <\/div>                   <div class=\"kksr-legend\" style=\"font-size: 19.2px;\">             4,6\/5 - (10 votes)    <\/div>     <\/div>  <p>Dans le domaine de la transformation des noix, la pr\u00e9cision et l\u2019efficacit\u00e9 sont primordiales. Entrez dans la machine \u00e0 couper les cacahu\u00e8tes, une innovation de pointe con\u00e7ue pour r\u00e9volutionner la fa\u00e7on dont les cacahu\u00e8tes sont pr\u00e9par\u00e9es pour diverses applications culinaires. Cet \u00e9quipement sophistiqu\u00e9 est m\u00e9ticuleusement con\u00e7u pour fournir des coupes pr\u00e9cises et uniformes, garantissant une qualit\u00e9 et une coh\u00e9rence optimales dans chaque lot.<\/p>    <p>La machine \u00e0 couper les moiti\u00e9s de cacahu\u00e8tes est \u00e9quip\u00e9e d'une technologie de pointe, capable de traiter de grands volumes de cacahu\u00e8tes avec aisance. Son fonctionnement \u00e0 grande vitesse et ses r\u00e9glages personnalisables permettent un traitement adapt\u00e9, r\u00e9pondant \u00e0 des exigences diverses au sein de l'industrie alimentaire. Que ce soit pour la confiserie, la cuisson ou les projets culinaires, cette machine promet d'\u00e9lever le processus de production \u00e0 de nouveaux sommets.<\/p>    <figure class=\"wp-block-image size-full\"><img loading=\"lazy\" decoding=\"async\" width=\"720\" height=\"540\" src=\"https:\/\/topfoodmachine.com\/wp-content\/uploads\/2023\/11\/peanut-chopper.webp\" alt=\"hachoir \u00e0 cacahu\u00e8tes\" class=\"wp-image-906\" srcset=\"https:\/\/topfoodmachine.com\/wp-content\/uploads\/2023\/11\/peanut-chopper.webp 720w, https:\/\/topfoodmachine.com\/wp-content\/uploads\/2023\/11\/peanut-chopper-300x225.webp 300w\" sizes=\"auto, (max-width: 720px) 100vw, 720px\" \/><figcaption class=\"wp-element-caption\">hachoir \u00e0 cacahu\u00e8tes<\/figcaption><\/figure>    <h2 class=\"wp-block-heading\">Principales caract\u00e9ristiques de la machine \u00e0 diviser les cacahu\u00e8tes<\/h2>    <ol class=\"wp-block-list\"> <li><strong>D\u00e9coupe de pr\u00e9cision\u00a0:<\/strong> Bien con\u00e7u pour couper en deux les cacahu\u00e8tes avec pr\u00e9cision, garantissant coh\u00e9rence et uniformit\u00e9.<\/li>    <li><strong>Capacit\u00e9 de traitement \u00e9lev\u00e9e\u00a0:<\/strong> Capable d\u2019effectuer des op\u00e9rations \u00e0 grande vitesse, manipulant efficacement de grandes quantit\u00e9s d\u2019arachides pour augmenter la productivit\u00e9.<\/li>    <li><strong>Fonctionnalit\u00e9 de d\u00e9corticage\u00a0:<\/strong> \u00c9quip\u00e9 d'un souffleur qui \u00e9limine efficacement les coques ext\u00e9rieures des cacahu\u00e8tes, rationalisant ainsi le processus de traitement.<\/li>    <li><strong>Param\u00e8tres personnalisables\u00a0:<\/strong> Les utilisateurs peuvent ajuster les param\u00e8tres de coupe pour s'adapter \u00e0 diff\u00e9rentes tailles d'arachides et exigences de traitement, offrant ainsi un haut niveau de personnalisation.<\/li>    <li><strong>M\u00e9canismes de s\u00e9curit\u00e9\u00a0:<\/strong> Int\u00e8gre des fonctionnalit\u00e9s de s\u00e9curit\u00e9 avanc\u00e9es pour prot\u00e9ger les op\u00e9rateurs pendant le fonctionnement, garantissant ainsi un environnement de travail s\u00e9curis\u00e9.<\/li>    <li><strong>Entretien facile:<\/strong> Sa structure simple permet un nettoyage et un entretien faciles, r\u00e9duisant ainsi les co\u00fbts de maintenance et minimisant les temps d'arr\u00eat.<\/li>    <li><strong>Int\u00e9gration efficace du flux de travail\u00a0:<\/strong> Peut \u00eatre int\u00e9gr\u00e9 de mani\u00e8re transparente aux lignes de traitement de noix existantes, optimisant ainsi les processus de production globaux.<\/li> <\/ol>    <figure class=\"wp-block-image size-full\"><img loading=\"lazy\" decoding=\"async\" width=\"720\" height=\"540\" src=\"https:\/\/topfoodmachine.com\/wp-content\/uploads\/2023\/11\/peanut-chopping-machine-for-sale.webp\" alt=\"Machine \u00e0 hacher les cacahu\u00e8tes \u00e0 vendre\" class=\"wp-image-907\" srcset=\"https:\/\/topfoodmachine.com\/wp-content\/uploads\/2023\/11\/peanut-chopping-machine-for-sale.webp 720w, https:\/\/topfoodmachine.com\/wp-content\/uploads\/2023\/11\/peanut-chopping-machine-for-sale-300x225.webp 300w\" sizes=\"auto, (max-width: 720px) 100vw, 720px\" \/><figcaption class=\"wp-element-caption\">Machine \u00e0 hacher les cacahu\u00e8tes \u00e0 vendre<\/figcaption><\/figure>    <h2 class=\"wp-block-heading\">Processus de travail de la machine \u00e0 hacher les cacahu\u00e8tes<\/h2>    <ol class=\"wp-block-list\"> <li><strong>\u00c9tape d'alimentation\u00a0:<\/strong> Des cacahu\u00e8tes enti\u00e8res sont introduites dans la tr\u00e9mie ou le m\u00e9canisme d'alimentation de la machine, servant d'entr\u00e9e initiale de mati\u00e8re premi\u00e8re.<\/li>    <li><strong>Processus de d\u00e9corticage\u00a0:<\/strong> Tout d\u2019abord, les cacahu\u00e8tes entrent dans la phase de d\u00e9corticage. Dans cette phase, la machine peut \u00eatre \u00e9quip\u00e9e d'un dispositif de d\u00e9corticage qui utilise un ventilateur ou un flux d'air pour retirer les coques ext\u00e9rieures des cacahu\u00e8tes.<\/li>    <li><strong>Transport et alignement\u00a0:<\/strong> Apr\u00e8s le d\u00e9corticage, les cacahu\u00e8tes transform\u00e9es sont achemin\u00e9es vers la section de d\u00e9coupe. \u00c0 ce stade, ils sont g\u00e9n\u00e9ralement align\u00e9s pour garantir un positionnement correct pour la coupe.<\/li>    <li><strong>Activation du m\u00e9canisme de coupe\u00a0:<\/strong> Lorsque les cacahu\u00e8tes atteignent la section de coupe, le m\u00e9canisme de coupe est activ\u00e9. <\/li>    <li><strong>D\u00e9coupe de pr\u00e9cision\u00a0:<\/strong> Le m\u00e9canisme de coupe activ\u00e9 coupe rapidement et pr\u00e9cis\u00e9ment chaque cacahu\u00e8te en deux moiti\u00e9s. La pr\u00e9cision de la coupe est cruciale pour garantir l\u2019uniformit\u00e9 du produit final.<\/li>    <li><strong>R\u00e9p\u00e9ter le processus\u00a0:<\/strong> La machine continue de traiter les cacahu\u00e8tes de mani\u00e8re continue ou par lots.<\/li> <\/ol>    <figure class=\"wp-block-embed is-type-video is-provider-youtube wp-block-embed-youtube wp-embed-aspect-16-9 wp-has-aspect-ratio\"><div class=\"wp-block-embed__wrapper\"> <iframe loading=\"lazy\" title=\"Comment traiter rapidement des cacahu\u00e8tes en vrac avec une machine \u00e0 d\u00e9couper les cacahu\u00e8tes\u00a0? #cacahu\u00e8tes #cacahu\u00e8tesrecette\" width=\"500\" height=\"281\" src=\"https:\/\/www.youtube.com\/embed\/WIb2lJvahRc?feature=oembed\" frameborder=\"0\" allow=\"accelerometer; autoplay; clipboard-write; encrypted-media; gyroscope; picture-in-picture; web-share\" referrerpolicy=\"strict-origin-when-cross-origin\" allowfullscreen><\/iframe> <\/div><\/figure>    <h2 class=\"wp-block-heading\">Applications de la machine \u00e0 couper la moiti\u00e9 des cacahu\u00e8tes<\/h2>    <ol class=\"wp-block-list\"> <li><strong>Fabrication de bonbons\u00a0:<\/strong> Les cacahu\u00e8tes coup\u00e9es en deux peuvent \u00eatre utilis\u00e9es comme ingr\u00e9dient dans divers bonbons, tels que des grappes de cacahu\u00e8tes enrob\u00e9es de chocolat ou des coupes au beurre de cacahu\u00e8te.<\/li>    <li><strong>Grillage:<\/strong> Des cacahu\u00e8tes coup\u00e9es en deux peuvent \u00eatre incluses dans un m\u00e9lange de noix grill\u00e9es pour ajouter de la texture et de la saveur.<\/li>    <li><strong>P\u00e2tisserie:<\/strong> Les cacahu\u00e8tes peuvent \u00eatre incorpor\u00e9es dans des produits de boulangerie, tels que des biscuits au beurre de cacahu\u00e8te, des g\u00e2teaux au beurre de cacahu\u00e8te, ou ajout\u00e9es au pain.<\/li>    <li><strong>Sauces et assaisonnements\u00a0:<\/strong> Les cacahu\u00e8tes coup\u00e9es en deux peuvent \u00eatre transform\u00e9es en beurre de cacahu\u00e8te ou utilis\u00e9es comme assaisonnement dans divers plats.<\/li>    <li><strong>Salades et plats froids :<\/strong> Les cacahu\u00e8tes coup\u00e9es en deux peuvent \u00eatre utilis\u00e9es comme ingr\u00e9dient dans des salades ou des plats froids pour ajouter une texture croquante.<\/li>    <li><strong>Cuisine asiatique\u00a0:<\/strong> Dans de nombreuses cuisines asiatiques, les cacahu\u00e8tes sont un ingr\u00e9dient courant et peuvent \u00eatre utilis\u00e9es pour pr\u00e9parer une sauce aux cacahu\u00e8tes ou comme garniture pour des plats comme les nouilles froides au s\u00e9same.<\/li>    <li><strong>Le grignotage:<\/strong> Les cacahu\u00e8tes coup\u00e9es en deux peuvent \u00eatre d\u00e9gust\u00e9es seules comme collation saine ou m\u00e9lang\u00e9es \u00e0 d\u2019autres noix pour cr\u00e9er une collation \u00e0 base de noix m\u00e9lang\u00e9es.<\/li>    <li><strong>Breuvages:<\/strong> Les cacahu\u00e8tes peuvent \u00eatre utilis\u00e9es pour pr\u00e9parer des smoothies au lait de cacahu\u00e8te ou au beurre de cacahu\u00e8te, ajoutant une saveur de noisette \u00e0 la boisson.<\/li> <\/ol>    <figure class=\"wp-block-image size-full\"><img loading=\"lazy\" decoding=\"async\" width=\"720\" height=\"540\" src=\"https:\/\/topfoodmachine.com\/wp-content\/uploads\/2023\/11\/peanut-chopping-machine.webp\" alt=\"machine \u00e0 hacher les cacahu\u00e8tes\" class=\"wp-image-908\" srcset=\"https:\/\/topfoodmachine.com\/wp-content\/uploads\/2023\/11\/peanut-chopping-machine.webp 720w, https:\/\/topfoodmachine.com\/wp-content\/uploads\/2023\/11\/peanut-chopping-machine-300x225.webp 300w\" sizes=\"auto, (max-width: 720px) 100vw, 720px\" \/><figcaption class=\"wp-element-caption\">machine \u00e0 hacher les cacahu\u00e8tes<\/figcaption><\/figure>    <h2 class=\"wp-block-heading\">Param\u00e8tres techniques de la demi-machine \u00e0 couper les cacahu\u00e8tes<\/h2>    <figure class=\"wp-block-table\"><table><tbody><tr><td>Mod\u00e8le<\/td><td>Taille<\/td><td>Capacit\u00e9<\/td><td>Pouvoir<\/td><td>Tension<\/td><\/tr><tr><td>TZ-10<\/td><td>1900x850x1350mm<\/td><td>500-600 kg\/heure<\/td><td>1,5 kW<\/td><td>380v<\/td><\/tr><\/tbody><\/table><\/figure>    <h2 class=\"wp-block-heading\">Pourquoi choisir d'acheter notre demi-machine \u00e0 couper les cacahu\u00e8tes<\/h2>    <p>Soutenus par notre \u00e9quipe d\u2019ing\u00e9nieurs d\u00e9vou\u00e9s et une riche exp\u00e9rience, nous poss\u00e9dons l\u2019expertise n\u00e9cessaire pour fournir des solutions hautement personnalis\u00e9es adapt\u00e9es pour r\u00e9pondre \u00e0 diverses sp\u00e9cifications et exigences de traitement. Reconnaissant que l'efficacit\u00e9 et la pr\u00e9cision sont primordiales dans la production industrielle moderne, notre machine \u00e0 couper les demi-arachides promet une am\u00e9lioration transformatrice de votre processus de production.<\/p>    <p>De plus, nos produits respectent les normes de s\u00e9curit\u00e9 et d\u2019hygi\u00e8ne les plus \u00e9lev\u00e9es, garantissant le bien-\u00eatre des op\u00e9rateurs et maintenant une hygi\u00e8ne irr\u00e9prochable tout au long du parcours de transformation. Nous proposons \u00e9galement un service apr\u00e8s-vente complet pour garantir le fonctionnement fiable et \u00e0 long terme de vos \u00e9quipements.<\/p>    <figure class=\"wp-block-image size-full\"><img loading=\"lazy\" decoding=\"async\" width=\"720\" height=\"540\" src=\"https:\/\/topfoodmachine.com\/wp-content\/uploads\/2023\/11\/peanut-cutter-machine.webp\" alt=\"machine de coupe d&#039;arachide\" class=\"wp-image-909\" srcset=\"https:\/\/topfoodmachine.com\/wp-content\/uploads\/2023\/11\/peanut-cutter-machine.webp 720w, https:\/\/topfoodmachine.com\/wp-content\/uploads\/2023\/11\/peanut-cutter-machine-300x225.webp 300w\" sizes=\"auto, (max-width: 720px) 100vw, 720px\" \/><figcaption class=\"wp-element-caption\">machine de coupe d'arachide<\/figcaption><\/figure>    <p><\/p>","protected":false},"excerpt":{"rendered":"<p>Entrez dans la machine \u00e0 couper les cacahu\u00e8tes, une innovation de pointe con\u00e7ue pour r\u00e9volutionner la fa\u00e7on dont les cacahu\u00e8tes sont pr\u00e9par\u00e9es pour diverses applications culinaires.<\/p>","protected":false},"author":1,"featured_media":913,"parent":0,"template":"","tags":[],"product-type":[5],"class_list":["post-905","product","type-product","status-publish","has-post-thumbnail","hentry","product-type-nuts-processing-machine"],"_links":{"self":[{"href":"https:\/\/topfoodmachine.com\/fr\/wp-json\/wp\/v2\/product\/905","targetHints":{"allow":["GET"]}}],"collection":[{"href":"https:\/\/topfoodmachine.com\/fr\/wp-json\/wp\/v2\/product"}],"about":[{"href":"https:\/\/topfoodmachine.com\/fr\/wp-json\/wp\/v2\/types\/product"}],"author":[{"embeddable":true,"href":"https:\/\/topfoodmachine.com\/fr\/wp-json\/wp\/v2\/users\/1"}],"wp:featuredmedia":[{"embeddable":true,"href":"https:\/\/topfoodmachine.com\/fr\/wp-json\/wp\/v2\/media\/913"}],"wp:attachment":[{"href":"https:\/\/topfoodmachine.com\/fr\/wp-json\/wp\/v2\/media?parent=905"}],"wp:term":[{"taxonomy":"post_tag","embeddable":true,"href":"https:\/\/topfoodmachine.com\/fr\/wp-json\/wp\/v2\/tags?post=905"},{"taxonomy":"product-type","embeddable":true,"href":"https:\/\/topfoodmachine.com\/fr\/wp-json\/wp\/v2\/product-type?post=905"}],"curies":[{"name":"wp","href":"https:\/\/api.w.org\/{rel}","templated":true}]}}