{"id":886,"date":"2023-11-01T11:26:43","date_gmt":"2023-11-01T03:26:43","guid":{"rendered":"https:\/\/topfoodmachine.com\/?post_type=product&#038;p=886"},"modified":"2024-08-19T18:16:32","modified_gmt":"2024-08-19T10:16:32","slug":"egg-roll-machine","status":"publish","type":"product","link":"https:\/\/topfoodmachine.com\/fr\/product\/egg-roll-machine\/","title":{"rendered":"Machine \u00e0 rouleaux d'oeufs"},"content":{"rendered":"<div class=\"kk-star-ratings kksr-auto kksr-align-left kksr-valign-top\"     data-payload='{&quot;align&quot;:&quot;left&quot;,&quot;id&quot;:&quot;886&quot;,&quot;slug&quot;:&quot;default&quot;,&quot;valign&quot;:&quot;top&quot;,&quot;ignore&quot;:&quot;&quot;,&quot;reference&quot;:&quot;auto&quot;,&quot;class&quot;:&quot;&quot;,&quot;count&quot;:&quot;14&quot;,&quot;legendonly&quot;:&quot;&quot;,&quot;readonly&quot;:&quot;&quot;,&quot;score&quot;:&quot;4.9&quot;,&quot;starsonly&quot;:&quot;&quot;,&quot;best&quot;:&quot;5&quot;,&quot;gap&quot;:&quot;5&quot;,&quot;greet&quot;:&quot;Rate this product&quot;,&quot;legend&quot;:&quot;4.9\\\/5 - (14 votes)&quot;,&quot;size&quot;:&quot;24&quot;,&quot;title&quot;:&quot;Egg roll machine&quot;,&quot;width&quot;:&quot;139.6&quot;,&quot;_legend&quot;:&quot;{score}\\\/{best} - ({count} {votes})&quot;,&quot;font_factor&quot;:&quot;1.25&quot;}'>              <div class=\"kksr-stars\">      <div class=\"kksr-stars-inactive\">             <div class=\"kksr-star\" data-star=\"1\" style=\"padding-right: 5px\">               <div class=\"kksr-icon\" style=\"width: 24px; height: 24px;\"><\/div>         <\/div>             <div class=\"kksr-star\" data-star=\"2\" style=\"padding-right: 5px\">               <div class=\"kksr-icon\" style=\"width: 24px; height: 24px;\"><\/div>         <\/div>             <div class=\"kksr-star\" data-star=\"3\" style=\"padding-right: 5px\">               <div class=\"kksr-icon\" style=\"width: 24px; height: 24px;\"><\/div>         <\/div>             <div class=\"kksr-star\" data-star=\"4\" style=\"padding-right: 5px\">               <div class=\"kksr-icon\" style=\"width: 24px; height: 24px;\"><\/div>         <\/div>             <div class=\"kksr-star\" data-star=\"5\" style=\"padding-right: 5px\">               <div class=\"kksr-icon\" style=\"width: 24px; height: 24px;\"><\/div>         <\/div>     <\/div>      <div class=\"kksr-stars-active\" style=\"width: 139.6px;\">             <div class=\"kksr-star\" style=\"padding-right: 5px\">               <div class=\"kksr-icon\" style=\"width: 24px; height: 24px;\"><\/div>         <\/div>             <div class=\"kksr-star\" style=\"padding-right: 5px\">               <div class=\"kksr-icon\" style=\"width: 24px; height: 24px;\"><\/div>         <\/div>             <div class=\"kksr-star\" style=\"padding-right: 5px\">               <div class=\"kksr-icon\" style=\"width: 24px; height: 24px;\"><\/div>         <\/div>             <div class=\"kksr-star\" style=\"padding-right: 5px\">               <div class=\"kksr-icon\" style=\"width: 24px; height: 24px;\"><\/div>         <\/div>             <div class=\"kksr-star\" style=\"padding-right: 5px\">               <div class=\"kksr-icon\" style=\"width: 24px; height: 24px;\"><\/div>         <\/div>     <\/div> <\/div>                   <div class=\"kksr-legend\" style=\"font-size: 19.2px;\">             4,9\/5 - (14 votes)    <\/div>     <\/div>  <p>La machine automatique \u00e0 rouleaux d'\u0153ufs est tr\u00e8s polyvalente, capable de produire une large gamme de collations croustillantes. Elle cr\u00e9e divers rouleaux d'\u0153ufs, y compris des cr\u00eapes fines, des cr\u00eapes et des collations croustillantes. De plus, elle peut \u00eatre utilis\u00e9e pour fabriquer des c\u00f4nes de gaufre, parfaits pour la glace.<\/p>    <p>La machine \u00e0 faire des rouleaux d'\u0153ufs est con\u00e7ue pour \u00eatre facile \u00e0 utiliser, n\u00e9cessitant seulement un op\u00e9rateur. Avec une capacit\u00e9 de production allant de 300 \u00e0 1200 kg\/h et des options de plateau personnalisables de 6 \u00e0 18, elle offre \u00e0 la fois flexibilit\u00e9 et efficacit\u00e9. La machine garantit que chaque produit est uniform\u00e9ment croustillant, d\u00e9licieux et visuellement attrayant.<\/p>    <figure class=\"wp-block-embed is-type-video is-provider-youtube wp-block-embed-youtube wp-embed-aspect-16-9 wp-has-aspect-ratio\"><div class=\"wp-block-embed__wrapper\"> <iframe loading=\"lazy\" title=\"Croustillants, dor\u00e9s, d\u00e9licieux\u00a0: le secret des machines \u00e0 nems commerciales\u00a0! #eggroll\" width=\"500\" height=\"281\" src=\"https:\/\/www.youtube.com\/embed\/00O4h22ybig?start=32&#038;feature=oembed\" frameborder=\"0\" allow=\"accelerometer; autoplay; clipboard-write; encrypted-media; gyroscope; picture-in-picture; web-share\" referrerpolicy=\"strict-origin-when-cross-origin\" allowfullscreen><\/iframe> <\/div><figcaption class=\"wp-element-caption\">vid\u00e9o de fonctionnement de la machine \u00e0 faire des rouleaux d'\u0153ufs<\/figcaption><\/figure>    <h2 class=\"wp-block-heading\">Machine \u00e0 rouleaux d'\u0153ufs \u00e0 vendre<\/h2>    <p>Nous proposons une gamme de machines \u00e0 rouleaux d'\u0153ufs pour r\u00e9pondre \u00e0 divers besoins de production : les mod\u00e8les \u00e0 8 t\u00eates, 10 t\u00eates et 12 t\u00eates. Chaque machine dispose de motifs de moules personnalisables, y compris plats, carr\u00e9s et ray\u00e9s, avec la possibilit\u00e9 de personnalisations sp\u00e9ciales disponibles via notre support en ligne 24 heures sur 24.<\/p>    <p>Nos machines permettent \u00e9galement la personnalisation des tailles de plaques de chauffage et peuvent produire diff\u00e9rentes formes telles que des rouleaux cylindriques, des rouleaux Phoenix et des c\u00f4nes de glace. Elles sont disponibles en configurations 380V et 220V, s'adaptant \u00e0 divers besoins \u00e9lectriques.<\/p>    <p>Nous servons un march\u00e9 mondial, y compris des r\u00e9gions comme les \u00c9tats-Unis, l'Inde, le Japon, la Cor\u00e9e du Sud, le Br\u00e9sil, le Mexique, la Russie et des pays d'Asie du Sud-Est tels que l'Indon\u00e9sie, la Malaisie et la Tha\u00eflande. Si vous \u00eates int\u00e9ress\u00e9 par notre machine, n'h\u00e9sitez pas \u00e0 nous contacter !<\/p>    <figure class=\"wp-block-gallery has-nested-images columns-default is-cropped wp-block-gallery-2 is-layout-flex wp-block-gallery-is-layout-flex\"> <figure class=\"wp-block-image size-large\"><img loading=\"lazy\" decoding=\"async\" width=\"720\" height=\"540\" data-id=\"1551\" src=\"https:\/\/topfoodmachine.com\/wp-content\/uploads\/2023\/11\/crispy-egg-roll-wrapping-machine.webp\" alt=\"machine \u00e0 enrouler des \u0153ufs croustillants\" class=\"wp-image-1551\" srcset=\"https:\/\/topfoodmachine.com\/wp-content\/uploads\/2023\/11\/crispy-egg-roll-wrapping-machine.webp 720w, https:\/\/topfoodmachine.com\/wp-content\/uploads\/2023\/11\/crispy-egg-roll-wrapping-machine-300x225.webp 300w, https:\/\/topfoodmachine.com\/wp-content\/uploads\/2023\/11\/crispy-egg-roll-wrapping-machine-16x12.webp 16w\" sizes=\"auto, (max-width: 720px) 100vw, 720px\" \/><figcaption class=\"wp-element-caption\">machine \u00e0 enrouler des \u0153ufs croustillants<\/figcaption><\/figure>    <figure class=\"wp-block-image size-large\"><img loading=\"lazy\" decoding=\"async\" width=\"720\" height=\"540\" data-id=\"1552\" src=\"https:\/\/topfoodmachine.com\/wp-content\/uploads\/2023\/11\/egg-roll-machine-for-sale.webp\" alt=\"machine \u00e0 rouleaux d&#039;\u0153ufs \u00e0 vendre\" class=\"wp-image-1552\" srcset=\"https:\/\/topfoodmachine.com\/wp-content\/uploads\/2023\/11\/egg-roll-machine-for-sale.webp 720w, https:\/\/topfoodmachine.com\/wp-content\/uploads\/2023\/11\/egg-roll-machine-for-sale-300x225.webp 300w, https:\/\/topfoodmachine.com\/wp-content\/uploads\/2023\/11\/egg-roll-machine-for-sale-16x12.webp 16w\" sizes=\"auto, (max-width: 720px) 100vw, 720px\" \/><figcaption class=\"wp-element-caption\">machine \u00e0 rouleaux d'\u0153ufs \u00e0 vendre<\/figcaption><\/figure> <\/figure>    <h2 class=\"wp-block-heading\"><strong>Principales caract\u00e9ristiques de notre machine \u00e0 nems<\/strong><\/h2>    <ul class=\"wp-block-list\"> <li><strong>Construction robuste.<\/strong> Fabriqu\u00e9e avec un cadre en acier inoxydable \u00e9pais et un moule en aluminium pour une excellente durabilit\u00e9 \u00e0 haute temp\u00e9rature.<\/li>    <li><strong>Chauffage efficace.<\/strong> Dispose de tubes r\u00e9sistants \u00e0 la chaleur import\u00e9s qui assurent une distribution uniforme de la chaleur pour des r\u00e9sultats constants.<\/li>    <li><strong>Contr\u00f4le de temp\u00e9rature pr\u00e9cis.<\/strong> R\u00e9glages de temp\u00e9rature ajustables de 160 \u00e0 175 \u00b0C pour une cuisson pr\u00e9cise.<\/li>    <li><strong>Collage automatique.<\/strong> \u00c9vite le d\u00e9sordre en \u00e9liminant les d\u00e9bordements de p\u00e2te pendant le processus de coulage.<\/li>    <li><strong><a href=\"https:\/\/en.wikipedia.org\/wiki\/Non-stick_surface\" data-type=\"link\" data-id=\"https:\/\/en.wikipedia.org\/wiki\/Non-stick_surface\" target=\"_blank\" rel=\"noopener\">Antiadh\u00e9sif<\/a> plaque de chauffage.<\/strong> N\u00e9cessite aucun brossage d'huile, permettant un retrait facile des rouleaux d'\u0153ufs.<\/li>    <li><strong>Cuisson uniforme.<\/strong> Les plaques de chauffage \u00e0 motif en treillis assurent une distribution uniforme de la chaleur.<\/li> <\/ul>    <figure class=\"wp-block-image size-full\"><img loading=\"lazy\" decoding=\"async\" width=\"720\" height=\"540\" src=\"https:\/\/topfoodmachine.com\/wp-content\/uploads\/2023\/11\/egg-master-roll.webp\" alt=\"fabrication de rouleaux d&#039;\u0153ufs\" class=\"wp-image-888\" srcset=\"https:\/\/topfoodmachine.com\/wp-content\/uploads\/2023\/11\/egg-master-roll.webp 720w, https:\/\/topfoodmachine.com\/wp-content\/uploads\/2023\/11\/egg-master-roll-300x225.webp 300w\" sizes=\"auto, (max-width: 720px) 100vw, 720px\" \/><figcaption class=\"wp-element-caption\">fabrication de rouleaux d'\u0153ufs<\/figcaption><\/figure>    <ul class=\"wp-block-list\"> <li><strong>Taille et \u00e9paisseur personnalisables.<\/strong> Ajustez la taille et l'\u00e9paisseur des rouleaux d'\u0153ufs en variant la quantit\u00e9 de coulage.<\/li>    <li><strong>Vitesse r\u00e9glable.<\/strong> Les r\u00e9glages de vitesse peuvent \u00eatre modifi\u00e9s en fonction de l'exp\u00e9rience de l'op\u00e9rateur.<\/li>    <li><strong>R\u00e9glages de temp\u00e9rature individuels.<\/strong> Chaque plaque de chauffage peut \u00eatre contr\u00f4l\u00e9e s\u00e9par\u00e9ment, allant de 0 \u00e0 200 \u00b0C.<\/li>    <li><strong>Ajustement automatique des plaques.<\/strong> Simplifie le remplacement des plaques sans interrompre la production.<\/li>    <li><strong>Formules flexibles.<\/strong> Accepte une gamme d'ingr\u00e9dients, y compris des algues, de la cr\u00e8me, de la pomme de terre violette, des flocons d'avoine, du s\u00e9same, du chocolat et de la poudre de lait.<\/li> <\/ul>    <figure class=\"wp-block-image size-full\"><img loading=\"lazy\" decoding=\"async\" width=\"720\" height=\"540\" src=\"https:\/\/topfoodmachine.com\/wp-content\/uploads\/2023\/11\/baking-trays-with-different-shapes.webp\" alt=\"plaques \u00e0 p\u00e2tisserie de diff\u00e9rentes formes\" class=\"wp-image-889\" srcset=\"https:\/\/topfoodmachine.com\/wp-content\/uploads\/2023\/11\/baking-trays-with-different-shapes.webp 720w, https:\/\/topfoodmachine.com\/wp-content\/uploads\/2023\/11\/baking-trays-with-different-shapes-300x225.webp 300w\" sizes=\"auto, (max-width: 720px) 100vw, 720px\" \/><figcaption class=\"wp-element-caption\">plaques \u00e0 p\u00e2tisserie de diff\u00e9rentes formes<\/figcaption><\/figure>    <h2 class=\"wp-block-heading\">Comment fonctionne la machine \u00e0 envelopper les rouleaux d'\u0153ufs ?<\/h2>    <ol class=\"wp-block-list\"> <li><strong>Configuration<\/strong> <ul class=\"wp-block-list\"> <li>V\u00e9rifiez que toutes les pi\u00e8ces sont correctement install\u00e9es.<\/li>    <li>Allumez l'interrupteur principal ; l'indicateur de puissance s'allumera.<\/li> <\/ul> <\/li>    <li><strong>Pr\u00e9paration<\/strong> <ul class=\"wp-block-list\"> <li>Ins\u00e9rez la prise de tension d'injection et la trach\u00e9e, puis activez la pompe \u00e0 air.<\/li>    <li>Appuyez sur le bouton de fonctionnement pour d\u00e9marrer la bo\u00eete de chauffage et le plateau tournant.<\/li> <\/ul> <\/li>    <li><strong>Chauffage<\/strong> <ul class=\"wp-block-list\"> <li>Allumez l'interrupteur de chauffage.<\/li>    <li>R\u00e9glez la temp\u00e9rature souhait\u00e9e sur le contr\u00f4leur en fonction de l'\u00e9paisseur du rouleau d'\u0153uf.<\/li> <\/ul> <\/li>    <li><strong>Ajustements<\/strong> <ul class=\"wp-block-list\"> <li>Inclinez la tige de p\u00e2te vers le haut de 5 degr\u00e9s et placez-la dans la bo\u00eete de chauffage.<\/li>    <li>Lorsque la temp\u00e9rature r\u00e9gl\u00e9e est atteinte, allumez l'interrupteur de p\u00e2te pour commencer l'application automatique de la p\u00e2te.<\/li> <\/ul> <\/li>    <li><strong>Production<\/strong> <ul class=\"wp-block-list\"> <li>Pr\u00e9chauffez la machine pendant 15 minutes.<\/li>    <li>Huilez l\u00e9g\u00e8rement les parties sup\u00e9rieure et inf\u00e9rieure.<\/li>    <li>Connectez la pompe \u00e0 mati\u00e8res premi\u00e8res pour un d\u00e9p\u00f4t automatique de p\u00e2te, puis retirez l'enveloppe de rouleau d'\u0153uf apr\u00e8s un cycle.<\/li> <\/ul> <\/li> <\/ol>    <p>Ce processus rationalis\u00e9 garantit une production efficace et coh\u00e9rente des enveloppes de rouleaux d'\u0153ufs.<\/p>    <figure class=\"wp-block-image size-full\"><img loading=\"lazy\" decoding=\"async\" width=\"720\" height=\"540\" src=\"https:\/\/topfoodmachine.com\/wp-content\/uploads\/2023\/11\/egg-roll-maker.webp\" alt=\"fabricant de rouleaux d&#039;oeufs\" class=\"wp-image-895\" srcset=\"https:\/\/topfoodmachine.com\/wp-content\/uploads\/2023\/11\/egg-roll-maker.webp 720w, https:\/\/topfoodmachine.com\/wp-content\/uploads\/2023\/11\/egg-roll-maker-300x225.webp 300w\" sizes=\"auto, (max-width: 720px) 100vw, 720px\" \/><figcaption class=\"wp-element-caption\">fabricant de rouleaux d'oeufs<\/figcaption><\/figure>    <h2 class=\"wp-block-heading\">Param\u00e8tres techniques de la machine de fabrication de nems<\/h2>    <figure class=\"wp-block-table\"><table class=\"has-fixed-layout\"><tbody><tr><td>Mod\u00e8le<\/td><td>Taille (mm)<\/td><td>\u00c9paisseur (mm)<\/td><td>Diam\u00e8tres des rouleaux d'\u0153ufs (cm)<\/td><td>Tension<\/td><td>Poids (kg)<\/td><td>Capacit\u00e9 (pi\u00e8ces\/h)<\/td><\/tr><tr><td>TZ-6<\/td><td>1400*1400*1250<\/td><td>0.5-4<\/td><td>7-20<\/td><td>380v\/50hz<\/td><td>250<\/td><td>300<\/td><\/tr><tr><td>TZ-9<\/td><td>1600*1600*1250<\/td><td>0.5-4<\/td><td>7-20<\/td><td>380v\/50hz<\/td><td>270<\/td><td>400-600<\/td><\/tr><tr><td>TZ-12<\/td><td>1950*1950*1700<\/td><td>0.5-4<\/td><td>7-20<\/td><td>380v\/50hz<\/td><td>300<\/td><td>600-800<\/td><\/tr><tr><td>TZ-15<\/td><td>2050*2050*1750<\/td><td>0.5-4<\/td><td>7-20<\/td><td>380v\/50hz<\/td><td>330<\/td><td>800-1000<\/td><\/tr><\/tbody><\/table><figcaption class=\"wp-element-caption\">param\u00e8tres de la machine \u00e0 rouleaux d'\u0153ufs<\/figcaption><\/figure>    <h2 class=\"wp-block-heading\">Le produit final de la machine \u00e0 rouleaux d'\u0153ufs<\/h2>    <figure class=\"wp-block-gallery has-nested-images columns-default is-cropped wp-block-gallery-3 is-layout-flex wp-block-gallery-is-layout-flex\"> <figure class=\"wp-block-image size-large\"><img loading=\"lazy\" decoding=\"async\" width=\"720\" height=\"540\" data-id=\"892\" src=\"https:\/\/topfoodmachine.com\/wp-content\/uploads\/2023\/11\/cone.webp\" alt=\"c\u00f4ne\" class=\"wp-image-892\" srcset=\"https:\/\/topfoodmachine.com\/wp-content\/uploads\/2023\/11\/cone.webp 720w, https:\/\/topfoodmachine.com\/wp-content\/uploads\/2023\/11\/cone-300x225.webp 300w\" sizes=\"auto, (max-width: 720px) 100vw, 720px\" \/><figcaption class=\"wp-element-caption\">c\u00f4ne<\/figcaption><\/figure>    <figure class=\"wp-block-image size-large\"><img loading=\"lazy\" decoding=\"async\" width=\"720\" height=\"540\" data-id=\"894\" src=\"https:\/\/topfoodmachine.com\/wp-content\/uploads\/2023\/11\/industrial-ice-cream-cones-making.webp\" alt=\"fabrication de cornets de glace industriels\" class=\"wp-image-894\" srcset=\"https:\/\/topfoodmachine.com\/wp-content\/uploads\/2023\/11\/industrial-ice-cream-cones-making.webp 720w, https:\/\/topfoodmachine.com\/wp-content\/uploads\/2023\/11\/industrial-ice-cream-cones-making-300x225.webp 300w\" sizes=\"auto, (max-width: 720px) 100vw, 720px\" \/><figcaption class=\"wp-element-caption\">fabrication de cornets de glace industriels<\/figcaption><\/figure>    <figure class=\"wp-block-image size-large\"><img loading=\"lazy\" decoding=\"async\" width=\"720\" height=\"540\" data-id=\"893\" src=\"https:\/\/topfoodmachine.com\/wp-content\/uploads\/2023\/11\/egg-rolls.webp\" alt=\"des nems\" class=\"wp-image-893\" srcset=\"https:\/\/topfoodmachine.com\/wp-content\/uploads\/2023\/11\/egg-rolls.webp 720w, https:\/\/topfoodmachine.com\/wp-content\/uploads\/2023\/11\/egg-rolls-300x225.webp 300w\" sizes=\"auto, (max-width: 720px) 100vw, 720px\" \/><figcaption class=\"wp-element-caption\">des nems<\/figcaption><\/figure> <\/figure>    <h2 class=\"wp-block-heading\">\u00c9quipement de support de la machine automatique \u00e0 rouleaux d'\u0153ufs<\/h2>    <h3 class=\"wp-block-heading\">M\u00e9langeur<\/h3>    <ul class=\"wp-block-list\"> <li><strong>Structure<\/strong>: Le m\u00e9langeur se compose g\u00e9n\u00e9ralement d'un corps, d'un moteur \u00e9lectrique et d'un dispositif de m\u00e9lange. Le corps est souvent en acier inoxydable pour garantir l'hygi\u00e8ne et la s\u00e9curit\u00e9.<\/li>    <li><strong>Fonction<\/strong>: Le m\u00e9langeur est principalement utilis\u00e9 pour m\u00e9langer les ingr\u00e9dients du nem. Son dispositif de m\u00e9lange peut m\u00e9langer rapidement et uniform\u00e9ment divers ingr\u00e9dients, assurant une consistance uniforme de la garniture, am\u00e9liorant ainsi la texture et la qualit\u00e9 du nem.<\/li> <\/ul>    <figure class=\"wp-block-image size-full\"><img loading=\"lazy\" decoding=\"async\" width=\"720\" height=\"540\" src=\"https:\/\/topfoodmachine.com\/wp-content\/uploads\/2023\/11\/mixing-machine.webp\" alt=\"m\u00e9langeur\" class=\"wp-image-890\" srcset=\"https:\/\/topfoodmachine.com\/wp-content\/uploads\/2023\/11\/mixing-machine.webp 720w, https:\/\/topfoodmachine.com\/wp-content\/uploads\/2023\/11\/mixing-machine-300x225.webp 300w\" sizes=\"auto, (max-width: 720px) 100vw, 720px\" \/><figcaption class=\"wp-element-caption\">m\u00e9langeur<\/figcaption><\/figure>    <h3 class=\"wp-block-heading\"><strong>Machine \u00e0 rouler<\/strong><\/h3>    <ul class=\"wp-block-list\"> <li><strong>Structure<\/strong>: La machine \u00e0 rouler se compose g\u00e9n\u00e9ralement de rouleaux, d'un m\u00e9canisme de transmission et d'autres composants. Les rouleaux sont g\u00e9n\u00e9ralement fabriqu\u00e9s \u00e0 partir de mat\u00e9riaux de qualit\u00e9 alimentaire pour garantir la s\u00e9curit\u00e9 alimentaire.<\/li>    <li><strong>Fonction<\/strong>: La machine \u00e0 rouler est utilis\u00e9e pour rouler la couche ext\u00e9rieure cuite du rouleau d'\u0153uf en une forme uniforme. Ajuster la vitesse et la pression des rouleaux garantit que le rouleau d'\u0153uf reste bien enroul\u00e9.<\/li> <\/ul>    <h3 class=\"wp-block-heading\">Machine \u00e0 former<\/h3>    <ul class=\"wp-block-list\"> <li><strong>Structure<\/strong>: La machine de formage est con\u00e7ue avec des moules qui peuvent \u00eatre personnalis\u00e9s selon des exigences sp\u00e9cifiques.<\/li>    <li><strong>Fonction<\/strong>: La machine de formage se charge de donner \u00e0 l'\u0153uf roul\u00e9 sa forme d\u00e9finitive. Il utilise des moules pr\u00e9d\u00e9finis pour fa\u00e7onner le rouleau aux \u0153ufs, garantissant ainsi qu'il conserve la forme souhait\u00e9e.<\/li> <\/ul>    <figure class=\"wp-block-image size-full\"><img loading=\"lazy\" decoding=\"async\" width=\"720\" height=\"540\" src=\"https:\/\/topfoodmachine.com\/wp-content\/uploads\/2023\/11\/egg-roll-machine-maker.webp\" alt=\"fabricant de machine \u00e0 nems\" class=\"wp-image-891\" srcset=\"https:\/\/topfoodmachine.com\/wp-content\/uploads\/2023\/11\/egg-roll-machine-maker.webp 720w, https:\/\/topfoodmachine.com\/wp-content\/uploads\/2023\/11\/egg-roll-machine-maker-300x225.webp 300w\" sizes=\"auto, (max-width: 720px) 100vw, 720px\" \/><figcaption class=\"wp-element-caption\">fabricant de machine \u00e0 nems<\/figcaption><\/figure>    <h2 class=\"wp-block-heading\">Prix de la machine \u00e0 rouleaux d'\u0153ufs<\/h2>    <p>Le prix de la machine \u00e0 rouleaux d'\u0153ufs d\u00e9pend de facteurs tels que le nombre de plaques de cuisson, la m\u00e9thode de chauffage et la quantit\u00e9 de commande. Cette machine efficace, fabriqu\u00e9e en acier inoxydable et en aluminium durables, dispose de tubes de chauffage avanc\u00e9s pour un contr\u00f4le pr\u00e9cis de la temp\u00e9rature et une cuisson uniforme. <\/p>    <p>Des fonctionnalit\u00e9s suppl\u00e9mentaires, telles que des r\u00e9glages personnalisables pour la taille, l'\u00e9paisseur et la temp\u00e9rature, contribuent \u00e0 la polyvalence de la machine. Le prix peut varier en fonction du nombre de plaques et des m\u00e9thodes de chauffage, et des achats en gros peuvent offrir des r\u00e9ductions. <\/p>    <figure class=\"wp-block-image size-large\"><img loading=\"lazy\" decoding=\"async\" width=\"720\" height=\"540\" src=\"https:\/\/topfoodmachine.com\/wp-content\/uploads\/2023\/11\/egg-rolls-1.webp\" alt=\"des nems\" class=\"wp-image-1555\" srcset=\"https:\/\/topfoodmachine.com\/wp-content\/uploads\/2023\/11\/egg-rolls-1.webp 720w, https:\/\/topfoodmachine.com\/wp-content\/uploads\/2023\/11\/egg-rolls-1-300x225.webp 300w, https:\/\/topfoodmachine.com\/wp-content\/uploads\/2023\/11\/egg-rolls-1-16x12.webp 16w\" sizes=\"auto, (max-width: 720px) 100vw, 720px\" \/><figcaption class=\"wp-element-caption\">des nems<\/figcaption><\/figure>    <h2 class=\"wp-block-heading\">Contactez-nous !<\/h2>    <p>En r\u00e9sum\u00e9, notre machine \u00e0 rouleaux d'\u0153ufs se distingue par sa construction durable, son contr\u00f4le pr\u00e9cis de la temp\u00e9rature et ses fonctions automatiques efficaces, ce qui en fait un excellent choix pour la production de rouleaux d'\u0153ufs de haute qualit\u00e9. Avec des r\u00e9glages personnalisables et des fonctionnalit\u00e9s polyvalentes, elle garantit des r\u00e9sultats constants et d\u00e9licieux \u00e0 chaque lot.<\/p>    <p class=\"translation-block\">De plus, nous proposons une gamme d'autres machines de transformation alimentaire pour r\u00e9pondre \u00e0 divers besoins de production, y compris des <a href=\"https:\/\/topfoodmachine.com\/fr\/product\/ice-cream-cone-making-machine\/\" data-type=\"link\" data-id=\"https:\/\/topfoodmachine.com\/product\/ice-cream-cone-making-machine\/\">machines \u00e0 faire des c\u00f4nes de glace<\/a>, des <a href=\"https:\/\/topfoodmachine.com\/fr\/product\/cookie-making-machine\/\" data-type=\"link\" data-id=\"https:\/\/topfoodmachine.com\/product\/cookie-making-machine\/\">machines \u00e0 faire des biscuits<\/a>, et des <a href=\"https:\/\/topfoodmachine.com\/fr\/product\/cupcake-filling-machine\/\" data-type=\"link\" data-id=\"https:\/\/topfoodmachine.com\/product\/cupcake-filling-machine\/\">machines \u00e0 remplir des cupcakes<\/a>. Explorez notre gamme compl\u00e8te de produits pour trouver la solution parfaite pour vos besoins de production.<\/p>    <figure class=\"wp-block-gallery has-nested-images columns-default is-cropped wp-block-gallery-4 is-layout-flex wp-block-gallery-is-layout-flex\"> <figure class=\"wp-block-image size-large\"><img loading=\"lazy\" decoding=\"async\" width=\"720\" height=\"540\" data-id=\"1303\" src=\"https:\/\/topfoodmachine.com\/wp-content\/uploads\/2024\/05\/Ice-cream-cone-making-machine-for-business.webp\" alt=\"Machine \u00e0 c\u00f4nes de glace pour les affaires\" class=\"wp-image-1303\" srcset=\"https:\/\/topfoodmachine.com\/wp-content\/uploads\/2024\/05\/Ice-cream-cone-making-machine-for-business.webp 720w, https:\/\/topfoodmachine.com\/wp-content\/uploads\/2024\/05\/Ice-cream-cone-making-machine-for-business-300x225.webp 300w, https:\/\/topfoodmachine.com\/wp-content\/uploads\/2024\/05\/Ice-cream-cone-making-machine-for-business-16x12.webp 16w\" sizes=\"auto, (max-width: 720px) 100vw, 720px\" \/><figcaption class=\"wp-element-caption\">Machine \u00e0 c\u00f4nes de glace pour les affaires<\/figcaption><\/figure>    <figure class=\"wp-block-image size-large\"><img loading=\"lazy\" decoding=\"async\" width=\"720\" height=\"540\" data-id=\"1236\" src=\"https:\/\/topfoodmachine.com\/wp-content\/uploads\/2024\/04\/Cookie-making-machine.webp\" alt=\"Machine \u00e0 cookies\" class=\"wp-image-1236\" srcset=\"https:\/\/topfoodmachine.com\/wp-content\/uploads\/2024\/04\/Cookie-making-machine.webp 720w, https:\/\/topfoodmachine.com\/wp-content\/uploads\/2024\/04\/Cookie-making-machine-300x225.webp 300w, https:\/\/topfoodmachine.com\/wp-content\/uploads\/2024\/04\/Cookie-making-machine-16x12.webp 16w\" sizes=\"auto, (max-width: 720px) 100vw, 720px\" \/><figcaption class=\"wp-element-caption\">Machine \u00e0 cookies<\/figcaption><\/figure>    <figure class=\"wp-block-image size-large\"><img loading=\"lazy\" decoding=\"async\" width=\"720\" height=\"540\" data-id=\"1224\" src=\"https:\/\/topfoodmachine.com\/wp-content\/uploads\/2024\/04\/Cupcake-filling-machine.webp\" alt=\"Machine \u00e0 remplir des cupcakes\" class=\"wp-image-1224\" srcset=\"https:\/\/topfoodmachine.com\/wp-content\/uploads\/2024\/04\/Cupcake-filling-machine.webp 720w, https:\/\/topfoodmachine.com\/wp-content\/uploads\/2024\/04\/Cupcake-filling-machine-300x225.webp 300w, https:\/\/topfoodmachine.com\/wp-content\/uploads\/2024\/04\/Cupcake-filling-machine-16x12.webp 16w\" sizes=\"auto, (max-width: 720px) 100vw, 720px\" \/><figcaption class=\"wp-element-caption\">Machine \u00e0 remplir des cupcakes<\/figcaption><\/figure> <\/figure>","protected":false},"excerpt":{"rendered":"<p>La machine automatique \u00e0 rouleaux d'\u0153ufs est tr\u00e8s polyvalente, capable de produire une large gamme de collations croustillantes. <\/p>","protected":false},"author":1,"featured_media":887,"parent":0,"template":"","tags":[71,30,51],"product-type":[6],"class_list":["post-886","product","type-product","status-publish","has-post-thumbnail","hentry","tag-egg-roll-machine","tag-food-machine","tag-food-processing","product-type-pastry-production-machine"],"_links":{"self":[{"href":"https:\/\/topfoodmachine.com\/fr\/wp-json\/wp\/v2\/product\/886","targetHints":{"allow":["GET"]}}],"collection":[{"href":"https:\/\/topfoodmachine.com\/fr\/wp-json\/wp\/v2\/product"}],"about":[{"href":"https:\/\/topfoodmachine.com\/fr\/wp-json\/wp\/v2\/types\/product"}],"author":[{"embeddable":true,"href":"https:\/\/topfoodmachine.com\/fr\/wp-json\/wp\/v2\/users\/1"}],"wp:featuredmedia":[{"embeddable":true,"href":"https:\/\/topfoodmachine.com\/fr\/wp-json\/wp\/v2\/media\/887"}],"wp:attachment":[{"href":"https:\/\/topfoodmachine.com\/fr\/wp-json\/wp\/v2\/media?parent=886"}],"wp:term":[{"taxonomy":"post_tag","embeddable":true,"href":"https:\/\/topfoodmachine.com\/fr\/wp-json\/wp\/v2\/tags?post=886"},{"taxonomy":"product-type","embeddable":true,"href":"https:\/\/topfoodmachine.com\/fr\/wp-json\/wp\/v2\/product-type?post=886"}],"curies":[{"name":"wp","href":"https:\/\/api.w.org\/{rel}","templated":true}]}}