{"id":872,"date":"2023-10-31T09:35:20","date_gmt":"2023-10-31T01:35:20","guid":{"rendered":"https:\/\/topfoodmachine.com\/?post_type=product&#038;p=872"},"modified":"2023-11-02T11:10:34","modified_gmt":"2023-11-02T03:10:34","slug":"rice-cake-machine","status":"publish","type":"product","link":"https:\/\/topfoodmachine.com\/fr\/product\/rice-cake-machine\/","title":{"rendered":"Machine \u00e0 g\u00e2teaux de riz"},"content":{"rendered":"<div class=\"kk-star-ratings kksr-auto kksr-align-left kksr-valign-top\"     data-payload='{&quot;align&quot;:&quot;left&quot;,&quot;id&quot;:&quot;872&quot;,&quot;slug&quot;:&quot;default&quot;,&quot;valign&quot;:&quot;top&quot;,&quot;ignore&quot;:&quot;&quot;,&quot;reference&quot;:&quot;auto&quot;,&quot;class&quot;:&quot;&quot;,&quot;count&quot;:&quot;7&quot;,&quot;legendonly&quot;:&quot;&quot;,&quot;readonly&quot;:&quot;&quot;,&quot;score&quot;:&quot;4.6&quot;,&quot;starsonly&quot;:&quot;&quot;,&quot;best&quot;:&quot;5&quot;,&quot;gap&quot;:&quot;5&quot;,&quot;greet&quot;:&quot;Rate this product&quot;,&quot;legend&quot;:&quot;4.6\\\/5 - (7 votes)&quot;,&quot;size&quot;:&quot;24&quot;,&quot;title&quot;:&quot;Rice cake machine&quot;,&quot;width&quot;:&quot;130.9&quot;,&quot;_legend&quot;:&quot;{score}\\\/{best} - ({count} {votes})&quot;,&quot;font_factor&quot;:&quot;1.25&quot;}'>              <div class=\"kksr-stars\">      <div class=\"kksr-stars-inactive\">             <div class=\"kksr-star\" data-star=\"1\" style=\"padding-right: 5px\">               <div class=\"kksr-icon\" style=\"width: 24px; height: 24px;\"><\/div>         <\/div>             <div class=\"kksr-star\" data-star=\"2\" style=\"padding-right: 5px\">               <div class=\"kksr-icon\" style=\"width: 24px; height: 24px;\"><\/div>         <\/div>             <div class=\"kksr-star\" data-star=\"3\" style=\"padding-right: 5px\">               <div class=\"kksr-icon\" style=\"width: 24px; height: 24px;\"><\/div>         <\/div>             <div class=\"kksr-star\" data-star=\"4\" style=\"padding-right: 5px\">               <div class=\"kksr-icon\" style=\"width: 24px; height: 24px;\"><\/div>         <\/div>             <div class=\"kksr-star\" data-star=\"5\" style=\"padding-right: 5px\">               <div class=\"kksr-icon\" style=\"width: 24px; height: 24px;\"><\/div>         <\/div>     <\/div>      <div class=\"kksr-stars-active\" style=\"width: 130.9px;\">             <div class=\"kksr-star\" style=\"padding-right: 5px\">               <div class=\"kksr-icon\" style=\"width: 24px; height: 24px;\"><\/div>         <\/div>             <div class=\"kksr-star\" style=\"padding-right: 5px\">               <div class=\"kksr-icon\" style=\"width: 24px; height: 24px;\"><\/div>         <\/div>             <div class=\"kksr-star\" style=\"padding-right: 5px\">               <div class=\"kksr-icon\" style=\"width: 24px; height: 24px;\"><\/div>         <\/div>             <div class=\"kksr-star\" style=\"padding-right: 5px\">               <div class=\"kksr-icon\" style=\"width: 24px; height: 24px;\"><\/div>         <\/div>             <div class=\"kksr-star\" style=\"padding-right: 5px\">               <div class=\"kksr-icon\" style=\"width: 24px; height: 24px;\"><\/div>         <\/div>     <\/div> <\/div>                   <div class=\"kksr-legend\" style=\"font-size: 19.2px;\">             4,6\/5 - (7 votes)    <\/div>     <\/div>  <p>Dans le domaine de l'innovation culinaire, la machine \u00e0 g\u00e2teaux de riz se dresse comme un t\u00e9moignage remarquable de la fusion de la tradition et de la technologie. Cet appareil ing\u00e9nieux red\u00e9finit la fa\u00e7on dont nous interagissons avec l'un des aliments les plus anciens et les plus ch\u00e9ris au monde - le riz. Avec une ing\u00e9nierie de pr\u00e9cision et un design convivial, il permet aux individus de cr\u00e9er des g\u00e2teaux de riz d\u00e9licieux sans effort, transcendant les fronti\u00e8res du go\u00fbt et de la texture.<\/p>    <p>L\u2019\u00e9poque des processus manuels \u00e0 forte intensit\u00e9 de main-d\u2019\u0153uvre est r\u00e9volue. La machine \u00e0 g\u00e2teaux de riz automatise et rationalise la production, garantissant des r\u00e9sultats coh\u00e9rents \u00e0 chaque fois. En exploitant la puissance de la chaleur, de la pression et des ingr\u00e9dients soigneusement s\u00e9lectionn\u00e9s, cet appareil transforme le riz ordinaire en d\u00e9lices culinaires extraordinaires.<\/p>    <figure class=\"wp-block-image size-full\"><img loading=\"lazy\" decoding=\"async\" width=\"720\" height=\"540\" src=\"https:\/\/topfoodmachine.com\/wp-content\/uploads\/2023\/10\/korea-rice-cake-machine.webp\" alt=\"machine \u00e0 g\u00e2teaux de riz en Cor\u00e9e\" class=\"wp-image-874\" srcset=\"https:\/\/topfoodmachine.com\/wp-content\/uploads\/2023\/10\/korea-rice-cake-machine.webp 720w, https:\/\/topfoodmachine.com\/wp-content\/uploads\/2023\/10\/korea-rice-cake-machine-300x225.webp 300w\" sizes=\"auto, (max-width: 720px) 100vw, 720px\" \/><figcaption class=\"wp-element-caption\">machine \u00e0 g\u00e2teaux de riz en Cor\u00e9e<\/figcaption><\/figure>    <h2 class=\"wp-block-heading\">Principales caract\u00e9ristiques et avantages de la machine \u00e0 g\u00e2teaux de riz<\/h2>    <ul class=\"wp-block-list\"> <li>Contr\u00f4le automatique de la temp\u00e9rature : en utilisant un instrument de contr\u00f4le de temp\u00e9rature PID import\u00e9 de haute qualit\u00e9, la machine obtient un contr\u00f4le pr\u00e9cis de la temp\u00e9rature, garantissant un fonctionnement constant \u00e0 la temp\u00e9rature r\u00e9gl\u00e9e. Cela permet non seulement d'\u00e9conomiser de l'\u00e9nergie, mais garantit \u00e9galement un dimensionnement uniforme des produits.<\/li>    <li>Interface conviviale : le panneau affiche clairement la temp\u00e9rature actuelle et la temp\u00e9rature d\u00e9sign\u00e9e, facilitant une utilisation simple.<\/li>    <li>Robuste et Durable : Dot\u00e9e d'une configuration \u00e0 double ressort et double amortisseur, la dur\u00e9e de vie de la machine est consid\u00e9rablement prolong\u00e9e tout en minimisant le bruit op\u00e9rationnel.<\/li>    <li>Op\u00e9ration et entretien faciles : Utilisant un moteur \u00e0 courant alternatif monophas\u00e9 et un entra\u00eenement par cha\u00eene, la machine pr\u00e9sente une structure logiquement con\u00e7ue. L'entretien de routine et le remplacement des composants sont exceptionnellement pratiques.<\/li>    <li>Gestion pr\u00e9cise de la pression : la vanne de r\u00e9gulation de pression a \u00e9t\u00e9 repens\u00e9e pour offrir un contr\u00f4le de pression plus pratique et plus pr\u00e9cis par rapport aux it\u00e9rations pr\u00e9c\u00e9dentes.<\/li>    <li>Taille compacte : sans compromettre les performances de la machine, la taille a \u00e9t\u00e9 minimis\u00e9e, ce qui la rend facile \u00e0 placer \u00e0 divers endroits. Vous pouvez vous lib\u00e9rer des contraintes d\u2019espace et mener des activit\u00e9s commerciales.<\/li> <\/ul>    <figure class=\"wp-block-gallery has-nested-images columns-default is-cropped wp-block-gallery-2 is-layout-flex wp-block-gallery-is-layout-flex\"> <figure class=\"wp-block-image size-large is-style-default\"><img loading=\"lazy\" decoding=\"async\" width=\"720\" height=\"540\" data-id=\"876\" src=\"https:\/\/topfoodmachine.com\/wp-content\/uploads\/2023\/10\/rice-cake.webp\" alt=\"g\u00e2teau de riz\" class=\"wp-image-876\" srcset=\"https:\/\/topfoodmachine.com\/wp-content\/uploads\/2023\/10\/rice-cake.webp 720w, https:\/\/topfoodmachine.com\/wp-content\/uploads\/2023\/10\/rice-cake-300x225.webp 300w\" sizes=\"auto, (max-width: 720px) 100vw, 720px\" \/><figcaption class=\"wp-element-caption\">g\u00e2teau de riz<\/figcaption><\/figure>    <figure class=\"wp-block-image size-large\"><img loading=\"lazy\" decoding=\"async\" width=\"720\" height=\"540\" data-id=\"875\" src=\"https:\/\/topfoodmachine.com\/wp-content\/uploads\/2023\/10\/rice-cake-making.webp\" alt=\"fabrication de galettes de riz\" class=\"wp-image-875\" srcset=\"https:\/\/topfoodmachine.com\/wp-content\/uploads\/2023\/10\/rice-cake-making.webp 720w, https:\/\/topfoodmachine.com\/wp-content\/uploads\/2023\/10\/rice-cake-making-300x225.webp 300w\" sizes=\"auto, (max-width: 720px) 100vw, 720px\" \/><figcaption class=\"wp-element-caption\">fabrication de galettes de riz<\/figcaption><\/figure> <\/figure>    <h2 class=\"wp-block-heading\">Diff\u00e9rents types de machine \u00e0 g\u00e2teaux de riz souffl\u00e9<\/h2>    <h3 class=\"wp-block-heading\">1. <strong>TZ-150\u00a0: Machine \u00e0 collations instantan\u00e9es<\/strong><\/h3>    <ul class=\"wp-block-list\"> <li><strong>Caract\u00e9ristiques:<\/strong> Le mod\u00e8le TZ-150 est notre machine \u00e0 snacks instantan\u00e9s de la s\u00e9rie des g\u00e2teaux de riz. Utilisant du riz artificiel soigneusement s\u00e9lectionn\u00e9 comme ingr\u00e9dient principal, il fait appel \u00e0 un savoir-faire pr\u00e9cis pour produire des biscuits croustillants et d\u00e9licieux \u00e0 base de c\u00e9r\u00e9ales juste devant le client. Cette capacit\u00e9 unique permet aux clients non seulement de go\u00fbter des friandises fra\u00eechement pr\u00e9par\u00e9es, mais \u00e9galement de s'engager dans le processus agr\u00e9able de cr\u00e9ation.<\/li>    <li><strong>Effet sonore pop\u00a0:<\/strong> Lorsque les biscuits sortent de la machine, ils \u00e9mettent un son distinctif de \u00ab pop \u00bb, d'o\u00f9 le surnom ludique de \u00ab Pop \u00bb. Ce son est devenu une caract\u00e9ristique unique qui attire l'attention des clients, ajoutant interactivit\u00e9 et divertissement \u00e0 l'ensemble du processus de production.<\/li>    <li><strong>Caract\u00e9ristiques des textures\u00a0:<\/strong> Les biscuits obtenus ont une texture douce et croquante, ce qui en fait une collation c\u00e9r\u00e9ali\u00e8re \u00e9mergente, d\u00e9licieuse et saine appr\u00e9ci\u00e9e par diff\u00e9rents groupes d'\u00e2ge.<\/li> <\/ul>    <figure class=\"wp-block-table\"><table><tbody><tr><td>Taille<\/td><td>Capacit\u00e9<\/td><td>Pouvoir<\/td><td>Tension<\/td><td>Diam\u00e8tre<\/td><td>Poids<\/td><\/tr><tr><td>480*320*560cm<\/td><td>400-420 pi\u00e8ces\/heure<\/td><td>1490w<\/td><td>110 V\/220 V<\/td><td>13-15 cm<\/td><td>68,5kg<\/td><\/tr><\/tbody><\/table><\/figure>    <h3 class=\"wp-block-heading\">2. <strong>TZ-150H\u00a0: adorable variante en forme de c\u0153ur<\/strong><\/h3>    <ul class=\"wp-block-list\"> <li><strong>Caract\u00e9ristiques:<\/strong> Le TZ-150H est une version \u00e9volu\u00e9e du TZ-150, partageant une apparence et des param\u00e8tres identiques. La seule diff\u00e9rence r\u00e9side dans la forme du produit en forme de c\u0153ur, qui ajoute une touche artistique et adorable aux biscuits, les rendant tr\u00e8s attrayants.<\/li> <\/ul>    <figure class=\"wp-block-image size-full\"><img loading=\"lazy\" decoding=\"async\" width=\"720\" height=\"540\" src=\"https:\/\/topfoodmachine.com\/wp-content\/uploads\/2023\/10\/different-molds-of-rice-cake-maker.webp\" alt=\"diff\u00e9rents moules de machine \u00e0 g\u00e2teaux de riz\" class=\"wp-image-877\" srcset=\"https:\/\/topfoodmachine.com\/wp-content\/uploads\/2023\/10\/different-molds-of-rice-cake-maker.webp 720w, https:\/\/topfoodmachine.com\/wp-content\/uploads\/2023\/10\/different-molds-of-rice-cake-maker-300x225.webp 300w\" sizes=\"auto, (max-width: 720px) 100vw, 720px\" \/><figcaption class=\"wp-element-caption\">diff\u00e9rents moules de machine \u00e0 g\u00e2teaux de riz<\/figcaption><\/figure>    <h3 class=\"wp-block-heading\">3. <strong>TZ-150S\u00a0:\u00a0mini \u200b\u200bmod\u00e8le \u00e0 haut rendement<\/strong><\/h3>    <ul class=\"wp-block-list\"> <li><strong>Caract\u00e9ristiques:<\/strong> Le TZ-150S est un mod\u00e8le exclusif de notre gamme de produits, dot\u00e9 d'un design compact avec un diam\u00e8tre de produit de seulement 11 centim\u00e8tres. Malgr\u00e9 sa petite taille, sa capacit\u00e9 de production est sup\u00e9rieure. Elle peut produire jusqu'\u00e0 800 biscuits par heure, soit le double de la capacit\u00e9 de production des machines similaires du march\u00e9.<\/li>    <li><strong>Sc\u00e9narios appropri\u00e9s\u00a0:<\/strong> Particuli\u00e8rement adapt\u00e9 aux environnements commerciaux qui n\u00e9cessitent une production efficace. Sa petite taille le rend \u00e9galement adapt\u00e9 au placement dans des environnements restreints.<\/li> <\/ul>    <figure class=\"wp-block-table\"><table><tbody><tr><td>Taille<\/td><td>Capacit\u00e9<\/td><td>Pouvoir<\/td><td>Tension<\/td><td>Diam\u00e8tre<\/td><td>Poids<\/td><\/tr><tr><td>480*320*560cm<\/td><td>800 pi\u00e8ces\/heure<\/td><td>1490w<\/td><td>110 V\/220 V<\/td><td>10-12 cm<\/td><td>68,5kg<\/td><\/tr><\/tbody><\/table><\/figure>    <figure class=\"wp-block-image size-full\"><img loading=\"lazy\" decoding=\"async\" width=\"720\" height=\"540\" src=\"https:\/\/topfoodmachine.com\/wp-content\/uploads\/2023\/10\/automatic-puffed-rice-cake-making-machine.webp\" alt=\"machine automatique de fabrication de g\u00e2teaux de riz souffl\u00e9\" class=\"wp-image-878\" srcset=\"https:\/\/topfoodmachine.com\/wp-content\/uploads\/2023\/10\/automatic-puffed-rice-cake-making-machine.webp 720w, https:\/\/topfoodmachine.com\/wp-content\/uploads\/2023\/10\/automatic-puffed-rice-cake-making-machine-300x225.webp 300w\" sizes=\"auto, (max-width: 720px) 100vw, 720px\" \/><figcaption class=\"wp-element-caption\">machine automatique de fabrication de g\u00e2teaux de riz souffl\u00e9<\/figcaption><\/figure>    <h3 class=\"wp-block-heading\">4. <strong>TZ-90\u00a0: Option multi-grains<\/strong><\/h3>    <ul class=\"wp-block-list\"> <li><strong>Caract\u00e9ristiques:<\/strong> La caract\u00e9ristique distinctive du TZ-90 est sa capacit\u00e9 \u00e0 utiliser divers types de grains comme mati\u00e8res premi\u00e8res, sans se limiter au riz artificiel. Cela le rend tr\u00e8s polyvalent et adapt\u00e9 \u00e0 un plus large \u00e9ventail d'applications. Cette ann\u00e9e, des am\u00e9liorations consid\u00e9rables ont \u00e9t\u00e9 apport\u00e9es \u00e0 la machine, la rendant plus robuste et durable, lui valant la r\u00e9putation d'avoir la meilleure qualit\u00e9 parmi les machines de son genre.<\/li>    <li><strong>Sc\u00e9narios appropri\u00e9s\u00a0:<\/strong> Particuli\u00e8rement adapt\u00e9 aux situations o\u00f9 une flexibilit\u00e9 dans la s\u00e9lection des mati\u00e8res premi\u00e8res pendant la production est requise, vous offrant ainsi une plus grande commodit\u00e9.<\/li> <\/ul>    <figure class=\"wp-block-table\"><table><tbody><tr><td>Taille<\/td><td>Capacit\u00e9<\/td><td>Pouvoir<\/td><td>Tension<\/td><td>Diam\u00e8tre<\/td><td>Poids<\/td><\/tr><tr><td>480*310*540cm<\/td><td>360 pi\u00e8ces\/heure<\/td><td>1520w<\/td><td>110 V\/220 V<\/td><td>8 cm<\/td><td>68,5kg<\/td><\/tr><\/tbody><\/table><\/figure>    <figure class=\"wp-block-image size-full\"><img loading=\"lazy\" decoding=\"async\" width=\"720\" height=\"540\" src=\"https:\/\/topfoodmachine.com\/wp-content\/uploads\/2023\/10\/rice-cake-machine-for-sale.webp\" alt=\"machine \u00e0 g\u00e2teaux de riz \u00e0 vendre\" class=\"wp-image-879\" srcset=\"https:\/\/topfoodmachine.com\/wp-content\/uploads\/2023\/10\/rice-cake-machine-for-sale.webp 720w, https:\/\/topfoodmachine.com\/wp-content\/uploads\/2023\/10\/rice-cake-machine-for-sale-300x225.webp 300w\" sizes=\"auto, (max-width: 720px) 100vw, 720px\" \/><figcaption class=\"wp-element-caption\">machine \u00e0 g\u00e2teaux de riz \u00e0 vendre<\/figcaption><\/figure>    <p>Ces quatre mod\u00e8les ont chacun leurs caract\u00e9ristiques uniques, r\u00e9pondant \u00e0 diff\u00e9rents besoins et sc\u00e9narios. Que vous visiez des collations instantan\u00e9es, des formes charmantes, une production \u00e9lev\u00e9e ou la flexibilit\u00e9 d'utiliser diverses c\u00e9r\u00e9ales, notre s\u00e9rie de machines \u00e0 g\u00e2teaux de riz est l\u00e0 pour vous, am\u00e9liorant vos efforts commerciaux.<\/p>    <h2 class=\"wp-block-heading\">Processus de travail de la machine \u00e0 g\u00e2teaux de riz souffl\u00e9<\/h2>    <ol class=\"wp-block-list\"> <li><strong>Alimentation:<\/strong> <ul class=\"wp-block-list\"> <li>Commencez par placer la mati\u00e8re premi\u00e8re pr\u00e9par\u00e9e \u00e0 l'avance (riz artificiel ou grains m\u00e9lang\u00e9s) dans l'entr\u00e9e d'alimentation de la machine.<\/li> <\/ul> <\/li>    <li><strong>Chauffage et moulage\u00a0:<\/strong> <ul class=\"wp-block-list\"> <li>Une fois que la mati\u00e8re premi\u00e8re entre dans la machine, elle est dirig\u00e9e vers la zone de chauffage. Ici, un chauffage contr\u00f4l\u00e9 rend le mat\u00e9riau souple pour le moulage. Ensuite, \u00e0 travers un moule ou un dispositif de moulage, le mat\u00e9riau chauff\u00e9 est comprim\u00e9 dans la forme souhait\u00e9e, formant ainsi un g\u00e2teau de riz.<\/li> <\/ul> <\/li>    <li><strong>Extraction et collecte\u00a0:<\/strong> <ul class=\"wp-block-list\"> <li>Une fois le moulage termin\u00e9, le g\u00e2teau de riz nouvellement form\u00e9 est extrait de la machine et collect\u00e9 dans un conteneur ou un emplacement d\u00e9sign\u00e9 pour un traitement ou un emballage ult\u00e9rieur.<\/li> <\/ul> <\/li> <\/ol>    <figure class=\"wp-block-embed is-type-video is-provider-youtube wp-block-embed-youtube wp-embed-aspect-16-9 wp-has-aspect-ratio\"><div class=\"wp-block-embed__wrapper\"> <iframe loading=\"lazy\" title=\"Des ingr\u00e9dients crus aux collations irr\u00e9sistibles\u00a0: regardez notre machine \u00e0 g\u00e2teaux de riz en action\u00a0! 1TP5G\u00e2teau aux triceps\" width=\"500\" height=\"281\" src=\"https:\/\/www.youtube.com\/embed\/ekiXiKtVr-w?start=11&#038;feature=oembed\" frameborder=\"0\" allow=\"accelerometer; autoplay; clipboard-write; encrypted-media; gyroscope; picture-in-picture; web-share\" referrerpolicy=\"strict-origin-when-cross-origin\" allowfullscreen><\/iframe> <\/div><\/figure>    <h2 class=\"wp-block-heading\">Structure de la machine \u00e0 g\u00e2teaux de riz<\/h2>    <ol class=\"wp-block-list\"> <li><strong>Entr\u00e9e d'alimentation\u00a0:<\/strong> <ul class=\"wp-block-list\"> <li>Il s'agit du point d'entr\u00e9e pour placer la mati\u00e8re premi\u00e8re, souvent con\u00e7u pour garantir une entr\u00e9e en douceur de la mati\u00e8re dans la machine.<\/li> <\/ul> <\/li>    <li><strong>Zone de chauffage\u00a0:<\/strong> <ul class=\"wp-block-list\"> <li>C'est l\u00e0 que la mati\u00e8re premi\u00e8re subit un chauffage contr\u00f4l\u00e9, g\u00e9n\u00e9ralement \u00e9quip\u00e9 d'\u00e9l\u00e9ments chauffants ou d'un appareil de chauffage pour fournir la temp\u00e9rature n\u00e9cessaire.<\/li> <\/ul> <\/li>    <li><strong>Moule ou dispositif de moulage\u00a0:<\/strong> <ul class=\"wp-block-list\"> <li>Apr\u00e8s la zone de chauffage, la machine est g\u00e9n\u00e9ralement \u00e9quip\u00e9e d'un moule ou d'un dispositif de moulage pour comprimer le mat\u00e9riau chauff\u00e9 dans la forme souhait\u00e9e, formant ainsi le g\u00e2teau de riz.<\/li> <\/ul> <\/li>    <li><strong>Sortie de d\u00e9charge\u00a0:<\/strong> <ul class=\"wp-block-list\"> <li>Apr\u00e8s moulage, le g\u00e2teau de riz est lib\u00e9r\u00e9 ou d\u00e9charg\u00e9 par la sortie dans un r\u00e9cipient de collecte.<\/li> <\/ul> <\/li>    <li><strong>Panneau de contr\u00f4le:<\/strong> <ul class=\"wp-block-list\"> <li>Celui-ci sert de centre de contr\u00f4le de la machine, abritant des boutons pour des op\u00e9rations telles que le d\u00e9marrage, l'arr\u00eat, le r\u00e9glage de la temp\u00e9rature, etc.<\/li> <\/ul> <\/li>    <li><strong>Syst\u00e8me de contr\u00f4le du chauffage\u00a0:<\/strong> <ul class=\"wp-block-list\"> <li>Cette section comprend les composants et les syst\u00e8mes qui contr\u00f4lent la fonction de chauffage de la machine.<\/li> <\/ul> <\/li>    <li><strong>Enveloppe:<\/strong> <ul class=\"wp-block-list\"> <li>Le bo\u00eetier est la coque de protection externe de l'ensemble de la machine, prot\u00e9geant les composants internes des facteurs environnementaux externes.<\/li> <\/ul> <\/li> <\/ol>    <figure class=\"wp-block-image size-full\"><img loading=\"lazy\" decoding=\"async\" width=\"720\" height=\"540\" src=\"https:\/\/topfoodmachine.com\/wp-content\/uploads\/2023\/10\/popped-rice-cake-machine.webp\" alt=\"machine \u00e0 g\u00e2teau de riz saut\u00e9\" class=\"wp-image-880\" srcset=\"https:\/\/topfoodmachine.com\/wp-content\/uploads\/2023\/10\/popped-rice-cake-machine.webp 720w, https:\/\/topfoodmachine.com\/wp-content\/uploads\/2023\/10\/popped-rice-cake-machine-300x225.webp 300w\" sizes=\"auto, (max-width: 720px) 100vw, 720px\" \/><figcaption class=\"wp-element-caption\">machine \u00e0 g\u00e2teau de riz saut\u00e9<\/figcaption><\/figure>    <h2 class=\"wp-block-heading\">Applications de la machine \u00e0 g\u00e2teaux de riz cor\u00e9enne<\/h2>    <ol class=\"wp-block-list\"> <li><strong>Industrie alimentaire:<\/strong> <ul class=\"wp-block-list\"> <li><em>Production de collations\u00a0:<\/em> La machine \u00e0 g\u00e2teaux de riz est couramment utilis\u00e9e dans les installations de production de snacks pour cr\u00e9er des g\u00e2teaux de riz croustillants et savoureux. Ceux-ci peuvent \u00eatre aromatis\u00e9s, enrob\u00e9s ou combin\u00e9s avec d\u2019autres ingr\u00e9dients pour cr\u00e9er une vari\u00e9t\u00e9 de produits de collation.<\/li> <\/ul> <\/li>    <li><strong>Cuisines commerciales\u00a0:<\/strong> <ul class=\"wp-block-list\"> <li><em>Restaurant et caf\u00e9t\u00e9ria :<\/em> Les restaurants et les caf\u00e9t\u00e9rias peuvent utiliser des machines \u00e0 g\u00e2teaux de riz pour produire des g\u00e2teaux de riz frais et personnalis\u00e9s pour leurs menus. Cela permet des pr\u00e9sentations culinaires cr\u00e9atives.<\/li> <\/ul> <\/li>    <li><strong>Magasins d\u2019aliments naturels\u00a0:<\/strong> <ul class=\"wp-block-list\"> <li><em>Collations saines\u00a0:<\/em> Les magasins d'aliments naturels et les magasins sp\u00e9cialis\u00e9s peuvent utiliser des machines \u00e0 g\u00e2teaux de riz pour cr\u00e9er des options de collations nutritives et faibles en calories pour les clients soucieux de leur sant\u00e9.<\/li> <\/ul> <\/li>    <li><strong>Centres de remise en forme et de bien-\u00eatre\u00a0:<\/strong> <ul class=\"wp-block-list\"> <li><em>Programmes di\u00e9t\u00e9tiques\u00a0:<\/em> Les galettes de riz sont souvent incluses dans les programmes de remise en forme et di\u00e9t\u00e9tiques en raison de leur faible teneur en calories. Les centres de remise en forme et de bien-\u00eatre peuvent utiliser des machines \u00e0 g\u00e2teaux de riz pour proposer \u00e0 leurs clients des collations fra\u00eeches et saines.<\/li> <\/ul> <\/li>    <li><strong>Usines de fabrication de produits alimentaires\u00a0:<\/strong> <ul class=\"wp-block-list\"> <li><em>Production \u00e0 grande \u00e9chelle:<\/em> Les usines de fabrication de produits alimentaires utilisent des machines \u00e0 g\u00e2teaux de riz de qualit\u00e9 industrielle pour la production de g\u00e2teaux de riz en grand volume. Ceux-ci peuvent \u00eatre distribu\u00e9s dans diff\u00e9rents points de vente.<\/li> <\/ul> <\/li>    <li><strong>Service de restauration:<\/strong> <ul class=\"wp-block-list\"> <li><em>Restauration \u00e9v\u00e9nementielle\u00a0:<\/em> Les services de restauration peuvent int\u00e9grer des galettes de riz dans leurs menus pour les \u00e9v\u00e9nements, offrant ainsi une option de collation unique et saine aux invit\u00e9s.<\/li> <\/ul> <\/li>    <li><strong>Entreprises alimentaires sp\u00e9cialis\u00e9es\u00a0:<\/strong> <ul class=\"wp-block-list\"> <li><em>Collations artisanales\u00a0:<\/em> Les entreprises alimentaires sp\u00e9cialis\u00e9es ax\u00e9es sur les collations artisanales peuvent utiliser des machines \u00e0 g\u00e2teaux de riz pour cr\u00e9er des produits uniques et de haute qualit\u00e9.<\/li> <\/ul> <\/li> <\/ol>    <figure class=\"wp-block-image size-full\"><img loading=\"lazy\" decoding=\"async\" width=\"720\" height=\"540\" src=\"https:\/\/topfoodmachine.com\/wp-content\/uploads\/2023\/10\/rice-cake-making-machine.webp\" alt=\"machine \u00e0 fabriquer des g\u00e2teaux de riz\" class=\"wp-image-881\" srcset=\"https:\/\/topfoodmachine.com\/wp-content\/uploads\/2023\/10\/rice-cake-making-machine.webp 720w, https:\/\/topfoodmachine.com\/wp-content\/uploads\/2023\/10\/rice-cake-making-machine-300x225.webp 300w\" sizes=\"auto, (max-width: 720px) 100vw, 720px\" \/><figcaption class=\"wp-element-caption\">machine \u00e0 fabriquer des g\u00e2teaux de riz<\/figcaption><\/figure>    <p><\/p>    <p><\/p>    <p><\/p>    <p><\/p>","protected":false},"excerpt":{"rendered":"<p>Dans le domaine de l'innovation culinaire, la machine \u00e0 g\u00e2teaux de riz constitue un t\u00e9moignage remarquable de la fusion de la tradition et de la technologie.<\/p>","protected":false},"author":1,"featured_media":873,"parent":0,"template":"","tags":[],"product-type":[6],"class_list":["post-872","product","type-product","status-publish","has-post-thumbnail","hentry","product-type-pastry-production-machine"],"_links":{"self":[{"href":"https:\/\/topfoodmachine.com\/fr\/wp-json\/wp\/v2\/product\/872","targetHints":{"allow":["GET"]}}],"collection":[{"href":"https:\/\/topfoodmachine.com\/fr\/wp-json\/wp\/v2\/product"}],"about":[{"href":"https:\/\/topfoodmachine.com\/fr\/wp-json\/wp\/v2\/types\/product"}],"author":[{"embeddable":true,"href":"https:\/\/topfoodmachine.com\/fr\/wp-json\/wp\/v2\/users\/1"}],"wp:featuredmedia":[{"embeddable":true,"href":"https:\/\/topfoodmachine.com\/fr\/wp-json\/wp\/v2\/media\/873"}],"wp:attachment":[{"href":"https:\/\/topfoodmachine.com\/fr\/wp-json\/wp\/v2\/media?parent=872"}],"wp:term":[{"taxonomy":"post_tag","embeddable":true,"href":"https:\/\/topfoodmachine.com\/fr\/wp-json\/wp\/v2\/tags?post=872"},{"taxonomy":"product-type","embeddable":true,"href":"https:\/\/topfoodmachine.com\/fr\/wp-json\/wp\/v2\/product-type?post=872"}],"curies":[{"name":"wp","href":"https:\/\/api.w.org\/{rel}","templated":true}]}}