{"id":856,"date":"2023-10-27T14:40:19","date_gmt":"2023-10-27T06:40:19","guid":{"rendered":"https:\/\/topfoodmachine.com\/?post_type=product&#038;p=856"},"modified":"2025-07-08T18:23:49","modified_gmt":"2025-07-08T10:23:49","slug":"boba-pearl-maker-machine","status":"publish","type":"product","link":"https:\/\/topfoodmachine.com\/fr\/product\/boba-pearl-maker-machine\/","title":{"rendered":"Machine \u00e0 fabriquer des perles Boba"},"content":{"rendered":"<div class=\"kk-star-ratings kksr-auto kksr-align-left kksr-valign-top\"     data-payload='{&quot;align&quot;:&quot;left&quot;,&quot;id&quot;:&quot;856&quot;,&quot;slug&quot;:&quot;default&quot;,&quot;valign&quot;:&quot;top&quot;,&quot;ignore&quot;:&quot;&quot;,&quot;reference&quot;:&quot;auto&quot;,&quot;class&quot;:&quot;&quot;,&quot;count&quot;:&quot;27&quot;,&quot;legendonly&quot;:&quot;&quot;,&quot;readonly&quot;:&quot;&quot;,&quot;score&quot;:&quot;4.7&quot;,&quot;starsonly&quot;:&quot;&quot;,&quot;best&quot;:&quot;5&quot;,&quot;gap&quot;:&quot;5&quot;,&quot;greet&quot;:&quot;Rate this product&quot;,&quot;legend&quot;:&quot;4.7\\\/5 - (27 votes)&quot;,&quot;size&quot;:&quot;24&quot;,&quot;title&quot;:&quot;Boba Pearl Maker Machine&quot;,&quot;width&quot;:&quot;133.8&quot;,&quot;_legend&quot;:&quot;{score}\\\/{best} - ({count} {votes})&quot;,&quot;font_factor&quot;:&quot;1.25&quot;}'>              <div class=\"kksr-stars\">      <div class=\"kksr-stars-inactive\">             <div class=\"kksr-star\" data-star=\"1\" style=\"padding-right: 5px\">               <div class=\"kksr-icon\" style=\"width: 24px; height: 24px;\"><\/div>         <\/div>             <div class=\"kksr-star\" data-star=\"2\" style=\"padding-right: 5px\">               <div class=\"kksr-icon\" style=\"width: 24px; height: 24px;\"><\/div>         <\/div>             <div class=\"kksr-star\" data-star=\"3\" style=\"padding-right: 5px\">               <div class=\"kksr-icon\" style=\"width: 24px; height: 24px;\"><\/div>         <\/div>             <div class=\"kksr-star\" data-star=\"4\" style=\"padding-right: 5px\">               <div class=\"kksr-icon\" style=\"width: 24px; height: 24px;\"><\/div>         <\/div>             <div class=\"kksr-star\" data-star=\"5\" style=\"padding-right: 5px\">               <div class=\"kksr-icon\" style=\"width: 24px; height: 24px;\"><\/div>         <\/div>     <\/div>      <div class=\"kksr-stars-active\" style=\"width: 133.8px;\">             <div class=\"kksr-star\" style=\"padding-right: 5px\">               <div class=\"kksr-icon\" style=\"width: 24px; height: 24px;\"><\/div>         <\/div>             <div class=\"kksr-star\" style=\"padding-right: 5px\">               <div class=\"kksr-icon\" style=\"width: 24px; height: 24px;\"><\/div>         <\/div>             <div class=\"kksr-star\" style=\"padding-right: 5px\">               <div class=\"kksr-icon\" style=\"width: 24px; height: 24px;\"><\/div>         <\/div>             <div class=\"kksr-star\" style=\"padding-right: 5px\">               <div class=\"kksr-icon\" style=\"width: 24px; height: 24px;\"><\/div>         <\/div>             <div class=\"kksr-star\" style=\"padding-right: 5px\">               <div class=\"kksr-icon\" style=\"width: 24px; height: 24px;\"><\/div>         <\/div>     <\/div> <\/div>                   <div class=\"kksr-legend\" style=\"font-size: 19.2px;\">             4,7\/5 - (27 votes)    <\/div>     <\/div>  <p>La machine \u00e0 perles de Boba automatise le processus de fa\u00e7onnage et de d\u00e9coupe de la p\u00e2te de tapioca en perles parfaitement rondes, garantissant une taille uniforme et une qualit\u00e9 constante. Elle peut produire des perles allant de 2 mm \u00e0 10 mm de diam\u00e8tre, s'adaptant \u00e0 divers styles de boissons.<\/p>    <p>Avec une capacit\u00e9 de production allant jusqu'\u00e0 120 kilogrammes par heure, cela augmente consid\u00e9rablement l'efficacit\u00e9 et apporte une commodit\u00e9 et une assurance qualit\u00e9 sans pr\u00e9c\u00e9dent \u00e0 l'industrie des boissons.<\/p>    <figure class=\"wp-block-embed is-type-video is-provider-youtube wp-block-embed-youtube wp-embed-aspect-16-9 wp-has-aspect-ratio\"><div class=\"wp-block-embed__wrapper\"> <iframe loading=\"lazy\" title=\"Dites adieu au fait main\u00a0: l&#039;efficacit\u00e9 de Boba Pearl Maker est lib\u00e9r\u00e9e\u00a0! #boba #bobaperle #tapiocapearl\" width=\"500\" height=\"281\" src=\"https:\/\/www.youtube.com\/embed\/4q3NTjQJKZo?feature=oembed\" frameborder=\"0\" allow=\"accelerometer; autoplay; clipboard-write; encrypted-media; gyroscope; picture-in-picture; web-share\" referrerpolicy=\"strict-origin-when-cross-origin\" allowfullscreen><\/iframe> <\/div><figcaption class=\"wp-element-caption\">Vid\u00e9o de fonctionnement de la machine \u00e0 perles de boba<\/figcaption><\/figure>    <h2 class=\"wp-block-heading\">Comment faire des perles de boba ?<\/h2>    <div class=\"wp-block-media-text is-stacked-on-mobile\"><figure class=\"wp-block-media-text__media\"><img loading=\"lazy\" decoding=\"async\" width=\"720\" height=\"540\" src=\"https:\/\/topfoodmachine.com\/wp-content\/uploads\/2023\/10\/rice-flour-ball-making-machine.webp\" alt=\"machine de fabrication de boulettes de farine de riz\" class=\"wp-image-861 size-full\" srcset=\"https:\/\/topfoodmachine.com\/wp-content\/uploads\/2023\/10\/rice-flour-ball-making-machine.webp 720w, https:\/\/topfoodmachine.com\/wp-content\/uploads\/2023\/10\/rice-flour-ball-making-machine-300x225.webp 300w\" sizes=\"auto, (max-width: 720px) 100vw, 720px\" \/><\/figure><div class=\"wp-block-media-text__content\"> <p><strong>Pr\u00e9parer la p\u00e2te<\/strong><\/p>    <ul class=\"wp-block-list\"> <li>Utilisez de la farine de riz gluant comme ingr\u00e9dient principal.<\/li>    <li>M\u00e9langez la farine de riz gluant avec de l'eau bouillante dans un p\u00e9trin jusqu'\u00e0 ce qu'elle soit bien combin\u00e9e.<\/li> <\/ul>    <p><strong>Traitez la farine de riz.<\/strong><\/p>    <ul class=\"wp-block-list\"> <li>Tout d'abord, faites cuire \u00e0 la vapeur la farine de riz jusqu'\u00e0 ce qu'elle soit cuite \u00e0 80-90 %.<\/li>    <li>Transf\u00e9rez la farine de riz cuite \u00e0 la vapeur dans le mixeur.<\/li> <\/ul> <\/div><\/div>    <div class=\"wp-block-media-text has-media-on-the-right is-stacked-on-mobile\"><div class=\"wp-block-media-text__content\"> <p><strong>Combinez la farine humide et la farine s\u00e8che.<\/strong><\/p>    <ul class=\"wp-block-list\"> <li>Ajoutez la farine de riz humide dans le mixeur.<\/li>    <li>Ajoutez simultan\u00e9ment la farine de riz sec.<\/li>    <li>M\u00e9langez soigneusement jusqu'\u00e0 ce que le m\u00e9lange soit homog\u00e8ne et uniforme.<\/li> <\/ul>    <p><strong>Fa\u00e7onnage final<\/strong><\/p>    <ul class=\"wp-block-list\"> <li>Pressez le m\u00e9lange combin\u00e9 en une forme carr\u00e9e plate \u00e0 nouveau.<\/li>    <li>Placez la p\u00e2te fa\u00e7onn\u00e9e dans l'entonnoir d'alimentation de la machine \u00e0 boba commerciale.<\/li> <\/ul> <\/div><figure class=\"wp-block-media-text__media\"><img loading=\"lazy\" decoding=\"async\" width=\"720\" height=\"540\" src=\"https:\/\/topfoodmachine.com\/wp-content\/uploads\/2023\/10\/best-selling-boba-maker-1.webp\" alt=\"fabricant de boba le plus vendu\" class=\"wp-image-860 size-full\" srcset=\"https:\/\/topfoodmachine.com\/wp-content\/uploads\/2023\/10\/best-selling-boba-maker-1.webp 720w, https:\/\/topfoodmachine.com\/wp-content\/uploads\/2023\/10\/best-selling-boba-maker-1-300x225.webp 300w\" sizes=\"auto, (max-width: 720px) 100vw, 720px\" \/><\/figure><\/div>    <h2 class=\"wp-block-heading\">Comment fonctionne la machine \u00e0 perles de boba ?<\/h2>    <div class=\"wp-block-media-text is-stacked-on-mobile\"><figure class=\"wp-block-media-text__media\"><img loading=\"lazy\" decoding=\"async\" width=\"720\" height=\"540\" src=\"https:\/\/topfoodmachine.com\/wp-content\/uploads\/2024\/05\/tapioca-pearl-making-machine-for-sale.webp\" alt=\"machine \u00e0 faire des perles de tapioca \u00e0 vendre\" class=\"wp-image-1372 size-full\" srcset=\"https:\/\/topfoodmachine.com\/wp-content\/uploads\/2024\/05\/tapioca-pearl-making-machine-for-sale.webp 720w, https:\/\/topfoodmachine.com\/wp-content\/uploads\/2024\/05\/tapioca-pearl-making-machine-for-sale-300x225.webp 300w, https:\/\/topfoodmachine.com\/wp-content\/uploads\/2024\/05\/tapioca-pearl-making-machine-for-sale-16x12.webp 16w\" sizes=\"auto, (max-width: 720px) 100vw, 720px\" \/><\/figure><div class=\"wp-block-media-text__content\"> <ul class=\"wp-block-list\"> <li>La p\u00e2te de f\u00e9cule de tapioca p\u00e9trie est plac\u00e9e dans le port d'alimentation de la machine.<\/li>    <li>Un rouleau \u00e0 p\u00e2te presse la p\u00e2te en une feuille d'\u00e9paisseur uniforme.<\/li>    <li>La feuille de p\u00e2te entre dans un moule de formation avec de petits trous qui d\u00e9finissent la taille et la forme de la perle.<\/li>    <li>Un cutter sous le moule d\u00e9coupe la p\u00e2te en petites pastilles.<\/li>    <li>Le dispositif de roulage roule et polit ensuite les granul\u00e9s en perles de tapioca rondes par friction.<\/li> <\/ul> <\/div><\/div>    <h2 class=\"wp-block-heading\">Principales caract\u00e9ristiques et avantages de la machine \u00e0 fabriquer des boba<\/h2>    <div class=\"wp-block-media-text has-media-on-the-right is-stacked-on-mobile\"><div class=\"wp-block-media-text__content\"> <ul class=\"wp-block-list\"> <li>Produit des perles de boba de taille uniforme pour une qualit\u00e9 constante.<\/li>    <li>Minimise la casse des boulettes sucr\u00e9es, garantissant des produits finis intacts.<\/li>    <li>Facile \u00e0 utiliser et \u00e0 nettoyer, r\u00e9duisant les temps d'arr\u00eat et les efforts de maintenance.<\/li> <\/ul> <\/div><figure class=\"wp-block-media-text__media\"><img loading=\"lazy\" decoding=\"async\" width=\"720\" height=\"540\" src=\"https:\/\/topfoodmachine.com\/wp-content\/uploads\/2023\/10\/entrance-of-the-boba-machine.webp\" alt=\"entr\u00e9e de la machine \u00e0 boba\" class=\"wp-image-862 size-full\" srcset=\"https:\/\/topfoodmachine.com\/wp-content\/uploads\/2023\/10\/entrance-of-the-boba-machine.webp 720w, https:\/\/topfoodmachine.com\/wp-content\/uploads\/2023\/10\/entrance-of-the-boba-machine-300x225.webp 300w\" sizes=\"auto, (max-width: 720px) 100vw, 720px\" \/><\/figure><\/div>    <div class=\"wp-block-media-text is-stacked-on-mobile\"><figure class=\"wp-block-media-text__media\"><img loading=\"lazy\" decoding=\"async\" width=\"720\" height=\"540\" src=\"https:\/\/topfoodmachine.com\/wp-content\/uploads\/2023\/10\/molds-of-the-boba-making-machine.webp\" alt=\"moules de la machine de fabrication de boba\" class=\"wp-image-863 size-full\" srcset=\"https:\/\/topfoodmachine.com\/wp-content\/uploads\/2023\/10\/molds-of-the-boba-making-machine.webp 720w, https:\/\/topfoodmachine.com\/wp-content\/uploads\/2023\/10\/molds-of-the-boba-making-machine-300x225.webp 300w\" sizes=\"auto, (max-width: 720px) 100vw, 720px\" \/><\/figure><div class=\"wp-block-media-text__content\"> <ul class=\"wp-block-list\"> <li>Soutient la production de boba dans diverses couleurs pour r\u00e9pondre aux demandes vari\u00e9es du march\u00e9.<\/li>    <li>Le processus automatis\u00e9 am\u00e9liore l'hygi\u00e8ne en r\u00e9duisant les risques de contamination, garantissant la s\u00e9curit\u00e9 alimentaire et une production de haute qualit\u00e9.<\/li> <\/ul> <\/div><\/div>    <h2 class=\"wp-block-heading\">Applications de la machine \u00e0 fabriquer des boba<\/h2>    <p>La machine \u00e0 perles de boba produit efficacement des perles de tapioca en m\u00e9langeant, extrudant et fa\u00e7onnant la p\u00e2te en sph\u00e8res uniformes. Elle peut cr\u00e9er des perles de diff\u00e9rentes tailles et couleurs selon les besoins de production sp\u00e9cifiques. <\/p>    <p>Il peut \u00e9galement traiter diff\u00e9rents types de p\u00e2tes \u00e0 base d'amidon, permettant la production non seulement de perles de tapioca classiques, mais aussi d'autres produits de collation similaires. Avec un fonctionnement automatis\u00e9 et hygi\u00e9nique, la machine garantit une qualit\u00e9 constante et une production \u00e9lev\u00e9e, adapt\u00e9e \u00e0 une production commerciale continue.<\/p>    <figure class=\"wp-block-gallery has-nested-images columns-default is-cropped wp-block-gallery-2 is-layout-flex wp-block-gallery-is-layout-flex\"> <figure class=\"wp-block-image size-large\"><img loading=\"lazy\" decoding=\"async\" width=\"720\" height=\"540\" data-id=\"864\" src=\"https:\/\/topfoodmachine.com\/wp-content\/uploads\/2023\/10\/black-pearls.webp\" alt=\"perles noires\" class=\"wp-image-864\" srcset=\"https:\/\/topfoodmachine.com\/wp-content\/uploads\/2023\/10\/black-pearls.webp 720w, https:\/\/topfoodmachine.com\/wp-content\/uploads\/2023\/10\/black-pearls-300x225.webp 300w\" sizes=\"auto, (max-width: 720px) 100vw, 720px\" \/><figcaption class=\"wp-element-caption\">perles noires<\/figcaption><\/figure>    <figure class=\"wp-block-image size-large\"><img loading=\"lazy\" decoding=\"async\" width=\"720\" height=\"540\" data-id=\"865\" src=\"https:\/\/topfoodmachine.com\/wp-content\/uploads\/2023\/10\/colorful-boba-pearls.webp\" alt=\"perles boba color\u00e9es\" class=\"wp-image-865\" srcset=\"https:\/\/topfoodmachine.com\/wp-content\/uploads\/2023\/10\/colorful-boba-pearls.webp 720w, https:\/\/topfoodmachine.com\/wp-content\/uploads\/2023\/10\/colorful-boba-pearls-300x225.webp 300w\" sizes=\"auto, (max-width: 720px) 100vw, 720px\" \/><figcaption class=\"wp-element-caption\">perles boba color\u00e9es<\/figcaption><\/figure>    <figure class=\"wp-block-image size-large\"><img loading=\"lazy\" decoding=\"async\" width=\"720\" height=\"540\" data-id=\"866\" src=\"https:\/\/topfoodmachine.com\/wp-content\/uploads\/2023\/10\/tapioca-pearl.webp\" alt=\"perle de tapioca\" class=\"wp-image-866\" srcset=\"https:\/\/topfoodmachine.com\/wp-content\/uploads\/2023\/10\/tapioca-pearl.webp 720w, https:\/\/topfoodmachine.com\/wp-content\/uploads\/2023\/10\/tapioca-pearl-300x225.webp 300w\" sizes=\"auto, (max-width: 720px) 100vw, 720px\" \/><figcaption class=\"wp-element-caption\">perle de tapioca<\/figcaption><\/figure> <\/figure>    <h2 class=\"wp-block-heading\">Entretien du <a href=\"https:\/\/en.wikipedia.org\/wiki\/Boba\" data-type=\"link\" data-id=\"https:\/\/en.wikipedia.org\/wiki\/Boba\" target=\"_blank\" rel=\"noopener\">boba<\/a> machine \u00e0 perles<\/h2>    <p>Le nettoyage et l\u2019entretien de la machine Boba Pearl Maker sont essentiels pour garantir son fonctionnement fiable et son hygi\u00e8ne \u00e0 long terme. Voici quelques recommandations :<\/p>    <div class=\"wp-block-media-text is-stacked-on-mobile\"><figure class=\"wp-block-media-text__media\"><img loading=\"lazy\" decoding=\"async\" width=\"720\" height=\"540\" src=\"https:\/\/topfoodmachine.com\/wp-content\/uploads\/2023\/10\/tapioca-pearl-making-machine-for-sale.webp\" alt=\"Machine de fabrication de perles de tapioca \u00e0 vendre\" class=\"wp-image-867 size-full\" srcset=\"https:\/\/topfoodmachine.com\/wp-content\/uploads\/2023\/10\/tapioca-pearl-making-machine-for-sale.webp 720w, https:\/\/topfoodmachine.com\/wp-content\/uploads\/2023\/10\/tapioca-pearl-making-machine-for-sale-300x225.webp 300w\" sizes=\"auto, (max-width: 720px) 100vw, 720px\" \/><\/figure><div class=\"wp-block-media-text__content\"> <ul class=\"wp-block-list\"> <li>\u00c9teignez toujours l'alimentation avant de commencer tout nettoyage pour garantir la s\u00e9curit\u00e9 de l'op\u00e9rateur.<\/li>    <li>D\u00e9montez toutes les pi\u00e8ces amovibles comme la chambre de m\u00e9lange et le gabarit pour un nettoyage approfondi.<\/li>    <li>Utilisez une brosse douce ou un chiffon humide pour enlever les r\u00e9sidus de p\u00e2te de tous les composants.<\/li>    <li>Nettoyez soigneusement les trous du gabarit pour maintenir une taille et une forme de perles uniformes.<\/li>    <li>Inspectez r\u00e9guli\u00e8rement les joints en caoutchouc ou en silicone pour d\u00e9tecter d'\u00e9ventuels dommages et remplacez-les si n\u00e9cessaire pour \u00e9viter les fuites.<\/li> <\/ul> <\/div><\/div>    <div class=\"wp-block-media-text has-media-on-the-right is-stacked-on-mobile\"><div class=\"wp-block-media-text__content\"> <ul class=\"wp-block-list\"> <li>Appliquez r\u00e9guli\u00e8rement de l'huile ou de la graisse lubrifiante de qualit\u00e9 alimentaire pour maintenir le bon fonctionnement des pi\u00e8ces mobiles.<\/li>    <li>Inspectez fr\u00e9quemment les fils, les prises et les composants \u00e9lectriques pour tout signe de dommage ou d'usure.<\/li>    <li>Nettoyez le panneau de contr\u00f4le et les pi\u00e8ces \u00e9lectriques pour \u00e9viter que la poussi\u00e8re ou la salet\u00e9 n'affectent les performances.<\/li> <\/ul> <\/div><figure class=\"wp-block-media-text__media\"><img loading=\"lazy\" decoding=\"async\" width=\"720\" height=\"540\" src=\"https:\/\/topfoodmachine.com\/wp-content\/uploads\/2023\/10\/tapioca-pearl-making-machine.webp\" alt=\"machine de fabrication de perles de tapioca\" class=\"wp-image-868 size-full\" srcset=\"https:\/\/topfoodmachine.com\/wp-content\/uploads\/2023\/10\/tapioca-pearl-making-machine.webp 720w, https:\/\/topfoodmachine.com\/wp-content\/uploads\/2023\/10\/tapioca-pearl-making-machine-300x225.webp 300w\" sizes=\"auto, (max-width: 720px) 100vw, 720px\" \/><\/figure><\/div>    <h2 class=\"wp-block-heading\">Param\u00e8tres techniques de la machine \u00e0 perles boba<\/h2>    <figure class=\"wp-block-table\"><table class=\"has-fixed-layout\"><tbody><tr><td>Mod\u00e8le<\/td><td>Taille (mm)<\/td><td>Puissance (kW)<\/td><td>Tension (v)<\/td><td>Capacit\u00e9 (kg\/h)<\/td><td>Diam\u00e8tre (mm)<\/td><\/tr><tr><td>TZ-1000<\/td><td>1300*950*1100<\/td><td>0.55<\/td><td>220\/380<\/td><td>80-90<\/td><td>8-25<\/td><\/tr><tr><td>TZ-1200<\/td><td>850*900*1300<\/td><td>0.7<\/td><td>220\/380<\/td><td>90-120<\/td><td>6-22<\/td><\/tr><\/tbody><\/table><figcaption class=\"wp-element-caption\">Param\u00e8tres de la machine \u00e0 perles de Boba<\/figcaption><\/figure>    <figure class=\"wp-block-image size-full\"><img loading=\"lazy\" decoding=\"async\" width=\"720\" height=\"540\" src=\"https:\/\/topfoodmachine.com\/wp-content\/uploads\/2024\/05\/tapioca-pearl.webp\" alt=\"perle de tapioca\" class=\"wp-image-1371\" srcset=\"https:\/\/topfoodmachine.com\/wp-content\/uploads\/2024\/05\/tapioca-pearl.webp 720w, https:\/\/topfoodmachine.com\/wp-content\/uploads\/2024\/05\/tapioca-pearl-300x225.webp 300w, https:\/\/topfoodmachine.com\/wp-content\/uploads\/2024\/05\/tapioca-pearl-16x12.webp 16w\" sizes=\"auto, (max-width: 720px) 100vw, 720px\" \/><figcaption class=\"wp-element-caption\">perle de tapioca<\/figcaption><\/figure>    <h2 class=\"wp-block-heading\">Conclusion<\/h2>    <p class=\"translation-block\">Pour am\u00e9liorer encore l'efficacit\u00e9 de la production, la machine \u00e0 faire des perles de boba peut \u00eatre parfaitement associ\u00e9e \u00e0 notre <a href=\"https:\/\/topfoodmachine.com\/fr\/product\/commercial-dough-mixer\/\" data-type=\"link\" data-id=\"https:\/\/topfoodmachine.com\/product\/commercial-dough-mixer\/\">m\u00e9langeur de p\u00e2te<\/a> et \u00e0 <a href=\"https:\/\/topfoodmachine.com\/fr\/product\/automatic-dough-divider-rounder\/\" data-type=\"link\" data-id=\"https:\/\/topfoodmachine.com\/product\/automatic-dough-divider-rounder\/\">diviseuse-rondisseur de p\u00e2te<\/a> pour un processus enti\u00e8rement rationalis\u00e9 \u2014 de la pr\u00e9paration de la p\u00e2te \u00e0 la mise en forme finale. <\/p>    <p>N'h\u00e9sitez pas \u00e0 nous contacter pour des sp\u00e9cifications d\u00e9taill\u00e9es et des prix - nous sommes ici pour fournir des solutions personnalis\u00e9es \u00e0 vos besoins !<\/p>    <figure class=\"wp-block-gallery has-nested-images columns-default is-cropped wp-block-gallery-3 is-layout-flex wp-block-gallery-is-layout-flex\"> <figure class=\"wp-block-image size-large\"><img loading=\"lazy\" decoding=\"async\" width=\"720\" height=\"540\" data-id=\"1266\" src=\"https:\/\/topfoodmachine.com\/wp-content\/uploads\/2024\/05\/Automatic-Dough-Divider-Rounder.webp\" alt=\"Diviseur de p\u00e2te automatique\" class=\"wp-image-1266\" srcset=\"https:\/\/topfoodmachine.com\/wp-content\/uploads\/2024\/05\/Automatic-Dough-Divider-Rounder.webp 720w, https:\/\/topfoodmachine.com\/wp-content\/uploads\/2024\/05\/Automatic-Dough-Divider-Rounder-300x225.webp 300w, https:\/\/topfoodmachine.com\/wp-content\/uploads\/2024\/05\/Automatic-Dough-Divider-Rounder-16x12.webp 16w\" sizes=\"auto, (max-width: 720px) 100vw, 720px\" \/><figcaption class=\"wp-element-caption\">Diviseur de p\u00e2te automatique<\/figcaption><\/figure>    <figure class=\"wp-block-image size-large\"><img loading=\"lazy\" decoding=\"async\" width=\"720\" height=\"540\" data-id=\"403\" src=\"https:\/\/topfoodmachine.com\/wp-content\/uploads\/2023\/03\/commercial-dough-mixer-machine.jpg\" alt=\"m\u00e9langeur de p\u00e2te commercial\" class=\"wp-image-403\" srcset=\"https:\/\/topfoodmachine.com\/wp-content\/uploads\/2023\/03\/commercial-dough-mixer-machine.jpg 720w, https:\/\/topfoodmachine.com\/wp-content\/uploads\/2023\/03\/commercial-dough-mixer-machine-300x225.jpg 300w\" sizes=\"auto, (max-width: 720px) 100vw, 720px\" \/><figcaption class=\"wp-element-caption\">m\u00e9langeur de p\u00e2te commercial<\/figcaption><\/figure> <\/figure>","protected":false},"excerpt":{"rendered":"<p>La machine \u00e0 perles de Boba automatise le processus de fa\u00e7onnage et de d\u00e9coupe de la p\u00e2te de tapioca en perles parfaitement rondes, garantissant une taille uniforme et une qualit\u00e9 constante. <\/p>","protected":false},"author":1,"featured_media":857,"parent":0,"template":"","tags":[123],"product-type":[6],"class_list":["post-856","product","type-product","status-publish","has-post-thumbnail","hentry","tag-boba-pearl-maker-machine","product-type-pastry-production-machine"],"_links":{"self":[{"href":"https:\/\/topfoodmachine.com\/fr\/wp-json\/wp\/v2\/product\/856","targetHints":{"allow":["GET"]}}],"collection":[{"href":"https:\/\/topfoodmachine.com\/fr\/wp-json\/wp\/v2\/product"}],"about":[{"href":"https:\/\/topfoodmachine.com\/fr\/wp-json\/wp\/v2\/types\/product"}],"author":[{"embeddable":true,"href":"https:\/\/topfoodmachine.com\/fr\/wp-json\/wp\/v2\/users\/1"}],"wp:featuredmedia":[{"embeddable":true,"href":"https:\/\/topfoodmachine.com\/fr\/wp-json\/wp\/v2\/media\/857"}],"wp:attachment":[{"href":"https:\/\/topfoodmachine.com\/fr\/wp-json\/wp\/v2\/media?parent=856"}],"wp:term":[{"taxonomy":"post_tag","embeddable":true,"href":"https:\/\/topfoodmachine.com\/fr\/wp-json\/wp\/v2\/tags?post=856"},{"taxonomy":"product-type","embeddable":true,"href":"https:\/\/topfoodmachine.com\/fr\/wp-json\/wp\/v2\/product-type?post=856"}],"curies":[{"name":"wp","href":"https:\/\/api.w.org\/{rel}","templated":true}]}}