{"id":836,"date":"2023-10-25T16:02:06","date_gmt":"2023-10-25T08:02:06","guid":{"rendered":"https:\/\/topfoodmachine.com\/?post_type=product&#038;p=836"},"modified":"2025-06-05T17:25:03","modified_gmt":"2025-06-05T09:25:03","slug":"injera-making-machine","status":"publish","type":"product","link":"https:\/\/topfoodmachine.com\/fr\/product\/injera-making-machine\/","title":{"rendered":"Machine \u00e0 faire de l'Injera | Machine \u00e0 Injera d'\u00c9thiopie"},"content":{"rendered":"<div class=\"kk-star-ratings kksr-auto kksr-align-left kksr-valign-top\"     data-payload='{&quot;align&quot;:&quot;left&quot;,&quot;id&quot;:&quot;836&quot;,&quot;slug&quot;:&quot;default&quot;,&quot;valign&quot;:&quot;top&quot;,&quot;ignore&quot;:&quot;&quot;,&quot;reference&quot;:&quot;auto&quot;,&quot;class&quot;:&quot;&quot;,&quot;count&quot;:&quot;14&quot;,&quot;legendonly&quot;:&quot;&quot;,&quot;readonly&quot;:&quot;&quot;,&quot;score&quot;:&quot;4.8&quot;,&quot;starsonly&quot;:&quot;&quot;,&quot;best&quot;:&quot;5&quot;,&quot;gap&quot;:&quot;5&quot;,&quot;greet&quot;:&quot;Rate this product&quot;,&quot;legend&quot;:&quot;4.8\\\/5 - (14 votes)&quot;,&quot;size&quot;:&quot;24&quot;,&quot;title&quot;:&quot;Injera Making Machine | Ethiopia Injera Machine&quot;,&quot;width&quot;:&quot;136.7&quot;,&quot;_legend&quot;:&quot;{score}\\\/{best} - ({count} {votes})&quot;,&quot;font_factor&quot;:&quot;1.25&quot;}'>              <div class=\"kksr-stars\">      <div class=\"kksr-stars-inactive\">             <div class=\"kksr-star\" data-star=\"1\" style=\"padding-right: 5px\">               <div class=\"kksr-icon\" style=\"width: 24px; height: 24px;\"><\/div>         <\/div>             <div class=\"kksr-star\" data-star=\"2\" style=\"padding-right: 5px\">               <div class=\"kksr-icon\" style=\"width: 24px; height: 24px;\"><\/div>         <\/div>             <div class=\"kksr-star\" data-star=\"3\" style=\"padding-right: 5px\">               <div class=\"kksr-icon\" style=\"width: 24px; height: 24px;\"><\/div>         <\/div>             <div class=\"kksr-star\" data-star=\"4\" style=\"padding-right: 5px\">               <div class=\"kksr-icon\" style=\"width: 24px; height: 24px;\"><\/div>         <\/div>             <div class=\"kksr-star\" data-star=\"5\" style=\"padding-right: 5px\">               <div class=\"kksr-icon\" style=\"width: 24px; height: 24px;\"><\/div>         <\/div>     <\/div>      <div class=\"kksr-stars-active\" style=\"width: 136.7px;\">             <div class=\"kksr-star\" style=\"padding-right: 5px\">               <div class=\"kksr-icon\" style=\"width: 24px; height: 24px;\"><\/div>         <\/div>             <div class=\"kksr-star\" style=\"padding-right: 5px\">               <div class=\"kksr-icon\" style=\"width: 24px; height: 24px;\"><\/div>         <\/div>             <div class=\"kksr-star\" style=\"padding-right: 5px\">               <div class=\"kksr-icon\" style=\"width: 24px; height: 24px;\"><\/div>         <\/div>             <div class=\"kksr-star\" style=\"padding-right: 5px\">               <div class=\"kksr-icon\" style=\"width: 24px; height: 24px;\"><\/div>         <\/div>             <div class=\"kksr-star\" style=\"padding-right: 5px\">               <div class=\"kksr-icon\" style=\"width: 24px; height: 24px;\"><\/div>         <\/div>     <\/div> <\/div>                   <div class=\"kksr-legend\" style=\"font-size: 19.2px;\">             4,8\/5 - (14 votes)    <\/div>     <\/div>  <p>La machine \u00e0 injera peut produire de l'injera de haute qualit\u00e9 de mani\u00e8re efficace et en grande quantit\u00e9, avec une capacit\u00e9 allant de 800 \u00e0 6000 pi\u00e8ces par heure. Partageant la m\u00eame technologie avanc\u00e9e que la machine \u00e0 enveloppes de rouleaux de printemps, cette machine garantit des r\u00e9sultats coh\u00e9rents avec des enveloppes pr\u00e9sentant des formes r\u00e9guli\u00e8res et une \u00e9paisseur uniforme. <\/p>    <p>Capable de produire \u00e0 la fois des injera carr\u00e9s et ronds, la machine offre des tailles personnalisables pour r\u00e9pondre aux divers besoins des clients. Avec des fonctions int\u00e9gr\u00e9es telles que le coulage automatique, la cuisson, le fa\u00e7onnage et la d\u00e9coupe, cette machine innovante non seulement augmente la production, mais r\u00e9duit \u00e9galement consid\u00e9rablement les co\u00fbts de main-d'\u0153uvre, ce qui en fait un choix id\u00e9al pour les entreprises cherchant \u00e0 d\u00e9velopper leurs op\u00e9rations.<\/p>    <figure class=\"wp-block-embed is-type-video is-provider-youtube wp-block-embed-youtube wp-embed-aspect-16-9 wp-has-aspect-ratio\"><div class=\"wp-block-embed__wrapper\"> <iframe loading=\"lazy\" title=\"Voyages savoureux\u00a0:\u00a0Exploration de la cuisine mondiale avec l&#039;Injera Maker #injera #injeramachine\" width=\"500\" height=\"281\" src=\"https:\/\/www.youtube.com\/embed\/lA0kdmyA9qg?feature=oembed\" frameborder=\"0\" allow=\"accelerometer; autoplay; clipboard-write; encrypted-media; gyroscope; picture-in-picture; web-share\" referrerpolicy=\"strict-origin-when-cross-origin\" allowfullscreen><\/iframe> <\/div><figcaption class=\"wp-element-caption\">processus de travail de la machine \u00e0 faire de l'Injera<\/figcaption><\/figure>    <h2 class=\"wp-block-heading\">Pourquoi la machine \u00e0 faire de l'Injera devient-elle si populaire ?<\/h2>    <div class=\"wp-block-media-text is-stacked-on-mobile\"><figure class=\"wp-block-media-text__media\"><img loading=\"lazy\" decoding=\"async\" width=\"720\" height=\"540\" src=\"https:\/\/topfoodmachine.com\/wp-content\/uploads\/2023\/10\/Injera-sheet.webp\" alt=\"Fiche Injera\" class=\"wp-image-840 size-full\" srcset=\"https:\/\/topfoodmachine.com\/wp-content\/uploads\/2023\/10\/Injera-sheet.webp 720w, https:\/\/topfoodmachine.com\/wp-content\/uploads\/2023\/10\/Injera-sheet-300x225.webp 300w\" sizes=\"auto, (max-width: 720px) 100vw, 720px\" \/><\/figure><div class=\"wp-block-media-text__content\"> <p>L'injera, avec sa texture douce et spongieuse et son go\u00fbt l\u00e9g\u00e8rement acidul\u00e9, a conquis le c\u0153ur des amateurs de nourriture \u00e0 travers le monde. <\/p>    <p>Fabriqu\u00e9 \u00e0 partir de farine de teff\u2014un grain sans gluten et riche en nutriments\u2014ce pain plat traditionnel \u00e9thiopien est non seulement sain mais aussi polyvalent, se mariant bien avec des rago\u00fbts, des currys et des l\u00e9gumes. <\/p>    <p>Son r\u00f4le unique \u00e0 la fois en tant que nourriture et ustensile dans la cuisine \u00e9thiopienne renforce son attrait dans les cuisines et restaurants internationaux.<\/p> <\/div><\/div>    <div class=\"wp-block-media-text has-media-on-the-right is-stacked-on-mobile\"><div class=\"wp-block-media-text__content\"> <p>Alors que l'appr\u00e9ciation mondiale de la cuisine \u00e9thiopienne cro\u00eet, la demande pour un injera authentique augmente \u00e9galement. Pour r\u00e9pondre \u00e0 cette demande croissante de mani\u00e8re efficace et coh\u00e9rente, les machines \u00e0 injera sont devenues de plus en plus populaires. <\/p>    <p>Ces machines rationalisent la production, garantissent une qualit\u00e9 uniforme et font gagner un temps et une main-d'\u0153uvre consid\u00e9rables, ce qui en fait une solution id\u00e9ale pour les cuisines commerciales, les boulangeries et les entreprises alimentaires cherchant \u00e0 servir de l'injera \u00e0 grande \u00e9chelle.<\/p> <\/div><figure class=\"wp-block-media-text__media\"><img loading=\"lazy\" decoding=\"async\" width=\"720\" height=\"540\" src=\"https:\/\/topfoodmachine.com\/wp-content\/uploads\/2023\/10\/Injera-making.webp\" alt=\"Fabrication d&#039;Injera\" class=\"wp-image-839 size-full\" srcset=\"https:\/\/topfoodmachine.com\/wp-content\/uploads\/2023\/10\/Injera-making.webp 720w, https:\/\/topfoodmachine.com\/wp-content\/uploads\/2023\/10\/Injera-making-300x225.webp 300w\" sizes=\"auto, (max-width: 720px) 100vw, 720px\" \/><\/figure><\/div>    <h2 class=\"wp-block-heading\">Caract\u00e9ristiques cl\u00e9s de la machine \u00e0 faire de l'Injera<\/h2>    <div class=\"wp-block-media-text is-stacked-on-mobile\"><figure class=\"wp-block-media-text__media\"><img loading=\"lazy\" decoding=\"async\" width=\"720\" height=\"540\" src=\"https:\/\/topfoodmachine.com\/wp-content\/uploads\/2023\/10\/Injera-maker.webp\" alt=\"Fabricant d&#039;Injera\" class=\"wp-image-845 size-full\" srcset=\"https:\/\/topfoodmachine.com\/wp-content\/uploads\/2023\/10\/Injera-maker.webp 720w, https:\/\/topfoodmachine.com\/wp-content\/uploads\/2023\/10\/Injera-maker-300x225.webp 300w\" sizes=\"auto, (max-width: 720px) 100vw, 720px\" \/><\/figure><div class=\"wp-block-media-text__content\"> <ul class=\"wp-block-list\"> <li><strong>Construction durable<\/strong>. Fabriqu\u00e9 en acier inoxydable et en fonte d'alliage sp\u00e9cialis\u00e9e, garantissant durabilit\u00e9, r\u00e9sistance \u00e0 la d\u00e9formation et conformit\u00e9 aux normes strictes d'hygi\u00e8ne alimentaire.<\/li>    <li><strong>Ing\u00e9nierie de pr\u00e9cision<\/strong>. \u00c9quip\u00e9 d'une buse de pulv\u00e9risation pour un injera uniforme et fin, et d'un syst\u00e8me de contr\u00f4le de temp\u00e9rature bas\u00e9 sur un micro-ordinateur pour une douceur et une texture optimales.<\/li>    <li><strong>Options personnalisables<\/strong>. Offre des moules ronds et carr\u00e9s, une \u00e9paisseur r\u00e9glable et des tailles personnalisables de 10 \u00e0 60 cm pour r\u00e9pondre \u00e0 divers besoins.<\/li> <\/ul> <\/div><\/div>    <div class=\"wp-block-media-text has-media-on-the-right is-stacked-on-mobile\"><div class=\"wp-block-media-text__content\"> <ul class=\"wp-block-list\"> <li><strong>Haute automatisation<\/strong>. Comprend un grouting automatique, la cuisson, la d\u00e9coupe, le pliage, l'empilage et un \u00e9quipement de remplissage optionnel pour rationaliser la production et \u00e9conomiser de la main-d'\u0153uvre.<\/li>    <li><strong>Conception polyvalente<\/strong>. Prend en charge \u00e0 la fois l'alimentation monophas\u00e9e et triphas\u00e9e, avec plusieurs m\u00e9thodes de chauffage pour r\u00e9pondre \u00e0 diff\u00e9rentes pr\u00e9f\u00e9rences.<\/li>    <li><strong>Production coh\u00e9rente<\/strong>. Produit de l'injera avec une \u00e9paisseur et une taille uniformes, ce qui le rend id\u00e9al pour une production \u00e0 grande \u00e9chelle.<\/li> <\/ul> <\/div><figure class=\"wp-block-media-text__media\"><img loading=\"lazy\" decoding=\"async\" width=\"720\" height=\"540\" src=\"https:\/\/topfoodmachine.com\/wp-content\/uploads\/2023\/10\/Injera-making-machine-with-a-good-price.webp\" alt=\"Machine de fabrication Injera \u00e0 bon prix\" class=\"wp-image-846 size-full\" srcset=\"https:\/\/topfoodmachine.com\/wp-content\/uploads\/2023\/10\/Injera-making-machine-with-a-good-price.webp 720w, https:\/\/topfoodmachine.com\/wp-content\/uploads\/2023\/10\/Injera-making-machine-with-a-good-price-300x225.webp 300w\" sizes=\"auto, (max-width: 720px) 100vw, 720px\" \/><\/figure><\/div>    <h2 class=\"wp-block-heading\">Machine \u00e0 faire de l'Injera personnalis\u00e9e<\/h2>    <p>Notre machine \u00e0 injera est con\u00e7ue pour la flexibilit\u00e9, permettant une production sous diff\u00e9rentes formes, tailles et \u00e9paisseurs pour r\u00e9pondre aux besoins vari\u00e9s du march\u00e9. Elle est id\u00e9ale pour les restaurants, les boulangeries et les usines alimentaires avec des objectifs de production divers.<\/p>    <p>Nous offrons des solutions sur mesure en fonction des exigences des clients, garantissant des r\u00e9sultats coh\u00e9rents et de haute qualit\u00e9. Que vous ayez besoin d'injera rond ou carr\u00e9, ou de dimensions sp\u00e9cifiques, cette machine fournit une solution fiable et polyvalente pour une production efficace d'injera.<\/p>    <figure class=\"wp-block-gallery has-nested-images columns-default is-cropped wp-block-gallery-2 is-layout-flex wp-block-gallery-is-layout-flex\"> <figure class=\"wp-block-image size-full\"><img loading=\"lazy\" decoding=\"async\" width=\"720\" height=\"540\" data-id=\"842\" src=\"https:\/\/topfoodmachine.com\/wp-content\/uploads\/2023\/10\/Sheet-Stacking-System.webp\" alt=\"Syst\u00e8me d&#039;empilage de feuilles\" class=\"wp-image-842\" srcset=\"https:\/\/topfoodmachine.com\/wp-content\/uploads\/2023\/10\/Sheet-Stacking-System.webp 720w, https:\/\/topfoodmachine.com\/wp-content\/uploads\/2023\/10\/Sheet-Stacking-System-300x225.webp 300w\" sizes=\"auto, (max-width: 720px) 100vw, 720px\" \/><figcaption class=\"wp-element-caption\">Syst\u00e8me d'empilage de feuilles<\/figcaption><\/figure>    <figure class=\"wp-block-image size-full\"><img loading=\"lazy\" decoding=\"async\" width=\"720\" height=\"540\" data-id=\"843\" src=\"https:\/\/topfoodmachine.com\/wp-content\/uploads\/2023\/10\/Conveying-Parts.webp\" alt=\"Convoyage de pi\u00e8ces\" class=\"wp-image-843\" srcset=\"https:\/\/topfoodmachine.com\/wp-content\/uploads\/2023\/10\/Conveying-Parts.webp 720w, https:\/\/topfoodmachine.com\/wp-content\/uploads\/2023\/10\/Conveying-Parts-300x225.webp 300w\" sizes=\"auto, (max-width: 720px) 100vw, 720px\" \/><figcaption class=\"wp-element-caption\">Convoyage de pi\u00e8ces<\/figcaption><\/figure> <\/figure>    <h2 class=\"wp-block-heading\">\u00c9quipement de soutien de la machine \u00e0 faire de l'Injera<\/h2>    <p class=\"translation-block\">Notre machine \u00e0 injera offre une gamme d'options pour r\u00e9pondre aux divers besoins de nos clients. Parmi ces options, nous proposons la possibilit\u00e9 d'\u00e9quiper la machine d'un m\u00e9langeur \u00e0 p\u00e2te et d'une <a href=\"https:\/\/toppackingmachine.com\/pillow-packing-machine\/\" data-type=\"link\" data-id=\"https:\/\/toppackingmachine.com\/pillow-packing-machine\/\" target=\"_blank\" rel=\"noopener\">machine d'emballage de type coussin<\/a>. Le m\u00e9langeur \u00e0 p\u00e2te est disponible en deux capacit\u00e9s, 30 litres et 50 litres, et comprend un arbre de m\u00e9lange pour m\u00e9langer les ingr\u00e9dients de la p\u00e2te.<\/p>    <p>Pendant ce temps, la machine d'emballage de type coussin offre une solution d'emballage pratique, capable d'emballer dix pi\u00e8ces d'Injera par paquet. Ces options d'\u00e9quipement peuvent \u00eatre s\u00e9lectionn\u00e9es en fonction des exigences de production sp\u00e9cifiques et des pr\u00e9f\u00e9rences op\u00e9rationnelles de nos clients, garantissant flexibilit\u00e9 et personnalisation pour r\u00e9pondre \u00e0 diverses demandes.<\/p>    <figure class=\"wp-block-gallery has-nested-images columns-default is-cropped wp-block-gallery-3 is-layout-flex wp-block-gallery-is-layout-flex\"> <figure class=\"wp-block-image size-full\"><img loading=\"lazy\" decoding=\"async\" width=\"720\" height=\"540\" data-id=\"841\" src=\"https:\/\/topfoodmachine.com\/wp-content\/uploads\/2023\/10\/batter-machine.webp\" alt=\"machine \u00e0 p\u00e2te\" class=\"wp-image-841\" srcset=\"https:\/\/topfoodmachine.com\/wp-content\/uploads\/2023\/10\/batter-machine.webp 720w, https:\/\/topfoodmachine.com\/wp-content\/uploads\/2023\/10\/batter-machine-300x225.webp 300w\" sizes=\"auto, (max-width: 720px) 100vw, 720px\" \/><figcaption class=\"wp-element-caption\">machine \u00e0 p\u00e2te<\/figcaption><\/figure>    <figure class=\"wp-block-image size-full\"><img loading=\"lazy\" decoding=\"async\" width=\"720\" height=\"540\" data-id=\"1684\" src=\"https:\/\/topfoodmachine.com\/wp-content\/uploads\/2023\/10\/pillow-packing-machine.webp\" alt=\"machine d&#039;emballage coussin\" class=\"wp-image-1684\" srcset=\"https:\/\/topfoodmachine.com\/wp-content\/uploads\/2023\/10\/pillow-packing-machine.webp 720w, https:\/\/topfoodmachine.com\/wp-content\/uploads\/2023\/10\/pillow-packing-machine-300x225.webp 300w, https:\/\/topfoodmachine.com\/wp-content\/uploads\/2023\/10\/pillow-packing-machine-16x12.webp 16w\" sizes=\"auto, (max-width: 720px) 100vw, 720px\" \/><figcaption class=\"wp-element-caption\">machine d'emballage coussin<\/figcaption><\/figure> <\/figure>    <h2 class=\"wp-block-heading\">M\u00e9thode de chauffage de la machine \u00e0 Injera \u00e9thiopienne<\/h2>    <div class=\"wp-block-media-text is-stacked-on-mobile\"><figure class=\"wp-block-media-text__media\"><img loading=\"lazy\" decoding=\"async\" width=\"720\" height=\"540\" src=\"https:\/\/topfoodmachine.com\/wp-content\/uploads\/2023\/10\/Injera-sheet-machine.webp\" alt=\"Machine \u00e0 feuilles Injera\" class=\"wp-image-838 size-full\" srcset=\"https:\/\/topfoodmachine.com\/wp-content\/uploads\/2023\/10\/Injera-sheet-machine.webp 720w, https:\/\/topfoodmachine.com\/wp-content\/uploads\/2023\/10\/Injera-sheet-machine-300x225.webp 300w\" sizes=\"auto, (max-width: 720px) 100vw, 720px\" \/><\/figure><div class=\"wp-block-media-text__content\"> <ul class=\"wp-block-list\"> <li><strong>Chauffage \u00e9lectrique<\/strong> <ul class=\"wp-block-list\"> <li>Id\u00e9al pour les environnements n\u00e9cessitant un contr\u00f4le pr\u00e9cis de la temp\u00e9rature.<\/li>    <li>Permet des ajustements de temp\u00e9rature faciles pour une qualit\u00e9 et une texture constantes dans chaque lot.<\/li> <\/ul> <\/li>    <li><strong>Chauffage au gaz<\/strong> <ul class=\"wp-block-list\"> <li>Convient aux zones avec un approvisionnement \u00e9lectrique limit\u00e9 ou peu fiable.<\/li>    <li>Fournit un chauffage efficace et aide \u00e0 r\u00e9duire les co\u00fbts d'exploitation.<\/li> <\/ul> <\/li> <\/ul> <\/div><\/div>    <p>L'option de choisir entre chauffage \u00e9lectrique et chauffage au gaz offre flexibilit\u00e9, permettant aux utilisateurs d'adapter la machine \u00e0 leur environnement de production sp\u00e9cifique et d'obtenir des r\u00e9sultats optimaux.<\/p>    <h2 class=\"wp-block-heading\">Comment fonctionne la machine \u00e0 faire de l'Injera ?<\/h2>    <div class=\"wp-block-media-text has-media-on-the-right is-stacked-on-mobile\"><div class=\"wp-block-media-text__content\"> <ul class=\"wp-block-list\"> <li><strong>Grouting automatique<\/strong>. La machine adsorbe automatiquement la p\u00e2te sur la plaque de cuisson.<\/li>    <li><strong>Cuisson et formation<\/strong>. La plaque de cuisson chauffe la p\u00e2te pour former et m\u00fbrir l'injera.<\/li>    <li><strong>Retrait automatique<\/strong>Une fois que le moule \u00e0 p\u00e2tisserie tourne, la pelle de la machine retire automatiquement l'Injera.<\/li>    <li><strong>Processus de refroidissement<\/strong>. L'injera est plac\u00e9e sur un tapis roulant pour refroidir apr\u00e8s le retrait.<\/li> <\/ul> <\/div><figure class=\"wp-block-media-text__media\"><img loading=\"lazy\" decoding=\"async\" width=\"720\" height=\"540\" src=\"https:\/\/topfoodmachine.com\/wp-content\/uploads\/2023\/10\/Injera-making-machine-in-stock.webp\" alt=\"machine \u00e0 faire de l&#039;injera \u00e0 bon prix\" class=\"wp-image-847 size-full\" srcset=\"https:\/\/topfoodmachine.com\/wp-content\/uploads\/2023\/10\/Injera-making-machine-in-stock.webp 720w, https:\/\/topfoodmachine.com\/wp-content\/uploads\/2023\/10\/Injera-making-machine-in-stock-300x225.webp 300w\" sizes=\"auto, (max-width: 720px) 100vw, 720px\" \/><\/figure><\/div>    <h2 class=\"wp-block-heading\">Prix de la machine \u00e0 faire de l'Injera<\/h2>    <ul class=\"wp-block-list\"> <li><strong>Sp\u00e9cifications personnalisables<\/strong> \u2013 Le prix varie en fonction de la taille du moule, des dimensions des rouleaux, de la longueur du convoyeur, des m\u00e9thodes de chauffage et des \u00e9quipements ajout\u00e9s.<\/li>    <li><strong>Facteurs cl\u00e9s de tarification<\/strong> \u2013 Le niveau de personnalisation, les fonctionnalit\u00e9s suppl\u00e9mentaires et la capacit\u00e9 de production influencent le co\u00fbt final.<\/li>    <li><strong>Approche collaborative<\/strong> \u2013 Nous travaillons avec les clients pour \u00e9quilibrer performance, qualit\u00e9 et besoins budg\u00e9taires.<\/li>    <li><strong>Tarification transparente<\/strong> \u2013 Des explications claires des options et des co\u00fbts associ\u00e9s garantissent la transparence des prix.<\/li> <\/ul>    <p>Contactez-nous aujourd'hui pour discuter de vos exigences sp\u00e9cifiques et recevoir un devis personnalis\u00e9 pour votre machine \u00e0 Injera id\u00e9ale.<\/p>    <figure class=\"wp-block-image size-full\"><img loading=\"lazy\" decoding=\"async\" width=\"720\" height=\"540\" src=\"https:\/\/topfoodmachine.com\/wp-content\/uploads\/2023\/10\/automatic-Ethiopia-Injera-Machine.webp\" alt=\"machine automatique \u00e0 Injera \u00e9thiopienne\" class=\"wp-image-1191\" srcset=\"https:\/\/topfoodmachine.com\/wp-content\/uploads\/2023\/10\/automatic-Ethiopia-Injera-Machine.webp 720w, https:\/\/topfoodmachine.com\/wp-content\/uploads\/2023\/10\/automatic-Ethiopia-Injera-Machine-300x225.webp 300w, https:\/\/topfoodmachine.com\/wp-content\/uploads\/2023\/10\/automatic-Ethiopia-Injera-Machine-16x12.webp 16w\" sizes=\"auto, (max-width: 720px) 100vw, 720px\" \/><figcaption class=\"wp-element-caption\">machine automatique \u00e0 Injera \u00e9thiopienne<\/figcaption><\/figure>    <h2 class=\"wp-block-heading\">Param\u00e8tres techniques de la machine \u00e0 faire de l'Injera<\/h2>    <figure class=\"wp-block-table\"><table><tbody><tr><td>Mod\u00e8le<\/td><td>TZ-3620<\/td><td>TZ-5029<\/td><td>TZ-8045<\/td><td>TZ-12060<\/td><\/tr><tr><td>Taille<\/td><td>1800*660*890mm<\/td><td>2400*800*1350mm<\/td><td>2800*1100*1600mm<\/td><td>3100*1300*1800mm<\/td><\/tr><tr><td>Poids<\/td><td>260 kg<\/td><td>520 kg<\/td><td>750 kg<\/td><td>850 kg<\/td><\/tr><tr><td>Dia. du rouleau chauffant<\/td><td>400*280mm<\/td><td>500*330mm<\/td><td>800*600mm<\/td><td>1200*600mm<\/td><\/tr><tr><td>Pouvoir \u00e9lectrique<\/td><td>6kw<\/td><td>13kw<\/td><td>32kw<\/td><td>48kw<\/td><\/tr><tr><td>Pouvoir de coupe<\/td><td>1kw<\/td><td>1kw<\/td><td>1kw<\/td><td>1kw<\/td><\/tr><tr><td>Capacit\u00e9<\/td><td>800-1000 pi\u00e8ces\/heure<\/td><td>1500-2000 pi\u00e8ces\/heure<\/td><td>3000-4000 pi\u00e8ces\/heure<\/td><td>5000-6000 pi\u00e8ces\/heure<\/td><\/tr><tr><td>Taille maximale de la feuille<\/td><td>Rond: 250mm<\/td><td>Rond: 300 mm<\/td><td>Rond: 400mm<\/td><td>Rond: 600 mm<\/td><\/tr><tr><td>\u00c9paisseur de feuillle<\/td><td>0,3-1,2 mm<\/td><td>0,3-1,2 mm<\/td><td>0,3-1,2 mm<\/td><td>0,3-1,2 mm<\/td><\/tr><\/tbody><\/table><figcaption class=\"wp-element-caption\">param\u00e8tres de la machine \u00e0 injera<\/figcaption><\/figure>    <figure class=\"wp-block-gallery has-nested-images columns-default is-cropped wp-block-gallery-4 is-layout-flex wp-block-gallery-is-layout-flex\"> <figure class=\"wp-block-image size-large\"><img loading=\"lazy\" decoding=\"async\" width=\"720\" height=\"540\" data-id=\"1192\" src=\"https:\/\/topfoodmachine.com\/wp-content\/uploads\/2023\/10\/Ethiopia-Injera-Machine-with-a-good-price.webp\" alt=\"machine \u00e0 Injera \u00e9thiopienne \u00e0 bon prix\" class=\"wp-image-1192\" srcset=\"https:\/\/topfoodmachine.com\/wp-content\/uploads\/2023\/10\/Ethiopia-Injera-Machine-with-a-good-price.webp 720w, https:\/\/topfoodmachine.com\/wp-content\/uploads\/2023\/10\/Ethiopia-Injera-Machine-with-a-good-price-300x225.webp 300w, https:\/\/topfoodmachine.com\/wp-content\/uploads\/2023\/10\/Ethiopia-Injera-Machine-with-a-good-price-16x12.webp 16w\" sizes=\"auto, (max-width: 720px) 100vw, 720px\" \/><figcaption class=\"wp-element-caption\">machine \u00e0 Injera \u00e9thiopienne \u00e0 bon prix<\/figcaption><\/figure>    <figure class=\"wp-block-image size-large\"><img loading=\"lazy\" decoding=\"async\" width=\"720\" height=\"540\" data-id=\"1193\" src=\"https:\/\/topfoodmachine.com\/wp-content\/uploads\/2023\/10\/high-capacity-Ethiopia-Injera-Machine.webp\" alt=\"machine \u00e0 Injera \u00e9thiopienne \u00e0 haute capacit\u00e9\" class=\"wp-image-1193\" srcset=\"https:\/\/topfoodmachine.com\/wp-content\/uploads\/2023\/10\/high-capacity-Ethiopia-Injera-Machine.webp 720w, https:\/\/topfoodmachine.com\/wp-content\/uploads\/2023\/10\/high-capacity-Ethiopia-Injera-Machine-300x225.webp 300w, https:\/\/topfoodmachine.com\/wp-content\/uploads\/2023\/10\/high-capacity-Ethiopia-Injera-Machine-16x12.webp 16w\" sizes=\"auto, (max-width: 720px) 100vw, 720px\" \/><figcaption class=\"wp-element-caption\">machine \u00e0 Injera \u00e9thiopienne \u00e0 haute capacit\u00e9<\/figcaption><\/figure> <\/figure>    <h2 class=\"wp-block-heading\">Contactez-nous<\/h2>    <p>En conclusion, notre machine \u00e0 faire de l'Injera offre une polyvalence exceptionnelle, une efficacit\u00e9 et des options de personnalisation pour r\u00e9pondre aux divers besoins de nos clients. Que vous produisiez de l'Injera traditionnel, des cr\u00eapes ou des galettes, notre machine garantit une qualit\u00e9 constante et une production \u00e9lev\u00e9e, adapt\u00e9e \u00e0 vos exigences sp\u00e9cifiques. <\/p>    <p class=\"translation-block\">De plus, si vous \u00eates int\u00e9ress\u00e9 par d'autres solutions de production alimentaire, nous proposons \u00e9galement la <a href=\"https:\/\/topfoodmachine.com\/fr\/product\/spring-roll-machine\/\" data-type=\"link\" data-id=\"https:\/\/topfoodmachine.com\/product\/spring-roll-machine\/\">machine \u00e0 faire des wrappers de rouleaux de printemps<\/a>, con\u00e7ue pour rationaliser votre processus de production de rouleaux de printemps. N'h\u00e9sitez pas \u00e0 nous contacter pour plus de d\u00e9tails et un devis personnalis\u00e9 d\u00e8s aujourd'hui !<\/p>","protected":false},"excerpt":{"rendered":"<p>La machine \u00e0 faire de l'Injera peut produire de l'Injera de haute qualit\u00e9 de mani\u00e8re efficace et en grande quantit\u00e9, avec une capacit\u00e9 allant de 800 \u00e0 6000 pi\u00e8ces par heure. <\/p>","protected":false},"author":1,"featured_media":837,"parent":0,"template":"","tags":[93,30,51,92],"product-type":[6],"class_list":["post-836","product","type-product","status-publish","has-post-thumbnail","hentry","tag-ethiopia-injera-machine","tag-food-machine","tag-food-processing","tag-injera-making-machine","product-type-pastry-production-machine"],"_links":{"self":[{"href":"https:\/\/topfoodmachine.com\/fr\/wp-json\/wp\/v2\/product\/836","targetHints":{"allow":["GET"]}}],"collection":[{"href":"https:\/\/topfoodmachine.com\/fr\/wp-json\/wp\/v2\/product"}],"about":[{"href":"https:\/\/topfoodmachine.com\/fr\/wp-json\/wp\/v2\/types\/product"}],"author":[{"embeddable":true,"href":"https:\/\/topfoodmachine.com\/fr\/wp-json\/wp\/v2\/users\/1"}],"wp:featuredmedia":[{"embeddable":true,"href":"https:\/\/topfoodmachine.com\/fr\/wp-json\/wp\/v2\/media\/837"}],"wp:attachment":[{"href":"https:\/\/topfoodmachine.com\/fr\/wp-json\/wp\/v2\/media?parent=836"}],"wp:term":[{"taxonomy":"post_tag","embeddable":true,"href":"https:\/\/topfoodmachine.com\/fr\/wp-json\/wp\/v2\/tags?post=836"},{"taxonomy":"product-type","embeddable":true,"href":"https:\/\/topfoodmachine.com\/fr\/wp-json\/wp\/v2\/product-type?post=836"}],"curies":[{"name":"wp","href":"https:\/\/api.w.org\/{rel}","templated":true}]}}