{"id":8,"date":"2022-07-12T02:03:28","date_gmt":"2022-07-12T02:03:28","guid":{"rendered":"https:\/\/topfoodmachine.com\/?post_type=product&#038;p=8"},"modified":"2025-07-28T18:31:17","modified_gmt":"2025-07-28T10:31:17","slug":"fruit-and-vegetable-washing-machine","status":"publish","type":"product","link":"https:\/\/topfoodmachine.com\/fr\/product\/fruit-and-vegetable-washing-machine\/","title":{"rendered":"Machine \u00e0 laver les fruits et l\u00e9gumes"},"content":{"rendered":"<div class=\"kk-star-ratings kksr-auto kksr-align-left kksr-valign-top\"     data-payload='{&quot;align&quot;:&quot;left&quot;,&quot;id&quot;:&quot;8&quot;,&quot;slug&quot;:&quot;default&quot;,&quot;valign&quot;:&quot;top&quot;,&quot;ignore&quot;:&quot;&quot;,&quot;reference&quot;:&quot;auto&quot;,&quot;class&quot;:&quot;&quot;,&quot;count&quot;:&quot;19&quot;,&quot;legendonly&quot;:&quot;&quot;,&quot;readonly&quot;:&quot;&quot;,&quot;score&quot;:&quot;4.5&quot;,&quot;starsonly&quot;:&quot;&quot;,&quot;best&quot;:&quot;5&quot;,&quot;gap&quot;:&quot;5&quot;,&quot;greet&quot;:&quot;Rate this product&quot;,&quot;legend&quot;:&quot;4.5\\\/5 - (19 votes)&quot;,&quot;size&quot;:&quot;24&quot;,&quot;title&quot;:&quot;Fruit and Vegetable Washing Machine&quot;,&quot;width&quot;:&quot;128&quot;,&quot;_legend&quot;:&quot;{score}\\\/{best} - ({count} {votes})&quot;,&quot;font_factor&quot;:&quot;1.25&quot;}'>              <div class=\"kksr-stars\">      <div class=\"kksr-stars-inactive\">             <div class=\"kksr-star\" data-star=\"1\" style=\"padding-right: 5px\">               <div class=\"kksr-icon\" style=\"width: 24px; height: 24px;\"><\/div>         <\/div>             <div class=\"kksr-star\" data-star=\"2\" style=\"padding-right: 5px\">               <div class=\"kksr-icon\" style=\"width: 24px; height: 24px;\"><\/div>         <\/div>             <div class=\"kksr-star\" data-star=\"3\" style=\"padding-right: 5px\">               <div class=\"kksr-icon\" style=\"width: 24px; height: 24px;\"><\/div>         <\/div>             <div class=\"kksr-star\" data-star=\"4\" style=\"padding-right: 5px\">               <div class=\"kksr-icon\" style=\"width: 24px; height: 24px;\"><\/div>         <\/div>             <div class=\"kksr-star\" data-star=\"5\" style=\"padding-right: 5px\">               <div class=\"kksr-icon\" style=\"width: 24px; height: 24px;\"><\/div>         <\/div>     <\/div>      <div class=\"kksr-stars-active\" style=\"width: 128px;\">             <div class=\"kksr-star\" style=\"padding-right: 5px\">               <div class=\"kksr-icon\" style=\"width: 24px; height: 24px;\"><\/div>         <\/div>             <div class=\"kksr-star\" style=\"padding-right: 5px\">               <div class=\"kksr-icon\" style=\"width: 24px; height: 24px;\"><\/div>         <\/div>             <div class=\"kksr-star\" style=\"padding-right: 5px\">               <div class=\"kksr-icon\" style=\"width: 24px; height: 24px;\"><\/div>         <\/div>             <div class=\"kksr-star\" style=\"padding-right: 5px\">               <div class=\"kksr-icon\" style=\"width: 24px; height: 24px;\"><\/div>         <\/div>             <div class=\"kksr-star\" style=\"padding-right: 5px\">               <div class=\"kksr-icon\" style=\"width: 24px; height: 24px;\"><\/div>         <\/div>     <\/div> <\/div>                   <div class=\"kksr-legend\" style=\"font-size: 19.2px;\">             4,5\/5 - (19 votes)    <\/div>     <\/div>  <p>La machine \u00e0 laver les fruits et l\u00e9gumes est un nettoyeur \u00e0 bulles d'air con\u00e7u pour une utilisation dans les usines alimentaires, les fermes, les restaurants, les h\u00f4tels et les magasins de d\u00e9tail. Elle utilise un flux d'eau haute pression avanc\u00e9 combin\u00e9 \u00e0 une technologie d'impact de bulles pour \u00e9liminer efficacement la terre, les impuret\u00e9s et les r\u00e9sidus de pesticides tout en prot\u00e9geant les produits contre les dommages. <\/p>    <p>Construit en acier inoxydable 304 de qualit\u00e9 alimentaire, la machine est adapt\u00e9e au nettoyage d'une grande vari\u00e9t\u00e9 de fruits, l\u00e9gumes et noix, y compris les pommes, les pommes de terre, les poivrons, les noix de cajou et les baies. Avec une capacit\u00e9 de traitement allant de 500 \u00e0 2000 kg par heure, elle peut \u00eatre personnalis\u00e9e pour r\u00e9pondre aux besoins de diff\u00e9rentes \u00e9chelles de production.<\/p>    <figure class=\"wp-block-embed is-type-video is-provider-youtube wp-block-embed-youtube wp-embed-aspect-16-9 wp-has-aspect-ratio\"><div class=\"wp-block-embed__wrapper\"> <iframe loading=\"lazy\" title=\"\u2705 Comment fonctionne une machine \u00e0 laver les fruits et l\u00e9gumes | D\u00e9mo compl\u00e8te #fruits #l\u00e9gumes #lavage\" width=\"500\" height=\"281\" src=\"https:\/\/www.youtube.com\/embed\/2Z60iVI_vZw?feature=oembed\" frameborder=\"0\" allow=\"accelerometer; autoplay; clipboard-write; encrypted-media; gyroscope; picture-in-picture; web-share\" referrerpolicy=\"strict-origin-when-cross-origin\" allowfullscreen><\/iframe> <\/div><figcaption class=\"wp-element-caption\">Vid\u00e9o de fonctionnement de la machine \u00e0 laver les fruits et l\u00e9gumes<\/figcaption><\/figure>    <h2 class=\"wp-block-heading\">Applications vari\u00e9es de la machine \u00e0 laver les fruits et l\u00e9gumes<\/h2>    <p>Cette machine de nettoyage \u00e0 bulles d'air pour fruits et l\u00e9gumes a un champ d'application assez large. Elle est adapt\u00e9e \u00e0 la d\u00e9sinfection de diff\u00e9rents fruits, l\u00e9gumes, noix et fruits de mer.<\/p>    <ul class=\"wp-block-list\"> <li><strong>Des fruits:<\/strong> orange, pomme, p\u00eache, datte, fraise, mangue.<\/li>    <li><strong>L\u00e9gumes:<\/strong> pomme de terre, oignon, tomate, aubergine, melon, germes de soja, champignon, \u00e9pinard.<\/li>    <li><strong>Fruit de mer:<\/strong> poisson, crevettes, etc.<\/li> <\/ul>    <figure class=\"wp-block-gallery has-nested-images columns-default is-cropped wp-block-gallery-2 is-layout-flex wp-block-gallery-is-layout-flex\"> <figure class=\"wp-block-image size-large\"><img loading=\"lazy\" decoding=\"async\" width=\"720\" height=\"540\" data-id=\"1970\" src=\"https:\/\/topfoodmachine.com\/wp-content\/uploads\/2022\/07\/fruits.webp\" alt=\"fruits\" class=\"wp-image-1970\" srcset=\"https:\/\/topfoodmachine.com\/wp-content\/uploads\/2022\/07\/fruits.webp 720w, https:\/\/topfoodmachine.com\/wp-content\/uploads\/2022\/07\/fruits-300x225.webp 300w, https:\/\/topfoodmachine.com\/wp-content\/uploads\/2022\/07\/fruits-16x12.webp 16w\" sizes=\"auto, (max-width: 720px) 100vw, 720px\" \/><figcaption class=\"wp-element-caption\">fruits<\/figcaption><\/figure>    <figure class=\"wp-block-image size-large\"><img loading=\"lazy\" decoding=\"async\" width=\"720\" height=\"540\" data-id=\"1971\" src=\"https:\/\/topfoodmachine.com\/wp-content\/uploads\/2022\/07\/vegetables.webp\" alt=\"l\u00e9gumes\" class=\"wp-image-1971\" srcset=\"https:\/\/topfoodmachine.com\/wp-content\/uploads\/2022\/07\/vegetables.webp 720w, https:\/\/topfoodmachine.com\/wp-content\/uploads\/2022\/07\/vegetables-300x225.webp 300w, https:\/\/topfoodmachine.com\/wp-content\/uploads\/2022\/07\/vegetables-16x12.webp 16w\" sizes=\"auto, (max-width: 720px) 100vw, 720px\" \/><figcaption class=\"wp-element-caption\">l\u00e9gumes<\/figcaption><\/figure> <\/figure>    <h2 class=\"wp-block-heading\">Caract\u00e9ristiques de la machine \u00e0 laver les fruits et l\u00e9gumes<\/h2>    <div class=\"wp-block-media-text is-stacked-on-mobile\"><figure class=\"wp-block-media-text__media\"><img loading=\"lazy\" decoding=\"async\" width=\"720\" height=\"540\" src=\"https:\/\/topfoodmachine.com\/wp-content\/uploads\/2022\/07\/vegetable-and-fruit-washing-machine.jpg\" alt=\"machine \u00e0 laver les l\u00e9gumes et les fruits\" class=\"wp-image-152 size-full\" srcset=\"https:\/\/topfoodmachine.com\/wp-content\/uploads\/2022\/07\/vegetable-and-fruit-washing-machine.jpg 720w, https:\/\/topfoodmachine.com\/wp-content\/uploads\/2022\/07\/vegetable-and-fruit-washing-machine-300x225.jpg 300w\" sizes=\"auto, (max-width: 720px) 100vw, 720px\" \/><\/figure><div class=\"wp-block-media-text__content\"> <ul class=\"wp-block-list\"> <li>\u00c9quip\u00e9e d'une pompe \u00e0 air pour g\u00e9n\u00e9rer un flux d'air afin d'avancer les mat\u00e9riaux.<\/li>    <li>La pompe \u00e0 eau permet le recyclage de l'eau, \u00e9conomisant les ressources en eau.<\/li>    <li>Structure \u00e0 deux couches : coque ext\u00e9rieure et bande transporteuse en maille avec un espace pour la circulation de l'eau et la collecte des d\u00e9bris.<\/li>    <li>Ventilateur centrifuge haute pression offrant un s\u00e9chage rapide et efficace.<\/li> <\/ul> <\/div><\/div>    <div class=\"wp-block-media-text has-media-on-the-right is-stacked-on-mobile\"><div class=\"wp-block-media-text__content\"> <ul class=\"wp-block-list\"> <li>Conception de bande transporteuse en escalier soufflant de l'air des deux c\u00f4t\u00e9s pour un s\u00e9chage complet (contrairement aux bandes plates).<\/li>    <li>Fabriqu\u00e9 enti\u00e8rement en acier inoxydable, garantissant une r\u00e9sistance \u00e0 la rouille et la s\u00e9curit\u00e9 alimentaire.<\/li>    <li>Syst\u00e8me de collecte des d\u00e9bris sp\u00e9cialis\u00e9 am\u00e9liorant l'utilisation de l'eau.<\/li>    <li>Interrupteur de s\u00e9curit\u00e9 d'urgence inclus pour pr\u00e9venir les accidents pendant l'op\u00e9ration.<\/li> <\/ul> <\/div><figure class=\"wp-block-media-text__media\"><img loading=\"lazy\" decoding=\"async\" width=\"720\" height=\"540\" src=\"https:\/\/topfoodmachine.com\/wp-content\/uploads\/2022\/07\/commercial-vegetable-and-fruit-cleaner.webp\" alt=\"nettoyant commercial pour fruits et l\u00e9gumes\" class=\"wp-image-1420 size-full\" srcset=\"https:\/\/topfoodmachine.com\/wp-content\/uploads\/2022\/07\/commercial-vegetable-and-fruit-cleaner.webp 720w, https:\/\/topfoodmachine.com\/wp-content\/uploads\/2022\/07\/commercial-vegetable-and-fruit-cleaner-300x225.webp 300w, https:\/\/topfoodmachine.com\/wp-content\/uploads\/2022\/07\/commercial-vegetable-and-fruit-cleaner-16x12.webp 16w\" sizes=\"auto, (max-width: 720px) 100vw, 720px\" \/><\/figure><\/div>    <h2 class=\"wp-block-heading\">Comment fonctionne la machine \u00e0 laver les fruits et l\u00e9gumes ?<\/h2>    <p>La machine \u00e0 laver les fruits et l\u00e9gumes fonctionne en g\u00e9n\u00e9rant un flux d'eau \u00e0 haute pression combin\u00e9 \u00e0 des bulles, cr\u00e9ant un puissant effet de nettoyage. Ce m\u00e9lange produit un mouvement \u00e0 grande vitesse qui impacte et nettoie en profondeur les surfaces des fruits et l\u00e9gumes. Les \u00e9tapes cl\u00e9s du processus de fonctionnement comprennent :<\/p>    <div class=\"wp-block-media-text is-stacked-on-mobile\"><figure class=\"wp-block-media-text__media\"><img loading=\"lazy\" decoding=\"async\" width=\"720\" height=\"540\" src=\"https:\/\/topfoodmachine.com\/wp-content\/uploads\/2022\/07\/Fruit-And-Vegetable-cleahing-Machine.webp\" alt=\"Machine de nettoyage des fruits et l\u00e9gumes\" class=\"wp-image-1421 size-full\" srcset=\"https:\/\/topfoodmachine.com\/wp-content\/uploads\/2022\/07\/Fruit-And-Vegetable-cleahing-Machine.webp 720w, https:\/\/topfoodmachine.com\/wp-content\/uploads\/2022\/07\/Fruit-And-Vegetable-cleahing-Machine-300x225.webp 300w, https:\/\/topfoodmachine.com\/wp-content\/uploads\/2022\/07\/Fruit-And-Vegetable-cleahing-Machine-16x12.webp 16w\" sizes=\"auto, (max-width: 720px) 100vw, 720px\" \/><\/figure><div class=\"wp-block-media-text__content\"> <ul class=\"wp-block-list\"> <li>L'eau \u00e0 haute pression forme une forte colonne d'eau m\u00e9lang\u00e9e \u00e0 des bulles.<\/li>    <li>L'eau et les bulles se d\u00e9placent rapidement, frappant les surfaces des produits.<\/li>    <li>Lorsque les bulles entrent en contact avec les fruits ou les l\u00e9gumes, elles \u00e9clatent et lib\u00e8rent de l'\u00e9nergie.<\/li>    <li>L'\u00e9nergie lib\u00e9r\u00e9e renforce l'action de frottement, desserrant la salet\u00e9 et les contaminants.<\/li> <\/ul> <\/div><\/div>    <p>Cette combinaison \u00e9limine efficacement la terre, les r\u00e9sidus et les impuret\u00e9s sans endommager les produits.<\/p>    <h2 class=\"wp-block-heading\">Param\u00e8tres de la machine \u00e0 laver les l\u00e9gumes \u00e0 bulles d'air <\/h2>    <figure class=\"wp-block-table\"><table><tbody><tr><td>Taper<\/td><td>Taille (mm)<\/td><td>Poids (kg)<\/td><td>Puissance (kW)<\/td><td>Capacit\u00e9 (kg\/h)<\/td><\/tr><tr><td>TZ3000<\/td><td>3000*1000*1300<\/td><td>180<\/td><td>3.75<\/td><td>500<\/td><\/tr><tr><td>TZ4000<\/td><td>4000*1000*1300<\/td><td>400<\/td><td>4.1<\/td><td>800<\/td><\/tr><tr><td>TZ5000<\/td><td>5000*1000*1300<\/td><td>500<\/td><td>5.1<\/td><td>1500<\/td><\/tr><tr><td>TZ6000<\/td><td>6000*1200*1300<\/td><td>600<\/td><td>5.5<\/td><td>2000<\/td><\/tr><\/tbody><\/table><figcaption class=\"wp-element-caption\">param\u00e8tres de la machine \u00e0 laver les fruits et l\u00e9gumes<\/figcaption><\/figure>    <figure class=\"wp-block-gallery has-nested-images columns-default is-cropped wp-block-gallery-3 is-layout-flex wp-block-gallery-is-layout-flex\"> <figure class=\"wp-block-image size-large\"><img loading=\"lazy\" decoding=\"async\" width=\"720\" height=\"540\" data-id=\"1422\" src=\"https:\/\/topfoodmachine.com\/wp-content\/uploads\/2022\/07\/Fruit-and-Vegetable-Washing-Machine-for-sale.webp\" alt=\"Machine \u00e0 laver les fruits et l\u00e9gumes \u00e0 vendre\" class=\"wp-image-1422\" srcset=\"https:\/\/topfoodmachine.com\/wp-content\/uploads\/2022\/07\/Fruit-and-Vegetable-Washing-Machine-for-sale.webp 720w, https:\/\/topfoodmachine.com\/wp-content\/uploads\/2022\/07\/Fruit-and-Vegetable-Washing-Machine-for-sale-300x225.webp 300w, https:\/\/topfoodmachine.com\/wp-content\/uploads\/2022\/07\/Fruit-and-Vegetable-Washing-Machine-for-sale-16x12.webp 16w\" sizes=\"auto, (max-width: 720px) 100vw, 720px\" \/><figcaption class=\"wp-element-caption\">Machine \u00e0 laver les fruits et l\u00e9gumes \u00e0 vendre<\/figcaption><\/figure>    <figure class=\"wp-block-image size-large\"><img loading=\"lazy\" decoding=\"async\" width=\"720\" height=\"540\" data-id=\"1423\" src=\"https:\/\/topfoodmachine.com\/wp-content\/uploads\/2022\/07\/Fruit-And-Vegetable-Washing-Machine.webp\" alt=\"Machine \u00e0 laver les fruits et l\u00e9gumes\" class=\"wp-image-1423\" srcset=\"https:\/\/topfoodmachine.com\/wp-content\/uploads\/2022\/07\/Fruit-And-Vegetable-Washing-Machine.webp 720w, https:\/\/topfoodmachine.com\/wp-content\/uploads\/2022\/07\/Fruit-And-Vegetable-Washing-Machine-300x225.webp 300w, https:\/\/topfoodmachine.com\/wp-content\/uploads\/2022\/07\/Fruit-And-Vegetable-Washing-Machine-16x12.webp 16w\" sizes=\"auto, (max-width: 720px) 100vw, 720px\" \/><figcaption class=\"wp-element-caption\">Machine \u00e0 laver les fruits et l\u00e9gumes<\/figcaption><\/figure> <\/figure>    <h2 class=\"wp-block-heading\">Processus de fonctionnement de la ligne de lavage et de s\u00e9chage automatique des fruits et l\u00e9gumes.<\/h2>    <p>En fait, nous proposons une ligne compl\u00e8te de transformation de fruits et l\u00e9gumes. Et la machine de nettoyage des l\u00e9gumes et des fruits constitue un \u00e9l\u00e9ment important et essentiel de la cha\u00eene de transformation des aliments. Le processus de travail de la ligne de traitement est le suivant\u00a0:<\/p>    <p><strong>Palan \u2192 machine \u00e0 laver les aliments \u00e0 bulles d'air \u2192 machine de s\u00e9chage \u00e0 refroidissement par air \u2192 machine de cueillette \u2192 machine d'emballage.<\/strong><\/p>    <p>Avec cette ligne de transformation automatique de l\u00e9gumes et de fruits, vous pouvez facilement compl\u00e9ter les fonctions de lavage, de nettoyage, de s\u00e9chage, de cueillette, de classement et d'emballage. En d\u2019autres termes, gr\u00e2ce au traitement efficace et s\u00fbr de ces machines, vos fruits et l\u00e9gumes sont pr\u00eats \u00e0 \u00eatre exp\u00e9di\u00e9s.<\/p>    <figure class=\"wp-block-image size-full\"><img loading=\"lazy\" decoding=\"async\" width=\"720\" height=\"540\" src=\"https:\/\/topfoodmachine.com\/wp-content\/uploads\/2022\/07\/fruit-and-vegetable-washing-drying-line.jpg\" alt=\"ligne de lavage et de s\u00e9chage des fruits et l\u00e9gumes\" class=\"wp-image-146\" srcset=\"https:\/\/topfoodmachine.com\/wp-content\/uploads\/2022\/07\/fruit-and-vegetable-washing-drying-line.jpg 720w, https:\/\/topfoodmachine.com\/wp-content\/uploads\/2022\/07\/fruit-and-vegetable-washing-drying-line-300x225.jpg 300w\" sizes=\"auto, (max-width: 720px) 100vw, 720px\" \/><figcaption class=\"wp-element-caption\">ligne de lavage et de s\u00e9chage des fruits et l\u00e9gumes<\/figcaption><\/figure>    <h2 class=\"wp-block-heading\">FAQs de la machine \u00e0 laver les fruits et l\u00e9gumes<\/h2>   <div id=\"rank-math-faq\" class=\"rank-math-block\"> <div class=\"rank-math-list\"> <div id=\"faq-question-1663643335051\" class=\"rank-math-list-item\"> <h3 class=\"rank-math-question\"><strong>Comment installez-vous la machine pour nous\u00a0?<\/strong><\/h3> <div class=\"rank-math-answer\">  <p>Nous pouvons installer la machine par vid\u00e9o, e-mail, photos, etc. Pour les grands projets, nous pouvons \u00e9galement demander \u00e0 nos travailleurs de vous aider \u00e0 installer la machine dans votre pays.<\/p>  <\/div> <\/div> <div id=\"faq-question-1663643340540\" class=\"rank-math-list-item\"> <h3 class=\"rank-math-question\"><strong>Quelle est la tension et la puissance de votre machine\u00a0?<\/strong><\/h3> <div class=\"rank-math-answer\">  <p>Habituellement, la tension dans notre pays est de 220 V, 50 Hz, monophas\u00e9 ou de 380 V, 50 Hz, triphas\u00e9. Si vous avez des exigences particuli\u00e8res, veuillez nous le faire savoir et nous personnaliserons la tension en fonction de vos besoins.\u00a0<\/p>  <\/div> <\/div> <div id=\"faq-question-1663643348540\" class=\"rank-math-list-item\"> <h3 class=\"rank-math-question\"><strong>Quelle est la garantie de votre machine ?<\/strong><\/h3> <div class=\"rank-math-answer\">  <p>Habituellement, la garantie de notre machine est de 1 an, nous resterons en contact avec nos clients pour fournir un service apr\u00e8s-vente, notre objectif est de produire de meilleures machines et de rendre nos clients heureux. 24 heures en ligne.\u00a0<\/p>  <\/div> <\/div> <div id=\"faq-question-1663643360892\" class=\"rank-math-list-item\"> <h3 class=\"rank-math-question\"><strong>Quel service fournissez-vous?<\/strong><\/h3> <div class=\"rank-math-answer\">  <p class=\"translation-block\">Monnaie de paiement accept\u00e9e : USD, EUR<br \/>Conditions de livraison accept\u00e9es : FOB, CFR, CIF, EXW, FAS, FCA, DDU<br \/>Type de paiement accept\u00e9 : T\/T, <a href=\"https:\/\/en.wikipedia.org\/wiki\/Letter_of_credit\" data-type=\"link\" data-id=\"https:\/\/en.wikipedia.org\/wiki\/Letter_of_credit\" target=\"_blank\" rel=\"noopener\">L\/C<\/a>, MoneyGram, Western Union, Esp\u00e8ces<br \/>Langue parl\u00e9e : Anglais, Chinois<\/p>  <\/div> <\/div> <div id=\"faq-question-1663643382323\" class=\"rank-math-list-item\"> <h3 class=\"rank-math-question\"><strong>Que devons-nous faire si nous avons des probl\u00e8mes avec la machine\u00a0?<\/strong><\/h3> <div class=\"rank-math-answer\">  <p>Si vous rencontrez un probl\u00e8me, veuillez nous contacter et nous ferons de notre mieux pour le r\u00e9soudre. Si n\u00e9cessaire, nous ferons en sorte que notre ing\u00e9nieur vienne sur votre site pour aider votre entreprise.\u00a0<\/p>  <\/div> <\/div> <\/div> <\/div>   <figure class=\"wp-block-image size-full\"><img loading=\"lazy\" decoding=\"async\" width=\"720\" height=\"540\" src=\"https:\/\/topfoodmachine.com\/wp-content\/uploads\/2022\/07\/vegetable-processing-machine-factory.jpg\" alt=\"usine de machines de transformation des l\u00e9gumes\" class=\"wp-image-148\" srcset=\"https:\/\/topfoodmachine.com\/wp-content\/uploads\/2022\/07\/vegetable-processing-machine-factory.jpg 720w, https:\/\/topfoodmachine.com\/wp-content\/uploads\/2022\/07\/vegetable-processing-machine-factory-300x225.jpg 300w\" sizes=\"auto, (max-width: 720px) 100vw, 720px\" \/><figcaption class=\"wp-element-caption\">usine de machines de transformation des l\u00e9gumes<\/figcaption><\/figure>    <h2 class=\"wp-block-heading\">\u00c9quipement de support de la machine \u00e0 laver les fruits<\/h2>    <ul class=\"wp-block-list\"> <li><strong><a href=\"https:\/\/topfoodmachine.com\/fr\/product\/food-drying-machine-vegetable-dryer\/\" data-type=\"link\" data-id=\"https:\/\/topfoodmachine.com\/product\/food-drying-machine-vegetable-dryer\/\">Machine de s\u00e9chage des fruits et l\u00e9gumes<\/a>:<\/strong> Apr\u00e8s le nettoyage et le lavage, les l\u00e9gumes et les fruits sont achemin\u00e9s vers la machine \u00e0 s\u00e9cher via un convoyeur. Il s'agit d'un nouveau type de machine de s\u00e9chage de l\u00e9gumes pr\u00e9sentant les caract\u00e9ristiques d'\u00e9conomie d'\u00e9nergie, de r\u00e9duction des co\u00fbts et de bonnes performances.<\/li>    <li><strong><a href=\"https:\/\/topfoodmachine.com\/fr\/product\/fruit-and-vegetable-grading-machine\/\" data-type=\"link\" data-id=\"https:\/\/topfoodmachine.com\/product\/fruit-and-vegetable-grading-machine\/\">Machine de tri des fruits et l\u00e9gumes<\/a>:<\/strong> Cette machine peut classer les fruits et l\u00e9gumes en volume.<\/li>    <li><strong><a href=\"https:\/\/topfoodmachine.com\/fr\/product\/automatic-vegetable-dicing-machine\/\" data-type=\"link\" data-id=\"https:\/\/topfoodmachine.com\/product\/automatic-vegetable-dicing-machine\/\">Machine \u00e0 couper les l\u00e9gumes<\/a>:<\/strong> Il peut couper divers fruits et l\u00e9gumes de mani\u00e8re efficace et uniforme. Il convient aux pommes de terre, oignons, salades, choux, etc.<\/li> <\/ul>    <figure class=\"wp-block-gallery has-nested-images columns-default is-cropped wp-block-gallery-4 is-layout-flex wp-block-gallery-is-layout-flex\"> <figure class=\"wp-block-image size-large\"><img loading=\"lazy\" decoding=\"async\" width=\"720\" height=\"540\" data-id=\"1413\" src=\"https:\/\/topfoodmachine.com\/wp-content\/uploads\/2024\/06\/Food-drying-machine-for-sale.webp\" alt=\"Machine \u00e0 s\u00e9cher les aliments \u00e0 vendre\" class=\"wp-image-1413\" srcset=\"https:\/\/topfoodmachine.com\/wp-content\/uploads\/2024\/06\/Food-drying-machine-for-sale.webp 720w, https:\/\/topfoodmachine.com\/wp-content\/uploads\/2024\/06\/Food-drying-machine-for-sale-300x225.webp 300w, https:\/\/topfoodmachine.com\/wp-content\/uploads\/2024\/06\/Food-drying-machine-for-sale-16x12.webp 16w\" sizes=\"auto, (max-width: 720px) 100vw, 720px\" \/><figcaption class=\"wp-element-caption\">Machine \u00e0 s\u00e9cher les aliments \u00e0 vendre<\/figcaption><\/figure>    <figure class=\"wp-block-image size-large\"><img loading=\"lazy\" decoding=\"async\" width=\"720\" height=\"540\" data-id=\"1003\" src=\"https:\/\/topfoodmachine.com\/wp-content\/uploads\/2023\/11\/Weight-based-Fruit-and-Vegetable-Grading-Machine.webp\" alt=\"Machine de classement de fruits et l\u00e9gumes bas\u00e9e sur le poids\" class=\"wp-image-1003\" srcset=\"https:\/\/topfoodmachine.com\/wp-content\/uploads\/2023\/11\/Weight-based-Fruit-and-Vegetable-Grading-Machine.webp 720w, https:\/\/topfoodmachine.com\/wp-content\/uploads\/2023\/11\/Weight-based-Fruit-and-Vegetable-Grading-Machine-300x225.webp 300w\" sizes=\"auto, (max-width: 720px) 100vw, 720px\" \/><figcaption class=\"wp-element-caption\">Machine de classement de fruits et l\u00e9gumes bas\u00e9e sur le poids<\/figcaption><\/figure>    <figure class=\"wp-block-image size-large\"><img loading=\"lazy\" decoding=\"async\" width=\"720\" height=\"540\" data-id=\"706\" src=\"https:\/\/topfoodmachine.com\/wp-content\/uploads\/2023\/10\/vegetable-dicing-machine-1.webp\" alt=\"machine \u00e0 couper les l\u00e9gumes\" class=\"wp-image-706\" srcset=\"https:\/\/topfoodmachine.com\/wp-content\/uploads\/2023\/10\/vegetable-dicing-machine-1.webp 720w, https:\/\/topfoodmachine.com\/wp-content\/uploads\/2023\/10\/vegetable-dicing-machine-1-300x225.webp 300w\" sizes=\"auto, (max-width: 720px) 100vw, 720px\" \/><figcaption class=\"wp-element-caption\">machine \u00e0 couper les l\u00e9gumes<\/figcaption><\/figure> <\/figure>    <h2 class=\"wp-block-heading\">Contactez-nous maintenant !<\/h2>    <p>Avec une riche exp\u00e9rience dans la conception, la recherche, la fabrication et la commercialisation de machines de transformation des fruits et l\u00e9gumes de qualit\u00e9, les machines de transformation alimentaire Taizy b\u00e9n\u00e9ficient d'une bonne performance, de prix raisonnables et d'une haute qualit\u00e9. <\/p>    <p>Une machine \u00e0 laver les fruits et l\u00e9gumes est l'un de nos produits phares. Et elle est appr\u00e9ci\u00e9e par des clients du monde entier. Cette machine est une partie importante de l'ensemble de la ligne de transformation des l\u00e9gumes et des fruits. <\/p>    <p>De plus, elle peut \u00eatre utilis\u00e9e seule pour am\u00e9liorer consid\u00e9rablement votre efficacit\u00e9. En outre, nous offrons un service personnalis\u00e9 solide pour r\u00e9pondre sp\u00e9cifiquement \u00e0 vos besoins. Si vous \u00eates int\u00e9ress\u00e9 par cette machine de nettoyage des fruits et l\u00e9gumes, contactez-nous pour le meilleur devis.<\/p>    <div class=\"wp-block-columns is-layout-flex wp-container-core-columns-is-layout-28f84493 wp-block-columns-is-layout-flex\"> <div class=\"wp-block-column is-layout-flow wp-block-column-is-layout-flow\"> <figure class=\"wp-block-image size-full\"><img loading=\"lazy\" decoding=\"async\" width=\"720\" height=\"540\" src=\"https:\/\/topfoodmachine.com\/wp-content\/uploads\/2022\/07\/delivery-process.jpg\" alt=\"processus de livraison\" class=\"wp-image-149\" srcset=\"https:\/\/topfoodmachine.com\/wp-content\/uploads\/2022\/07\/delivery-process.jpg 720w, https:\/\/topfoodmachine.com\/wp-content\/uploads\/2022\/07\/delivery-process-300x225.jpg 300w\" sizes=\"auto, (max-width: 720px) 100vw, 720px\" \/><figcaption class=\"wp-element-caption\">processus de livraison<\/figcaption><\/figure> <\/div> <\/div>","protected":false},"excerpt":{"rendered":"<p>La machine \u00e0 laver les fruits et l\u00e9gumes est un nettoyeur \u00e0 bulles d'air con\u00e7u pour une utilisation dans les usines alimentaires, les fermes, les restaurants, les h\u00f4tels et les magasins de d\u00e9tail.<\/p>","protected":false},"author":1,"featured_media":145,"parent":0,"template":"","tags":[48,15,42],"product-type":[3],"class_list":["post-8","product","type-product","status-publish","has-post-thumbnail","hentry","tag-fruit","tag-fruit-vegetable-processing-machine","tag-vegetable","product-type-fruit-vegetable-processing-machine"],"_links":{"self":[{"href":"https:\/\/topfoodmachine.com\/fr\/wp-json\/wp\/v2\/product\/8","targetHints":{"allow":["GET"]}}],"collection":[{"href":"https:\/\/topfoodmachine.com\/fr\/wp-json\/wp\/v2\/product"}],"about":[{"href":"https:\/\/topfoodmachine.com\/fr\/wp-json\/wp\/v2\/types\/product"}],"author":[{"embeddable":true,"href":"https:\/\/topfoodmachine.com\/fr\/wp-json\/wp\/v2\/users\/1"}],"wp:featuredmedia":[{"embeddable":true,"href":"https:\/\/topfoodmachine.com\/fr\/wp-json\/wp\/v2\/media\/145"}],"wp:attachment":[{"href":"https:\/\/topfoodmachine.com\/fr\/wp-json\/wp\/v2\/media?parent=8"}],"wp:term":[{"taxonomy":"post_tag","embeddable":true,"href":"https:\/\/topfoodmachine.com\/fr\/wp-json\/wp\/v2\/tags?post=8"},{"taxonomy":"product-type","embeddable":true,"href":"https:\/\/topfoodmachine.com\/fr\/wp-json\/wp\/v2\/product-type?post=8"}],"curies":[{"name":"wp","href":"https:\/\/api.w.org\/{rel}","templated":true}]}}