{"id":758,"date":"2023-10-12T13:36:51","date_gmt":"2023-10-12T05:36:51","guid":{"rendered":"https:\/\/topfoodmachine.com\/?post_type=product&#038;p=758"},"modified":"2025-04-22T15:15:23","modified_gmt":"2025-04-22T07:15:23","slug":"hamburger-patty-maker-machine","status":"publish","type":"product","link":"https:\/\/topfoodmachine.com\/fr\/product\/hamburger-patty-maker-machine\/","title":{"rendered":"Machine \u00e0 fabriquer des galettes de hamburger"},"content":{"rendered":"<div class=\"kk-star-ratings kksr-auto kksr-align-left kksr-valign-top\"     data-payload='{&quot;align&quot;:&quot;left&quot;,&quot;id&quot;:&quot;758&quot;,&quot;slug&quot;:&quot;default&quot;,&quot;valign&quot;:&quot;top&quot;,&quot;ignore&quot;:&quot;&quot;,&quot;reference&quot;:&quot;auto&quot;,&quot;class&quot;:&quot;&quot;,&quot;count&quot;:&quot;21&quot;,&quot;legendonly&quot;:&quot;&quot;,&quot;readonly&quot;:&quot;&quot;,&quot;score&quot;:&quot;4.7&quot;,&quot;starsonly&quot;:&quot;&quot;,&quot;best&quot;:&quot;5&quot;,&quot;gap&quot;:&quot;5&quot;,&quot;greet&quot;:&quot;Rate this product&quot;,&quot;legend&quot;:&quot;4.7\\\/5 - (21 votes)&quot;,&quot;size&quot;:&quot;24&quot;,&quot;title&quot;:&quot;Hamburger Patty Maker Machine&quot;,&quot;width&quot;:&quot;133.8&quot;,&quot;_legend&quot;:&quot;{score}\\\/{best} - ({count} {votes})&quot;,&quot;font_factor&quot;:&quot;1.25&quot;}'>              <div class=\"kksr-stars\">      <div class=\"kksr-stars-inactive\">             <div class=\"kksr-star\" data-star=\"1\" style=\"padding-right: 5px\">               <div class=\"kksr-icon\" style=\"width: 24px; height: 24px;\"><\/div>         <\/div>             <div class=\"kksr-star\" data-star=\"2\" style=\"padding-right: 5px\">               <div class=\"kksr-icon\" style=\"width: 24px; height: 24px;\"><\/div>         <\/div>             <div class=\"kksr-star\" data-star=\"3\" style=\"padding-right: 5px\">               <div class=\"kksr-icon\" style=\"width: 24px; height: 24px;\"><\/div>         <\/div>             <div class=\"kksr-star\" data-star=\"4\" style=\"padding-right: 5px\">               <div class=\"kksr-icon\" style=\"width: 24px; height: 24px;\"><\/div>         <\/div>             <div class=\"kksr-star\" data-star=\"5\" style=\"padding-right: 5px\">               <div class=\"kksr-icon\" style=\"width: 24px; height: 24px;\"><\/div>         <\/div>     <\/div>      <div class=\"kksr-stars-active\" style=\"width: 133.8px;\">             <div class=\"kksr-star\" style=\"padding-right: 5px\">               <div class=\"kksr-icon\" style=\"width: 24px; height: 24px;\"><\/div>         <\/div>             <div class=\"kksr-star\" style=\"padding-right: 5px\">               <div class=\"kksr-icon\" style=\"width: 24px; height: 24px;\"><\/div>         <\/div>             <div class=\"kksr-star\" style=\"padding-right: 5px\">               <div class=\"kksr-icon\" style=\"width: 24px; height: 24px;\"><\/div>         <\/div>             <div class=\"kksr-star\" style=\"padding-right: 5px\">               <div class=\"kksr-icon\" style=\"width: 24px; height: 24px;\"><\/div>         <\/div>             <div class=\"kksr-star\" style=\"padding-right: 5px\">               <div class=\"kksr-icon\" style=\"width: 24px; height: 24px;\"><\/div>         <\/div>     <\/div> <\/div>                   <div class=\"kksr-legend\" style=\"font-size: 19.2px;\">             4,7\/5 - (21 votes)    <\/div>     <\/div>  <p>La machine \u00e0 faire des galettes de hamburger est utilis\u00e9e pour cr\u00e9er des galettes de hamburger de forme et de taille uniformes. Elle est g\u00e9n\u00e9ralement fabriqu\u00e9e en aluminium ou en acier inoxydable et se compose de deux parties : une base et un presse sup\u00e9rieur. La base a une indentation peu profonde au centre, tandis que le presse sup\u00e9rieur a un piston sur\u00e9lev\u00e9 qui s'adapte parfaitement \u00e0 l'indentation.<\/p>    <p>Les machines \u00e0 fabriquer des galettes de hamburger sont disponibles en diff\u00e9rentes tailles, permettant aux clients de s\u00e9lectionner celle qui produit des galettes de la taille id\u00e9ale pour des besoins sp\u00e9cifiques. Certains mod\u00e8les offrent \u00e9galement des fonctionnalit\u00e9s suppl\u00e9mentaires telles que l'\u00e9paisseur et la forme des galettes personnalisables.<\/p>    <figure class=\"wp-block-embed is-type-video is-provider-youtube wp-block-embed-youtube wp-embed-aspect-16-9 wp-has-aspect-ratio\"><div class=\"wp-block-embed__wrapper\"> <iframe loading=\"lazy\" title=\"Burger Perfection : Comment utiliser une machine \u00e0 fabriquer des galettes #hamburger #pattymaker\" width=\"500\" height=\"281\" src=\"https:\/\/www.youtube.com\/embed\/hKUsRcyTUUk?feature=oembed\" frameborder=\"0\" allow=\"accelerometer; autoplay; clipboard-write; encrypted-media; gyroscope; picture-in-picture; web-share\" referrerpolicy=\"strict-origin-when-cross-origin\" allowfullscreen><\/iframe> <\/div><figcaption class=\"wp-element-caption\">vid\u00e9o de fonctionnement de la machine \u00e0 faire des galettes de hamburger<\/figcaption><\/figure>    <h2 class=\"wp-block-heading\">Quels mat\u00e9riaux bruts sont adapt\u00e9s \u00e0 la machine \u00e0 faire des galettes de hamburger ?<\/h2>    <p>La machine \u00e0 faire des galettes de hamburger est tr\u00e8s polyvalente et compatible avec une large gamme de mati\u00e8res premi\u00e8res. Elle peut traiter divers types de viande tels que le poulet, le b\u0153uf, le mouton et le porc. Elle est \u00e9galement parfaite pour former des produits de fruits de mer comme le poisson, les crevettes, le calmar et le saumon en galettes uniformes.<\/p>    <p>En plus des ingr\u00e9dients d'origine animale, cette machine peut g\u00e9rer une vari\u00e9t\u00e9 d'options \u00e0 base de plantes. Des ingr\u00e9dients tels que les pommes de terre, les patates douces, les citrouilles, les carottes, les haricots verts, les haricots rouges, les f\u00e8ves et les soja peuvent \u00eatre utilis\u00e9s pour faire des galettes de l\u00e9gumes nutritives. Pour un go\u00fbt am\u00e9lior\u00e9 et un \u00e9quilibre nutritionnel, ces l\u00e9gumes peuvent \u00eatre m\u00e9lang\u00e9s avec de la viande ou des fruits de mer pour cr\u00e9er des galettes m\u00e9lang\u00e9es.<\/p>    <p>Toutes ces galettes transform\u00e9es peuvent \u00eatre directement utilis\u00e9es dans la production de hamburgers, ce qui rend la machine id\u00e9ale pour les transformateurs de viande, les fournisseurs de restauration rapide et les fabricants de produits v\u00e9g\u00e9tariens.<\/p>    <figure class=\"wp-block-image size-full\"><img loading=\"lazy\" decoding=\"async\" width=\"720\" height=\"540\" src=\"https:\/\/topfoodmachine.com\/wp-content\/uploads\/2023\/10\/hamburger-forming-machine.webp\" alt=\"machine de formage de hamburgers\" class=\"wp-image-763\" srcset=\"https:\/\/topfoodmachine.com\/wp-content\/uploads\/2023\/10\/hamburger-forming-machine.webp 720w, https:\/\/topfoodmachine.com\/wp-content\/uploads\/2023\/10\/hamburger-forming-machine-300x225.webp 300w\" sizes=\"auto, (max-width: 720px) 100vw, 720px\" \/><figcaption class=\"wp-element-caption\">machine de formage de hamburgers<\/figcaption><\/figure>    <h2 class=\"wp-block-heading\">Comment fonctionne la machine \u00e0 former des galettes de hamburger ?<\/h2>    <div class=\"wp-block-media-text is-stacked-on-mobile\"><figure class=\"wp-block-media-text__media\"><img loading=\"lazy\" decoding=\"async\" width=\"720\" height=\"540\" src=\"https:\/\/topfoodmachine.com\/wp-content\/uploads\/2023\/10\/customers-feedback-for-making-patty-in-plants.webp\" alt=\"commentaires des clients pour la fabrication de galette dans les plantes\" class=\"wp-image-759 size-full\" srcset=\"https:\/\/topfoodmachine.com\/wp-content\/uploads\/2023\/10\/customers-feedback-for-making-patty-in-plants.webp 720w, https:\/\/topfoodmachine.com\/wp-content\/uploads\/2023\/10\/customers-feedback-for-making-patty-in-plants-300x225.webp 300w\" sizes=\"auto, (max-width: 720px) 100vw, 720px\" \/><\/figure><div class=\"wp-block-media-text__content\"> <ul class=\"wp-block-list\"> <li><strong>Installez le moule de formation<\/strong> <ul class=\"wp-block-list\"> <li>Fixez le moule \u00e0 p\u00e2t\u00e9 de viande d\u00e9sir\u00e9 selon la forme et la taille requises.<\/li> <\/ul> <\/li>    <li><strong>Ouvrez le baril de mat\u00e9riau<\/strong> <ul class=\"wp-block-list\"> <li>Soulevez le couvercle de la tr\u00e9mie pour pr\u00e9parer l'ajout de la farce de viande.<\/li> <\/ul> <\/li>    <li><strong>Installez la palette de pression de viande<\/strong> <ul class=\"wp-block-list\"> <li>Placez la palette de pression \u00e0 l'int\u00e9rieur du baril pour aider \u00e0 guider la viande pendant l'op\u00e9ration.<\/li> <\/ul> <\/li>    <li><strong>Ajoutez la farce de viande<\/strong> <ul class=\"wp-block-list\"> <li>Remplissez le baril avec le m\u00e9lange de viande pr\u00e9par\u00e9, qui peut inclure de la viande, des fruits de mer ou des m\u00e9langes de l\u00e9gumes.<\/li> <\/ul> <\/li> <\/ul> <\/div><\/div>    <div class=\"wp-block-media-text has-media-on-the-right is-stacked-on-mobile\"><div class=\"wp-block-media-text__content\"> <ul class=\"wp-block-list\"> <li><strong>D\u00e9marrez la machine<\/strong> <ul class=\"wp-block-list\"> <li>Allumez le fabricant de galettes de hamburger pour initier le processus de moulage.<\/li> <\/ul> <\/li>    <li><strong>La lame de pression de viande tourne<\/strong> <ul class=\"wp-block-list\"> <li>La lame tourne \u00e0 l'int\u00e9rieur du baril, pressant continuellement la viande dans le moule de formation.<\/li> <\/ul> <\/li>    <li><strong>Formation et d\u00e9coupe<\/strong> <ul class=\"wp-block-list\"> <li>Le moule est rempli et fa\u00e7onn\u00e9, puis un fil d'acier coupe la galette et la d\u00e9place sur le tapis roulant.<\/li> <\/ul> <\/li>    <li><strong>Production continue<\/strong> <ul class=\"wp-block-list\"> <li>Le processus se r\u00e9p\u00e8te automatiquement, produisant des galettes dans un cycle coh\u00e9rent et efficace.<\/li> <\/ul> <\/li> <\/ul> <\/div><figure class=\"wp-block-media-text__media\"><img loading=\"lazy\" decoding=\"async\" width=\"720\" height=\"540\" src=\"https:\/\/topfoodmachine.com\/wp-content\/uploads\/2023\/10\/patty-making.webp\" alt=\"fabrication de galettes\" class=\"wp-image-760 size-full\" srcset=\"https:\/\/topfoodmachine.com\/wp-content\/uploads\/2023\/10\/patty-making.webp 720w, https:\/\/topfoodmachine.com\/wp-content\/uploads\/2023\/10\/patty-making-300x225.webp 300w\" sizes=\"auto, (max-width: 720px) 100vw, 720px\" \/><\/figure><\/div>    <h2 class=\"wp-block-heading\">Principales caract\u00e9ristiques de la machine de fabrication de galettes de hamburger<\/h2>    <div class=\"wp-block-media-text is-stacked-on-mobile\"><figure class=\"wp-block-media-text__media\"><img loading=\"lazy\" decoding=\"async\" width=\"720\" height=\"540\" src=\"https:\/\/topfoodmachine.com\/wp-content\/uploads\/2023\/10\/burger-patty-maker-machine.webp\" alt=\"machine \u00e0 fabriquer des galettes de burger\" class=\"wp-image-766 size-full\" srcset=\"https:\/\/topfoodmachine.com\/wp-content\/uploads\/2023\/10\/burger-patty-maker-machine.webp 720w, https:\/\/topfoodmachine.com\/wp-content\/uploads\/2023\/10\/burger-patty-maker-machine-300x225.webp 300w\" sizes=\"auto, (max-width: 720px) 100vw, 720px\" \/><\/figure><div class=\"wp-block-media-text__content\"> <ul class=\"wp-block-list\"> <li><strong>Forme et taille de galette uniformes<\/strong> pour une pr\u00e9sentation professionnelle.<\/li>    <li><strong>\u00c9paisseur ajustable<\/strong> pour r\u00e9pondre aux diff\u00e9rents besoins des clients.<\/li>    <li><strong>Sortie rapide et efficace<\/strong>, id\u00e9ale pour un usage commercial.<\/li>    <li><strong>Prend en charge diverses viandes et l\u00e9gumes<\/strong> y compris le b\u0153uf, le poulet, le poisson et les m\u00e9langes \u00e0 base de plantes.<\/li>    <li><strong>Corps en acier inoxydable<\/strong>, hygi\u00e9nique et facile \u00e0 nettoyer.<\/li>    <li><strong>Conception durable et s\u00fbre<\/strong> pour un fonctionnement \u00e0 long terme sans souci.<\/li> <\/ul> <\/div><\/div>    <h2 class=\"wp-block-heading\">Moules personnalis\u00e9s de machine \u00e0 fabriquer des galettes de hamburger <\/h2>    <div class=\"wp-block-media-text has-media-on-the-right is-stacked-on-mobile\"><div class=\"wp-block-media-text__content\"> <ul class=\"wp-block-list\"> <li><strong>Options de forme multiples<\/strong>. Prend en charge des moules ronds, triangulaires, rectangulaires, en forme de c\u0153ur et des moules sp\u00e9ciaux.<\/li>    <li><strong>Diff\u00e9renciation de marque<\/strong>. Des moules personnalis\u00e9s aident \u00e0 cr\u00e9er des apparences de produits uniques pour attirer le march\u00e9.<\/li>    <li><strong>Applications flexibles<\/strong>. Convient pour la viande, les fruits de mer, les l\u00e9gumes ou les garnitures m\u00e9lang\u00e9es.<\/li> <\/ul> <\/div><figure class=\"wp-block-media-text__media\"><img loading=\"lazy\" decoding=\"async\" width=\"720\" height=\"540\" src=\"https:\/\/topfoodmachine.com\/wp-content\/uploads\/2023\/10\/details-of-burger-forming-machine.webp\" alt=\"d\u00e9tails de la machine de formage de hamburgers\" class=\"wp-image-761 size-full\" srcset=\"https:\/\/topfoodmachine.com\/wp-content\/uploads\/2023\/10\/details-of-burger-forming-machine.webp 720w, https:\/\/topfoodmachine.com\/wp-content\/uploads\/2023\/10\/details-of-burger-forming-machine-300x225.webp 300w\" sizes=\"auto, (max-width: 720px) 100vw, 720px\" \/><\/figure><\/div>    <div class=\"wp-block-media-text is-stacked-on-mobile\"><figure class=\"wp-block-media-text__media\"><img loading=\"lazy\" decoding=\"async\" width=\"720\" height=\"540\" src=\"https:\/\/topfoodmachine.com\/wp-content\/uploads\/2023\/10\/mold-of-burger-patty-machine.webp\" alt=\"moule de machine \u00e0 galettes de burger\" class=\"wp-image-762 size-full\" srcset=\"https:\/\/topfoodmachine.com\/wp-content\/uploads\/2023\/10\/mold-of-burger-patty-machine.webp 720w, https:\/\/topfoodmachine.com\/wp-content\/uploads\/2023\/10\/mold-of-burger-patty-machine-300x225.webp 300w\" sizes=\"auto, (max-width: 720px) 100vw, 720px\" \/><\/figure><div class=\"wp-block-media-text__content\"> <ul class=\"wp-block-list\"> <li><strong>Seamless integration<\/strong>. Fonctionne avec <a href=\"https:\/\/topfoodmachine.com\/fr\/product\/automatic-meat-grinder\/\" data-type=\"link\" data-id=\"https:\/\/topfoodmachine.com\/product\/automatic-meat-grinder\/\">hachoir \u00e0 viande<\/a> pour une ligne de traitement compl\u00e8te.<\/li>    <li><strong>Pr\u00eat pour divers traitements<\/strong>. Les galettes form\u00e9es peuvent \u00eatre frites, congel\u00e9es ou emball\u00e9es sous vide.<\/li>    <li><strong>Production efficace<\/strong>Remplace le travail manuel, acc\u00e9l\u00e8re la formation et la production.<\/li> <\/ul> <\/div><\/div>    <h2 class=\"wp-block-heading\">Param\u00e8tres techniques de la machine \u00e0 galettes de burger<\/h2>    <figure class=\"wp-block-table\"><table><tbody><tr><td>Mod\u00e8le<\/td><td>TZ-HB-400<\/td><\/tr><tr><td>Taille<\/td><td>2828*830*2136mm<\/td><\/tr><tr><td>Capacit\u00e9<\/td><td>200-600kg\/heure<\/td><\/tr><tr><td>Poids<\/td><td>100 kg<\/td><\/tr><tr><td>Pouvoir<\/td><td>1,1 kW<\/td><\/tr><tr><td>\u00c9paisseur de production<\/td><td>6-25mm<\/td><\/tr><\/tbody><\/table><figcaption class=\"wp-element-caption\">param\u00e8tres de la machine \u00e0 galettes de hamburger<\/figcaption><\/figure>    <h2 class=\"wp-block-heading\">Pourquoi choisir d'acheter notre machine \u00e0 galettes de burger ?<\/h2>    <p class=\"translation-block\">Cette machine \u00e0 fabriquer des <a href=\"https:\/\/en.wikipedia.org\/wiki\/Patty\" data-type=\"link\" data-id=\"https:\/\/en.wikipedia.org\/wiki\/Patty\" target=\"_blank\" rel=\"noopener\">galettes<\/a> combine polyvalence, pr\u00e9cision et efficacit\u00e9 pour r\u00e9pondre aux exigences de la production alimentaire moderne. De la personnalisation des formes \u00e0 l'op\u00e9ration simplifi\u00e9e, elle vous permet de garantir une qualit\u00e9 constante avec chaque galette. <\/p>    <p class=\"translation-block\">Si vous cherchez \u00e0 augmenter la productivit\u00e9 et \u00e0 am\u00e9liorer l'attrait des produits, cette machine est un investissement judicieux. <strong>N'h\u00e9sitez pas \u00e0 nous contacter pour des solutions sur mesure et un soutien expert !<\/strong><\/p>    <figure class=\"wp-block-image size-full\"><img loading=\"lazy\" decoding=\"async\" width=\"720\" height=\"540\" src=\"https:\/\/topfoodmachine.com\/wp-content\/uploads\/2023\/10\/hamburger-patty-maker.webp\" alt=\"fabricant de galettes de hamburger\" class=\"wp-image-764\" srcset=\"https:\/\/topfoodmachine.com\/wp-content\/uploads\/2023\/10\/hamburger-patty-maker.webp 720w, https:\/\/topfoodmachine.com\/wp-content\/uploads\/2023\/10\/hamburger-patty-maker-300x225.webp 300w\" sizes=\"auto, (max-width: 720px) 100vw, 720px\" \/><figcaption class=\"wp-element-caption\">fabricant de galettes de hamburger<\/figcaption><\/figure>","protected":false},"excerpt":{"rendered":"<p>La machine \u00e0 faire des galettes de hamburger est utilis\u00e9e pour cr\u00e9er des galettes de hamburger de forme et de taille uniformes. Elle est g\u00e9n\u00e9ralement fabriqu\u00e9e en aluminium ou en acier inoxydable et se compose de deux parties : une base et un presse sup\u00e9rieur.<\/p>","protected":false},"author":1,"featured_media":769,"parent":0,"template":"","tags":[116],"product-type":[7],"class_list":["post-758","product","type-product","status-publish","has-post-thumbnail","hentry","tag-hamburger-patty-maker-machine","product-type-egg-meat-processing-machine"],"_links":{"self":[{"href":"https:\/\/topfoodmachine.com\/fr\/wp-json\/wp\/v2\/product\/758","targetHints":{"allow":["GET"]}}],"collection":[{"href":"https:\/\/topfoodmachine.com\/fr\/wp-json\/wp\/v2\/product"}],"about":[{"href":"https:\/\/topfoodmachine.com\/fr\/wp-json\/wp\/v2\/types\/product"}],"author":[{"embeddable":true,"href":"https:\/\/topfoodmachine.com\/fr\/wp-json\/wp\/v2\/users\/1"}],"wp:featuredmedia":[{"embeddable":true,"href":"https:\/\/topfoodmachine.com\/fr\/wp-json\/wp\/v2\/media\/769"}],"wp:attachment":[{"href":"https:\/\/topfoodmachine.com\/fr\/wp-json\/wp\/v2\/media?parent=758"}],"wp:term":[{"taxonomy":"post_tag","embeddable":true,"href":"https:\/\/topfoodmachine.com\/fr\/wp-json\/wp\/v2\/tags?post=758"},{"taxonomy":"product-type","embeddable":true,"href":"https:\/\/topfoodmachine.com\/fr\/wp-json\/wp\/v2\/product-type?post=758"}],"curies":[{"name":"wp","href":"https:\/\/api.w.org\/{rel}","templated":true}]}}