{"id":685,"date":"2023-10-08T17:58:35","date_gmt":"2023-10-08T09:58:35","guid":{"rendered":"https:\/\/topfoodmachine.com\/?post_type=product&#038;p=685"},"modified":"2025-07-02T18:29:44","modified_gmt":"2025-07-02T10:29:44","slug":"large-capacity-juicer-machine","status":"publish","type":"product","link":"https:\/\/topfoodmachine.com\/fr\/product\/large-capacity-juicer-machine\/","title":{"rendered":"Presse-agrumes de grande capacit\u00e9"},"content":{"rendered":"<div class=\"kk-star-ratings kksr-auto kksr-align-left kksr-valign-top\"     data-payload='{&quot;align&quot;:&quot;left&quot;,&quot;id&quot;:&quot;685&quot;,&quot;slug&quot;:&quot;default&quot;,&quot;valign&quot;:&quot;top&quot;,&quot;ignore&quot;:&quot;&quot;,&quot;reference&quot;:&quot;auto&quot;,&quot;class&quot;:&quot;&quot;,&quot;count&quot;:&quot;29&quot;,&quot;legendonly&quot;:&quot;&quot;,&quot;readonly&quot;:&quot;&quot;,&quot;score&quot;:&quot;4.5&quot;,&quot;starsonly&quot;:&quot;&quot;,&quot;best&quot;:&quot;5&quot;,&quot;gap&quot;:&quot;5&quot;,&quot;greet&quot;:&quot;Rate this product&quot;,&quot;legend&quot;:&quot;4.5\\\/5 - (29 votes)&quot;,&quot;size&quot;:&quot;24&quot;,&quot;title&quot;:&quot;Large Capacity Juicer Machine&quot;,&quot;width&quot;:&quot;128&quot;,&quot;_legend&quot;:&quot;{score}\\\/{best} - ({count} {votes})&quot;,&quot;font_factor&quot;:&quot;1.25&quot;}'>              <div class=\"kksr-stars\">      <div class=\"kksr-stars-inactive\">             <div class=\"kksr-star\" data-star=\"1\" style=\"padding-right: 5px\">               <div class=\"kksr-icon\" style=\"width: 24px; height: 24px;\"><\/div>         <\/div>             <div class=\"kksr-star\" data-star=\"2\" style=\"padding-right: 5px\">               <div class=\"kksr-icon\" style=\"width: 24px; height: 24px;\"><\/div>         <\/div>             <div class=\"kksr-star\" data-star=\"3\" style=\"padding-right: 5px\">               <div class=\"kksr-icon\" style=\"width: 24px; height: 24px;\"><\/div>         <\/div>             <div class=\"kksr-star\" data-star=\"4\" style=\"padding-right: 5px\">               <div class=\"kksr-icon\" style=\"width: 24px; height: 24px;\"><\/div>         <\/div>             <div class=\"kksr-star\" data-star=\"5\" style=\"padding-right: 5px\">               <div class=\"kksr-icon\" style=\"width: 24px; height: 24px;\"><\/div>         <\/div>     <\/div>      <div class=\"kksr-stars-active\" style=\"width: 128px;\">             <div class=\"kksr-star\" style=\"padding-right: 5px\">               <div class=\"kksr-icon\" style=\"width: 24px; height: 24px;\"><\/div>         <\/div>             <div class=\"kksr-star\" style=\"padding-right: 5px\">               <div class=\"kksr-icon\" style=\"width: 24px; height: 24px;\"><\/div>         <\/div>             <div class=\"kksr-star\" style=\"padding-right: 5px\">               <div class=\"kksr-icon\" style=\"width: 24px; height: 24px;\"><\/div>         <\/div>             <div class=\"kksr-star\" style=\"padding-right: 5px\">               <div class=\"kksr-icon\" style=\"width: 24px; height: 24px;\"><\/div>         <\/div>             <div class=\"kksr-star\" style=\"padding-right: 5px\">               <div class=\"kksr-icon\" style=\"width: 24px; height: 24px;\"><\/div>         <\/div>     <\/div> <\/div>                   <div class=\"kksr-legend\" style=\"font-size: 19.2px;\">             4,5\/5 - (29 votes)    <\/div>     <\/div>  <p class=\"translation-block\">La <strong>machine \u00e0 jus de grande capacit\u00e9<\/strong> peut extraire efficacement le jus d'une large gamme de mati\u00e8res premi\u00e8res, y compris les pommes, les oranges, les ananas et divers l\u00e9gumes. Avec une <strong>capacit\u00e9 de traitement de 500 kg\/h<\/strong>, elle est bien adapt\u00e9e \u00e0 la production de jus \u00e0 moyenne et grande \u00e9chelle.<\/p>    <p class=\"translation-block\">\u00c9quip\u00e9e d'un <strong>syst\u00e8me de presse \u00e0 vis<\/strong> et construite en <strong>acier inoxydable 304<\/strong>, la machine garantit un <strong>rendement \u00e9lev\u00e9 en jus<\/strong>, un <strong>fonctionnement hygi\u00e9nique<\/strong> et une <strong>longue dur\u00e9e de vie<\/strong>.<\/p>    <p class=\"translation-block\">Que ce soit pour les <strong>usines de jus<\/strong>, les <strong>producteurs de boissons<\/strong> ou les <strong>fermes commerciales<\/strong>, cette centrifugeuse est un choix id\u00e9al pour augmenter la production tout en maintenant la qualit\u00e9 et la fra\u00eecheur du jus.<\/p>    <figure class=\"wp-block-embed is-type-video is-provider-youtube wp-block-embed-youtube wp-embed-aspect-16-9 wp-has-aspect-ratio\"><div class=\"wp-block-embed__wrapper\"> <iframe loading=\"lazy\" title=\"M\u00e9ga presse-agrumes commercial suraliment\u00e9 - Jus frais en quelques secondes\u00a0! #machine \u00e0 jus #fruits #l\u00e9gumes\" width=\"500\" height=\"281\" src=\"https:\/\/www.youtube.com\/embed\/4wGugp-Zo3Y?feature=oembed\" frameborder=\"0\" allow=\"accelerometer; autoplay; clipboard-write; encrypted-media; gyroscope; picture-in-picture; web-share\" referrerpolicy=\"strict-origin-when-cross-origin\" allowfullscreen><\/iframe> <\/div><figcaption class=\"wp-element-caption\">vid\u00e9o de fonctionnement de la machine \u00e0 jus<\/figcaption><\/figure>    <h2 class=\"wp-block-heading\">avantages de la machine \u00e0 jus industrielle<\/h2>    <div class=\"wp-block-media-text is-stacked-on-mobile\"><figure class=\"wp-block-media-text__media\"><img loading=\"lazy\" decoding=\"async\" width=\"720\" height=\"540\" src=\"https:\/\/topfoodmachine.com\/wp-content\/uploads\/2023\/10\/heavy-duty-juicer-machine.webp\" alt=\"presse-agrumes robuste\" class=\"wp-image-688 size-full\" srcset=\"https:\/\/topfoodmachine.com\/wp-content\/uploads\/2023\/10\/heavy-duty-juicer-machine.webp 720w, https:\/\/topfoodmachine.com\/wp-content\/uploads\/2023\/10\/heavy-duty-juicer-machine-300x225.webp 300w\" sizes=\"auto, (max-width: 720px) 100vw, 720px\" \/><\/figure><div class=\"wp-block-media-text__content\"> <ul class=\"wp-block-list\"> <li><strong>Construction de qualit\u00e9 alimentaire<\/strong>: Toutes les pi\u00e8ces en contact avec le mat\u00e9riau sont en acier inoxydable, garantissant hygi\u00e8ne et durabilit\u00e9.<\/li>    <li><strong>S\u00e9paration automatique<\/strong>: Les r\u00e9sidus et le jus sont s\u00e9par\u00e9s automatiquement, am\u00e9liorant l'efficacit\u00e9 et la qualit\u00e9 du jus.<\/li>    <li><strong>Large application<\/strong>: La machine \u00e0 jus est adapt\u00e9e au traitement de divers fruits et l\u00e9gumes.<\/li>    <li><strong>Haute production<\/strong>: Con\u00e7ue pour la production de jus \u00e0 grande \u00e9chelle, id\u00e9ale pour un usage commercial et industriel.<\/li>    <li><strong>Conception multifonctionnelle<\/strong>: Int\u00e8gre le concassage, le pressage et l'\u00e9vacuation des r\u00e9sidus en une seule machine.<\/li>    <li><strong>Int\u00e9gration flexible<\/strong>: Peut \u00eatre utilis\u00e9e avec des \u00e9quipements de lavage de fruits et l\u00e9gumes pour une ligne de traitement compl\u00e8te.<\/li> <\/ul> <\/div><\/div>    <h2 class=\"wp-block-heading\">Applications de la machine \u00e0 jus commerciale robuste<\/h2>    <ol class=\"wp-block-list\"> <li><strong>Bars \u00e0 jus et boutiques de smoothies<\/strong>: \u00c9quipement essentiel pour la pr\u00e9paration quotidienne de jus frais et de smoothies.<\/li>    <li><strong>Restaurants et caf\u00e9s<\/strong>: Utilis\u00e9 pour servir des jus fra\u00eechement press\u00e9s au menu, s'adressant aux clients soucieux de leur sant\u00e9<\/li>    <li><strong>H\u00f4tels et complexes<\/strong>: Fournir du jus frais pendant le petit-d\u00e9jeuner ou dans le cadre de services de bien-\u00eatre et de spa<\/li>    <li><strong>Entreprises de restauration<\/strong>: Id\u00e9al pour produire de grandes quantit\u00e9s de jus pour des \u00e9v\u00e9nements et des f\u00eates<\/li>    <li><strong>Usines de transformation alimentaire<\/strong>: Utilis\u00e9 pour faire des concentr\u00e9s de jus, des sauces et d'autres produits \u00e0 base de fruits transform\u00e9s<\/li>    <li><strong>Supermarch\u00e9s et \u00e9piceries<\/strong>: Les sections de jus en magasin utilisent souvent des extracteurs de jus commerciaux pour la production de jus frais<\/li> <\/ol>    <figure class=\"wp-block-gallery has-nested-images columns-default is-cropped wp-block-gallery-2 is-layout-flex wp-block-gallery-is-layout-flex\"> <figure class=\"wp-block-image size-large\"><img loading=\"lazy\" decoding=\"async\" width=\"720\" height=\"540\" data-id=\"715\" src=\"https:\/\/topfoodmachine.com\/wp-content\/uploads\/2023\/10\/grape-juice-1.webp\" alt=\"jus de raisin\" class=\"wp-image-715\" srcset=\"https:\/\/topfoodmachine.com\/wp-content\/uploads\/2023\/10\/grape-juice-1.webp 720w, https:\/\/topfoodmachine.com\/wp-content\/uploads\/2023\/10\/grape-juice-1-300x225.webp 300w\" sizes=\"auto, (max-width: 720px) 100vw, 720px\" \/><figcaption class=\"wp-element-caption\">jus de raisin<\/figcaption><\/figure>    <figure class=\"wp-block-image size-large\"><img loading=\"lazy\" decoding=\"async\" width=\"720\" height=\"540\" data-id=\"716\" src=\"https:\/\/topfoodmachine.com\/wp-content\/uploads\/2023\/10\/orange-juice.webp\" alt=\"jus d&#039;orange\" class=\"wp-image-716\" srcset=\"https:\/\/topfoodmachine.com\/wp-content\/uploads\/2023\/10\/orange-juice.webp 720w, https:\/\/topfoodmachine.com\/wp-content\/uploads\/2023\/10\/orange-juice-300x225.webp 300w\" sizes=\"auto, (max-width: 720px) 100vw, 720px\" \/><figcaption class=\"wp-element-caption\">jus d'orange<\/figcaption><\/figure> <\/figure>    <h2 class=\"wp-block-heading\">Comment fonctionne la machine \u00e0 jus ?<\/h2>    <div class=\"wp-block-media-text is-stacked-on-mobile\"><figure class=\"wp-block-media-text__media\"><img loading=\"lazy\" decoding=\"async\" width=\"720\" height=\"540\" src=\"https:\/\/topfoodmachine.com\/wp-content\/uploads\/2023\/10\/large-capacity-juicer-machine.webp\" alt=\"machine \u00e0 jus de grande capacit\u00e9\" class=\"wp-image-717 size-full\" srcset=\"https:\/\/topfoodmachine.com\/wp-content\/uploads\/2023\/10\/large-capacity-juicer-machine.webp 720w, https:\/\/topfoodmachine.com\/wp-content\/uploads\/2023\/10\/large-capacity-juicer-machine-300x225.webp 300w\" sizes=\"auto, (max-width: 720px) 100vw, 720px\" \/><\/figure><div class=\"wp-block-media-text__content\"> <ul class=\"wp-block-list\"> <li><strong>Processus d'alimentation<\/strong>: La pulpe cass\u00e9e, le jus et la peau sont introduits dans la machine \u00e0 jus par l'entonnoir d'alimentation.<\/li>    <li><strong>Compression spirale<\/strong>\u00c0 l'int\u00e9rieur de la machine, une vis (spirale) augmente progressivement en diam\u00e8tre et diminue en pas, comprimant le mat\u00e9riau au fur et \u00e0 mesure qu'il se dirige vers la sortie de scories.<\/li>    <li><strong>Extraction de jus<\/strong>: Alors que la vis tourne dans le sens des aiguilles d'une montre (de l'entonnoir d'alimentation \u00e0 la d\u00e9charge des r\u00e9sidus), elle r\u00e9duit le volume dans la cavit\u00e9 de la vis, pressant le jus.<\/li>    <li><strong>Collection de jus<\/strong>: Le jus s'\u00e9coule \u00e0 travers un \u00e9cran filtrant et est collect\u00e9 dans le conteneur au bas de la machine \u00e0 jus.<\/li> <\/ul> <\/div><\/div>    <div class=\"wp-block-media-text has-media-on-the-right is-stacked-on-mobile\"><div class=\"wp-block-media-text__content\"> <ul class=\"wp-block-list\"> <li><strong>D\u00e9charge de laitier<\/strong>: Les d\u00e9chets (marc) sont pouss\u00e9s vers la sortie et \u00e9vacu\u00e9s par un espace annulaire entre la vis et la section de r\u00e9gulation de pression.<\/li>    <li><strong>Ajustement de l'\u00e9cart<\/strong>: Le mouvement axial de la t\u00eate de r\u00e9gulation de pression ajuste la taille de l'\u00e9cart : en la tournant \u00e0 gauche, l'\u00e9cart se r\u00e9tr\u00e9cit ; en la tournant \u00e0 droite, il s'\u00e9largit.<\/li>    <li><strong>Contr\u00f4le du taux de laitier<\/strong>Un \u00e9cart plus petit augmente la pression et la production de jus, mais peut r\u00e9duire la qualit\u00e9 du jus en raison des particules de pulpe entrant dans le jus.<\/li>    <li><strong>Param\u00e8tres personnalisables<\/strong>Les utilisateurs peuvent ajuster l'\u00e9cart en fonction de leurs besoins sp\u00e9cifiques en mati\u00e8re de traitement pour \u00e9quilibrer le rendement et la qualit\u00e9 du jus.<\/li> <\/ul> <\/div><figure class=\"wp-block-media-text__media\"><img loading=\"lazy\" decoding=\"async\" width=\"720\" height=\"540\" src=\"https:\/\/topfoodmachine.com\/wp-content\/uploads\/2023\/10\/juice-making-machine-details.webp\" alt=\"d\u00e9tails de la machine \u00e0 faire du jus\" class=\"wp-image-1948 size-full\" srcset=\"https:\/\/topfoodmachine.com\/wp-content\/uploads\/2023\/10\/juice-making-machine-details.webp 720w, https:\/\/topfoodmachine.com\/wp-content\/uploads\/2023\/10\/juice-making-machine-details-300x225.webp 300w, https:\/\/topfoodmachine.com\/wp-content\/uploads\/2023\/10\/juice-making-machine-details-16x12.webp 16w\" sizes=\"auto, (max-width: 720px) 100vw, 720px\" \/><\/figure><\/div>    <h2 class=\"wp-block-heading\">Param\u00e8tres de la machine \u00e0 jus de grande capacit\u00e9<\/h2>    <figure class=\"wp-block-table\"><table><tbody><tr><td>Pouvoir<\/td><td>2,2 kW<\/td><\/tr><tr><td>Capacit\u00e9<\/td><td>500kg\/heure<\/td><\/tr><tr><td>Taille<\/td><td>1100*450*950mm<\/td><\/tr><tr><td>Poids<\/td><td>75 kg<\/td><\/tr><tr><td>Tension<\/td><td>380v<\/td><\/tr><\/tbody><\/table><figcaption class=\"wp-element-caption\">param\u00e8tres de la machine \u00e0 jus<\/figcaption><\/figure>    <h2 class=\"wp-block-heading\">cas de succ\u00e8s de la machine \u00e0 jus de raisin<\/h2>    <p class=\"translation-block\">Un vignoble artisanal en <strong>Italie<\/strong> a r\u00e9cemment choisi la <strong>machine \u00e0 jus de raisin de Taizy<\/strong> pour rationaliser son processus d'extraction de jus de raisin pendant la saison des vendanges. Le client avait besoin d'une machine capable de traiter efficacement de <strong>grands volumes de raisins<\/strong> tout en pr\u00e9servant la <strong>saveur naturelle et la clart\u00e9<\/strong> du jus.<\/p>    <p class=\"translation-block\">Apr\u00e8s avoir compar\u00e9 plusieurs options, ils ont s\u00e9lectionn\u00e9 notre <strong>machine \u00e0 jus industrielle<\/strong> en raison de sa <strong>construction en acier inoxydable<\/strong>, de sa <strong>s\u00e9paration automatique du jus et des r\u00e9sidus<\/strong>, et de ses <strong>fonctions int\u00e9gr\u00e9es de broyage et de pressage<\/strong>. La machine a \u00e9t\u00e9 livr\u00e9e et install\u00e9e avec succ\u00e8s, et le client a lou\u00e9 ses <strong>performances stables<\/strong>, sa <strong>facilit\u00e9 de nettoyage<\/strong> et le <strong>support fourni par l'\u00e9quipe technique de Taizy<\/strong>.<\/p>    <p>Maintenant, le vignoble a non seulement augment\u00e9 sa production de jus, mais a \u00e9galement am\u00e9lior\u00e9 la coh\u00e9rence de ses produits, posant ainsi les bases pour l'expansion de sa gamme de jus de raisin en bouteille.<\/p>    <figure class=\"wp-block-gallery has-nested-images columns-default is-cropped wp-block-gallery-3 is-layout-flex wp-block-gallery-is-layout-flex\"> <figure class=\"wp-block-image size-large\"><img loading=\"lazy\" decoding=\"async\" width=\"720\" height=\"540\" data-id=\"690\" src=\"https:\/\/topfoodmachine.com\/wp-content\/uploads\/2023\/10\/industrial-juicer-machine.webp\" alt=\"machine \u00e0 jus industrielle\" class=\"wp-image-690\" srcset=\"https:\/\/topfoodmachine.com\/wp-content\/uploads\/2023\/10\/industrial-juicer-machine.webp 720w, https:\/\/topfoodmachine.com\/wp-content\/uploads\/2023\/10\/industrial-juicer-machine-300x225.webp 300w\" sizes=\"auto, (max-width: 720px) 100vw, 720px\" \/><figcaption class=\"wp-element-caption\">machine \u00e0 jus industrielle<\/figcaption><\/figure>    <figure class=\"wp-block-image size-large\"><img loading=\"lazy\" decoding=\"async\" width=\"720\" height=\"540\" data-id=\"691\" src=\"https:\/\/topfoodmachine.com\/wp-content\/uploads\/2023\/10\/safety-package-of-juicer-machine.webp\" alt=\"paquet de s\u00e9curit\u00e9 de la machine \u00e0 jus\" class=\"wp-image-691\" srcset=\"https:\/\/topfoodmachine.com\/wp-content\/uploads\/2023\/10\/safety-package-of-juicer-machine.webp 720w, https:\/\/topfoodmachine.com\/wp-content\/uploads\/2023\/10\/safety-package-of-juicer-machine-300x225.webp 300w\" sizes=\"auto, (max-width: 720px) 100vw, 720px\" \/><figcaption class=\"wp-element-caption\">paquet de s\u00e9curit\u00e9 de la machine \u00e0 jus<\/figcaption><\/figure> <\/figure>    <h2 class=\"wp-block-heading\">Pourquoi choisir notre presse-agrumes ?<\/h2>    <p class=\"translation-block\">Chez <strong>Taizy<\/strong>, nous sommes fiers de fournir des <strong>machines \u00e0 jus<\/strong> haute performance qui allient efficacit\u00e9, durabilit\u00e9 et polyvalence. Nous fournissons \u00e9galement des <strong>solutions personnalis\u00e9es<\/strong>, un <strong>service apr\u00e8s-vente fiable<\/strong> et un support technique complet pour r\u00e9pondre \u00e0 vos besoins de transformation. <\/p>    <p>Que vous g\u00e9riez une usine de jus, une entreprise de restauration ou une usine de transformation alimentaire, Taizy est votre partenaire de confiance pour le succ\u00e8s du jus.<\/p>    <p class=\"translation-block\">En plus des machines \u00e0 jus, nous proposons \u00e9galement une large gamme d'<strong>\u00e9quipements de transformation de fruits et l\u00e9gumes<\/strong>. N'h\u00e9sitez pas \u00e0 explorer notre gamme compl\u00e8te de produits \u2014 nous sommes l\u00e0 pour vous aider \u00e0 construire une ligne de production efficace et rentable.<\/p>    <figure class=\"wp-block-image size-full\"><img loading=\"lazy\" decoding=\"async\" width=\"720\" height=\"540\" src=\"https:\/\/topfoodmachine.com\/wp-content\/uploads\/2023\/10\/juice-making-machine-price.webp\" alt=\"prix de la machine \u00e0 jus\" class=\"wp-image-1950\" srcset=\"https:\/\/topfoodmachine.com\/wp-content\/uploads\/2023\/10\/juice-making-machine-price.webp 720w, https:\/\/topfoodmachine.com\/wp-content\/uploads\/2023\/10\/juice-making-machine-price-300x225.webp 300w, https:\/\/topfoodmachine.com\/wp-content\/uploads\/2023\/10\/juice-making-machine-price-16x12.webp 16w\" sizes=\"auto, (max-width: 720px) 100vw, 720px\" \/><figcaption class=\"wp-element-caption\">prix de la machine \u00e0 jus<\/figcaption><\/figure>","protected":false},"excerpt":{"rendered":"<p>La machine \u00e0 jus \u00e0 grande capacit\u00e9 peut extraire efficacement le jus d'une large gamme de mati\u00e8res premi\u00e8res, y compris les pommes, les oranges, les ananas, les jus et divers l\u00e9gumes.<\/p>","protected":false},"author":1,"featured_media":686,"parent":0,"template":"","tags":[122],"product-type":[3],"class_list":["post-685","product","type-product","status-publish","has-post-thumbnail","hentry","tag-juicer-machine","product-type-fruit-vegetable-processing-machine"],"_links":{"self":[{"href":"https:\/\/topfoodmachine.com\/fr\/wp-json\/wp\/v2\/product\/685","targetHints":{"allow":["GET"]}}],"collection":[{"href":"https:\/\/topfoodmachine.com\/fr\/wp-json\/wp\/v2\/product"}],"about":[{"href":"https:\/\/topfoodmachine.com\/fr\/wp-json\/wp\/v2\/types\/product"}],"author":[{"embeddable":true,"href":"https:\/\/topfoodmachine.com\/fr\/wp-json\/wp\/v2\/users\/1"}],"wp:featuredmedia":[{"embeddable":true,"href":"https:\/\/topfoodmachine.com\/fr\/wp-json\/wp\/v2\/media\/686"}],"wp:attachment":[{"href":"https:\/\/topfoodmachine.com\/fr\/wp-json\/wp\/v2\/media?parent=685"}],"wp:term":[{"taxonomy":"post_tag","embeddable":true,"href":"https:\/\/topfoodmachine.com\/fr\/wp-json\/wp\/v2\/tags?post=685"},{"taxonomy":"product-type","embeddable":true,"href":"https:\/\/topfoodmachine.com\/fr\/wp-json\/wp\/v2\/product-type?post=685"}],"curies":[{"name":"wp","href":"https:\/\/api.w.org\/{rel}","templated":true}]}}