{"id":668,"date":"2023-10-08T11:31:49","date_gmt":"2023-10-08T03:31:49","guid":{"rendered":"https:\/\/topfoodmachine.com\/?post_type=product&#038;p=668"},"modified":"2023-10-10T16:30:15","modified_gmt":"2023-10-10T08:30:15","slug":"automatic-vegetable-dicing-machine","status":"publish","type":"product","link":"https:\/\/topfoodmachine.com\/fr\/product\/automatic-vegetable-dicing-machine\/","title":{"rendered":"Machine \u00e0 couper les l\u00e9gumes automatique"},"content":{"rendered":"<div class=\"kk-star-ratings kksr-auto kksr-align-left kksr-valign-top\"     data-payload='{&quot;align&quot;:&quot;left&quot;,&quot;id&quot;:&quot;668&quot;,&quot;slug&quot;:&quot;default&quot;,&quot;valign&quot;:&quot;top&quot;,&quot;ignore&quot;:&quot;&quot;,&quot;reference&quot;:&quot;auto&quot;,&quot;class&quot;:&quot;&quot;,&quot;count&quot;:&quot;27&quot;,&quot;legendonly&quot;:&quot;&quot;,&quot;readonly&quot;:&quot;&quot;,&quot;score&quot;:&quot;4.8&quot;,&quot;starsonly&quot;:&quot;&quot;,&quot;best&quot;:&quot;5&quot;,&quot;gap&quot;:&quot;5&quot;,&quot;greet&quot;:&quot;Rate this product&quot;,&quot;legend&quot;:&quot;4.8\\\/5 - (27 votes)&quot;,&quot;size&quot;:&quot;24&quot;,&quot;title&quot;:&quot;Automatic vegetable dicing machine&quot;,&quot;width&quot;:&quot;136.7&quot;,&quot;_legend&quot;:&quot;{score}\\\/{best} - ({count} {votes})&quot;,&quot;font_factor&quot;:&quot;1.25&quot;}'>              <div class=\"kksr-stars\">      <div class=\"kksr-stars-inactive\">             <div class=\"kksr-star\" data-star=\"1\" style=\"padding-right: 5px\">               <div class=\"kksr-icon\" style=\"width: 24px; height: 24px;\"><\/div>         <\/div>             <div class=\"kksr-star\" data-star=\"2\" style=\"padding-right: 5px\">               <div class=\"kksr-icon\" style=\"width: 24px; height: 24px;\"><\/div>         <\/div>             <div class=\"kksr-star\" data-star=\"3\" style=\"padding-right: 5px\">               <div class=\"kksr-icon\" style=\"width: 24px; height: 24px;\"><\/div>         <\/div>             <div class=\"kksr-star\" data-star=\"4\" style=\"padding-right: 5px\">               <div class=\"kksr-icon\" style=\"width: 24px; height: 24px;\"><\/div>         <\/div>             <div class=\"kksr-star\" data-star=\"5\" style=\"padding-right: 5px\">               <div class=\"kksr-icon\" style=\"width: 24px; height: 24px;\"><\/div>         <\/div>     <\/div>      <div class=\"kksr-stars-active\" style=\"width: 136.7px;\">             <div class=\"kksr-star\" style=\"padding-right: 5px\">               <div class=\"kksr-icon\" style=\"width: 24px; height: 24px;\"><\/div>         <\/div>             <div class=\"kksr-star\" style=\"padding-right: 5px\">               <div class=\"kksr-icon\" style=\"width: 24px; height: 24px;\"><\/div>         <\/div>             <div class=\"kksr-star\" style=\"padding-right: 5px\">               <div class=\"kksr-icon\" style=\"width: 24px; height: 24px;\"><\/div>         <\/div>             <div class=\"kksr-star\" style=\"padding-right: 5px\">               <div class=\"kksr-icon\" style=\"width: 24px; height: 24px;\"><\/div>         <\/div>             <div class=\"kksr-star\" style=\"padding-right: 5px\">               <div class=\"kksr-icon\" style=\"width: 24px; height: 24px;\"><\/div>         <\/div>     <\/div> <\/div>                   <div class=\"kksr-legend\" style=\"font-size: 19.2px;\">             4,8\/5 - (27 votes)    <\/div>     <\/div>  <p>Le coupe-l\u00e9gumes est con\u00e7u pour couper efficacement et uniform\u00e9ment les l\u00e9gumes en petits morceaux de taille \u00e9gale, souvent appel\u00e9s \u00ab d\u00e9s \u00bb ou \u00ab cubes \u00bb. Cette machine automatise le processus de hachage manuel des l\u00e9gumes, \u00e9conomisant du temps et garantissant des r\u00e9sultats coh\u00e9rents. La machine \u00e0 d\u00e9s de l\u00e9gumes est adapt\u00e9e aux l\u00e9gumes d\u00e9shydrat\u00e9s, aux usines de transformation de l\u00e9gumes congel\u00e9s et \u00e0 l'industrie des pickles alimentaires pour traiter toutes sortes de l\u00e9gumes racines en formes carr\u00e9es et rectangulaires.<\/p>    <p>La machine \u00e0 d\u00e9couper les l\u00e9gumes adopte des couteaux composites, un moulage unique, une forme r\u00e9guli\u00e8re, une surface de coupe lisse et un taux de moulage \u00e9lev\u00e9. De plus, la machine est de conception avanc\u00e9e, facile \u00e0 utiliser, faible consommation d'\u00e9nergie, haute efficacit\u00e9, utilisation d'alliages aluminium-magn\u00e9sium et de mat\u00e9riaux en acier inoxydable, anticorrosion et esth\u00e9tique, conforme aux normes sanitaires.<\/p>    <figure class=\"wp-block-image size-full\"><img loading=\"lazy\" decoding=\"async\" width=\"720\" height=\"540\" src=\"https:\/\/topfoodmachine.com\/wp-content\/uploads\/2023\/10\/vegetable-dicing-machine-1.webp\" alt=\"machine \u00e0 couper les l\u00e9gumes\" class=\"wp-image-706\" srcset=\"https:\/\/topfoodmachine.com\/wp-content\/uploads\/2023\/10\/vegetable-dicing-machine-1.webp 720w, https:\/\/topfoodmachine.com\/wp-content\/uploads\/2023\/10\/vegetable-dicing-machine-1-300x225.webp 300w\" sizes=\"auto, (max-width: 720px) 100vw, 720px\" \/><figcaption class=\"wp-element-caption\">machine \u00e0 couper les l\u00e9gumes<\/figcaption><\/figure>    <h2 class=\"wp-block-heading\">Quelle est la structure de la machine \u00e0 couper les l\u00e9gumes ?<\/h2>    <p>Typiquement, une machine \u00e0 couper les l\u00e9gumes se compose d'une goulotte d'alimentation o\u00f9 l'on place les l\u00e9gumes, d'un m\u00e9canisme de coupe \u00e9quip\u00e9 de lames tranchantes, d'un syst\u00e8me de transmission et d'un syst\u00e8me de contr\u00f4le de puissance. La machine fonctionne soit par saisie manuelle, o\u00f9 l'utilisateur alimente les l\u00e9gumes via la goulotte, soit par un processus automatis\u00e9 pour les op\u00e9rations \u00e0 volume plus \u00e9lev\u00e9.<\/p>    <p>La base, la coque, la tr\u00e9mie et les pi\u00e8ces principales sont en alliage aluminium-magn\u00e9sium et en acier inoxydable pour garantir un travail \u00e0 long terme sans rouille.<\/p>    <figure class=\"wp-block-image size-full\"><img loading=\"lazy\" decoding=\"async\" width=\"720\" height=\"540\" src=\"https:\/\/topfoodmachine.com\/wp-content\/uploads\/2023\/10\/dicing-machine-with-a-good-price.webp\" alt=\"machine \u00e0 d\u00e9s \u00e0 bon prix\" class=\"wp-image-722\" srcset=\"https:\/\/topfoodmachine.com\/wp-content\/uploads\/2023\/10\/dicing-machine-with-a-good-price.webp 720w, https:\/\/topfoodmachine.com\/wp-content\/uploads\/2023\/10\/dicing-machine-with-a-good-price-300x225.webp 300w\" sizes=\"auto, (max-width: 720px) 100vw, 720px\" \/><figcaption class=\"wp-element-caption\">machine \u00e0 d\u00e9s \u00e0 bon prix<\/figcaption><\/figure>    <h2 class=\"wp-block-heading\">Principe de fonctionnement de la machine \u00e0 couper les l\u00e9gumes<\/h2>    <p>Le cadran de la machine entra\u00eene les mati\u00e8res premi\u00e8res \u00e0 tourner \u00e0 grande vitesse, utilisant la force centrifuge. Avec l'aide de la lame verticale, le mat\u00e9riau est tranch\u00e9 en fines pi\u00e8ces. Il passe ensuite par la lame circulaire pour \u00eatre coup\u00e9 en bandes, qui sont ensuite aliment\u00e9es dans la lame de coupe transversale. Cette lame de coupe transversale transforme le mat\u00e9riau en cubes ou en formes rectangulaires souhait\u00e9es.<\/p>    <figure class=\"wp-block-gallery has-nested-images columns-default is-cropped wp-block-gallery-2 is-layout-flex wp-block-gallery-is-layout-flex\"> <figure class=\"wp-block-image size-large\"><img loading=\"lazy\" decoding=\"async\" width=\"720\" height=\"540\" data-id=\"675\" src=\"https:\/\/topfoodmachine.com\/wp-content\/uploads\/2023\/10\/mushroom-dices.webp\" alt=\"d\u00e9s de champignon\" class=\"wp-image-675\" srcset=\"https:\/\/topfoodmachine.com\/wp-content\/uploads\/2023\/10\/mushroom-dices.webp 720w, https:\/\/topfoodmachine.com\/wp-content\/uploads\/2023\/10\/mushroom-dices-300x225.webp 300w\" sizes=\"auto, (max-width: 720px) 100vw, 720px\" \/><figcaption class=\"wp-element-caption\">d\u00e9s de champignon<\/figcaption><\/figure>    <figure class=\"wp-block-image size-large\"><img loading=\"lazy\" decoding=\"async\" width=\"720\" height=\"540\" data-id=\"677\" src=\"https:\/\/topfoodmachine.com\/wp-content\/uploads\/2023\/10\/vegetable-dices-1.webp\" alt=\"d\u00e9s de l\u00e9gumes\" class=\"wp-image-677\" srcset=\"https:\/\/topfoodmachine.com\/wp-content\/uploads\/2023\/10\/vegetable-dices-1.webp 720w, https:\/\/topfoodmachine.com\/wp-content\/uploads\/2023\/10\/vegetable-dices-1-300x225.webp 300w\" sizes=\"auto, (max-width: 720px) 100vw, 720px\" \/><figcaption class=\"wp-element-caption\">d\u00e9s de l\u00e9gumes<\/figcaption><\/figure>    <figure class=\"wp-block-image size-large\"><img loading=\"lazy\" decoding=\"async\" width=\"720\" height=\"540\" data-id=\"676\" src=\"https:\/\/topfoodmachine.com\/wp-content\/uploads\/2023\/10\/tomato-dices.webp\" alt=\"d\u00e9s de tomate\" class=\"wp-image-676\" srcset=\"https:\/\/topfoodmachine.com\/wp-content\/uploads\/2023\/10\/tomato-dices.webp 720w, https:\/\/topfoodmachine.com\/wp-content\/uploads\/2023\/10\/tomato-dices-300x225.webp 300w\" sizes=\"auto, (max-width: 720px) 100vw, 720px\" \/><figcaption class=\"wp-element-caption\">d\u00e9s de tomate<\/figcaption><\/figure> <\/figure>    <h2 class=\"wp-block-heading\">Application de la machine \u00e0 d\u00e9couper les l\u00e9gumes<\/h2>    <p>Ces machines sont largement utilis\u00e9es dans les cuisines commerciales, les installations de transformation des aliments et les restaurants o\u00f9 de grandes quantit\u00e9s de l\u00e9gumes coup\u00e9s en d\u00e9s sont n\u00e9cessaires pour diverses applications culinaires. Ils am\u00e9liorent non seulement l'efficacit\u00e9 mais contribuent \u00e9galement \u00e0 l'uniformit\u00e9 et \u00e0 la pr\u00e9sentation des plats. De plus, les machines \u00e0 couper les l\u00e9gumes sont livr\u00e9es avec diff\u00e9rents accessoires de lame et peuvent couper des cubes de 3, 4, 5, 6, 7, 8, 9, 10, 12, 15 et 20 mm, permettant de personnaliser la taille et la forme des d\u00e9s. l\u00e9gumes adapt\u00e9s \u00e0 des recettes sp\u00e9cifiques et \u00e0 des pr\u00e9f\u00e9rences culinaires.<\/p>    <figure class=\"wp-block-gallery has-nested-images columns-default is-cropped wp-block-gallery-3 is-layout-flex wp-block-gallery-is-layout-flex\"> <figure class=\"wp-block-image size-large\"><img loading=\"lazy\" decoding=\"async\" width=\"720\" height=\"540\" data-id=\"673\" src=\"https:\/\/topfoodmachine.com\/wp-content\/uploads\/2023\/10\/Accessories-of-dicer-machine-1.webp\" alt=\"Accessoires de machine \u00e0 d\u00e9couper\" class=\"wp-image-673\" srcset=\"https:\/\/topfoodmachine.com\/wp-content\/uploads\/2023\/10\/Accessories-of-dicer-machine-1.webp 720w, https:\/\/topfoodmachine.com\/wp-content\/uploads\/2023\/10\/Accessories-of-dicer-machine-1-300x225.webp 300w\" sizes=\"auto, (max-width: 720px) 100vw, 720px\" \/><figcaption class=\"wp-element-caption\">Accessoires de machine \u00e0 d\u00e9couper<\/figcaption><\/figure>    <figure class=\"wp-block-image size-large\"><img loading=\"lazy\" decoding=\"async\" width=\"720\" height=\"540\" data-id=\"674\" src=\"https:\/\/topfoodmachine.com\/wp-content\/uploads\/2023\/10\/Accessories-of-vegetable-dicing-machine-1.webp\" alt=\"Accessoires de machine \u00e0 d\u00e9couper les l\u00e9gumes\" class=\"wp-image-674\" srcset=\"https:\/\/topfoodmachine.com\/wp-content\/uploads\/2023\/10\/Accessories-of-vegetable-dicing-machine-1.webp 720w, https:\/\/topfoodmachine.com\/wp-content\/uploads\/2023\/10\/Accessories-of-vegetable-dicing-machine-1-300x225.webp 300w\" sizes=\"auto, (max-width: 720px) 100vw, 720px\" \/><figcaption class=\"wp-element-caption\">Accessoires de machine \u00e0 d\u00e9couper les l\u00e9gumes<\/figcaption><\/figure> <\/figure>    <h2 class=\"wp-block-heading\">Comment utiliser le coupe-l\u00e9gumes ?<\/h2>    <p>1. Pr\u00e9paration\u00a0:<br>Lavez les l\u00e9gumes et retirez la peau ext\u00e9rieure et les parties ind\u00e9sirables.<br>Coupez les l\u00e9gumes en morceaux de la bonne taille pour s'adapter \u00e0 l'ouverture d'alimentation du coupe-d\u00e9s, si n\u00e9cessaire.<\/p>    <p>2. Configuration de la machine\u00a0:<br>Placez le coupe-l\u00e9gumes sur un plan de travail lisse.<br>Assurez-vous que la fiche est ins\u00e9r\u00e9e dans la prise secteur et suivez les instructions du manuel d'utilisation pour vous assurer que tous les dispositifs de s\u00e9curit\u00e9 sont correctement r\u00e9gl\u00e9s.<\/p>    <p>3. D\u00e9marrage de la machine :<br>En cas d'utilisation manuelle, activez l'interrupteur d'alimentation.<br>En cas de fonctionnement automatique, certains param\u00e8tres peuvent devoir \u00eatre ajust\u00e9s en fonction du mod\u00e8le et des param\u00e8tres de la machine.<\/p>    <p>4. Planter les l\u00e9gumes :<br>D\u00e9posez les morceaux de l\u00e9gumes pr\u00e9par\u00e9s un par un dans l'ouverture d'alimentation du coupe-l\u00e9gumes.<\/p>    <p>5. Observez et surveillez\u00a0:<br>Faites attention \u00e0 l'\u00e9tat de fonctionnement de la machine pour vous assurer que les morceaux de l\u00e9gumes sont coup\u00e9s uniform\u00e9ment.<\/p>    <p>6. Ajustez la taille des cubes (si n\u00e9cessaire)\u00a0:<br>Remplacez la t\u00eate de coupe ou ajustez les param\u00e8tres de la machine si n\u00e9cessaire pour obtenir la taille de bloc souhait\u00e9e.<\/p>    <p>7. R\u00e9cup\u00e9ration des l\u00e9gumes coup\u00e9s :<br>Les morceaux de l\u00e9gumes coup\u00e9s tomberont de la sortie de la machine dans un conteneur ou un plateau de collecte.<\/p>    <p>8. Arr\u00eat de la machine :<br>Coupez l'alimentation \u00e9lectrique en \u00e9teignant l'interrupteur d'alimentation lorsque vous avez fini d'utiliser la machine.<\/p>    <p>9. Nettoyage et entretien\u00a0:<br>Nettoyez le coupe-bloc, notamment en enlevant les morceaux de l\u00e9gumes r\u00e9siduels et en lavant les pi\u00e8ces coupantes.<br>V\u00e9rifiez et entretenez r\u00e9guli\u00e8rement la machine pour garantir son bon fonctionnement.<\/p>    <p>10. Stockage\u00a0:<br>S'il n'est pas utilis\u00e9 fr\u00e9quemment, rangez le coupe-bloc correctement pour \u00e9viter tout dommage ou corrosion.<\/p>    <figure class=\"wp-block-embed is-type-video is-provider-youtube wp-block-embed-youtube wp-embed-aspect-16-9 wp-has-aspect-ratio\"><div class=\"wp-block-embed__wrapper\"> <iframe loading=\"lazy\" title=\"Hachez comme un pro\u00a0: d\u00e9couvrez les secrets de la machine \u00e0 d\u00e9couper les l\u00e9gumes\u00a0! #machine \u00e0 d\u00e9couper en d\u00e9s #l\u00e9gumes\" width=\"500\" height=\"281\" src=\"https:\/\/www.youtube.com\/embed\/TxB7N50k37I?start=2&#038;feature=oembed\" frameborder=\"0\" allow=\"accelerometer; autoplay; clipboard-write; encrypted-media; gyroscope; picture-in-picture; web-share\" referrerpolicy=\"strict-origin-when-cross-origin\" allowfullscreen><\/iframe> <\/div><\/figure>    <h2 class=\"wp-block-heading\">Param\u00e8tres techniques de la machine \u00e0 d\u00e9couper <\/h2>    <figure class=\"wp-block-table\"><table><tbody><tr><td>Mod\u00e8le<\/td><td>TZ-CHD100<\/td><\/tr><tr><td>Capacit\u00e9<\/td><td>100kg\/heure<\/td><\/tr><tr><td>Taille<\/td><td>560*600*1040mm<\/td><\/tr><tr><td>Poids<\/td><td>100 kg<\/td><\/tr><tr><td>Pouvoir<\/td><td>0,75 kW<\/td><\/tr><tr><td>Tension<\/td><td>380v<\/td><\/tr><\/tbody><\/table><\/figure>","protected":false},"excerpt":{"rendered":"<p>Le d\u00e9coupeur de l\u00e9gumes est con\u00e7u pour couper efficacement et uniform\u00e9ment les l\u00e9gumes en petits morceaux de taille uniforme, souvent appel\u00e9s \u00ab d\u00e9s \u00bb ou \u00ab cubes \u00bb.<\/p>","protected":false},"author":1,"featured_media":669,"parent":0,"template":"","tags":[],"product-type":[3],"class_list":["post-668","product","type-product","status-publish","has-post-thumbnail","hentry","product-type-fruit-vegetable-processing-machine"],"_links":{"self":[{"href":"https:\/\/topfoodmachine.com\/fr\/wp-json\/wp\/v2\/product\/668","targetHints":{"allow":["GET"]}}],"collection":[{"href":"https:\/\/topfoodmachine.com\/fr\/wp-json\/wp\/v2\/product"}],"about":[{"href":"https:\/\/topfoodmachine.com\/fr\/wp-json\/wp\/v2\/types\/product"}],"author":[{"embeddable":true,"href":"https:\/\/topfoodmachine.com\/fr\/wp-json\/wp\/v2\/users\/1"}],"wp:featuredmedia":[{"embeddable":true,"href":"https:\/\/topfoodmachine.com\/fr\/wp-json\/wp\/v2\/media\/669"}],"wp:attachment":[{"href":"https:\/\/topfoodmachine.com\/fr\/wp-json\/wp\/v2\/media?parent=668"}],"wp:term":[{"taxonomy":"post_tag","embeddable":true,"href":"https:\/\/topfoodmachine.com\/fr\/wp-json\/wp\/v2\/tags?post=668"},{"taxonomy":"product-type","embeddable":true,"href":"https:\/\/topfoodmachine.com\/fr\/wp-json\/wp\/v2\/product-type?post=668"}],"curies":[{"name":"wp","href":"https:\/\/api.w.org\/{rel}","templated":true}]}}