{"id":648,"date":"2023-10-07T16:23:22","date_gmt":"2023-10-07T08:23:22","guid":{"rendered":"https:\/\/topfoodmachine.com\/?post_type=product&#038;p=648"},"modified":"2023-10-10T15:48:30","modified_gmt":"2023-10-10T07:48:30","slug":"vegetables-and-fruits-washing-and-peeling-machine","status":"publish","type":"product","link":"https:\/\/topfoodmachine.com\/fr\/product\/vegetables-and-fruits-washing-and-peeling-machine\/","title":{"rendered":"Machine \u00e0 laver et \u00e0 \u00e9plucher les l\u00e9gumes et les fruits"},"content":{"rendered":"<div class=\"kk-star-ratings kksr-auto kksr-align-left kksr-valign-top\"     data-payload='{&quot;align&quot;:&quot;left&quot;,&quot;id&quot;:&quot;648&quot;,&quot;slug&quot;:&quot;default&quot;,&quot;valign&quot;:&quot;top&quot;,&quot;ignore&quot;:&quot;&quot;,&quot;reference&quot;:&quot;auto&quot;,&quot;class&quot;:&quot;&quot;,&quot;count&quot;:&quot;30&quot;,&quot;legendonly&quot;:&quot;&quot;,&quot;readonly&quot;:&quot;&quot;,&quot;score&quot;:&quot;4.6&quot;,&quot;starsonly&quot;:&quot;&quot;,&quot;best&quot;:&quot;5&quot;,&quot;gap&quot;:&quot;5&quot;,&quot;greet&quot;:&quot;Rate this product&quot;,&quot;legend&quot;:&quot;4.6\\\/5 - (30 votes)&quot;,&quot;size&quot;:&quot;24&quot;,&quot;title&quot;:&quot;Vegetables and fruits washing and peeling\u00a0machine&quot;,&quot;width&quot;:&quot;130.9&quot;,&quot;_legend&quot;:&quot;{score}\\\/{best} - ({count} {votes})&quot;,&quot;font_factor&quot;:&quot;1.25&quot;}'>              <div class=\"kksr-stars\">      <div class=\"kksr-stars-inactive\">             <div class=\"kksr-star\" data-star=\"1\" style=\"padding-right: 5px\">               <div class=\"kksr-icon\" style=\"width: 24px; height: 24px;\"><\/div>         <\/div>             <div class=\"kksr-star\" data-star=\"2\" style=\"padding-right: 5px\">               <div class=\"kksr-icon\" style=\"width: 24px; height: 24px;\"><\/div>         <\/div>             <div class=\"kksr-star\" data-star=\"3\" style=\"padding-right: 5px\">               <div class=\"kksr-icon\" style=\"width: 24px; height: 24px;\"><\/div>         <\/div>             <div class=\"kksr-star\" data-star=\"4\" style=\"padding-right: 5px\">               <div class=\"kksr-icon\" style=\"width: 24px; height: 24px;\"><\/div>         <\/div>             <div class=\"kksr-star\" data-star=\"5\" style=\"padding-right: 5px\">               <div class=\"kksr-icon\" style=\"width: 24px; height: 24px;\"><\/div>         <\/div>     <\/div>      <div class=\"kksr-stars-active\" style=\"width: 130.9px;\">             <div class=\"kksr-star\" style=\"padding-right: 5px\">               <div class=\"kksr-icon\" style=\"width: 24px; height: 24px;\"><\/div>         <\/div>             <div class=\"kksr-star\" style=\"padding-right: 5px\">               <div class=\"kksr-icon\" style=\"width: 24px; height: 24px;\"><\/div>         <\/div>             <div class=\"kksr-star\" style=\"padding-right: 5px\">               <div class=\"kksr-icon\" style=\"width: 24px; height: 24px;\"><\/div>         <\/div>             <div class=\"kksr-star\" style=\"padding-right: 5px\">               <div class=\"kksr-icon\" style=\"width: 24px; height: 24px;\"><\/div>         <\/div>             <div class=\"kksr-star\" style=\"padding-right: 5px\">               <div class=\"kksr-icon\" style=\"width: 24px; height: 24px;\"><\/div>         <\/div>     <\/div> <\/div>                   <div class=\"kksr-legend\" style=\"font-size: 19.2px;\">             4,6\/5 - (30 votes)    <\/div>     <\/div>  <p>La machine commerciale \u00e0 laver et \u00e0 \u00e9plucher les l\u00e9gumes et les fruits constitue le summum de l\u2019innovation en mati\u00e8re de technologie de cuisine. Cet appareil de pointe est m\u00e9ticuleusement con\u00e7u pour am\u00e9liorer la pr\u00e9paration des aliments dans les environnements commerciaux. En combinant parfaitement les fonctions de lavage et de pelage, il rationalise non seulement le processus, mais respecte \u00e9galement les normes d'hygi\u00e8ne les plus \u00e9lev\u00e9es. Con\u00e7ue pour l'efficacit\u00e9 et la pr\u00e9cision, cette machine change la donne pour les cuisines professionnelles, offrant une solution transparente pour am\u00e9liorer la productivit\u00e9 et maintenir des protocoles de s\u00e9curit\u00e9 alimentaire impeccables.<\/p>    <p>R\u00e9pondant aux exigences d'une cuisine commerciale anim\u00e9e, la machine commerciale \u00e0 laver et \u00e0 \u00e9plucher les l\u00e9gumes et les fruits est un incontournable pour les chefs et les professionnels de la restauration. Sa construction robuste et ses fonctionnalit\u00e9s avanc\u00e9es le rendent id\u00e9al pour ceux qui manipulent r\u00e9guli\u00e8rement de gros volumes de produits. Que vous dirigiez un restaurant de grande capacit\u00e9, un service de restauration ou une installation de transformation alimentaire, cette machine est la pierre angulaire de l'efficacit\u00e9. Adoptez cette merveille technologique pour garantir que vos op\u00e9rations de cuisine se caract\u00e9risent \u00e0 la fois par la rapidit\u00e9 et une hygi\u00e8ne sans compromis.<\/p>    <figure class=\"wp-block-image size-full\"><img loading=\"lazy\" decoding=\"async\" width=\"720\" height=\"540\" src=\"https:\/\/topfoodmachine.com\/wp-content\/uploads\/2023\/10\/vegetable-cleaner-and-peeler-machine-for-business.webp\" alt=\"machine \u00e0 nettoyer et \u00e9plucher les l\u00e9gumes pour les entreprises\" class=\"wp-image-710\" srcset=\"https:\/\/topfoodmachine.com\/wp-content\/uploads\/2023\/10\/vegetable-cleaner-and-peeler-machine-for-business.webp 720w, https:\/\/topfoodmachine.com\/wp-content\/uploads\/2023\/10\/vegetable-cleaner-and-peeler-machine-for-business-300x225.webp 300w\" sizes=\"auto, (max-width: 720px) 100vw, 720px\" \/><figcaption class=\"wp-element-caption\">machine \u00e0 nettoyer et \u00e9plucher les l\u00e9gumes pour les entreprises<\/figcaption><\/figure>    <h2 class=\"wp-block-heading\">Mati\u00e8res premi\u00e8res applicables pour la machine de nettoyage et d'\u00e9pluchage des fruits et l\u00e9gumes<\/h2>    <p>L\u00e9gumes : pomme de terre, navet, carotte, pomme de terre, oignon, igname de Chine<\/p>    <p>Fruits : pomme, poire, oranges, citrons, p\u00eache, abricots, dattes<\/p>    <p>Noix : noix, ch\u00e2taigne<\/p>    <figure class=\"wp-block-gallery has-nested-images columns-default is-cropped wp-block-gallery-2 is-layout-flex wp-block-gallery-is-layout-flex\"> <figure class=\"wp-block-image size-large\"><img loading=\"lazy\" decoding=\"async\" width=\"720\" height=\"540\" data-id=\"654\" src=\"https:\/\/topfoodmachine.com\/wp-content\/uploads\/2023\/10\/applicable-vegetables.webp\" alt=\"l\u00e9gumes applicables\" class=\"wp-image-654\" srcset=\"https:\/\/topfoodmachine.com\/wp-content\/uploads\/2023\/10\/applicable-vegetables.webp 720w, https:\/\/topfoodmachine.com\/wp-content\/uploads\/2023\/10\/applicable-vegetables-300x225.webp 300w\" sizes=\"auto, (max-width: 720px) 100vw, 720px\" \/><figcaption class=\"wp-element-caption\">l\u00e9gumes applicables<\/figcaption><\/figure>    <figure class=\"wp-block-image size-large\"><img loading=\"lazy\" decoding=\"async\" width=\"720\" height=\"540\" data-id=\"655\" src=\"https:\/\/topfoodmachine.com\/wp-content\/uploads\/2023\/10\/raw-materials.webp\" alt=\"mati\u00e8res premi\u00e8res\" class=\"wp-image-655\" srcset=\"https:\/\/topfoodmachine.com\/wp-content\/uploads\/2023\/10\/raw-materials.webp 720w, https:\/\/topfoodmachine.com\/wp-content\/uploads\/2023\/10\/raw-materials-300x225.webp 300w\" sizes=\"auto, (max-width: 720px) 100vw, 720px\" \/><figcaption class=\"wp-element-caption\">mati\u00e8res premi\u00e8res<\/figcaption><\/figure> <\/figure>    <h2 class=\"wp-block-heading\">Caract\u00e9ristiques de la machine \u00e0 nettoyer et \u00e9plucher les l\u00e9gumes et les fruits<\/h2>    <ul class=\"wp-block-list\"> <li><strong>Double fonctionnalit\u00e9<\/strong>: Cette machine combine parfaitement les fonctions de lavage et d\u2019\u00e9pluchage, rationalisant ainsi les processus de pr\u00e9paration des aliments.<\/li>    <li><strong>Grande capacit\u00e9<\/strong>: Con\u00e7u pour traiter de grandes quantit\u00e9s de l\u00e9gumes et de fruits, ce qui le rend id\u00e9al pour les op\u00e9rations \u00e0 l'\u00e9chelle commerciale.<\/li>    <li><strong>Syst\u00e8me de nettoyage efficace<\/strong>: Utilise un m\u00e9canisme de nettoyage avanc\u00e9 pour garantir un lavage complet et hygi\u00e9nique des produits, minimisant ainsi le risque de contaminants.<\/li>    <li><strong>Peeling de pr\u00e9cision<\/strong>: Utilise une technologie de pelage de pointe pour \u00e9liminer la peau ou les couches externes avec pr\u00e9cision, ce qui entra\u00eene un gaspillage minimal.<\/li>    <li><strong>Param\u00e8tres r\u00e9glables<\/strong>: Offre des param\u00e8tres personnalisables pour s'adapter \u00e0 diff\u00e9rentes tailles et types de produits, permettant une polyvalence dans la transformation des aliments.<\/li>    <li><strong>Des dispositifs de s\u00e9curit\u00e9<\/strong>: Int\u00e8gre des mesures de s\u00e9curit\u00e9 pour \u00e9viter les accidents ou les incidents pendant le fonctionnement, garantissant ainsi un environnement de travail s\u00e9curis\u00e9.<\/li>    <li><strong>Conservation d'eau<\/strong>: Int\u00e8gre des syst\u00e8mes de recyclage de l'eau pour minimiser la consommation d'eau, d\u00e9montrant une approche \u00e9cologique des op\u00e9rations.<\/li>    <li><strong>Construction durable<\/strong>: Construit avec des mat\u00e9riaux de haute qualit\u00e9 pour r\u00e9sister aux rigueurs d'une utilisation commerciale, garantissant long\u00e9vit\u00e9 et fiabilit\u00e9.<\/li> <\/ul>    <figure class=\"wp-block-image size-full\"><img loading=\"lazy\" decoding=\"async\" width=\"720\" height=\"540\" src=\"https:\/\/topfoodmachine.com\/wp-content\/uploads\/2023\/10\/commercial-vegetable-washing-machine.webp\" alt=\"machine \u00e0 laver les l\u00e9gumes commerciale\" class=\"wp-image-719\" srcset=\"https:\/\/topfoodmachine.com\/wp-content\/uploads\/2023\/10\/commercial-vegetable-washing-machine.webp 720w, https:\/\/topfoodmachine.com\/wp-content\/uploads\/2023\/10\/commercial-vegetable-washing-machine-300x225.webp 300w\" sizes=\"auto, (max-width: 720px) 100vw, 720px\" \/><figcaption class=\"wp-element-caption\">machine \u00e0 laver les l\u00e9gumes commerciale<\/figcaption><\/figure>    <h2 class=\"wp-block-heading\">Principe de fonctionnement de la machine \u00e0 laver et \u00e0 \u00e9plucher les l\u00e9gumes<\/h2>    <p>Le principe de fonctionnement de la machine de nettoyage des brosses pour fruits et l\u00e9gumes est d'utiliser la rotation de la brosse et le frottement mutuel entre les mat\u00e9riaux pour \u00e9liminer la terre et les impuret\u00e9s fix\u00e9es \u00e0 la surface des fruits et l\u00e9gumes. Ce type de machine \u00e0 laver se compose principalement d'un corps, d'une brosse, d'un moteur, d'un roulement, d'un tuyau de pulv\u00e9risation, d'un bo\u00eetier de commande \u00e9lectrique et d'autres pi\u00e8ces en acier inoxydable. <\/p>    <p>Pendant le processus de fonctionnement, la brosse \u00e0 l'int\u00e9rieur de la machine tournera avec la rotation du moteur et la surface des fruits et l\u00e9gumes \u00e0 nettoyer par friction, puis \u00e9liminera la salet\u00e9 de surface. Dans le m\u00eame temps, le tuyau de pulv\u00e9risation pulv\u00e9risera de l'eau pour nettoyer davantage les fruits et l\u00e9gumes, \u00e9liminera les impuret\u00e9s qui ne peuvent pas \u00eatre \u00e9limin\u00e9es par la brosse et assurera la propret\u00e9 des fruits et l\u00e9gumes.<\/p>    <figure class=\"wp-block-embed is-type-video is-provider-youtube wp-block-embed-youtube wp-embed-aspect-16-9 wp-has-aspect-ratio\"><div class=\"wp-block-embed__wrapper\"> <iframe loading=\"lazy\" title=\"Machine \u00e0 laver et \u00e0 \u00e9plucher les l\u00e9gumes et les fruits\u00a0: le moyen simple de manger sainement\u00a0! #lavage #pelage\" width=\"500\" height=\"281\" src=\"https:\/\/www.youtube.com\/embed\/D3GsEQErQ0s?start=3&#038;feature=oembed\" frameborder=\"0\" allow=\"accelerometer; autoplay; clipboard-write; encrypted-media; gyroscope; picture-in-picture; web-share\" referrerpolicy=\"strict-origin-when-cross-origin\" allowfullscreen><\/iframe> <\/div><\/figure>    <h2 class=\"wp-block-heading\">Application de la machine \u00e0 laver et \u00e0 \u00e9plucher les brosses \u00e0 rouleaux<\/h2>    <ol class=\"wp-block-list\"> <li><strong>Cuisines et restaurants commerciaux<\/strong>: Chefs et personnel de cuisine des restaurants, services de traiteur et autres \u00e9tablissements alimentaires n\u00e9cessitant un \u00e9quipement de pr\u00e9paration des aliments efficace et de grande capacit\u00e9.<\/li>    <li><strong>Installations de transformation des aliments<\/strong>: Professionnels travaillant dans des usines et des installations de transformation des aliments o\u00f9 de grandes quantit\u00e9s de fruits et l\u00e9gumes doivent \u00eatre pr\u00e9par\u00e9es et transform\u00e9es pour \u00eatre distribu\u00e9es.<\/li>    <li><strong>March\u00e9s de gros et centres de distribution<\/strong>: Travailleurs impliqu\u00e9s dans le tri, le nettoyage et la pr\u00e9paration des produits destin\u00e9s \u00e0 la distribution aux d\u00e9taillants, supermarch\u00e9s et autres points de vente alimentaires.<\/li>    <li><strong>Service de restauration<\/strong>: Traiteurs et organisateurs d'\u00e9v\u00e9nements qui g\u00e8rent des \u00e9v\u00e9nements \u00e0 grande \u00e9chelle et n\u00e9cessitent des capacit\u00e9s de pr\u00e9paration rapide des repas.<\/li>    <li><strong>Industrie h\u00f4teli\u00e8re et h\u00f4teli\u00e8re<\/strong>: Chefs et \u00e9quipes de cuisine dans les h\u00f4tels et \u00e9tablissements h\u00f4teliers o\u00f9 l'efficacit\u00e9 et la pr\u00e9sentation sont primordiales.<\/li>    <li><strong>Unit\u00e9s de fabrication d'aliments<\/strong>: Op\u00e9rateurs et techniciens dans les installations impliqu\u00e9es dans la production de produits alimentaires emball\u00e9s et transform\u00e9s.<\/li> <\/ol>    <h2 class=\"wp-block-heading\">Param\u00e8tres de la machine de nettoyage et d'\u00e9pluchage<\/h2>    <figure class=\"wp-block-table\"><table><tbody><tr><td>Mod\u00e8le<\/td><td>Taille (mm)<\/td><td>Poids (kg)<\/td><td>Puissance (kw)<\/td><td>Capacit\u00e9 (kg\/h)<\/td><\/tr><tr><td>TZCY800<\/td><td>1580*850*800<\/td><td>180<\/td><td>1.1<\/td><td>800<\/td><\/tr><tr><td>TZCY1000<\/td><td>1780*850*800<\/td><td>220<\/td><td>1.5<\/td><td>1000<\/td><\/tr><tr><td>TZCY1200<\/td><td>1980*850*800<\/td><td>240<\/td><td>1.5<\/td><td>1200<\/td><\/tr><tr><td>TZCY1500<\/td><td>2280*850*800<\/td><td>260<\/td><td>2.2<\/td><td>1500<\/td><\/tr><tr><td>TZCY1800<\/td><td>2580*850*800<\/td><td>280<\/td><td>2.2<\/td><td>1800<\/td><\/tr><tr><td>TZCY2000<\/td><td>2780*850*800<\/td><td>320<\/td><td>3<\/td><td>2000<\/td><\/tr><tr><td>TZCY2600<\/td><td>3400*850*800<\/td><td>600<\/td><td>4<\/td><td>3000<\/td><\/tr><\/tbody><\/table><\/figure>    <p>Nous comprenons que les besoins de chaque client sont uniques. Pour cette raison, nous offrons un service personnalis\u00e9 sp\u00e9cial pour la conception des brosses dans nos machines, qui peuvent \u00eatre fabriqu\u00e9es dans diff\u00e9rentes tailles en fonction des besoins r\u00e9els de nos clients. Ce service unique garantit que nos produits peuvent \u00eatre adapt\u00e9s \u00e0 une grande vari\u00e9t\u00e9 d'applications et de besoins de nettoyage.<\/p>    <figure class=\"wp-block-gallery has-nested-images columns-default is-cropped wp-block-gallery-3 is-layout-flex wp-block-gallery-is-layout-flex\"> <figure class=\"wp-block-image size-large\"><img loading=\"lazy\" decoding=\"async\" width=\"720\" height=\"480\" data-id=\"656\" src=\"https:\/\/topfoodmachine.com\/wp-content\/uploads\/2023\/10\/brushes-1.webp\" alt=\"pinceaux\" class=\"wp-image-656\" srcset=\"https:\/\/topfoodmachine.com\/wp-content\/uploads\/2023\/10\/brushes-1.webp 720w, https:\/\/topfoodmachine.com\/wp-content\/uploads\/2023\/10\/brushes-1-300x200.webp 300w\" sizes=\"auto, (max-width: 720px) 100vw, 720px\" \/><figcaption class=\"wp-element-caption\">pinceaux<\/figcaption><\/figure>    <figure class=\"wp-block-image size-large\"><img loading=\"lazy\" decoding=\"async\" width=\"720\" height=\"540\" data-id=\"657\" src=\"https:\/\/topfoodmachine.com\/wp-content\/uploads\/2023\/10\/details-of-brush-1.webp\" alt=\"d\u00e9tails du pinceau\" class=\"wp-image-657\" srcset=\"https:\/\/topfoodmachine.com\/wp-content\/uploads\/2023\/10\/details-of-brush-1.webp 720w, https:\/\/topfoodmachine.com\/wp-content\/uploads\/2023\/10\/details-of-brush-1-300x225.webp 300w\" sizes=\"auto, (max-width: 720px) 100vw, 720px\" \/><figcaption class=\"wp-element-caption\">d\u00e9tails du pinceau<\/figcaption><\/figure> <\/figure>    <p>De plus, nous personnalisons \u00e9galement nos \u00e9l\u00e9vateurs correspondants pour s'adapter aux diff\u00e9rentes applications de nos clients pour la manipulation continue de grandes quantit\u00e9s d'ingr\u00e9dients. Cette gamme compl\u00e8te de services est con\u00e7ue pour r\u00e9pondre aux besoins de nos clients et les aider \u00e0 atteindre un processus de production fluide et efficace. Qu'il s'agisse de grandes usines de transformation agricole ou d'entreprises de traiteur, nous pouvons leur fournir des produits et services satisfaisants.<\/p>    <figure class=\"wp-block-gallery has-nested-images columns-default is-cropped wp-block-gallery-4 is-layout-flex wp-block-gallery-is-layout-flex\"> <figure class=\"wp-block-image size-large\"><img loading=\"lazy\" decoding=\"async\" width=\"720\" height=\"540\" data-id=\"659\" src=\"https:\/\/topfoodmachine.com\/wp-content\/uploads\/2023\/10\/vegetable-cleaner-and-peeler-machine-1.webp\" alt=\"machine \u00e0 nettoyer et \u00e9plucher les l\u00e9gumes\" class=\"wp-image-659\" srcset=\"https:\/\/topfoodmachine.com\/wp-content\/uploads\/2023\/10\/vegetable-cleaner-and-peeler-machine-1.webp 720w, https:\/\/topfoodmachine.com\/wp-content\/uploads\/2023\/10\/vegetable-cleaner-and-peeler-machine-1-300x225.webp 300w\" sizes=\"auto, (max-width: 720px) 100vw, 720px\" \/><figcaption class=\"wp-element-caption\">machine \u00e0 nettoyer et \u00e9plucher les l\u00e9gumes<\/figcaption><\/figure>    <figure class=\"wp-block-image size-large\"><img loading=\"lazy\" decoding=\"async\" width=\"720\" height=\"540\" data-id=\"658\" src=\"https:\/\/topfoodmachine.com\/wp-content\/uploads\/2023\/10\/vegetable-and-fruit-cleaning-machine-1.webp\" alt=\"machine de nettoyage de l\u00e9gumes et de fruits\" class=\"wp-image-658\" srcset=\"https:\/\/topfoodmachine.com\/wp-content\/uploads\/2023\/10\/vegetable-and-fruit-cleaning-machine-1.webp 720w, https:\/\/topfoodmachine.com\/wp-content\/uploads\/2023\/10\/vegetable-and-fruit-cleaning-machine-1-300x225.webp 300w\" sizes=\"auto, (max-width: 720px) 100vw, 720px\" \/><figcaption class=\"wp-element-caption\">machine de nettoyage de l\u00e9gumes et de fruits<\/figcaption><\/figure> <\/figure>","protected":false},"excerpt":{"rendered":"<p>La machine commerciale \u00e0 laver et \u00e0 \u00e9plucher les l\u00e9gumes et les fruits constitue le summum de l\u2019innovation en mati\u00e8re de technologie de cuisine.<\/p>","protected":false},"author":1,"featured_media":649,"parent":0,"template":"","tags":[],"product-type":[3],"class_list":["post-648","product","type-product","status-publish","has-post-thumbnail","hentry","product-type-fruit-vegetable-processing-machine"],"_links":{"self":[{"href":"https:\/\/topfoodmachine.com\/fr\/wp-json\/wp\/v2\/product\/648","targetHints":{"allow":["GET"]}}],"collection":[{"href":"https:\/\/topfoodmachine.com\/fr\/wp-json\/wp\/v2\/product"}],"about":[{"href":"https:\/\/topfoodmachine.com\/fr\/wp-json\/wp\/v2\/types\/product"}],"author":[{"embeddable":true,"href":"https:\/\/topfoodmachine.com\/fr\/wp-json\/wp\/v2\/users\/1"}],"wp:featuredmedia":[{"embeddable":true,"href":"https:\/\/topfoodmachine.com\/fr\/wp-json\/wp\/v2\/media\/649"}],"wp:attachment":[{"href":"https:\/\/topfoodmachine.com\/fr\/wp-json\/wp\/v2\/media?parent=648"}],"wp:term":[{"taxonomy":"post_tag","embeddable":true,"href":"https:\/\/topfoodmachine.com\/fr\/wp-json\/wp\/v2\/tags?post=648"},{"taxonomy":"product-type","embeddable":true,"href":"https:\/\/topfoodmachine.com\/fr\/wp-json\/wp\/v2\/product-type?post=648"}],"curies":[{"name":"wp","href":"https:\/\/api.w.org\/{rel}","templated":true}]}}