{"id":626,"date":"2023-09-28T16:11:15","date_gmt":"2023-09-28T08:11:15","guid":{"rendered":"https:\/\/topfoodmachine.com\/?post_type=product&#038;p=626"},"modified":"2024-07-26T16:29:52","modified_gmt":"2024-07-26T08:29:52","slug":"onion-peeling-machine","status":"publish","type":"product","link":"https:\/\/topfoodmachine.com\/fr\/product\/onion-peeling-machine\/","title":{"rendered":"Machine \u00e0 \u00e9plucher les oignons"},"content":{"rendered":"<div class=\"kk-star-ratings kksr-auto kksr-align-left kksr-valign-top\"     data-payload='{&quot;align&quot;:&quot;left&quot;,&quot;id&quot;:&quot;626&quot;,&quot;slug&quot;:&quot;default&quot;,&quot;valign&quot;:&quot;top&quot;,&quot;ignore&quot;:&quot;&quot;,&quot;reference&quot;:&quot;auto&quot;,&quot;class&quot;:&quot;&quot;,&quot;count&quot;:&quot;30&quot;,&quot;legendonly&quot;:&quot;&quot;,&quot;readonly&quot;:&quot;&quot;,&quot;score&quot;:&quot;4.5&quot;,&quot;starsonly&quot;:&quot;&quot;,&quot;best&quot;:&quot;5&quot;,&quot;gap&quot;:&quot;5&quot;,&quot;greet&quot;:&quot;Rate this product&quot;,&quot;legend&quot;:&quot;4.5\\\/5 - (30 votes)&quot;,&quot;size&quot;:&quot;24&quot;,&quot;title&quot;:&quot;Onion peeling machine&quot;,&quot;width&quot;:&quot;128&quot;,&quot;_legend&quot;:&quot;{score}\\\/{best} - ({count} {votes})&quot;,&quot;font_factor&quot;:&quot;1.25&quot;}'>              <div class=\"kksr-stars\">      <div class=\"kksr-stars-inactive\">             <div class=\"kksr-star\" data-star=\"1\" style=\"padding-right: 5px\">               <div class=\"kksr-icon\" style=\"width: 24px; height: 24px;\"><\/div>         <\/div>             <div class=\"kksr-star\" data-star=\"2\" style=\"padding-right: 5px\">               <div class=\"kksr-icon\" style=\"width: 24px; height: 24px;\"><\/div>         <\/div>             <div class=\"kksr-star\" data-star=\"3\" style=\"padding-right: 5px\">               <div class=\"kksr-icon\" style=\"width: 24px; height: 24px;\"><\/div>         <\/div>             <div class=\"kksr-star\" data-star=\"4\" style=\"padding-right: 5px\">               <div class=\"kksr-icon\" style=\"width: 24px; height: 24px;\"><\/div>         <\/div>             <div class=\"kksr-star\" data-star=\"5\" style=\"padding-right: 5px\">               <div class=\"kksr-icon\" style=\"width: 24px; height: 24px;\"><\/div>         <\/div>     <\/div>      <div class=\"kksr-stars-active\" style=\"width: 128px;\">             <div class=\"kksr-star\" style=\"padding-right: 5px\">               <div class=\"kksr-icon\" style=\"width: 24px; height: 24px;\"><\/div>         <\/div>             <div class=\"kksr-star\" style=\"padding-right: 5px\">               <div class=\"kksr-icon\" style=\"width: 24px; height: 24px;\"><\/div>         <\/div>             <div class=\"kksr-star\" style=\"padding-right: 5px\">               <div class=\"kksr-icon\" style=\"width: 24px; height: 24px;\"><\/div>         <\/div>             <div class=\"kksr-star\" style=\"padding-right: 5px\">               <div class=\"kksr-icon\" style=\"width: 24px; height: 24px;\"><\/div>         <\/div>             <div class=\"kksr-star\" style=\"padding-right: 5px\">               <div class=\"kksr-icon\" style=\"width: 24px; height: 24px;\"><\/div>         <\/div>     <\/div> <\/div>                   <div class=\"kksr-legend\" style=\"font-size: 19.2px;\">             4,5\/5 - (30 votes)    <\/div>     <\/div>  <p>La machine \u00e0 peler les oignons utilise une technologie avanc\u00e9e de flux d'air rotatif haute pression pour \u00e9liminer rapidement les couches ext\u00e9rieures s\u00e8ches des oignons, atteignant un taux de pelage de 95 % ou plus. Avec une capacit\u00e9 de production de 200 kg\/h, elle est con\u00e7ue pour l'efficacit\u00e9 et la facilit\u00e9 d'utilisation. Chargez les oignons sur le tapis roulant, et la machine s'occupe du reste automatiquement.<\/p>    <p>Cette machine est id\u00e9ale pour les entreprises de restauration \u00e0 grande \u00e9chelle, les usines de transformation alimentaire et les usines de produits alimentaires congel\u00e9s, offrant une solution \u00e0 la fois \u00e9conomique en temps et en main-d'\u0153uvre. Elle est \u00e9galement bien adapt\u00e9e aux supermarch\u00e9s et aux march\u00e9s de gros pour r\u00e9pondre \u00e0 une forte demande, ainsi qu'aux coop\u00e9ratives agricoles ayant besoin de traiter de grands volumes d'oignons de mani\u00e8re efficace.<\/p>    <figure class=\"wp-block-embed is-type-video is-provider-youtube wp-block-embed-youtube wp-embed-aspect-16-9 wp-has-aspect-ratio\"><div class=\"wp-block-embed__wrapper\"> <iframe loading=\"lazy\" title=\"Dites adieu aux larmes ! \u00c9pluchez les oignons sans effort avec notre machine qui change la donne\u00a0! #onion #onionpeler\" width=\"500\" height=\"281\" src=\"https:\/\/www.youtube.com\/embed\/yZGVUR8E8Zc?start=2&#038;feature=oembed\" frameborder=\"0\" allow=\"accelerometer; autoplay; clipboard-write; encrypted-media; gyroscope; picture-in-picture; web-share\" referrerpolicy=\"strict-origin-when-cross-origin\" allowfullscreen><\/iframe> <\/div><figcaption class=\"wp-element-caption\">vid\u00e9o de fonctionnement de la machine \u00e0 peler les oignons<\/figcaption><\/figure>    <h2 class=\"wp-block-heading\">Avantages de la machine \u00e0 \u00e9plucher les oignons automatique<\/h2>    <ul class=\"wp-block-list\"> <li><strong>Pr\u00e9serve l'int\u00e9grit\u00e9 de l'oignon.<\/strong> La technologie de flux d'air rotatif \u00e0 haute pression contr\u00f4le pr\u00e9cis\u00e9ment la pression et la vitesse de l'air. Elle garantit que la structure interne de l'oignon reste intacte pendant le processus d'\u00e9pluchage.<\/li>    <li><strong>Efficace et rapide.<\/strong> Utilise un flux d'air \u00e0 haute pression pour enlever rapidement et efficacement les peaux d'oignon, am\u00e9liorant consid\u00e9rablement la vitesse de traitement et l'efficacit\u00e9 du travail.<\/li>    <li><strong>Construction en acier inoxydable durable.<\/strong> Fabriqu\u00e9e en acier inoxydable, la machine r\u00e9siste \u00e0 la corrosion caus\u00e9e par les huiles d'oignon, garantissant une durabilit\u00e9 et des performances \u00e0 long terme.<\/li>    <li><strong>Haute automatisation et facilit\u00e9 d'utilisation.<\/strong> La machine pr\u00e9sente une haute automatisation avec alimentation automatique des oignons et \u00e9limination des peaux, minimisant le besoin d'intervention manuelle et \u00e9conomisant de la main-d'\u0153uvre. Elle est \u00e9galement facile \u00e0 utiliser et \u00e0 entretenir gr\u00e2ce \u00e0 une interface simple et conviviale.<\/li>    <li><strong>Polyvalente et hygi\u00e9nique.<\/strong> Convient aux oignons de diff\u00e9rentes tailles et types, la machine r\u00e9pond \u00e0 divers besoins de transformation. Son design ferm\u00e9 facilite le nettoyage et respecte les normes de s\u00e9curit\u00e9 alimentaire et d'hygi\u00e8ne.<\/li> <\/ul>    <figure class=\"wp-block-gallery has-nested-images columns-default is-cropped wp-block-gallery-2 is-layout-flex wp-block-gallery-is-layout-flex\"> <figure class=\"wp-block-image size-full\"><img loading=\"lazy\" decoding=\"async\" width=\"720\" height=\"540\" data-id=\"720\" src=\"https:\/\/topfoodmachine.com\/wp-content\/uploads\/2023\/09\/large-capacity-onion-peeler.webp\" alt=\"machine \u00e0 peler les oignons \u00e0 grande capacit\u00e9\" class=\"wp-image-720\" srcset=\"https:\/\/topfoodmachine.com\/wp-content\/uploads\/2023\/09\/large-capacity-onion-peeler.webp 720w, https:\/\/topfoodmachine.com\/wp-content\/uploads\/2023\/09\/large-capacity-onion-peeler-300x225.webp 300w\" sizes=\"auto, (max-width: 720px) 100vw, 720px\" \/><figcaption class=\"wp-element-caption\">machine \u00e0 peler les oignons \u00e0 grande capacit\u00e9<\/figcaption><\/figure>    <figure class=\"wp-block-image size-full\"><img loading=\"lazy\" decoding=\"async\" width=\"720\" height=\"540\" data-id=\"1489\" src=\"https:\/\/topfoodmachine.com\/wp-content\/uploads\/2023\/09\/commercial-onion-peeling-machine.webp\" alt=\"machine \u00e0 peler les oignons commerciale\" class=\"wp-image-1489\" srcset=\"https:\/\/topfoodmachine.com\/wp-content\/uploads\/2023\/09\/commercial-onion-peeling-machine.webp 720w, https:\/\/topfoodmachine.com\/wp-content\/uploads\/2023\/09\/commercial-onion-peeling-machine-300x225.webp 300w, https:\/\/topfoodmachine.com\/wp-content\/uploads\/2023\/09\/commercial-onion-peeling-machine-16x12.webp 16w\" sizes=\"auto, (max-width: 720px) 100vw, 720px\" \/><figcaption class=\"wp-element-caption\">machine \u00e0 peler les oignons commerciale<\/figcaption><\/figure> <\/figure>    <h2 class=\"wp-block-heading\">Principe de fonctionnement de l'\u00e9plucheur d'oignons<\/h2>    <p>La machine \u00e0 peler les oignons fonctionne en utilisant un tapis roulant \u00e0 cha\u00eene pour transporter pr\u00e9cis\u00e9ment les oignons vers la zone de pelage. Au-dessus de cette zone, une pompe \u00e0 air haute pression g\u00e9n\u00e8re un flux d'air rotatif haute pression. <\/p>    <p>Ce flux d'air souffle rapidement et avec pr\u00e9cision les peaux s\u00e8ches des oignons tout en maintenant l'int\u00e9grit\u00e9 de la structure interne. Les peaux enlev\u00e9es tombent \u00e0 travers les interstices du tapis roulant, garantissant un processus de pelage efficace, pr\u00e9cis et sans dommage.<\/p>    <p>Les oignons pel\u00e9s sont ensuite transport\u00e9s de l'autre c\u00f4t\u00e9 du tapis roulant, pr\u00eats pour la prochaine \u00e9tape de traitement. La machine est adapt\u00e9e pour peler non seulement des oignons mais aussi d'autres l\u00e9gumes similaires, ce qui la rend tr\u00e8s polyvalente. <\/p>    <p>Le flux d'air haute pression p\u00e8le continuellement les oignons au fur et \u00e0 mesure de leur d\u00e9placement, sans endommager les parties comestibles, pr\u00e9servant ainsi la qualit\u00e9 globale des oignons.<\/p>    <figure class=\"wp-block-gallery has-nested-images columns-default is-cropped wp-block-gallery-3 is-layout-flex wp-block-gallery-is-layout-flex\"> <figure class=\"wp-block-image size-large\"><img loading=\"lazy\" decoding=\"async\" width=\"720\" height=\"540\" data-id=\"636\" src=\"https:\/\/topfoodmachine.com\/wp-content\/uploads\/2023\/09\/raw-materials.webp\" alt=\"mati\u00e8res premi\u00e8res\" class=\"wp-image-636\" srcset=\"https:\/\/topfoodmachine.com\/wp-content\/uploads\/2023\/09\/raw-materials.webp 720w, https:\/\/topfoodmachine.com\/wp-content\/uploads\/2023\/09\/raw-materials-300x225.webp 300w\" sizes=\"auto, (max-width: 720px) 100vw, 720px\" \/><figcaption class=\"wp-element-caption\">mati\u00e8res premi\u00e8res<\/figcaption><\/figure>    <figure class=\"wp-block-image size-large\"><img loading=\"lazy\" decoding=\"async\" width=\"720\" height=\"540\" data-id=\"635\" src=\"https:\/\/topfoodmachine.com\/wp-content\/uploads\/2023\/09\/processed-onions.webp\" alt=\"oignons trait\u00e9s\" class=\"wp-image-635\" srcset=\"https:\/\/topfoodmachine.com\/wp-content\/uploads\/2023\/09\/processed-onions.webp 720w, https:\/\/topfoodmachine.com\/wp-content\/uploads\/2023\/09\/processed-onions-300x225.webp 300w\" sizes=\"auto, (max-width: 720px) 100vw, 720px\" \/><figcaption class=\"wp-element-caption\">oignons trait\u00e9s<\/figcaption><\/figure> <\/figure>    <h2 class=\"wp-block-heading\">Comment utiliser la machine \u00e0 \u00e9plucher les oignons \u00e9lectrique ?<\/h2>   <div id=\"rank-math-howto\" class=\"rank-math-block\" > <div class=\"rank-math-howto-description\">  <\/div>  <div class=\"rank-math-steps\"> <div id=\"howto-step-1721963684795\" class=\"rank-math-step\"> <h3 class=\"rank-math-step-title\">Charger les oignons<\/h3> <div class=\"rank-math-step-content\"><p>Placez les oignons dans le port d'alimentation de la machine.<\/p> <\/div> <\/div> <div id=\"howto-step-1721963702438\" class=\"rank-math-step\"> <h3 class=\"rank-math-step-title\">Ajuster la pression de l'air<\/h3> <div class=\"rank-math-step-content\"><p>R\u00e9glez la pression de la pompe \u00e0 air en fonction de la taille et de l'\u00e9paisseur des oignons.<\/p> <\/div> <\/div> <div id=\"howto-step-1721963714422\" class=\"rank-math-step\"> <h3 class=\"rank-math-step-title\">D\u00e9marrez la machine<\/h3> <div class=\"rank-math-step-content\"><p>Allumez la machine et surveillez le processus de pelage. Apportez des ajustements si n\u00e9cessaire pour garantir des performances optimales.<\/p> <\/div> <\/div> <\/div> <\/div>       <figure class=\"wp-block-image size-full\"><img loading=\"lazy\" decoding=\"async\" width=\"720\" height=\"540\" src=\"https:\/\/topfoodmachine.com\/wp-content\/uploads\/2023\/09\/peeled-onions.webp\" alt=\"oignons pel\u00e9s\" class=\"wp-image-1486\" srcset=\"https:\/\/topfoodmachine.com\/wp-content\/uploads\/2023\/09\/peeled-onions.webp 720w, https:\/\/topfoodmachine.com\/wp-content\/uploads\/2023\/09\/peeled-onions-300x225.webp 300w, https:\/\/topfoodmachine.com\/wp-content\/uploads\/2023\/09\/peeled-onions-16x12.webp 16w\" sizes=\"auto, (max-width: 720px) 100vw, 720px\" \/><figcaption class=\"wp-element-caption\">oignons pel\u00e9s<\/figcaption><\/figure>    <h2 class=\"wp-block-heading\">Application de la machine \u00e0 \u00e9plucher les oignons<\/h2>    <p>Cette machine \u00e0 peler les oignons est id\u00e9ale pour les usines de transformation alimentaire, les restaurants et toute cuisine \u00e0 fort volume n\u00e9cessitant un traitement intensif des oignons. Elle augmente consid\u00e9rablement l'efficacit\u00e9 en automatisant le processus de pelage, ce qui r\u00e9duit le travail manuel et diminue les co\u00fbts de main-d'\u0153uvre tout en garantissant une qualit\u00e9 de pelage constante.<\/p>    <p>Dans les usines de transformation alimentaire, cette machine s'int\u00e8gre parfaitement dans les lignes de production, am\u00e9liorant la productivit\u00e9 globale. Pour les restaurants, elle acc\u00e9l\u00e8re la pr\u00e9paration des repas, permettant aux chefs de se concentrer sur la cuisson plut\u00f4t que sur le pelage des oignons. <\/p>    <p>Le design intuitif et la construction robuste de la machine la rendent facile \u00e0 entretenir et un investissement judicieux pour toute entreprise ayant besoin d'une manipulation efficace des oignons. Dans l'ensemble, elle rationalise les op\u00e9rations de cuisine, offrant \u00e0 la fois une efficacit\u00e9 accrue et une commodit\u00e9.<\/p>    <figure class=\"wp-block-gallery has-nested-images columns-default is-cropped wp-block-gallery-4 is-layout-flex wp-block-gallery-is-layout-flex\"> <figure class=\"wp-block-image size-full\"><img loading=\"lazy\" decoding=\"async\" width=\"720\" height=\"540\" data-id=\"634\" src=\"https:\/\/topfoodmachine.com\/wp-content\/uploads\/2023\/09\/automatic-onion-peeler.webp\" alt=\"\u00e9plucheur d&#039;oignons automatique\" class=\"wp-image-634\" srcset=\"https:\/\/topfoodmachine.com\/wp-content\/uploads\/2023\/09\/automatic-onion-peeler.webp 720w, https:\/\/topfoodmachine.com\/wp-content\/uploads\/2023\/09\/automatic-onion-peeler-300x225.webp 300w\" sizes=\"auto, (max-width: 720px) 100vw, 720px\" \/><figcaption class=\"wp-element-caption\">\u00e9plucheur d'oignons automatique<\/figcaption><\/figure>    <figure class=\"wp-block-image size-full\"><img loading=\"lazy\" decoding=\"async\" width=\"720\" height=\"540\" data-id=\"1488\" src=\"https:\/\/topfoodmachine.com\/wp-content\/uploads\/2023\/09\/commercial-onion-peeler-machine.webp\" alt=\"machine \u00e0 peler les oignons commerciale\" class=\"wp-image-1488\" srcset=\"https:\/\/topfoodmachine.com\/wp-content\/uploads\/2023\/09\/commercial-onion-peeler-machine.webp 720w, https:\/\/topfoodmachine.com\/wp-content\/uploads\/2023\/09\/commercial-onion-peeler-machine-300x225.webp 300w, https:\/\/topfoodmachine.com\/wp-content\/uploads\/2023\/09\/commercial-onion-peeler-machine-16x12.webp 16w\" sizes=\"auto, (max-width: 720px) 100vw, 720px\" \/><figcaption class=\"wp-element-caption\">machine \u00e0 peler les oignons commerciale<\/figcaption><\/figure> <\/figure>    <h2 class=\"wp-block-heading\">Diff\u00e9rents mod\u00e8les de machine \u00e0 \u00e9plucher les oignons<\/h2>    <figure class=\"wp-block-table\"><table><tbody><tr><td>Mod\u00e8le<\/td><td>Tension<\/td><td>Capacit\u00e9<\/td><td>Poids<\/td><td>Taille<\/td><td>Pouvoir<\/td><\/tr><tr><td>TZ-OP-1<\/td><td>110-220-380V<\/td><td>200kg\/h<\/td><td>150 kg<\/td><td>130*55*140cm<\/td><td>1,1 kW<\/td><\/tr><tr><td>TZ-OP-2<\/td><td>110-220-380V<\/td><td>400kg\/heure<\/td><td>250 kg<\/td><td>162*55*140cm<\/td><td>1,2 kW<\/td><\/tr><tr><td>TZ-OP-3<\/td><td>110-220-380V<\/td><td>600kg\/h<\/td><td>350 kg<\/td><td>182*60*140cm<\/td><td>1,5 kW<\/td><\/tr><tr><td>TZ-OP-4<\/td><td>110-220-380V<\/td><td>1000kg\/heure<\/td><td>500 kg<\/td><td>280*98*170cm<\/td><td>3kw<\/td><\/tr><\/tbody><\/table><figcaption class=\"wp-element-caption\">param\u00e8tres de la machine \u00e0 peler les oignons<\/figcaption><\/figure>    <figure class=\"wp-block-image size-full\"><img loading=\"lazy\" decoding=\"async\" width=\"720\" height=\"540\" src=\"https:\/\/topfoodmachine.com\/wp-content\/uploads\/2023\/09\/automatic-onion-peeling-machine.webp\" alt=\"machine \u00e0 peler les oignons automatique\" class=\"wp-image-1487\" srcset=\"https:\/\/topfoodmachine.com\/wp-content\/uploads\/2023\/09\/automatic-onion-peeling-machine.webp 720w, https:\/\/topfoodmachine.com\/wp-content\/uploads\/2023\/09\/automatic-onion-peeling-machine-300x225.webp 300w, https:\/\/topfoodmachine.com\/wp-content\/uploads\/2023\/09\/automatic-onion-peeling-machine-16x12.webp 16w\" sizes=\"auto, (max-width: 720px) 100vw, 720px\" \/><figcaption class=\"wp-element-caption\">machine \u00e0 peler les oignons automatique<\/figcaption><\/figure>    <h2 class=\"wp-block-heading\">Pourquoi choisir la machine de Taizy ?<\/h2>    <p>Taizy propose des machines \u00e0 peler les oignons de qualit\u00e9 sup\u00e9rieure, reconnues pour leur robustesse et leur efficacit\u00e9. Nos machines sont construites \u00e0 partir de mat\u00e9riaux de premi\u00e8re qualit\u00e9 et soumises \u00e0 des contr\u00f4les de qualit\u00e9 stricts pour garantir des performances fiables.<\/p>    <p>Nous sommes fiers d'offrir un support apr\u00e8s-vente exceptionnel, qui comprend une formation d\u00e9taill\u00e9e et une assistance technique rapide. Nos services de garantie et de maintenance complets prot\u00e8gent davantage votre investissement.<\/p>    <p>Choisir Taizy, c'est investir dans une machine qui allie durabilit\u00e9 et excellent service, garantissant une solution intelligente et efficace pour vos besoins de traitement des oignons.<\/p>    <figure class=\"wp-block-gallery has-nested-images columns-default is-cropped wp-block-gallery-5 is-layout-flex wp-block-gallery-is-layout-flex\"> <figure class=\"wp-block-image size-large\"><img loading=\"lazy\" decoding=\"async\" width=\"720\" height=\"540\" data-id=\"637\" src=\"https:\/\/topfoodmachine.com\/wp-content\/uploads\/2023\/09\/onion-peeler.webp\" alt=\"\u00e9plucheur d&#039;oignon\" class=\"wp-image-637\" srcset=\"https:\/\/topfoodmachine.com\/wp-content\/uploads\/2023\/09\/onion-peeler.webp 720w, https:\/\/topfoodmachine.com\/wp-content\/uploads\/2023\/09\/onion-peeler-300x225.webp 300w\" sizes=\"auto, (max-width: 720px) 100vw, 720px\" \/><figcaption class=\"wp-element-caption\">\u00e9plucheur d'oignon<\/figcaption><\/figure>    <figure class=\"wp-block-image size-large\"><img loading=\"lazy\" decoding=\"async\" width=\"720\" height=\"540\" data-id=\"638\" src=\"https:\/\/topfoodmachine.com\/wp-content\/uploads\/2023\/09\/onion-peeling-machine.webp\" alt=\"machine \u00e0 \u00e9plucher les oignons\" class=\"wp-image-638\" srcset=\"https:\/\/topfoodmachine.com\/wp-content\/uploads\/2023\/09\/onion-peeling-machine.webp 720w, https:\/\/topfoodmachine.com\/wp-content\/uploads\/2023\/09\/onion-peeling-machine-300x225.webp 300w\" sizes=\"auto, (max-width: 720px) 100vw, 720px\" \/><figcaption class=\"wp-element-caption\">machine \u00e0 \u00e9plucher les oignons<\/figcaption><\/figure> <\/figure>    <h2 class=\"wp-block-heading\">Contactez-nous !<\/h2>    <p class=\"translation-block\">En conclusion, notre <a href=\"https:\/\/en.wikipedia.org\/wiki\/Onion\" data-type=\"link\" data-id=\"https:\/\/en.wikipedia.org\/wiki\/Onion\" target=\"_blank\" rel=\"noopener\">machine \u00e0 \u00e9plucher les oignons<\/a> est un outil indispensable pour quiconque recherchant efficacit\u00e9 et coh\u00e9rence dans le traitement des oignons. Sa conception robuste et ses fonctionnalit\u00e9s avanc\u00e9es garantissent des performances fiables et des r\u00e9sultats de haute qualit\u00e9. <\/p>    <p class=\"translation-block\">Pour une solution compl\u00e8te, envisagez de l'associer \u00e0 notre <a href=\"https:\/\/topfoodmachine.com\/fr\/product\/onion-root-cutting-machine\/\" data-type=\"link\" data-id=\"https:\/\/topfoodmachine.com\/product\/onion-root-cutting-machine\/\">Machine \u00e0 couper les racines d'oignon<\/a> et <a href=\"https:\/\/topfoodmachine.com\/fr\/product\/fruit-and-vegetable-grading-machine\/\" data-type=\"link\" data-id=\"https:\/\/topfoodmachine.com\/product\/fruit-and-vegetable-grading-machine\/\">Machine de tri des fruits et l\u00e9gumes<\/a>. Ensemble, ces machines offrent une exp\u00e9rience de traitement fluide et rationalis\u00e9e, am\u00e9liorant votre productivit\u00e9 et garantissant une qualit\u00e9 de premier ordre \u00e0 chaque lot.<\/p>    <figure class=\"wp-block-gallery has-nested-images columns-default is-cropped wp-block-gallery-6 is-layout-flex wp-block-gallery-is-layout-flex\"> <figure class=\"wp-block-image size-large\"><img loading=\"lazy\" decoding=\"async\" width=\"720\" height=\"540\" data-id=\"1380\" src=\"https:\/\/topfoodmachine.com\/wp-content\/uploads\/2024\/05\/Onion-root-cutting-machine.webp\" alt=\"machine \u00e0 couper les racines d&#039;oignon\" class=\"wp-image-1380\" srcset=\"https:\/\/topfoodmachine.com\/wp-content\/uploads\/2024\/05\/Onion-root-cutting-machine.webp 720w, https:\/\/topfoodmachine.com\/wp-content\/uploads\/2024\/05\/Onion-root-cutting-machine-300x225.webp 300w, https:\/\/topfoodmachine.com\/wp-content\/uploads\/2024\/05\/Onion-root-cutting-machine-16x12.webp 16w\" sizes=\"auto, (max-width: 720px) 100vw, 720px\" \/><figcaption class=\"wp-element-caption\">machine \u00e0 couper les racines d'oignon<\/figcaption><\/figure>    <figure class=\"wp-block-image size-large\"><img loading=\"lazy\" decoding=\"async\" width=\"720\" height=\"540\" data-id=\"998\" src=\"https:\/\/topfoodmachine.com\/wp-content\/uploads\/2023\/11\/working-process-of-Roller-Bar-Type-Fruit-and-Vegetable-Grading-Machine.webp\" alt=\"processus de travail de la machine de classement de fruits et l\u00e9gumes de type barre \u00e0 rouleaux\" class=\"wp-image-998\" srcset=\"https:\/\/topfoodmachine.com\/wp-content\/uploads\/2023\/11\/working-process-of-Roller-Bar-Type-Fruit-and-Vegetable-Grading-Machine.webp 720w, https:\/\/topfoodmachine.com\/wp-content\/uploads\/2023\/11\/working-process-of-Roller-Bar-Type-Fruit-and-Vegetable-Grading-Machine-300x225.webp 300w\" sizes=\"auto, (max-width: 720px) 100vw, 720px\" \/><figcaption class=\"wp-element-caption\">processus de travail de la machine de classement de fruits et l\u00e9gumes de type barre \u00e0 rouleaux<\/figcaption><\/figure> <\/figure>","protected":false},"excerpt":{"rendered":"<p>La machine \u00e0 \u00e9plucher les oignons utilise une technologie avanc\u00e9e de flux d'air rotatif haute pression pour enlever rapidement les couches ext\u00e9rieures s\u00e8ches des oignons, atteignant un taux d'\u00e9pluchage de 95 % ou plus. <\/p>","protected":false},"author":1,"featured_media":633,"parent":0,"template":"","tags":[38,62],"product-type":[3],"class_list":["post-626","product","type-product","status-publish","has-post-thumbnail","hentry","tag-onion","tag-peeler","product-type-fruit-vegetable-processing-machine"],"_links":{"self":[{"href":"https:\/\/topfoodmachine.com\/fr\/wp-json\/wp\/v2\/product\/626","targetHints":{"allow":["GET"]}}],"collection":[{"href":"https:\/\/topfoodmachine.com\/fr\/wp-json\/wp\/v2\/product"}],"about":[{"href":"https:\/\/topfoodmachine.com\/fr\/wp-json\/wp\/v2\/types\/product"}],"author":[{"embeddable":true,"href":"https:\/\/topfoodmachine.com\/fr\/wp-json\/wp\/v2\/users\/1"}],"wp:featuredmedia":[{"embeddable":true,"href":"https:\/\/topfoodmachine.com\/fr\/wp-json\/wp\/v2\/media\/633"}],"wp:attachment":[{"href":"https:\/\/topfoodmachine.com\/fr\/wp-json\/wp\/v2\/media?parent=626"}],"wp:term":[{"taxonomy":"post_tag","embeddable":true,"href":"https:\/\/topfoodmachine.com\/fr\/wp-json\/wp\/v2\/tags?post=626"},{"taxonomy":"product-type","embeddable":true,"href":"https:\/\/topfoodmachine.com\/fr\/wp-json\/wp\/v2\/product-type?post=626"}],"curies":[{"name":"wp","href":"https:\/\/api.w.org\/{rel}","templated":true}]}}