{"id":525,"date":"2023-09-21T14:29:43","date_gmt":"2023-09-21T06:29:43","guid":{"rendered":"https:\/\/topfoodmachine.com\/?post_type=product&#038;p=525"},"modified":"2023-10-10T16:03:49","modified_gmt":"2023-10-10T08:03:49","slug":"vegetable-cutting-machine","status":"publish","type":"product","link":"https:\/\/topfoodmachine.com\/fr\/product\/vegetable-cutting-machine\/","title":{"rendered":"Machine de d\u00e9coupe de l\u00e9gumes"},"content":{"rendered":"<div class=\"kk-star-ratings kksr-auto kksr-align-left kksr-valign-top\"     data-payload='{&quot;align&quot;:&quot;left&quot;,&quot;id&quot;:&quot;525&quot;,&quot;slug&quot;:&quot;default&quot;,&quot;valign&quot;:&quot;top&quot;,&quot;ignore&quot;:&quot;&quot;,&quot;reference&quot;:&quot;auto&quot;,&quot;class&quot;:&quot;&quot;,&quot;count&quot;:&quot;20&quot;,&quot;legendonly&quot;:&quot;&quot;,&quot;readonly&quot;:&quot;&quot;,&quot;score&quot;:&quot;4.6&quot;,&quot;starsonly&quot;:&quot;&quot;,&quot;best&quot;:&quot;5&quot;,&quot;gap&quot;:&quot;5&quot;,&quot;greet&quot;:&quot;Rate this product&quot;,&quot;legend&quot;:&quot;4.6\\\/5 - (20 votes)&quot;,&quot;size&quot;:&quot;24&quot;,&quot;title&quot;:&quot;Vegetable Cutting Machine&quot;,&quot;width&quot;:&quot;130.9&quot;,&quot;_legend&quot;:&quot;{score}\\\/{best} - ({count} {votes})&quot;,&quot;font_factor&quot;:&quot;1.25&quot;}'>              <div class=\"kksr-stars\">      <div class=\"kksr-stars-inactive\">             <div class=\"kksr-star\" data-star=\"1\" style=\"padding-right: 5px\">               <div class=\"kksr-icon\" style=\"width: 24px; height: 24px;\"><\/div>         <\/div>             <div class=\"kksr-star\" data-star=\"2\" style=\"padding-right: 5px\">               <div class=\"kksr-icon\" style=\"width: 24px; height: 24px;\"><\/div>         <\/div>             <div class=\"kksr-star\" data-star=\"3\" style=\"padding-right: 5px\">               <div class=\"kksr-icon\" style=\"width: 24px; height: 24px;\"><\/div>         <\/div>             <div class=\"kksr-star\" data-star=\"4\" style=\"padding-right: 5px\">               <div class=\"kksr-icon\" style=\"width: 24px; height: 24px;\"><\/div>         <\/div>             <div class=\"kksr-star\" data-star=\"5\" style=\"padding-right: 5px\">               <div class=\"kksr-icon\" style=\"width: 24px; height: 24px;\"><\/div>         <\/div>     <\/div>      <div class=\"kksr-stars-active\" style=\"width: 130.9px;\">             <div class=\"kksr-star\" style=\"padding-right: 5px\">               <div class=\"kksr-icon\" style=\"width: 24px; height: 24px;\"><\/div>         <\/div>             <div class=\"kksr-star\" style=\"padding-right: 5px\">               <div class=\"kksr-icon\" style=\"width: 24px; height: 24px;\"><\/div>         <\/div>             <div class=\"kksr-star\" style=\"padding-right: 5px\">               <div class=\"kksr-icon\" style=\"width: 24px; height: 24px;\"><\/div>         <\/div>             <div class=\"kksr-star\" style=\"padding-right: 5px\">               <div class=\"kksr-icon\" style=\"width: 24px; height: 24px;\"><\/div>         <\/div>             <div class=\"kksr-star\" style=\"padding-right: 5px\">               <div class=\"kksr-icon\" style=\"width: 24px; height: 24px;\"><\/div>         <\/div>     <\/div> <\/div>                   <div class=\"kksr-legend\" style=\"font-size: 19.2px;\">             4,6\/5 - (20 votes)    <\/div>     <\/div>  <p>Le coupe-l\u00e9gumes est g\u00e9n\u00e9ralement utilis\u00e9 pour couper des l\u00e9gumes, des fruits et d'autres ingr\u00e9dients. Il peut couper les ingr\u00e9dients sous diff\u00e9rentes formes telles que des tranches, des juliennes, des d\u00e9s, des lani\u00e8res, etc., ce qui am\u00e9liore l'efficacit\u00e9 de la cuisson et l'esth\u00e9tique des ingr\u00e9dients. Nous disposons de deux types diff\u00e9rents de machines \u00e0 couper pour diff\u00e9rents types de l\u00e9gumes. En plus des plantes-racines, notre coupe-l\u00e9gumes multifonctionnel peut \u00e9galement traiter les l\u00e9gumes-feuilles\u00a0!<\/p>    <p>Travailler rapidement et efficacement est important dans chaque cuisine. Avec un coupe-l\u00e9gumes professionnel, vous pouvez le faire facilement et en toute s\u00e9curit\u00e9. Vous souhaitez couper vos l\u00e9gumes en tranches, cubes, lani\u00e8res ou lambeaux ? Avec diff\u00e9rents disques \u00e0 tron\u00e7onner, c'est possible. Cette trancheuse a des rendements grands et petits et peut couper presque tous les l\u00e9gumes.<\/p>    <h2 class=\"wp-block-heading\">D\u00e9tails et caract\u00e9ristiques du coupe-l\u00e9gumes \u00e9lectrique<\/h2>    <ol class=\"wp-block-list\"> <li>Ce coupe-l\u00e9gumes dispose d'un double alimentateur pour manipuler des ingr\u00e9dients de diff\u00e9rentes tailles, ce qui le rend plus efficace et plus pratique.<\/li>    <li>Fabriqu\u00e9 en acier inoxydable 304, il est propre et hygi\u00e9nique, facile \u00e0 nettoyer.<\/li>    <li>Il peut g\u00e9rer une grande vari\u00e9t\u00e9 de l\u00e9gumes et toutes les formes souhait\u00e9es.<\/li> <\/ol>    <figure class=\"wp-block-gallery has-nested-images columns-2 is-cropped wp-block-gallery-2 is-layout-flex wp-block-gallery-is-layout-flex\"> <figure class=\"wp-block-image size-large\"><img loading=\"lazy\" decoding=\"async\" width=\"720\" height=\"540\" data-id=\"537\" src=\"https:\/\/topfoodmachine.com\/wp-content\/uploads\/2023\/09\/Different-Styles-of-Vegetables.webp\" alt=\"\" class=\"wp-image-537\" srcset=\"https:\/\/topfoodmachine.com\/wp-content\/uploads\/2023\/09\/Different-Styles-of-Vegetables.webp 720w, https:\/\/topfoodmachine.com\/wp-content\/uploads\/2023\/09\/Different-Styles-of-Vegetables-300x225.webp 300w\" sizes=\"auto, (max-width: 720px) 100vw, 720px\" \/><figcaption class=\"wp-element-caption\">Diff\u00e9rents styles de l\u00e9gumes<\/figcaption><\/figure>    <figure class=\"wp-block-image size-large\"><img loading=\"lazy\" decoding=\"async\" width=\"720\" height=\"540\" data-id=\"538\" src=\"https:\/\/topfoodmachine.com\/wp-content\/uploads\/2023\/09\/Rich-Variety-of-Ingredients.webp\" alt=\"\" class=\"wp-image-538\" srcset=\"https:\/\/topfoodmachine.com\/wp-content\/uploads\/2023\/09\/Rich-Variety-of-Ingredients.webp 720w, https:\/\/topfoodmachine.com\/wp-content\/uploads\/2023\/09\/Rich-Variety-of-Ingredients-300x225.webp 300w\" sizes=\"auto, (max-width: 720px) 100vw, 720px\" \/><figcaption class=\"wp-element-caption\">Richesse de vari\u00e9t\u00e9 d'ingr\u00e9dients<\/figcaption><\/figure>    <figure class=\"wp-block-image size-full\"><img loading=\"lazy\" decoding=\"async\" width=\"720\" height=\"540\" data-id=\"617\" src=\"https:\/\/topfoodmachine.com\/wp-content\/uploads\/2023\/09\/Vegetable-Slicer-for-Sale-4.webp\" alt=\"Coupe-l\u00e9gumes \u00e0 vendre\" class=\"wp-image-617\" srcset=\"https:\/\/topfoodmachine.com\/wp-content\/uploads\/2023\/09\/Vegetable-Slicer-for-Sale-4.webp 720w, https:\/\/topfoodmachine.com\/wp-content\/uploads\/2023\/09\/Vegetable-Slicer-for-Sale-4-300x225.webp 300w\" sizes=\"auto, (max-width: 720px) 100vw, 720px\" \/><figcaption class=\"wp-element-caption\">Coupe-l\u00e9gumes \u00e0 vendre<\/figcaption><\/figure>    <figure class=\"wp-block-image size-full\"><img loading=\"lazy\" decoding=\"async\" width=\"720\" height=\"540\" data-id=\"618\" src=\"https:\/\/topfoodmachine.com\/wp-content\/uploads\/2023\/09\/Commercial-Vegetable-Slicer-4.webp\" alt=\"Trancheuse \u00e0 l\u00e9gumes commerciale\" class=\"wp-image-618\" srcset=\"https:\/\/topfoodmachine.com\/wp-content\/uploads\/2023\/09\/Commercial-Vegetable-Slicer-4.webp 720w, https:\/\/topfoodmachine.com\/wp-content\/uploads\/2023\/09\/Commercial-Vegetable-Slicer-4-300x225.webp 300w\" sizes=\"auto, (max-width: 720px) 100vw, 720px\" \/><figcaption class=\"wp-element-caption\">Trancheuse \u00e0 l\u00e9gumes commerciale<\/figcaption><\/figure> <\/figure>    <p>Nous avons \u00e9galement introduit un coupe-l\u00e9gumes multifonctionnel, qui ajoute le traitement des l\u00e9gumes \u00e0 feuilles aux fonctions d'origine et am\u00e9liore l'efficacit\u00e9 du traitement des ingr\u00e9dients.<\/p>    <p>Ce coupe-l\u00e9gumes multifonctionnel dispose \u00e9galement d'un nouveau panneau de commande qui vous permet de r\u00e9gler la vitesse de la lame et la vitesse du convoyeur. L'ensemble du panneau est con\u00e7u pour \u00eatre simple et clair, afin que m\u00eame les personnes qui ne ma\u00eetrisent pas la machine puissent l'utiliser rapidement.<\/p>    <figure class=\"wp-block-image size-full\"><img loading=\"lazy\" decoding=\"async\" width=\"720\" height=\"540\" src=\"https:\/\/topfoodmachine.com\/wp-content\/uploads\/2023\/09\/Electric-Vegetable-Slicer-2.webp\" alt=\"Coupe-l\u00e9gumes \u00e9lectrique\" class=\"wp-image-619\" srcset=\"https:\/\/topfoodmachine.com\/wp-content\/uploads\/2023\/09\/Electric-Vegetable-Slicer-2.webp 720w, https:\/\/topfoodmachine.com\/wp-content\/uploads\/2023\/09\/Electric-Vegetable-Slicer-2-300x225.webp 300w\" sizes=\"auto, (max-width: 720px) 100vw, 720px\" \/><figcaption class=\"wp-element-caption\">Coupe-l\u00e9gumes \u00e9lectrique<\/figcaption><\/figure>    <h2 class=\"wp-block-heading\">Composition de la machine \u00e0 couper les l\u00e9gumes<\/h2>    <p>Moteur : fournit la puissance n\u00e9cessaire \u00e0 la rotation de la lame.<br>Lame : utilis\u00e9e pour couper les ingr\u00e9dients.<br>Entr\u00e9e\u00a0: pour placer les ingr\u00e9dients que vous souhaitez traiter<br>M\u00e9canisme de transmission : transmet la puissance du moteur aux lames.<br>Dispositif de s\u00e9curit\u00e9 : pour \u00e9viter les accidents.<\/p>    <h2 class=\"wp-block-heading\">Principe de fonctionnement du coupe-l\u00e9gumes \u00e9lectrique<\/h2>    <ul class=\"wp-block-list\"> <li>Placez les ingr\u00e9dients dans le bac du coupe-l\u00e9gumes.<\/li>    <li>D\u00e9marrez le moteur et la lame commence \u00e0 tourner.<\/li>    <li>Les aliments p\u00e9n\u00e8trent dans la zone de la lame par l'auge et sont coup\u00e9s en tranches ou en lambeaux par la lame.<\/li> <\/ul>    <figure class=\"wp-block-embed is-type-video is-provider-youtube wp-block-embed-youtube wp-embed-aspect-16-9 wp-has-aspect-ratio\"><div class=\"wp-block-embed__wrapper\"> <iframe loading=\"lazy\" title=\"Machine de d\u00e9coupe de l\u00e9gumes commerciale\u00a0: coupes de haute qualit\u00e9 avec un minimum de d\u00e9chets #cuttingmachine\" width=\"500\" height=\"281\" src=\"https:\/\/www.youtube.com\/embed\/p-8tMS4vXDg?feature=oembed\" frameborder=\"0\" allow=\"accelerometer; autoplay; clipboard-write; encrypted-media; gyroscope; picture-in-picture; web-share\" referrerpolicy=\"strict-origin-when-cross-origin\" allowfullscreen><\/iframe> <\/div><\/figure>    <h2 class=\"wp-block-heading\">Avantages de la machine coupe-l\u00e9gumes<\/h2>    <p>Am\u00e9liorez l'efficacit\u00e9 de la coupe des l\u00e9gumes : le coupe-l\u00e9gumes peut couper les ingr\u00e9dients rapidement et uniform\u00e9ment, \u00e9conomisant ainsi les co\u00fbts de main-d'\u0153uvre.<\/p>    <p>Am\u00e9liorez la pr\u00e9cision de la coupe des l\u00e9gumes : le coupe-l\u00e9gumes peut d\u00e9couper une forme uniforme et coh\u00e9rente des ingr\u00e9dients et am\u00e9liorer la qualit\u00e9 des plats.<\/p>    <p>R\u00e9duisez la difficult\u00e9 de couper les l\u00e9gumes : le coupe-l\u00e9gumes est facile \u00e0 utiliser, pas besoin de comp\u00e9tences culinaires professionnelles, vous pouvez facilement couper une vari\u00e9t\u00e9 d'ingr\u00e9dients.<\/p>    <h2 class=\"wp-block-heading\">Accessoires coupe-l\u00e9gumes<\/h2>    <p>La polyvalence d\u2019un coupe-l\u00e9gumes est l\u2019un de ses points forts. Pour d\u00e9couper diff\u00e9rentes formes, vous avez besoin de diff\u00e9rents accessoires. Il existe des disques de coupe pour couper en cubes, d\u00e9chiqueter, trancher et couper en vagues. Vous pouvez ainsi commander les bons accessoires avec la machine. Si vous achetez un ensemble complet d'accessoires, nous b\u00e9n\u00e9ficierons d'une r\u00e9duction pour vous\u00a0!<\/p>    <figure class=\"wp-block-gallery has-nested-images columns-2 is-cropped wp-block-gallery-3 is-layout-flex wp-block-gallery-is-layout-flex\"> <figure class=\"wp-block-image size-full\"><img loading=\"lazy\" decoding=\"async\" width=\"720\" height=\"540\" data-id=\"620\" src=\"https:\/\/topfoodmachine.com\/wp-content\/uploads\/2023\/09\/Standard-Slicer-1.webp\" alt=\"Trancheuse standard\" class=\"wp-image-620\" srcset=\"https:\/\/topfoodmachine.com\/wp-content\/uploads\/2023\/09\/Standard-Slicer-1.webp 720w, https:\/\/topfoodmachine.com\/wp-content\/uploads\/2023\/09\/Standard-Slicer-1-300x225.webp 300w\" sizes=\"auto, (max-width: 720px) 100vw, 720px\" \/><figcaption class=\"wp-element-caption\">Trancheuse standard<\/figcaption><\/figure>    <figure class=\"wp-block-image size-full\"><img loading=\"lazy\" decoding=\"async\" width=\"720\" height=\"540\" data-id=\"621\" src=\"https:\/\/topfoodmachine.com\/wp-content\/uploads\/2023\/09\/Special-Slicer-1.webp\" alt=\"Trancheuse sp\u00e9ciale\" class=\"wp-image-621\" srcset=\"https:\/\/topfoodmachine.com\/wp-content\/uploads\/2023\/09\/Special-Slicer-1.webp 720w, https:\/\/topfoodmachine.com\/wp-content\/uploads\/2023\/09\/Special-Slicer-1-300x225.webp 300w\" sizes=\"auto, (max-width: 720px) 100vw, 720px\" \/><figcaption class=\"wp-element-caption\">Trancheuse sp\u00e9ciale<\/figcaption><\/figure>    <figure class=\"wp-block-image size-full\"><img loading=\"lazy\" decoding=\"async\" width=\"720\" height=\"540\" data-id=\"622\" src=\"https:\/\/topfoodmachine.com\/wp-content\/uploads\/2023\/09\/Julienne-Slicer-1.webp\" alt=\"Coupe-Julienne\" class=\"wp-image-622\" srcset=\"https:\/\/topfoodmachine.com\/wp-content\/uploads\/2023\/09\/Julienne-Slicer-1.webp 720w, https:\/\/topfoodmachine.com\/wp-content\/uploads\/2023\/09\/Julienne-Slicer-1-300x225.webp 300w\" sizes=\"auto, (max-width: 720px) 100vw, 720px\" \/><figcaption class=\"wp-element-caption\">Coupe-Julienne<\/figcaption><\/figure>    <figure class=\"wp-block-image size-full\"><img loading=\"lazy\" decoding=\"async\" width=\"720\" height=\"540\" data-id=\"623\" src=\"https:\/\/topfoodmachine.com\/wp-content\/uploads\/2023\/09\/Dicing-Grid-1.webp\" alt=\"Grille de d\u00e9coupe\" class=\"wp-image-623\" srcset=\"https:\/\/topfoodmachine.com\/wp-content\/uploads\/2023\/09\/Dicing-Grid-1.webp 720w, https:\/\/topfoodmachine.com\/wp-content\/uploads\/2023\/09\/Dicing-Grid-1-300x225.webp 300w\" sizes=\"auto, (max-width: 720px) 100vw, 720px\" \/><figcaption class=\"wp-element-caption\">Grille de d\u00e9coupe<\/figcaption><\/figure> <\/figure>    <h2 class=\"wp-block-heading\">Param\u00e8tres du coupe-l\u00e9gumes \u00e9lectrique<\/h2>    <figure class=\"wp-block-table\"><table><tbody><tr><td>Tension<\/td><td>220 V, 50 Hz<\/td><\/tr><tr><td>Pouvoir<\/td><td>0,75 kW<\/td><\/tr><tr><td>Taille<\/td><td>600*500*900<\/td><\/tr><tr><td>Poids<\/td><td>70 kg<\/td><\/tr><tr><td>Capacit\u00e9<\/td><td>300-600 kg\/h<\/td><\/tr><tr><td>Produits finis<\/td><td>lani\u00e8res, cubes, tranches<\/td><\/tr><\/tbody><\/table><\/figure>    <p>De plus, nos lames coupe-l\u00e9gumes peuvent \u00eatre personnalis\u00e9es pour r\u00e9pondre \u00e0 diff\u00e9rents besoins.<\/p>    <p>La taille des bandes pourrait \u00eatre comprise entre 2 et 5 millim\u00e8tres.<\/p>    <p>La taille des tranches peut \u00eatre comprise entre 2 et 20 millim\u00e8tres.<\/p>    <p>La taille des cubes pourrait \u00eatre de 8,10,12,15,20 millim\u00e8tres.<\/p>    <figure class=\"wp-block-image size-full\"><img loading=\"lazy\" decoding=\"async\" width=\"720\" height=\"540\" src=\"https:\/\/topfoodmachine.com\/wp-content\/uploads\/2023\/09\/Different-blades-for-vegetable-cutters-3.webp\" alt=\"Diff\u00e9rentes lames pour coupe-l\u00e9gumes\" class=\"wp-image-624\" srcset=\"https:\/\/topfoodmachine.com\/wp-content\/uploads\/2023\/09\/Different-blades-for-vegetable-cutters-3.webp 720w, https:\/\/topfoodmachine.com\/wp-content\/uploads\/2023\/09\/Different-blades-for-vegetable-cutters-3-300x225.webp 300w\" sizes=\"auto, (max-width: 720px) 100vw, 720px\" \/><figcaption class=\"wp-element-caption\">Diff\u00e9rentes lames pour coupe-l\u00e9gumes<\/figcaption><\/figure>    <h2 class=\"wp-block-heading\">Pr\u00e9cautions d'utilisation du coupe-l\u00e9gumes \u00e9lectrique<\/h2>    <ol class=\"wp-block-list\"> <li>Faites attention au diam\u00e8tre maximum de l'aliment pour \u00e9viter un \u00e9chec de coupe d\u00fb \u00e0 un aliment trop gros.<\/li>    <li>Pendant l'utilisation, il faut veiller \u00e0 \u00e9viter que les mains n'entrent en contact avec la lame.<\/li>    <li>La vitesse de coupe de la lame ne doit pas \u00eatre r\u00e9gl\u00e9e trop rapidement pour garantir l'int\u00e9grit\u00e9 et le taux de r\u00e9ussite des ingr\u00e9dients.<\/li>    <li>Apr\u00e8s avoir coup\u00e9 les aliments, la machine doit \u00eatre nettoy\u00e9e \u00e0 temps.<\/li> <\/ol>    <h2 class=\"wp-block-heading\">Pourquoi choisir la trancheuse \u00e0 l\u00e9gumes de Taizy ?<\/h2>    <p>Ce coupe-l\u00e9gumes est notre machine best-seller, export\u00e9e vers le Ghana, le Congo, l'\u00c9thiopie, la Namibie, le Maroc et d'autres pays. Par cons\u00e9quent, nous avons un inventaire consid\u00e9rable en stock et une livraison rapide pour \u00e9viter que vous n'attendiez trop longtemps ! Si vous avez besoin de commander en grande quantit\u00e9 ou de travailler avec nous sur le long terme, nous vous proposerons des r\u00e9ductions int\u00e9ressantes.<\/p>    <figure class=\"wp-block-image size-full\"><img loading=\"lazy\" decoding=\"async\" width=\"720\" height=\"540\" src=\"https:\/\/topfoodmachine.com\/wp-content\/uploads\/2023\/09\/The-Vegetable-Cutter-in-the-Warehouse-3.webp\" alt=\"Le coupe-l\u00e9gumes dans l&#039;entrep\u00f4t\" class=\"wp-image-625\" srcset=\"https:\/\/topfoodmachine.com\/wp-content\/uploads\/2023\/09\/The-Vegetable-Cutter-in-the-Warehouse-3.webp 720w, https:\/\/topfoodmachine.com\/wp-content\/uploads\/2023\/09\/The-Vegetable-Cutter-in-the-Warehouse-3-300x225.webp 300w\" sizes=\"auto, (max-width: 720px) 100vw, 720px\" \/><figcaption class=\"wp-element-caption\">Le coupe-l\u00e9gumes dans l'entrep\u00f4t<\/figcaption><\/figure>","protected":false},"excerpt":{"rendered":"<p>Le coupe-l\u00e9gumes est un appareil de cuisine utilis\u00e9 pour couper des l\u00e9gumes, des fruits et d'autres ingr\u00e9dients. <\/p>","protected":false},"author":1,"featured_media":612,"parent":0,"template":"","tags":[],"product-type":[3],"class_list":["post-525","product","type-product","status-publish","has-post-thumbnail","hentry","product-type-fruit-vegetable-processing-machine"],"_links":{"self":[{"href":"https:\/\/topfoodmachine.com\/fr\/wp-json\/wp\/v2\/product\/525","targetHints":{"allow":["GET"]}}],"collection":[{"href":"https:\/\/topfoodmachine.com\/fr\/wp-json\/wp\/v2\/product"}],"about":[{"href":"https:\/\/topfoodmachine.com\/fr\/wp-json\/wp\/v2\/types\/product"}],"author":[{"embeddable":true,"href":"https:\/\/topfoodmachine.com\/fr\/wp-json\/wp\/v2\/users\/1"}],"wp:featuredmedia":[{"embeddable":true,"href":"https:\/\/topfoodmachine.com\/fr\/wp-json\/wp\/v2\/media\/612"}],"wp:attachment":[{"href":"https:\/\/topfoodmachine.com\/fr\/wp-json\/wp\/v2\/media?parent=525"}],"wp:term":[{"taxonomy":"post_tag","embeddable":true,"href":"https:\/\/topfoodmachine.com\/fr\/wp-json\/wp\/v2\/tags?post=525"},{"taxonomy":"product-type","embeddable":true,"href":"https:\/\/topfoodmachine.com\/fr\/wp-json\/wp\/v2\/product-type?post=525"}],"curies":[{"name":"wp","href":"https:\/\/api.w.org\/{rel}","templated":true}]}}