{"id":505,"date":"2023-09-21T14:58:15","date_gmt":"2023-09-21T06:58:15","guid":{"rendered":"https:\/\/topfoodmachine.com\/?post_type=product&#038;p=505"},"modified":"2023-09-21T14:58:16","modified_gmt":"2023-09-21T06:58:16","slug":"banana-slicer-machine","status":"publish","type":"product","link":"https:\/\/topfoodmachine.com\/fr\/product\/banana-slicer-machine\/","title":{"rendered":"Machine \u00e0 trancher les bananes"},"content":{"rendered":"<div class=\"kk-star-ratings kksr-auto kksr-align-left kksr-valign-top\"     data-payload='{&quot;align&quot;:&quot;left&quot;,&quot;id&quot;:&quot;505&quot;,&quot;slug&quot;:&quot;default&quot;,&quot;valign&quot;:&quot;top&quot;,&quot;ignore&quot;:&quot;&quot;,&quot;reference&quot;:&quot;auto&quot;,&quot;class&quot;:&quot;&quot;,&quot;count&quot;:&quot;24&quot;,&quot;legendonly&quot;:&quot;&quot;,&quot;readonly&quot;:&quot;&quot;,&quot;score&quot;:&quot;4.8&quot;,&quot;starsonly&quot;:&quot;&quot;,&quot;best&quot;:&quot;5&quot;,&quot;gap&quot;:&quot;5&quot;,&quot;greet&quot;:&quot;Rate this product&quot;,&quot;legend&quot;:&quot;4.8\\\/5 - (24 votes)&quot;,&quot;size&quot;:&quot;24&quot;,&quot;title&quot;:&quot;Banana Slicer Machine&quot;,&quot;width&quot;:&quot;136.7&quot;,&quot;_legend&quot;:&quot;{score}\\\/{best} - ({count} {votes})&quot;,&quot;font_factor&quot;:&quot;1.25&quot;}'>              <div class=\"kksr-stars\">      <div class=\"kksr-stars-inactive\">             <div class=\"kksr-star\" data-star=\"1\" style=\"padding-right: 5px\">               <div class=\"kksr-icon\" style=\"width: 24px; height: 24px;\"><\/div>         <\/div>             <div class=\"kksr-star\" data-star=\"2\" style=\"padding-right: 5px\">               <div class=\"kksr-icon\" style=\"width: 24px; height: 24px;\"><\/div>         <\/div>             <div class=\"kksr-star\" data-star=\"3\" style=\"padding-right: 5px\">               <div class=\"kksr-icon\" style=\"width: 24px; height: 24px;\"><\/div>         <\/div>             <div class=\"kksr-star\" data-star=\"4\" style=\"padding-right: 5px\">               <div class=\"kksr-icon\" style=\"width: 24px; height: 24px;\"><\/div>         <\/div>             <div class=\"kksr-star\" data-star=\"5\" style=\"padding-right: 5px\">               <div class=\"kksr-icon\" style=\"width: 24px; height: 24px;\"><\/div>         <\/div>     <\/div>      <div class=\"kksr-stars-active\" style=\"width: 136.7px;\">             <div class=\"kksr-star\" style=\"padding-right: 5px\">               <div class=\"kksr-icon\" style=\"width: 24px; height: 24px;\"><\/div>         <\/div>             <div class=\"kksr-star\" style=\"padding-right: 5px\">               <div class=\"kksr-icon\" style=\"width: 24px; height: 24px;\"><\/div>         <\/div>             <div class=\"kksr-star\" style=\"padding-right: 5px\">               <div class=\"kksr-icon\" style=\"width: 24px; height: 24px;\"><\/div>         <\/div>             <div class=\"kksr-star\" style=\"padding-right: 5px\">               <div class=\"kksr-icon\" style=\"width: 24px; height: 24px;\"><\/div>         <\/div>             <div class=\"kksr-star\" style=\"padding-right: 5px\">               <div class=\"kksr-icon\" style=\"width: 24px; height: 24px;\"><\/div>         <\/div>     <\/div> <\/div>                   <div class=\"kksr-legend\" style=\"font-size: 19.2px;\">             4,8\/5 - (24 votes)    <\/div>     <\/div>  <p>La trancheuse \u00e0 bananes est un \u00e9quipement qui coupe les bananes en tranches rapidement et facilement. La trancheuse \u00e0 bananes est compos\u00e9e d'une lame, d'un moteur et d'un r\u00e9cipient, ce qui la rend adapt\u00e9e aux cuisines qui doivent couper de grandes quantit\u00e9s de bananes, comme les restaurants et les h\u00f4tels. Il dispose de plusieurs ports d'alimentation de diff\u00e9rents diam\u00e8tres, vous pouvez donc choisir de les utiliser en fonction des diff\u00e9rentes tailles des ingr\u00e9dients.<\/p>    <p>M\u00eame les cuisiniers inexp\u00e9riment\u00e9s peuvent utiliser en toute s\u00e9curit\u00e9 cet outil tr\u00e8s appr\u00e9ci\u00e9 pour les collations ou les salades de fruits. Il coupe rapidement les bananes fermes en tranches parfaites. Id\u00e9al comme garniture de c\u00e9r\u00e9ales ou de sandwichs, ou encore comme tranches de banane s\u00e9ch\u00e9es dans un d\u00e9shydrateur alimentaire pour r\u00e9aliser de d\u00e9licieuses chips de banane maison !<\/p>    <h2 class=\"wp-block-heading\">Diff\u00e9rents mod\u00e8les de trancheuse<\/h2>    <p>Nous avons deux types de trancheuses \u00e0 choisir. Le premier mod\u00e8le est une machine capable de couper des ingr\u00e9dients en formes rondes et peut \u00eatre utilis\u00e9e pour d'autres ingr\u00e9dients que les bananes, comme le pamplemousse, le kiwi, les oranges, les fruits du dragon, les citrons, etc.<\/p>    <figure class=\"wp-block-gallery has-nested-images columns-default is-cropped wp-block-gallery-2 is-layout-flex wp-block-gallery-is-layout-flex\"> <figure class=\"wp-block-image size-large\"><img loading=\"lazy\" decoding=\"async\" width=\"720\" height=\"540\" data-id=\"522\" src=\"https:\/\/topfoodmachine.com\/wp-content\/uploads\/2023\/09\/Banana-Slicer-2.webp\" alt=\"\" class=\"wp-image-522\" srcset=\"https:\/\/topfoodmachine.com\/wp-content\/uploads\/2023\/09\/Banana-Slicer-2.webp 720w, https:\/\/topfoodmachine.com\/wp-content\/uploads\/2023\/09\/Banana-Slicer-2-300x225.webp 300w\" sizes=\"auto, (max-width: 720px) 100vw, 720px\" \/><figcaption class=\"wp-element-caption\">Coupe-banane<\/figcaption><\/figure>    <figure class=\"wp-block-image size-large\"><img loading=\"lazy\" decoding=\"async\" width=\"720\" height=\"540\" data-id=\"521\" src=\"https:\/\/topfoodmachine.com\/wp-content\/uploads\/2023\/09\/Banana-Slicer-Feeder-2.webp\" alt=\"\" class=\"wp-image-521\" srcset=\"https:\/\/topfoodmachine.com\/wp-content\/uploads\/2023\/09\/Banana-Slicer-Feeder-2.webp 720w, https:\/\/topfoodmachine.com\/wp-content\/uploads\/2023\/09\/Banana-Slicer-Feeder-2-300x225.webp 300w\" sizes=\"auto, (max-width: 720px) 100vw, 720px\" \/><figcaption class=\"wp-element-caption\">Mangeoire trancheuse \u00e0 banane<\/figcaption><\/figure>    <figure class=\"wp-block-image size-large\"><img loading=\"lazy\" decoding=\"async\" width=\"720\" height=\"540\" data-id=\"520\" src=\"https:\/\/topfoodmachine.com\/wp-content\/uploads\/2023\/09\/Banana-Slicer-Blade-2.webp\" alt=\"\" class=\"wp-image-520\" srcset=\"https:\/\/topfoodmachine.com\/wp-content\/uploads\/2023\/09\/Banana-Slicer-Blade-2.webp 720w, https:\/\/topfoodmachine.com\/wp-content\/uploads\/2023\/09\/Banana-Slicer-Blade-2-300x225.webp 300w\" sizes=\"auto, (max-width: 720px) 100vw, 720px\" \/><figcaption class=\"wp-element-caption\">Lame pour trancher les bananes<\/figcaption><\/figure> <\/figure>    <figure class=\"wp-block-gallery has-nested-images columns-default is-cropped wp-block-gallery-3 is-layout-flex wp-block-gallery-is-layout-flex\"> <figure class=\"wp-block-image size-large\"><img loading=\"lazy\" decoding=\"async\" width=\"720\" height=\"540\" data-id=\"512\" src=\"https:\/\/topfoodmachine.com\/wp-content\/uploads\/2023\/09\/Fried-Banana-Chips.webp\" alt=\"\" class=\"wp-image-512\" srcset=\"https:\/\/topfoodmachine.com\/wp-content\/uploads\/2023\/09\/Fried-Banana-Chips.webp 720w, https:\/\/topfoodmachine.com\/wp-content\/uploads\/2023\/09\/Fried-Banana-Chips-300x225.webp 300w\" sizes=\"auto, (max-width: 720px) 100vw, 720px\" \/><figcaption class=\"wp-element-caption\">Chips de banane frites<\/figcaption><\/figure>    <figure class=\"wp-block-image size-large\"><img loading=\"lazy\" decoding=\"async\" width=\"720\" height=\"540\" data-id=\"513\" src=\"https:\/\/topfoodmachine.com\/wp-content\/uploads\/2023\/09\/Other-Raw-Materials.webp\" alt=\"\" class=\"wp-image-513\" srcset=\"https:\/\/topfoodmachine.com\/wp-content\/uploads\/2023\/09\/Other-Raw-Materials.webp 720w, https:\/\/topfoodmachine.com\/wp-content\/uploads\/2023\/09\/Other-Raw-Materials-300x225.webp 300w\" sizes=\"auto, (max-width: 720px) 100vw, 720px\" \/><figcaption class=\"wp-element-caption\">Autres mati\u00e8res premi\u00e8res<\/figcaption><\/figure> <\/figure>    <p>Le deuxi\u00e8me mod\u00e8le est une machine qui coupe les ingr\u00e9dients en bandes verticales et peut \u00e9galement \u00eatre utilis\u00e9e pour transformer des aliments v\u00e9g\u00e9taux, comme le gingembre.<\/p>    <p>Il dispose d\u2019une entr\u00e9e d\u2019alimentation de grand diam\u00e8tre pour une large gamme d\u2019ingr\u00e9dients que vous souhaitez traiter.<\/p>    <figure class=\"wp-block-gallery has-nested-images columns-default is-cropped wp-block-gallery-4 is-layout-flex wp-block-gallery-is-layout-flex\"> <figure class=\"wp-block-image size-large\"><img loading=\"lazy\" decoding=\"async\" width=\"720\" height=\"540\" data-id=\"523\" src=\"https:\/\/topfoodmachine.com\/wp-content\/uploads\/2023\/09\/Automatic-Banana-Chips-Slicing-Machine-for-Sale-1.webp\" alt=\"\" class=\"wp-image-523\" srcset=\"https:\/\/topfoodmachine.com\/wp-content\/uploads\/2023\/09\/Automatic-Banana-Chips-Slicing-Machine-for-Sale-1.webp 720w, https:\/\/topfoodmachine.com\/wp-content\/uploads\/2023\/09\/Automatic-Banana-Chips-Slicing-Machine-for-Sale-1-300x225.webp 300w\" sizes=\"auto, (max-width: 720px) 100vw, 720px\" \/><figcaption class=\"wp-element-caption\">Machine \u00e0 trancher automatique de chips de banane \u00e0 vendre<\/figcaption><\/figure>    <figure class=\"wp-block-image size-large\"><img loading=\"lazy\" decoding=\"async\" width=\"720\" height=\"540\" data-id=\"524\" src=\"https:\/\/topfoodmachine.com\/wp-content\/uploads\/2023\/09\/Banana-Slicer-Machine-1.webp\" alt=\"\" class=\"wp-image-524\" srcset=\"https:\/\/topfoodmachine.com\/wp-content\/uploads\/2023\/09\/Banana-Slicer-Machine-1.webp 720w, https:\/\/topfoodmachine.com\/wp-content\/uploads\/2023\/09\/Banana-Slicer-Machine-1-300x225.webp 300w\" sizes=\"auto, (max-width: 720px) 100vw, 720px\" \/><figcaption class=\"wp-element-caption\">Machine \u00e0 trancher les bananes<\/figcaption><\/figure> <\/figure>    <figure class=\"wp-block-gallery has-nested-images columns-default is-cropped wp-block-gallery-5 is-layout-flex wp-block-gallery-is-layout-flex\"> <figure class=\"wp-block-image size-large\"><img loading=\"lazy\" decoding=\"async\" width=\"720\" height=\"540\" data-id=\"514\" src=\"https:\/\/topfoodmachine.com\/wp-content\/uploads\/2023\/09\/Fried-Banana-Slices.webp\" alt=\"\" class=\"wp-image-514\" srcset=\"https:\/\/topfoodmachine.com\/wp-content\/uploads\/2023\/09\/Fried-Banana-Slices.webp 720w, https:\/\/topfoodmachine.com\/wp-content\/uploads\/2023\/09\/Fried-Banana-Slices-300x225.webp 300w\" sizes=\"auto, (max-width: 720px) 100vw, 720px\" \/><figcaption class=\"wp-element-caption\">Tranches de banane frites<\/figcaption><\/figure>    <figure class=\"wp-block-image size-large\"><img loading=\"lazy\" decoding=\"async\" width=\"720\" height=\"540\" data-id=\"515\" src=\"https:\/\/topfoodmachine.com\/wp-content\/uploads\/2023\/09\/Ginger-Slices.webp\" alt=\"\" class=\"wp-image-515\" srcset=\"https:\/\/topfoodmachine.com\/wp-content\/uploads\/2023\/09\/Ginger-Slices.webp 720w, https:\/\/topfoodmachine.com\/wp-content\/uploads\/2023\/09\/Ginger-Slices-300x225.webp 300w\" sizes=\"auto, (max-width: 720px) 100vw, 720px\" \/><figcaption class=\"wp-element-caption\">Tranches de gingembre<\/figcaption><\/figure> <\/figure>    <h2 class=\"wp-block-heading\">Comment choisir les ingr\u00e9dients ?<\/h2>    <p>Lors du choix des ingr\u00e9dients, il est important de noter que vous devez choisir des bananes vertes plut\u00f4t que des bananes jaunes d\u00e9j\u00e0 m\u00fbres.<\/p>    <p>Parce que le mat\u00e9riau de notre trancheuse \u00e0 bananes est en acier inoxydable 304, qui est relativement dur, il n'est donc pas facile de le former lors du choix d'ingr\u00e9dients plus mous.<\/p>    <figure class=\"wp-block-image size-full\"><img loading=\"lazy\" decoding=\"async\" width=\"720\" height=\"540\" src=\"https:\/\/topfoodmachine.com\/wp-content\/uploads\/2023\/09\/Banana-Selection.webp\" alt=\"S\u00e9lection de bananes\" class=\"wp-image-516\" srcset=\"https:\/\/topfoodmachine.com\/wp-content\/uploads\/2023\/09\/Banana-Selection.webp 720w, https:\/\/topfoodmachine.com\/wp-content\/uploads\/2023\/09\/Banana-Selection-300x225.webp 300w\" sizes=\"auto, (max-width: 720px) 100vw, 720px\" \/><figcaption class=\"wp-element-caption\">S\u00e9lection de bananes<\/figcaption><\/figure>    <h2 class=\"wp-block-heading\">Avantages de la trancheuse banane en acier inoxydable<\/h2>    <ul class=\"wp-block-list\"> <li>Principe de coupe centrifuge, surface de coupe lisse, aucun dommage aux tissus corporels, aucun impact sur le go\u00fbt<\/li>    <li>Il peut couper d'innombrables lambeaux et tranches, et le produit fini peut \u00eatre aussi long que la mati\u00e8re premi\u00e8re.<\/li>    <li>Il existe un capteur infrarouge qui arr\u00eatera le fonctionnement si la porte est ouverte par erreur pendant l'op\u00e9ration.<\/li>    <li>L'ensemble de la machine est fabriqu\u00e9 \u00e0 Taiwan, avec une excellente qualit\u00e9 et un excellent prix.<\/li> <\/ul>    <h2 class=\"wp-block-heading\">Comment utiliser la trancheuse \u00e0 banane \u00e9lectrique\u00a0?<\/h2>    <ol class=\"wp-block-list\"> <li>Lavez et \u00e9pluchez les bananes.<\/li>    <li>Placez la banane dans le r\u00e9cipient.<\/li>    <li>Allumez le courant et la lame tournera et coupera la banane en tranches.<\/li>    <li>La banane tranch\u00e9e sera d\u00e9charg\u00e9e de l\u2019autre extr\u00e9mit\u00e9 du conteneur.<\/li> <\/ol>    <h2 class=\"wp-block-heading\">Entretien de la trancheuse \u00e0 banane<\/h2>    <p>Les lames et le r\u00e9cipient de la trancheuse banane \u00e9lectrique sont amovibles pour un nettoyage facile. Lors du nettoyage, vous pouvez utiliser le lave-vaisselle ou laver \u00e0 la main.<\/p>    <h2 class=\"wp-block-heading\">Quelles sont les pr\u00e9cautions d'utilisation d'un coupe-banane ?<\/h2>    <p>Veuillez lire attentivement les instructions avant utilisation.<br>Lors de l'utilisation, veuillez porter des gants pour \u00e9viter d'\u00eatre coup\u00e9 par la lame.<br>Apr\u00e8s utilisation, veuillez le nettoyer \u00e0 temps pour \u00e9viter que la lame ne rouille.<\/p>    <h2 class=\"wp-block-heading\">\u00c0 qui convient le coupe-banane ?<\/h2>    <p>Ce produit convient principalement aux grandes usines de transformation des aliments, aux grandes cha\u00eenes de supermarch\u00e9s et aux restaurants de restauration rapide. Nos machines sont de petite taille mais puissantes en termes de performances et peuvent r\u00e9pondre aux besoins de production et de transformation de masse.<\/p>    <p>Si vous achetez en gros, nous pouvons obtenir la plus grande r\u00e9duction pour vous, bienvenue pour avoir une compr\u00e9hension d\u00e9taill\u00e9e du produit\u00a0!<\/p>","protected":false},"excerpt":{"rendered":"<p>La trancheuse \u00e0 bananes est un appareil de cuisine qui coupe les bananes en tranches rapidement et facilement. Le coupe-banane est compos\u00e9 d'une lame, d'un moteur et d'un r\u00e9cipient, ce qui le rend adapt\u00e9 aux cuisines.<\/p>","protected":false},"author":1,"featured_media":506,"parent":0,"template":"","tags":[],"product-type":[3],"class_list":["post-505","product","type-product","status-publish","has-post-thumbnail","hentry","product-type-fruit-vegetable-processing-machine"],"_links":{"self":[{"href":"https:\/\/topfoodmachine.com\/fr\/wp-json\/wp\/v2\/product\/505","targetHints":{"allow":["GET"]}}],"collection":[{"href":"https:\/\/topfoodmachine.com\/fr\/wp-json\/wp\/v2\/product"}],"about":[{"href":"https:\/\/topfoodmachine.com\/fr\/wp-json\/wp\/v2\/types\/product"}],"author":[{"embeddable":true,"href":"https:\/\/topfoodmachine.com\/fr\/wp-json\/wp\/v2\/users\/1"}],"wp:featuredmedia":[{"embeddable":true,"href":"https:\/\/topfoodmachine.com\/fr\/wp-json\/wp\/v2\/media\/506"}],"wp:attachment":[{"href":"https:\/\/topfoodmachine.com\/fr\/wp-json\/wp\/v2\/media?parent=505"}],"wp:term":[{"taxonomy":"post_tag","embeddable":true,"href":"https:\/\/topfoodmachine.com\/fr\/wp-json\/wp\/v2\/tags?post=505"},{"taxonomy":"product-type","embeddable":true,"href":"https:\/\/topfoodmachine.com\/fr\/wp-json\/wp\/v2\/product-type?post=505"}],"curies":[{"name":"wp","href":"https:\/\/api.w.org\/{rel}","templated":true}]}}