{"id":496,"date":"2023-09-19T18:38:17","date_gmt":"2023-09-19T10:38:17","guid":{"rendered":"https:\/\/topfoodmachine.com\/?post_type=product&#038;p=496"},"modified":"2023-10-10T16:11:33","modified_gmt":"2023-10-10T08:11:33","slug":"potato-slicer-machine","status":"publish","type":"product","link":"https:\/\/topfoodmachine.com\/fr\/product\/potato-slicer-machine\/","title":{"rendered":"Machine \u00e0 trancher les pommes de terre"},"content":{"rendered":"<div class=\"kk-star-ratings kksr-auto kksr-align-left kksr-valign-top\"     data-payload='{&quot;align&quot;:&quot;left&quot;,&quot;id&quot;:&quot;496&quot;,&quot;slug&quot;:&quot;default&quot;,&quot;valign&quot;:&quot;top&quot;,&quot;ignore&quot;:&quot;&quot;,&quot;reference&quot;:&quot;auto&quot;,&quot;class&quot;:&quot;&quot;,&quot;count&quot;:&quot;24&quot;,&quot;legendonly&quot;:&quot;&quot;,&quot;readonly&quot;:&quot;&quot;,&quot;score&quot;:&quot;4.8&quot;,&quot;starsonly&quot;:&quot;&quot;,&quot;best&quot;:&quot;5&quot;,&quot;gap&quot;:&quot;5&quot;,&quot;greet&quot;:&quot;Rate this product&quot;,&quot;legend&quot;:&quot;4.8\\\/5 - (24 votes)&quot;,&quot;size&quot;:&quot;24&quot;,&quot;title&quot;:&quot;Potato Slicer Machine&quot;,&quot;width&quot;:&quot;136.7&quot;,&quot;_legend&quot;:&quot;{score}\\\/{best} - ({count} {votes})&quot;,&quot;font_factor&quot;:&quot;1.25&quot;}'>              <div class=\"kksr-stars\">      <div class=\"kksr-stars-inactive\">             <div class=\"kksr-star\" data-star=\"1\" style=\"padding-right: 5px\">               <div class=\"kksr-icon\" style=\"width: 24px; height: 24px;\"><\/div>         <\/div>             <div class=\"kksr-star\" data-star=\"2\" style=\"padding-right: 5px\">               <div class=\"kksr-icon\" style=\"width: 24px; height: 24px;\"><\/div>         <\/div>             <div class=\"kksr-star\" data-star=\"3\" style=\"padding-right: 5px\">               <div class=\"kksr-icon\" style=\"width: 24px; height: 24px;\"><\/div>         <\/div>             <div class=\"kksr-star\" data-star=\"4\" style=\"padding-right: 5px\">               <div class=\"kksr-icon\" style=\"width: 24px; height: 24px;\"><\/div>         <\/div>             <div class=\"kksr-star\" data-star=\"5\" style=\"padding-right: 5px\">               <div class=\"kksr-icon\" style=\"width: 24px; height: 24px;\"><\/div>         <\/div>     <\/div>      <div class=\"kksr-stars-active\" style=\"width: 136.7px;\">             <div class=\"kksr-star\" style=\"padding-right: 5px\">               <div class=\"kksr-icon\" style=\"width: 24px; height: 24px;\"><\/div>         <\/div>             <div class=\"kksr-star\" style=\"padding-right: 5px\">               <div class=\"kksr-icon\" style=\"width: 24px; height: 24px;\"><\/div>         <\/div>             <div class=\"kksr-star\" style=\"padding-right: 5px\">               <div class=\"kksr-icon\" style=\"width: 24px; height: 24px;\"><\/div>         <\/div>             <div class=\"kksr-star\" style=\"padding-right: 5px\">               <div class=\"kksr-icon\" style=\"width: 24px; height: 24px;\"><\/div>         <\/div>             <div class=\"kksr-star\" style=\"padding-right: 5px\">               <div class=\"kksr-icon\" style=\"width: 24px; height: 24px;\"><\/div>         <\/div>     <\/div> <\/div>                   <div class=\"kksr-legend\" style=\"font-size: 19.2px;\">             4,8\/5 - (24 votes)    <\/div>     <\/div>  <p>La machine \u00e0 trancher les pommes de terre\u00a0est un appareil de cuisine qui coupe les pommes de terre en lani\u00e8res rapidement et facilement de la m\u00eame taille. Il peut \u00e9galement couper de la laitue, des patates douces, des carottes, etc. C'est une machine id\u00e9ale pour traiter les frites dans l'industrie de la restauration rapide, largement utilis\u00e9e dans les points de restauration \u00e0 grande \u00e9chelle, l'industrie de transformation des aliments et les supermarch\u00e9s \u00e0 grande \u00e9chelle, qui peuvent \u00e9conomisez du temps et de l\u2019\u00e9nergie pour les cuisiniers, renfor\u00e7ant ainsi l\u2019efficacit\u00e9.<\/p>    <p>Il est fabriqu\u00e9 en acier inoxydable 304, non rouill\u00e9 et facile \u00e0 nettoyer, pratique et facile \u00e0 utiliser. Ce type de machine\u00a0est largement export\u00e9 vers l'Australie, le Japon, Singapour, les \u00c9tats-Unis, le Nigeria, le Kenya et d'autres pays. De plus, des r\u00e9ductions pr\u00e9f\u00e9rentielles seront accord\u00e9es lors des f\u00eates importantes telles que le Nouvel An chinois, No\u00ebl, etc. Nous serons toujours les bienvenus \u00e0 votre contact ult\u00e9rieur.<\/p>    <h2 class=\"wp-block-heading\">Application de la machine de d\u00e9coupe de trancheuses de pommes de terre<\/h2>    <p>En plus des pommes de terre, cette machine convient \u00e9galement \u00e0 d'autres\u00a0mati\u00e8res premi\u00e8res\u00a0telles que les patates douces, les carottes, les concombres, etc.<\/p>    <figure class=\"wp-block-gallery has-nested-images columns-default is-cropped wp-block-gallery-2 is-layout-flex wp-block-gallery-is-layout-flex\"> <figure class=\"wp-block-image size-large\"><img loading=\"lazy\" decoding=\"async\" width=\"720\" height=\"540\" data-id=\"500\" src=\"https:\/\/topfoodmachine.com\/wp-content\/uploads\/2023\/09\/Potato-Slices-1.webp\" alt=\"\" class=\"wp-image-500\" srcset=\"https:\/\/topfoodmachine.com\/wp-content\/uploads\/2023\/09\/Potato-Slices-1.webp 720w, https:\/\/topfoodmachine.com\/wp-content\/uploads\/2023\/09\/Potato-Slices-1-300x225.webp 300w\" sizes=\"auto, (max-width: 720px) 100vw, 720px\" \/><figcaption class=\"wp-element-caption\">Tranches de pommes de terre<\/figcaption><\/figure>    <figure class=\"wp-block-image size-large\"><img loading=\"lazy\" decoding=\"async\" width=\"720\" height=\"540\" data-id=\"499\" src=\"https:\/\/topfoodmachine.com\/wp-content\/uploads\/2023\/09\/Other-Vegetable-Slices.webp\" alt=\"\" class=\"wp-image-499\" srcset=\"https:\/\/topfoodmachine.com\/wp-content\/uploads\/2023\/09\/Other-Vegetable-Slices.webp 720w, https:\/\/topfoodmachine.com\/wp-content\/uploads\/2023\/09\/Other-Vegetable-Slices-300x225.webp 300w\" sizes=\"auto, (max-width: 720px) 100vw, 720px\" \/><figcaption class=\"wp-element-caption\">Autres tranches de l\u00e9gumes<\/figcaption><\/figure> <\/figure>    <h2 class=\"wp-block-heading\">Structure de la trancheuse automatique de pommes de terre<\/h2>    <ul class=\"wp-block-list\"> <li>Lame\u00a0: \u00e9l\u00e9ment essentiel d'un coupe-pommes de terre \u00e9lectrique, utilis\u00e9 pour couper les pommes de terre. Les lames sont en acier inoxydable et peuvent \u00eatre remplac\u00e9es selon les besoins pour couper des lani\u00e8res de pommes de terre de diff\u00e9rentes \u00e9paisseurs.<\/li>    <li>Moteur : la source d\u2019\u00e9nergie du coupe-pommes de terre \u00e9lectrique. Le moteur est situ\u00e9 au bas de la machine et fait tourner les lames gr\u00e2ce \u00e0 une transmission.<\/li>    <li>Port d'alimentation\u00a0: les pommes de terre entrent dans le r\u00e9cipient par l'ouverture d'alimentation. L'entr\u00e9e est situ\u00e9e sur le c\u00f4t\u00e9 du conteneur.<\/li>    <li>Dispositif de s\u00e9curit\u00e9\u00a0: pr\u00e9vient les dangers potentiels caus\u00e9s par un fonctionnement incorrect.<\/li> <\/ul>    <figure class=\"wp-block-gallery has-nested-images columns-default is-cropped wp-block-gallery-3 is-layout-flex wp-block-gallery-is-layout-flex\"> <figure class=\"wp-block-image size-large\"><img loading=\"lazy\" decoding=\"async\" width=\"720\" height=\"540\" data-id=\"502\" src=\"https:\/\/topfoodmachine.com\/wp-content\/uploads\/2023\/09\/Potato-Slicer-for-Business.webp\" alt=\"\" class=\"wp-image-502\" srcset=\"https:\/\/topfoodmachine.com\/wp-content\/uploads\/2023\/09\/Potato-Slicer-for-Business.webp 720w, https:\/\/topfoodmachine.com\/wp-content\/uploads\/2023\/09\/Potato-Slicer-for-Business-300x225.webp 300w\" sizes=\"auto, (max-width: 720px) 100vw, 720px\" \/><figcaption class=\"wp-element-caption\">Trancheuse de pommes de terre pour les entreprises<\/figcaption><\/figure>    <figure class=\"wp-block-image size-large\"><img loading=\"lazy\" decoding=\"async\" width=\"720\" height=\"540\" data-id=\"501\" src=\"https:\/\/topfoodmachine.com\/wp-content\/uploads\/2023\/09\/Potato-Chip-Slicer-Machine.webp\" alt=\"\" class=\"wp-image-501\" srcset=\"https:\/\/topfoodmachine.com\/wp-content\/uploads\/2023\/09\/Potato-Chip-Slicer-Machine.webp 720w, https:\/\/topfoodmachine.com\/wp-content\/uploads\/2023\/09\/Potato-Chip-Slicer-Machine-300x225.webp 300w\" sizes=\"auto, (max-width: 720px) 100vw, 720px\" \/><figcaption class=\"wp-element-caption\">Machine \u00e0 trancher les chips<\/figcaption><\/figure> <\/figure>    <h2 class=\"wp-block-heading\">Comment l'utiliser?<\/h2>    <ol class=\"wp-block-list\"> <li>Nettoyez les pommes de terre et \u00e9pluchez-les.<\/li>    <li>Placez les pommes de terre dans l'orifice d'alimentation.<\/li>    <li>Allumez le courant et la lame tournera et coupera les pommes de terre en lani\u00e8res.<\/li> <\/ol>    <figure class=\"wp-block-embed is-type-video is-provider-youtube wp-block-embed-youtube wp-embed-aspect-16-9 wp-has-aspect-ratio\"><div class=\"wp-block-embed__wrapper\"> <iframe loading=\"lazy\" title=\"Machine \u00e0 trancher les pommes de terre automatique\u00a0: lib\u00e9rez le potentiel cr\u00e9atif de votre cuisine\u00a0! #trancheuse \u00e0 pommes de terre\" width=\"500\" height=\"281\" src=\"https:\/\/www.youtube.com\/embed\/UiyP-JK-3cQ?feature=oembed\" frameborder=\"0\" allow=\"accelerometer; autoplay; clipboard-write; encrypted-media; gyroscope; picture-in-picture; web-share\" referrerpolicy=\"strict-origin-when-cross-origin\" allowfullscreen><\/iframe> <\/div><\/figure>    <h2 class=\"wp-block-heading\">Caract\u00e9ristiques de la trancheuse de pommes de terre commerciale de Taizy<\/h2>    <ul class=\"wp-block-list\"> <li>En acier inoxydable 304, facile \u00e0 nettoyer.<\/li>    <li>Diff\u00e9rentes \u00e9paisseurs de tranches de pomme de terre peuvent \u00eatre obtenues en personnalisant la taille de la lame.<\/li>    <li>Op\u00e9ration simple, pratique et rapide<\/li>    <li>La poulie inf\u00e9rieure peut \u00eatre personnalis\u00e9e selon diff\u00e9rents sc\u00e9narios d'utilisation pour faciliter le mouvement.<\/li>    <li>Performances stables, taux d'int\u00e9grit\u00e9 de sortie jusqu'\u00e0 99%.<\/li> <\/ul>    <figure class=\"wp-block-gallery has-nested-images columns-default is-cropped wp-block-gallery-4 is-layout-flex wp-block-gallery-is-layout-flex\"> <figure class=\"wp-block-image size-large\"><img loading=\"lazy\" decoding=\"async\" width=\"720\" height=\"540\" data-id=\"504\" src=\"https:\/\/topfoodmachine.com\/wp-content\/uploads\/2023\/09\/Potato-Slicing-Machine.webp\" alt=\"\" class=\"wp-image-504\" srcset=\"https:\/\/topfoodmachine.com\/wp-content\/uploads\/2023\/09\/Potato-Slicing-Machine.webp 720w, https:\/\/topfoodmachine.com\/wp-content\/uploads\/2023\/09\/Potato-Slicing-Machine-300x225.webp 300w\" sizes=\"auto, (max-width: 720px) 100vw, 720px\" \/><figcaption class=\"wp-element-caption\">Machine \u00e0 trancher les pommes de terre<\/figcaption><\/figure>    <figure class=\"wp-block-image size-large\"><img loading=\"lazy\" decoding=\"async\" width=\"720\" height=\"540\" data-id=\"503\" src=\"https:\/\/topfoodmachine.com\/wp-content\/uploads\/2023\/09\/Industrial-Potato-Cutter-of-Taizy.webp\" alt=\"\" class=\"wp-image-503\" srcset=\"https:\/\/topfoodmachine.com\/wp-content\/uploads\/2023\/09\/Industrial-Potato-Cutter-of-Taizy.webp 720w, https:\/\/topfoodmachine.com\/wp-content\/uploads\/2023\/09\/Industrial-Potato-Cutter-of-Taizy-300x225.webp 300w\" sizes=\"auto, (max-width: 720px) 100vw, 720px\" \/><figcaption class=\"wp-element-caption\">Coupe-Pommes de Terre Industriel de Taizy<\/figcaption><\/figure> <\/figure>    <h2 class=\"wp-block-heading\">Param\u00e8tres de la machine \u00e0 trancher les chips<\/h2>    <figure class=\"wp-block-table\"><table><tbody><tr><td>Mod\u00e8le<\/td><td>TZ-600<\/td><\/tr><tr><td>Capacit\u00e9<\/td><td>600kg\/h<\/td><\/tr><tr><td>Dimension<\/td><td>950*800*950mm<\/td><\/tr><tr><td>Tension<\/td><td>200 V, 50 Hz<\/td><\/tr><tr><td>Pouvoir<\/td><td>0,75 kW<\/td><\/tr><tr><td>Poids<\/td><td>110 kg<\/td><\/tr><tr><td>Mat\u00e9riel<\/td><td>Acier inoxydable 304<\/td><\/tr><\/tbody><\/table><\/figure>    <h2 class=\"wp-block-heading\">\u00c9quipement de soutien<\/h2>    <p class=\"translation-block\">Vous pourriez \u00e9galement avoir besoin de <a href=\"https:\/\/topfoodmachine.com\/fr\/product\/fruit-and-vegetable-washing-machine\/\" data-type=\"link\" data-id=\"https:\/\/topfoodmachine.com\/product\/fruit-and-vegetable-washing-machine\/\">Machine \u00e0 laver les fruits et l\u00e9gumes<\/a>, cette machine utilise des bulles pour nettoyer une vari\u00e9t\u00e9 de fruits, noix et l\u00e9gumes, y compris des oranges, des pommes, des pommes de terre, des oignons, du chou, des poivrons, des noix de cajou, des cacahu\u00e8tes, des baies, etc. Les machines sont fabriqu\u00e9es en acier inoxydable 304, qui est de qualit\u00e9 alimentaire.<\/p>    <h2 class=\"wp-block-heading\">Pourquoi nous choisir?<\/h2>    <p>Taizy est l'une des principales entreprises de fabrication de machines et de commerce ext\u00e9rieur en Chine. Le plus grand avantage de notre machine est sa haute qualit\u00e9. Notre taux de service apr\u00e8s-vente est extr\u00eamement bas et nous pouvons vous offrir une bonne exp\u00e9rience pendant la dur\u00e9e de vie du produit. Donc, si vous \u00eates int\u00e9ress\u00e9 par notre machine, n'h\u00e9sitez pas \u00e0 nous contacter pour plus de d\u00e9tails.<\/p>","protected":false},"excerpt":{"rendered":"<p>La machine \u00e0 trancher les pommes de terre\u00a0est un appareil de cuisine qui coupe les pommes de terre en lani\u00e8res rapidement et facilement de la m\u00eame taille. Il peut \u00e9galement couper de la laitue, des patates douces, des carottes, etc. C'est une machine id\u00e9ale pour traiter les frites dans l'industrie de la restauration rapide, largement utilis\u00e9e dans les points de restauration \u00e0 grande \u00e9chelle, l'industrie de transformation des aliments et les supermarch\u00e9s \u00e0 grande \u00e9chelle, qui peuvent \u00e9conomisez du temps et de l\u2019\u00e9nergie pour les cuisiniers, renfor\u00e7ant ainsi l\u2019efficacit\u00e9.<\/p>","protected":false},"author":1,"featured_media":497,"parent":0,"template":"","tags":[20],"product-type":[3],"class_list":["post-496","product","type-product","status-publish","has-post-thumbnail","hentry","tag-potato-chip-slicer-machine","product-type-fruit-vegetable-processing-machine"],"_links":{"self":[{"href":"https:\/\/topfoodmachine.com\/fr\/wp-json\/wp\/v2\/product\/496","targetHints":{"allow":["GET"]}}],"collection":[{"href":"https:\/\/topfoodmachine.com\/fr\/wp-json\/wp\/v2\/product"}],"about":[{"href":"https:\/\/topfoodmachine.com\/fr\/wp-json\/wp\/v2\/types\/product"}],"author":[{"embeddable":true,"href":"https:\/\/topfoodmachine.com\/fr\/wp-json\/wp\/v2\/users\/1"}],"wp:featuredmedia":[{"embeddable":true,"href":"https:\/\/topfoodmachine.com\/fr\/wp-json\/wp\/v2\/media\/497"}],"wp:attachment":[{"href":"https:\/\/topfoodmachine.com\/fr\/wp-json\/wp\/v2\/media?parent=496"}],"wp:term":[{"taxonomy":"post_tag","embeddable":true,"href":"https:\/\/topfoodmachine.com\/fr\/wp-json\/wp\/v2\/tags?post=496"},{"taxonomy":"product-type","embeddable":true,"href":"https:\/\/topfoodmachine.com\/fr\/wp-json\/wp\/v2\/product-type?post=496"}],"curies":[{"name":"wp","href":"https:\/\/api.w.org\/{rel}","templated":true}]}}