{"id":402,"date":"2023-03-30T16:13:38","date_gmt":"2023-03-30T08:13:38","guid":{"rendered":"https:\/\/topfoodmachine.com\/?post_type=product&#038;p=402"},"modified":"2023-03-30T17:43:25","modified_gmt":"2023-03-30T09:43:25","slug":"commercial-dough-mixer","status":"publish","type":"product","link":"https:\/\/topfoodmachine.com\/fr\/product\/commercial-dough-mixer\/","title":{"rendered":"M\u00e9langeur de p\u00e2te commercial"},"content":{"rendered":"<div class=\"kk-star-ratings kksr-auto kksr-align-left kksr-valign-top\"     data-payload='{&quot;align&quot;:&quot;left&quot;,&quot;id&quot;:&quot;402&quot;,&quot;slug&quot;:&quot;default&quot;,&quot;valign&quot;:&quot;top&quot;,&quot;ignore&quot;:&quot;&quot;,&quot;reference&quot;:&quot;auto&quot;,&quot;class&quot;:&quot;&quot;,&quot;count&quot;:&quot;15&quot;,&quot;legendonly&quot;:&quot;&quot;,&quot;readonly&quot;:&quot;&quot;,&quot;score&quot;:&quot;4.6&quot;,&quot;starsonly&quot;:&quot;&quot;,&quot;best&quot;:&quot;5&quot;,&quot;gap&quot;:&quot;5&quot;,&quot;greet&quot;:&quot;Rate this product&quot;,&quot;legend&quot;:&quot;4.6\\\/5 - (15 votes)&quot;,&quot;size&quot;:&quot;24&quot;,&quot;title&quot;:&quot;Commercial Dough Mixer&quot;,&quot;width&quot;:&quot;130.9&quot;,&quot;_legend&quot;:&quot;{score}\\\/{best} - ({count} {votes})&quot;,&quot;font_factor&quot;:&quot;1.25&quot;}'>              <div class=\"kksr-stars\">      <div class=\"kksr-stars-inactive\">             <div class=\"kksr-star\" data-star=\"1\" style=\"padding-right: 5px\">               <div class=\"kksr-icon\" style=\"width: 24px; height: 24px;\"><\/div>         <\/div>             <div class=\"kksr-star\" data-star=\"2\" style=\"padding-right: 5px\">               <div class=\"kksr-icon\" style=\"width: 24px; height: 24px;\"><\/div>         <\/div>             <div class=\"kksr-star\" data-star=\"3\" style=\"padding-right: 5px\">               <div class=\"kksr-icon\" style=\"width: 24px; height: 24px;\"><\/div>         <\/div>             <div class=\"kksr-star\" data-star=\"4\" style=\"padding-right: 5px\">               <div class=\"kksr-icon\" style=\"width: 24px; height: 24px;\"><\/div>         <\/div>             <div class=\"kksr-star\" data-star=\"5\" style=\"padding-right: 5px\">               <div class=\"kksr-icon\" style=\"width: 24px; height: 24px;\"><\/div>         <\/div>     <\/div>      <div class=\"kksr-stars-active\" style=\"width: 130.9px;\">             <div class=\"kksr-star\" style=\"padding-right: 5px\">               <div class=\"kksr-icon\" style=\"width: 24px; height: 24px;\"><\/div>         <\/div>             <div class=\"kksr-star\" style=\"padding-right: 5px\">               <div class=\"kksr-icon\" style=\"width: 24px; height: 24px;\"><\/div>         <\/div>             <div class=\"kksr-star\" style=\"padding-right: 5px\">               <div class=\"kksr-icon\" style=\"width: 24px; height: 24px;\"><\/div>         <\/div>             <div class=\"kksr-star\" style=\"padding-right: 5px\">               <div class=\"kksr-icon\" style=\"width: 24px; height: 24px;\"><\/div>         <\/div>             <div class=\"kksr-star\" style=\"padding-right: 5px\">               <div class=\"kksr-icon\" style=\"width: 24px; height: 24px;\"><\/div>         <\/div>     <\/div> <\/div>                   <div class=\"kksr-legend\" style=\"font-size: 19.2px;\">             4,6\/5 - (15 votes)    <\/div>     <\/div>  <p>Le p\u00e9trin commercial est un \u00e9l\u00e9ment essentiel pour tout \u00e9tablissement de services de p\u00e2tisserie n\u00e9cessitant une pr\u00e9paration de p\u00e2te. Il est largement utilis\u00e9 dans les boulangeries, pizzerias, restaurants et usines alimentaires modernes. La fonction principale du m\u00e9langeur de p\u00e2te est d'effectuer la t\u00e2che de m\u00e9lange et de p\u00e9trissage automatique de la p\u00e2te \u00e0 grande vitesse, \u00e9conomisant ainsi du temps et des co\u00fbts de main-d'\u0153uvre.<\/p>    <p>Diff\u00e9rent du m\u00e9langeur de p\u00e2te pour la maison, ce m\u00e9langeur de p\u00e2te robuste est con\u00e7u pour des usages industriels ou commerciaux. Il a une assez grande capacit\u00e9 et peut supporter jusqu'\u00e0 150 kg \u00e0 la fois. Nos m\u00e9langeurs de p\u00e2te commerciaux \u00e0 vendre utilisent tous de l'acier inoxydable et adoptent un moteur avanc\u00e9. Ce qui le rend plus fiable et efficace. De nos jours, notre m\u00e9langeur de p\u00e2te industriel a \u00e9t\u00e9 export\u00e9 vers le Kenya, les Philippines, le Pakistan, le Ghana, l'Indon\u00e9sie, la Cor\u00e9e du Sud, le Br\u00e9sil, les \u00c9tats-Unis, le Qatar, les \u00c9mirats arabes unis, etc.<\/p>    <h2 class=\"wp-block-heading\">Param\u00e8tres de la machine commerciale de m\u00e9langeur de p\u00e2te<\/h2>    <figure class=\"wp-block-table\"><table><tbody><tr><td>Mod\u00e8le<\/td><td>Capacit\u00e9 (kg)<\/td><td>Temps de m\u00e9lange (min)<\/td><td>Tension (v)<\/td><td>Puissance (kw)<\/td><td>Poids (kg)<\/td><td>Taille (mm)<\/td><\/tr><tr><td>TZ-12.5<\/td><td>12.5<\/td><td>3-10<\/td><td>220\/380<\/td><td>1.5<\/td><td>100<\/td><td>650*400*730<\/td><\/tr><tr><td>TZ-25<\/td><td>25<\/td><td>3-10<\/td><td>220\/380<\/td><td>1.5<\/td><td>128<\/td><td>685*480*910<\/td><\/tr><tr><td>TZ-37.5<\/td><td>37.5<\/td><td>3-10<\/td><td>220\/380<\/td><td>2.2<\/td><td>175<\/td><td>840*480*910<\/td><\/tr><tr><td>TZ-50<\/td><td>50<\/td><td>3-10<\/td><td>220<\/td><td>2.2<\/td><td>230<\/td><td>1070*570*1050<\/td><\/tr><tr><td>380<\/td><td>2.575<\/td><td>275<\/td><td>&nbsp;<\/td><td>&nbsp;<\/td><td>&nbsp;<\/td><td>&nbsp;<\/td><\/tr><tr><td>TZ-75<\/td><td>75<\/td><td>3-10<\/td><td>380<\/td><td>3.75<\/td><td>475<\/td><td>1410*680*1250<\/td><\/tr><tr><td>TZ-100<\/td><td>100<\/td><td>3-10<\/td><td>380<\/td><td>3.75<\/td><td>490<\/td><td>1520*680*1250<\/td><\/tr><tr><td>TZ-150<\/td><td>150<\/td><td>3-10<\/td><td>380<\/td><td>6.25<\/td><td>700<\/td><td>1710*730*1400<\/td><\/tr><\/tbody><\/table><\/figure>    <h2 class=\"wp-block-heading\">Caract\u00e9ristiques\/avantages de la machine \u00e0 p\u00e2te industrielle<\/h2>    <ol class=\"wp-block-list\" type=\"1\"> <li>Il a des performances stables et un faible bruit.<\/li>    <li>Le m\u00e9langeur de p\u00e2te a une structure simple, tr\u00e8s facile \u00e0 utiliser, \u00e0 installer et \u00e0 entretenir<\/li>    <li>Toutes les machines utilisent un mat\u00e9riau en acier inoxydable, durable, hygi\u00e9nique et facile \u00e0 nettoyer.<\/li>    <li>Il est \u00e9quip\u00e9 d'un moteur puissant et avanc\u00e9 pour garantir une vitesse \u00e9lev\u00e9e et de bonnes performances.<\/li>    <li>Nos malaxeurs \u00e0 farine ont une gamme compl\u00e8te de capacit\u00e9s, de 12,5kg \u00e0 150kg, il y a toujours un mod\u00e8le qui pourra r\u00e9pondre \u00e0 vos exigences.<\/li>    <li>Le m\u00e9langeur de p\u00e2te commercial que nous vendons est polyvalent. Il peut \u00eatre utilis\u00e9 pour pr\u00e9parer diff\u00e9rents types de p\u00e2tes, telles que la p\u00e2te \u00e0 g\u00e2teau, la p\u00e2te \u00e0 pain, la p\u00e2te \u00e0 p\u00e2tisserie, la p\u00e2te \u00e0 pizza, la p\u00e2te \u00e0 p\u00e2tisserie, etc.<\/li> <\/ol>    <div class=\"wp-block-columns is-layout-flex wp-container-core-columns-is-layout-28f84493 wp-block-columns-is-layout-flex\"> <div class=\"wp-block-column is-layout-flow wp-block-column-is-layout-flow\"> <figure class=\"wp-block-gallery has-nested-images columns-default is-cropped wp-block-gallery-2 is-layout-flex wp-block-gallery-is-layout-flex\"> <figure class=\"wp-block-image size-full\"><img loading=\"lazy\" decoding=\"async\" width=\"720\" height=\"540\" data-id=\"404\" src=\"https:\/\/topfoodmachine.com\/wp-content\/uploads\/2023\/03\/Joystick.jpg\" alt=\"Manette\" class=\"wp-image-404\" srcset=\"https:\/\/topfoodmachine.com\/wp-content\/uploads\/2023\/03\/Joystick.jpg 720w, https:\/\/topfoodmachine.com\/wp-content\/uploads\/2023\/03\/Joystick-300x225.jpg 300w\" sizes=\"auto, (max-width: 720px) 100vw, 720px\" \/><figcaption class=\"wp-element-caption\">Manette<\/figcaption><\/figure> <\/figure> <\/div>    <div class=\"wp-block-column is-layout-flow wp-block-column-is-layout-flow\"> <figure class=\"wp-block-gallery has-nested-images columns-default is-cropped wp-block-gallery-3 is-layout-flex wp-block-gallery-is-layout-flex\"> <figure class=\"wp-block-image size-full\"><img loading=\"lazy\" decoding=\"async\" width=\"720\" height=\"540\" data-id=\"406\" src=\"https:\/\/topfoodmachine.com\/wp-content\/uploads\/2023\/03\/inside-of-the-dough-mixer.jpg\" alt=\"\u00e0 l&#039;int\u00e9rieur du m\u00e9langeur \u00e0 p\u00e2te\" class=\"wp-image-406\" srcset=\"https:\/\/topfoodmachine.com\/wp-content\/uploads\/2023\/03\/inside-of-the-dough-mixer.jpg 720w, https:\/\/topfoodmachine.com\/wp-content\/uploads\/2023\/03\/inside-of-the-dough-mixer-300x225.jpg 300w\" sizes=\"auto, (max-width: 720px) 100vw, 720px\" \/><figcaption class=\"wp-element-caption\">\u00e0 l'int\u00e9rieur du m\u00e9langeur \u00e0 p\u00e2te<\/figcaption><\/figure> <\/figure> <\/div> <\/div>    <h2 class=\"wp-block-heading\">Avantages de l'utilisation d'un m\u00e9langeur de p\u00e2te commercial<\/h2>    <p>L'utilisation de p\u00e9trins commerciaux pr\u00e9sente plusieurs avantages, notamment un gain de temps, un m\u00e9lange homog\u00e8ne, une polyvalence et une r\u00e9duction des co\u00fbts de main-d'\u0153uvre. Les p\u00e9trins commerciaux peuvent manipuler de grandes quantit\u00e9s de p\u00e2te \u00e0 la fois, ce qui serait impossible \u00e0 faire manuellement. Le processus de m\u00e9lange est \u00e9galement coh\u00e9rent, garantissant que la p\u00e2te est uniform\u00e9ment m\u00e9lang\u00e9e, donnant ainsi des produits de meilleure qualit\u00e9. De plus, les p\u00e9trins commerciaux peuvent \u00eatre utilis\u00e9s pour une vari\u00e9t\u00e9 de recettes, ce qui les rend polyvalents et adaptables aux diff\u00e9rents besoins de la cuisine. Enfin, les p\u00e9trins commerciaux contribuent \u00e0 r\u00e9duire les co\u00fbts de main-d'\u0153uvre car ils \u00e9liminent le besoin de p\u00e9trir et de m\u00e9langer manuellement, lib\u00e9rant ainsi les membres du personnel pour qu'ils puissent s'occuper d'autres t\u00e2ches.<\/p>    <h2 class=\"wp-block-heading\">Conseils d'entretien pour p\u00e9trin commercial\/industriel<\/h2>    <p>Un bon entretien est n\u00e9cessaire pour garantir que votre p\u00e9trin commercial reste en bon \u00e9tat et continue de fonctionner efficacement. Nettoyer le mixeur apr\u00e8s chaque utilisation permet d'\u00e9viter l'accumulation de r\u00e9sidus, qui peuvent affecter la qualit\u00e9 de la p\u00e2te et endommager la machine au fil du temps. La lubrification des pi\u00e8ces mobiles est \u00e9galement cruciale pour pr\u00e9venir l\u2019usure et maintenir un fonctionnement fluide. Des contr\u00f4les de maintenance r\u00e9guliers sont \u00e9galement n\u00e9cessaires pour identifier tout probl\u00e8me et les r\u00e9soudre rapidement. Une manipulation s\u00fbre de la machine est \u00e9galement essentielle, en particulier pendant le processus de nettoyage.<\/p>    <h2 class=\"wp-block-heading\">Combien co\u00fbte un p\u00e9trin \u00e0 p\u00e2te ?<\/h2>    <p>Le co\u00fbt d'un p\u00e9trin peut varier en fonction de plusieurs facteurs, tels que la marque, la capacit\u00e9, la puissance et les caract\u00e9ristiques. Les m\u00e9langeurs de p\u00e2te commerciaux et industriels ont tendance \u00e0 avoir des prix plus \u00e9lev\u00e9s que ceux \u00e0 usage domestique en raison de leurs plus grandes tailles et de leurs capacit\u00e9s de performance plus \u00e9lev\u00e9es. Par exemple, le prix du m\u00e9langeur \u00e0 p\u00e2te TZ-50 est moins cher que celui du m\u00e9langeur \u00e0 p\u00e2te TZ-100, car il a une capacit\u00e9 inf\u00e9rieure. Il est donc tr\u00e8s important de garantir vos besoins avant d\u2019en acheter un. Contactez-nous d\u00e8s aujourd'hui pour nous faire part de votre demande et obtenir une liste de prix gratuite et ad\u00e9quate.<\/p>    <figure class=\"wp-block-image size-full\"><img loading=\"lazy\" decoding=\"async\" width=\"720\" height=\"540\" src=\"https:\/\/topfoodmachine.com\/wp-content\/uploads\/2023\/03\/industrial-dough-mixer-machine.jpg\" alt=\"machine m\u00e9langeuse de p\u00e2te industrielle\" class=\"wp-image-409\" srcset=\"https:\/\/topfoodmachine.com\/wp-content\/uploads\/2023\/03\/industrial-dough-mixer-machine.jpg 720w, https:\/\/topfoodmachine.com\/wp-content\/uploads\/2023\/03\/industrial-dough-mixer-machine-300x225.jpg 300w\" sizes=\"auto, (max-width: 720px) 100vw, 720px\" \/><figcaption class=\"wp-element-caption\">machine m\u00e9langeuse de p\u00e2te industrielle<\/figcaption><\/figure>    <h2 class=\"wp-block-heading\">Contactez-nous maintenant pour d\u00e9marrer\/b\u00e9n\u00e9ficier de votre entreprise\u00a0!<\/h2>    <p>Si vous \u00eates propri\u00e9taire d'une boulangerie ou d'une installation de production alimentaire, investir dans une machine de fabrication de p\u00e2te industrielle peut contribuer \u00e0 am\u00e9liorer l'efficacit\u00e9 et la productivit\u00e9 de votre entreprise tout en r\u00e9duisant les co\u00fbts de main-d'\u0153uvre. Avec de nombreux avantages tels que le gain de temps, la coh\u00e9rence, la polyvalence et la grande capacit\u00e9, les machines industrielles de fabrication de p\u00e2te peuvent changer la donne pour vos op\u00e9rations. Investissez dans un produit d\u00e8s aujourd\u2019hui pour r\u00e9colter les fruits d\u2019une efficacit\u00e9, d\u2019une coh\u00e9rence et d\u2019une rentabilit\u00e9 accrues.<\/p>    <p class=\"translation-block\">La soci\u00e9t\u00e9 Taizy est un fabricant complet de <a href=\"https:\/\/topfoodmachine.com\/fr\/\">machines de production et de transformation alimentaire<\/a>. Si vous souhaitez d\u00e9marrer votre entreprise alimentaire, contactez-nous maintenant pour commencer votre parcours commercial r\u00e9ussi.<\/p>","protected":false},"excerpt":{"rendered":"<p>Commercial dough mixer is an essential component for any pastry service establishment that requires dough preparation. It is widely used in the modern bakeries, pizzerias, restaurant, and food factories. The main function of the dough mixer machine is to perform the task of mixing and kneading dough automatically at a high speed, thus saving time [&hellip;]<\/p>\n","protected":false},"author":1,"featured_media":403,"parent":0,"template":"","tags":[17],"product-type":[6],"class_list":["post-402","product","type-product","status-publish","has-post-thumbnail","hentry","tag-pastry-production-machine","product-type-pastry-production-machine"],"_links":{"self":[{"href":"https:\/\/topfoodmachine.com\/fr\/wp-json\/wp\/v2\/product\/402","targetHints":{"allow":["GET"]}}],"collection":[{"href":"https:\/\/topfoodmachine.com\/fr\/wp-json\/wp\/v2\/product"}],"about":[{"href":"https:\/\/topfoodmachine.com\/fr\/wp-json\/wp\/v2\/types\/product"}],"author":[{"embeddable":true,"href":"https:\/\/topfoodmachine.com\/fr\/wp-json\/wp\/v2\/users\/1"}],"wp:featuredmedia":[{"embeddable":true,"href":"https:\/\/topfoodmachine.com\/fr\/wp-json\/wp\/v2\/media\/403"}],"wp:attachment":[{"href":"https:\/\/topfoodmachine.com\/fr\/wp-json\/wp\/v2\/media?parent=402"}],"wp:term":[{"taxonomy":"post_tag","embeddable":true,"href":"https:\/\/topfoodmachine.com\/fr\/wp-json\/wp\/v2\/tags?post=402"},{"taxonomy":"product-type","embeddable":true,"href":"https:\/\/topfoodmachine.com\/fr\/wp-json\/wp\/v2\/product-type?post=402"}],"curies":[{"name":"wp","href":"https:\/\/api.w.org\/{rel}","templated":true}]}}