{"id":297,"date":"2022-08-03T03:00:36","date_gmt":"2022-08-02T19:00:36","guid":{"rendered":"https:\/\/topfoodmachine.com\/?post_type=product&#038;p=297"},"modified":"2023-02-15T15:05:01","modified_gmt":"2023-02-15T07:05:01","slug":"automatic-chicken-cutting-machine","status":"publish","type":"product","link":"https:\/\/topfoodmachine.com\/fr\/product\/automatic-chicken-cutting-machine\/","title":{"rendered":"Machine de d\u00e9coupe automatique de poulet"},"content":{"rendered":"<div class=\"kk-star-ratings kksr-auto kksr-align-left kksr-valign-top\"     data-payload='{&quot;align&quot;:&quot;left&quot;,&quot;id&quot;:&quot;297&quot;,&quot;slug&quot;:&quot;default&quot;,&quot;valign&quot;:&quot;top&quot;,&quot;ignore&quot;:&quot;&quot;,&quot;reference&quot;:&quot;auto&quot;,&quot;class&quot;:&quot;&quot;,&quot;count&quot;:&quot;7&quot;,&quot;legendonly&quot;:&quot;&quot;,&quot;readonly&quot;:&quot;&quot;,&quot;score&quot;:&quot;4.8&quot;,&quot;starsonly&quot;:&quot;&quot;,&quot;best&quot;:&quot;5&quot;,&quot;gap&quot;:&quot;5&quot;,&quot;greet&quot;:&quot;Rate this product&quot;,&quot;legend&quot;:&quot;4.8\\\/5 - (7 votes)&quot;,&quot;size&quot;:&quot;24&quot;,&quot;title&quot;:&quot;Automatic Chicken Cutting Machine&quot;,&quot;width&quot;:&quot;136.7&quot;,&quot;_legend&quot;:&quot;{score}\\\/{best} - ({count} {votes})&quot;,&quot;font_factor&quot;:&quot;1.25&quot;}'>              <div class=\"kksr-stars\">      <div class=\"kksr-stars-inactive\">             <div class=\"kksr-star\" data-star=\"1\" style=\"padding-right: 5px\">               <div class=\"kksr-icon\" style=\"width: 24px; height: 24px;\"><\/div>         <\/div>             <div class=\"kksr-star\" data-star=\"2\" style=\"padding-right: 5px\">               <div class=\"kksr-icon\" style=\"width: 24px; height: 24px;\"><\/div>         <\/div>             <div class=\"kksr-star\" data-star=\"3\" style=\"padding-right: 5px\">               <div class=\"kksr-icon\" style=\"width: 24px; height: 24px;\"><\/div>         <\/div>             <div class=\"kksr-star\" data-star=\"4\" style=\"padding-right: 5px\">               <div class=\"kksr-icon\" style=\"width: 24px; height: 24px;\"><\/div>         <\/div>             <div class=\"kksr-star\" data-star=\"5\" style=\"padding-right: 5px\">               <div class=\"kksr-icon\" style=\"width: 24px; height: 24px;\"><\/div>         <\/div>     <\/div>      <div class=\"kksr-stars-active\" style=\"width: 136.7px;\">             <div class=\"kksr-star\" style=\"padding-right: 5px\">               <div class=\"kksr-icon\" style=\"width: 24px; height: 24px;\"><\/div>         <\/div>             <div class=\"kksr-star\" style=\"padding-right: 5px\">               <div class=\"kksr-icon\" style=\"width: 24px; height: 24px;\"><\/div>         <\/div>             <div class=\"kksr-star\" style=\"padding-right: 5px\">               <div class=\"kksr-icon\" style=\"width: 24px; height: 24px;\"><\/div>         <\/div>             <div class=\"kksr-star\" style=\"padding-right: 5px\">               <div class=\"kksr-icon\" style=\"width: 24px; height: 24px;\"><\/div>         <\/div>             <div class=\"kksr-star\" style=\"padding-right: 5px\">               <div class=\"kksr-icon\" style=\"width: 24px; height: 24px;\"><\/div>         <\/div>     <\/div> <\/div>                   <div class=\"kksr-legend\" style=\"font-size: 19.2px;\">             4,8\/5 - (7 votes)    <\/div>     <\/div>  <p class=\"translation-block\">La <strong>machine \u00e0 couper le poulet automatique<\/strong> est utilis\u00e9e pour couper la viande de poulet fra\u00eeche et congel\u00e9e en morceaux. De plus, elle peut \u00e9galement \u00eatre appliqu\u00e9e pour couper de nombreux autres types de viande comme le poisson, le mouton, le porc, le b\u0153uf, la viande d'oie, la viande de canard, etc. La taille de coupe est r\u00e9glable pour r\u00e9pondre \u00e0 vos diff\u00e9rentes exigences. De plus, la capacit\u00e9 de la <strong>machine \u00e0 couper le poulet commerciale<\/strong> varie de 400 \u00e0 500 kg par heure. Et l'ensemble de la machine est en acier inoxydable de qualit\u00e9 alimentaire, ce qui est tr\u00e8s durable. Cette <strong>machine \u00e0 couper la viande de poulet<\/strong> est tr\u00e8s adapt\u00e9e pour vos magasins, fermes ou usines de transformation alimentaire. N'h\u00e9sitez pas \u00e0 nous contacter pour le prix de la petite machine \u00e0 couper le poulet. <\/p>    <h2 class=\"wp-block-heading\">Qu'est-ce qu'un coupe-poulet ?<\/h2>    <p>Un coupe-poulet ou une machine \u00e0 d\u00e9couper le poulet est utilis\u00e9 pour transformer la viande de poulet congel\u00e9e ou fra\u00eeche en cubes. La taille de coupe est r\u00e9glable en fonction de votre situation r\u00e9elle. La capacit\u00e9 de cette machine peut atteindre 500 kg par heure. Cela peut grandement am\u00e9liorer votre productivit\u00e9 et r\u00e9duire vos co\u00fbts. En outre, le prix de la machine de d\u00e9coupe automatique de poulet est abordable. Il convient tout \u00e0 fait \u00e0 vos commerces, fermes, restaurants, \u00e9coles, h\u00f4pitaux, etc.<\/p>    <figure class=\"wp-block-image size-full\"><img loading=\"lazy\" decoding=\"async\" width=\"720\" height=\"540\" src=\"https:\/\/topfoodmachine.com\/wp-content\/uploads\/2022\/08\/automatic-chicken-cutting-machine.jpg\" alt=\"d\u00e9coupeuse automatique de poulet\" class=\"wp-image-300\" srcset=\"https:\/\/topfoodmachine.com\/wp-content\/uploads\/2022\/08\/automatic-chicken-cutting-machine.jpg 720w, https:\/\/topfoodmachine.com\/wp-content\/uploads\/2022\/08\/automatic-chicken-cutting-machine-300x225.jpg 300w\" sizes=\"auto, (max-width: 720px) 100vw, 720px\" \/><figcaption class=\"wp-element-caption\">d\u00e9coupeuse automatique de poulet<\/figcaption><\/figure>    <h2 class=\"wp-block-heading\">Caract\u00e9ristiques de la machine \u00e0 d\u00e9couper la viande de poulet <\/h2>    <ol class=\"wp-block-list\" type=\"1\"> <li>La machine \u00e0 d\u00e9couper la viande de poulet a adopt\u00e9 un mat\u00e9riau enti\u00e8rement en acier inoxydable, de qualit\u00e9 alimentaire et tr\u00e8s facile \u00e0 nettoyer<\/li>    <li>Cette machine a une structure simple et une conception raisonnable, elle est facile \u00e0 utiliser et \u00e0 entretenir<\/li>    <li>La taille de coupe peut \u00eatre personnalis\u00e9e en fonction de vos besoins sp\u00e9cifiques<\/li>    <li>Les tailles de coupe sont normalement 2,5*2,5 cm, 3*3 cm, 3,5*3,5 cm, 4*4 cm, 5*5 cm.<\/li>    <li>Avec un niveau d'automatisation \u00e9lev\u00e9, la machine de d\u00e9coupe de viande de poulet a un rendement \u00e9lev\u00e9<\/li>    <li>Il a une large application, qui est \u00e9galement id\u00e9ale pour le canard, le mouton, le poisson, le porc, le b\u0153uf, etc.<\/li> <\/ol>    <figure class=\"wp-block-image size-full\"><img loading=\"lazy\" decoding=\"async\" width=\"720\" height=\"540\" src=\"https:\/\/topfoodmachine.com\/wp-content\/uploads\/2022\/08\/chicken-meat-cutting-machine.jpg\" alt=\"machine de d\u00e9coupe de viande de poulet\" class=\"wp-image-302\" srcset=\"https:\/\/topfoodmachine.com\/wp-content\/uploads\/2022\/08\/chicken-meat-cutting-machine.jpg 720w, https:\/\/topfoodmachine.com\/wp-content\/uploads\/2022\/08\/chicken-meat-cutting-machine-300x225.jpg 300w\" sizes=\"auto, (max-width: 720px) 100vw, 720px\" \/><figcaption class=\"wp-element-caption\">machine de d\u00e9coupe de viande de poulet<\/figcaption><\/figure>    <h2 class=\"wp-block-heading\">Param\u00e8tres de la d\u00e9coupeuse automatique de poulet Taizy<\/h2>    <figure class=\"wp-block-table\"><table><tbody><tr><td>Capacit\u00e9<\/td><td>400-500 kg\/heure<\/td><\/tr><tr><td>Taille<\/td><td>1300x600x960mm<\/td><\/tr><tr><td>Pouvoir<\/td><td>220v (3, 0kw) 380v (2, 2kw)<\/td><\/tr><tr><td>Poids total<\/td><td>250 kg<\/td><\/tr><tr><td>Courroie trap\u00e9zo\u00efdale<\/td><td>B1016<\/td><\/tr><tr><td>La longueur de la viande coup\u00e9e<\/td><td>15-50mm<\/td><\/tr><tr><td>Tapis roulant<\/td><td>310\u00d71500<\/td><\/tr><\/tbody><\/table><\/figure>    <h2 class=\"wp-block-heading\">Applications de la machine \u00e0 d\u00e9couper la viande commerciale <\/h2>    <p>En fait, la d\u00e9coupeuse automatique de poulet est une sorte de d\u00e9coupeuse de viande commerciale. Il peut non seulement traiter la viande de poulet, mais \u00e9galement de nombreux autres types de viande, comme le canard, le mouton, le b\u0153uf, l'oie, le porto, etc. La taille du couteau peut \u00eatre ajust\u00e9e pour s'adapter \u00e0 vos besoins, de 15 mm \u00e0 50 mm.<\/p>    <figure class=\"wp-block-image size-full\"><img loading=\"lazy\" decoding=\"async\" width=\"720\" height=\"467\" src=\"https:\/\/topfoodmachine.com\/wp-content\/uploads\/2022\/08\/meat-cutting-machine-applications.jpg\" alt=\"applications de la machine \u00e0 couper la viande\" class=\"wp-image-301\" srcset=\"https:\/\/topfoodmachine.com\/wp-content\/uploads\/2022\/08\/meat-cutting-machine-applications.jpg 720w, https:\/\/topfoodmachine.com\/wp-content\/uploads\/2022\/08\/meat-cutting-machine-applications-300x195.jpg 300w\" sizes=\"auto, (max-width: 720px) 100vw, 720px\" \/><figcaption class=\"wp-element-caption\">applications de la machine \u00e0 couper la viande<\/figcaption><\/figure>    <h2 class=\"wp-block-heading\">D\u00e9tails de structure de la machine de d\u00e9coupe de viande congel\u00e9e <\/h2>    <p>Cette machine \u00e0 d\u00e9couper la viande a une structure simple, elle se compose principalement de ces pi\u00e8ces\u00a0:<\/p>    <ol class=\"wp-block-list\" type=\"1\"> <li>Convoyage en PVC de qualit\u00e9 alimentaire. Il utilisait une conception de plaque de cha\u00eene, tr\u00e8s facile \u00e0 remplacer<\/li>    <li>Coupeur \u00e9paississant de haute qualit\u00e9. La lame est tranchante, r\u00e9sistante \u00e0 l'usure et \u00e0 la corrosion<\/li>    <li>Brosse. L'adoption d'un mat\u00e9riau de machine alimentaire peut \u00e9liminer les r\u00e9sidus sur la planche<\/li>    <li>Coque de protection. Le couvercle \u00e0 l'ext\u00e9rieur du coupeur prot\u00e8ge la s\u00e9curit\u00e9 du coupeur et de l'op\u00e9rateur<\/li> <\/ol>    <h2 class=\"wp-block-heading\">FAQ sur les d\u00e9coupeuses automatiques de poulet Taizy<\/h2>   <div id=\"rank-math-faq\" class=\"rank-math-block\"> <div class=\"rank-math-list\"> <div id=\"faq-question-1663567365255\" class=\"rank-math-list-item\"> <h3 class=\"rank-math-question\"><strong>Les sp\u00e9cifications de coupe peuvent-elles \u00eatre ajust\u00e9es\u00a0?<\/strong><\/h3> <div class=\"rank-math-answer\">  <p>Oui, il peut \u00eatre ajust\u00e9 et la longueur de coupe est de 15 mm \u00e0 50 mm.<\/p>  <\/div> <\/div> <div id=\"faq-question-1663567372730\" class=\"rank-math-list-item\"> <h3 class=\"rank-math-question\"><strong>Quelles sont les pi\u00e8ces de rechange vuln\u00e9rables de la machine de d\u00e9coupe\u00a0?<\/strong><\/h3> <div class=\"rank-math-answer\">  <p>Les lames et les courroies doivent \u00eatre remplac\u00e9es \u00e0 temps si elles sont cass\u00e9es<\/p>  <\/div> <\/div> <div id=\"faq-question-1663567383907\" class=\"rank-math-list-item\"> <h3 class=\"rank-math-question\"><strong>A quoi sert la d\u00e9coupeuse de volaille ?<\/strong><\/h3> <div class=\"rank-math-answer\">  <p>Il est utilis\u00e9 pour d\u00e9couper du poulet, du b\u0153uf, du mouton, du porc, de l'oie, du canard, frais ou surgel\u00e9s, etc.<\/p>  <\/div> <\/div> <\/div> <\/div>","protected":false},"excerpt":{"rendered":"<p>Automatic chicken cutting machine is used for cutting fresh and frozen chicken meat into blocks. Besides, it can also be applied for cutting many other types of meat like fish, mutton, pork, beef, goose meat, duck meat, etc. The cutting size is adjustable to meet your different requirements. Besides, the capacity of the commercial chicken [&hellip;]<\/p>\n","protected":false},"author":1,"featured_media":300,"parent":0,"template":"","tags":[12],"product-type":[7],"class_list":["post-297","product","type-product","status-publish","has-post-thumbnail","hentry","tag-egg-meat-processing-machine","product-type-egg-meat-processing-machine"],"_links":{"self":[{"href":"https:\/\/topfoodmachine.com\/fr\/wp-json\/wp\/v2\/product\/297","targetHints":{"allow":["GET"]}}],"collection":[{"href":"https:\/\/topfoodmachine.com\/fr\/wp-json\/wp\/v2\/product"}],"about":[{"href":"https:\/\/topfoodmachine.com\/fr\/wp-json\/wp\/v2\/types\/product"}],"author":[{"embeddable":true,"href":"https:\/\/topfoodmachine.com\/fr\/wp-json\/wp\/v2\/users\/1"}],"wp:featuredmedia":[{"embeddable":true,"href":"https:\/\/topfoodmachine.com\/fr\/wp-json\/wp\/v2\/media\/300"}],"wp:attachment":[{"href":"https:\/\/topfoodmachine.com\/fr\/wp-json\/wp\/v2\/media?parent=297"}],"wp:term":[{"taxonomy":"post_tag","embeddable":true,"href":"https:\/\/topfoodmachine.com\/fr\/wp-json\/wp\/v2\/tags?post=297"},{"taxonomy":"product-type","embeddable":true,"href":"https:\/\/topfoodmachine.com\/fr\/wp-json\/wp\/v2\/product-type?post=297"}],"curies":[{"name":"wp","href":"https:\/\/api.w.org\/{rel}","templated":true}]}}