{"id":289,"date":"2022-08-02T07:46:37","date_gmt":"2022-08-01T23:46:37","guid":{"rendered":"https:\/\/topfoodmachine.com\/?post_type=product&#038;p=289"},"modified":"2025-04-27T16:51:55","modified_gmt":"2025-04-27T08:51:55","slug":"chin-chin-cutting-machine","status":"publish","type":"product","link":"https:\/\/topfoodmachine.com\/fr\/product\/chin-chin-cutting-machine\/","title":{"rendered":"Machine de d\u00e9coupe de menton"},"content":{"rendered":"<div class=\"kk-star-ratings kksr-auto kksr-align-left kksr-valign-top\"     data-payload='{&quot;align&quot;:&quot;left&quot;,&quot;id&quot;:&quot;289&quot;,&quot;slug&quot;:&quot;default&quot;,&quot;valign&quot;:&quot;top&quot;,&quot;ignore&quot;:&quot;&quot;,&quot;reference&quot;:&quot;auto&quot;,&quot;class&quot;:&quot;&quot;,&quot;count&quot;:&quot;8&quot;,&quot;legendonly&quot;:&quot;&quot;,&quot;readonly&quot;:&quot;&quot;,&quot;score&quot;:&quot;4.6&quot;,&quot;starsonly&quot;:&quot;&quot;,&quot;best&quot;:&quot;5&quot;,&quot;gap&quot;:&quot;5&quot;,&quot;greet&quot;:&quot;Rate this product&quot;,&quot;legend&quot;:&quot;4.6\\\/5 - (8 votes)&quot;,&quot;size&quot;:&quot;24&quot;,&quot;title&quot;:&quot;Chin Chin Cutting Machine&quot;,&quot;width&quot;:&quot;130.9&quot;,&quot;_legend&quot;:&quot;{score}\\\/{best} - ({count} {votes})&quot;,&quot;font_factor&quot;:&quot;1.25&quot;}'>              <div class=\"kksr-stars\">      <div class=\"kksr-stars-inactive\">             <div class=\"kksr-star\" data-star=\"1\" style=\"padding-right: 5px\">               <div class=\"kksr-icon\" style=\"width: 24px; height: 24px;\"><\/div>         <\/div>             <div class=\"kksr-star\" data-star=\"2\" style=\"padding-right: 5px\">               <div class=\"kksr-icon\" style=\"width: 24px; height: 24px;\"><\/div>         <\/div>             <div class=\"kksr-star\" data-star=\"3\" style=\"padding-right: 5px\">               <div class=\"kksr-icon\" style=\"width: 24px; height: 24px;\"><\/div>         <\/div>             <div class=\"kksr-star\" data-star=\"4\" style=\"padding-right: 5px\">               <div class=\"kksr-icon\" style=\"width: 24px; height: 24px;\"><\/div>         <\/div>             <div class=\"kksr-star\" data-star=\"5\" style=\"padding-right: 5px\">               <div class=\"kksr-icon\" style=\"width: 24px; height: 24px;\"><\/div>         <\/div>     <\/div>      <div class=\"kksr-stars-active\" style=\"width: 130.9px;\">             <div class=\"kksr-star\" style=\"padding-right: 5px\">               <div class=\"kksr-icon\" style=\"width: 24px; height: 24px;\"><\/div>         <\/div>             <div class=\"kksr-star\" style=\"padding-right: 5px\">               <div class=\"kksr-icon\" style=\"width: 24px; height: 24px;\"><\/div>         <\/div>             <div class=\"kksr-star\" style=\"padding-right: 5px\">               <div class=\"kksr-icon\" style=\"width: 24px; height: 24px;\"><\/div>         <\/div>             <div class=\"kksr-star\" style=\"padding-right: 5px\">               <div class=\"kksr-icon\" style=\"width: 24px; height: 24px;\"><\/div>         <\/div>             <div class=\"kksr-star\" style=\"padding-right: 5px\">               <div class=\"kksr-icon\" style=\"width: 24px; height: 24px;\"><\/div>         <\/div>     <\/div> <\/div>                   <div class=\"kksr-legend\" style=\"font-size: 19.2px;\">             4,6\/5 - (8 votes)    <\/div>     <\/div>  <p>La machine \u00e9lectrique \u00e0 couper le Chin Chin est un \u00e9quipement cl\u00e9 de la ligne de production de Chin Chin, con\u00e7ue pour rationaliser le processus de cr\u00e9ation de ce snack nig\u00e9rian populaire. <\/p>    <p>En automatisant la d\u00e9coupe de la p\u00e2te en formes coh\u00e9rentes, telles que des carr\u00e9s, des bandes ou des morceaux en forme de diamant, cette machine garantit l'uniformit\u00e9 et une grande efficacit\u00e9. <\/p>    <p>Cette machine polyvalente est non seulement id\u00e9ale pour produire du Chin Chin, mais est \u00e9galement largement utilis\u00e9e dans la production de nouilles de riz, de trois couteaux au miel et d'autres collations. <\/p>    <figure class=\"wp-block-embed is-type-video is-provider-youtube wp-block-embed-youtube wp-embed-aspect-16-9 wp-has-aspect-ratio\"><div class=\"wp-block-embed__wrapper\"> <iframe loading=\"lazy\" title=\"Machine \u00e0 d\u00e9couper Chin Chin en action | Regardez-la travailler en direct ! #pasta #foodprocessing #foodmachine\" width=\"500\" height=\"281\" src=\"https:\/\/www.youtube.com\/embed\/VsFOJM9C2SY?feature=oembed\" frameborder=\"0\" allow=\"accelerometer; autoplay; clipboard-write; encrypted-media; gyroscope; picture-in-picture; web-share\" referrerpolicy=\"strict-origin-when-cross-origin\" allowfullscreen><\/iframe> <\/div><figcaption class=\"wp-element-caption\">Vid\u00e9o de travail de la machine \u00e0 d\u00e9couper Chin Chin<\/figcaption><\/figure>    <h2 class=\"wp-block-heading\">Diff\u00e9rents types de chin chin<\/h2>    <p>La machine \u00e0 d\u00e9couper Chin Chin offre une grande flexibilit\u00e9 dans la production de divers types de collations en changeant simplement les outils de formation. Avec diff\u00e9rentes tailles et formes de moules, la machine peut facilement cr\u00e9er non seulement du Chin Chin traditionnel en formes carr\u00e9es ou en bandes, mais aussi d'autres collations populaires comme les trois couteaux au miel, les bandes de riz et les sourires. <\/p>    <p>Cette polyvalence rend la machine hautement adaptable aux diff\u00e9rents besoins de production, permettant aux fabricants d'\u00e9largir leur gamme de produits et de r\u00e9pondre facilement \u00e0 la diversit\u00e9 des demandes du march\u00e9.<\/p>    <figure class=\"wp-block-gallery has-nested-images columns-2 is-cropped wp-block-gallery-2 is-layout-flex wp-block-gallery-is-layout-flex\"> <figure class=\"wp-block-image size-large\"><img loading=\"lazy\" decoding=\"async\" width=\"720\" height=\"540\" data-id=\"1286\" src=\"https:\/\/topfoodmachine.com\/wp-content\/uploads\/2022\/08\/blades-of-chin-chin-maker.webp\" alt=\"lames de la machine \u00e0 Chin Chin\" class=\"wp-image-1286\" srcset=\"https:\/\/topfoodmachine.com\/wp-content\/uploads\/2022\/08\/blades-of-chin-chin-maker.webp 720w, https:\/\/topfoodmachine.com\/wp-content\/uploads\/2022\/08\/blades-of-chin-chin-maker-300x225.webp 300w, https:\/\/topfoodmachine.com\/wp-content\/uploads\/2022\/08\/blades-of-chin-chin-maker-16x12.webp 16w\" sizes=\"auto, (max-width: 720px) 100vw, 720px\" \/><figcaption class=\"wp-element-caption\">lames de la machine \u00e0 Chin Chin<\/figcaption><\/figure>    <figure class=\"wp-block-image size-large\"><img loading=\"lazy\" decoding=\"async\" width=\"720\" height=\"540\" data-id=\"1287\" src=\"https:\/\/topfoodmachine.com\/wp-content\/uploads\/2022\/08\/rhombus-type-chin-chin.webp\" alt=\"Chin Chin en forme de losange\" class=\"wp-image-1287\" srcset=\"https:\/\/topfoodmachine.com\/wp-content\/uploads\/2022\/08\/rhombus-type-chin-chin.webp 720w, https:\/\/topfoodmachine.com\/wp-content\/uploads\/2022\/08\/rhombus-type-chin-chin-300x225.webp 300w, https:\/\/topfoodmachine.com\/wp-content\/uploads\/2022\/08\/rhombus-type-chin-chin-16x12.webp 16w\" sizes=\"auto, (max-width: 720px) 100vw, 720px\" \/><figcaption class=\"wp-element-caption\">Chin Chin en forme de losange<\/figcaption><\/figure>    <figure class=\"wp-block-image size-large\"><img loading=\"lazy\" decoding=\"async\" width=\"720\" height=\"540\" data-id=\"1288\" src=\"https:\/\/topfoodmachine.com\/wp-content\/uploads\/2022\/08\/square-type-chin-chin.webp\" alt=\"Chin Chin en forme carr\u00e9e\" class=\"wp-image-1288\" srcset=\"https:\/\/topfoodmachine.com\/wp-content\/uploads\/2022\/08\/square-type-chin-chin.webp 720w, https:\/\/topfoodmachine.com\/wp-content\/uploads\/2022\/08\/square-type-chin-chin-300x225.webp 300w, https:\/\/topfoodmachine.com\/wp-content\/uploads\/2022\/08\/square-type-chin-chin-16x12.webp 16w\" sizes=\"auto, (max-width: 720px) 100vw, 720px\" \/><figcaption class=\"wp-element-caption\">Chin Chin en forme carr\u00e9e<\/figcaption><\/figure>    <figure class=\"wp-block-image size-large\"><img loading=\"lazy\" decoding=\"async\" width=\"720\" height=\"540\" data-id=\"1289\" src=\"https:\/\/topfoodmachine.com\/wp-content\/uploads\/2022\/08\/strip-chin-chin.webp\" alt=\"Chin Chin en bandes\" class=\"wp-image-1289\" srcset=\"https:\/\/topfoodmachine.com\/wp-content\/uploads\/2022\/08\/strip-chin-chin.webp 720w, https:\/\/topfoodmachine.com\/wp-content\/uploads\/2022\/08\/strip-chin-chin-300x225.webp 300w, https:\/\/topfoodmachine.com\/wp-content\/uploads\/2022\/08\/strip-chin-chin-16x12.webp 16w\" sizes=\"auto, (max-width: 720px) 100vw, 720px\" \/><figcaption class=\"wp-element-caption\">Chin Chin en bandes<\/figcaption><\/figure> <\/figure>    <h2 class=\"wp-block-heading\">Caract\u00e9ristiques de la machine \u00e0 couper le chin chin<\/h2>    <div class=\"wp-block-media-text has-media-on-the-right is-stacked-on-mobile\"><div class=\"wp-block-media-text__content\"> <ul class=\"wp-block-list\"> <li>D\u00e9coupe multifonction. En changeant les lames, la machine peut produire du Chin Chin, des trois couteaux au miel, des nouilles de riz et d'autres collations.<\/li>    <li>Saupoudrage automatique de farine. Les dispositifs de distribution de farine avant et arri\u00e8re emp\u00eachent le collage, avec des quantit\u00e9s de farine r\u00e9glables.<\/li>    <li>Conception de tamis vibrant. S\u00e9pare les produits finis de la farine exc\u00e9dentaire pour une sortie plus propre.<\/li>    <li>Stable et fiable. Structure m\u00e9canique simple, faible taux de panne et d\u00e9coupe uniforme sans gaspillage de mati\u00e8re.<\/li> <\/ul> <\/div><figure class=\"wp-block-media-text__media\"><img loading=\"lazy\" decoding=\"async\" width=\"720\" height=\"540\" src=\"https:\/\/topfoodmachine.com\/wp-content\/uploads\/2022\/08\/chin-chin-cutting-machine-1.jpg\" alt=\"machine de d\u00e9coupe de menton\" class=\"wp-image-290 size-full\" srcset=\"https:\/\/topfoodmachine.com\/wp-content\/uploads\/2022\/08\/chin-chin-cutting-machine-1.jpg 720w, https:\/\/topfoodmachine.com\/wp-content\/uploads\/2022\/08\/chin-chin-cutting-machine-1-300x225.jpg 300w\" sizes=\"auto, (max-width: 720px) 100vw, 720px\" \/><\/figure><\/div>    <div class=\"wp-block-media-text is-stacked-on-mobile\"><figure class=\"wp-block-media-text__media\"><img loading=\"lazy\" decoding=\"async\" width=\"720\" height=\"540\" src=\"https:\/\/topfoodmachine.com\/wp-content\/uploads\/2022\/08\/various-kinds-of-chin-chin.jpg\" alt=\"diff\u00e9rents types de Chin Chin\" class=\"wp-image-292 size-full\" srcset=\"https:\/\/topfoodmachine.com\/wp-content\/uploads\/2022\/08\/various-kinds-of-chin-chin.jpg 720w, https:\/\/topfoodmachine.com\/wp-content\/uploads\/2022\/08\/various-kinds-of-chin-chin-300x225.jpg 300w\" sizes=\"auto, (max-width: 720px) 100vw, 720px\" \/><\/figure><div class=\"wp-block-media-text__content\"> <ul class=\"wp-block-list\"> <li>Facile \u00e0 utiliser. Une personne peut compl\u00e9ter le chargement, la machine s'occupant de toute la d\u00e9coupe automatiquement.<\/li>    <li>Haute efficacit\u00e9. Grande capacit\u00e9, taille compacte et r\u00e9duction consid\u00e9rable des co\u00fbts de main-d'\u0153uvre et de production.<\/li>    <li>Taille et \u00e9paisseur r\u00e9glables. La taille du produit fini et l'\u00e9paisseur de la feuille de p\u00e2te peuvent \u00eatre facilement ajust\u00e9es via des rouleaux et des poign\u00e9es.<\/li> <\/ul> <\/div><\/div>    <h2 class=\"wp-block-heading\">Param\u00e8tres de la machine \u00e0 couper le chin chin<\/h2>    <figure class=\"wp-block-table\"><table class=\"has-fixed-layout\"><tbody><tr><td>Taper<\/td><td>TZ-150<\/td><td>TZ-1000<\/td><\/tr><tr><td>Pouvoir<\/td><td>2,6kw<\/td><td>4,5 kW<\/td><\/tr><tr><td>Capacit\u00e9<\/td><td>150~300 kg\/heure<\/td><td>1000kg\/heure<\/td><\/tr><tr><td>Poids<\/td><td>280kg<\/td><td>800 kg<\/td><\/tr><tr><td>Taille<\/td><td>1500*560*1200mm<\/td><td>3300*610*1500mm<\/td><\/tr><\/tbody><\/table><figcaption class=\"wp-element-caption\">param\u00e8tres de la machine \u00e0 d\u00e9couper Chin Chin<\/figcaption><\/figure>    <figure class=\"wp-block-image size-full\"><img loading=\"lazy\" decoding=\"async\" width=\"720\" height=\"540\" src=\"https:\/\/topfoodmachine.com\/wp-content\/uploads\/2022\/08\/exported-Chin-Chin-Making-Machine.webp\" alt=\"Machine de d\u00e9coupe de menton\" class=\"wp-image-1284\" srcset=\"https:\/\/topfoodmachine.com\/wp-content\/uploads\/2022\/08\/exported-Chin-Chin-Making-Machine.webp 720w, https:\/\/topfoodmachine.com\/wp-content\/uploads\/2022\/08\/exported-Chin-Chin-Making-Machine-300x225.webp 300w, https:\/\/topfoodmachine.com\/wp-content\/uploads\/2022\/08\/exported-Chin-Chin-Making-Machine-16x12.webp 16w\" sizes=\"auto, (max-width: 720px) 100vw, 720px\" \/><figcaption class=\"wp-element-caption\">Machine de d\u00e9coupe de menton<\/figcaption><\/figure>    <h2 class=\"wp-block-heading\">Comment fonctionne le coupe-menton ?<\/h2>    <div class=\"wp-block-media-text is-stacked-on-mobile\"><figure class=\"wp-block-media-text__media\"><img loading=\"lazy\" decoding=\"async\" width=\"720\" height=\"540\" src=\"https:\/\/topfoodmachine.com\/wp-content\/uploads\/2022\/08\/chin-chin-cutter-effects.jpg\" alt=\"effets du coupeur de Chin Chin\" class=\"wp-image-294 size-full\" srcset=\"https:\/\/topfoodmachine.com\/wp-content\/uploads\/2022\/08\/chin-chin-cutter-effects.jpg 720w, https:\/\/topfoodmachine.com\/wp-content\/uploads\/2022\/08\/chin-chin-cutter-effects-300x225.jpg 300w\" sizes=\"auto, (max-width: 720px) 100vw, 720px\" \/><\/figure><div class=\"wp-block-media-text__content\"> <ul class=\"wp-block-list\"> <li>Placez la feuille de p\u00e2te sur la zone d'alimentation de la machine.<\/li>    <li>D\u00e9marrez la machine et la p\u00e2te sera automatiquement transport\u00e9e entre les rouleaux.<\/li>    <li>Les rouleaux pressent la p\u00e2te \u00e0 l'\u00e9paisseur d\u00e9sir\u00e9e, qui peut \u00eatre ajust\u00e9e selon les besoins.<\/li>    <li>La p\u00e2te press\u00e9e est livr\u00e9e sur le tapis roulant menant \u00e0 la section de d\u00e9coupe.<\/li> <\/ul> <\/div><\/div>    <div class=\"wp-block-media-text has-media-on-the-right is-stacked-on-mobile\"><div class=\"wp-block-media-text__content\"> <ul class=\"wp-block-list\"> <li>La feuille de p\u00e2te passe \u00e0 travers le coupeur, o\u00f9 elle est tranch\u00e9e en carr\u00e9s, diamants, lunes ou autres formes.<\/li>    <li>La position de chaque rouleau peut \u00eatre ajust\u00e9e pour contr\u00f4ler l'\u00e9paisseur de la p\u00e2te, aidant \u00e0 g\u00e9rer la taille et le poids final du Chin Chin.<\/li>    <li>Apr\u00e8s la d\u00e9coupe, les morceaux finis sont s\u00e9par\u00e9s et pr\u00eats pour la prochaine \u00e9tape de traitement.<\/li> <\/ul> <\/div><figure class=\"wp-block-media-text__media\"><img loading=\"lazy\" decoding=\"async\" width=\"720\" height=\"540\" src=\"https:\/\/topfoodmachine.com\/wp-content\/uploads\/2022\/08\/industrial-chin-chin-cutter.jpg\" alt=\"coupeur de Chin Chin industriel\" class=\"wp-image-295 size-full\" srcset=\"https:\/\/topfoodmachine.com\/wp-content\/uploads\/2022\/08\/industrial-chin-chin-cutter.jpg 720w, https:\/\/topfoodmachine.com\/wp-content\/uploads\/2022\/08\/industrial-chin-chin-cutter-300x225.jpg 300w\" sizes=\"auto, (max-width: 720px) 100vw, 720px\" \/><\/figure><\/div>    <h2 class=\"wp-block-heading\">Pourquoi les snacks chin chin sont-ils si populaires ?<\/h2>    <p>Les collations de Chin Chin sont appr\u00e9ci\u00e9es pour leur go\u00fbt d\u00e9licieux, leur texture croustillante et leur polyvalence. Elles peuvent \u00eatre d\u00e9gust\u00e9es comme collation l\u00e9g\u00e8re, friandise de f\u00eate ou m\u00eame emball\u00e9es pour la vente commerciale. Avec une saveur douce et l\u00e9g\u00e8rement beurr\u00e9e et un croquant satisfaisant, le Chin Chin s\u00e9duit les personnes de tous \u00e2ges. <\/p>    <p>Leur longue dur\u00e9e de conservation, leur facilit\u00e9 de stockage et leur vari\u00e9t\u00e9 de formes et de tailles contribuent \u00e9galement \u00e0 leur popularit\u00e9. Que ce soit fait maison ou produit en masse, le Chin Chin reste une collation favorite dans de nombreuses cultures, en particulier en Afrique et au-del\u00e0.<\/p>    <figure class=\"wp-block-gallery has-nested-images columns-default is-cropped wp-block-gallery-3 is-layout-flex wp-block-gallery-is-layout-flex\"> <figure class=\"wp-block-image size-large\"><img loading=\"lazy\" decoding=\"async\" width=\"720\" height=\"540\" data-id=\"1276\" src=\"https:\/\/topfoodmachine.com\/wp-content\/uploads\/2022\/08\/Chin-Chin-Maker-with-good-price.webp\" alt=\"Machine \u00e0 Chin Chin \u00e0 bon prix\" class=\"wp-image-1276\" srcset=\"https:\/\/topfoodmachine.com\/wp-content\/uploads\/2022\/08\/Chin-Chin-Maker-with-good-price.webp 720w, https:\/\/topfoodmachine.com\/wp-content\/uploads\/2022\/08\/Chin-Chin-Maker-with-good-price-300x225.webp 300w, https:\/\/topfoodmachine.com\/wp-content\/uploads\/2022\/08\/Chin-Chin-Maker-with-good-price-16x12.webp 16w\" sizes=\"auto, (max-width: 720px) 100vw, 720px\" \/><figcaption class=\"wp-element-caption\">Machine \u00e0 Chin Chin \u00e0 bon prix<\/figcaption><\/figure>    <figure class=\"wp-block-image size-large\"><img loading=\"lazy\" decoding=\"async\" width=\"720\" height=\"540\" data-id=\"1283\" src=\"https:\/\/topfoodmachine.com\/wp-content\/uploads\/2022\/08\/details-of-Chin-Chin-Making-Machine.webp\" alt=\"d\u00e9tails de la machine \u00e0 faire du Chin Chin\" class=\"wp-image-1283\" srcset=\"https:\/\/topfoodmachine.com\/wp-content\/uploads\/2022\/08\/details-of-Chin-Chin-Making-Machine.webp 720w, https:\/\/topfoodmachine.com\/wp-content\/uploads\/2022\/08\/details-of-Chin-Chin-Making-Machine-300x225.webp 300w, https:\/\/topfoodmachine.com\/wp-content\/uploads\/2022\/08\/details-of-Chin-Chin-Making-Machine-16x12.webp 16w\" sizes=\"auto, (max-width: 720px) 100vw, 720px\" \/><figcaption class=\"wp-element-caption\">d\u00e9tails de la machine \u00e0 faire du Chin Chin<\/figcaption><\/figure> <\/figure>    <h2 class=\"wp-block-heading\">Contactez-nous<\/h2>    <p class=\"translation-block\">En r\u00e9sum\u00e9, notre <a href=\"https:\/\/en.wikipedia.org\/wiki\/Chin_chin\" data-type=\"link\" data-id=\"https:\/\/en.wikipedia.org\/wiki\/Chin_chin\" target=\"_blank\" rel=\"noopener\">machine de d\u00e9coupe de Chin Chin<\/a> produit non seulement diverses formes et saveurs de Chin Chin, mais fonctionne \u00e9galement avec facilit\u00e9 et haute automatisation, am\u00e9liorant l'efficacit\u00e9 de la production tout en maintenant la qualit\u00e9 du produit. <\/p>    <p class=\"translation-block\">De plus, lorsqu'il est associ\u00e9 \u00e0 notre <a href=\"https:\/\/topfoodmachine.com\/fr\/product\/chin-chin-making-machine\/\" data-type=\"link\" data-id=\"https:\/\/topfoodmachine.com\/product\/chin-chin-making-machine\/\">ligne de production de Chin Chin<\/a> avanc\u00e9e, vous pouvez atteindre l'automatisation et la production \u00e0 grande \u00e9chelle, apportant une grande commodit\u00e9 et une croissance des b\u00e9n\u00e9fices \u00e0 votre entreprise. Contactez-nous maintenant pour plus d'informations et pour demander un devis !<\/p>","protected":false},"excerpt":{"rendered":"<p>La machine \u00e9lectrique \u00e0 couper le Chin Chin est un \u00e9quipement cl\u00e9 de la ligne de production de Chin Chin, con\u00e7ue pour rationaliser le processus de cr\u00e9ation de ce snack nig\u00e9rian populaire. <\/p>","protected":false},"author":1,"featured_media":290,"parent":0,"template":"","tags":[118],"product-type":[6],"class_list":["post-289","product","type-product","status-publish","has-post-thumbnail","hentry","tag-chin-chin-cutting-machine","product-type-pastry-production-machine"],"_links":{"self":[{"href":"https:\/\/topfoodmachine.com\/fr\/wp-json\/wp\/v2\/product\/289","targetHints":{"allow":["GET"]}}],"collection":[{"href":"https:\/\/topfoodmachine.com\/fr\/wp-json\/wp\/v2\/product"}],"about":[{"href":"https:\/\/topfoodmachine.com\/fr\/wp-json\/wp\/v2\/types\/product"}],"author":[{"embeddable":true,"href":"https:\/\/topfoodmachine.com\/fr\/wp-json\/wp\/v2\/users\/1"}],"wp:featuredmedia":[{"embeddable":true,"href":"https:\/\/topfoodmachine.com\/fr\/wp-json\/wp\/v2\/media\/290"}],"wp:attachment":[{"href":"https:\/\/topfoodmachine.com\/fr\/wp-json\/wp\/v2\/media?parent=289"}],"wp:term":[{"taxonomy":"post_tag","embeddable":true,"href":"https:\/\/topfoodmachine.com\/fr\/wp-json\/wp\/v2\/tags?post=289"},{"taxonomy":"product-type","embeddable":true,"href":"https:\/\/topfoodmachine.com\/fr\/wp-json\/wp\/v2\/product-type?post=289"}],"curies":[{"name":"wp","href":"https:\/\/api.w.org\/{rel}","templated":true}]}}