{"id":277,"date":"2022-08-01T09:09:56","date_gmt":"2022-08-01T09:09:56","guid":{"rendered":"https:\/\/topfoodmachine.com\/?post_type=product&#038;p=277"},"modified":"2024-05-22T17:55:24","modified_gmt":"2024-05-22T09:55:24","slug":"chin-chin-making-machine","status":"publish","type":"product","link":"https:\/\/topfoodmachine.com\/fr\/product\/chin-chin-making-machine\/","title":{"rendered":"Machine de fabrication de menton"},"content":{"rendered":"<div class=\"kk-star-ratings kksr-auto kksr-align-left kksr-valign-top\"     data-payload='{&quot;align&quot;:&quot;left&quot;,&quot;id&quot;:&quot;277&quot;,&quot;slug&quot;:&quot;default&quot;,&quot;valign&quot;:&quot;top&quot;,&quot;ignore&quot;:&quot;&quot;,&quot;reference&quot;:&quot;auto&quot;,&quot;class&quot;:&quot;&quot;,&quot;count&quot;:&quot;24&quot;,&quot;legendonly&quot;:&quot;&quot;,&quot;readonly&quot;:&quot;&quot;,&quot;score&quot;:&quot;4.6&quot;,&quot;starsonly&quot;:&quot;&quot;,&quot;best&quot;:&quot;5&quot;,&quot;gap&quot;:&quot;5&quot;,&quot;greet&quot;:&quot;Rate this product&quot;,&quot;legend&quot;:&quot;4.6\\\/5 - (24 votes)&quot;,&quot;size&quot;:&quot;24&quot;,&quot;title&quot;:&quot;Chin Chin Making Machine&quot;,&quot;width&quot;:&quot;130.9&quot;,&quot;_legend&quot;:&quot;{score}\\\/{best} - ({count} {votes})&quot;,&quot;font_factor&quot;:&quot;1.25&quot;}'>              <div class=\"kksr-stars\">      <div class=\"kksr-stars-inactive\">             <div class=\"kksr-star\" data-star=\"1\" style=\"padding-right: 5px\">               <div class=\"kksr-icon\" style=\"width: 24px; height: 24px;\"><\/div>         <\/div>             <div class=\"kksr-star\" data-star=\"2\" style=\"padding-right: 5px\">               <div class=\"kksr-icon\" style=\"width: 24px; height: 24px;\"><\/div>         <\/div>             <div class=\"kksr-star\" data-star=\"3\" style=\"padding-right: 5px\">               <div class=\"kksr-icon\" style=\"width: 24px; height: 24px;\"><\/div>         <\/div>             <div class=\"kksr-star\" data-star=\"4\" style=\"padding-right: 5px\">               <div class=\"kksr-icon\" style=\"width: 24px; height: 24px;\"><\/div>         <\/div>             <div class=\"kksr-star\" data-star=\"5\" style=\"padding-right: 5px\">               <div class=\"kksr-icon\" style=\"width: 24px; height: 24px;\"><\/div>         <\/div>     <\/div>      <div class=\"kksr-stars-active\" style=\"width: 130.9px;\">             <div class=\"kksr-star\" style=\"padding-right: 5px\">               <div class=\"kksr-icon\" style=\"width: 24px; height: 24px;\"><\/div>         <\/div>             <div class=\"kksr-star\" style=\"padding-right: 5px\">               <div class=\"kksr-icon\" style=\"width: 24px; height: 24px;\"><\/div>         <\/div>             <div class=\"kksr-star\" style=\"padding-right: 5px\">               <div class=\"kksr-icon\" style=\"width: 24px; height: 24px;\"><\/div>         <\/div>             <div class=\"kksr-star\" style=\"padding-right: 5px\">               <div class=\"kksr-icon\" style=\"width: 24px; height: 24px;\"><\/div>         <\/div>             <div class=\"kksr-star\" style=\"padding-right: 5px\">               <div class=\"kksr-icon\" style=\"width: 24px; height: 24px;\"><\/div>         <\/div>     <\/div> <\/div>                   <div class=\"kksr-legend\" style=\"font-size: 19.2px;\">             4,6\/5 - (24 votes)    <\/div>     <\/div>  <p class=\"translation-block\"><strong>La ligne de fabrication de Chin Chin<\/strong> ou la ligne de production de Chin Chin est id\u00e9ale pour votre restaurant, vos magasins de collations, vos caf\u00e9s, etc. Elle se compose principalement de 6 machines : m\u00e9langeur de p\u00e2te, machine \u00e0 presser la p\u00e2te, machine \u00e0 d\u00e9couper Chin Chin, machine \u00e0 frire Chin Chin, machine \u00e0 d\u00e9graisser et machine \u00e0 emballer Chin Chin. Ces machines s'assemblent et peuvent fabriquer des collations de Chin Chin automatiquement et efficacement. <\/p>    <p>La capacit\u00e9 de production de la machine \u00e0 faire chin chin \u00e0 vendre chez Taizy varie de 150 kg\/h \u00e0 300 kg\/h. De plus, toutes les machines utilisent une structure en acier inoxydable, qui est un mat\u00e9riau de qualit\u00e9 alimentaire et durable. N'h\u00e9sitez pas \u00e0 nous contacter pour commencer votre entreprise de snacks chin chin.<\/p>    <figure class=\"wp-block-image size-full\"><img loading=\"lazy\" decoding=\"async\" width=\"720\" height=\"540\" src=\"https:\/\/topfoodmachine.com\/wp-content\/uploads\/2022\/08\/Chin-Chin-Maker-with-good-price.webp\" alt=\"Machine \u00e0 Chin Chin \u00e0 bon prix\" class=\"wp-image-1276\" srcset=\"https:\/\/topfoodmachine.com\/wp-content\/uploads\/2022\/08\/Chin-Chin-Maker-with-good-price.webp 720w, https:\/\/topfoodmachine.com\/wp-content\/uploads\/2022\/08\/Chin-Chin-Maker-with-good-price-300x225.webp 300w, https:\/\/topfoodmachine.com\/wp-content\/uploads\/2022\/08\/Chin-Chin-Maker-with-good-price-16x12.webp 16w\" sizes=\"auto, (max-width: 720px) 100vw, 720px\" \/><figcaption class=\"wp-element-caption\">Machine \u00e0 Chin Chin \u00e0 bon prix<\/figcaption><\/figure>    <h2 class=\"wp-block-heading\">Mati\u00e8res premi\u00e8res de la machine \u00e0 Chin Chin<\/h2>    <p>Les mati\u00e8res premi\u00e8res pour faire chin chin comprennent : farine, sucre, beurre ou margarine, \u0153ufs, lait ou eau, levure chimique ou bicarbonate de soude, \u00e9pices (comme la muscade ou la cannelle), sel et huile.<\/p>    <figure class=\"wp-block-gallery has-nested-images columns-default is-cropped wp-block-gallery-2 is-layout-flex wp-block-gallery-is-layout-flex\"> <figure class=\"wp-block-image size-large\"><img loading=\"lazy\" decoding=\"async\" width=\"720\" height=\"540\" data-id=\"1278\" src=\"https:\/\/topfoodmachine.com\/wp-content\/uploads\/2022\/08\/chin-chin.webp\" alt=\"chin chin\" class=\"wp-image-1278\" srcset=\"https:\/\/topfoodmachine.com\/wp-content\/uploads\/2022\/08\/chin-chin.webp 720w, https:\/\/topfoodmachine.com\/wp-content\/uploads\/2022\/08\/chin-chin-300x225.webp 300w, https:\/\/topfoodmachine.com\/wp-content\/uploads\/2022\/08\/chin-chin-16x12.webp 16w\" sizes=\"auto, (max-width: 720px) 100vw, 720px\" \/><figcaption class=\"wp-element-caption\">chin chin<\/figcaption><\/figure>    <figure class=\"wp-block-image size-large\"><img loading=\"lazy\" decoding=\"async\" width=\"720\" height=\"540\" data-id=\"1277\" src=\"https:\/\/topfoodmachine.com\/wp-content\/uploads\/2022\/08\/chin-chin-making.webp\" alt=\"fabrication de chin chin\" class=\"wp-image-1277\" srcset=\"https:\/\/topfoodmachine.com\/wp-content\/uploads\/2022\/08\/chin-chin-making.webp 720w, https:\/\/topfoodmachine.com\/wp-content\/uploads\/2022\/08\/chin-chin-making-300x225.webp 300w, https:\/\/topfoodmachine.com\/wp-content\/uploads\/2022\/08\/chin-chin-making-16x12.webp 16w\" sizes=\"auto, (max-width: 720px) 100vw, 720px\" \/><figcaption class=\"wp-element-caption\">fabrication de chin chin<\/figcaption><\/figure> <\/figure>    <h2 class=\"wp-block-heading\">Processus de la ligne de production de menton <\/h2>    <p>Le processus de travail de la ligne de production de chin chin est le suivant :<\/p>    <p><strong>M\u00e9lange de p\u00e2te \u2192 pressage de la p\u00e2te \u2192 coupe du menton \u2192 friture du menton \u2192 d\u00e9shuilage du menton \u2192 emballage du menton. <\/strong><\/p>    <figure class=\"wp-block-image size-full\"><img loading=\"lazy\" decoding=\"async\" width=\"720\" height=\"540\" src=\"https:\/\/topfoodmachine.com\/wp-content\/uploads\/2022\/08\/chin-chin-making-machine.jpg\" alt=\"menton faisant la machine\" class=\"wp-image-278\" srcset=\"https:\/\/topfoodmachine.com\/wp-content\/uploads\/2022\/08\/chin-chin-making-machine.jpg 720w, https:\/\/topfoodmachine.com\/wp-content\/uploads\/2022\/08\/chin-chin-making-machine-300x225.jpg 300w\" sizes=\"auto, (max-width: 720px) 100vw, 720px\" \/><figcaption class=\"wp-element-caption\">menton faisant la machine<\/figcaption><\/figure>    <h2 class=\"wp-block-heading\">Principales machines de la ligne de machines de fabrication de menton TAIZY<\/h2>    <h3 class=\"wp-block-heading\">1. M\u00e9langeur de p\u00e2te<\/h3>    <p>Dans une ligne de production commerciale de chin chin, une machine \u00e0 m\u00e9langer la p\u00e2te est g\u00e9n\u00e9ralement utilis\u00e9e. Elle peut m\u00e9langer une certaine quantit\u00e9 de farine et d'eau \u00e0 la fois pour obtenir une p\u00e2te m\u00e9lang\u00e9e. <\/p>    <p>La machine de m\u00e9lange utilise la rotation du m\u00e9langeur pour m\u00e9langer la farine et l'eau jusqu'\u00e0 obtenir une grande p\u00e2te m\u00e9lang\u00e9e. L'ensemble de la machine est fabriqu\u00e9 en acier inoxydable de qualit\u00e9 alimentaire. La sortie de la machine \u00e0 m\u00e9langer la p\u00e2te est de 25 kg, 50 kg, 100 kg, etc.<\/p>    <h4 class=\"wp-block-heading\">Param\u00e8tres du m\u00e9langeur de p\u00e2te<\/h4>    <ul class=\"wp-block-list\"> <li>Capacit\u00e9 : 50 kg\/batch<\/li>    <li>Temps : 3-10 min<\/li>    <li>Tension : 380 V 50 Hz<\/li>    <li>Puissance : 3kw<\/li>    <li>Taille de la machine : 1300*730*1100 mm<\/li> <\/ul>    <figure class=\"wp-block-image size-full\"><img loading=\"lazy\" decoding=\"async\" width=\"720\" height=\"540\" src=\"https:\/\/topfoodmachine.com\/wp-content\/uploads\/2022\/08\/dough-mixer-machine.jpg\" alt=\"machine \u00e0 m\u00e9langer la p\u00e2te\" class=\"wp-image-285\" srcset=\"https:\/\/topfoodmachine.com\/wp-content\/uploads\/2022\/08\/dough-mixer-machine.jpg 720w, https:\/\/topfoodmachine.com\/wp-content\/uploads\/2022\/08\/dough-mixer-machine-300x225.jpg 300w\" sizes=\"auto, (max-width: 720px) 100vw, 720px\" \/><figcaption class=\"wp-element-caption\">machine \u00e0 m\u00e9langer la p\u00e2te<\/figcaption><\/figure>    <h3 class=\"wp-block-heading\">2. Machine \u00e0 presser la p\u00e2te &nbsp;<\/h3>    <p>La machine \u00e0 presser la p\u00e2te&nbsp;presser la p\u00e2te \u00e0 plusieurs reprises \u00e0 travers le processus de transport de la p\u00e2te, de p\u00e9trissage, de pressage et de pliage. <\/p>    <p>Elle remplace le processus compliqu\u00e9 du p\u00e9trissage manuel traditionnel. Elle r\u00e9duit consid\u00e9rablement l'intensit\u00e9 du travail et am\u00e9liore la productivit\u00e9. De plus, la cro\u00fbte press\u00e9e \u00e0 plusieurs reprises est plus lisse, plus d\u00e9licate et plus rafra\u00eechissante.<\/p>    <h4 class=\"wp-block-heading\">Param\u00e8tres de la machine \u00e0 presser la p\u00e2te<\/h4>    <ul class=\"wp-block-list\"> <li>Tension : 380 V 50 Hz<\/li>    <li>Puissance : 3kw<\/li>    <li>Poids : 200 kg<\/li>    <li>Taille : 1060*750*1050 mm<\/li>    <li>Largeur &lt; 480 mm<\/li>    <li>\u00c9paisseur : 5-15 mm<\/li>    <li>Capacit\u00e9 : 200 kg\/h<\/li> <\/ul>    <figure class=\"wp-block-image size-full\"><img loading=\"lazy\" decoding=\"async\" width=\"720\" height=\"540\" src=\"https:\/\/topfoodmachine.com\/wp-content\/uploads\/2022\/08\/dough-pressing-machine.jpg\" alt=\"machine \u00e0 presser la p\u00e2te\" class=\"wp-image-286\" srcset=\"https:\/\/topfoodmachine.com\/wp-content\/uploads\/2022\/08\/dough-pressing-machine.jpg 720w, https:\/\/topfoodmachine.com\/wp-content\/uploads\/2022\/08\/dough-pressing-machine-300x225.jpg 300w\" sizes=\"auto, (max-width: 720px) 100vw, 720px\" \/><figcaption class=\"wp-element-caption\">machine \u00e0 presser la p\u00e2te<\/figcaption><\/figure>    <h3 class=\"wp-block-heading\">3. Machine \u00e0 d\u00e9couper Chin Chin<\/h3>    <p class=\"translation-block\">La <a href=\"https:\/\/topfoodmachine.com\/fr\/product\/chin-chin-cutting-machine\/\" data-type=\"link\" data-id=\"https:\/\/topfoodmachine.com\/product\/chin-chin-cutting-machine\/\">machine \u00e0 couper chin chin<\/a> est utilis\u00e9e pour presser et couper des feuilles de p\u00e2te en petits morceaux. La taille et l'\u00e9paisseur des produits finis peuvent \u00eatre personnalis\u00e9es selon les pr\u00e9f\u00e9rences.<\/p>    <p>De plus, la machine \u00e0 couper chin chin peut couper la p\u00e2te en diff\u00e9rentes formes telles que des carr\u00e9s, des losanges et des bandes en changeant les lames de coupe.<\/p>    <figure class=\"wp-block-image size-full\"><img loading=\"lazy\" decoding=\"async\" width=\"720\" height=\"540\" src=\"https:\/\/topfoodmachine.com\/wp-content\/uploads\/2022\/08\/Chin-Chin-Maker-for-sale.webp\" alt=\"Machine \u00e0 chin chin \u00e0 vendre\" class=\"wp-image-1279\" srcset=\"https:\/\/topfoodmachine.com\/wp-content\/uploads\/2022\/08\/Chin-Chin-Maker-for-sale.webp 720w, https:\/\/topfoodmachine.com\/wp-content\/uploads\/2022\/08\/Chin-Chin-Maker-for-sale-300x225.webp 300w, https:\/\/topfoodmachine.com\/wp-content\/uploads\/2022\/08\/Chin-Chin-Maker-for-sale-16x12.webp 16w\" sizes=\"auto, (max-width: 720px) 100vw, 720px\" \/><figcaption class=\"wp-element-caption\">Machine \u00e0 chin chin \u00e0 vendre<\/figcaption><\/figure>    <h4 class=\"wp-block-heading\">Param\u00e8tres techniques de la machine \u00e0 couper chin chin<\/h4>    <ul class=\"wp-block-list\"> <li>Tension : 380 V, 50 Hz<\/li>    <li>Puissance : 2,6 kW<\/li>    <li>Capacit\u00e9 : 150~300 kg\/h<\/li>    <li>Poids : 170 kg<\/li>    <li>Taille : 1500*560*1200 mm<\/li>    <li>Plage de largeur : 1,5-15 mm ; diff\u00e9rentes largeurs, vous pouvez les obtenir en changeant le coupeur.<\/li> <\/ul>    <figure class=\"wp-block-image size-full\"><img loading=\"lazy\" decoding=\"async\" width=\"720\" height=\"540\" src=\"https:\/\/topfoodmachine.com\/wp-content\/uploads\/2022\/08\/chin-chin-cutting-machine.jpg\" alt=\"machine de d\u00e9coupe de menton\" class=\"wp-image-282\" srcset=\"https:\/\/topfoodmachine.com\/wp-content\/uploads\/2022\/08\/chin-chin-cutting-machine.jpg 720w, https:\/\/topfoodmachine.com\/wp-content\/uploads\/2022\/08\/chin-chin-cutting-machine-300x225.jpg 300w\" sizes=\"auto, (max-width: 720px) 100vw, 720px\" \/><figcaption class=\"wp-element-caption\">machine de d\u00e9coupe de menton<\/figcaption><\/figure>    <h3 class=\"wp-block-heading\">4. Machine \u00e0 frire chin chin<\/h3>    <p>La friteuse chin chin est utilis\u00e9e pour frire chin chin afin de le cuire et de lui donner sa forme. Une grande vari\u00e9t\u00e9 d'options de friteuses chin chin est disponible, telles que friteuse \u00e0 bo\u00eete, friteuse circulaire et friteuse \u00e0 bande maill\u00e9e continue. Elles ont diff\u00e9rents degr\u00e9s d'automatisation. <\/p>    <p>La ligne de production chin chin semi-automatique peut choisir entre des friteuses de type bo\u00eete et de type rond. Les friteuses \u00e0 bande maill\u00e9e continue sont g\u00e9n\u00e9ralement utilis\u00e9es dans les usines de transformation chin chin pour une demande de production importante.<\/p>    <h4 class=\"wp-block-heading\">Param\u00e8tres de la machine \u00e0 frire chin chin<\/h4>    <ul class=\"wp-block-list\"> <li>Puissance de chauffage : 12 kW<\/li>    <li>Poids de la machine : 150 kg<\/li>    <li>Taille du panier : 500*500 mm<\/li>    <li>Taille : 700*700*950 mm<\/li>    <li>Capacit\u00e9 : environ 50 kg\/h<\/li> <\/ul>    <figure class=\"wp-block-image size-full\"><img loading=\"lazy\" decoding=\"async\" width=\"720\" height=\"540\" src=\"https:\/\/topfoodmachine.com\/wp-content\/uploads\/2022\/08\/chin-chin-frying-machine.jpg\" alt=\"machine \u00e0 frire chin chin\" class=\"wp-image-287\" srcset=\"https:\/\/topfoodmachine.com\/wp-content\/uploads\/2022\/08\/chin-chin-frying-machine.jpg 720w, https:\/\/topfoodmachine.com\/wp-content\/uploads\/2022\/08\/chin-chin-frying-machine-300x225.jpg 300w\" sizes=\"auto, (max-width: 720px) 100vw, 720px\" \/><figcaption class=\"wp-element-caption\">machine \u00e0 frire chin chin<\/figcaption><\/figure>    <h3 class=\"wp-block-heading\">5. Machine \u00e0 d\u00e9graisser<\/h3>    <p>Pour \u00e9viter qu'une grande quantit\u00e9 de graisse ne colle au chin chin apr\u00e8s la friture, ce qui affecte le go\u00fbt du chin chin. Il faut une machine \u00e0 d\u00e9graisser pour enlever l'exc\u00e8s de graisse du chin chin. <\/p>    <p>La machine \u00e0 d\u00e9graisser adopte g\u00e9n\u00e9ralement le principe centrifuge pour d\u00e9graisser. Le temps de d\u00e9graissage peut \u00eatre chronom\u00e9tr\u00e9 et un dispositif d'alarme peut \u00eatre ajout\u00e9 pour rappeler.<\/p>    <h4 class=\"wp-block-heading\">Param\u00e8tres de la machine \u00e0 d\u00e9graisser<\/h4>    <ul class=\"wp-block-list\"> <li>Capacit\u00e9 : 100-200 kg\/h<\/li>    <li>Dimension : 1100*500*850 mm<\/li>    <li>Tension : 380 V, 50 Hz<\/li>    <li>Puissance : 1,1 kW &nbsp;<\/li>    <li>Poids : 150 kg<\/li> <\/ul>    <figure class=\"wp-block-image size-full\"><img loading=\"lazy\" decoding=\"async\" width=\"720\" height=\"540\" src=\"https:\/\/topfoodmachine.com\/wp-content\/uploads\/2022\/08\/de-oiling-machine.jpg\" alt=\"machine \u00e0 d\u00e9graisser\" class=\"wp-image-288\" srcset=\"https:\/\/topfoodmachine.com\/wp-content\/uploads\/2022\/08\/de-oiling-machine.jpg 720w, https:\/\/topfoodmachine.com\/wp-content\/uploads\/2022\/08\/de-oiling-machine-300x225.jpg 300w\" sizes=\"auto, (max-width: 720px) 100vw, 720px\" \/><figcaption class=\"wp-element-caption\">machine \u00e0 d\u00e9graisser<\/figcaption><\/figure>    <h3 class=\"wp-block-heading\">6. Machine \u00e0 emballer chin chin &nbsp;<\/h3>    <p class=\"translation-block\"><a href=\"https:\/\/taizypackaging.com\/how-to-package-chinchin-snacks\/\" target=\"_blank\" rel=\"noreferrer noopener\">La machine \u00e0 emballer chin chin<\/a> est un type de machine \u00e0 emballer en sachets de granul\u00e9s. Elle a la fonction de peser automatiquement, de remplir, de fabriquer des sacs, de coder et de sceller. <\/p>    <p class=\"translation-block\">Dans <a href=\"https:\/\/topfoodmachine.com\/fr\/\">l'usine Taizy<\/a>, nous proposons deux types diff\u00e9rents de machines \u00e0 emballer chin chin, des machines \u00e0 emballer granul\u00e9s verticales petites et des machines \u00e0 emballer \u00e0 peseur multi-t\u00eates. Elles ont diff\u00e9rentes caract\u00e9ristiques et avantages. Et elles conviennent \u00e0 diff\u00e9rentes exigences de production. <\/p>    <p>La petite machine d'emballage de granul\u00e9s est id\u00e9ale pour une petite capacit\u00e9 de production, et la machine d'emballage \u00e0 peseur multi-t\u00eates a une productivit\u00e9 assez \u00e9lev\u00e9e et convient aux besoins de production importants.<\/p>    <h4 class=\"wp-block-heading\">Param\u00e8tres de la machine \u00e0 emballer chin chin<\/h4>    <ul class=\"wp-block-list\"> <li>Style de sac : scell\u00e9 \u00e0 l'arri\u00e8re<\/li>    <li>Vitesse d'emballage : 32-72 sacs\/min ou 100-130 sacs\/min<\/li>    <li>Longueur du sac : 30-180 mm<\/li>    <li>Largeur du sac : 25-145 mm (n\u00e9cessite de remplacer le formateur)<\/li>    <li>Plage de remplissage : 22-220 ml<\/li>    <li>Puissance : 1,8 kW<\/li>    <li>Taille : 650*1050*1950 mm<\/li>    <li>Poids : 250 kg<\/li> <\/ul>    <figure class=\"wp-block-image size-full\"><img loading=\"lazy\" decoding=\"async\" width=\"720\" height=\"540\" src=\"https:\/\/topfoodmachine.com\/wp-content\/uploads\/2022\/08\/chin-chin-packaging-machine.jpg\" alt=\"machine \u00e0 emballer chin chin\" class=\"wp-image-281\" srcset=\"https:\/\/topfoodmachine.com\/wp-content\/uploads\/2022\/08\/chin-chin-packaging-machine.jpg 720w, https:\/\/topfoodmachine.com\/wp-content\/uploads\/2022\/08\/chin-chin-packaging-machine-300x225.jpg 300w\" sizes=\"auto, (max-width: 720px) 100vw, 720px\" \/><figcaption class=\"wp-element-caption\">machine \u00e0 emballer chin chin<\/figcaption><\/figure>    <h2 class=\"wp-block-heading\">Caract\u00e9ristiques de la ligne de production automatique de menton<\/h2>    <ul class=\"wp-block-list\"> <li>Structure simple et conception raisonnable, facile \u00e0 utiliser<\/li>    <li>Disponible en mod\u00e8les semi-automatiques et enti\u00e8rement automatiques avec diff\u00e9rentes sp\u00e9cifications pour r\u00e9pondre \u00e0 diverses exigences de production<\/li>    <li>Large gamme d'applications ; peut produire des nouilles de riz, des trois couteaux au miel, etc., en changeant de diff\u00e9rents coupeurs<\/li>    <li>Forme uniforme, d\u00e9coupe uniforme, bonne forme et pas de gaspillage de p\u00e2te<\/li>    <li>Niveau \u00e9lev\u00e9 d'automatisation, garantissant une haute efficacit\u00e9<\/li>    <li>\u00c9quip\u00e9 d'un tamis vibrant pour emp\u00eacher la p\u00e2te d\u00e9coup\u00e9e de coller<\/li> <\/ul>    <figure class=\"wp-block-gallery has-nested-images columns-default is-cropped wp-block-gallery-3 is-layout-flex wp-block-gallery-is-layout-flex\"> <figure class=\"wp-block-image size-large\"><img loading=\"lazy\" decoding=\"async\" width=\"720\" height=\"540\" data-id=\"1280\" src=\"https:\/\/topfoodmachine.com\/wp-content\/uploads\/2022\/08\/Chin-Chin-Maker.webp\" alt=\"Fabricant de Chin Chin\" class=\"wp-image-1280\" srcset=\"https:\/\/topfoodmachine.com\/wp-content\/uploads\/2022\/08\/Chin-Chin-Maker.webp 720w, https:\/\/topfoodmachine.com\/wp-content\/uploads\/2022\/08\/Chin-Chin-Maker-300x225.webp 300w, https:\/\/topfoodmachine.com\/wp-content\/uploads\/2022\/08\/Chin-Chin-Maker-16x12.webp 16w\" sizes=\"auto, (max-width: 720px) 100vw, 720px\" \/><figcaption class=\"wp-element-caption\">Fabricant de Chin Chin<\/figcaption><\/figure>    <figure class=\"wp-block-image size-large\"><img loading=\"lazy\" decoding=\"async\" width=\"720\" height=\"540\" data-id=\"1281\" src=\"https:\/\/topfoodmachine.com\/wp-content\/uploads\/2022\/08\/Chin-Chin-Making-Machine-in-stock.webp\" alt=\"Machine \u00e0 Chin Chin en stock\" class=\"wp-image-1281\" srcset=\"https:\/\/topfoodmachine.com\/wp-content\/uploads\/2022\/08\/Chin-Chin-Making-Machine-in-stock.webp 720w, https:\/\/topfoodmachine.com\/wp-content\/uploads\/2022\/08\/Chin-Chin-Making-Machine-in-stock-300x225.webp 300w, https:\/\/topfoodmachine.com\/wp-content\/uploads\/2022\/08\/Chin-Chin-Making-Machine-in-stock-16x12.webp 16w\" sizes=\"auto, (max-width: 720px) 100vw, 720px\" \/><figcaption class=\"wp-element-caption\">Machine \u00e0 Chin Chin en stock<\/figcaption><\/figure> <\/figure>    <h2 class=\"wp-block-heading\">Pourquoi le menton menton est-il si populaire au Nigeria ?<\/h2>    <p>Le Chin Chin est un en-cas de nouilles frites tr\u00e8s populaire dans les pays d'Afrique de l'Ouest, en particulier au Nigeria et au Ghana. Dans ces pays d'Afrique de l'Ouest, le Chin Chin est un en-cas souvent consomm\u00e9 lors des f\u00eates et pendant les moments de loisirs. Parce qu'il est facile \u00e0 pr\u00e9parer, il peut \u00eatre mang\u00e9 \u00e0 tout moment et n'importe o\u00f9, et il est tr\u00e8s savoureux. <\/p>    <p>En cons\u00e9quence, la production et l'exploitation du Chin Chin se sont progressivement \u00e9tendues des pays d'Afrique de l'Ouest au Royaume-Uni, aux \u00c9tats-Unis, aux Philippines et dans de nombreux autres pays et r\u00e9gions.<\/p>    <figure class=\"wp-block-gallery has-nested-images columns-default is-cropped wp-block-gallery-4 is-layout-flex wp-block-gallery-is-layout-flex\"> <figure class=\"wp-block-image size-large\"><img loading=\"lazy\" decoding=\"async\" width=\"720\" height=\"540\" data-id=\"1282\" src=\"https:\/\/topfoodmachine.com\/wp-content\/uploads\/2022\/08\/commercial-Chin-Chin-Making-Machine.webp\" alt=\"Machine commerciale de fabrication de Chin Chin\" class=\"wp-image-1282\" srcset=\"https:\/\/topfoodmachine.com\/wp-content\/uploads\/2022\/08\/commercial-Chin-Chin-Making-Machine.webp 720w, https:\/\/topfoodmachine.com\/wp-content\/uploads\/2022\/08\/commercial-Chin-Chin-Making-Machine-300x225.webp 300w, https:\/\/topfoodmachine.com\/wp-content\/uploads\/2022\/08\/commercial-Chin-Chin-Making-Machine-16x12.webp 16w\" sizes=\"auto, (max-width: 720px) 100vw, 720px\" \/><figcaption class=\"wp-element-caption\">Machine commerciale de fabrication de Chin Chin<\/figcaption><\/figure>    <figure class=\"wp-block-image size-large\"><img loading=\"lazy\" decoding=\"async\" width=\"720\" height=\"540\" data-id=\"1283\" src=\"https:\/\/topfoodmachine.com\/wp-content\/uploads\/2022\/08\/details-of-Chin-Chin-Making-Machine.webp\" alt=\"d\u00e9tails de la machine \u00e0 faire du Chin Chin\" class=\"wp-image-1283\" srcset=\"https:\/\/topfoodmachine.com\/wp-content\/uploads\/2022\/08\/details-of-Chin-Chin-Making-Machine.webp 720w, https:\/\/topfoodmachine.com\/wp-content\/uploads\/2022\/08\/details-of-Chin-Chin-Making-Machine-300x225.webp 300w, https:\/\/topfoodmachine.com\/wp-content\/uploads\/2022\/08\/details-of-Chin-Chin-Making-Machine-16x12.webp 16w\" sizes=\"auto, (max-width: 720px) 100vw, 720px\" \/><figcaption class=\"wp-element-caption\">d\u00e9tails de la machine \u00e0 faire du Chin Chin<\/figcaption><\/figure> <\/figure>    <h2 class=\"wp-block-heading\">Conclusion<\/h2>    <p>En conclusion, notre machine \u00e0 Chin Chin offre une solution simple, efficace et polyvalente pour vos besoins de production de snacks. <\/p>    <p>Avec son design convivial, sa large gamme d'applications et son niveau \u00e9lev\u00e9 d'automatisation, c'est le choix parfait pour les entreprises cherchant \u00e0 rationaliser leur processus de production tout en maintenant des normes de qualit\u00e9 \u00e9lev\u00e9es.<\/p>    <p>Contactez-nous maintenant pour plus d'informations et pour demander un devis !<\/p>    <figure class=\"wp-block-image size-full\"><img loading=\"lazy\" decoding=\"async\" width=\"720\" height=\"540\" src=\"https:\/\/topfoodmachine.com\/wp-content\/uploads\/2022\/08\/exported-Chin-Chin-Making-Machine.webp\" alt=\"Machine \u00e0 Chin Chin export\u00e9e\" class=\"wp-image-1284\" srcset=\"https:\/\/topfoodmachine.com\/wp-content\/uploads\/2022\/08\/exported-Chin-Chin-Making-Machine.webp 720w, https:\/\/topfoodmachine.com\/wp-content\/uploads\/2022\/08\/exported-Chin-Chin-Making-Machine-300x225.webp 300w, https:\/\/topfoodmachine.com\/wp-content\/uploads\/2022\/08\/exported-Chin-Chin-Making-Machine-16x12.webp 16w\" sizes=\"auto, (max-width: 720px) 100vw, 720px\" \/><figcaption class=\"wp-element-caption\">Machine \u00e0 Chin Chin export\u00e9e<\/figcaption><\/figure>    <p>&nbsp;<\/p>","protected":false},"excerpt":{"rendered":"<p>La ligne de fabrication de Chin Chin ou la ligne de production de Chin Chin est id\u00e9ale pour votre restaurant, vos magasins de collations, vos caf\u00e9s, etc. Elle se compose principalement de 6 machines : m\u00e9langeur de p\u00e2te, machine \u00e0 presser la p\u00e2te, machine \u00e0 d\u00e9couper Chin Chin, machine \u00e0 frire Chin Chin, machine \u00e0 d\u00e9graisser et machine \u00e0 emballer Chin Chin.<\/p>","protected":false},"author":1,"featured_media":278,"parent":0,"template":"","tags":[13],"product-type":[6],"class_list":["post-277","product","type-product","status-publish","has-post-thumbnail","hentry","tag-frying-equipment","product-type-pastry-production-machine"],"_links":{"self":[{"href":"https:\/\/topfoodmachine.com\/fr\/wp-json\/wp\/v2\/product\/277","targetHints":{"allow":["GET"]}}],"collection":[{"href":"https:\/\/topfoodmachine.com\/fr\/wp-json\/wp\/v2\/product"}],"about":[{"href":"https:\/\/topfoodmachine.com\/fr\/wp-json\/wp\/v2\/types\/product"}],"author":[{"embeddable":true,"href":"https:\/\/topfoodmachine.com\/fr\/wp-json\/wp\/v2\/users\/1"}],"wp:featuredmedia":[{"embeddable":true,"href":"https:\/\/topfoodmachine.com\/fr\/wp-json\/wp\/v2\/media\/278"}],"wp:attachment":[{"href":"https:\/\/topfoodmachine.com\/fr\/wp-json\/wp\/v2\/media?parent=277"}],"wp:term":[{"taxonomy":"post_tag","embeddable":true,"href":"https:\/\/topfoodmachine.com\/fr\/wp-json\/wp\/v2\/tags?post=277"},{"taxonomy":"product-type","embeddable":true,"href":"https:\/\/topfoodmachine.com\/fr\/wp-json\/wp\/v2\/product-type?post=277"}],"curies":[{"name":"wp","href":"https:\/\/api.w.org\/{rel}","templated":true}]}}