{"id":258,"date":"2022-07-28T10:48:05","date_gmt":"2022-07-28T10:48:05","guid":{"rendered":"https:\/\/topfoodmachine.com\/?post_type=product&#038;p=258"},"modified":"2022-09-20T03:28:42","modified_gmt":"2022-09-20T03:28:42","slug":"meat-dicing-machine","status":"publish","type":"product","link":"https:\/\/topfoodmachine.com\/fr\/product\/meat-dicing-machine\/","title":{"rendered":"Machine \u00e0 d\u00e9couper la viande"},"content":{"rendered":"<div class=\"kk-star-ratings kksr-auto kksr-align-left kksr-valign-top\"     data-payload='{&quot;align&quot;:&quot;left&quot;,&quot;id&quot;:&quot;258&quot;,&quot;slug&quot;:&quot;default&quot;,&quot;valign&quot;:&quot;top&quot;,&quot;ignore&quot;:&quot;&quot;,&quot;reference&quot;:&quot;auto&quot;,&quot;class&quot;:&quot;&quot;,&quot;count&quot;:&quot;7&quot;,&quot;legendonly&quot;:&quot;&quot;,&quot;readonly&quot;:&quot;&quot;,&quot;score&quot;:&quot;4.6&quot;,&quot;starsonly&quot;:&quot;&quot;,&quot;best&quot;:&quot;5&quot;,&quot;gap&quot;:&quot;5&quot;,&quot;greet&quot;:&quot;Rate this product&quot;,&quot;legend&quot;:&quot;4.6\\\/5 - (7 votes)&quot;,&quot;size&quot;:&quot;24&quot;,&quot;title&quot;:&quot;Meat Dicing Machine&quot;,&quot;width&quot;:&quot;130.9&quot;,&quot;_legend&quot;:&quot;{score}\\\/{best} - ({count} {votes})&quot;,&quot;font_factor&quot;:&quot;1.25&quot;}'>              <div class=\"kksr-stars\">      <div class=\"kksr-stars-inactive\">             <div class=\"kksr-star\" data-star=\"1\" style=\"padding-right: 5px\">               <div class=\"kksr-icon\" style=\"width: 24px; height: 24px;\"><\/div>         <\/div>             <div class=\"kksr-star\" data-star=\"2\" style=\"padding-right: 5px\">               <div class=\"kksr-icon\" style=\"width: 24px; height: 24px;\"><\/div>         <\/div>             <div class=\"kksr-star\" data-star=\"3\" style=\"padding-right: 5px\">               <div class=\"kksr-icon\" style=\"width: 24px; height: 24px;\"><\/div>         <\/div>             <div class=\"kksr-star\" data-star=\"4\" style=\"padding-right: 5px\">               <div class=\"kksr-icon\" style=\"width: 24px; height: 24px;\"><\/div>         <\/div>             <div class=\"kksr-star\" data-star=\"5\" style=\"padding-right: 5px\">               <div class=\"kksr-icon\" style=\"width: 24px; height: 24px;\"><\/div>         <\/div>     <\/div>      <div class=\"kksr-stars-active\" style=\"width: 130.9px;\">             <div class=\"kksr-star\" style=\"padding-right: 5px\">               <div class=\"kksr-icon\" style=\"width: 24px; height: 24px;\"><\/div>         <\/div>             <div class=\"kksr-star\" style=\"padding-right: 5px\">               <div class=\"kksr-icon\" style=\"width: 24px; height: 24px;\"><\/div>         <\/div>             <div class=\"kksr-star\" style=\"padding-right: 5px\">               <div class=\"kksr-icon\" style=\"width: 24px; height: 24px;\"><\/div>         <\/div>             <div class=\"kksr-star\" style=\"padding-right: 5px\">               <div class=\"kksr-icon\" style=\"width: 24px; height: 24px;\"><\/div>         <\/div>             <div class=\"kksr-star\" style=\"padding-right: 5px\">               <div class=\"kksr-icon\" style=\"width: 24px; height: 24px;\"><\/div>         <\/div>     <\/div> <\/div>                   <div class=\"kksr-legend\" style=\"font-size: 19.2px;\">             4,6\/5 - (7 votes)    <\/div>     <\/div>  <p class=\"translation-block\"><strong>La machine \u00e0 couper la viande<\/strong> est sp\u00e9cialement con\u00e7ue pour couper la viande fra\u00eeche, la viande congel\u00e9e et la viande cuite. Et cette machine est id\u00e9ale pour traiter diverses viandes, telles que le porc, le poulet, le b\u0153uf, le canard, le mouton, etc. La machine \u00e0 couper la viande est largement utilis\u00e9e dans les restaurants, les fermes, les entreprises de restauration en cha\u00eene, les \u00e9coles, les cuisines centrales, les hypermarch\u00e9s et les magasins de viande. Avec un mat\u00e9riau durable et de bonnes performances, la machine \u00e0 couper la viande peut traiter automatiquement et efficacement la viande en cubes, tranches, lani\u00e8res et bandes. La machine \u00e0 couper la viande \u00e0 vendre de l'usine Taizy b\u00e9n\u00e9ficie d'une bonne qualit\u00e9 et de prix abordables. Nos machines sont choisies par des milliers de clients. Si vous \u00eates int\u00e9ress\u00e9 par cette machine \u00e0 couper la viande commerciale, contactez-nous pour une liste de prix gratuite.<\/p>    <h2 class=\"wp-block-heading\">Qu'est-ce qu'un coupe-viande ?<\/h2>    <p>Le coupe-viande ou la machine \u00e0 d\u00e9couper la viande est en fait un \u00e9quipement de transformation de la viande. il peut couper diff\u00e9rents types de viande fra\u00eeche et congel\u00e9e en tranches, morceaux, lani\u00e8res et cubes. Il est \u00e9quip\u00e9 d'un couteau de coupe durable, qui peut travailler efficacement et en continu pour vous.<\/p>    <figure class=\"wp-block-image size-full\"><img loading=\"lazy\" decoding=\"async\" width=\"720\" height=\"540\" src=\"https:\/\/topfoodmachine.com\/wp-content\/uploads\/2022\/07\/meat-dicing-machine.jpg\" alt=\"machine \u00e0 d\u00e9couper la viande\" class=\"wp-image-260\" srcset=\"https:\/\/topfoodmachine.com\/wp-content\/uploads\/2022\/07\/meat-dicing-machine.jpg 720w, https:\/\/topfoodmachine.com\/wp-content\/uploads\/2022\/07\/meat-dicing-machine-300x225.jpg 300w\" sizes=\"auto, (max-width: 720px) 100vw, 720px\" \/><figcaption>machine \u00e0 d\u00e9couper la viande<\/figcaption><\/figure>    <h2 class=\"wp-block-heading\">Caract\u00e9ristiques de performance de la machine \u00e0 d\u00e9couper la viande<\/h2>    <ol class=\"wp-block-list\" type=\"1\"><li>La machine \u00e0 d\u00e9couper la viande industrielle utilise une structure de machine enti\u00e8rement en acier inoxydable 304, un mat\u00e9riau durable et de qualit\u00e9 alimentaire<\/li><li>En plus de la fonction de d\u00e9coupe en d\u00e9s, cette machine peut \u00e9galement \u00eatre utilis\u00e9e pour les tranches, les lambeaux et les lani\u00e8res de viande.<\/li><li>Il prend en charge le traitement de la viande congel\u00e9e, de la viande cuite, de la viande fra\u00eeche et des produits de volaille avec os.<\/li><li>La machine \u00e0 d\u00e9couper la viande en cubes peut contr\u00f4ler avec pr\u00e9cision la taille de la viande coup\u00e9e en d\u00e9s en modifiant le nombre de lames<\/li><li>La machine est \u00e9quip\u00e9e d'un dispositif de s\u00e9curit\u00e9 fiable pour garantir un fonctionnement s\u00fbr<\/li><li>Il adopte un syst\u00e8me d'exploitation avanc\u00e9 \u00e0 \u00e9cran tactile, facile \u00e0 utiliser<\/li><li>La vitesse de coupe de la machine \u00e0 couper la viande est de 50 \u2013 120 fois par minute<\/li><li>Les composants centraux de la machine et le syst\u00e8me de transmission adoptent une structure scell\u00e9e avec une fonction \u00e9tanche &nbsp;<\/li><\/ol>    <figure class=\"wp-block-image size-full\"><img loading=\"lazy\" decoding=\"async\" width=\"720\" height=\"540\" src=\"https:\/\/topfoodmachine.com\/wp-content\/uploads\/2022\/07\/commercial-meat-dicer.jpg\" alt=\"coupeur de viande commercial\" class=\"wp-image-262\" srcset=\"https:\/\/topfoodmachine.com\/wp-content\/uploads\/2022\/07\/commercial-meat-dicer.jpg 720w, https:\/\/topfoodmachine.com\/wp-content\/uploads\/2022\/07\/commercial-meat-dicer-300x225.jpg 300w\" sizes=\"auto, (max-width: 720px) 100vw, 720px\" \/><figcaption>coupeur de viande commercial<\/figcaption><\/figure>    <h2 class=\"wp-block-heading\">Param\u00e8tres de l'\u00e9quipement de d\u00e9coupe de viande Taizy<\/h2>    <figure class=\"wp-block-table\"><table><tbody><tr><td>Mod\u00e8le<\/td><td>Pouvoir<\/td><td>Capacit\u00e9<\/td><td>Taille<\/td><td>Poids<\/td><\/tr><tr><td>TZ-350<\/td><td>3kw<\/td><td>500-600 kg\/heure<\/td><td>1480*800*980mm<\/td><td>270 kg<\/td><\/tr><tr><td>TZ-550<\/td><td>3,7 kW<\/td><td>700-900 kg\/heure<\/td><td>1940*980*1100mm<\/td><td>400 kg<\/td><\/tr><\/tbody><\/table><\/figure>    <h2 class=\"wp-block-heading\">Structure de la machine \u00e0 d\u00e9couper la viande<\/h2>    <p>La machine \u00e9lectrique \u00e0 d\u00e9couper la viande est principalement compos\u00e9e d'une coque, d'un couteau vertical, d'un socle, d'une plaque de partage, d'une unit\u00e9 de coupe transversale, d'un dispositif de coupe, d'un syst\u00e8me de commande \u00e9lectrique et d'un syst\u00e8me de transmission.<\/p>    <p>La machine peut \u00eatre divis\u00e9e en une machine \u00e0 d\u00e9couper le poisson et une machine \u00e0 d\u00e9couper la viande, une machine \u00e0 d\u00e9couper la viande cuite et une machine \u00e0 d\u00e9couper le poulet et le canard. &nbsp;<\/p>    <figure class=\"wp-block-image size-full\"><img loading=\"lazy\" decoding=\"async\" width=\"720\" height=\"540\" src=\"https:\/\/topfoodmachine.com\/wp-content\/uploads\/2022\/07\/meat-dicer-machine-packaged.jpg\" alt=\"machine \u00e0 couper la viande emball\u00e9e\" class=\"wp-image-265\" srcset=\"https:\/\/topfoodmachine.com\/wp-content\/uploads\/2022\/07\/meat-dicer-machine-packaged.jpg 720w, https:\/\/topfoodmachine.com\/wp-content\/uploads\/2022\/07\/meat-dicer-machine-packaged-300x225.jpg 300w\" sizes=\"auto, (max-width: 720px) 100vw, 720px\" \/><figcaption>machine \u00e0 couper la viande emball\u00e9e<\/figcaption><\/figure>    <h2 class=\"wp-block-heading\">Principe de fonctionnement de la machine \u00e0 d\u00e9couper la viande<\/h2>    <ol class=\"wp-block-list\" type=\"1\"><li>Le principe de fonctionnement de base est que le moteur de la machine entra\u00eene la rotation du couteau et de la lame.<\/li><li>Sous l\u2019action de la force centrifuge, la mati\u00e8re premi\u00e8re est d\u00e9coup\u00e9e en tranches \u00e0 l\u2019aide de couteaux verticaux puis d\u00e9coup\u00e9e en tranches au moyen de couteaux circulaires.&nbsp;<\/li><li>Enfin, la mati\u00e8re premi\u00e8re est d\u00e9coup\u00e9e en cubes ou en rectangles au moyen de lames transversales avec un \u00e9cart inf\u00e9rieur \u00e0 0,1 mm entre les lames.&nbsp;<\/li><\/ol>","protected":false},"excerpt":{"rendered":"<p>Meat dicing machine is specially designed for dicing fresh meat, frozen meat, and cooked meat. And this machine is ideal for processing various meats, such as pork, chicken, beef, duck, mutton, etc. The meat dicer machine is widely used in restaurants, farms, chain catering enterprises, schools, central kitchens, hypermarkets, and meat stores. With a durable [&hellip;]<\/p>\n","protected":false},"author":1,"featured_media":260,"parent":0,"template":"","tags":[12],"product-type":[7],"class_list":["post-258","product","type-product","status-publish","has-post-thumbnail","hentry","tag-egg-meat-processing-machine","product-type-egg-meat-processing-machine"],"_links":{"self":[{"href":"https:\/\/topfoodmachine.com\/fr\/wp-json\/wp\/v2\/product\/258","targetHints":{"allow":["GET"]}}],"collection":[{"href":"https:\/\/topfoodmachine.com\/fr\/wp-json\/wp\/v2\/product"}],"about":[{"href":"https:\/\/topfoodmachine.com\/fr\/wp-json\/wp\/v2\/types\/product"}],"author":[{"embeddable":true,"href":"https:\/\/topfoodmachine.com\/fr\/wp-json\/wp\/v2\/users\/1"}],"wp:featuredmedia":[{"embeddable":true,"href":"https:\/\/topfoodmachine.com\/fr\/wp-json\/wp\/v2\/media\/260"}],"wp:attachment":[{"href":"https:\/\/topfoodmachine.com\/fr\/wp-json\/wp\/v2\/media?parent=258"}],"wp:term":[{"taxonomy":"post_tag","embeddable":true,"href":"https:\/\/topfoodmachine.com\/fr\/wp-json\/wp\/v2\/tags?post=258"},{"taxonomy":"product-type","embeddable":true,"href":"https:\/\/topfoodmachine.com\/fr\/wp-json\/wp\/v2\/product-type?post=258"}],"curies":[{"name":"wp","href":"https:\/\/api.w.org\/{rel}","templated":true}]}}