{"id":2169,"date":"2026-03-24T16:54:35","date_gmt":"2026-03-24T08:54:35","guid":{"rendered":"https:\/\/topfoodmachine.com\/?post_type=product&#038;p=2169"},"modified":"2026-03-24T17:20:25","modified_gmt":"2026-03-24T09:20:25","slug":"superfine-grinding-machine","status":"publish","type":"product","link":"https:\/\/topfoodmachine.com\/fr\/product\/superfine-grinding-machine\/","title":{"rendered":"Machine de broyage ultrafin"},"content":{"rendered":"<div class=\"kk-star-ratings kksr-auto kksr-align-left kksr-valign-top\"     data-payload='{&quot;align&quot;:&quot;left&quot;,&quot;id&quot;:&quot;2169&quot;,&quot;slug&quot;:&quot;default&quot;,&quot;valign&quot;:&quot;top&quot;,&quot;ignore&quot;:&quot;&quot;,&quot;reference&quot;:&quot;auto&quot;,&quot;class&quot;:&quot;&quot;,&quot;count&quot;:&quot;0&quot;,&quot;legendonly&quot;:&quot;&quot;,&quot;readonly&quot;:&quot;&quot;,&quot;score&quot;:&quot;0&quot;,&quot;starsonly&quot;:&quot;&quot;,&quot;best&quot;:&quot;5&quot;,&quot;gap&quot;:&quot;5&quot;,&quot;greet&quot;:&quot;Rate this product&quot;,&quot;legend&quot;:&quot;0\\\/5 - (0 vote)&quot;,&quot;size&quot;:&quot;24&quot;,&quot;title&quot;:&quot;Superfine grinding machine&quot;,&quot;width&quot;:&quot;0&quot;,&quot;_legend&quot;:&quot;{score}\\\/{best} - ({count} {votes})&quot;,&quot;font_factor&quot;:&quot;1.25&quot;}'>              <div class=\"kksr-stars\">      <div class=\"kksr-stars-inactive\">             <div class=\"kksr-star\" data-star=\"1\" style=\"padding-right: 5px\">               <div class=\"kksr-icon\" style=\"width: 24px; height: 24px;\"><\/div>         <\/div>             <div class=\"kksr-star\" data-star=\"2\" style=\"padding-right: 5px\">               <div class=\"kksr-icon\" style=\"width: 24px; height: 24px;\"><\/div>         <\/div>             <div class=\"kksr-star\" data-star=\"3\" style=\"padding-right: 5px\">               <div class=\"kksr-icon\" style=\"width: 24px; height: 24px;\"><\/div>         <\/div>             <div class=\"kksr-star\" data-star=\"4\" style=\"padding-right: 5px\">               <div class=\"kksr-icon\" style=\"width: 24px; height: 24px;\"><\/div>         <\/div>             <div class=\"kksr-star\" data-star=\"5\" style=\"padding-right: 5px\">               <div class=\"kksr-icon\" style=\"width: 24px; height: 24px;\"><\/div>         <\/div>     <\/div>      <div class=\"kksr-stars-active\" style=\"width: 0px;\">             <div class=\"kksr-star\" style=\"padding-right: 5px\">               <div class=\"kksr-icon\" style=\"width: 24px; height: 24px;\"><\/div>         <\/div>             <div class=\"kksr-star\" style=\"padding-right: 5px\">               <div class=\"kksr-icon\" style=\"width: 24px; height: 24px;\"><\/div>         <\/div>             <div class=\"kksr-star\" style=\"padding-right: 5px\">               <div class=\"kksr-icon\" style=\"width: 24px; height: 24px;\"><\/div>         <\/div>             <div class=\"kksr-star\" style=\"padding-right: 5px\">               <div class=\"kksr-icon\" style=\"width: 24px; height: 24px;\"><\/div>         <\/div>             <div class=\"kksr-star\" style=\"padding-right: 5px\">               <div class=\"kksr-icon\" style=\"width: 24px; height: 24px;\"><\/div>         <\/div>     <\/div> <\/div>                   <div class=\"kksr-legend\" style=\"font-size: 19.2px;\">             <span class=\"kksr-muted\">\u00c9valuez ce produit<\/span>     <\/div>     <\/div>  <p>La machine de broyage ultrafin (\u00e9galement appel\u00e9e pulv\u00e9risateur ultrafin) peut broyer des mat\u00e9riaux en poudres ultra-fines. Elle est largement utilis\u00e9e dans les industries telles que la transformation alimentaire, la pharmacie et la chimie. La machine utilise des lames rotatives \u00e0 haute vitesse, des marteaux ou un impact d\u2019air pour broyer et classifier finement les mat\u00e9riaux, atteignant une finesse de 80\u2013450 mesh ou plus.<\/p>    <p class=\"translation-block\">Avec une capacit\u00e9 de traitement allant de <strong>20\u20131500 kg\/h<\/strong>, elle peut r\u00e9pondre aux besoins de production \u00e0 petite ou grande \u00e9chelle. G\u00e9n\u00e9ralement fabriqu\u00e9e en acier inoxydable, elle respecte les normes d\u2019hygi\u00e8ne alimentaire et pr\u00e9sente une op\u00e9ration stable, un faible bruit et une faible consommation d\u2019\u00e9nergie. Certains mod\u00e8les sont \u00e9galement \u00e9quip\u00e9s de syst\u00e8mes de collecte de poussi\u00e8re et de dispositifs de classification automatique pour assurer un environnement de production propre et une finesse de poudre constante.<\/p>    <figure class=\"wp-block-embed is-type-video is-provider-youtube wp-block-embed-youtube wp-embed-aspect-9-16 wp-has-aspect-ratio\"><div class=\"wp-block-embed__wrapper\"> <iframe loading=\"lazy\" title=\"concasseur ultra fin\" width=\"422\" height=\"750\" src=\"https:\/\/www.youtube.com\/embed\/ID0gECR0WSE?feature=oembed\" frameborder=\"0\" allow=\"accelerometer; autoplay; clipboard-write; encrypted-media; gyroscope; picture-in-picture; web-share\" referrerpolicy=\"strict-origin-when-cross-origin\" allowfullscreen><\/iframe> <\/div><figcaption class=\"wp-element-caption\">Vid\u00e9o de fonctionnement de la machine de broyage ultrafin<\/figcaption><\/figure>    <h2 class=\"wp-block-heading\">Quels mat\u00e9riaux conviennent \u00e0 la machine de broyage ultrafin ?<\/h2>    <p class=\"translation-block\">La <strong>machine de broyage ultrafin<\/strong> est tr\u00e8s polyvalente et peut traiter une large gamme de mat\u00e9riaux secs dans diverses industries. Elle convient pour les \u00e9pices telles que le chili, le poivre, le curcuma et le gingembre, permettant de les r\u00e9duire en poudres ultra-fines pour la cuisine, l\u2019assaisonnement ou l\u2019usage pharmaceutique. Elle peut \u00e9galement traiter des grains comme le riz, le ma\u00efs, le bl\u00e9 et l\u2019orge, ainsi que le sucre, le sel et d\u2019autres ingr\u00e9dients alimentaires cristallins. <\/p>    <p>De plus, la machine est id\u00e9ale pour les poudres \u00e0 base de plantes et m\u00e9dicinales, grains de caf\u00e9, fruits s\u00e9ch\u00e9s et autres mat\u00e9riaux v\u00e9g\u00e9taux. Sa capacit\u00e9 \u00e0 produire des poudres coh\u00e9rentes, fines et uniformes la rend parfaite pour les applications dans la transformation alimentaire, la production chimique et la m\u00e9decine \u00e0 base de plantes, garantissant \u00e0 la fois la qualit\u00e9 du produit et l\u2019efficacit\u00e9 en op\u00e9rations \u00e0 grande ou petite \u00e9chelle.<\/p>    <figure class=\"wp-block-gallery has-nested-images columns-default is-cropped wp-block-gallery-2 is-layout-flex wp-block-gallery-is-layout-flex\"> <figure class=\"wp-block-image size-large\"><img loading=\"lazy\" decoding=\"async\" width=\"720\" height=\"540\" data-id=\"2173\" src=\"https:\/\/topfoodmachine.com\/wp-content\/uploads\/2026\/03\/chili-powder.webp\" alt=\"poudre de chili\" class=\"wp-image-2173\" srcset=\"https:\/\/topfoodmachine.com\/wp-content\/uploads\/2026\/03\/chili-powder.webp 720w, https:\/\/topfoodmachine.com\/wp-content\/uploads\/2026\/03\/chili-powder-300x225.webp 300w, https:\/\/topfoodmachine.com\/wp-content\/uploads\/2026\/03\/chili-powder-16x12.webp 16w\" sizes=\"auto, (max-width: 720px) 100vw, 720px\" \/><figcaption class=\"wp-element-caption\">poudre de chili<\/figcaption><\/figure>    <figure class=\"wp-block-image size-large\"><img loading=\"lazy\" decoding=\"async\" width=\"720\" height=\"540\" data-id=\"2174\" src=\"https:\/\/topfoodmachine.com\/wp-content\/uploads\/2026\/03\/grain-powder.webp\" alt=\"poudre de grain\" class=\"wp-image-2174\" srcset=\"https:\/\/topfoodmachine.com\/wp-content\/uploads\/2026\/03\/grain-powder.webp 720w, https:\/\/topfoodmachine.com\/wp-content\/uploads\/2026\/03\/grain-powder-300x225.webp 300w, https:\/\/topfoodmachine.com\/wp-content\/uploads\/2026\/03\/grain-powder-16x12.webp 16w\" sizes=\"auto, (max-width: 720px) 100vw, 720px\" \/><figcaption class=\"wp-element-caption\">poudre de grain<\/figcaption><\/figure> <\/figure>    <h2 class=\"wp-block-heading\">Concasseur standard vs. broyeur ultrafin<\/h2>    <p class=\"translation-block\">Lors de la comparaison entre un <strong>concasseur standard<\/strong> et un <strong>broyeur ultrafin<\/strong>, la diff\u00e9rence principale r\u00e9side dans la taille finale des particules et la gamme d\u2019applications. Un concasseur standard est principalement utilis\u00e9 pour le concassage primaire ou moyen, r\u00e9duisant les mat\u00e9riaux en particules grossi\u00e8res (g\u00e9n\u00e9ralement 5\u201350 mm). <\/p>    <p>En revanche, un broyeur ultrafin (machine de broyage ultrafin) est con\u00e7u pour un traitement en profondeur, produisant des poudres avec une finesse allant de 80 \u00e0 450 mesh ou plus. Il est couramment utilis\u00e9 dans les industries alimentaire, pharmaceutique et chimique o\u00f9 une taille de particule uniforme et ultra-fine est essentielle.<\/p>    <p>De plus, les principes de fonctionnement et les performances diff\u00e8rent \u00e9galement de mani\u00e8re significative. Les concasseurs standards s\u2019appuient sur une force m\u00e9canique telle que la compression, l\u2019impact ou la cisaillement, offrant une grande capacit\u00e9 et une faible consommation d\u2019\u00e9nergie pour les mat\u00e9riaux volumineux. Les broyeurs ultrafins, en revanche, utilisent un flux d\u2019air \u00e0 haute vitesse, des vibrations ou des impacts r\u00e9p\u00e9t\u00e9s, ainsi que des syst\u00e8mes de classification pour obtenir un contr\u00f4le pr\u00e9cis des particules. <\/p>    <p>Alors que les concasseurs sont id\u00e9aux pour la r\u00e9duction de taille en vrac, les broyeurs ultrafins offrent une valeur ajout\u00e9e sup\u00e9rieure en am\u00e9liorant la solubilit\u00e9, l\u2019absorption et la qualit\u00e9 du produit. Le choix entre les deux d\u00e9pend donc des objectifs de production, de la finesse requise et de l\u2019industrie d\u2019application.<\/p>    <figure class=\"wp-block-gallery has-nested-images columns-default is-cropped wp-block-gallery-3 is-layout-flex wp-block-gallery-is-layout-flex\"> <figure class=\"wp-block-image size-large\"><img loading=\"lazy\" decoding=\"async\" width=\"720\" height=\"540\" data-id=\"2175\" src=\"https:\/\/topfoodmachine.com\/wp-content\/uploads\/2026\/03\/food-crusher.webp\" alt=\"concasseur alimentaire\" class=\"wp-image-2175\" srcset=\"https:\/\/topfoodmachine.com\/wp-content\/uploads\/2026\/03\/food-crusher.webp 720w, https:\/\/topfoodmachine.com\/wp-content\/uploads\/2026\/03\/food-crusher-300x225.webp 300w, https:\/\/topfoodmachine.com\/wp-content\/uploads\/2026\/03\/food-crusher-16x12.webp 16w\" sizes=\"auto, (max-width: 720px) 100vw, 720px\" \/><figcaption class=\"wp-element-caption\">concasseur alimentaire<\/figcaption><\/figure>    <figure class=\"wp-block-image size-large\"><img loading=\"lazy\" decoding=\"async\" width=\"720\" height=\"540\" data-id=\"2176\" src=\"https:\/\/topfoodmachine.com\/wp-content\/uploads\/2026\/03\/Superfine-grinding-machine-for-sale.webp\" alt=\"Machine de broyage ultrafin \u00e0 vendre\" class=\"wp-image-2176\" srcset=\"https:\/\/topfoodmachine.com\/wp-content\/uploads\/2026\/03\/Superfine-grinding-machine-for-sale.webp 720w, https:\/\/topfoodmachine.com\/wp-content\/uploads\/2026\/03\/Superfine-grinding-machine-for-sale-300x225.webp 300w, https:\/\/topfoodmachine.com\/wp-content\/uploads\/2026\/03\/Superfine-grinding-machine-for-sale-16x12.webp 16w\" sizes=\"auto, (max-width: 720px) 100vw, 720px\" \/><figcaption class=\"wp-element-caption\">Machine de broyage ultrafin \u00e0 vendre<\/figcaption><\/figure> <\/figure>    <h2 class=\"wp-block-heading\">Principaux composants de la machine de broyeur ultrafin<\/h2>    <div class=\"wp-block-media-text is-stacked-on-mobile\"><figure class=\"wp-block-media-text__media\"><img loading=\"lazy\" decoding=\"async\" width=\"720\" height=\"540\" src=\"https:\/\/topfoodmachine.com\/wp-content\/uploads\/2026\/03\/ultra-fine-crusher.webp\" alt=\"Concasseur ultrafin\" class=\"wp-image-2177 size-full\" srcset=\"https:\/\/topfoodmachine.com\/wp-content\/uploads\/2026\/03\/ultra-fine-crusher.webp 720w, https:\/\/topfoodmachine.com\/wp-content\/uploads\/2026\/03\/ultra-fine-crusher-300x225.webp 300w, https:\/\/topfoodmachine.com\/wp-content\/uploads\/2026\/03\/ultra-fine-crusher-16x12.webp 16w\" sizes=\"auto, (max-width: 720px) 100vw, 720px\" \/><\/figure><div class=\"wp-block-media-text__content\"> <ul class=\"wp-block-list\"> <li><strong>Chambre de concassage :<\/strong> Zone centrale pour impact \u00e0 haute vitesse et cisaillement afin d\u2019obtenir un broyage ultrafin.<\/li>    <li><strong>Tr\u00e9mie d\u2019alimentation :<\/strong> Entr\u00e9e en entonnoir pour une alimentation fluide et continue du mat\u00e9riau.<\/li>    <li><strong>Moteur de classification :<\/strong> Anime le classificateur pour s\u00e9parer la poudre fine et contr\u00f4ler la taille des particules.<\/li>    <li><strong>Moteur de broyage :<\/strong> Alimente le rotor\/disques pour une pulv\u00e9risation efficace.<\/li>    <li><strong>Moteur d\u2019alimentation :<\/strong> Assure une alimentation contr\u00f4l\u00e9e et stable du mat\u00e9riau.<\/li> <\/ul> <\/div><\/div>    <div class=\"wp-block-media-text has-media-on-the-right is-stacked-on-mobile\"><div class=\"wp-block-media-text__content\"> <ul class=\"wp-block-list\"> <li><strong>Armoire de contr\u00f4le \u00e9lectrique :<\/strong> Contr\u00f4le centralis\u00e9 des moteurs, de la surveillance des param\u00e8tres et de l\u2019automatisation.<\/li>    <li><strong>S\u00e9parateur cyclone :<\/strong> Utilise la force centrifuge pour s\u00e9parer et collecter la poudre fine.<\/li>    <li><strong>Vanne d\u2019\u00e9cluse \u00e0 air :<\/strong> Assure une d\u00e9charge continue tout en emp\u00eachant le reflux d\u2019air.<\/li>    <li><strong>Bo\u00eete de d\u00e9poussi\u00e9rage :<\/strong> Filtre la fine poussi\u00e8re et r\u00e9cup\u00e8re la poudre, respectant les normes environnementales.<\/li>    <li><strong>Ventilateur centrifuge :<\/strong> G\u00e9n\u00e8re une pression n\u00e9gative pour le transport du mat\u00e9riau.<\/li>    <li><strong>Vanne papillon de d\u00e9charge :<\/strong> Contr\u00f4le de la d\u00e9charge du produit final pour une collecte et un emballage faciles.<\/li> <\/ul> <\/div><figure class=\"wp-block-media-text__media\"><img loading=\"lazy\" decoding=\"async\" width=\"540\" height=\"720\" src=\"https:\/\/topfoodmachine.com\/wp-content\/uploads\/2026\/03\/grain-crushing-machine.webp\" alt=\"machine de broyage ultrafin\" class=\"wp-image-2178 size-full\" srcset=\"https:\/\/topfoodmachine.com\/wp-content\/uploads\/2026\/03\/grain-crushing-machine.webp 540w, https:\/\/topfoodmachine.com\/wp-content\/uploads\/2026\/03\/grain-crushing-machine-225x300.webp 225w, https:\/\/topfoodmachine.com\/wp-content\/uploads\/2026\/03\/grain-crushing-machine-9x12.webp 9w\" sizes=\"auto, (max-width: 540px) 100vw, 540px\" \/><\/figure><\/div>    <h2 class=\"wp-block-heading\">Principe de fonctionnement de la machine de broyage ultrafin<\/h2>    <p>La machine de broyage ultrafin atteint une taille de particule au niveau du micron (10\u201325 \u03bcm) principalement par impact m\u00e9canique, coupe, broyage ou flux d\u2019air \u00e0 haute pression. Le processus commence dans le syst\u00e8me d\u2019alimentation, o\u00f9 les mati\u00e8res premi\u00e8res entrent dans la chambre de broyage. <\/p>    <p>\u00c0 l\u2019int\u00e9rieur de la chambre, des rotors (marteaux ou lames) \u00e0 haute vitesse entrent en collision, coupent et broient le mat\u00e9riau, tandis que le flux d\u2019air ultrarapide g\u00e9n\u00e9r\u00e9 par l\u2019air comprim\u00e9 provoque la collision et le broyage des particules entre elles. <\/p>    <p>Le syst\u00e8me de classification s\u00e9pare les particules fines des plus grosses, renvoyant ces derni\u00e8res pour un broyage suppl\u00e9mentaire. Enfin, les particules fines sont collect\u00e9es via un s\u00e9parateur cyclone ou un filtre, tandis que les gaz d\u2019\u00e9chappement sont \u00e9vacu\u00e9s. Cette combinaison de forces m\u00e9caniques et d\u2019air assure un broyage pr\u00e9cis au niveau du micron.<\/p>    <figure class=\"wp-block-image size-full\"><img loading=\"lazy\" decoding=\"async\" width=\"720\" height=\"540\" src=\"https:\/\/topfoodmachine.com\/wp-content\/uploads\/2026\/03\/Superfine-grinding-machine-structure.webp\" alt=\"Structure de la machine de broyage ultrafin\" class=\"wp-image-2179\" srcset=\"https:\/\/topfoodmachine.com\/wp-content\/uploads\/2026\/03\/Superfine-grinding-machine-structure.webp 720w, https:\/\/topfoodmachine.com\/wp-content\/uploads\/2026\/03\/Superfine-grinding-machine-structure-300x225.webp 300w, https:\/\/topfoodmachine.com\/wp-content\/uploads\/2026\/03\/Superfine-grinding-machine-structure-16x12.webp 16w\" sizes=\"auto, (max-width: 720px) 100vw, 720px\" \/><figcaption class=\"wp-element-caption\">Structure de la machine de broyage ultrafin<\/figcaption><\/figure>    <h2 class=\"wp-block-heading\">Avantages de la machine de broyage ultrafin<\/h2>    <div class=\"wp-block-media-text is-stacked-on-mobile\"><figure class=\"wp-block-media-text__media\"><img loading=\"lazy\" decoding=\"async\" width=\"720\" height=\"540\" src=\"https:\/\/topfoodmachine.com\/wp-content\/uploads\/2026\/03\/Superfine-grinding-machine-price.webp\" alt=\"Prix de la machine de broyage ultrafin\" class=\"wp-image-2180 size-full\" srcset=\"https:\/\/topfoodmachine.com\/wp-content\/uploads\/2026\/03\/Superfine-grinding-machine-price.webp 720w, https:\/\/topfoodmachine.com\/wp-content\/uploads\/2026\/03\/Superfine-grinding-machine-price-300x225.webp 300w, https:\/\/topfoodmachine.com\/wp-content\/uploads\/2026\/03\/Superfine-grinding-machine-price-16x12.webp 16w\" sizes=\"auto, (max-width: 720px) 100vw, 720px\" \/><\/figure><div class=\"wp-block-media-text__content\"> <ul class=\"wp-block-list\"> <li>Performance stable, faible bruit, faible consommation d\u2019\u00e9nergie, haute efficacit\u00e9, conception compacte, et large gamme d\u2019applications. <\/li>    <li>Produisant une taille de particule uniforme, id\u00e9ale pour les mat\u00e9riaux alimentaires, chimiques, fibreux et herbac\u00e9s. <\/li>    <li>Syst\u00e8me int\u00e9gr\u00e9 avec unit\u00e9 principale, \u00e9quipement auxiliaire, pipeline et syst\u00e8me de contr\u00f4le ; cyclone et collecteurs de poussi\u00e8re en option. <\/li>    <li>\u00c9quip\u00e9e d\u2019un syst\u00e8me de classification centrifuge\u2014conception sans grille, finesse r\u00e9glable, et d\u00e9charge sous pression n\u00e9gative pour une sortie efficace.<\/li> <\/ul> <\/div><\/div>    <h2 class=\"wp-block-heading\">\u00c9quipement de support de la machine de broyeur ultrafin<\/h2>    <p class=\"translation-block\">La <strong>machine de broyage ultrafin<\/strong> peut \u00eatre associ\u00e9e \u00e0 une gamme d\u2019\u00e9quipements de support pour cr\u00e9er une ligne de traitement de poudre compl\u00e8te. Les accessoires courants incluent <strong>les tr\u00e9mies d\u2019alimentation, les collecteurs de poussi\u00e8re et les convoyeurs<\/strong>, qui am\u00e9liorent l\u2019efficacit\u00e9 et maintiennent un environnement de travail propre. <\/p>    <div class=\"wp-block-media-text has-media-on-the-right is-stacked-on-mobile\"><div class=\"wp-block-media-text__content\"> <p class=\"translation-block\">Pour une solution enti\u00e8rement int\u00e9gr\u00e9e, nous proposons \u00e9galement <strong><a href=\"https:\/\/topfoodmachine.com\/fr\/products\/food-packaging-machine\/\" data-type=\"link\" data-id=\"https:\/\/topfoodmachine.com\/products\/food-packaging-machine\/\">machines d\u2019emballage de poudre<\/a><\/strong>, permettant de peser et d\u2019emballer automatiquement le produit fini, rendant votre ligne de production plus fluide et professionnelle.<\/p> <\/div><figure class=\"wp-block-media-text__media\"><img loading=\"lazy\" decoding=\"async\" width=\"720\" height=\"540\" src=\"https:\/\/topfoodmachine.com\/wp-content\/uploads\/2022\/07\/spice-powder-packing-machine.jpg\" alt=\"machine d&#039;emballage de poudre d&#039;\u00e9pices\" class=\"wp-image-114 size-full\" srcset=\"https:\/\/topfoodmachine.com\/wp-content\/uploads\/2022\/07\/spice-powder-packing-machine.jpg 720w, https:\/\/topfoodmachine.com\/wp-content\/uploads\/2022\/07\/spice-powder-packing-machine-300x225.jpg 300w\" sizes=\"auto, (max-width: 720px) 100vw, 720px\" \/><\/figure><\/div>    <h2 class=\"wp-block-heading\">Param\u00e8tres de la machine de broyage ultrafin<\/h2>    <figure class=\"wp-block-table\"><table class=\"has-fixed-layout\"><tbody><tr><td>Mod\u00e8le<\/td><td>Capacit\u00e9 de production (kg\/h)<\/td><td>Vitesse de l\u2019arbre (r\/min)<\/td><td>Taille d\u2019alimentation (mm)<\/td><td>Finesse des produits (mesh)<\/td><td>Puissance totale (kW)<\/td><td>Poids (kg)<\/td><td>Dimensions globales (L\u00d7W\u00d7H) (mm)<\/td><\/tr><tr><td>WFJ-8<\/td><td>20\u2013120<\/td><td>6800<\/td><td>&lt; 8<\/td><td>80\u2013450<\/td><td>11<\/td><td>1000<\/td><td>6000 \u00d7 1050 \u00d7 2650<\/td><\/tr><tr><td>WFJ-15<\/td><td>50\u2013200<\/td><td>6000<\/td><td>&lt; 20<\/td><td>80\u2013450<\/td><td>18.5<\/td><td>1300<\/td><td>7000 \u00d7 1200 \u00d7 2900<\/td><\/tr><tr><td>WFJ-20<\/td><td>80\u2013300<\/td><td>4800<\/td><td>&lt; 20<\/td><td>80\u2013450<\/td><td>25<\/td><td>1700<\/td><td>8000 \u00d7 1350 \u00d7 3300<\/td><\/tr><tr><td>WFJ-30<\/td><td>100\u2013800<\/td><td>3800<\/td><td>9200 \u00d7 1500 \u00d7 3900<\/td><td>80\u2013450<\/td><td>46<\/td><td>2300<\/td><td>WFJ-60<\/td><\/tr><tr><td>200\u20131200<\/td><td>10500 \u00d7 2300 \u00d7 4530<\/td><td>2800<\/td><td>WFJ-80<\/td><td>80\u2013450<\/td><td>84.15<\/td><td>3200<\/td><td>500\u20131500<\/td><\/tr><tr><td>12000 \u00d7 2500 \u00d7 4800<\/td><td>Param\u00e8tres de la machine de broyage alimentaire<\/td><td>2400<\/td><td>Machine de concassage alimentaire ultrafin | Solution de broyage en poudre ultra-fine #traitementalimentaire #concasseur<\/td><td>80\u2013450<\/td><td>100.4<\/td><td>3800<\/td><td>Machine de concassage de grains<\/td><\/tr><\/tbody><\/table><figcaption class=\"wp-element-caption\">Prix de la machine de broyage ultrafin<\/figcaption><\/figure>    <h2 class=\"wp-block-heading\">Conclusion<\/h2>    <p class=\"translation-block\">Am\u00e9liorez votre production avec notre <strong>machine de broyage ultrafin<\/strong>, con\u00e7ue pour un traitement efficace, uniforme et en poudre ultra-fine. Que ce soit pour des mat\u00e9riaux alimentaires, herbes ou chimiques, elle garantit une qualit\u00e9 constante et une performance fiable.<\/p>    <p class=\"translation-block\">Pour les op\u00e9rations \u00e0 petite \u00e9chelle, nous proposons \u00e9galement <strong><a href=\"https:\/\/topfoodmachine.com\/fr\/product\/stainless-steel-crusher\/\" data-type=\"link\" data-id=\"https:\/\/topfoodmachine.com\/product\/stainless-steel-crusher\/\">machines de broyage compactes<\/a><\/strong>, id\u00e9ales pour une production \u00e0 faible rendement, offrant la m\u00eame pr\u00e9cision et efficacit\u00e9 dans un format plus compact et \u00e9conomique. Contactez-nous d\u00e8s aujourd\u2019hui pour trouver le mod\u00e8le qui correspond le mieux \u00e0 vos besoins.<\/p>","protected":false},"excerpt":{"rendered":"<p>La machine de broyage ultrafin (\u00e9galement appel\u00e9e pulv\u00e9risateur ultrafin) peut broyer les mat\u00e9riaux en poudres ultra-fines.<\/p>","protected":false},"author":1,"featured_media":2172,"parent":0,"template":"","tags":[145],"product-type":[5],"class_list":["post-2169","product","type-product","status-publish","has-post-thumbnail","hentry","tag-superfine-grinding-machine","product-type-nuts-processing-machine"],"_links":{"self":[{"href":"https:\/\/topfoodmachine.com\/fr\/wp-json\/wp\/v2\/product\/2169","targetHints":{"allow":["GET"]}}],"collection":[{"href":"https:\/\/topfoodmachine.com\/fr\/wp-json\/wp\/v2\/product"}],"about":[{"href":"https:\/\/topfoodmachine.com\/fr\/wp-json\/wp\/v2\/types\/product"}],"author":[{"embeddable":true,"href":"https:\/\/topfoodmachine.com\/fr\/wp-json\/wp\/v2\/users\/1"}],"wp:featuredmedia":[{"embeddable":true,"href":"https:\/\/topfoodmachine.com\/fr\/wp-json\/wp\/v2\/media\/2172"}],"wp:attachment":[{"href":"https:\/\/topfoodmachine.com\/fr\/wp-json\/wp\/v2\/media?parent=2169"}],"wp:term":[{"taxonomy":"post_tag","embeddable":true,"href":"https:\/\/topfoodmachine.com\/fr\/wp-json\/wp\/v2\/tags?post=2169"},{"taxonomy":"product-type","embeddable":true,"href":"https:\/\/topfoodmachine.com\/fr\/wp-json\/wp\/v2\/product-type?post=2169"}],"curies":[{"name":"wp","href":"https:\/\/api.w.org\/{rel}","templated":true}]}}