{"id":216,"date":"2022-07-26T08:58:41","date_gmt":"2022-07-26T08:58:41","guid":{"rendered":"https:\/\/topfoodmachine.com\/?post_type=product&#038;p=216"},"modified":"2025-05-21T15:58:25","modified_gmt":"2025-05-21T07:58:25","slug":"bone-crushing-machine","status":"publish","type":"product","link":"https:\/\/topfoodmachine.com\/fr\/product\/bone-crushing-machine\/","title":{"rendered":"Machine \u00e0 broyer les os"},"content":{"rendered":"<div class=\"kk-star-ratings kksr-auto kksr-align-left kksr-valign-top\"     data-payload='{&quot;align&quot;:&quot;left&quot;,&quot;id&quot;:&quot;216&quot;,&quot;slug&quot;:&quot;default&quot;,&quot;valign&quot;:&quot;top&quot;,&quot;ignore&quot;:&quot;&quot;,&quot;reference&quot;:&quot;auto&quot;,&quot;class&quot;:&quot;&quot;,&quot;count&quot;:&quot;8&quot;,&quot;legendonly&quot;:&quot;&quot;,&quot;readonly&quot;:&quot;&quot;,&quot;score&quot;:&quot;4.8&quot;,&quot;starsonly&quot;:&quot;&quot;,&quot;best&quot;:&quot;5&quot;,&quot;gap&quot;:&quot;5&quot;,&quot;greet&quot;:&quot;Rate this product&quot;,&quot;legend&quot;:&quot;4.8\\\/5 - (8 votes)&quot;,&quot;size&quot;:&quot;24&quot;,&quot;title&quot;:&quot;Bone Crusher Machine&quot;,&quot;width&quot;:&quot;136.7&quot;,&quot;_legend&quot;:&quot;{score}\\\/{best} - ({count} {votes})&quot;,&quot;font_factor&quot;:&quot;1.25&quot;}'>              <div class=\"kksr-stars\">      <div class=\"kksr-stars-inactive\">             <div class=\"kksr-star\" data-star=\"1\" style=\"padding-right: 5px\">               <div class=\"kksr-icon\" style=\"width: 24px; height: 24px;\"><\/div>         <\/div>             <div class=\"kksr-star\" data-star=\"2\" style=\"padding-right: 5px\">               <div class=\"kksr-icon\" style=\"width: 24px; height: 24px;\"><\/div>         <\/div>             <div class=\"kksr-star\" data-star=\"3\" style=\"padding-right: 5px\">               <div class=\"kksr-icon\" style=\"width: 24px; height: 24px;\"><\/div>         <\/div>             <div class=\"kksr-star\" data-star=\"4\" style=\"padding-right: 5px\">               <div class=\"kksr-icon\" style=\"width: 24px; height: 24px;\"><\/div>         <\/div>             <div class=\"kksr-star\" data-star=\"5\" style=\"padding-right: 5px\">               <div class=\"kksr-icon\" style=\"width: 24px; height: 24px;\"><\/div>         <\/div>     <\/div>      <div class=\"kksr-stars-active\" style=\"width: 136.7px;\">             <div class=\"kksr-star\" style=\"padding-right: 5px\">               <div class=\"kksr-icon\" style=\"width: 24px; height: 24px;\"><\/div>         <\/div>             <div class=\"kksr-star\" style=\"padding-right: 5px\">               <div class=\"kksr-icon\" style=\"width: 24px; height: 24px;\"><\/div>         <\/div>             <div class=\"kksr-star\" style=\"padding-right: 5px\">               <div class=\"kksr-icon\" style=\"width: 24px; height: 24px;\"><\/div>         <\/div>             <div class=\"kksr-star\" style=\"padding-right: 5px\">               <div class=\"kksr-icon\" style=\"width: 24px; height: 24px;\"><\/div>         <\/div>             <div class=\"kksr-star\" style=\"padding-right: 5px\">               <div class=\"kksr-icon\" style=\"width: 24px; height: 24px;\"><\/div>         <\/div>     <\/div> <\/div>                   <div class=\"kksr-legend\" style=\"font-size: 19.2px;\">             4,8\/5 - (8 votes)    <\/div>     <\/div>  <p>La machine \u00e0 broyer les os peut traiter divers types d'os d'animaux, y compris les os de boeuf, de porc, de poisson et de mouton. Sa construction robuste lui permet de broyer efficacement ces os durs en mat\u00e9riaux granulaires fins tels que la boue d'os, la poudre d'os et les fragments d'os.<\/p>    <p>Cette machine \u00e0 broyer les os polyvalente est essentielle pour les applications dans l'industrie du broyage d'os et le secteur de la fabrication d'aliments pour animaux de compagnie. Avec une capacit\u00e9 de traitement allant de 60 \u00e0 2200 kg\/h, le broyeur d'os peut g\u00e9rer des volumes substantiels de mat\u00e9riel.<\/p>    <p>La conception efficace du broyeur d'os garantit que les os sont broy\u00e9s tout en pr\u00e9servant leurs pr\u00e9cieux nutriments. Cette caract\u00e9ristique est particuli\u00e8rement b\u00e9n\u00e9fique pour produire des aliments pour animaux de compagnie de haute qualit\u00e9 et extraire des prot\u00e9ines du mat\u00e9riau osseux trait\u00e9.<\/p>    <figure class=\"wp-block-embed is-type-video is-provider-youtube wp-block-embed-youtube wp-embed-aspect-16-9 wp-has-aspect-ratio\"><div class=\"wp-block-embed__wrapper\"> <iframe loading=\"lazy\" title=\"Conceptions innovantes de broyeurs \u00e0 os pour le traitement industriel de la viande #viande #os #broyeur #traitementalimentaire\" width=\"500\" height=\"281\" src=\"https:\/\/www.youtube.com\/embed\/ahBvsNuXeXw?feature=oembed\" frameborder=\"0\" allow=\"accelerometer; autoplay; clipboard-write; encrypted-media; gyroscope; picture-in-picture; web-share\" referrerpolicy=\"strict-origin-when-cross-origin\" allowfullscreen><\/iframe> <\/div><figcaption class=\"wp-element-caption\">Vid\u00e9o de travail de la machine \u00e0 faire de la poudre d'os<\/figcaption><\/figure>    <h2 class=\"wp-block-heading\">Larges applications commerciales des os d'animaux<\/h2>    <div class=\"wp-block-media-text is-stacked-on-mobile\"><figure class=\"wp-block-media-text__media\"><img loading=\"lazy\" decoding=\"async\" width=\"720\" height=\"540\" src=\"https:\/\/topfoodmachine.com\/wp-content\/uploads\/2022\/07\/animal-bones-application.jpg\" alt=\"application des os d&#039;animaux\" class=\"wp-image-222 size-full\" srcset=\"https:\/\/topfoodmachine.com\/wp-content\/uploads\/2022\/07\/animal-bones-application.jpg 720w, https:\/\/topfoodmachine.com\/wp-content\/uploads\/2022\/07\/animal-bones-application-300x225.jpg 300w\" sizes=\"auto, (max-width: 720px) 100vw, 720px\" \/><\/figure><div class=\"wp-block-media-text__content\"> <p class=\"translation-block\">Les os d'animaux sont riches en prot\u00e9ines, <a href=\"https:\/\/en.wikipedia.org\/wiki\/Lipid\" data-type=\"link\" data-id=\"https:\/\/en.wikipedia.org\/wiki\/Lipid\" target=\"_blank\" rel=\"noopener\">lipides<\/a>, min\u00e9raux et autres nutriments, ce qui les rend tr\u00e8s pr\u00e9cieux pour diverses utilisations. <\/p>    <p>Par exemple, la Chine produit \u00e0 elle seule environ 12 millions de tonnes d'os d'animaux comestibles chaque ann\u00e9e, ce qui repr\u00e9sente environ 30 % du total mondial. <\/p>    <p>Cette quantit\u00e9 \u00e9quivaut \u00e0 environ 2 millions de tonnes de prot\u00e9ines animales, suffisantes pour r\u00e9pondre aux besoins annuels en prot\u00e9ines de 75 millions de personnes.<\/p> <\/div><\/div>    <div class=\"wp-block-media-text has-media-on-the-right is-stacked-on-mobile\"><div class=\"wp-block-media-text__content\"> <p>Les machines \u00e0 broyer les os automatiques permettent de broyer et de traiter les os d'animaux en produits pr\u00e9cieux tels que des compl\u00e9ments alimentaires et des aliments pour animaux. <\/p>    <p>Cela r\u00e9duit non seulement les d\u00e9chets, mais apporte \u00e9galement des avantages sociaux et \u00e9conomiques significatifs. <\/p> <\/div><figure class=\"wp-block-media-text__media\"><img loading=\"lazy\" decoding=\"async\" width=\"720\" height=\"540\" src=\"https:\/\/topfoodmachine.com\/wp-content\/uploads\/2022\/07\/Bone-Crusher-Machine-for-sale.webp\" alt=\"Machine \u00e0 broyer les os \u00e0 vendre\" class=\"wp-image-1496 size-full\" srcset=\"https:\/\/topfoodmachine.com\/wp-content\/uploads\/2022\/07\/Bone-Crusher-Machine-for-sale.webp 720w, https:\/\/topfoodmachine.com\/wp-content\/uploads\/2022\/07\/Bone-Crusher-Machine-for-sale-300x225.webp 300w, https:\/\/topfoodmachine.com\/wp-content\/uploads\/2022\/07\/Bone-Crusher-Machine-for-sale-16x12.webp 16w\" sizes=\"auto, (max-width: 720px) 100vw, 720px\" \/><\/figure><\/div>    <h2 class=\"wp-block-heading\">Structure de la machine \u00e0 broyer les os<\/h2>    <p>La machine \u00e0 broyer les os se compose principalement de trois syst\u00e8mes : le syst\u00e8me de broyage, le syst\u00e8me r\u00e9glable et le syst\u00e8me de transmission. <\/p>    <div class=\"wp-block-media-text is-stacked-on-mobile\"><figure class=\"wp-block-media-text__media\"><img loading=\"lazy\" decoding=\"async\" width=\"720\" height=\"540\" src=\"https:\/\/topfoodmachine.com\/wp-content\/uploads\/2022\/07\/bone-crushing-machine.jpg\" alt=\"machine de concassage d&#039;os\" class=\"wp-image-219 size-full\" srcset=\"https:\/\/topfoodmachine.com\/wp-content\/uploads\/2022\/07\/bone-crushing-machine.jpg 720w, https:\/\/topfoodmachine.com\/wp-content\/uploads\/2022\/07\/bone-crushing-machine-300x225.jpg 300w\" sizes=\"auto, (max-width: 720px) 100vw, 720px\" \/><\/figure><div class=\"wp-block-media-text__content\"> <ul class=\"wp-block-list\"> <li>Le syst\u00e8me de broyage broie efficacement les os durs en boue d'os, en poudre ou en fragments.<\/li>    <li>Le syst\u00e8me r\u00e9glable permet un contr\u00f4le flexible du degr\u00e9 de broyage pour r\u00e9pondre \u00e0 diff\u00e9rents besoins de traitement.<\/li>    <li>Le syst\u00e8me de transmission assure des performances stables et une livraison efficace de l'\u00e9nergie.<\/li> <\/ul> <\/div><\/div>    <p>Gr\u00e2ce au fonctionnement coordonn\u00e9 de ces trois syst\u00e8mes, la machine \u00e0 broyer les os d\u00e9montre des performances exceptionnelles dans le traitement des os, ce qui en fait un choix id\u00e9al \u00e0 cet effet.<\/p>    <h2 class=\"wp-block-heading\">Comment fonctionne la machine \u00e0 broyer les os ?<\/h2>    <p>Le principe de fonctionnement de la machine industrielle \u00e0 broyer les os repose sur l'utilisation efficace des lames dans la chambre de broyage pour couper et broyer continuellement les os. <\/p>    <p>Ces lames sont fabriqu\u00e9es en couteaux \u00e0 roues en acier au carbone, sp\u00e9cialement con\u00e7us pour traiter des os de duret\u00e9 variable, garantissant un processus de broyage efficace et uniforme.<\/p>    <div class=\"wp-block-media-text has-media-on-the-right is-stacked-on-mobile\"><div class=\"wp-block-media-text__content\"> <ul class=\"wp-block-list\"> <li><strong>Ensemble de couteaux professionnels<\/strong> <ul class=\"wp-block-list\"> <li>Assure un broyage uniforme des os.<\/li>    <li>Dispose d'une bonne durabilit\u00e9 et d'une r\u00e9sistance aux chocs, r\u00e9duisant le risque de dommages.<\/li> <\/ul> <\/li> <\/ul>    <p>Faire fonctionner le broyeur d'os est simple. L'utilisateur allume simplement la machine et place les os crus dans la chambre de broyage via le bac d'alimentation. <\/p>    <p>La machine broie rapidement les os, qui sortent ensuite par le port de d\u00e9charge.<\/p> <\/div><figure class=\"wp-block-media-text__media\"><img loading=\"lazy\" decoding=\"async\" width=\"720\" height=\"540\" src=\"https:\/\/topfoodmachine.com\/wp-content\/uploads\/2022\/07\/bone-crushing-machine.webp\" alt=\"machine de concassage d&#039;os\" class=\"wp-image-1497 size-full\" srcset=\"https:\/\/topfoodmachine.com\/wp-content\/uploads\/2022\/07\/bone-crushing-machine.webp 720w, https:\/\/topfoodmachine.com\/wp-content\/uploads\/2022\/07\/bone-crushing-machine-300x225.webp 300w, https:\/\/topfoodmachine.com\/wp-content\/uploads\/2022\/07\/bone-crushing-machine-16x12.webp 16w\" sizes=\"auto, (max-width: 720px) 100vw, 720px\" \/><\/figure><\/div>    <div class=\"wp-block-media-text is-stacked-on-mobile\"><figure class=\"wp-block-media-text__media\"><img loading=\"lazy\" decoding=\"async\" width=\"720\" height=\"540\" src=\"https:\/\/topfoodmachine.com\/wp-content\/uploads\/2022\/07\/bone-powder-maker-machine.webp\" alt=\"machine \u00e0 fabriquer de la poudre d&#039;os\" class=\"wp-image-1499 size-full\" srcset=\"https:\/\/topfoodmachine.com\/wp-content\/uploads\/2022\/07\/bone-powder-maker-machine.webp 720w, https:\/\/topfoodmachine.com\/wp-content\/uploads\/2022\/07\/bone-powder-maker-machine-300x225.webp 300w, https:\/\/topfoodmachine.com\/wp-content\/uploads\/2022\/07\/bone-powder-maker-machine-16x12.webp 16w\" sizes=\"auto, (max-width: 720px) 100vw, 720px\" \/><\/figure><div class=\"wp-block-media-text__content\"> <p><strong>Conception de la chambre de broyage<\/strong><\/p>    <ul class=\"wp-block-list\"> <li>La chambre de broyage est divis\u00e9e en trois zones de broyage : <ul class=\"wp-block-list\"> <li><strong>Zone de broyage grossier<\/strong>. Pour le broyage initial.<\/li>    <li><strong>Zone de broyage fin<\/strong>. Pour un broyage suppl\u00e9mentaire.<\/li>    <li><strong>Zone de broyage ultra-fin.<\/strong> Pour le broyage final.<\/li> <\/ul> <\/li> <\/ul> <\/div><\/div>    <p>En ajustant l'\u00e9cart entre le stator et le rotor, les utilisateurs peuvent contr\u00f4ler l'effet de broyage, permettant \u00e0 la machine d'atteindre le r\u00e9sultat souhait\u00e9 en un seul passage. Cette conception garantit que la machine \u00e0 broyer les os fonctionne efficacement, fournissant des r\u00e9sultats coh\u00e9rents et de haute qualit\u00e9 dans les applications de traitement de la viande.<\/p>    <p>En r\u00e9sum\u00e9, la machine industrielle de broyage des os, avec sa conception de couteaux de pr\u00e9cision et sa chambre de broyage segment\u00e9e, atteint un broyage efficace des os et est un outil indispensable dans l'industrie de transformation de la viande.<\/p>    <h2 class=\"wp-block-heading\">Caract\u00e9ristiques de performance du broyeur d'os d'animaux<\/h2>    <div class=\"wp-block-media-text has-media-on-the-right is-stacked-on-mobile\"><div class=\"wp-block-media-text__content\"> <ul class=\"wp-block-list\"> <li><strong>Dispositif de coupe durable<\/strong>. Fabriqu\u00e9 en acier alli\u00e9 de haute qualit\u00e9 avec un traitement thermique sp\u00e9cial pour une longue dur\u00e9e de vie et durabilit\u00e9 lors du traitement des os durs.<\/li>    <li><strong>Broyage efficace<\/strong>. Haute efficacit\u00e9 de coupe avec des lames dispos\u00e9es uniform\u00e9ment pour am\u00e9liorer la force de cisaillement et les performances de broyage.<\/li>    <li><strong>Fonctionnalit\u00e9s de s\u00e9curit\u00e9 int\u00e9gr\u00e9es<\/strong>. Comprend une protection contre la surcharge du moteur et une protection de l'alimentation pour un fonctionnement s\u00fbr et fiable.<\/li> <\/ul> <\/div><figure class=\"wp-block-media-text__media\"><img loading=\"lazy\" decoding=\"async\" width=\"720\" height=\"540\" src=\"https:\/\/topfoodmachine.com\/wp-content\/uploads\/2022\/07\/commercial-bone-crusher.webp\" alt=\"broyeur \u00e0 os commercial\" class=\"wp-image-1502 size-full\" srcset=\"https:\/\/topfoodmachine.com\/wp-content\/uploads\/2022\/07\/commercial-bone-crusher.webp 720w, https:\/\/topfoodmachine.com\/wp-content\/uploads\/2022\/07\/commercial-bone-crusher-300x225.webp 300w, https:\/\/topfoodmachine.com\/wp-content\/uploads\/2022\/07\/commercial-bone-crusher-16x12.webp 16w\" sizes=\"auto, (max-width: 720px) 100vw, 720px\" \/><\/figure><\/div>    <div class=\"wp-block-media-text is-stacked-on-mobile\"><figure class=\"wp-block-media-text__media\"><img loading=\"lazy\" decoding=\"async\" width=\"720\" height=\"540\" src=\"https:\/\/topfoodmachine.com\/wp-content\/uploads\/2022\/07\/automatic-bone-crushing-machine.webp\" alt=\"machine \u00e0 broyer les os automatique\" class=\"wp-image-1495 size-full\" srcset=\"https:\/\/topfoodmachine.com\/wp-content\/uploads\/2022\/07\/automatic-bone-crushing-machine.webp 720w, https:\/\/topfoodmachine.com\/wp-content\/uploads\/2022\/07\/automatic-bone-crushing-machine-300x225.webp 300w, https:\/\/topfoodmachine.com\/wp-content\/uploads\/2022\/07\/automatic-bone-crushing-machine-16x12.webp 16w\" sizes=\"auto, (max-width: 720px) 100vw, 720px\" \/><\/figure><div class=\"wp-block-media-text__content\"> <ul class=\"wp-block-list\"> <li><strong>Sp\u00e9cialis\u00e9 dans le traitement des os.<\/strong> G\u00e8re diff\u00e9rentes tailles d'os avec des mailles d'\u00e9cran interchangeables et prend en charge la personnalisation pour diff\u00e9rentes tailles de particules.<\/li>    <li><strong>Performance stable et r\u00e9glable.<\/strong> Offre une haute production avec peu de chaleur et permet un r\u00e9glage de la finesse de broyage (standard 15\u201320mm, personnalisable).<\/li>    <li><strong>Entretien facile.<\/strong> La structure simple assure un nettoyage rapide, une op\u00e9ration facile et un temps d'arr\u00eat r\u00e9duit pour une efficacit\u00e9 am\u00e9lior\u00e9e.<\/li> <\/ul> <\/div><\/div>    <h2 class=\"wp-block-heading\">Param\u00e8tres de la machine \u00e0 broyer les os de Taizy<\/h2>    <figure class=\"wp-block-table\"><table><tbody><tr><td>Mod\u00e8le<\/td><td>Capacit\u00e9 (kg\/h)<\/td><td>Taille d'alimentation (mm)<\/td><td>Puissance (kw)<\/td><td>Poids (kg)<\/td><td>Dimension(mm)<\/td><\/tr><tr><td>TZ-B150<\/td><td>20-60<\/td><td>150*200<\/td><td>2.2<\/td><td>130<\/td><td>800*500*1000<\/td><\/tr><tr><td>TZ-B230<\/td><td>30-100<\/td><td>250*210<\/td><td>4<\/td><td>280<\/td><td>950*690*1200<\/td><\/tr><tr><td>TZ-B300<\/td><td>80-200<\/td><td>300*210<\/td><td>5.5<\/td><td>340<\/td><td>1000*700*1300<\/td><\/tr><tr><td>TZ-B400<\/td><td>150-400<\/td><td>380*250<\/td><td>7.5<\/td><td>420<\/td><td>1000*850*1400<\/td><\/tr><tr><td>TZ-B500<\/td><td>200-600<\/td><td>500*250<\/td><td>11<\/td><td>600<\/td><td>1200*1000*1500<\/td><\/tr><tr><td>TZ-B600<\/td><td>300-900<\/td><td>600*320<\/td><td>15<\/td><td>800<\/td><td>1650*1200*1700<\/td><\/tr><tr><td>TZ-B800<\/td><td>800-2200<\/td><td>600*650<\/td><td>22<\/td><td>2000<\/td><td>2400*1500*2400<\/td><\/tr><\/tbody><\/table><figcaption class=\"wp-element-caption\"> param\u00e8tres du broyeur \u00e0 os de viande<\/figcaption><\/figure>    <div class=\"wp-block-columns is-layout-flex wp-container-core-columns-is-layout-28f84493 wp-block-columns-is-layout-flex\"> <div class=\"wp-block-column is-layout-flow wp-block-column-is-layout-flow\"> <figure class=\"wp-block-image size-full\"><img loading=\"lazy\" decoding=\"async\" width=\"520\" height=\"520\" src=\"https:\/\/topfoodmachine.com\/wp-content\/uploads\/2022\/07\/commercial-animal-bone-grinder.jpg\" alt=\"broyeur d&#039;os d&#039;animaux commercial\" class=\"wp-image-224\" srcset=\"https:\/\/topfoodmachine.com\/wp-content\/uploads\/2022\/07\/commercial-animal-bone-grinder.jpg 520w, https:\/\/topfoodmachine.com\/wp-content\/uploads\/2022\/07\/commercial-animal-bone-grinder-300x300.jpg 300w, https:\/\/topfoodmachine.com\/wp-content\/uploads\/2022\/07\/commercial-animal-bone-grinder-150x150.jpg 150w\" sizes=\"auto, (max-width: 520px) 100vw, 520px\" \/><figcaption class=\"wp-element-caption\">broyeur d'os d'animaux commercial<\/figcaption><\/figure> <\/div>    <div class=\"wp-block-column is-layout-flow wp-block-column-is-layout-flow\"> <figure class=\"wp-block-image size-full\"><img loading=\"lazy\" decoding=\"async\" width=\"520\" height=\"520\" src=\"https:\/\/topfoodmachine.com\/wp-content\/uploads\/2022\/07\/bone-grinder-machine.jpg\" alt=\"machine \u00e0 broyer les os\" class=\"wp-image-225\" srcset=\"https:\/\/topfoodmachine.com\/wp-content\/uploads\/2022\/07\/bone-grinder-machine.jpg 520w, https:\/\/topfoodmachine.com\/wp-content\/uploads\/2022\/07\/bone-grinder-machine-300x300.jpg 300w, https:\/\/topfoodmachine.com\/wp-content\/uploads\/2022\/07\/bone-grinder-machine-150x150.jpg 150w\" sizes=\"auto, (max-width: 520px) 100vw, 520px\" \/><figcaption class=\"wp-element-caption\">machine \u00e0 broyer les os<\/figcaption><\/figure> <\/div> <\/div>    <h2 class=\"wp-block-heading\">Comment entretenir le broyeur d'os d'animaux ?<\/h2>    <p>Pour garantir des performances optimales et la long\u00e9vit\u00e9 de la machine \u00e0 broyer les os, suivez ces directives d'entretien :<\/p>    <div class=\"wp-block-media-text is-stacked-on-mobile\"><figure class=\"wp-block-media-text__media\"><img loading=\"lazy\" decoding=\"async\" width=\"720\" height=\"540\" src=\"https:\/\/topfoodmachine.com\/wp-content\/uploads\/2022\/07\/bone-powder-making-machine.webp\" alt=\"machine \u00e0 fabriquer de la poudre d&#039;os\" class=\"wp-image-1500 size-full\" srcset=\"https:\/\/topfoodmachine.com\/wp-content\/uploads\/2022\/07\/bone-powder-making-machine.webp 720w, https:\/\/topfoodmachine.com\/wp-content\/uploads\/2022\/07\/bone-powder-making-machine-300x225.webp 300w, https:\/\/topfoodmachine.com\/wp-content\/uploads\/2022\/07\/bone-powder-making-machine-16x12.webp 16w\" sizes=\"auto, (max-width: 720px) 100vw, 720px\" \/><\/figure><div class=\"wp-block-media-text__content\"> <ul class=\"wp-block-list\"> <li><strong>Ventilation ad\u00e9quate du moteur<\/strong><br>Place the motor in a well-ventilated area to promote effective heat dissipation during operation. This will help extend the motor&#8217;s service life.<\/li>    <li><strong>Inspection r\u00e9guli\u00e8re des couteaux et des boulons<\/strong><br>Periodically check the machine&#8217;s knives and bolts. After extended use, tighten the knives and bolts using specialized tools to maintain a secure connection between the knives and the knife frame.<\/li> <\/ul> <\/div><\/div>    <div class=\"wp-block-media-text has-media-on-the-right is-stacked-on-mobile\"><div class=\"wp-block-media-text__content\"> <ul class=\"wp-block-list\"> <li><strong>Lubrification des roulements<\/strong><br>Add grease to the machine&#8217;s bearings every 20 days to ensure proper lubrication and smooth operation of the rolling bearings.<\/li>    <li><strong>Entretien de la nettet\u00e9 des couteaux<\/strong><br>V\u00e9rifiez r\u00e9guli\u00e8rement la nettet\u00e9 des couteaux de la machine. Remplacez toute lame \u00e9mouss\u00e9e ou endommag\u00e9e pour garantir un broyage efficace et efficace.<\/li>    <li><strong>V\u00e9rification de la tension de la courroie<\/strong><br>V\u00e9rifiez r\u00e9guli\u00e8rement la tension de la courroie du broyeur \u00e0 os. Si la courroie est l\u00e2che, ajustez le moteur en desserrant son boulon de fixation et en le d\u00e9pla\u00e7ant vers l'ext\u00e9rieur jusqu'\u00e0 ce que la courroie soit correctement tendue.<\/li> <\/ul> <\/div><figure class=\"wp-block-media-text__media\"><img loading=\"lazy\" decoding=\"async\" width=\"720\" height=\"540\" src=\"https:\/\/topfoodmachine.com\/wp-content\/uploads\/2022\/07\/meat-bone-crusher.webp\" alt=\"broyeur \u00e0 os de viande\" class=\"wp-image-1501 size-full\" srcset=\"https:\/\/topfoodmachine.com\/wp-content\/uploads\/2022\/07\/meat-bone-crusher.webp 720w, https:\/\/topfoodmachine.com\/wp-content\/uploads\/2022\/07\/meat-bone-crusher-300x225.webp 300w, https:\/\/topfoodmachine.com\/wp-content\/uploads\/2022\/07\/meat-bone-crusher-16x12.webp 16w\" sizes=\"auto, (max-width: 720px) 100vw, 720px\" \/><\/figure><\/div>    <h2 class=\"wp-block-heading\">Laissez vos messages !<\/h2>    <p>En r\u00e9sum\u00e9, la machine \u00e0 fabriquer de la poudre d'os offre un traitement efficace, durable et facile \u00e0 utiliser pour une poudre d'os de haute qualit\u00e9. Elle dispose de m\u00e9canismes de broyage avanc\u00e9s et de caract\u00e9ristiques de s\u00e9curit\u00e9, ce qui en fait un ajout pr\u00e9cieux \u00e0 vos op\u00e9rations.<\/p>    <p class=\"translation-block\">Nous proposons \u00e9galement une gamme d'autres <a href=\"https:\/\/topfoodmachine.com\/fr\/products\/egg-meat-processing-machine\/\" data-type=\"link\" data-id=\"https:\/\/topfoodmachine.com\/products\/egg-meat-processing-machine\/\">\u00e9quipements de transformation de la viande<\/a> pour r\u00e9pondre \u00e0 vos besoins. Contactez-nous pour explorer notre s\u00e9lection compl\u00e8te et trouver les solutions parfaites pour votre entreprise.<\/p>    <figure class=\"wp-block-image size-large\"><img loading=\"lazy\" decoding=\"async\" width=\"720\" height=\"540\" src=\"https:\/\/topfoodmachine.com\/wp-content\/uploads\/2022\/07\/animal-bone-crusher-price.webp\" alt=\"prix du broyeur d&#039;os d&#039;animaux\" class=\"wp-image-1494\" srcset=\"https:\/\/topfoodmachine.com\/wp-content\/uploads\/2022\/07\/animal-bone-crusher-price.webp 720w, https:\/\/topfoodmachine.com\/wp-content\/uploads\/2022\/07\/animal-bone-crusher-price-300x225.webp 300w, https:\/\/topfoodmachine.com\/wp-content\/uploads\/2022\/07\/animal-bone-crusher-price-16x12.webp 16w\" sizes=\"auto, (max-width: 720px) 100vw, 720px\" \/><figcaption class=\"wp-element-caption\">prix du broyeur d'os d'animaux<\/figcaption><\/figure>","protected":false},"excerpt":{"rendered":"<p>La machine \u00e0 broyer les os peut traiter divers types d'os d'animaux, y compris les os de boeuf, de porc, de poisson et de mouton.<\/p>","protected":false},"author":1,"featured_media":219,"parent":0,"template":"","tags":[63,119,52,64,30],"product-type":[7],"class_list":["post-216","product","type-product","status-publish","has-post-thumbnail","hentry","tag-bone","tag-bone-crusher-machine","tag-crusher","tag-crushing-machine","tag-food-machine","product-type-egg-meat-processing-machine"],"_links":{"self":[{"href":"https:\/\/topfoodmachine.com\/fr\/wp-json\/wp\/v2\/product\/216","targetHints":{"allow":["GET"]}}],"collection":[{"href":"https:\/\/topfoodmachine.com\/fr\/wp-json\/wp\/v2\/product"}],"about":[{"href":"https:\/\/topfoodmachine.com\/fr\/wp-json\/wp\/v2\/types\/product"}],"author":[{"embeddable":true,"href":"https:\/\/topfoodmachine.com\/fr\/wp-json\/wp\/v2\/users\/1"}],"wp:featuredmedia":[{"embeddable":true,"href":"https:\/\/topfoodmachine.com\/fr\/wp-json\/wp\/v2\/media\/219"}],"wp:attachment":[{"href":"https:\/\/topfoodmachine.com\/fr\/wp-json\/wp\/v2\/media?parent=216"}],"wp:term":[{"taxonomy":"post_tag","embeddable":true,"href":"https:\/\/topfoodmachine.com\/fr\/wp-json\/wp\/v2\/tags?post=216"},{"taxonomy":"product-type","embeddable":true,"href":"https:\/\/topfoodmachine.com\/fr\/wp-json\/wp\/v2\/product-type?post=216"}],"curies":[{"name":"wp","href":"https:\/\/api.w.org\/{rel}","templated":true}]}}