{"id":2132,"date":"2026-02-02T15:09:19","date_gmt":"2026-02-02T07:09:19","guid":{"rendered":"https:\/\/topfoodmachine.com\/?post_type=product&#038;p=2132"},"modified":"2026-02-03T09:19:34","modified_gmt":"2026-02-03T01:19:34","slug":"semi-automatic-peanut-paste-making-machine","status":"publish","type":"product","link":"https:\/\/topfoodmachine.com\/fr\/product\/semi-automatic-peanut-paste-making-machine\/","title":{"rendered":"Machine semi-automatique de fabrication de p\u00e2te d\u2019arachide"},"content":{"rendered":"<div class=\"kk-star-ratings kksr-auto kksr-align-left kksr-valign-top\"     data-payload='{&quot;align&quot;:&quot;left&quot;,&quot;id&quot;:&quot;2132&quot;,&quot;slug&quot;:&quot;default&quot;,&quot;valign&quot;:&quot;top&quot;,&quot;ignore&quot;:&quot;&quot;,&quot;reference&quot;:&quot;auto&quot;,&quot;class&quot;:&quot;&quot;,&quot;count&quot;:&quot;0&quot;,&quot;legendonly&quot;:&quot;&quot;,&quot;readonly&quot;:&quot;&quot;,&quot;score&quot;:&quot;0&quot;,&quot;starsonly&quot;:&quot;&quot;,&quot;best&quot;:&quot;5&quot;,&quot;gap&quot;:&quot;5&quot;,&quot;greet&quot;:&quot;Rate this product&quot;,&quot;legend&quot;:&quot;0\\\/5 - (0 vote)&quot;,&quot;size&quot;:&quot;24&quot;,&quot;title&quot;:&quot;Semi-automatic peanut paste making machine&quot;,&quot;width&quot;:&quot;0&quot;,&quot;_legend&quot;:&quot;{score}\\\/{best} - ({count} {votes})&quot;,&quot;font_factor&quot;:&quot;1.25&quot;}'>              <div class=\"kksr-stars\">      <div class=\"kksr-stars-inactive\">             <div class=\"kksr-star\" data-star=\"1\" style=\"padding-right: 5px\">               <div class=\"kksr-icon\" style=\"width: 24px; height: 24px;\"><\/div>         <\/div>             <div class=\"kksr-star\" data-star=\"2\" style=\"padding-right: 5px\">               <div class=\"kksr-icon\" style=\"width: 24px; height: 24px;\"><\/div>         <\/div>             <div class=\"kksr-star\" data-star=\"3\" style=\"padding-right: 5px\">               <div class=\"kksr-icon\" style=\"width: 24px; height: 24px;\"><\/div>         <\/div>             <div class=\"kksr-star\" data-star=\"4\" style=\"padding-right: 5px\">               <div class=\"kksr-icon\" style=\"width: 24px; height: 24px;\"><\/div>         <\/div>             <div class=\"kksr-star\" data-star=\"5\" style=\"padding-right: 5px\">               <div class=\"kksr-icon\" style=\"width: 24px; height: 24px;\"><\/div>         <\/div>     <\/div>      <div class=\"kksr-stars-active\" style=\"width: 0px;\">             <div class=\"kksr-star\" style=\"padding-right: 5px\">               <div class=\"kksr-icon\" style=\"width: 24px; height: 24px;\"><\/div>         <\/div>             <div class=\"kksr-star\" style=\"padding-right: 5px\">               <div class=\"kksr-icon\" style=\"width: 24px; height: 24px;\"><\/div>         <\/div>             <div class=\"kksr-star\" style=\"padding-right: 5px\">               <div class=\"kksr-icon\" style=\"width: 24px; height: 24px;\"><\/div>         <\/div>             <div class=\"kksr-star\" style=\"padding-right: 5px\">               <div class=\"kksr-icon\" style=\"width: 24px; height: 24px;\"><\/div>         <\/div>             <div class=\"kksr-star\" style=\"padding-right: 5px\">               <div class=\"kksr-icon\" style=\"width: 24px; height: 24px;\"><\/div>         <\/div>     <\/div> <\/div>                   <div class=\"kksr-legend\" style=\"font-size: 19.2px;\">             <span class=\"kksr-muted\">\u00c9valuez ce produit<\/span>     <\/div>     <\/div>  <p>La machine semi-automatique de fabrication de p\u00e2te d\u2019arachide est un syst\u00e8me compact et efficace qui combine torr\u00e9faction, d\u00e9corticage, broyage, m\u00e9lange et remplissage semi-automatique en une seule ligne de production. Elle r\u00e9duit les besoins en main-d\u2019\u0153uvre tout en fournissant un beurre d\u2019arachide lisse, savoureux et hygi\u00e9nique.<\/p>    <p class=\"translation-block\">Con\u00e7ue pour une <strong>capacit\u00e9 de production de 50\u2013100\u202fkg\/h<\/strong>, elle offre <strong>une sortie flexible<\/strong> pour r\u00e9pondre aux besoins des startups et des petites entreprises. La machine est <strong>facile \u00e0 utiliser, simple \u00e0 entretenir<\/strong>, et \u00e9conomique compar\u00e9e aux lignes enti\u00e8rement automatis\u00e9es, tout en assurant une qualit\u00e9 stable et constante du beurre d'arachide.<\/p>    <figure class=\"wp-block-embed is-type-video is-provider-youtube wp-block-embed-youtube wp-embed-aspect-9-16 wp-has-aspect-ratio\"><div class=\"wp-block-embed__wrapper\"> <iframe loading=\"lazy\" title=\"Machine semi-automatique de fabrication de p\u00e2te d\u2019arachide | Processus de production de beurre d\u2019arachide #arachide #beurre\" width=\"422\" height=\"750\" src=\"https:\/\/www.youtube.com\/embed\/y-UI9JWvddQ?feature=oembed\" frameborder=\"0\" allow=\"accelerometer; autoplay; clipboard-write; encrypted-media; gyroscope; picture-in-picture; web-share\" referrerpolicy=\"strict-origin-when-cross-origin\" allowfullscreen><\/iframe> <\/div><figcaption class=\"wp-element-caption\">Vid\u00e9o de fonctionnement de la machine \u00e0 p\u00e2te d\u2019arachide<\/figcaption><\/figure>    <h2 class=\"wp-block-heading\">Comment fonctionne la machine semi-automatique \u00e0 p\u00e2te d\u2019arachide ?<\/h2>    <p class=\"translation-block\">La machine semi-automatique de fabrication de p\u00e2te d\u2019arachide offre une <strong>solution compl\u00e8te et rationalis\u00e9e<\/strong> pour la production de beurre d\u2019arachide. Elle g\u00e8re efficacement <strong>la torr\u00e9faction, le d\u00e9corticage, le broyage et le remplissage<\/strong>, garantissant une qualit\u00e9 constante et une texture lisse tout en r\u00e9duisant la main-d\u2019\u0153uvre et en simplifiant les op\u00e9rations.<\/p>    <h3 class=\"wp-block-heading\"><strong>1. <a href=\"https:\/\/topfoodmachine.com\/fr\/product\/peanut-roasting-machine\/\" data-type=\"link\" data-id=\"https:\/\/topfoodmachine.com\/product\/peanut-roasting-machine\/\">Torr\u00e9facteur d\u2019arachides<\/a><\/strong><\/h3>    <p class=\"translation-block\">Le processus commence avec <strong>le torr\u00e9facteur d\u2019arachides<\/strong>, o\u00f9 les arachides crues sont chauff\u00e9es uniform\u00e9ment dans un tambour rotatif. La machine permet \u00e0 l\u2019op\u00e9rateur de pr\u00e9-r\u00e9gler la temp\u00e9rature pour une torr\u00e9faction optimale. Une fois pr\u00e9chauff\u00e9es, les arachides d\u00e9cortiqu\u00e9es sont vers\u00e9es dans le tambour, produisant une torr\u00e9faction uniforme qui r\u00e9v\u00e8le la saveur naturelle des arachides.<\/p>    <div class=\"wp-block-media-text is-stacked-on-mobile\"><figure class=\"wp-block-media-text__media\"><img loading=\"lazy\" decoding=\"async\" width=\"720\" height=\"540\" src=\"https:\/\/topfoodmachine.com\/wp-content\/uploads\/2026\/02\/Peanut-Roaster.webp\" alt=\"Torr\u00e9facteur d\u2019arachides\" class=\"wp-image-2136 size-full\" srcset=\"https:\/\/topfoodmachine.com\/wp-content\/uploads\/2026\/02\/Peanut-Roaster.webp 720w, https:\/\/topfoodmachine.com\/wp-content\/uploads\/2026\/02\/Peanut-Roaster-300x225.webp 300w, https:\/\/topfoodmachine.com\/wp-content\/uploads\/2026\/02\/Peanut-Roaster-16x12.webp 16w\" sizes=\"auto, (max-width: 720px) 100vw, 720px\" \/><\/figure><div class=\"wp-block-media-text__content\"> <ul class=\"wp-block-list\"> <li><strong>Capacit\u00e9 :<\/strong> 100\u202fkg\/h<\/li>    <li><strong>Puissance du moteur :<\/strong> 1,1\u202fkW<\/li>    <li><strong>Puissance de chauffage :<\/strong> 18\u202fkW<\/li>    <li><strong>Poids :<\/strong> 600\u202fkg<\/li>    <li><strong>Plage de temp\u00e9rature :<\/strong> 0\u2013300\u202f\u00b0C<\/li> <\/ul> <\/div><\/div>    <h3 class=\"wp-block-heading\"><strong>2. <a href=\"https:\/\/topfoodmachine.com\/fr\/product\/peanut-peeling-machine\/\" data-type=\"link\" data-id=\"https:\/\/topfoodmachine.com\/product\/peanut-peeling-machine\/\">Machine \u00e0 \u00e9plucher les arachides<\/a><\/strong><\/h3>    <p class=\"translation-block\">Apr\u00e8s la torr\u00e9faction, les arachides sont introduites dans <strong>la machine de d\u00e9corticage d\u2019arachides<\/strong>. En utilisant la friction des rouleaux en \u00e9meri, la machine \u00e9limine efficacement la coque rouge, atteignant un taux de d\u00e9corticage sup\u00e9rieur \u00e0 98 %. Ce processus de d\u00e9corticage \u00e0 sec garantit que les arachides sont propres et pr\u00eates pour le broyage.<\/p>    <div class=\"wp-block-media-text has-media-on-the-right is-stacked-on-mobile\"><div class=\"wp-block-media-text__content\"> <ul class=\"wp-block-list\"> <li><strong>Puissance du moteur :<\/strong> 0,55\u202fkW<\/li>    <li><strong>Capacit\u00e9 :<\/strong> 200\u2013300\u202fkg\/h<\/li>    <li><strong>Puissance du ventilateur :<\/strong> 0,75\u202fkW<\/li>    <li><strong>Tension :<\/strong> 220V \/ 380V<\/li>    <li><strong>Puret\u00e9 du d\u00e9corticage :<\/strong> 98%<\/li>    <li><strong>Dimensions :<\/strong> 1100 \u00d7 400 \u00d7 1100\u202fmm<\/li> <\/ul> <\/div><figure class=\"wp-block-media-text__media\"><img loading=\"lazy\" decoding=\"async\" width=\"540\" height=\"720\" src=\"https:\/\/topfoodmachine.com\/wp-content\/uploads\/2026\/02\/Peanut-Peeling-Machine.webp\" alt=\"Machine \u00e0 \u00e9plucher les arachides\" class=\"wp-image-2137 size-full\" srcset=\"https:\/\/topfoodmachine.com\/wp-content\/uploads\/2026\/02\/Peanut-Peeling-Machine.webp 540w, https:\/\/topfoodmachine.com\/wp-content\/uploads\/2026\/02\/Peanut-Peeling-Machine-225x300.webp 225w, https:\/\/topfoodmachine.com\/wp-content\/uploads\/2026\/02\/Peanut-Peeling-Machine-9x12.webp 9w\" sizes=\"auto, (max-width: 540px) 100vw, 540px\" \/><\/figure><\/div>    <h3 class=\"wp-block-heading\"><strong>3. Machine de broyage de beurre d\u2019arachide<\/strong><\/h3>    <p class=\"translation-block\">Ensuite, les arachides d\u00e9cortiqu\u00e9es passent dans <strong>la machine de broyage<\/strong>, qui les \u00e9crase en une p\u00e2te d\u2019arachide fine. La finesse typique varie de 100 \u00e0 150 mesh, et la temp\u00e9rature de broyage est contr\u00f4l\u00e9e autour de 80\u201385\u202f\u00b0C, ce qui, selon la recherche, donne le meilleur go\u00fbt.<\/p>    <div class=\"wp-block-media-text is-stacked-on-mobile\"><figure class=\"wp-block-media-text__media\"><img loading=\"lazy\" decoding=\"async\" width=\"540\" height=\"720\" src=\"https:\/\/topfoodmachine.com\/wp-content\/uploads\/2026\/02\/Peanut-Butter-Grinding-Machine.webp\" alt=\"Machine de broyage de beurre d&#039;arachide\" class=\"wp-image-2138 size-full\" srcset=\"https:\/\/topfoodmachine.com\/wp-content\/uploads\/2026\/02\/Peanut-Butter-Grinding-Machine.webp 540w, https:\/\/topfoodmachine.com\/wp-content\/uploads\/2026\/02\/Peanut-Butter-Grinding-Machine-225x300.webp 225w, https:\/\/topfoodmachine.com\/wp-content\/uploads\/2026\/02\/Peanut-Butter-Grinding-Machine-9x12.webp 9w\" sizes=\"auto, (max-width: 540px) 100vw, 540px\" \/><\/figure><div class=\"wp-block-media-text__content\"> <ul class=\"wp-block-list\"> <li><strong>Finesse de traitement :<\/strong> 2\u2013100\u202f\u03bcm<\/li>    <li><strong>Dimensions :<\/strong> 110 \u00d7 75 \u00d7 130\u202fcm<\/li>    <li><strong>Puissance :<\/strong> 5,5\u202fkW \u00d7 2 (Total 11\u202fkW)<\/li> <\/ul> <\/div><\/div>    <h3 class=\"wp-block-heading\"><strong>4. Machine semi-automatique de remplissage de beurre d\u2019arachide<\/strong><\/h3>    <p class=\"translation-block\">Enfin, la p\u00e2te d\u2019arachide lisse est transf\u00e9r\u00e9e vers <strong>la machine semi-automatique de remplissage<\/strong>. Cet \u00e9quipement remplit les contenants \u2014 tels que bouteilles, canettes ou sachets refermables \u2014 avec des volumes pr\u00e9cis \u00e0 une vitesse contr\u00f4l\u00e9e. <\/p>    <div class=\"wp-block-media-text has-media-on-the-right is-stacked-on-mobile\"><div class=\"wp-block-media-text__content\"> <ul class=\"wp-block-list\"> <li><strong>Pression d\u2019air :<\/strong> 0,4\u20130,6\u202fMPa<\/li>    <li><strong>Poids :<\/strong> 50\u202fkg<\/li>    <li><strong>Type d\u2019entra\u00eenement :<\/strong> \u00c9lectrique<\/li>    <li><strong>Vitesse de remplissage :<\/strong> 20\u201360 bouteilles\/min<\/li>    <li><strong>Plage de volume de remplissage :<\/strong> 300\u20131000\u202fml<\/li> <\/ul> <\/div><figure class=\"wp-block-media-text__media\"><img loading=\"lazy\" decoding=\"async\" width=\"540\" height=\"720\" src=\"https:\/\/topfoodmachine.com\/wp-content\/uploads\/2026\/02\/Semi-Automatic-Peanut-Butter-Filling-Machine.webp\" alt=\"Machine semi-automatique de remplissage de beurre d\u2019arachide\" class=\"wp-image-2139 size-full\" srcset=\"https:\/\/topfoodmachine.com\/wp-content\/uploads\/2026\/02\/Semi-Automatic-Peanut-Butter-Filling-Machine.webp 540w, https:\/\/topfoodmachine.com\/wp-content\/uploads\/2026\/02\/Semi-Automatic-Peanut-Butter-Filling-Machine-225x300.webp 225w, https:\/\/topfoodmachine.com\/wp-content\/uploads\/2026\/02\/Semi-Automatic-Peanut-Butter-Filling-Machine-9x12.webp 9w\" sizes=\"auto, (max-width: 540px) 100vw, 540px\" \/><\/figure><\/div>    <h2 class=\"wp-block-heading\">Pourquoi choisir d\u2019acheter notre machine semi-automatique \u00e0 beurre d\u2019arachide ?<\/h2>    <div class=\"wp-block-media-text is-stacked-on-mobile\"><figure class=\"wp-block-media-text__media\"><img loading=\"lazy\" decoding=\"async\" width=\"720\" height=\"540\" src=\"https:\/\/topfoodmachine.com\/wp-content\/uploads\/2026\/02\/semi-automatic-peanut-butter-maker.webp\" alt=\"Machine semi-automatique \u00e0 beurre d\u2019arachide\" class=\"wp-image-2140 size-full\" srcset=\"https:\/\/topfoodmachine.com\/wp-content\/uploads\/2026\/02\/semi-automatic-peanut-butter-maker.webp 720w, https:\/\/topfoodmachine.com\/wp-content\/uploads\/2026\/02\/semi-automatic-peanut-butter-maker-300x225.webp 300w, https:\/\/topfoodmachine.com\/wp-content\/uploads\/2026\/02\/semi-automatic-peanut-butter-maker-16x12.webp 16w\" sizes=\"auto, (max-width: 720px) 100vw, 720px\" \/><\/figure><div class=\"wp-block-media-text__content\"> <ul class=\"wp-block-list\"> <li><strong>Investissement rentable<\/strong> \u2013 Co\u00fbt initial inf\u00e9rieur par rapport aux lignes enti\u00e8rement automatiques, permettant un retour sur investissement plus rapide.<\/li>    <li><strong>Production flexible<\/strong> \u2013 Supporte une sortie de 50\u2013100\u202fkg\/h, avec possibilit\u00e9 de mise \u00e0 niveau vers un syst\u00e8me enti\u00e8rement automatis\u00e9 \u00e0 l\u2019avenir.<\/li>    <li><strong>Qualit\u00e9 produit coh\u00e9rente<\/strong> \u2013 Broyage uniforme, m\u00e9lange homog\u00e8ne et remplissage pr\u00e9cis garantissent une texture lisse et un go\u00fbt stable.<\/li>    <li><strong>Compacte et polyvalente<\/strong> \u2013 Conception compacte adapt\u00e9e aux petites usines, startups et divers am\u00e9nagements d\u2019ateliers.<\/li> <\/ul> <\/div><\/div>    <div class=\"wp-block-media-text has-media-on-the-right is-stacked-on-mobile\"><div class=\"wp-block-media-text__content\"> <ul class=\"wp-block-list\"> <li><strong>Modulaire et extensible<\/strong> \u2013 Les machines individuelles peuvent fonctionner ind\u00e9pendamment ou \u00eatre combin\u00e9es ; faciles \u00e0 entretenir, \u00e0 remplacer ou \u00e0 mettre \u00e0 niveau.<\/li>    <li><strong>Haute efficacit\u00e9 et durabilit\u00e9<\/strong> \u2013 Torr\u00e9faction, broyage et remplissage optimis\u00e9s pour une performance stable et une longue dur\u00e9e de vie.<\/li>    <li><strong>Large application<\/strong> \u2013 Convient \u00e0 la production de beurre d\u2019arachide, p\u00e2tes, sauces, confitures, et produits similaires.<\/li>    <li><strong>Hygi\u00e9nique et s\u00fbr<\/strong> \u2013 Con\u00e7ue avec des mat\u00e9riaux de qualit\u00e9 alimentaire, respectant les normes d\u2019hygi\u00e8ne et facilitant une op\u00e9ration ais\u00e9e.<\/li> <\/ul> <\/div><figure class=\"wp-block-media-text__media\"><img loading=\"lazy\" decoding=\"async\" width=\"720\" height=\"540\" src=\"https:\/\/topfoodmachine.com\/wp-content\/uploads\/2026\/02\/Groundnut-butter-making-machine-application.webp\" alt=\"Application de la machine \u00e0 beurre de cacahu\u00e8te\" class=\"wp-image-2141 size-full\" srcset=\"https:\/\/topfoodmachine.com\/wp-content\/uploads\/2026\/02\/Groundnut-butter-making-machine-application.webp 720w, https:\/\/topfoodmachine.com\/wp-content\/uploads\/2026\/02\/Groundnut-butter-making-machine-application-300x225.webp 300w, https:\/\/topfoodmachine.com\/wp-content\/uploads\/2026\/02\/Groundnut-butter-making-machine-application-16x12.webp 16w\" sizes=\"auto, (max-width: 720px) 100vw, 720px\" \/><\/figure><\/div>    <h2 class=\"wp-block-heading\">Champ d\u2019application de la machine \u00e0 beurre de cacahu\u00e8te<\/h2>    <p class=\"translation-block\">La machine \u00e0 fabriquer du beurre d'arachide est id\u00e9ale pour <strong>les producteurs de beurre d'arachide de petite \u00e0 moyenne \u00e9chelle<\/strong>, les startups et les ateliers de transformation alimentaire. Au-del\u00e0 du beurre d'arachide, elle peut \u00e9galement \u00eatre utilis\u00e9e pour traiter <strong>d'autres p\u00e2tes de noix, tartinades et sauces<\/strong>, offrant une polyvalence pour une gamme diversifi\u00e9e de produits alimentaires.<\/p>    <p class=\"translation-block\">Sa conception compacte et modulaire la rend adapt\u00e9e pour <strong>petites usines, projets alimentaires ruraux, ou lignes de production sp\u00e9cialis\u00e9es<\/strong>, tandis que le fonctionnement semi-automatique garantit une qualit\u00e9 constante, une texture lisse et une production hygi\u00e9nique dans toutes les applications.<\/p>    <figure class=\"wp-block-image size-full\"><img loading=\"lazy\" decoding=\"async\" width=\"720\" height=\"540\" src=\"https:\/\/topfoodmachine.com\/wp-content\/uploads\/2026\/02\/peanut-butter.webp\" alt=\"beurre d&#039;arachide\" class=\"wp-image-2142\" srcset=\"https:\/\/topfoodmachine.com\/wp-content\/uploads\/2026\/02\/peanut-butter.webp 720w, https:\/\/topfoodmachine.com\/wp-content\/uploads\/2026\/02\/peanut-butter-300x225.webp 300w, https:\/\/topfoodmachine.com\/wp-content\/uploads\/2026\/02\/peanut-butter-16x12.webp 16w\" sizes=\"auto, (max-width: 720px) 100vw, 720px\" \/><figcaption class=\"wp-element-caption\">beurre d'arachide<\/figcaption><\/figure>    <h2 class=\"wp-block-heading\">Conclusion<\/h2>    <p class=\"translation-block\">Commencez \u00e0 produire du beurre d\u2019arachide de haute qualit\u00e9 facilement avec notre <strong>machine semi-automatique de fabrication de p\u00e2te d\u2019arachide<\/strong>. Con\u00e7ue pour l\u2019efficacit\u00e9, la qualit\u00e9 constante et une op\u00e9ration flexible, c\u2019est la solution id\u00e9ale pour les producteurs de petite \u00e0 moyenne \u00e9chelle. <\/p>    <p class=\"translation-block\">Pour ceux ayant des besoins de production plus importants, nous proposons \u00e9galement <strong><a href=\"https:\/\/topfoodmachine.com\/fr\/product\/automatic-peanut-butter-making-machine\/\" data-type=\"link\" data-id=\"https:\/\/topfoodmachine.com\/product\/automatic-peanut-butter-making-machine\/\">des lignes de production de beurre d\u2019arachide enti\u00e8rement automatiques<\/a><\/strong>, vous permettant de choisir le syst\u00e8me qui correspond le mieux \u00e0 votre activit\u00e9. <\/p>    <p class=\"translation-block\"><strong>Contactez-nous d\u00e8s aujourd\u2019hui<\/strong> pour obtenir un devis et trouver la solution id\u00e9ale pour votre production de beurre d\u2019arachide.<\/p>","protected":false},"excerpt":{"rendered":"<p>La machine semi-automatique de fabrication de p\u00e2te d\u2019arachide est un syst\u00e8me compact et efficace qui combine torr\u00e9faction, d\u00e9corticage, broyage, m\u00e9lange et remplissage semi-automatique en une seule ligne de production compl\u00e8te.<\/p>","protected":false},"author":1,"featured_media":2135,"parent":0,"template":"","tags":[141],"product-type":[5],"class_list":["post-2132","product","type-product","status-publish","has-post-thumbnail","hentry","tag-semi-automatic-peanut-paste-making-machine","product-type-nuts-processing-machine"],"_links":{"self":[{"href":"https:\/\/topfoodmachine.com\/fr\/wp-json\/wp\/v2\/product\/2132","targetHints":{"allow":["GET"]}}],"collection":[{"href":"https:\/\/topfoodmachine.com\/fr\/wp-json\/wp\/v2\/product"}],"about":[{"href":"https:\/\/topfoodmachine.com\/fr\/wp-json\/wp\/v2\/types\/product"}],"author":[{"embeddable":true,"href":"https:\/\/topfoodmachine.com\/fr\/wp-json\/wp\/v2\/users\/1"}],"wp:featuredmedia":[{"embeddable":true,"href":"https:\/\/topfoodmachine.com\/fr\/wp-json\/wp\/v2\/media\/2135"}],"wp:attachment":[{"href":"https:\/\/topfoodmachine.com\/fr\/wp-json\/wp\/v2\/media?parent=2132"}],"wp:term":[{"taxonomy":"post_tag","embeddable":true,"href":"https:\/\/topfoodmachine.com\/fr\/wp-json\/wp\/v2\/tags?post=2132"},{"taxonomy":"product-type","embeddable":true,"href":"https:\/\/topfoodmachine.com\/fr\/wp-json\/wp\/v2\/product-type?post=2132"}],"curies":[{"name":"wp","href":"https:\/\/api.w.org\/{rel}","templated":true}]}}