{"id":205,"date":"2022-07-26T07:46:53","date_gmt":"2022-07-26T07:46:53","guid":{"rendered":"https:\/\/topfoodmachine.com\/?post_type=product&#038;p=205"},"modified":"2023-03-31T10:58:37","modified_gmt":"2023-03-31T02:58:37","slug":"coffee-powder-packing-machine","status":"publish","type":"product","link":"https:\/\/topfoodmachine.com\/fr\/product\/coffee-powder-packing-machine\/","title":{"rendered":"Machine d'emballage de caf\u00e9 en poudre"},"content":{"rendered":"<div class=\"kk-star-ratings kksr-auto kksr-align-left kksr-valign-top\"     data-payload='{&quot;align&quot;:&quot;left&quot;,&quot;id&quot;:&quot;205&quot;,&quot;slug&quot;:&quot;default&quot;,&quot;valign&quot;:&quot;top&quot;,&quot;ignore&quot;:&quot;&quot;,&quot;reference&quot;:&quot;auto&quot;,&quot;class&quot;:&quot;&quot;,&quot;count&quot;:&quot;20&quot;,&quot;legendonly&quot;:&quot;&quot;,&quot;readonly&quot;:&quot;&quot;,&quot;score&quot;:&quot;4.7&quot;,&quot;starsonly&quot;:&quot;&quot;,&quot;best&quot;:&quot;5&quot;,&quot;gap&quot;:&quot;5&quot;,&quot;greet&quot;:&quot;Rate this product&quot;,&quot;legend&quot;:&quot;4.7\\\/5 - (20 votes)&quot;,&quot;size&quot;:&quot;24&quot;,&quot;title&quot;:&quot;Coffee Powder Packing Machine&quot;,&quot;width&quot;:&quot;133.8&quot;,&quot;_legend&quot;:&quot;{score}\\\/{best} - ({count} {votes})&quot;,&quot;font_factor&quot;:&quot;1.25&quot;}'>              <div class=\"kksr-stars\">      <div class=\"kksr-stars-inactive\">             <div class=\"kksr-star\" data-star=\"1\" style=\"padding-right: 5px\">               <div class=\"kksr-icon\" style=\"width: 24px; height: 24px;\"><\/div>         <\/div>             <div class=\"kksr-star\" data-star=\"2\" style=\"padding-right: 5px\">               <div class=\"kksr-icon\" style=\"width: 24px; height: 24px;\"><\/div>         <\/div>             <div class=\"kksr-star\" data-star=\"3\" style=\"padding-right: 5px\">               <div class=\"kksr-icon\" style=\"width: 24px; height: 24px;\"><\/div>         <\/div>             <div class=\"kksr-star\" data-star=\"4\" style=\"padding-right: 5px\">               <div class=\"kksr-icon\" style=\"width: 24px; height: 24px;\"><\/div>         <\/div>             <div class=\"kksr-star\" data-star=\"5\" style=\"padding-right: 5px\">               <div class=\"kksr-icon\" style=\"width: 24px; height: 24px;\"><\/div>         <\/div>     <\/div>      <div class=\"kksr-stars-active\" style=\"width: 133.8px;\">             <div class=\"kksr-star\" style=\"padding-right: 5px\">               <div class=\"kksr-icon\" style=\"width: 24px; height: 24px;\"><\/div>         <\/div>             <div class=\"kksr-star\" style=\"padding-right: 5px\">               <div class=\"kksr-icon\" style=\"width: 24px; height: 24px;\"><\/div>         <\/div>             <div class=\"kksr-star\" style=\"padding-right: 5px\">               <div class=\"kksr-icon\" style=\"width: 24px; height: 24px;\"><\/div>         <\/div>             <div class=\"kksr-star\" style=\"padding-right: 5px\">               <div class=\"kksr-icon\" style=\"width: 24px; height: 24px;\"><\/div>         <\/div>             <div class=\"kksr-star\" style=\"padding-right: 5px\">               <div class=\"kksr-icon\" style=\"width: 24px; height: 24px;\"><\/div>         <\/div>     <\/div> <\/div>                   <div class=\"kksr-legend\" style=\"font-size: 19.2px;\">             4,7\/5 - (20 votes)    <\/div>     <\/div>  <p class=\"translation-block\"><strong>La machine de conditionnement de poudre de caf\u00e9<\/strong> est un excellent \u00e9quipement pour l'emballage de caf\u00e9. Elle peut terminer enti\u00e8rement le processus de pes\u00e9e de caf\u00e9, de formation de sacs, de remplissage de caf\u00e9, de scellage, d'impression de date et de codage. La machine de conditionnement de poudre de caf\u00e9 \u00e0 vendre chez Taizy se d\u00e9cline principalement en deux types, une machine de conditionnement de caf\u00e9 verticale de petite taille et une machine de conditionnement de poudre de caf\u00e9 super-efficace de 1 kg. Elles conviennent \u00e0 diff\u00e9rents besoins de capacit\u00e9 de production. Ces <strong>machines de conditionnement de poudre<\/strong> pr\u00e9sentent des caract\u00e9ristiques de haute efficacit\u00e9, d'op\u00e9ration facile et de mat\u00e9riau durable. Elles peuvent consid\u00e9rablement augmenter votre productivit\u00e9 et b\u00e9n\u00e9ficier \u00e0 votre entreprise de caf\u00e9. De plus, nos produits de haute qualit\u00e9 et \u00e0 prix abordable sont c\u00e9l\u00e8bres aupr\u00e8s des clients du monde entier. Aujourd'hui, nos machines de conditionnement de poudre ont \u00e9t\u00e9 export\u00e9es avec succ\u00e8s vers plus de 80 pays et r\u00e9gions. &nbsp;<\/p>    <h2 class=\"wp-block-heading\">Deux machines d'emballage de poudre de caf\u00e9 diff\u00e9rentes \u00e0 vendre<\/h2>    <p>Pour diff\u00e9rentes exigences d'emballage, il existe deux machines d'emballage de caf\u00e9 en poudre diff\u00e9rentes. Ils sont \u00e0 la fois automatiques et efficaces. L'une est une petite machine d'emballage de poudre de caf\u00e9 de type vertical, et une autre est une machine d'emballage de poudre super efficace de 1 kg. Ils ont des fonctionnalit\u00e9s et des avantages diff\u00e9rents.<\/p>    <h3 class=\"wp-block-heading\">Type 1\u00a0: Petite machine de scellage de remplissage de poudre de caf\u00e9 verticale \u00e0 vendre<\/h3>    <p>Cette machine d'emballage de caf\u00e9 en poudre est de petite taille, facile \u00e0 d\u00e9placer et couvre un petit espace de votre atelier. Il peut compl\u00e9ter de mani\u00e8re totalement automatique les fonctions de pes\u00e9e, de remplissage, de fabrication de sacs, de scellage, de codage et de comptage. De plus, la petite machine de remplissage et de scellage de poudre de type vertical a un prix tr\u00e8s avantageux. Il est abordable et id\u00e9al pour la demande de production de petits emballages de caf\u00e9. Et il convient au conditionnement de poudre de caf\u00e9 en sachet de 1 gramme \u00e0 80 grammes. Sa vitesse d'emballage peut atteindre 80 sacs par minute.<\/p>    <figure class=\"wp-block-image size-full\"><img loading=\"lazy\" decoding=\"async\" width=\"720\" height=\"540\" src=\"https:\/\/topfoodmachine.com\/wp-content\/uploads\/2022\/07\/small-coffee-powder-packing-machine.jpg\" alt=\"petite machine d&#039;emballage de poudre de caf\u00e9\" class=\"wp-image-206\" srcset=\"https:\/\/topfoodmachine.com\/wp-content\/uploads\/2022\/07\/small-coffee-powder-packing-machine.jpg 720w, https:\/\/topfoodmachine.com\/wp-content\/uploads\/2022\/07\/small-coffee-powder-packing-machine-300x225.jpg 300w\" sizes=\"auto, (max-width: 720px) 100vw, 720px\" \/><figcaption class=\"wp-element-caption\">petite machine d'emballage de poudre de caf\u00e9<\/figcaption><\/figure>    <h3 class=\"wp-block-heading\">Type 2\u00a0: Machine d'emballage automatique de poudre de caf\u00e9 super efficace de 1 kg \u00e0 vendre<\/h3>    <p>Il s'agit d'une machine de conditionnement de caf\u00e9 en poudre fiable et super efficace. Sa capacit\u00e9 est de 1 kg ~ 3 kg. Cette machine prend uniquement en charge le style de sac \u00e0 fermeture arri\u00e8re. Et la vitesse d'emballage de cette machine d'emballage de sachets de caf\u00e9 peut atteindre 50 sacs par minute. De m\u00eame, cette machine est \u00e9galement une machine d\u2019emballage enti\u00e8rement automatique, qui permet d\u2019\u00e9conomiser du travail et est tr\u00e8s efficace. Ses pi\u00e8ces principales comprennent une machine d'alimentation en poudre, une machine de remplissage \u00e0 vis sans fin et une machine d'emballage de sachets de type collier. Avec une excellente conception et une structure simple, la machine d'emballage de caf\u00e9 en poudre s\u00e8che est tr\u00e8s facile \u00e0 utiliser et \u00e0 entretenir.<\/p>    <figure class=\"wp-block-image size-full\"><img loading=\"lazy\" decoding=\"async\" width=\"720\" height=\"540\" src=\"https:\/\/topfoodmachine.com\/wp-content\/uploads\/2022\/07\/large-scale-coffee-powder-packaging-machine.jpg\" alt=\"machine de conditionnement de caf\u00e9 en poudre \u00e0 grande \u00e9chelle\" class=\"wp-image-209\" srcset=\"https:\/\/topfoodmachine.com\/wp-content\/uploads\/2022\/07\/large-scale-coffee-powder-packaging-machine.jpg 720w, https:\/\/topfoodmachine.com\/wp-content\/uploads\/2022\/07\/large-scale-coffee-powder-packaging-machine-300x225.jpg 300w\" sizes=\"auto, (max-width: 720px) 100vw, 720px\" \/><figcaption class=\"wp-element-caption\">machine de conditionnement de caf\u00e9 en poudre \u00e0 grande \u00e9chelle<\/figcaption><\/figure>    <h2 class=\"wp-block-heading\">Donn\u00e9es techniques de la machine d'emballage de caf\u00e9 en poudre Taizy<\/h2>    <figure class=\"wp-block-table\"><table><tbody><tr><td>Taper<\/td><td>0-80 g\/sac<\/td><td>1000-3000g\/sac<\/td><\/tr><tr><td>Pouvoir<\/td><td>1,8 kW<\/td><td>AC220V\/50Hz<\/td><\/tr><tr><td>Longueur de sac<\/td><td>30-180mm<\/td><td>80-400mm<\/td><\/tr><tr><td>Largeur du sac<\/td><td>20-150mm<\/td><td>80-250mm<\/td><\/tr><tr><td>Largeur maximale du film en rouleau<\/td><td>320 mm<\/td><td>520mm<\/td><\/tr><tr><td>Vitesse d'emballage<\/td><td>20-80 sacs\/min<\/td><td>5-50 sacs\/min<\/td><\/tr><tr><td>Types de sacs<\/td><td>Joint 3 c\u00f4t\u00e9s\/joint arri\u00e8re\/joint 4 c\u00f4t\u00e9s&nbsp;<\/td><td>&nbsp;Joint arri\u00e8re<\/td><\/tr><tr><td>Consommation d'air<\/td><td>&nbsp;\/<\/td><td>0,65 MPa<\/td><\/tr><tr><td>Consommation de gaz<\/td><td>&nbsp;\/<\/td><td>0,4 m\u00b3\/min<\/td><\/tr><tr><td>Dimension<\/td><td>650*1050*1950mm<\/td><td>(L)1150\u00d7(L)1795\u00d7(H)1650mm&nbsp;<\/td><\/tr><tr><td>Poids<\/td><td>250 kg<\/td><td>600 kg<\/td><\/tr><\/tbody><\/table><\/figure>    <h2 class=\"wp-block-heading\">Avantages de la machine d'emballage de caf\u00e9 Taizy <\/h2>    <ol class=\"wp-block-list\" type=\"1\"> <li>Mat\u00e9riau Durable et de qualit\u00e9 alimentaire, longue dur\u00e9e de vie<\/li>    <li>Un syst\u00e8me de contr\u00f4le PLC intelligent, facile \u00e0 utiliser<\/li>    <li>Une conception raisonnable, une structure simple, de bonnes performances<\/li>    <li>Applications larges, ils conviennent \u00e0 la poudre de caf\u00e9, \u00e0 la poudre d'\u00e9pices, \u00e0 la poudre de chili, \u00e0 la poudre de gingembre, \u00e0 la poudre de d\u00e9tergent, \u00e0 la poudre d'herbes, \u00e0 la poudre de th\u00e9, au lait en poudre, \u00e0 la farine, etc.<\/li>    <li>Niveau d'automatisation \u00e9lev\u00e9, faible investissement et haute efficacit\u00e9<\/li>    <li>Soutenir un service personnalis\u00e9 pour r\u00e9pondre \u00e0 tous vos besoins particuliers<\/li> <\/ol>    <h2 class=\"wp-block-heading\">Comment choisir la bonne machine de conditionnement de caf\u00e9 en poudre ? &nbsp;<\/h2>    <p>Il existe de nombreux \u00e9quipements d\u2019emballage de caf\u00e9 en poudre sur le march\u00e9. Il est difficile pour un nouveau venu de trouver une machine fiable. Il est donc important de choisir une machine de conditionnement de caf\u00e9 de qualit\u00e9. Sinon, vous consacrerez plus de temps et d\u2019argent au remplacement et \u00e0 l\u2019entretien de votre machine. Il existe deux conseils pour vous aider \u00e0 trouver la bonne machine d\u2019emballage de caf\u00e9 en poudre.<\/p>    <ol class=\"wp-block-list\" type=\"1\"> <li>Capacit\u00e9 de production. Quelles sont vos exigences de production ? Consid\u00e9rez cette question s\u00e9rieusement avant d'acheter une machine \u00e0 emballer le caf\u00e9 pour votre projet. Par exemple, nous disposons de deux types de machines de conditionnement de caf\u00e9. Et ils ont des capacit\u00e9s de production diff\u00e9rentes. Si vous recherchez une machine d'emballage pour sachets de caf\u00e9 de 0 \u00e0 80 grammes, la petite machine de remplissage et de scellage de type vertical vous convient. Si plus de 80 g, la machine d'emballage de poudre de 1 \u00e0 3 kg est id\u00e9ale pour vous.<\/li>    <li>Niveau d'automatisation. Outre une solution d'emballage de caf\u00e9 enti\u00e8rement automatique, il existe une machine de remplissage de caf\u00e9 en poudre semi-automatique. Si vous disposez de suffisamment de main d\u2019\u0153uvre pour faire fonctionner la machine et que le co\u00fbt de la main d\u2019\u0153uvre n\u2019est pas \u00e9lev\u00e9, la machine de remplissage de poudre est \u00e9galement un bon choix. G\u00e9n\u00e9ralement, ils ont un rendement \u00e9lev\u00e9 et des performances stables.<\/li> <\/ol>    <div class=\"wp-block-columns is-layout-flex wp-container-core-columns-is-layout-28f84493 wp-block-columns-is-layout-flex\"> <div class=\"wp-block-column is-layout-flow wp-block-column-is-layout-flow\"> <figure class=\"wp-block-image size-full\"><img loading=\"lazy\" decoding=\"async\" width=\"600\" height=\"450\" src=\"https:\/\/topfoodmachine.com\/wp-content\/uploads\/2022\/07\/four-types-of-coffee-roasts.jpg\" alt=\"quatre types de torr\u00e9factions de caf\u00e9\" class=\"wp-image-212\" srcset=\"https:\/\/topfoodmachine.com\/wp-content\/uploads\/2022\/07\/four-types-of-coffee-roasts.jpg 600w, https:\/\/topfoodmachine.com\/wp-content\/uploads\/2022\/07\/four-types-of-coffee-roasts-300x225.jpg 300w\" sizes=\"auto, (max-width: 600px) 100vw, 600px\" \/><figcaption class=\"wp-element-caption\">quatre types de torr\u00e9faction du caf\u00e9<\/figcaption><\/figure> <\/div>    <div class=\"wp-block-column is-layout-flow wp-block-column-is-layout-flow\"> <figure class=\"wp-block-image size-full\"><img loading=\"lazy\" decoding=\"async\" width=\"600\" height=\"450\" src=\"https:\/\/topfoodmachine.com\/wp-content\/uploads\/2022\/07\/sweet-morning-coffee.jpg\" alt=\"doux caf\u00e9 du matin\" class=\"wp-image-214\" srcset=\"https:\/\/topfoodmachine.com\/wp-content\/uploads\/2022\/07\/sweet-morning-coffee.jpg 600w, https:\/\/topfoodmachine.com\/wp-content\/uploads\/2022\/07\/sweet-morning-coffee-300x225.jpg 300w\" sizes=\"auto, (max-width: 600px) 100vw, 600px\" \/><figcaption class=\"wp-element-caption\">doux caf\u00e9 du matin<\/figcaption><\/figure> <\/div> <\/div>    <h2 class=\"wp-block-heading\">Conclusion <\/h2>    <p class=\"translation-block\">En tant que <a href=\"https:\/\/tianhuipackingmachine.com\/powder-packaging-solution\/\" target=\"_blank\" rel=\"noreferrer noopener\">fabricant<\/a> et exportateur de machines \u00e0 emballer en poudre de premier plan, nous avons une gamme compl\u00e8te de machines \u00e0 emballer en poudre de caf\u00e9 \u00e0 vendre. De plus, toutes nos machines b\u00e9n\u00e9ficient d'une haute qualit\u00e9 et d'un prix comp\u00e9titif. La machine \u00e0 emballer en poudre de caf\u00e9 instantan\u00e9&nbsp;commerciale est l'un des produits phares. Nous fournissons des solutions d'emballage standard et personnalis\u00e9es pour nos clients. Bienvenue pour <a href=\"https:\/\/topfoodmachine.com\/fr\/contact-us\/\">nous contacter<\/a> pour une liste de prix gratuite.<\/p>","protected":false},"excerpt":{"rendered":"<p>Coffee powder packing machine is great equipment for coffee packaging. It can fully automatic finish the process of coffee weighing, bag forming, coffee filling, sealing, date printing, and coding. The coffee powder packing machine for sale in Taizy mainly has two types, a small vertical type coffee packaging machine, and a 1kg super-efficiency coffee powder [&hellip;]<\/p>\n","protected":false},"author":1,"featured_media":209,"parent":0,"template":"","tags":[14],"product-type":[8],"class_list":["post-205","product","type-product","status-publish","has-post-thumbnail","hentry","tag-food-packaging-machine","product-type-food-packaging-machine"],"_links":{"self":[{"href":"https:\/\/topfoodmachine.com\/fr\/wp-json\/wp\/v2\/product\/205","targetHints":{"allow":["GET"]}}],"collection":[{"href":"https:\/\/topfoodmachine.com\/fr\/wp-json\/wp\/v2\/product"}],"about":[{"href":"https:\/\/topfoodmachine.com\/fr\/wp-json\/wp\/v2\/types\/product"}],"author":[{"embeddable":true,"href":"https:\/\/topfoodmachine.com\/fr\/wp-json\/wp\/v2\/users\/1"}],"wp:featuredmedia":[{"embeddable":true,"href":"https:\/\/topfoodmachine.com\/fr\/wp-json\/wp\/v2\/media\/209"}],"wp:attachment":[{"href":"https:\/\/topfoodmachine.com\/fr\/wp-json\/wp\/v2\/media?parent=205"}],"wp:term":[{"taxonomy":"post_tag","embeddable":true,"href":"https:\/\/topfoodmachine.com\/fr\/wp-json\/wp\/v2\/tags?post=205"},{"taxonomy":"product-type","embeddable":true,"href":"https:\/\/topfoodmachine.com\/fr\/wp-json\/wp\/v2\/product-type?post=205"}],"curies":[{"name":"wp","href":"https:\/\/api.w.org\/{rel}","templated":true}]}}