{"id":2041,"date":"2025-09-25T10:34:58","date_gmt":"2025-09-25T02:34:58","guid":{"rendered":"https:\/\/topfoodmachine.com\/?post_type=product&#038;p=2041"},"modified":"2025-09-26T18:18:01","modified_gmt":"2025-09-26T10:18:01","slug":"cocoa-paste-making-machine","status":"publish","type":"product","link":"https:\/\/topfoodmachine.com\/fr\/product\/cocoa-paste-making-machine\/","title":{"rendered":"Machine de fabrication de p\u00e2te de cacao"},"content":{"rendered":"<div class=\"kk-star-ratings kksr-auto kksr-align-left kksr-valign-top\"     data-payload='{&quot;align&quot;:&quot;left&quot;,&quot;id&quot;:&quot;2041&quot;,&quot;slug&quot;:&quot;default&quot;,&quot;valign&quot;:&quot;top&quot;,&quot;ignore&quot;:&quot;&quot;,&quot;reference&quot;:&quot;auto&quot;,&quot;class&quot;:&quot;&quot;,&quot;count&quot;:&quot;13&quot;,&quot;legendonly&quot;:&quot;&quot;,&quot;readonly&quot;:&quot;&quot;,&quot;score&quot;:&quot;4.6&quot;,&quot;starsonly&quot;:&quot;&quot;,&quot;best&quot;:&quot;5&quot;,&quot;gap&quot;:&quot;5&quot;,&quot;greet&quot;:&quot;Rate this product&quot;,&quot;legend&quot;:&quot;4.6\\\/5 - (13 votes)&quot;,&quot;size&quot;:&quot;24&quot;,&quot;title&quot;:&quot;Cocoa paste making machine&quot;,&quot;width&quot;:&quot;130.9&quot;,&quot;_legend&quot;:&quot;{score}\\\/{best} - ({count} {votes})&quot;,&quot;font_factor&quot;:&quot;1.25&quot;}'>              <div class=\"kksr-stars\">      <div class=\"kksr-stars-inactive\">             <div class=\"kksr-star\" data-star=\"1\" style=\"padding-right: 5px\">               <div class=\"kksr-icon\" style=\"width: 24px; height: 24px;\"><\/div>         <\/div>             <div class=\"kksr-star\" data-star=\"2\" style=\"padding-right: 5px\">               <div class=\"kksr-icon\" style=\"width: 24px; height: 24px;\"><\/div>         <\/div>             <div class=\"kksr-star\" data-star=\"3\" style=\"padding-right: 5px\">               <div class=\"kksr-icon\" style=\"width: 24px; height: 24px;\"><\/div>         <\/div>             <div class=\"kksr-star\" data-star=\"4\" style=\"padding-right: 5px\">               <div class=\"kksr-icon\" style=\"width: 24px; height: 24px;\"><\/div>         <\/div>             <div class=\"kksr-star\" data-star=\"5\" style=\"padding-right: 5px\">               <div class=\"kksr-icon\" style=\"width: 24px; height: 24px;\"><\/div>         <\/div>     <\/div>      <div class=\"kksr-stars-active\" style=\"width: 130.9px;\">             <div class=\"kksr-star\" style=\"padding-right: 5px\">               <div class=\"kksr-icon\" style=\"width: 24px; height: 24px;\"><\/div>         <\/div>             <div class=\"kksr-star\" style=\"padding-right: 5px\">               <div class=\"kksr-icon\" style=\"width: 24px; height: 24px;\"><\/div>         <\/div>             <div class=\"kksr-star\" style=\"padding-right: 5px\">               <div class=\"kksr-icon\" style=\"width: 24px; height: 24px;\"><\/div>         <\/div>             <div class=\"kksr-star\" style=\"padding-right: 5px\">               <div class=\"kksr-icon\" style=\"width: 24px; height: 24px;\"><\/div>         <\/div>             <div class=\"kksr-star\" style=\"padding-right: 5px\">               <div class=\"kksr-icon\" style=\"width: 24px; height: 24px;\"><\/div>         <\/div>     <\/div> <\/div>                   <div class=\"kksr-legend\" style=\"font-size: 19.2px;\">             4,6\/5 - (13 votes)    <\/div>     <\/div>  <p>La ligne de production de p\u00e2te de cacao est un syst\u00e8me de traitement du cacao extr\u00eamement efficace sp\u00e9cialement con\u00e7u pour l\u2019extraction et la production de p\u00e2te de cacao. Compos\u00e9e d\u2019un torr\u00e9facteur, d\u2019un \u00e9plucheur, d\u2019un moulin, d\u2019un homog\u00e9n\u00e9isateur et d\u2019un r\u00e9cipient de stockage, la ligne traite les f\u00e8ves de cacao crues pour obtenir une p\u00e2te de cacao pure et d\u00e9licate.<\/p>    <p>La ligne de production de p\u00e2te de cacao assure non seulement une qualit\u00e9 de produit stable et un rendement \u00e9lev\u00e9 en huile, mais pr\u00e9sente aussi un haut degr\u00e9 d\u2019automatisation, une exploitation facile et une grande adaptabilit\u00e9, ce qui en fait un choix id\u00e9al pour le traitement de masse de cacao dans les industries du chocolat, de l\u2019alimentation et des cosm\u00e9tiques.<\/p>    <figure class=\"wp-block-embed is-type-video is-provider-youtube wp-block-embed-youtube wp-embed-aspect-9-16 wp-has-aspect-ratio\"><div class=\"wp-block-embed__wrapper\"> <iframe loading=\"lazy\" title=\"Comment fabriquer de la p\u00e2te de cacao avec la machine industrielle de p\u00e2te de cacao #foodprocessing #foodmachine\" width=\"422\" height=\"750\" src=\"https:\/\/www.youtube.com\/embed\/0jvmBRvNaWg?feature=oembed\" frameborder=\"0\" allow=\"accelerometer; autoplay; clipboard-write; encrypted-media; gyroscope; picture-in-picture; web-share\" referrerpolicy=\"strict-origin-when-cross-origin\" allowfullscreen><\/iframe> <\/div><figcaption class=\"wp-element-caption\">Vid\u00e9o de travail de la machine de fabrication de p\u00e2te de cacao<\/figcaption><\/figure>    <h2 class=\"wp-block-heading\">Processus complet de la machine de fabrication de p\u00e2te de cacao<\/h2>    <figure class=\"wp-block-image size-full\"><img loading=\"lazy\" decoding=\"async\" width=\"720\" height=\"540\" src=\"https:\/\/topfoodmachine.com\/wp-content\/uploads\/2025\/09\/Cocoa-butter-making-machine-production-line.webp\" alt=\"Ligne de production de machine de fabrication de beurre de cacao\" class=\"wp-image-2055\" srcset=\"https:\/\/topfoodmachine.com\/wp-content\/uploads\/2025\/09\/Cocoa-butter-making-machine-production-line.webp 720w, https:\/\/topfoodmachine.com\/wp-content\/uploads\/2025\/09\/Cocoa-butter-making-machine-production-line-300x225.webp 300w, https:\/\/topfoodmachine.com\/wp-content\/uploads\/2025\/09\/Cocoa-butter-making-machine-production-line-16x12.webp 16w\" sizes=\"auto, (max-width: 720px) 100vw, 720px\" \/><figcaption class=\"wp-element-caption\">Machine de fabrication de p\u00e2te de cacao<\/figcaption><\/figure>    <h2 class=\"wp-block-heading\">1. Machine de torr\u00e9faction des f\u00e8ves de cacao<\/h2>    <p>La machine \u00e0 torr\u00e9faction des f\u00e8ves de cacao est un \u00e9quipement polyvalent largement utilis\u00e9 pour le traitement des f\u00e8ves de cacao ainsi que d\u2019autres noix et graines, comme les arachides, les amandes, les noix de cajou, les noix, les grains de caf\u00e9 et les graines de tournesol. \u00c9tape initiale de la production de p\u00e2te de cacao, elle joue un r\u00f4le crucial dans l\u2019am\u00e9lioration de la saveur et la garantie de la qualit\u00e9 du produit.<\/p>    <p>Cette torrefaction est con\u00e7ue avec une structure \u00e0 tambour rotatif garantissant une r\u00e9partition homog\u00e8ne de la chaleur tout au long du processus. Elle peut \u00eatre aliment\u00e9e au gaz ou \u00e0 l\u2019\u00e9lectricit\u00e9, et sa construction en acier inoxydable assure durabilit\u00e9 et longue dur\u00e9e de vie. Les op\u00e9rateurs peuvent ajuster flexiblement \u00e0 la fois la temp\u00e9rature et le temps de torr\u00e9faction, la temp\u00e9rature maximale atteignant jusqu\u2019\u00e0 300 \u2103 pour r\u00e9pondre \u00e0 diff\u00e9rentes exigences de torr\u00e9faction.<\/p>    <p>En plus du mod\u00e8le standard, il existe des machines de torr\u00e9faction continues, dont certaines sont int\u00e9gr\u00e9es avec des fonctions de refroidissement pour am\u00e9liorer davantage l\u2019efficacit\u00e9 et la commodit\u00e9 en production \u00e0 grande \u00e9chelle.<\/p>    <figure class=\"wp-block-image size-full\"><img loading=\"lazy\" decoding=\"async\" width=\"720\" height=\"540\" src=\"https:\/\/topfoodmachine.com\/wp-content\/uploads\/2025\/09\/Cocoa-bean-roasting-machine-for-sale.webp\" alt=\"Machine de torr\u00e9faction des f\u00e8ves de cacao \u00e0 vendre\" class=\"wp-image-2044\" srcset=\"https:\/\/topfoodmachine.com\/wp-content\/uploads\/2025\/09\/Cocoa-bean-roasting-machine-for-sale.webp 720w, https:\/\/topfoodmachine.com\/wp-content\/uploads\/2025\/09\/Cocoa-bean-roasting-machine-for-sale-300x225.webp 300w, https:\/\/topfoodmachine.com\/wp-content\/uploads\/2025\/09\/Cocoa-bean-roasting-machine-for-sale-16x12.webp 16w\" sizes=\"auto, (max-width: 720px) 100vw, 720px\" \/><figcaption class=\"wp-element-caption\">Machine de torr\u00e9faction des f\u00e8ves de cacao \u00e0 vendre<\/figcaption><\/figure>    <h3 class=\"wp-block-heading\">Caract\u00e9ristiques de la machine de torr\u00e9faction des f\u00e8ves de cacao<\/h3>    <div class=\"wp-block-media-text is-stacked-on-mobile\"><figure class=\"wp-block-media-text__media\"><img loading=\"lazy\" decoding=\"async\" width=\"720\" height=\"540\" src=\"https:\/\/topfoodmachine.com\/wp-content\/uploads\/2025\/09\/Cocoa-bean-roasting-machine.webp\" alt=\"Machine de torr\u00e9faction des f\u00e8ves de cacao\" class=\"wp-image-2045 size-full\" srcset=\"https:\/\/topfoodmachine.com\/wp-content\/uploads\/2025\/09\/Cocoa-bean-roasting-machine.webp 720w, https:\/\/topfoodmachine.com\/wp-content\/uploads\/2025\/09\/Cocoa-bean-roasting-machine-300x225.webp 300w, https:\/\/topfoodmachine.com\/wp-content\/uploads\/2025\/09\/Cocoa-bean-roasting-machine-16x12.webp 16w\" sizes=\"auto, (max-width: 720px) 100vw, 720px\" \/><\/figure><div class=\"wp-block-media-text__content\"> <ul class=\"wp-block-list\"> <li>La machine assure une torr\u00e9faction uniforme gr\u00e2ce \u00e0 la circulation de la chaleur via des tubes et unit\u00e9s de chauffage, avec de grands fours \u00e0 plaques \u00e0 cha\u00eene utilisant des plaques comme convoyeurs.<\/li>    <li>L\u2019unit\u00e9 de refroidissement, assist\u00e9e par des ventilateurs, assure un flux d\u2019air uniforme pour refroidir efficacement les f\u00e8ves torr\u00e9fi\u00e9es.<\/li>    <li>Un syst\u00e8me ind\u00e9pendant de suppression d\u2019incendie surveille les conditions en temps r\u00e9el et envoie des alertes en temps utile pour une s\u00e9curit\u00e9 accrue.<\/li>    <li>Un cabinet \u00e9lectrique contr\u00f4l\u00e9 par PLC Siemens permet un contr\u00f4le pr\u00e9cis et automatis\u00e9 de tous les param\u00e8tres de torr\u00e9faction.<\/li> <\/ul> <\/div><\/div>    <h2 class=\"wp-block-heading\">2. <a href=\"https:\/\/topfoodmachine.com\/fr\/product\/cocoa-bean-sheller-machine\/\" data-type=\"link\" data-id=\"https:\/\/topfoodmachine.com\/product\/cocoa-bean-sheller-machine\/\">Machine d\u2019\u00e9pluchage de f\u00e8ves de cacao<\/a><\/h2>    <p>La machine d\u2019\u00e9pluchage des f\u00e8ves de cacao est un \u00e9quipement sp\u00e9cialis\u00e9 con\u00e7u pour enlever efficacement les coques des f\u00e8ves de cacao. Elle se compose d\u2019un capot, d\u2019un syst\u00e8me d\u2019alimentation, de rouleaux d\u2019\u00e9pluchage, d\u2019un tamis, d\u2019un d\u00e9poussi\u00e9reur et d\u2019un ventilateur. Une fois les f\u00e8ves entr\u00e9es dans le capot, les rouleaux s\u00e9parent les coques, qui sont ensuite retir\u00e9es par un ventilateur centrifuge, laissant des nibs de cacao propres qui seront d\u00e9charg\u00e9s.<\/p>    <p>Cette machine offre une haute efficacit\u00e9 avec un taux d\u2019\u00e9pluchage sup\u00e9rieur \u00e0 98%, fonctionne silencieusement et fournit une production stable de 200 \u00e0 500 kg par heure, ce qui en fait un composant essentiel dans les lignes de traitement du cacao.<\/p>    <figure class=\"wp-block-image size-full\"><img loading=\"lazy\" decoding=\"async\" width=\"720\" height=\"540\" src=\"https:\/\/topfoodmachine.com\/wp-content\/uploads\/2025\/09\/automatic-Cocoa-bean-peeling-machine.webp\" alt=\"Machine automatique d\u2019\u00e9pluchage des f\u00e8ves de cacao\" class=\"wp-image-2046\" srcset=\"https:\/\/topfoodmachine.com\/wp-content\/uploads\/2025\/09\/automatic-Cocoa-bean-peeling-machine.webp 720w, https:\/\/topfoodmachine.com\/wp-content\/uploads\/2025\/09\/automatic-Cocoa-bean-peeling-machine-300x225.webp 300w, https:\/\/topfoodmachine.com\/wp-content\/uploads\/2025\/09\/automatic-Cocoa-bean-peeling-machine-16x12.webp 16w\" sizes=\"auto, (max-width: 720px) 100vw, 720px\" \/><figcaption class=\"wp-element-caption\">Machine automatique d\u2019\u00e9pluchage des f\u00e8ves de cacao<\/figcaption><\/figure>    <h3 class=\"wp-block-heading\">Processus de travail de la machine d\u2019\u00e9pluchage des f\u00e8ves de cacao<\/h3>    <div class=\"wp-block-media-text has-media-on-the-right is-stacked-on-mobile\"><div class=\"wp-block-media-text__content\"> <ul class=\"wp-block-list\"> <li><strong>D\u00e9pelage par laminoir :<\/strong> Les f\u00e8ves torr\u00e9fi\u00e9es passent entre des rouleaux \u00e0 rotation oppos\u00e9e qui cassent les coquilles tout en pr\u00e9servant les \u00e9clats de cacao.<\/li>    <li><strong>Tamis vibrant de tri :<\/strong> Les f\u00e8ves cass\u00e9es tombent sur un tamis vibrant \u00e0 trois \u00e9tages pour une dispersion uniforme et un tri pr\u00e9liminaire.<\/li>    <li><strong>S\u00e9paration par air :<\/strong> Les ventilateurs d'extraction soufflent les coquilles l\u00e9g\u00e8res, laissant derri\u00e8re eux des \u00e9clats de cacao propres.<\/li>    <li><strong>R\u00e9cup\u00e9ration en boucle ferm\u00e9e :<\/strong> Les f\u00e8ves non pel\u00e9es sont automatiquement renvoy\u00e9es \u00e0 l'entr\u00e9e d'alimentation pour un second d\u00e9pelage, garantissant une haute efficacit\u00e9 et un minimum de d\u00e9chets.<\/li> <\/ul> <\/div><figure class=\"wp-block-media-text__media\"><img loading=\"lazy\" decoding=\"async\" width=\"720\" height=\"540\" src=\"https:\/\/topfoodmachine.com\/wp-content\/uploads\/2025\/09\/Cocoa-bean-peeling-machine-1.webp\" alt=\"Machine d\u2019\u00e9pluchage de f\u00e8ves de cacao\" class=\"wp-image-2047 size-full\" srcset=\"https:\/\/topfoodmachine.com\/wp-content\/uploads\/2025\/09\/Cocoa-bean-peeling-machine-1.webp 720w, https:\/\/topfoodmachine.com\/wp-content\/uploads\/2025\/09\/Cocoa-bean-peeling-machine-1-300x225.webp 300w, https:\/\/topfoodmachine.com\/wp-content\/uploads\/2025\/09\/Cocoa-bean-peeling-machine-1-16x12.webp 16w\" sizes=\"auto, (max-width: 720px) 100vw, 720px\" \/><\/figure><\/div>    <h2 class=\"wp-block-heading\">3. Mouture de p\u00e2te de cacao<\/h2>    <p>La machine de broyage de p\u00e2te de cacao, couramment appel\u00e9e moulin collo\u00efde, est con\u00e7ue pour transformer les f\u00e8ves de cacao \u00e9pluch\u00e9es en p\u00e2te de cacao lisse. Sa finesse de broyage peut \u00eatre ajust\u00e9e selon les besoins de production. La machine fonctionne par une combinaison de cisaillement, de broyage et de m\u00e9lange \u00e0 grande vitesse, utilisant le mouvement relatif entre un rotor \u00e0 grande vitesse et un stator stationnaire.<\/p>    <p>\u00c0 mesure que les f\u00e8ves passent dans l\u2019\u00e9cart, elles subissent une pression intense, des frottements et des forces suppl\u00e9mentaires dues \u00e0 des vibrations \u00e0 haute fr\u00e9quence et \u00e0 des mouvements de vortex, ce qui entra\u00eene un broyage Thorough et uniforme. Au-del\u00e0 du cacao, cette machine est polyvalente et adapt\u00e9e au traitement de divers mat\u00e9riaux dans les industries agroalimentaire, pharmaceutique et chimique.<\/p>    <figure class=\"wp-block-gallery has-nested-images columns-default is-cropped wp-block-gallery-2 is-layout-flex wp-block-gallery-is-layout-flex\"> <figure class=\"wp-block-image size-large\"><img loading=\"lazy\" decoding=\"async\" width=\"720\" height=\"540\" data-id=\"2048\" src=\"https:\/\/topfoodmachine.com\/wp-content\/uploads\/2025\/09\/Cocoa-paste-grinding-machine-price.webp\" alt=\"Prix de la machine de broyage de la p\u00e2te de cacao\" class=\"wp-image-2048\" srcset=\"https:\/\/topfoodmachine.com\/wp-content\/uploads\/2025\/09\/Cocoa-paste-grinding-machine-price.webp 720w, https:\/\/topfoodmachine.com\/wp-content\/uploads\/2025\/09\/Cocoa-paste-grinding-machine-price-300x225.webp 300w, https:\/\/topfoodmachine.com\/wp-content\/uploads\/2025\/09\/Cocoa-paste-grinding-machine-price-16x12.webp 16w\" sizes=\"auto, (max-width: 720px) 100vw, 720px\" \/><figcaption class=\"wp-element-caption\">Prix de la machine de broyage de la p\u00e2te de cacao<\/figcaption><\/figure>    <figure class=\"wp-block-image size-large\"><img loading=\"lazy\" decoding=\"async\" width=\"720\" height=\"540\" data-id=\"2049\" src=\"https:\/\/topfoodmachine.com\/wp-content\/uploads\/2025\/09\/Cocoa-paste-grinding-machine.webp\" alt=\"Mouture de p\u00e2te de cacao\" class=\"wp-image-2049\" srcset=\"https:\/\/topfoodmachine.com\/wp-content\/uploads\/2025\/09\/Cocoa-paste-grinding-machine.webp 720w, https:\/\/topfoodmachine.com\/wp-content\/uploads\/2025\/09\/Cocoa-paste-grinding-machine-300x225.webp 300w, https:\/\/topfoodmachine.com\/wp-content\/uploads\/2025\/09\/Cocoa-paste-grinding-machine-16x12.webp 16w\" sizes=\"auto, (max-width: 720px) 100vw, 720px\" \/><figcaption class=\"wp-element-caption\">Mouture de p\u00e2te de cacao<\/figcaption><\/figure> <\/figure>    <h2 class=\"wp-block-heading\">4. Machine \u00e0 homog\u00e9n\u00e9iser<\/h2>    <p>Dans la ligne de production de machine de fabrication de p\u00e2te de cacao, l\u2019homog\u00e9n\u00e9isateur est install\u00e9 imm\u00e9diatement apr\u00e8s le moulin \u00e0 cacao (moulin collo\u00efdal) pour affiner davantage la p\u00e2te de cacao. Il applique des forces de cisaillement \u00e9lev\u00e9es pour d\u00e9composer les agr\u00e9gats de particules restants et r\u00e9partir uniform\u00e9ment les graisses, produisant une p\u00e2te de cacao plus lisse et plus homog\u00e8ne.<\/p>    <p>Ce processus am\u00e9liore la texture, la stabilit\u00e9 et la qualit\u00e9 globale, garantissant que la p\u00e2te de cacao r\u00e9ponde aux exigences de production de p\u00e2te de cacao de haute qualit\u00e9. Avec des r\u00e9glages de pression et de flux ajustables, l\u2019homog\u00e9n\u00e9isateur permet un contr\u00f4le pr\u00e9cis de la finesse, en faisant un composant indispensable des lignes de traitement de p\u00e2te de cacao pour le chocolat, la confiserie et les cosm\u00e9tiques.<\/p>    <figure class=\"wp-block-gallery has-nested-images columns-default is-cropped wp-block-gallery-3 is-layout-flex wp-block-gallery-is-layout-flex\"> <figure class=\"wp-block-image size-large\"><img loading=\"lazy\" decoding=\"async\" width=\"720\" height=\"540\" data-id=\"2050\" src=\"https:\/\/topfoodmachine.com\/wp-content\/uploads\/2025\/09\/Homogenizer-machine.webp\" alt=\"Machine \u00e0 homog\u00e9n\u00e9iser\" class=\"wp-image-2050\" srcset=\"https:\/\/topfoodmachine.com\/wp-content\/uploads\/2025\/09\/Homogenizer-machine.webp 720w, https:\/\/topfoodmachine.com\/wp-content\/uploads\/2025\/09\/Homogenizer-machine-300x225.webp 300w, https:\/\/topfoodmachine.com\/wp-content\/uploads\/2025\/09\/Homogenizer-machine-16x12.webp 16w\" sizes=\"auto, (max-width: 720px) 100vw, 720px\" \/><figcaption class=\"wp-element-caption\">Machine \u00e0 homog\u00e9n\u00e9iser<\/figcaption><\/figure>    <figure class=\"wp-block-image size-large\"><img loading=\"lazy\" decoding=\"async\" width=\"720\" height=\"540\" data-id=\"2051\" src=\"https:\/\/topfoodmachine.com\/wp-content\/uploads\/2025\/09\/industrial-Homogenizer-machine.webp\" alt=\"Machine homog\u00e9n\u00e9isante industrielle\" class=\"wp-image-2051\" srcset=\"https:\/\/topfoodmachine.com\/wp-content\/uploads\/2025\/09\/industrial-Homogenizer-machine.webp 720w, https:\/\/topfoodmachine.com\/wp-content\/uploads\/2025\/09\/industrial-Homogenizer-machine-300x225.webp 300w, https:\/\/topfoodmachine.com\/wp-content\/uploads\/2025\/09\/industrial-Homogenizer-machine-16x12.webp 16w\" sizes=\"auto, (max-width: 720px) 100vw, 720px\" \/><figcaption class=\"wp-element-caption\">Machine homog\u00e9n\u00e9isante industrielle<\/figcaption><\/figure> <\/figure>    <h2 class=\"wp-block-heading\">5. R\u00e9cipient de stockage de masse de cacao<\/h2>    <p>Le r\u00e9cipient de stockage de p\u00e2te de cacao est un composant essentiel de la ligne de production de masse de cacao, con\u00e7u pour contenir et stabiliser la p\u00e2te de cacao trait\u00e9e avant une utilisation ult\u00e9rieure. Apr\u00e8s le broyage et l\u2019homog\u00e9n\u00e9isation, la p\u00e2te est dirig\u00e9e vers le r\u00e9cipient de stockage, \u00e9quip\u00e9 d\u2019une isolation et de m\u00e9canismes agitateurs pour maintenir une temp\u00e9rature et une texture constantes.<\/p>    <p>Ce r\u00e9servoir garantit que la p\u00e2te de cacao reste uniforme et pr\u00eate pour les \u00e9tapes de production suivantes, tout en minimisant l\u2019oxydation et en pr\u00e9servant la qualit\u00e9. Il fonctionne en collaboration avec les r\u00e9servoirs de m\u00e9lange et de vide plus t\u00f4t dans le processus pour offrir une base de p\u00e2te de cacao lisse, stable et de haute qualit\u00e9.<\/p>    <figure class=\"wp-block-gallery has-nested-images columns-default is-cropped wp-block-gallery-4 is-layout-flex wp-block-gallery-is-layout-flex\"> <figure class=\"wp-block-image size-large\"><img loading=\"lazy\" decoding=\"async\" width=\"720\" height=\"540\" data-id=\"2052\" src=\"https:\/\/topfoodmachine.com\/wp-content\/uploads\/2025\/09\/Cocoa-butter-storage-jar-for-sale.webp\" alt=\"Pot de stockage du beurre de cacao en vente\" class=\"wp-image-2052\" srcset=\"https:\/\/topfoodmachine.com\/wp-content\/uploads\/2025\/09\/Cocoa-butter-storage-jar-for-sale.webp 720w, https:\/\/topfoodmachine.com\/wp-content\/uploads\/2025\/09\/Cocoa-butter-storage-jar-for-sale-300x225.webp 300w, https:\/\/topfoodmachine.com\/wp-content\/uploads\/2025\/09\/Cocoa-butter-storage-jar-for-sale-16x12.webp 16w\" sizes=\"auto, (max-width: 720px) 100vw, 720px\" \/><figcaption class=\"wp-element-caption\">Pot de stockage du beurre de cacao en vente<\/figcaption><\/figure>    <figure class=\"wp-block-image size-large\"><img loading=\"lazy\" decoding=\"async\" width=\"720\" height=\"540\" data-id=\"2053\" src=\"https:\/\/topfoodmachine.com\/wp-content\/uploads\/2025\/09\/Cocoa-butter-storage-jar.webp\" alt=\"Pot de stockage du beurre de cacao\" class=\"wp-image-2053\" srcset=\"https:\/\/topfoodmachine.com\/wp-content\/uploads\/2025\/09\/Cocoa-butter-storage-jar.webp 720w, https:\/\/topfoodmachine.com\/wp-content\/uploads\/2025\/09\/Cocoa-butter-storage-jar-300x225.webp 300w, https:\/\/topfoodmachine.com\/wp-content\/uploads\/2025\/09\/Cocoa-butter-storage-jar-16x12.webp 16w\" sizes=\"auto, (max-width: 720px) 100vw, 720px\" \/><figcaption class=\"wp-element-caption\">Pot de stockage du beurre de cacao<\/figcaption><\/figure> <\/figure>    <h2 class=\"wp-block-heading\">Param\u00e8tres de la ligne de production de p\u00e2te de cacao<\/h2>    <figure class=\"wp-block-table\"><table class=\"has-fixed-layout\"><tbody><tr><td><strong>Nom de la machine<\/strong><strong><\/strong><\/td><td><strong>Pouvoir<\/strong><strong><\/strong><\/td><td><strong>Dimension<\/strong><strong><\/strong><\/td><td><strong>Capacit\u00e9<\/strong><strong><\/strong><\/td><\/tr><tr><td>Machine de torr\u00e9faction des f\u00e8ves de cacao<\/td><td>18 kW<\/td><td>3000*1200*1700mm<\/td><td>50-500kg\/h<\/td><\/tr><tr><td>Machine d\u2019\u00e9pluchage de f\u00e8ves de cacao<\/td><td>0,75 kW<\/td><td>1200*1100*1200mm<\/td><td>200-500kg\/h<\/td><\/tr><tr><td>Machine de broyage des f\u00e8ves de cacao<\/td><td>7,5 kW<\/td><td>750*450*1000mm<\/td><td>300-1200kg\/h<\/td><\/tr><\/tbody><\/table><figcaption class=\"wp-element-caption\">Param\u00e8tres des unit\u00e9s de la machine de fabrication de p\u00e2te de cacao<\/figcaption><\/figure>    <h2 class=\"wp-block-heading\">Avantages de la machine de fabrication de p\u00e2te de cacao<\/h2>    <div class=\"wp-block-media-text is-stacked-on-mobile\"><figure class=\"wp-block-media-text__media\"><img loading=\"lazy\" decoding=\"async\" width=\"720\" height=\"540\" src=\"https:\/\/topfoodmachine.com\/wp-content\/uploads\/2025\/09\/effective-Cocoa-butter-making-machine.webp\" alt=\"Machine de p\u00e2te de cacao efficace\" class=\"wp-image-2054 size-full\" srcset=\"https:\/\/topfoodmachine.com\/wp-content\/uploads\/2025\/09\/effective-Cocoa-butter-making-machine.webp 720w, https:\/\/topfoodmachine.com\/wp-content\/uploads\/2025\/09\/effective-Cocoa-butter-making-machine-300x225.webp 300w, https:\/\/topfoodmachine.com\/wp-content\/uploads\/2025\/09\/effective-Cocoa-butter-making-machine-16x12.webp 16w\" sizes=\"auto, (max-width: 720px) 100vw, 720px\" \/><\/figure><div class=\"wp-block-media-text__content\"> <ul class=\"wp-block-list\"> <li>Les roasters \u00e0 cha\u00eenes pr\u00e9sentent un syst\u00e8me intelligent de suppression d\u2019incendie qui s\u2019active imm\u00e9diatement lorsque des temp\u00e9ratures anormales sont d\u00e9tect\u00e9es.<\/li>    <li>La machine d\u2019\u00e9pluchage des f\u00e8ves de cacao utilise un syst\u00e8me de recyclage en boucle ferm\u00e9e qui recycle les f\u00e8ves partiellement \u00e9pluch\u00e9es, atteignant une efficacit\u00e9 allant jusqu\u2019\u00e0 99%.<\/li>    <li>La ligne de production peut \u00eatre enti\u00e8rement personnalis\u00e9e, permettant d\u2019ajuster les configurations des machines et la production en fonction des besoins sp\u00e9cifiques.<\/li>    <li>Le syst\u00e8me s\u2019int\u00e8gre parfaitement aux lignes en amont de nettoyage et de tri des f\u00e8ves de cacao et peut \u00eatre \u00e9tendu pour inclure la production de poudre de cacao.<\/li> <\/ul> <\/div><\/div>    <h2 class=\"wp-block-heading\">Conclusion<\/h2>    <p class=\"translation-block\">La <a href=\"https:\/\/en.wikipedia.org\/wiki\/Cocoa\" data-type=\"link\" data-id=\"https:\/\/en.wikipedia.org\/wiki\/Cocoa\" target=\"_blank\" rel=\"noopener\">p\u00e2te de cacao<\/a> ligne de production de machine offre une solution compl\u00e8te pour la production de p\u00e2te de cacao de haute qualit\u00e9. Que ce soit pour le chocolat, la confiserie ou les applications cosm\u00e9tiques, cette ligne offre des performances fiables et un fonctionnement fluide.<\/p>    <p>Contactez-nous aujourd\u2019hui pour en savoir plus et demander un devis pour une solution de production de p\u00e2te de cacao adapt\u00e9e \u00e0 vos besoins.<\/p>","protected":false},"excerpt":{"rendered":"<p>La ligne de production de machine de fabrication de p\u00e2te de cacao est un syst\u00e8me de traitement du cacao hautement efficace sp\u00e9cialement con\u00e7u pour l\u2019extraction et la production de p\u00e2te de cacao. <\/p>","protected":false},"author":1,"featured_media":2043,"parent":0,"template":"","tags":[132],"product-type":[5],"class_list":["post-2041","product","type-product","status-publish","has-post-thumbnail","hentry","tag-cocoa-paste-making-machine","product-type-nuts-processing-machine"],"_links":{"self":[{"href":"https:\/\/topfoodmachine.com\/fr\/wp-json\/wp\/v2\/product\/2041","targetHints":{"allow":["GET"]}}],"collection":[{"href":"https:\/\/topfoodmachine.com\/fr\/wp-json\/wp\/v2\/product"}],"about":[{"href":"https:\/\/topfoodmachine.com\/fr\/wp-json\/wp\/v2\/types\/product"}],"author":[{"embeddable":true,"href":"https:\/\/topfoodmachine.com\/fr\/wp-json\/wp\/v2\/users\/1"}],"wp:featuredmedia":[{"embeddable":true,"href":"https:\/\/topfoodmachine.com\/fr\/wp-json\/wp\/v2\/media\/2043"}],"wp:attachment":[{"href":"https:\/\/topfoodmachine.com\/fr\/wp-json\/wp\/v2\/media?parent=2041"}],"wp:term":[{"taxonomy":"post_tag","embeddable":true,"href":"https:\/\/topfoodmachine.com\/fr\/wp-json\/wp\/v2\/tags?post=2041"},{"taxonomy":"product-type","embeddable":true,"href":"https:\/\/topfoodmachine.com\/fr\/wp-json\/wp\/v2\/product-type?post=2041"}],"curies":[{"name":"wp","href":"https:\/\/api.w.org\/{rel}","templated":true}]}}