{"id":2010,"date":"2025-09-22T18:06:48","date_gmt":"2025-09-22T10:06:48","guid":{"rendered":"https:\/\/topfoodmachine.com\/?post_type=product&#038;p=2010"},"modified":"2025-09-22T18:14:09","modified_gmt":"2025-09-22T10:14:09","slug":"cocoa-bean-sheller-machine","status":"publish","type":"product","link":"https:\/\/topfoodmachine.com\/fr\/product\/cocoa-bean-sheller-machine\/","title":{"rendered":"Machine d\u2019\u00e9pluchage de coques de f\u00e8ves de cacao"},"content":{"rendered":"<div class=\"kk-star-ratings kksr-auto kksr-align-left kksr-valign-top\"     data-payload='{&quot;align&quot;:&quot;left&quot;,&quot;id&quot;:&quot;2010&quot;,&quot;slug&quot;:&quot;default&quot;,&quot;valign&quot;:&quot;top&quot;,&quot;ignore&quot;:&quot;&quot;,&quot;reference&quot;:&quot;auto&quot;,&quot;class&quot;:&quot;&quot;,&quot;count&quot;:&quot;28&quot;,&quot;legendonly&quot;:&quot;&quot;,&quot;readonly&quot;:&quot;&quot;,&quot;score&quot;:&quot;4.8&quot;,&quot;starsonly&quot;:&quot;&quot;,&quot;best&quot;:&quot;5&quot;,&quot;gap&quot;:&quot;5&quot;,&quot;greet&quot;:&quot;Rate this product&quot;,&quot;legend&quot;:&quot;4.8\\\/5 - (28 votes)&quot;,&quot;size&quot;:&quot;24&quot;,&quot;title&quot;:&quot;Cocoa Bean Sheller Machine&quot;,&quot;width&quot;:&quot;136.7&quot;,&quot;_legend&quot;:&quot;{score}\\\/{best} - ({count} {votes})&quot;,&quot;font_factor&quot;:&quot;1.25&quot;}'>              <div class=\"kksr-stars\">      <div class=\"kksr-stars-inactive\">             <div class=\"kksr-star\" data-star=\"1\" style=\"padding-right: 5px\">               <div class=\"kksr-icon\" style=\"width: 24px; height: 24px;\"><\/div>         <\/div>             <div class=\"kksr-star\" data-star=\"2\" style=\"padding-right: 5px\">               <div class=\"kksr-icon\" style=\"width: 24px; height: 24px;\"><\/div>         <\/div>             <div class=\"kksr-star\" data-star=\"3\" style=\"padding-right: 5px\">               <div class=\"kksr-icon\" style=\"width: 24px; height: 24px;\"><\/div>         <\/div>             <div class=\"kksr-star\" data-star=\"4\" style=\"padding-right: 5px\">               <div class=\"kksr-icon\" style=\"width: 24px; height: 24px;\"><\/div>         <\/div>             <div class=\"kksr-star\" data-star=\"5\" style=\"padding-right: 5px\">               <div class=\"kksr-icon\" style=\"width: 24px; height: 24px;\"><\/div>         <\/div>     <\/div>      <div class=\"kksr-stars-active\" style=\"width: 136.7px;\">             <div class=\"kksr-star\" style=\"padding-right: 5px\">               <div class=\"kksr-icon\" style=\"width: 24px; height: 24px;\"><\/div>         <\/div>             <div class=\"kksr-star\" style=\"padding-right: 5px\">               <div class=\"kksr-icon\" style=\"width: 24px; height: 24px;\"><\/div>         <\/div>             <div class=\"kksr-star\" style=\"padding-right: 5px\">               <div class=\"kksr-icon\" style=\"width: 24px; height: 24px;\"><\/div>         <\/div>             <div class=\"kksr-star\" style=\"padding-right: 5px\">               <div class=\"kksr-icon\" style=\"width: 24px; height: 24px;\"><\/div>         <\/div>             <div class=\"kksr-star\" style=\"padding-right: 5px\">               <div class=\"kksr-icon\" style=\"width: 24px; height: 24px;\"><\/div>         <\/div>     <\/div> <\/div>                   <div class=\"kksr-legend\" style=\"font-size: 19.2px;\">             4,8\/5 - (28 votes)    <\/div>     <\/div>  <p class=\"translation-block\">La <strong>machine sheller de f\u00e8ves de cacao<\/strong> est principalement utilis\u00e9e pour broyer, d\u00e9pellicer et s\u00e9parer les noyaux des coques. La machine pr\u00e9sente une structure compacte et combine des rouleaux d\u2019\u00e9pluchage, un souffleur et des tamis de s\u00e9paration, offrant une utilisation simple, des performances stables et un taux d\u2019\u00e9pluchage \u00e9lev\u00e9. <\/p>    <p>Elle est largement utilis\u00e9e dans les lignes de production de chocolat et de produits \u00e0 base de cacao, am\u00e9liorant efficacement l\u2019utilisation des mati\u00e8res premi\u00e8res et la qualit\u00e9 des produits. <\/p>    <p class=\"translation-block\">Selon le mod\u00e8le, la capacit\u00e9 de la machine varie de <strong>50\u20131000 kg\/h<\/strong>, avec un taux d\u2019\u00e9pluchage de <strong>plus de 98%<\/strong>, et des configurations de puissance de <strong>0,4 kW \u00e0 4,4 kW<\/strong>, ce qui la rend adapt\u00e9e \u00e0 des exigences vari\u00e9es, des petits ateliers de transformation aux entreprises de production \u00e0 grande \u00e9chelle.<\/p>    <figure class=\"wp-block-embed is-type-video is-provider-youtube wp-block-embed-youtube wp-embed-aspect-9-16 wp-has-aspect-ratio\"><div class=\"wp-block-embed__wrapper\"> <iframe loading=\"lazy\" title=\"Machine d\u2019\u00e9caillage de f\u00e8ves de cacao \u00e0 vendre \u2013 haute vitesse et durable #cocoa #beans #peanut #foodprocessing\" width=\"422\" height=\"750\" src=\"https:\/\/www.youtube.com\/embed\/qq6WWgaiWwQ?feature=oembed\" frameborder=\"0\" allow=\"accelerometer; autoplay; clipboard-write; encrypted-media; gyroscope; picture-in-picture; web-share\" referrerpolicy=\"strict-origin-when-cross-origin\" allowfullscreen><\/iframe> <\/div><figcaption class=\"wp-element-caption\">Vid\u00e9o de fonctionnement de la machine sheller de f\u00e8ves de cacao<\/figcaption><\/figure>    <h2 class=\"wp-block-heading\">Machine d\u2019\u00e9pluchage de f\u00e8ves de cacao \u00e0 vendre<\/h2>    <p class=\"translation-block\">Notre machine d\u2019\u00e9pluchage de f\u00e8ves de cacao s\u00e9pare rapidement et proprement les coques des noyaux. La machine est \u00e9quip\u00e9e de <strong>trois ventilateurs puissants<\/strong> et <strong>trois \u00e9crans vibrants<\/strong>, garantissant un classement pr\u00e9cis et une \u00e9limination efficace des coques. Elle est \u00e9galement \u00e9quip\u00e9e d\u2019un <strong>syst\u00e8me de convoyeur<\/strong>, permettant une alimentation continue et un fonctionnement en douceur. <\/p>    <p class=\"translation-block\">L\u2019<strong>intensit\u00e9 du flux d\u2019air est r\u00e9glable<\/strong>, donnant aux op\u00e9rateurs un contr\u00f4le total sur le processus d\u2019\u00e9pluchage.Dans les cas o\u00f9 les coques ne sont pas compl\u00e8tement retir\u00e9es au premier passage, le convoyeur renvoie automatiquement les f\u00e8ves dans la machine pour un <strong>\u00e9pluchage secondaire<\/strong>, ce qui donne un taux d\u2019\u00e9pluchage plus propre et plus \u00e9lev\u00e9. <\/p>    <figure class=\"wp-block-image size-full\"><img loading=\"lazy\" decoding=\"async\" width=\"720\" height=\"540\" src=\"https:\/\/topfoodmachine.com\/wp-content\/uploads\/2025\/09\/Cocoa-bean-peeling-machine-price.webp\" alt=\"Prix de la machine d\u2019\u00e9pluchage de f\u00e8ves de cacao\" class=\"wp-image-2013\" srcset=\"https:\/\/topfoodmachine.com\/wp-content\/uploads\/2025\/09\/Cocoa-bean-peeling-machine-price.webp 720w, https:\/\/topfoodmachine.com\/wp-content\/uploads\/2025\/09\/Cocoa-bean-peeling-machine-price-300x225.webp 300w, https:\/\/topfoodmachine.com\/wp-content\/uploads\/2025\/09\/Cocoa-bean-peeling-machine-price-16x12.webp 16w\" sizes=\"auto, (max-width: 720px) 100vw, 720px\" \/><figcaption class=\"wp-element-caption\">Prix de la machine d\u2019\u00e9pluchage de f\u00e8ves de cacao<\/figcaption><\/figure>    <h2 class=\"wp-block-heading\">Structure de la machine shelling de f\u00e8ves de cacao<\/h2>    <p class=\"translation-block\">La machine sheller de f\u00e8ves de cacao est construite avec une <strong>structure compacte mais efficace<\/strong> qui int\u00e8gre plusieurs composants de traitement pour assurer un fonctionnement fluide. <\/p>    <p class=\"translation-block\">Il se compose principalement d\u2019un <strong>godet d\u2019alimentation<\/strong>, <strong>rouleaux d\u2019\u00e9pluchage<\/strong>, <strong>\u00e9crans vibrants<\/strong>, <strong>ventilateurs (souffleurs)<\/strong>, et d\u2019un <strong>syst\u00e8me cyclone<\/strong> pour la collecte des coques.<\/p>    <figure class=\"wp-block-image size-full\"><img loading=\"lazy\" decoding=\"async\" width=\"720\" height=\"540\" src=\"https:\/\/topfoodmachine.com\/wp-content\/uploads\/2025\/09\/Cocoa-bean-peeling-machine.webp\" alt=\"Machine d\u2019\u00e9pluchage de f\u00e8ves de cacao\" class=\"wp-image-2014\" srcset=\"https:\/\/topfoodmachine.com\/wp-content\/uploads\/2025\/09\/Cocoa-bean-peeling-machine.webp 720w, https:\/\/topfoodmachine.com\/wp-content\/uploads\/2025\/09\/Cocoa-bean-peeling-machine-300x225.webp 300w, https:\/\/topfoodmachine.com\/wp-content\/uploads\/2025\/09\/Cocoa-bean-peeling-machine-16x12.webp 16w\" sizes=\"auto, (max-width: 720px) 100vw, 720px\" \/><figcaption class=\"wp-element-caption\">Machine d\u2019\u00e9pluchage de f\u00e8ves de cacao<\/figcaption><\/figure>    <h2 class=\"wp-block-heading\">Comment fonctionne la machine sheller de f\u00e8ves de cacao ?<\/h2>    <div class=\"wp-block-media-text is-stacked-on-mobile\"><figure class=\"wp-block-media-text__media\"><img loading=\"lazy\" decoding=\"async\" width=\"720\" height=\"540\" src=\"https:\/\/topfoodmachine.com\/wp-content\/uploads\/2025\/09\/Cocoa-Bean-Sheller-Machine-details.webp\" alt=\"D\u00e9tails de la machine sheller de f\u00e8ves de cacao\" class=\"wp-image-2015 size-full\" srcset=\"https:\/\/topfoodmachine.com\/wp-content\/uploads\/2025\/09\/Cocoa-Bean-Sheller-Machine-details.webp 720w, https:\/\/topfoodmachine.com\/wp-content\/uploads\/2025\/09\/Cocoa-Bean-Sheller-Machine-details-300x225.webp 300w, https:\/\/topfoodmachine.com\/wp-content\/uploads\/2025\/09\/Cocoa-Bean-Sheller-Machine-details-16x12.webp 16w\" sizes=\"auto, (max-width: 720px) 100vw, 720px\" \/><\/figure><div class=\"wp-block-media-text__content\"> <ul class=\"wp-block-list\"> <li><strong>Alimentation<\/strong> \u2013 Les f\u00e8ves de cacao sont uniform\u00e9ment aliment\u00e9es dans la tr\u00e9mie.<\/li>    <li><strong>\u00c9pluchage<\/strong> \u2013 Les f\u00e8ves sont roul\u00e9es et \u00e9pluch\u00e9es par les rouleaux de pelage.<\/li>    <li><strong>Tamisage<\/strong> \u2013 Les f\u00e8ves \u00e9pluch\u00e9es tombent sur l\u2019\u00e9cran vibrant, o\u00f9 elles sont s\u00e9par\u00e9es selon diff\u00e9rentes tailles de particules.<\/li> <\/ul> <\/div><\/div>    <div class=\"wp-block-media-text has-media-on-the-right is-stacked-on-mobile\"><div class=\"wp-block-media-text__content\"> <ul class=\"wp-block-list\"> <li><strong>Retrait de la coquille<\/strong> \u2013 \u00c0 l\u2019aide du souffleur, les coquilles s\u00e9par\u00e9es de diff\u00e9rentes tailles sont aspir\u00e9es et collect\u00e9es dans le syst\u00e8me de stockage cyclonique.<\/li>    <li><strong>\u00c9vacuation des \u00e9clats<\/strong> \u2013 Les \u00e9clats de cacao nettoy\u00e9s sont \u00e9vacu\u00e9s par la sortie.<\/li>    <li><strong>Ajustement<\/strong> \u2013 En r\u00e9gulant l\u2019intensit\u00e9 du flux d\u2019air et l\u2019\u00e9cart entre les rouleaux de pelage, une s\u00e9paration compl\u00e8te des coquilles et des \u00e9clats peut \u00eatre r\u00e9alis\u00e9e.<\/li> <\/ul> <\/div><figure class=\"wp-block-media-text__media\"><img loading=\"lazy\" decoding=\"async\" width=\"720\" height=\"540\" src=\"https:\/\/topfoodmachine.com\/wp-content\/uploads\/2025\/09\/exported-Cocoa-bean-shelling-machine.webp\" alt=\"machine sheller de f\u00e8ves de cacao export\u00e9e\" class=\"wp-image-2019 size-full\" srcset=\"https:\/\/topfoodmachine.com\/wp-content\/uploads\/2025\/09\/exported-Cocoa-bean-shelling-machine.webp 720w, https:\/\/topfoodmachine.com\/wp-content\/uploads\/2025\/09\/exported-Cocoa-bean-shelling-machine-300x225.webp 300w, https:\/\/topfoodmachine.com\/wp-content\/uploads\/2025\/09\/exported-Cocoa-bean-shelling-machine-16x12.webp 16w\" sizes=\"auto, (max-width: 720px) 100vw, 720px\" \/><\/figure><\/div>    <h2 class=\"wp-block-heading\">Avantages de la machine sheller de f\u00e8ves de cacao<\/h2>    <div class=\"wp-block-media-text is-stacked-on-mobile\"><figure class=\"wp-block-media-text__media\"><img loading=\"lazy\" decoding=\"async\" width=\"720\" height=\"540\" src=\"https:\/\/topfoodmachine.com\/wp-content\/uploads\/2025\/09\/Cocoa-Bean-Sheller-Machine-for-sale.webp\" alt=\"Machine d\u2019\u00e9pluchage de f\u00e8ves de cacao \u00e0 vendre\" class=\"wp-image-2016 size-full\" srcset=\"https:\/\/topfoodmachine.com\/wp-content\/uploads\/2025\/09\/Cocoa-Bean-Sheller-Machine-for-sale.webp 720w, https:\/\/topfoodmachine.com\/wp-content\/uploads\/2025\/09\/Cocoa-Bean-Sheller-Machine-for-sale-300x225.webp 300w, https:\/\/topfoodmachine.com\/wp-content\/uploads\/2025\/09\/Cocoa-Bean-Sheller-Machine-for-sale-16x12.webp 16w\" sizes=\"auto, (max-width: 720px) 100vw, 720px\" \/><\/figure><div class=\"wp-block-media-text__content\"> <ul class=\"wp-block-list\"> <li>La machine est enti\u00e8rement en acier inox 304, garantissant durabilit\u00e9 et hygi\u00e8ne.<\/li>    <li>Une haute automatisation permet un \u00e9pluchage rapide avec peu de bruit et peu de main-d\u2019\u0153uvre.<\/li>    <li>Elle peut traiter efficacement \u00e0 la fois des f\u00e8ves de cacao et des arachides \u00e0 usage industriel.<\/li> <\/ul> <\/div><\/div>    <div class=\"wp-block-media-text has-media-on-the-right is-stacked-on-mobile\"><div class=\"wp-block-media-text__content\"> <ul class=\"wp-block-list\"> <li>Un collecteur de poussi\u00e8re \u00e0 vide int\u00e9gr\u00e9 capture les r\u00e9sidus rouges et maintient l\u2019environnement propre.<\/li>    <li>Les ventilateurs et les \u00e9crans vibrants ajustables assurent une s\u00e9paration compl\u00e8te de la coque avec \u00e9pluchage secondaire pour les f\u00e8ves incompl\u00e8tes.<\/li>    <li>Une op\u00e9ration facile et une maintenance r\u00e9duisent les temps d\u2019arr\u00eat et assurent un flux de travail fluide.<\/li> <\/ul> <\/div><figure class=\"wp-block-media-text__media\"><img loading=\"lazy\" decoding=\"async\" width=\"720\" height=\"540\" src=\"https:\/\/topfoodmachine.com\/wp-content\/uploads\/2025\/09\/industrial-Cocoa-bean-shelling-machine.webp\" alt=\"machine d\u00e9pelliculeur de f\u00e8ves de cacao industrielle\" class=\"wp-image-2020 size-full\" srcset=\"https:\/\/topfoodmachine.com\/wp-content\/uploads\/2025\/09\/industrial-Cocoa-bean-shelling-machine.webp 720w, https:\/\/topfoodmachine.com\/wp-content\/uploads\/2025\/09\/industrial-Cocoa-bean-shelling-machine-300x225.webp 300w, https:\/\/topfoodmachine.com\/wp-content\/uploads\/2025\/09\/industrial-Cocoa-bean-shelling-machine-16x12.webp 16w\" sizes=\"auto, (max-width: 720px) 100vw, 720px\" \/><\/figure><\/div>    <h2 class=\"wp-block-heading\">Param\u00e8tres de la machine sheller de f\u00e8ves de cacao<\/h2>    <figure class=\"wp-block-table\"><table class=\"has-fixed-layout\"><tbody><tr><td>Mod\u00e8le<\/td><td>Param\u00e8tres techniques<\/td><td>Dimensions (cm)<\/td><td>Capacit\u00e9 de production<\/td><td>Tension<\/td><td>Puissance du moteur<\/td><td>Puissance du ventilateur<\/td><td>Taux de d\u00e9nudage<\/td><td>Poids (kg)<\/td><\/tr><tr><td>S\u00e9rie Kt-2 (Basique)<\/td><td><strong>Mod\u00e8le de base<\/strong><\/td><td>70*60*130<\/td><td>50-100kg\/heure<\/td><td>380V 50HZ<\/td><td>0.4KW<\/td><td>0.37KW<\/td><td>&#8211;<\/td><td>&#8211;<\/td><\/tr><tr><td>S\u00e9rie Kt-2 (avec cyclone)<\/td><td><strong>Avec s\u00e9parateur cyclone<\/strong><\/td><td>100*100*130<\/td><td>50-100kg\/heure<\/td><td>380V 50HZ<\/td><td>0.4KW<\/td><td>0.37KW<\/td><td>&#8211;<\/td><td>&#8211;<\/td><\/tr><tr><td>Type Kt-2 \u2013 D\u00e9pelliceur et s\u00e9parateur de noyau<\/td><td><strong>D\u00e9pellicage et s\u00e9parateur de noyau<\/strong><\/td><td>120*110*120<\/td><td>200 KG\/H<\/td><td>380V<\/td><td>0,75 kW<\/td><td>0,55 kW<\/td><td>&gt;98%<\/td><td>140<\/td><\/tr><tr><td>Type Kt-4<\/td><td><strong>Type Kt-4<\/strong><\/td><td>140*60*130<\/td><td>100KG\/H<\/td><td>380V<\/td><td>0,75 kW<\/td><td>1.1KW<\/td><td>&gt;99%<\/td><td>150<\/td><\/tr><tr><td>D\u00e9pelliceur, tamis et s\u00e9parateur de noyau de type Kt-3<\/td><td><strong>Type Kt-3<\/strong><\/td><td>160*70*140<\/td><td>300KG\/H<\/td><td>380V<\/td><td>0,75 kW<\/td><td>1,5KW<\/td><td>&gt;99%<\/td><td>200<\/td><\/tr><tr><td>Type Kt-4 \u2013 D\u00e9pellicage avanc\u00e9, tamis et s\u00e9parateur de noyau<\/td><td><strong>Type avanc\u00e9 Kt-4<\/strong><\/td><td>160*100*140<\/td><td>400-500KG\/H<\/td><td>380V<\/td><td>1.1KW<\/td><td>2.2KW<\/td><td>&gt;99%<\/td><td>280<\/td><\/tr><tr><td>HB-2 Type \u00c9plucheur en spirale<\/td><td><strong>\u00c9plucheur en spirale<\/strong><\/td><td>1900*1000*1400<\/td><td>1000kg\/heure<\/td><td>380V 50HZ<\/td><td>4.4KW (moteur \u00e0 vitesse r\u00e9glable)<\/td><td>2.2KW<\/td><td>&#8211;<\/td><td>300<\/td><\/tr><\/tbody><\/table><figcaption class=\"wp-element-caption\">Param\u00e8tres de la machine sheller de f\u00e8ves de cacao<\/figcaption><\/figure>    <h2 class=\"wp-block-heading\">Utiliser les embouts de la machine sheller de f\u00e8ves de cacao<\/h2>    <div class=\"wp-block-media-text is-stacked-on-mobile\"><figure class=\"wp-block-media-text__media\"><img loading=\"lazy\" decoding=\"async\" width=\"720\" height=\"540\" src=\"https:\/\/topfoodmachine.com\/wp-content\/uploads\/2025\/09\/Cocoa-bean-sheller-machine-structure.webp\" alt=\"Structure de la machine sheller de f\u00e8ves de cacao\" class=\"wp-image-2017 size-full\" srcset=\"https:\/\/topfoodmachine.com\/wp-content\/uploads\/2025\/09\/Cocoa-bean-sheller-machine-structure.webp 720w, https:\/\/topfoodmachine.com\/wp-content\/uploads\/2025\/09\/Cocoa-bean-sheller-machine-structure-300x225.webp 300w, https:\/\/topfoodmachine.com\/wp-content\/uploads\/2025\/09\/Cocoa-bean-sheller-machine-structure-16x12.webp 16w\" sizes=\"auto, (max-width: 720px) 100vw, 720px\" \/><\/figure><div class=\"wp-block-media-text__content\"> <ul class=\"wp-block-list\"> <li>Placez la machine sur une surface plane et stable.<\/li>    <li>Assurez-vous d\u2019une ventilation ad\u00e9quate pour \u00e9viter la surchauffe du moteur.<\/li>    <li>V\u00e9rifier toutes les pi\u00e8ces, lames et fixations avant le fonctionnement.<\/li>    <li>\u00c9viter de surcharger les f\u00e8ves pour pr\u00e9venir les blocages.<\/li> <\/ul> <\/div><\/div>    <div class=\"wp-block-media-text has-media-on-the-right is-stacked-on-mobile\"><div class=\"wp-block-media-text__content\"> <ul class=\"wp-block-list\"> <li>Porter des gants de protection et \u00e9viter de toucher les pi\u00e8ces en mouvement.<\/li>    <li>Nettoyer r\u00e9guli\u00e8rement les coques et la poussi\u00e8re des f\u00e8ves.<\/li>    <li>Effectuer l\u2019entretien de routine sur les pi\u00e8ces d\u2019usure.<\/li>    <li>\u00c9teindre l\u2019appareil avant le nettoyage ou les ajustements.<\/li> <\/ul> <\/div><figure class=\"wp-block-media-text__media\"><img loading=\"lazy\" decoding=\"async\" width=\"720\" height=\"540\" src=\"https:\/\/topfoodmachine.com\/wp-content\/uploads\/2025\/09\/effective-Cocoa-bean-sheller-machine.webp\" alt=\"machine sheller de f\u00e8ves de cacao efficace\" class=\"wp-image-2018 size-full\" srcset=\"https:\/\/topfoodmachine.com\/wp-content\/uploads\/2025\/09\/effective-Cocoa-bean-sheller-machine.webp 720w, https:\/\/topfoodmachine.com\/wp-content\/uploads\/2025\/09\/effective-Cocoa-bean-sheller-machine-300x225.webp 300w, https:\/\/topfoodmachine.com\/wp-content\/uploads\/2025\/09\/effective-Cocoa-bean-sheller-machine-16x12.webp 16w\" sizes=\"auto, (max-width: 720px) 100vw, 720px\" \/><\/figure><\/div>    <h2 class=\"wp-block-heading\">Conclusion<\/h2>    <p class=\"translation-block\">La <a href=\"https:\/\/en.wikipedia.org\/wiki\/Cocoa_bean\" data-type=\"link\" data-id=\"https:\/\/en.wikipedia.org\/wiki\/Cocoa_bean\" target=\"_blank\" rel=\"noopener\">Sheller de f\u00e8ves de cacao<\/a> est la solution id\u00e9ale pour produire des copeaux de cacao propres et de haute qualit\u00e9 avec peu de d\u00e9chets, ce qui en fait un choix id\u00e9al tant pour les petites que pour les op\u00e9rations industrielles de transformation du cacao. <\/p>    <p class=\"translation-block\">De plus, notre soci\u00e9t\u00e9 propose une gamme compl\u00e8te de <a href=\"https:\/\/topfoodmachine.com\/fr\/products\/nuts-processing-machine\/\" data-type=\"link\" data-id=\"https:\/\/topfoodmachine.com\/products\/nuts-processing-machine\/\">machines de traitement des noix<\/a>, et nous vous invitons \u00e0 parcourir nos produits et \u00e0 demander un devis.<\/p>","protected":false},"excerpt":{"rendered":"<p>La machine sheller de f\u00e8ves de cacao est principalement utilis\u00e9e pour broyer, d\u00e9pellicer et s\u00e9parer les noyaux des coques.<\/p>","protected":false},"author":1,"featured_media":2021,"parent":0,"template":"","tags":[129],"product-type":[5],"class_list":["post-2010","product","type-product","status-publish","has-post-thumbnail","hentry","tag-cocoa-bean-sheller-machine","product-type-nuts-processing-machine"],"_links":{"self":[{"href":"https:\/\/topfoodmachine.com\/fr\/wp-json\/wp\/v2\/product\/2010","targetHints":{"allow":["GET"]}}],"collection":[{"href":"https:\/\/topfoodmachine.com\/fr\/wp-json\/wp\/v2\/product"}],"about":[{"href":"https:\/\/topfoodmachine.com\/fr\/wp-json\/wp\/v2\/types\/product"}],"author":[{"embeddable":true,"href":"https:\/\/topfoodmachine.com\/fr\/wp-json\/wp\/v2\/users\/1"}],"wp:featuredmedia":[{"embeddable":true,"href":"https:\/\/topfoodmachine.com\/fr\/wp-json\/wp\/v2\/media\/2021"}],"wp:attachment":[{"href":"https:\/\/topfoodmachine.com\/fr\/wp-json\/wp\/v2\/media?parent=2010"}],"wp:term":[{"taxonomy":"post_tag","embeddable":true,"href":"https:\/\/topfoodmachine.com\/fr\/wp-json\/wp\/v2\/tags?post=2010"},{"taxonomy":"product-type","embeddable":true,"href":"https:\/\/topfoodmachine.com\/fr\/wp-json\/wp\/v2\/product-type?post=2010"}],"curies":[{"name":"wp","href":"https:\/\/api.w.org\/{rel}","templated":true}]}}