{"id":1989,"date":"2025-08-26T10:36:55","date_gmt":"2025-08-26T02:36:55","guid":{"rendered":"https:\/\/topfoodmachine.com\/?post_type=product&#038;p=1989"},"modified":"2025-08-26T10:36:56","modified_gmt":"2025-08-26T02:36:56","slug":"sesame-seed-cleaning-machine","status":"publish","type":"product","link":"https:\/\/topfoodmachine.com\/fr\/product\/sesame-seed-cleaning-machine\/","title":{"rendered":"Machine de nettoyage de graines de s\u00e9same"},"content":{"rendered":"<div class=\"kk-star-ratings kksr-auto kksr-align-left kksr-valign-top\"     data-payload='{&quot;align&quot;:&quot;left&quot;,&quot;id&quot;:&quot;1989&quot;,&quot;slug&quot;:&quot;default&quot;,&quot;valign&quot;:&quot;top&quot;,&quot;ignore&quot;:&quot;&quot;,&quot;reference&quot;:&quot;auto&quot;,&quot;class&quot;:&quot;&quot;,&quot;count&quot;:&quot;24&quot;,&quot;legendonly&quot;:&quot;&quot;,&quot;readonly&quot;:&quot;&quot;,&quot;score&quot;:&quot;4.5&quot;,&quot;starsonly&quot;:&quot;&quot;,&quot;best&quot;:&quot;5&quot;,&quot;gap&quot;:&quot;5&quot;,&quot;greet&quot;:&quot;Rate this product&quot;,&quot;legend&quot;:&quot;4.5\\\/5 - (24 votes)&quot;,&quot;size&quot;:&quot;24&quot;,&quot;title&quot;:&quot;Sesame seed cleaning machine&quot;,&quot;width&quot;:&quot;128&quot;,&quot;_legend&quot;:&quot;{score}\\\/{best} - ({count} {votes})&quot;,&quot;font_factor&quot;:&quot;1.25&quot;}'>              <div class=\"kksr-stars\">      <div class=\"kksr-stars-inactive\">             <div class=\"kksr-star\" data-star=\"1\" style=\"padding-right: 5px\">               <div class=\"kksr-icon\" style=\"width: 24px; height: 24px;\"><\/div>         <\/div>             <div class=\"kksr-star\" data-star=\"2\" style=\"padding-right: 5px\">               <div class=\"kksr-icon\" style=\"width: 24px; height: 24px;\"><\/div>         <\/div>             <div class=\"kksr-star\" data-star=\"3\" style=\"padding-right: 5px\">               <div class=\"kksr-icon\" style=\"width: 24px; height: 24px;\"><\/div>         <\/div>             <div class=\"kksr-star\" data-star=\"4\" style=\"padding-right: 5px\">               <div class=\"kksr-icon\" style=\"width: 24px; height: 24px;\"><\/div>         <\/div>             <div class=\"kksr-star\" data-star=\"5\" style=\"padding-right: 5px\">               <div class=\"kksr-icon\" style=\"width: 24px; height: 24px;\"><\/div>         <\/div>     <\/div>      <div class=\"kksr-stars-active\" style=\"width: 128px;\">             <div class=\"kksr-star\" style=\"padding-right: 5px\">               <div class=\"kksr-icon\" style=\"width: 24px; height: 24px;\"><\/div>         <\/div>             <div class=\"kksr-star\" style=\"padding-right: 5px\">               <div class=\"kksr-icon\" style=\"width: 24px; height: 24px;\"><\/div>         <\/div>             <div class=\"kksr-star\" style=\"padding-right: 5px\">               <div class=\"kksr-icon\" style=\"width: 24px; height: 24px;\"><\/div>         <\/div>             <div class=\"kksr-star\" style=\"padding-right: 5px\">               <div class=\"kksr-icon\" style=\"width: 24px; height: 24px;\"><\/div>         <\/div>             <div class=\"kksr-star\" style=\"padding-right: 5px\">               <div class=\"kksr-icon\" style=\"width: 24px; height: 24px;\"><\/div>         <\/div>     <\/div> <\/div>                   <div class=\"kksr-legend\" style=\"font-size: 19.2px;\">             4,5\/5 - (24 votes)    <\/div>     <\/div>  <p class=\"translation-block\">Le <strong>Machine de Nettoyage de Graines de S\u00e9same<\/strong> peut \u00e9liminer efficacement la poussi\u00e8re, les pierres et autres impuret\u00e9s tout en pr\u00e9servant la qualit\u00e9 naturelle des graines. Avec un processus de lavage doux, une grande capacit\u00e9 de traitement de <strong>1000 kg\/h<\/strong>, et une conception \u00e9conome en eau, elle garantit \u00e0 la fois l'efficacit\u00e9 et la durabilit\u00e9.<\/p>    <p>Fabriqu\u00e9e en acier inoxydable de haute qualit\u00e9, la machine offre une excellente hygi\u00e8ne, durabilit\u00e9 et faibles exigences de maintenance. Son fonctionnement enti\u00e8rement automatique r\u00e9duit les co\u00fbts de main-d'\u0153uvre et garantit des performances stables. <\/p>    <p>Adapt\u00e9e au s\u00e9same ainsi qu'\u00e0 une vari\u00e9t\u00e9 de c\u00e9r\u00e9ales et de graines, cette machine de nettoyage est largement utilis\u00e9e dans les usines de transformation alimentaire et les industries agricoles pour obtenir des r\u00e9sultats de nettoyage rapides, constants et \u00e0 haut rendement.<\/p>    <figure class=\"wp-block-embed is-type-video is-provider-youtube wp-block-embed-youtube wp-embed-aspect-9-16 wp-has-aspect-ratio\"><div class=\"wp-block-embed__wrapper\"> <iframe loading=\"lazy\" title=\"Comment fonctionnent les machines de nettoyage de graines de s\u00e9same #s\u00e9same #nettoyage #agroalimentaire\" width=\"422\" height=\"750\" src=\"https:\/\/www.youtube.com\/embed\/cPl1BxP3rgU?feature=oembed\" frameborder=\"0\" allow=\"accelerometer; autoplay; clipboard-write; encrypted-media; gyroscope; picture-in-picture; web-share\" referrerpolicy=\"strict-origin-when-cross-origin\" allowfullscreen><\/iframe> <\/div><figcaption class=\"wp-element-caption\">Vid\u00e9o de fonctionnement de la machine de nettoyage de graines de s\u00e9same<\/figcaption><\/figure>    <h2 class=\"wp-block-heading\">Machine de nettoyage de graines de s\u00e9same \u00e0 vendre<\/h2>    <p class=\"translation-block\">La machine de nettoyage de graines de s\u00e9same combine l'alimentation, le nettoyage et la s\u00e9paration en un seul processus rationalis\u00e9, garantissant que la coque et le noyau de s\u00e9same restent intacts. Cela la rend id\u00e9ale pour le traitement primaire dans des industries telles que la production de s\u00e9same, le <a href=\"https:\/\/topfoodmachine.com\/fr\/product\/peanut-roasting-machine\/\" data-type=\"link\" data-id=\"https:\/\/topfoodmachine.com\/product\/peanut-roasting-machine\/\">torr\u00e9faction de s\u00e9same<\/a> et le pressage d'huile de s\u00e9same.<\/p>    <p>De plus, la capacit\u00e9 et la taille de la machine peuvent \u00eatre personnalis\u00e9es pour r\u00e9pondre aux exigences de production sp\u00e9cifiques, offrant une solution flexible pour les op\u00e9rations \u00e0 petite et grande \u00e9chelle.<\/p>    <figure class=\"wp-block-image size-full\"><img loading=\"lazy\" decoding=\"async\" width=\"720\" height=\"540\" src=\"https:\/\/topfoodmachine.com\/wp-content\/uploads\/2025\/08\/Sesame-seed-cleaning-machine-details.webp\" alt=\"D\u00e9tails de la machine de nettoyage de graines de s\u00e9same\" class=\"wp-image-1994\" srcset=\"https:\/\/topfoodmachine.com\/wp-content\/uploads\/2025\/08\/Sesame-seed-cleaning-machine-details.webp 720w, https:\/\/topfoodmachine.com\/wp-content\/uploads\/2025\/08\/Sesame-seed-cleaning-machine-details-300x225.webp 300w, https:\/\/topfoodmachine.com\/wp-content\/uploads\/2025\/08\/Sesame-seed-cleaning-machine-details-16x12.webp 16w\" sizes=\"auto, (max-width: 720px) 100vw, 720px\" \/><figcaption class=\"wp-element-caption\">D\u00e9tails de la machine de nettoyage de graines de s\u00e9same<\/figcaption><\/figure>    <h2 class=\"wp-block-heading\">Avantages de la machine \u00e0 laver le s\u00e9same<\/h2>    <div class=\"wp-block-media-text is-stacked-on-mobile\"><figure class=\"wp-block-media-text__media\"><img loading=\"lazy\" decoding=\"async\" width=\"720\" height=\"540\" src=\"https:\/\/topfoodmachine.com\/wp-content\/uploads\/2025\/08\/commercial-Sesame-washing-machine.webp\" alt=\"Machine \u00e0 laver le s\u00e9same commerciale\" class=\"wp-image-1995 size-full\" srcset=\"https:\/\/topfoodmachine.com\/wp-content\/uploads\/2025\/08\/commercial-Sesame-washing-machine.webp 720w, https:\/\/topfoodmachine.com\/wp-content\/uploads\/2025\/08\/commercial-Sesame-washing-machine-300x225.webp 300w, https:\/\/topfoodmachine.com\/wp-content\/uploads\/2025\/08\/commercial-Sesame-washing-machine-16x12.webp 16w\" sizes=\"auto, (max-width: 720px) 100vw, 720px\" \/><\/figure><div class=\"wp-block-media-text__content\"> <ul class=\"wp-block-list\"> <li>Fonctionne selon un principe d'agitation \u00e0 pales h\u00e9lico\u00efdales pour \u00e9liminer efficacement la poussi\u00e8re, le sable, les particules de fer, les balles, les vers de s\u00e9same et autres impuret\u00e9s.<\/li>    <li>\u00c9quip\u00e9e de fonctions de nettoyage, de s\u00e9paration et d'alimentation assist\u00e9e par air automatiques pour une plus grande efficacit\u00e9.<\/li>    <li>Fabriqu\u00e9e en acier inoxydable, conforme aux normes d'hygi\u00e8ne nationales et garantissant la s\u00e9curit\u00e9 alimentaire.<\/li> <\/ul> <\/div><\/div>    <div class=\"wp-block-media-text has-media-on-the-right is-stacked-on-mobile\"><div class=\"wp-block-media-text__content\"> <ul class=\"wp-block-list\"> <li>Nettoie d\u00e9licatement les graines de s\u00e9same sans les endommager.<\/li>    <li>Fonctionnement simple et convivial, adapt\u00e9 \u00e0 l'appr\u00eat, \u00e0 la torr\u00e9faction, \u00e0 l'extraction d'huile de s\u00e9same et \u00e0 d'autres industries connexes.<\/li>    <li>\u00c9vacue les graines de s\u00e9same nettoy\u00e9es \u00e0 l'\u00e9tat sec, ce qui permet de gagner du temps et de r\u00e9duire les co\u00fbts.<\/li>    <li>Am\u00e9liore l'efficacit\u00e9 globale de la production gr\u00e2ce \u00e0 un nettoyage rapide et constant.<\/li> <\/ul> <\/div><figure class=\"wp-block-media-text__media\"><img loading=\"lazy\" decoding=\"async\" width=\"720\" height=\"540\" src=\"https:\/\/topfoodmachine.com\/wp-content\/uploads\/2025\/08\/Sesame-seed-cleaning-machine-for-sale.webp\" alt=\"Machine de nettoyage de graines de s\u00e9same \u00e0 vendre\" class=\"wp-image-1998 size-full\" srcset=\"https:\/\/topfoodmachine.com\/wp-content\/uploads\/2025\/08\/Sesame-seed-cleaning-machine-for-sale.webp 720w, https:\/\/topfoodmachine.com\/wp-content\/uploads\/2025\/08\/Sesame-seed-cleaning-machine-for-sale-300x225.webp 300w, https:\/\/topfoodmachine.com\/wp-content\/uploads\/2025\/08\/Sesame-seed-cleaning-machine-for-sale-16x12.webp 16w\" sizes=\"auto, (max-width: 720px) 100vw, 720px\" \/><\/figure><\/div>    <h2 class=\"wp-block-heading\">Comment fonctionne la machine \u00e0 laver le s\u00e9same ?<\/h2>    <div class=\"wp-block-media-text is-stacked-on-mobile\"><figure class=\"wp-block-media-text__media\"><img loading=\"lazy\" decoding=\"async\" width=\"720\" height=\"540\" src=\"https:\/\/topfoodmachine.com\/wp-content\/uploads\/2025\/08\/high-capacity-Sesame-washing-machine.webp\" alt=\"Machine \u00e0 laver le s\u00e9same \u00e0 grande capacit\u00e9\" class=\"wp-image-1996 size-full\" srcset=\"https:\/\/topfoodmachine.com\/wp-content\/uploads\/2025\/08\/high-capacity-Sesame-washing-machine.webp 720w, https:\/\/topfoodmachine.com\/wp-content\/uploads\/2025\/08\/high-capacity-Sesame-washing-machine-300x225.webp 300w, https:\/\/topfoodmachine.com\/wp-content\/uploads\/2025\/08\/high-capacity-Sesame-washing-machine-16x12.webp 16w\" sizes=\"auto, (max-width: 720px) 100vw, 720px\" \/><\/figure><div class=\"wp-block-media-text__content\"> <ul class=\"wp-block-list\"> <li>D\u00e9poussi\u00e9rage par soufflage d'air. Le s\u00e9same brut passe par le d\u00e9poussi\u00e9reur pour \u00e9liminer la poussi\u00e8re pr\u00e9liminaire et les grosses impuret\u00e9s.<\/li>    <li>Unit\u00e9 de lavage. Les graines entrent dans la machine \u00e0 laver, o\u00f9 le rin\u00e7age \u00e0 l'eau combin\u00e9 \u00e0 l'agitation m\u00e9canique les nettoie en profondeur.<\/li>    <li>S\u00e9paration des impuret\u00e9s. Pendant le lavage, la salet\u00e9, les d\u00e9bris fins et les particules l\u00e9g\u00e8res sont \u00e9limin\u00e9s du s\u00e9same.<\/li> <\/ul> <\/div><\/div>    <div class=\"wp-block-media-text has-media-on-the-right is-stacked-on-mobile\"><div class=\"wp-block-media-text__content\"> <ul class=\"wp-block-list\"> <li>\u00c9vacuation des eaux us\u00e9es. L'eau contamin\u00e9e est \u00e9vacu\u00e9e par la sortie d'eau situ\u00e9e au bas de l'unit\u00e9 de lavage.<\/li>    <li>D\u00e9shydratation centrifuge. Le s\u00e9same nettoy\u00e9 est transport\u00e9 vers la machine de d\u00e9shydratation centrifuge pour \u00e9liminer efficacement l'exc\u00e8s d'humidit\u00e9.<\/li>    <li>Pr\u00e9paration pour un traitement ult\u00e9rieur. Les graines dont l'humidit\u00e9 a \u00e9t\u00e9 r\u00e9duite sont pr\u00eates pour la torr\u00e9faction, l'extraction d'huile ou d'autres applications en aval, garantissant la s\u00e9curit\u00e9 alimentaire et une qualit\u00e9 de produit \u00e9lev\u00e9e.<\/li> <\/ul> <\/div><figure class=\"wp-block-media-text__media\"><img loading=\"lazy\" decoding=\"async\" width=\"720\" height=\"540\" src=\"https:\/\/topfoodmachine.com\/wp-content\/uploads\/2025\/08\/sesame-cleaner.webp\" alt=\"Nettoyeur de s\u00e9same\" class=\"wp-image-1997 size-full\" srcset=\"https:\/\/topfoodmachine.com\/wp-content\/uploads\/2025\/08\/sesame-cleaner.webp 720w, https:\/\/topfoodmachine.com\/wp-content\/uploads\/2025\/08\/sesame-cleaner-300x225.webp 300w, https:\/\/topfoodmachine.com\/wp-content\/uploads\/2025\/08\/sesame-cleaner-16x12.webp 16w\" sizes=\"auto, (max-width: 720px) 100vw, 720px\" \/><\/figure><\/div>    <h2 class=\"wp-block-heading\">Applications \u00e9tendues du nettoyeur de s\u00e9same<\/h2>    <p>Les machines de nettoyage de graines de s\u00e9same sont utilis\u00e9es dans les industries agroalimentaires et agricoles pour \u00e9liminer les impuret\u00e9s telles que la poussi\u00e8re, le sable, le fer et les balles. Elles garantissent des graines propres et uniformes pour le traitement du s\u00e9same, l'extraction d'huile, les boulangeries et les confiseries. <\/p>    <p>En am\u00e9liorant l'hygi\u00e8ne, en r\u00e9duisant les d\u00e9chets et en augmentant l'efficacit\u00e9, ces machines conviennent \u00e0 la production \u00e0 petite et grande \u00e9chelle et peuvent traiter diverses petites graines et c\u00e9r\u00e9ales.<\/p>    <figure class=\"wp-block-image size-full\"><img loading=\"lazy\" decoding=\"async\" width=\"720\" height=\"540\" src=\"https:\/\/topfoodmachine.com\/wp-content\/uploads\/2025\/08\/Sesame-seed-cleaning-machine-application.webp\" alt=\"Application de la machine de nettoyage de graines de s\u00e9same\" class=\"wp-image-1993\" srcset=\"https:\/\/topfoodmachine.com\/wp-content\/uploads\/2025\/08\/Sesame-seed-cleaning-machine-application.webp 720w, https:\/\/topfoodmachine.com\/wp-content\/uploads\/2025\/08\/Sesame-seed-cleaning-machine-application-300x225.webp 300w, https:\/\/topfoodmachine.com\/wp-content\/uploads\/2025\/08\/Sesame-seed-cleaning-machine-application-16x12.webp 16w\" sizes=\"auto, (max-width: 720px) 100vw, 720px\" \/><figcaption class=\"wp-element-caption\">Application de la machine de nettoyage de graines de s\u00e9same<\/figcaption><\/figure>    <h2 class=\"wp-block-heading\">Param\u00e8tres de la machine de nettoyage de graines de s\u00e9same<\/h2>    <figure class=\"wp-block-table\"><table class=\"has-fixed-layout\"><tbody><tr><td>Nom du produit<\/td><td>Machine de Nettoyage de Graines de S\u00e9same<\/td><\/tr><tr><td>Capacit\u00e9 (kg\/h)<\/td><td>1000<\/td><\/tr><tr><td>Direction du s\u00e9chage<\/td><td>Sens antihoraire<\/td><\/tr><tr><td>Vitesse de l'arbre principal (tr\/min)<\/td><td>750<\/td><\/tr><tr><td>Sp\u00e9cification du film sec (mm)<\/td><td>400<\/td><\/tr><tr><td>Diam\u00e8tre de la vis de s\u00e9same (mm)<\/td><td>140<\/td><\/tr><tr><td>Pouvoir<\/td><td>1,5 kW \/ 0,55 kW<\/td><\/tr><tr><td>Dimension (mm)<\/td><td>1880 \u00d7 790 \u00d7 710<\/td><\/tr><\/tbody><\/table><figcaption class=\"wp-element-caption\">param\u00e8tres de la machine \u00e0 laver le s\u00e9same<\/figcaption><\/figure>    <figure class=\"wp-block-image size-full\"><img loading=\"lazy\" decoding=\"async\" width=\"720\" height=\"540\" src=\"https:\/\/topfoodmachine.com\/wp-content\/uploads\/2025\/08\/automatic-Sesame-seed-cleaning-machine.webp\" alt=\"machine de nettoyage automatique de graines de s\u00e9same\" class=\"wp-image-1999\" srcset=\"https:\/\/topfoodmachine.com\/wp-content\/uploads\/2025\/08\/automatic-Sesame-seed-cleaning-machine.webp 720w, https:\/\/topfoodmachine.com\/wp-content\/uploads\/2025\/08\/automatic-Sesame-seed-cleaning-machine-300x225.webp 300w, https:\/\/topfoodmachine.com\/wp-content\/uploads\/2025\/08\/automatic-Sesame-seed-cleaning-machine-16x12.webp 16w\" sizes=\"auto, (max-width: 720px) 100vw, 720px\" \/><figcaption class=\"wp-element-caption\">machine de nettoyage automatique de graines de s\u00e9same<\/figcaption><\/figure>    <h2 class=\"wp-block-heading\">\u00c9quipement de support de la machine de nettoyage de graines de s\u00e9same<\/h2>    <p>La machine de nettoyage de graines de s\u00e9same peut \u00eatre associ\u00e9e \u00e0 plusieurs appareils de support pour am\u00e9liorer l'efficacit\u00e9 et la qualit\u00e9 du produit. <\/p>    <p>L'\u00e9l\u00e9vateur pneumatique pr\u00e9sente un faible bruit, un minimum d'\u00e9crasement et un encombrement r\u00e9duit, et son flux d'air aide \u00e0 \u00e9liminer les d\u00e9bris l\u00e9gers tels que les peaux cass\u00e9es et les feuilles pendant le levage. La laveuse de s\u00e9same utilise la faible densit\u00e9 relative des graines pour laver le sable et autres impuret\u00e9s avec de l'eau. <\/p>    <p>Apr\u00e8s le lavage, le s\u00e9choir utilise un c\u00f4ne rotatif pour g\u00e9n\u00e9rer une force centrifuge, \u00e9liminant efficacement l'exc\u00e8s d'humidit\u00e9. Compar\u00e9 aux m\u00e9thodes traditionnelles de contr\u00f4le de l'eau, ce processus permet de gagner du temps, de r\u00e9duire la teneur en humidit\u00e9 des graines et de diminuer les co\u00fbts de torr\u00e9faction ult\u00e9rieure.<\/p>    <figure class=\"wp-block-gallery has-nested-images columns-default is-cropped wp-block-gallery-2 is-layout-flex wp-block-gallery-is-layout-flex\"> <figure class=\"wp-block-image size-large\"><img loading=\"lazy\" decoding=\"async\" width=\"720\" height=\"540\" data-id=\"2000\" src=\"https:\/\/topfoodmachine.com\/wp-content\/uploads\/2025\/08\/Sesame-seed-cleaning-machine-price.webp\" alt=\"Machine \u00e0 laver le s\u00e9same export\u00e9e\" class=\"wp-image-2000\" srcset=\"https:\/\/topfoodmachine.com\/wp-content\/uploads\/2025\/08\/Sesame-seed-cleaning-machine-price.webp 720w, https:\/\/topfoodmachine.com\/wp-content\/uploads\/2025\/08\/Sesame-seed-cleaning-machine-price-300x225.webp 300w, https:\/\/topfoodmachine.com\/wp-content\/uploads\/2025\/08\/Sesame-seed-cleaning-machine-price-16x12.webp 16w\" sizes=\"auto, (max-width: 720px) 100vw, 720px\" \/><figcaption class=\"wp-element-caption\">Machine \u00e0 laver le s\u00e9same export\u00e9e<\/figcaption><\/figure>    <figure class=\"wp-block-image size-large\"><img loading=\"lazy\" decoding=\"async\" width=\"720\" height=\"540\" data-id=\"2001\" src=\"https:\/\/topfoodmachine.com\/wp-content\/uploads\/2025\/08\/Sesame-washing-machine-exported.webp\" alt=\"Machine \u00e0 laver le s\u00e9same export\u00e9e\" class=\"wp-image-2001\" srcset=\"https:\/\/topfoodmachine.com\/wp-content\/uploads\/2025\/08\/Sesame-washing-machine-exported.webp 720w, https:\/\/topfoodmachine.com\/wp-content\/uploads\/2025\/08\/Sesame-washing-machine-exported-300x225.webp 300w, https:\/\/topfoodmachine.com\/wp-content\/uploads\/2025\/08\/Sesame-washing-machine-exported-16x12.webp 16w\" sizes=\"auto, (max-width: 720px) 100vw, 720px\" \/><figcaption class=\"wp-element-caption\">Machine \u00e0 laver le s\u00e9same export\u00e9e<\/figcaption><\/figure> <\/figure>    <h2 class=\"wp-block-heading\">Conclusion<\/h2>    <p class=\"translation-block\">La machine de nettoyage de graines de <a href=\"https:\/\/en.wikipedia.org\/wiki\/Sesame\" data-type=\"link\" data-id=\"https:\/\/en.wikipedia.org\/wiki\/Sesame\" target=\"_blank\" rel=\"noopener\">s\u00e9same<\/a> offre une solution fiable, efficace et hygi\u00e9nique pour le traitement du s\u00e9same. En combinant des technologies avanc\u00e9es d'\u00e9limination de la poussi\u00e8re, de lavage et de d\u00e9shydratation, elle garantit des graines de haute qualit\u00e9 pr\u00eates pour la torr\u00e9faction, l'extraction d'huile ou un traitement ult\u00e9rieur. <\/p>    <p>Son int\u00e9gration avec des \u00e9quipements de support, tels que des \u00e9l\u00e9vateurs pneumatiques et des s\u00e9choirs, am\u00e9liore la productivit\u00e9, r\u00e9duit la main-d'\u0153uvre et diminue les co\u00fbts op\u00e9rationnels, ce qui en fait un choix id\u00e9al pour les op\u00e9rations de traitement du s\u00e9same \u00e0 petite et grande \u00e9chelle.<\/p>","protected":false},"excerpt":{"rendered":"<p>La machine de nettoyage de graines de s\u00e9same peut \u00e9liminer efficacement la poussi\u00e8re, les pierres et autres impuret\u00e9s tout en pr\u00e9servant la qualit\u00e9 naturelle des graines.<\/p>","protected":false},"author":1,"featured_media":1992,"parent":0,"template":"","tags":[126],"product-type":[5],"class_list":["post-1989","product","type-product","status-publish","has-post-thumbnail","hentry","tag-sesame-seed-cleaning-machine","product-type-nuts-processing-machine"],"_links":{"self":[{"href":"https:\/\/topfoodmachine.com\/fr\/wp-json\/wp\/v2\/product\/1989","targetHints":{"allow":["GET"]}}],"collection":[{"href":"https:\/\/topfoodmachine.com\/fr\/wp-json\/wp\/v2\/product"}],"about":[{"href":"https:\/\/topfoodmachine.com\/fr\/wp-json\/wp\/v2\/types\/product"}],"author":[{"embeddable":true,"href":"https:\/\/topfoodmachine.com\/fr\/wp-json\/wp\/v2\/users\/1"}],"wp:featuredmedia":[{"embeddable":true,"href":"https:\/\/topfoodmachine.com\/fr\/wp-json\/wp\/v2\/media\/1992"}],"wp:attachment":[{"href":"https:\/\/topfoodmachine.com\/fr\/wp-json\/wp\/v2\/media?parent=1989"}],"wp:term":[{"taxonomy":"post_tag","embeddable":true,"href":"https:\/\/topfoodmachine.com\/fr\/wp-json\/wp\/v2\/tags?post=1989"},{"taxonomy":"product-type","embeddable":true,"href":"https:\/\/topfoodmachine.com\/fr\/wp-json\/wp\/v2\/product-type?post=1989"}],"curies":[{"name":"wp","href":"https:\/\/api.w.org\/{rel}","templated":true}]}}