{"id":197,"date":"2022-07-22T09:18:18","date_gmt":"2022-07-22T09:18:18","guid":{"rendered":"https:\/\/topfoodmachine.com\/?post_type=product&#038;p=197"},"modified":"2023-06-14T14:57:19","modified_gmt":"2023-06-14T06:57:19","slug":"french-fries-production-lines","status":"publish","type":"product","link":"https:\/\/topfoodmachine.com\/fr\/product\/french-fries-production-lines\/","title":{"rendered":"Ligne de production de frites"},"content":{"rendered":"<div class=\"kk-star-ratings kksr-auto kksr-align-left kksr-valign-top\"     data-payload='{&quot;align&quot;:&quot;left&quot;,&quot;id&quot;:&quot;197&quot;,&quot;slug&quot;:&quot;default&quot;,&quot;valign&quot;:&quot;top&quot;,&quot;ignore&quot;:&quot;&quot;,&quot;reference&quot;:&quot;auto&quot;,&quot;class&quot;:&quot;&quot;,&quot;count&quot;:&quot;17&quot;,&quot;legendonly&quot;:&quot;&quot;,&quot;readonly&quot;:&quot;&quot;,&quot;score&quot;:&quot;4.9&quot;,&quot;starsonly&quot;:&quot;&quot;,&quot;best&quot;:&quot;5&quot;,&quot;gap&quot;:&quot;5&quot;,&quot;greet&quot;:&quot;Rate this product&quot;,&quot;legend&quot;:&quot;4.9\\\/5 - (17 votes)&quot;,&quot;size&quot;:&quot;24&quot;,&quot;title&quot;:&quot;French Fries Production Line&quot;,&quot;width&quot;:&quot;139.6&quot;,&quot;_legend&quot;:&quot;{score}\\\/{best} - ({count} {votes})&quot;,&quot;font_factor&quot;:&quot;1.25&quot;}'>              <div class=\"kksr-stars\">      <div class=\"kksr-stars-inactive\">             <div class=\"kksr-star\" data-star=\"1\" style=\"padding-right: 5px\">               <div class=\"kksr-icon\" style=\"width: 24px; height: 24px;\"><\/div>         <\/div>             <div class=\"kksr-star\" data-star=\"2\" style=\"padding-right: 5px\">               <div class=\"kksr-icon\" style=\"width: 24px; height: 24px;\"><\/div>         <\/div>             <div class=\"kksr-star\" data-star=\"3\" style=\"padding-right: 5px\">               <div class=\"kksr-icon\" style=\"width: 24px; height: 24px;\"><\/div>         <\/div>             <div class=\"kksr-star\" data-star=\"4\" style=\"padding-right: 5px\">               <div class=\"kksr-icon\" style=\"width: 24px; height: 24px;\"><\/div>         <\/div>             <div class=\"kksr-star\" data-star=\"5\" style=\"padding-right: 5px\">               <div class=\"kksr-icon\" style=\"width: 24px; height: 24px;\"><\/div>         <\/div>     <\/div>      <div class=\"kksr-stars-active\" style=\"width: 139.6px;\">             <div class=\"kksr-star\" style=\"padding-right: 5px\">               <div class=\"kksr-icon\" style=\"width: 24px; height: 24px;\"><\/div>         <\/div>             <div class=\"kksr-star\" style=\"padding-right: 5px\">               <div class=\"kksr-icon\" style=\"width: 24px; height: 24px;\"><\/div>         <\/div>             <div class=\"kksr-star\" style=\"padding-right: 5px\">               <div class=\"kksr-icon\" style=\"width: 24px; height: 24px;\"><\/div>         <\/div>             <div class=\"kksr-star\" style=\"padding-right: 5px\">               <div class=\"kksr-icon\" style=\"width: 24px; height: 24px;\"><\/div>         <\/div>             <div class=\"kksr-star\" style=\"padding-right: 5px\">               <div class=\"kksr-icon\" style=\"width: 24px; height: 24px;\"><\/div>         <\/div>     <\/div> <\/div>                   <div class=\"kksr-legend\" style=\"font-size: 19.2px;\">             4,9\/5 - (17 votes)    <\/div>     <\/div>  <p class=\"translation-block\">La <strong>ligne de production de frites<\/strong> est con\u00e7ue pour fabriquer des frites congel\u00e9es automatiquement et efficacement. Avec des mat\u00e9riaux durables et de qualit\u00e9 alimentaire, un design raisonnable et une structure merveilleuse, la <strong>ligne de fabrication de frites<\/strong> a de bonnes performances, une haute efficacit\u00e9 de production et est facile \u00e0 utiliser. En tant que fournisseur c\u00e9l\u00e8bre de machines \u00e0 frites, il existe des <strong>lignes de production de frites semi-automatiques<\/strong> et des <strong>lignes de production de frites congel\u00e9es enti\u00e8rement automatiques<\/strong> disponibles dans notre usine. Leur capacit\u00e9 varie de 50 kg\/h \u00e0 1000 kg\/h. <\/p>    <p>Et nous soutenons un service personnalis\u00e9 solide pour r\u00e9pondre compl\u00e8tement \u00e0 vos demandes. Si vous \u00eates int\u00e9ress\u00e9 par cette gamme de frites, envoyez-nous un e-mail ou laissez vos besoins d\u00e8s aujourd'hui pour plus d'informations.<\/p>    <h2 class=\"wp-block-heading\">Introduction \u00e0 la ligne de transformation de frites surgel\u00e9es Taizy<\/h2>    <p>La ligne de production de frites surgel\u00e9es ou la ligne de traitement de frites est un \u00e9quipement de fabrication de frites \u00e0 haute efficacit\u00e9. Il peut aider \u00e0 produire de d\u00e9licieuses frites surgel\u00e9es en continu et automatiquement. Comme nous le savons tous, les frites sont tr\u00e8s populaires partout dans le monde. Et une excellente machine \u00e0 faire des frites peut rendre les frites plus attrayantes pour les clients. Par cons\u00e9quent, cela peut b\u00e9n\u00e9ficier davantage \u00e0 votre entreprise de frites surgel\u00e9es.<\/p>    <figure class=\"wp-block-image size-full\"><img loading=\"lazy\" decoding=\"async\" width=\"1050\" height=\"591\" src=\"https:\/\/topfoodmachine.com\/wp-content\/uploads\/2022\/07\/fully-automatic-french-fries-making-line.jpg\" alt=\"ligne de fabrication de frites enti\u00e8rement automatique\" class=\"wp-image-201\" srcset=\"https:\/\/topfoodmachine.com\/wp-content\/uploads\/2022\/07\/fully-automatic-french-fries-making-line.jpg 1050w, https:\/\/topfoodmachine.com\/wp-content\/uploads\/2022\/07\/fully-automatic-french-fries-making-line-300x169.jpg 300w, https:\/\/topfoodmachine.com\/wp-content\/uploads\/2022\/07\/fully-automatic-french-fries-making-line-1024x576.jpg 1024w, https:\/\/topfoodmachine.com\/wp-content\/uploads\/2022\/07\/fully-automatic-french-fries-making-line-768x432.jpg 768w\" sizes=\"auto, (max-width: 1050px) 100vw, 1050px\" \/><figcaption class=\"wp-element-caption\">ligne de fabrication de frites enti\u00e8rement automatique<\/figcaption><\/figure>    <p class=\"translation-block\"><strong>Mat\u00e9riau :<\/strong> pomme de terre fra\u00eeche, patate douce, manioc, banane, etc.<\/p>    <p><strong>Capacit\u00e9 de la machine \u00e0 frites Taizy\u00a0:<\/strong><\/p>    <p class=\"translation-block\"><strong>Ligne de production de frites semi-automatique :<\/strong> 50 kg\/h, 100 kg\/h, 150 kg\/h, 200 kg\/h;<\/p>    <p class=\"translation-block\"><strong>Ligne de production de frites congel\u00e9es enti\u00e8rement automatique :<\/strong> 200 kg\/h, 300 kg\/h, 500 kg\/h, 800 kg\/h, 1000 kg\/h;<\/p>    <h2 class=\"wp-block-heading\">Organigramme de la ligne de production automatique de frites surgel\u00e9es<\/h2>    <p><strong>Pomme de terre \u2192 \u00e9pluchage \u2192 d\u00e9coupe \u2192 blanchiment \u2192 \u00e9gouttage par vibration \u2192 friture \u2192 \u00e9gouttage de l'huile par vibration \u2192 cong\u00e9lation rapide \u2192 emballage de frites surgel\u00e9es.<\/strong><\/p>    <h2 class=\"wp-block-heading\">Caract\u00e9ristiques de performance de la ligne de traitement des frites Taizy<\/h2>    <ol class=\"wp-block-list\" type=\"1\"> <li>La capacit\u00e9 de la ligne de machines de fabrication de frites Taizy est de 50 kg\/h \u00e0 1000 kg\/h<\/li>    <li>Le flux de traitement des frites surgel\u00e9es peut \u00eatre personnalis\u00e9, des types semi-automatiques ou enti\u00e8rement automatiques sont disponibles<\/li>    <li>Structure enti\u00e8rement en acier inoxydable 304, durable et garantissant de bonnes performances<\/li>    <li>La hauteur, la longueur et la largeur des frites peuvent \u00eatre ajust\u00e9es<\/li>    <li>En rempla\u00e7ant certaines pi\u00e8ces de machine, cette ligne de production de frites peut \u00e9galement fabriquer des chips<\/li>    <li>Cette ligne de frites pr\u00e9sente les avantages d'une capacit\u00e9 \u00e9lev\u00e9e, d'un rendement important et d'un niveau d'automatisation \u00e9lev\u00e9.<\/li> <\/ol>    <h2 class=\"wp-block-heading\">Vid\u00e9o de travail de la ligne de production de frites surgel\u00e9es enti\u00e8rement automatique<\/h2>    <figure class=\"wp-block-embed is-type-video is-provider-youtube wp-block-embed-youtube wp-embed-aspect-16-9 wp-has-aspect-ratio\"><div class=\"wp-block-embed__wrapper\"> <iframe loading=\"lazy\" title=\"Ligne de production de frites surgel\u00e9es (500 kg\/h-1 000 kg\/h) | Usine de frites en continu en 2021\" width=\"500\" height=\"281\" src=\"https:\/\/www.youtube.com\/embed\/JTd9SlyCaQs?feature=oembed\" frameborder=\"0\" allow=\"accelerometer; autoplay; clipboard-write; encrypted-media; gyroscope; picture-in-picture; web-share\" referrerpolicy=\"strict-origin-when-cross-origin\" allowfullscreen><\/iframe> <\/div><\/figure>    <h2 class=\"wp-block-heading\">Quel est le processus de production des frites ?<\/h2>    <h3 class=\"wp-block-heading\">1. Machine \u00e0 laver et \u00e0 \u00e9plucher les pommes de terre (lavage et \u00e9pluchage des pommes de terre)<\/h3>    <p class=\"translation-block\">La premi\u00e8re \u00e9tape du traitement des pommes de terre consiste \u00e0 les nettoyer et \u00e0 les \u00e9plucher. La populaire <a href=\"https:\/\/topfoodmachine.com\/fr\/product\/fruit-and-vegetable-washing-machine\/\">machine \u00e0 nettoyer les pommes de terre automatique<\/a> est une machine \u00e0 laver de type brosse qui peut nettoyer et \u00e9plucher les pommes de terre rapidement et efficacement. Mettez les pommes de terre s\u00e9lectionn\u00e9es (avec environ 75 % d'humidit\u00e9) dans la chambre de lavage de cette machine, puis activez l'interrupteur d'injection d'eau. La brosse de lavage est fabriqu\u00e9e en mat\u00e9riau nylon de qualit\u00e9 alimentaire sp\u00e9cial, qui peut \u00e9liminer la salet\u00e9 et le sable de la surface des pommes de terre et enlever davantage la peau de la pomme de terre. Cette machine lave une p\u00e2te pendant 2 \u00e0 3 minutes environ 40 kg. Le taux d'\u00e9pluchage des pommes de terre peut atteindre environ 95 %, le taux de perte d'\u00e9pluchage des pommes de terre est inf\u00e9rieur \u00e0 3 %.<\/p>    <h3 class=\"wp-block-heading\">2. Machine \u00e0 trancher les pommes de terre<\/h3>    <p>La machine \u00e0 trancher les pommes de terre est une importante machine automatique de traitement des frites qui peut couper les pommes de terre en lani\u00e8res et en fines tranches. Pour faire des frites, on peut changer la lame de cette trancheuse \u00e0 pommes de terre pour r\u00e9aliser des lani\u00e8res de pommes de terre. La taille r\u00e9elle des lani\u00e8res de pommes de terre peut \u00eatre r\u00e9gl\u00e9e avant la d\u00e9coupe. Les pommes de terre pel\u00e9es sont plac\u00e9es \u00e0 l'entr\u00e9e de la machine puis les b\u00e2tonnets de pommes de terre sont confectionn\u00e9s sous ses lames rotatives internes \u00e0 grande vitesse. Les lani\u00e8res de pommes de terre finales sont de taille uniforme.<\/p>    <h3 class=\"wp-block-heading\">3. Machine \u00e0 blanchir les lani\u00e8res de pommes de terre<\/h3>    <p>La machine de blanchiment et de cuisson des pommes de terre est principalement utilis\u00e9e pour \u00e9liminer l'exc\u00e8s d'amidon de la surface des b\u00e2tonnets de pommes de terre et pr\u00e9venir l'oxydation et la d\u00e9coloration des b\u00e2tonnets de pommes de terre. Cette machine peut \u00eatre personnalis\u00e9e avec un mode de chauffage \u00e9lectrique et un mode de chauffage au gaz liqu\u00e9fi\u00e9 selon les exigences du client. Et cette ligne de traitement des frites peut \u00eatre con\u00e7ue en plusieurs caissons de traitement. Mettez les b\u00e2tonnets de pommes de terre frais dans la chambre de rin\u00e7age \u00e0 environ 90\u2103 pendant environ 0,5 \u00e0 1 minute, puis retirez le caisson de filtre int\u00e9rieur pour d\u00e9shydratation.<\/p>    <h3 class=\"wp-block-heading\">4. Machine de d\u00e9shydratation des lani\u00e8res de pommes de terre<\/h3>    <p>Avant la friture, ces lani\u00e8res de pommes de terre blanchies doivent \u00eatre d\u00e9shydrat\u00e9es. L\u2019objectif principal du processus de d\u00e9shydratation est d\u2019\u00e9liminer les gouttelettes d\u2019eau en exc\u00e8s de la surface des b\u00e2tonnets de pomme de terre pour l\u2019\u00e9tape de friture suivante. Cette machine de d\u00e9shydratation de pommes de terre dans la ligne de production de frites se compose d'un moteur et d'un tambour rotatif qui \u00e9limine l'eau pendant la rotation \u00e0 grande vitesse.<\/p>    <h3 class=\"wp-block-heading\">5. Machine \u00e0 frire des lani\u00e8res de pommes de terre<\/h3>    <p>La friteuse \u00e0 frites, \u00e9galement connue sous le nom de machine \u00e0 frire, peut principalement frire des frites ou des chips. La machine \u00e0 frire de notre usine peut avoir une vari\u00e9t\u00e9 de mod\u00e8les, principalement divis\u00e9s en type automatique de grande capacit\u00e9 et en petit type semi-automatique. Avant de faire frire des frites, l'huile de cuisson doit \u00eatre pr\u00e9chauff\u00e9e pour atteindre une temp\u00e9rature de friture d'environ 170 \u2103. Mettez ensuite les lani\u00e8res de pommes de terre d\u00e9shydrat\u00e9es dans la chambre de friture et faites-les frire pendant environ 1 \u00e0 2 minutes jusqu'\u00e0 ce qu'elles soient dor\u00e9es. Soulevez ensuite le cadre int\u00e9rieur pour le prochain processus d'\u00e9limination de l'huile.<\/p>    <h3 class=\"wp-block-heading\">6. Machine \u00e0 d\u00e9shuiler les frites<\/h3>    <p>La machine de d\u00e9shuilage des frites est un autre type important d'\u00e9quipement de fabrication de frites dans la cha\u00eene de production de frites, qui peut \u00e9liminer l'exc\u00e8s d'huile des frites. Cette machine adopte le principe de l'\u00e9limination de l'huile centrifuge \u00e0 grande vitesse avec une efficacit\u00e9 \u00e9lev\u00e9e. En fait, cette machine de d\u00e9graissage de frites a la polyvalence de d\u00e9shydratation et de d\u00e9graissage dans le processus de production de frites.<\/p>    <h3 class=\"wp-block-heading\">7. Machine \u00e0 aromatiser les frites<\/h3>    <p>Ce type de machine \u00e0 assaisonner les frites est \u00e9galement appel\u00e9 machine \u00e0 assaisonner. Il est largement utilis\u00e9 dans diverses lignes de transformation des aliments, telles que la ligne de transformation des chips, la ligne de transformation des frites, etc. C'est l'une des machines importantes des machines de transformation des frites. Cette machine d'assaisonnement est compos\u00e9e d'un m\u00e9langeur rotatif octogonal et d'un corps de ch\u00e2ssis. Lors de l'utilisation de cette assaisonneuse, les frites et divers assaisonnements sont mis dans le m\u00e9langeur rotatif. Ensuite, il est continuellement agit\u00e9 et mis en rotation par le m\u00e9langeur pendant environ 2 minutes. De d\u00e9licieuses frites seront enfin pr\u00e9par\u00e9es. Cette assaisonneuse est \u00e9galement disponible en diff\u00e9rents mod\u00e8les avec diff\u00e9rentes capacit\u00e9s de travail.<\/p>    <h3 class=\"wp-block-heading\">8. Machine d'emballage de frites<\/h3>    <p class=\"translation-block\">Pour l'emballage des frites, nous pouvons fournir diverses machines d'emballage telles que <a href=\"https:\/\/tianhuipackingmachine.com\/vacuum-packaging-machines\/\" target=\"_blank\" rel=\"noreferrer noopener\">machine d'emballage sous vide<\/a>, machine d'emballage \u00e0 pes\u00e9e multi-t\u00eates super efficace <a href=\"https:\/\/tianhuipackingmachine.com\/multi-head-weigher-packing-machine\/\" target=\"_blank\" rel=\"noopener\">machine d'emballage \u00e0 pes\u00e9e multi-t\u00eates<\/a>, et petite machine de remplissage et de scellage verticale. Ces machines d'emballage pour frites peuvent principalement diviser une grande quantit\u00e9 de frites ou de chips de mani\u00e8re quantitative en produits emball\u00e9s individuellement. De plus, les motifs et lettres d'emballage peuvent \u00eatre con\u00e7us en fonction des besoins r\u00e9els des clients.&nbsp;<\/p>","protected":false},"excerpt":{"rendered":"<p>French fries production line is designed to manufacture frozen french fries automatically and efficiently. With durable &amp; food-grade material, reasonable design, and wonderful structure, the french fries making line has good performance, high production efficiency, and is easy to operate. As a famous french fries making machine supplier, there are semi automatic french fries production [&hellip;]<\/p>\n","protected":false},"author":1,"featured_media":199,"parent":0,"template":"","tags":[13],"product-type":[4],"class_list":["post-197","product","type-product","status-publish","has-post-thumbnail","hentry","tag-frying-equipment","product-type-frying-equipment"],"_links":{"self":[{"href":"https:\/\/topfoodmachine.com\/fr\/wp-json\/wp\/v2\/product\/197","targetHints":{"allow":["GET"]}}],"collection":[{"href":"https:\/\/topfoodmachine.com\/fr\/wp-json\/wp\/v2\/product"}],"about":[{"href":"https:\/\/topfoodmachine.com\/fr\/wp-json\/wp\/v2\/types\/product"}],"author":[{"embeddable":true,"href":"https:\/\/topfoodmachine.com\/fr\/wp-json\/wp\/v2\/users\/1"}],"wp:featuredmedia":[{"embeddable":true,"href":"https:\/\/topfoodmachine.com\/fr\/wp-json\/wp\/v2\/media\/199"}],"wp:attachment":[{"href":"https:\/\/topfoodmachine.com\/fr\/wp-json\/wp\/v2\/media?parent=197"}],"wp:term":[{"taxonomy":"post_tag","embeddable":true,"href":"https:\/\/topfoodmachine.com\/fr\/wp-json\/wp\/v2\/tags?post=197"},{"taxonomy":"product-type","embeddable":true,"href":"https:\/\/topfoodmachine.com\/fr\/wp-json\/wp\/v2\/product-type?post=197"}],"curies":[{"name":"wp","href":"https:\/\/api.w.org\/{rel}","templated":true}]}}