{"id":1843,"date":"2025-03-06T16:50:34","date_gmt":"2025-03-06T08:50:34","guid":{"rendered":"https:\/\/topfoodmachine.com\/?post_type=product&#038;p=1843"},"modified":"2025-03-06T16:52:26","modified_gmt":"2025-03-06T08:52:26","slug":"grain-crusher-machine","status":"publish","type":"product","link":"https:\/\/topfoodmachine.com\/fr\/product\/grain-crusher-machine\/","title":{"rendered":"Machine \u00e0 broyer les grains"},"content":{"rendered":"<div class=\"kk-star-ratings kksr-auto kksr-align-left kksr-valign-top\"     data-payload='{&quot;align&quot;:&quot;left&quot;,&quot;id&quot;:&quot;1843&quot;,&quot;slug&quot;:&quot;default&quot;,&quot;valign&quot;:&quot;top&quot;,&quot;ignore&quot;:&quot;&quot;,&quot;reference&quot;:&quot;auto&quot;,&quot;class&quot;:&quot;&quot;,&quot;count&quot;:&quot;13&quot;,&quot;legendonly&quot;:&quot;&quot;,&quot;readonly&quot;:&quot;&quot;,&quot;score&quot;:&quot;4.9&quot;,&quot;starsonly&quot;:&quot;&quot;,&quot;best&quot;:&quot;5&quot;,&quot;gap&quot;:&quot;5&quot;,&quot;greet&quot;:&quot;Rate this product&quot;,&quot;legend&quot;:&quot;4.9\\\/5 - (13 votes)&quot;,&quot;size&quot;:&quot;24&quot;,&quot;title&quot;:&quot;Grain crusher machine&quot;,&quot;width&quot;:&quot;139.6&quot;,&quot;_legend&quot;:&quot;{score}\\\/{best} - ({count} {votes})&quot;,&quot;font_factor&quot;:&quot;1.25&quot;}'>              <div class=\"kksr-stars\">      <div class=\"kksr-stars-inactive\">             <div class=\"kksr-star\" data-star=\"1\" style=\"padding-right: 5px\">               <div class=\"kksr-icon\" style=\"width: 24px; height: 24px;\"><\/div>         <\/div>             <div class=\"kksr-star\" data-star=\"2\" style=\"padding-right: 5px\">               <div class=\"kksr-icon\" style=\"width: 24px; height: 24px;\"><\/div>         <\/div>             <div class=\"kksr-star\" data-star=\"3\" style=\"padding-right: 5px\">               <div class=\"kksr-icon\" style=\"width: 24px; height: 24px;\"><\/div>         <\/div>             <div class=\"kksr-star\" data-star=\"4\" style=\"padding-right: 5px\">               <div class=\"kksr-icon\" style=\"width: 24px; height: 24px;\"><\/div>         <\/div>             <div class=\"kksr-star\" data-star=\"5\" style=\"padding-right: 5px\">               <div class=\"kksr-icon\" style=\"width: 24px; height: 24px;\"><\/div>         <\/div>     <\/div>      <div class=\"kksr-stars-active\" style=\"width: 139.6px;\">             <div class=\"kksr-star\" style=\"padding-right: 5px\">               <div class=\"kksr-icon\" style=\"width: 24px; height: 24px;\"><\/div>         <\/div>             <div class=\"kksr-star\" style=\"padding-right: 5px\">               <div class=\"kksr-icon\" style=\"width: 24px; height: 24px;\"><\/div>         <\/div>             <div class=\"kksr-star\" style=\"padding-right: 5px\">               <div class=\"kksr-icon\" style=\"width: 24px; height: 24px;\"><\/div>         <\/div>             <div class=\"kksr-star\" style=\"padding-right: 5px\">               <div class=\"kksr-icon\" style=\"width: 24px; height: 24px;\"><\/div>         <\/div>             <div class=\"kksr-star\" style=\"padding-right: 5px\">               <div class=\"kksr-icon\" style=\"width: 24px; height: 24px;\"><\/div>         <\/div>     <\/div> <\/div>                   <div class=\"kksr-legend\" style=\"font-size: 19.2px;\">             4,9\/5 - (13 votes)    <\/div>     <\/div>  <p class=\"translation-block\">La <strong>machine \u00e0 broyer les grains<\/strong> peut traiter une large gamme de mati\u00e8res premi\u00e8res, y compris des mat\u00e9riaux chimiques, des grains, des herbes m\u00e9dicinales chinoises traditionnelles et des \u00e9pices (comme l'anis \u00e9toil\u00e9). Avec une plage de finesse r\u00e9glable de <strong>10-120 mesh<\/strong>, les utilisateurs peuvent atteindre la taille de particule souhait\u00e9e en rempla\u00e7ant simplement le tamis. <\/p>    <p class=\"translation-block\">La machine est disponible avec <strong>deux types de tr\u00e9mies : verticale et inclin\u00e9e<\/strong>, r\u00e9pondant \u00e0 diff\u00e9rents besoins d'alimentation. Construite en <strong>acier inoxydable 304 pour les parties en contact avec le mat\u00e9riau et en acier inoxydable 201 pour le cadre<\/strong>, ce broyeur garantit durabilit\u00e9, hygi\u00e8ne et conformit\u00e9 aux normes de s\u00e9curit\u00e9 alimentaire et pharmaceutique.<\/p>    <figure class=\"wp-block-image size-full\"><img loading=\"lazy\" decoding=\"async\" width=\"720\" height=\"540\" src=\"https:\/\/topfoodmachine.com\/wp-content\/uploads\/2025\/03\/Grain-crusher-machine-price.webp\" alt=\"Prix de la machine \u00e0 broyer les grains\" class=\"wp-image-1845\" srcset=\"https:\/\/topfoodmachine.com\/wp-content\/uploads\/2025\/03\/Grain-crusher-machine-price.webp 720w, https:\/\/topfoodmachine.com\/wp-content\/uploads\/2025\/03\/Grain-crusher-machine-price-300x225.webp 300w, https:\/\/topfoodmachine.com\/wp-content\/uploads\/2025\/03\/Grain-crusher-machine-price-16x12.webp 16w\" sizes=\"auto, (max-width: 720px) 100vw, 720px\" \/><figcaption class=\"wp-element-caption\">Prix de la machine \u00e0 broyer les grains<\/figcaption><\/figure>    <h2 class=\"wp-block-heading\">Broyeur \u00e0 poudre \u00e0 vendre<\/h2>    <p class=\"translation-block\">Notre <strong>machine \u00e0 broyer les grains<\/strong> est con\u00e7ue pour traiter une vari\u00e9t\u00e9 de mati\u00e8res premi\u00e8res avec des performances de broyage constantes. Contrairement \u00e0 certains concurrents, notre chambre de broyage garantit un <strong>traitement uniforme<\/strong> pour diff\u00e9rents mat\u00e9riaux sans n\u00e9cessiter d'ajustements.<\/p>    <div class=\"wp-block-media-text is-stacked-on-mobile\"><figure class=\"wp-block-media-text__media\"><img loading=\"lazy\" decoding=\"async\" width=\"720\" height=\"540\" src=\"https:\/\/topfoodmachine.com\/wp-content\/uploads\/2025\/03\/Grain-crusher-machine-supplier.webp\" alt=\"Fournisseur de machines \u00e0 broyer les grains\" class=\"wp-image-1846 size-full\" srcset=\"https:\/\/topfoodmachine.com\/wp-content\/uploads\/2025\/03\/Grain-crusher-machine-supplier.webp 720w, https:\/\/topfoodmachine.com\/wp-content\/uploads\/2025\/03\/Grain-crusher-machine-supplier-300x225.webp 300w, https:\/\/topfoodmachine.com\/wp-content\/uploads\/2025\/03\/Grain-crusher-machine-supplier-16x12.webp 16w\" sizes=\"auto, (max-width: 720px) 100vw, 720px\" \/><\/figure><div class=\"wp-block-media-text__content\"> <h3 class=\"wp-block-heading\">Principaux avantages du broyeur de ma\u00efs et de bl\u00e9<\/h3>    <ul class=\"wp-block-list\"> <li><strong class=\"\">Versatile material handling<\/strong>. The grinder is designed to handle four main types of raw materials, ensuring optimal performance for each. The grinding fineness can be adjusted from 10 to 120 mesh by simply changing the screen, making it suitable for various applications.<\/li>    <li><strong>Flexible delivery options<\/strong>. The machine is equipped with both vertical and inclined hoppers to suit different feeding needs, enhancing operational flexibility.<\/li> <\/ul> <\/div><\/div>    <div class=\"wp-block-media-text has-media-on-the-right is-stacked-on-mobile\"><div class=\"wp-block-media-text__content\"> <ul class=\"wp-block-list\"> <li><strong>Material quality<\/strong>. Constructed with 304 stainless steel for material contact parts and 201 stainless steel for other components, the grinder ensures durability and resistance to corrosion.<\/li>    <li><strong>Customizable motor options<\/strong>. While we offer standard motor configurations, we also provide customized motor options to meet specific operational requirements. Custom motor orders typically take seven days to complete, ensuring the perfect fit for your needs.<\/li>    <li><strong>Seamless integration<\/strong>. The grinder can be integrated with other equipment, such as our <a href=\"https:\/\/topfoodmachine.com\/fr\/products\/food-packaging-machine\/\" data-type=\"link\" data-id=\"https:\/\/topfoodmachine.com\/products\/food-packaging-machine\/\">machine d'emballage<\/a>, to create a smooth and efficient production line.<\/li> <\/ul> <\/div><figure class=\"wp-block-media-text__media\"><img loading=\"lazy\" decoding=\"async\" width=\"720\" height=\"540\" src=\"https:\/\/topfoodmachine.com\/wp-content\/uploads\/2025\/03\/powder-crusher-machine-with-single-dust-collector.webp\" alt=\"machine \u00e0 broyer les poudres avec collecteur de poussi\u00e8re unique\" class=\"wp-image-1854 size-full\" srcset=\"https:\/\/topfoodmachine.com\/wp-content\/uploads\/2025\/03\/powder-crusher-machine-with-single-dust-collector.webp 720w, https:\/\/topfoodmachine.com\/wp-content\/uploads\/2025\/03\/powder-crusher-machine-with-single-dust-collector-300x225.webp 300w, https:\/\/topfoodmachine.com\/wp-content\/uploads\/2025\/03\/powder-crusher-machine-with-single-dust-collector-16x12.webp 16w\" sizes=\"auto, (max-width: 720px) 100vw, 720px\" \/><\/figure><\/div>    <h3 class=\"wp-block-heading\">Mod\u00e8les populaires<\/h3>    <ol start=\"1\" class=\"wp-block-list\"> <li><strong>Grain crusher machine with single dust collector<\/strong><\/li>    <li><strong>machine \u00e0 broyer les grains avec collecteur de poussi\u00e8re \u00e0 sac cyclone<\/strong><\/li>    <li><strong>machine \u00e0 broyer les grains avec collecteur de poussi\u00e8re \u00e0 pulse<\/strong><\/li> <\/ol>    <p>Le broyeur \u00e0 poudre est un excellent choix pour les entreprises cherchant \u00e0 am\u00e9liorer leurs capacit\u00e9s de traitement tout en garantissant des r\u00e9sultats de haute qualit\u00e9. <\/p>    <p>Que vous ayez besoin de traiter des mat\u00e9riaux grossiers ou fins, notre broyeur offre la flexibilit\u00e9 et l'efficacit\u00e9 requises pour des performances optimales. Contactez-nous aujourd'hui pour en savoir plus sur notre broyeur \u00e0 poudre et comment il peut b\u00e9n\u00e9ficier \u00e0 votre entreprise.<\/p>    <figure class=\"wp-block-gallery has-nested-images columns-default is-cropped wp-block-gallery-2 is-layout-flex wp-block-gallery-is-layout-flex\"> <figure class=\"wp-block-image size-large\"><img loading=\"lazy\" decoding=\"async\" width=\"720\" height=\"540\" data-id=\"1847\" src=\"https:\/\/topfoodmachine.com\/wp-content\/uploads\/2025\/03\/Chinese-herbal-medicine.webp\" alt=\"M\u00e9decine traditionnelle chinoise\" class=\"wp-image-1847\" srcset=\"https:\/\/topfoodmachine.com\/wp-content\/uploads\/2025\/03\/Chinese-herbal-medicine.webp 720w, https:\/\/topfoodmachine.com\/wp-content\/uploads\/2025\/03\/Chinese-herbal-medicine-300x225.webp 300w, https:\/\/topfoodmachine.com\/wp-content\/uploads\/2025\/03\/Chinese-herbal-medicine-16x12.webp 16w\" sizes=\"auto, (max-width: 720px) 100vw, 720px\" \/><figcaption class=\"wp-element-caption\">M\u00e9decine traditionnelle chinoise<\/figcaption><\/figure>    <figure class=\"wp-block-image size-large\"><img loading=\"lazy\" decoding=\"async\" width=\"720\" height=\"540\" data-id=\"1848\" src=\"https:\/\/topfoodmachine.com\/wp-content\/uploads\/2025\/03\/grain.webp\" alt=\"grain\" class=\"wp-image-1848\" srcset=\"https:\/\/topfoodmachine.com\/wp-content\/uploads\/2025\/03\/grain.webp 720w, https:\/\/topfoodmachine.com\/wp-content\/uploads\/2025\/03\/grain-300x225.webp 300w, https:\/\/topfoodmachine.com\/wp-content\/uploads\/2025\/03\/grain-16x12.webp 16w\" sizes=\"auto, (max-width: 720px) 100vw, 720px\" \/><figcaption class=\"wp-element-caption\">grain<\/figcaption><\/figure> <\/figure>    <h2 class=\"wp-block-heading\">Model 1: <strong>Grain crusher machine with single dust collector<\/strong><\/h2>    <p class=\"translation-block\">Le <strong>broyeur de ma\u00efs et de bl\u00e9 avec collecteur de poussi\u00e8re unique<\/strong> est une <strong>solution de broyage pratique et efficace<\/strong> pour divers mat\u00e9riaux. Il dispose d'un <strong>sac de collecte de poussi\u00e8re mont\u00e9 en haut<\/strong>, capturant efficacement la fine poudre et r\u00e9duisant les particules en suspension pour un <strong>espace de travail plus propre<\/strong>.<\/p>    <div class=\"wp-block-media-text is-stacked-on-mobile\"><figure class=\"wp-block-media-text__media\"><img loading=\"lazy\" decoding=\"async\" width=\"720\" height=\"540\" src=\"https:\/\/topfoodmachine.com\/wp-content\/uploads\/2025\/03\/chili-crusher-machine-with-single-dust-collector.webp\" alt=\"machine \u00e0 broyer les piments avec collecteur de poussi\u00e8re unique\" class=\"wp-image-1849 size-full\" srcset=\"https:\/\/topfoodmachine.com\/wp-content\/uploads\/2025\/03\/chili-crusher-machine-with-single-dust-collector.webp 720w, https:\/\/topfoodmachine.com\/wp-content\/uploads\/2025\/03\/chili-crusher-machine-with-single-dust-collector-300x225.webp 300w, https:\/\/topfoodmachine.com\/wp-content\/uploads\/2025\/03\/chili-crusher-machine-with-single-dust-collector-16x12.webp 16w\" sizes=\"auto, (max-width: 720px) 100vw, 720px\" \/><\/figure><div class=\"wp-block-media-text__content\"> <ul class=\"wp-block-list\"> <li><strong>Efficient dust collection<\/strong>. The upper dust bag ensures dust is collected directly, minimizing waste and improving air quality.<\/li>    <li><strong>Optimized discharge design<\/strong>. Processed materials are discharged smoothly from the bottom, ensuring continuous operation.<\/li>    <li><strong>Powerful airflow support<\/strong>. Equipped with a <strong>1.5kW standard small fan<\/strong>, the system enhances material flow and dust removal efficiency.<\/li>    <li><strong>Durable stainless steel construction<\/strong>. Ensures hygiene, corrosion resistance, and long service life.<\/li> <\/ul> <\/div><\/div>    <p class=\"translation-block\">Ce mod\u00e8le est id\u00e9al pour les industries n\u00e9cessitant un <strong>contr\u00f4le mod\u00e9r\u00e9 de la poussi\u00e8re<\/strong>, telles que le <strong>traitement des \u00e9pices, des grains et des poudres chimiques<\/strong>.<\/p>    <h2 class=\"wp-block-heading\">Model 2: <strong>machine \u00e0 broyer les grains avec collecteur de poussi\u00e8re \u00e0 sac cyclone<\/strong><\/h2>    <p class=\"translation-block\">Le <strong>broyeur de poudre avec collecteur de poussi\u00e8re \u00e0 sac cyclone<\/strong> est con\u00e7u pour un <strong>contr\u00f4le efficace de la poussi\u00e8re et une s\u00e9paration des mat\u00e9riaux<\/strong>, ce qui le rend id\u00e9al pour les industries qui n\u00e9cessitent un <strong>processus de broyage propre et pr\u00e9cis<\/strong>.<\/p>    <div class=\"wp-block-media-text has-media-on-the-right is-stacked-on-mobile\"><div class=\"wp-block-media-text__content\"> <ul class=\"wp-block-list\"> <li><strong>High-efficiency cyclone dust removal<\/strong>. With a <strong>90% dust collection efficiency<\/strong>, this system ensures that <strong>materials fall while gases are extracted<\/strong>, maintaining a dust-free working environment.<\/li>    <li><strong>Customizable cyclone sizes<\/strong>. Different materials require different cyclone diameters, with standard options of <strong>380mm, 500mm, 600mm, and 750mm<\/strong>. <strong>Larger cyclones enhance dust separation<\/strong>, especially for fine powders.<\/li> <\/ul> <\/div><figure class=\"wp-block-media-text__media\"><img loading=\"lazy\" decoding=\"async\" width=\"720\" height=\"540\" src=\"https:\/\/topfoodmachine.com\/wp-content\/uploads\/2025\/03\/Grain-crusher-machine-with-cyclone-bag-dust-collector-business.webp\" alt=\"machine \u00e0 broyer les grains avec collecteur de poussi\u00e8re \u00e0 sac cyclone entreprise\" class=\"wp-image-1850 size-full\" srcset=\"https:\/\/topfoodmachine.com\/wp-content\/uploads\/2025\/03\/Grain-crusher-machine-with-cyclone-bag-dust-collector-business.webp 720w, https:\/\/topfoodmachine.com\/wp-content\/uploads\/2025\/03\/Grain-crusher-machine-with-cyclone-bag-dust-collector-business-300x225.webp 300w, https:\/\/topfoodmachine.com\/wp-content\/uploads\/2025\/03\/Grain-crusher-machine-with-cyclone-bag-dust-collector-business-16x12.webp 16w\" sizes=\"auto, (max-width: 720px) 100vw, 720px\" \/><\/figure><\/div>    <div class=\"wp-block-media-text is-stacked-on-mobile\"><figure class=\"wp-block-media-text__media\"><img loading=\"lazy\" decoding=\"async\" width=\"720\" height=\"540\" src=\"https:\/\/topfoodmachine.com\/wp-content\/uploads\/2025\/03\/Grain-crusher-machine-with-cyclone-bag-dust-collector.webp\" alt=\"machine \u00e0 broyer les grains avec collecteur de poussi\u00e8re \u00e0 sac cyclone\" class=\"wp-image-1851 size-full\" srcset=\"https:\/\/topfoodmachine.com\/wp-content\/uploads\/2025\/03\/Grain-crusher-machine-with-cyclone-bag-dust-collector.webp 720w, https:\/\/topfoodmachine.com\/wp-content\/uploads\/2025\/03\/Grain-crusher-machine-with-cyclone-bag-dust-collector-300x225.webp 300w, https:\/\/topfoodmachine.com\/wp-content\/uploads\/2025\/03\/Grain-crusher-machine-with-cyclone-bag-dust-collector-16x12.webp 16w\" sizes=\"auto, (max-width: 720px) 100vw, 720px\" \/><\/figure><div class=\"wp-block-media-text__content\"> <ul class=\"wp-block-list\"> <li><strong>Airlock valve for heavy material separation<\/strong>. Equipped with <strong>4.6L, 5L, 6L, or 7L airlock valves<\/strong>, which allow <strong>denser materials to drop while fine dust and air are extracted<\/strong> through the negative pressure fan.<\/li>    <li><strong>Powerful negative pressure fan<\/strong>. The system is supported by a <strong>negative pressure fan<\/strong> with power options of <strong>3kW, 4kW, 5.5kW, 7.5kW, and 11kW<\/strong>, ensuring <strong>strong airflow for effective dust collection<\/strong>.<\/li>    <li><strong>Syst\u00e8me de collecte de poussi\u00e8re par sac<\/strong>. La fine poussi\u00e8re est collect\u00e9e s\u00e9par\u00e9ment dans <strong>des sacs \u00e0 poussi\u00e8re<\/strong>, emp\u00eachant la perte de mat\u00e9riel et maintenant l'espace de travail propre.<\/li> <\/ul> <\/div><\/div>    <p class=\"translation-block\">Ce mod\u00e8le est <strong>id\u00e9al pour le broyage de poudres fines<\/strong> dans des industries telles que le <strong>traitement des aliments, des produits pharmaceutiques et des produits chimiques<\/strong>, o\u00f9 <strong>la pr\u00e9cision et le contr\u00f4le de la poussi\u00e8re<\/strong> sont essentiels.<\/p>    <h2 class=\"wp-block-heading\">Mod\u00e8le 3 : <strong>machine \u00e0 broyer les grains avec collecteur de poussi\u00e8re \u00e0 pulse<\/strong><\/h2>    <p class=\"translation-block\">La <strong>machine \u00e0 broyer les grains avec collecteur de poussi\u00e8re \u00e0 impulsion<\/strong> est une solution de broyage haute performance con\u00e7ue pour <strong>le traitement de poudres ultra-fines avec une filtration de poussi\u00e8re sup\u00e9rieure<\/strong>. Dot\u00e9e d'un <strong>syst\u00e8me avanc\u00e9 d'\u00e9limination de la poussi\u00e8re \u00e0 impulsion<\/strong>, ce mod\u00e8le garantit un <strong>environnement de travail propre, efficace et respectueux de l'environnement<\/strong>.<\/p>    <div class=\"wp-block-media-text has-media-on-the-right is-stacked-on-mobile\"><div class=\"wp-block-media-text__content\"> <ul class=\"wp-block-list\"> <li><strong>filtration de poussi\u00e8re \u00e0 99 % d'efficacit\u00e9 \u00e9lev\u00e9e<\/strong>. Le <strong>Le collecteur de poussi\u00e8re \u00e0 impulsion \u00e9limine efficacement 99 % des particules en suspension dans l'air.<\/strong>, ce qui le rend id\u00e9al pour <strong>moulinage de poudre fine<\/strong> dans des industries telles que <strong>produits chimiques, pharmaceutiques et transformation des aliments<\/strong>.<\/li>    <li><strong>Plusieurs vannes \u00e0 impulsion pour un nettoyage am\u00e9lior\u00e9<\/strong>. Disponible avec <strong>12, 24, 30, 36 ou 48 vannes \u00e0 impulsion<\/strong>, offrant une puissance d'\u00e9limination de la poussi\u00e8re \u00e9lev\u00e9e. <strong>Des configurations plus grandes sont recommand\u00e9es pour les mat\u00e9riaux plus lourds.<\/strong> et des poudres chimiques fines.<\/li>    <li><strong>Sacs filtrants en polyester durables, aiguillet\u00e9s.<\/strong>. Fabriqu\u00e9 \u00e0 partir de <strong>tissu en polyester de haute qualit\u00e9.<\/strong>, les sacs filtrants sont efficaces <strong>pour capturer les particules de poussi\u00e8re aussi fines que 200 mesh<\/strong>, emp\u00eachant la contamination de l'air.<\/li> <\/ul> <\/div><figure class=\"wp-block-media-text__media\"><img loading=\"lazy\" decoding=\"async\" width=\"720\" height=\"540\" src=\"https:\/\/topfoodmachine.com\/wp-content\/uploads\/2025\/03\/industrial-Grain-crusher-machine-with-pulse-dust-collector.webp\" alt=\"machine industrielle \u00e0 broyer les grains avec collecteur de poussi\u00e8re \u00e0 pulse\" class=\"wp-image-1852 size-full\" srcset=\"https:\/\/topfoodmachine.com\/wp-content\/uploads\/2025\/03\/industrial-Grain-crusher-machine-with-pulse-dust-collector.webp 720w, https:\/\/topfoodmachine.com\/wp-content\/uploads\/2025\/03\/industrial-Grain-crusher-machine-with-pulse-dust-collector-300x225.webp 300w, https:\/\/topfoodmachine.com\/wp-content\/uploads\/2025\/03\/industrial-Grain-crusher-machine-with-pulse-dust-collector-16x12.webp 16w\" sizes=\"auto, (max-width: 720px) 100vw, 720px\" \/><\/figure><\/div>    <div class=\"wp-block-media-text is-stacked-on-mobile\"><figure class=\"wp-block-media-text__media\"><img loading=\"lazy\" decoding=\"async\" width=\"720\" height=\"540\" src=\"https:\/\/topfoodmachine.com\/wp-content\/uploads\/2025\/03\/Grain-crusher-machine-with-pulse-dust-collector.webp\" alt=\"machine \u00e0 broyer les grains avec collecteur de poussi\u00e8re \u00e0 pulse\" class=\"wp-image-1853 size-full\" srcset=\"https:\/\/topfoodmachine.com\/wp-content\/uploads\/2025\/03\/Grain-crusher-machine-with-pulse-dust-collector.webp 720w, https:\/\/topfoodmachine.com\/wp-content\/uploads\/2025\/03\/Grain-crusher-machine-with-pulse-dust-collector-300x225.webp 300w, https:\/\/topfoodmachine.com\/wp-content\/uploads\/2025\/03\/Grain-crusher-machine-with-pulse-dust-collector-16x12.webp 16w\" sizes=\"auto, (max-width: 720px) 100vw, 720px\" \/><\/figure><div class=\"wp-block-media-text__content\"> <ul class=\"wp-block-list\"> <li><strong>Syst\u00e8me de nettoyage \u00e0 air haute pression<\/strong>. <strong>L'air comprim\u00e9 est inject\u00e9 dans le collecteur de poussi\u00e8re.<\/strong>, garantissant un nettoyage complet des filtres et un fonctionnement ininterrompu.<\/li>    <li><strong>Int\u00e9gration du compresseur d'air<\/strong>. Le <strong>Le syst\u00e8me \u00e0 impulsion n\u00e9cessite un compresseur d'air (capacit\u00e9 minimale de 60L).<\/strong>, qui se connecte directement \u00e0 l'unit\u00e9 \u00e0 impulsion. Une fois sous tension, le <strong>la vanne sol\u00e9no\u00efde s'ouvre automatiquement<\/strong>, permettant <strong>\u00e0 l'air comprim\u00e9 d'entrer dans le syst\u00e8me<\/strong> et de nettoyer efficacement les filtres.<\/li> <\/ul> <\/div><\/div>    <p class=\"translation-block\">Ce mod\u00e8le est id\u00e9al pour des <strong>applications de broyage de haute pr\u00e9cision<\/strong>, notamment lors du traitement de <strong>poudres ultra-fines<\/strong> et de mat\u00e9riaux g\u00e9n\u00e9rant beaucoup de poussi\u00e8re.<\/p>    <h2 class=\"wp-block-heading\">Conclusion<\/h2>    <p class=\"translation-block\">Pour les clients ayant besoin de <strong>broyage \u00e0 plus petite \u00e9chelle<\/strong>, nous proposons \u00e9galement des <strong><a href=\"https:\/\/topfoodmachine.com\/fr\/product\/stainless-steel-crusher\/\" data-type=\"link\" data-id=\"https:\/\/topfoodmachine.com\/product\/stainless-steel-crusher\/\">machines \u00e0 broyer en poudre compactes<\/a><\/strong> qui offrent un broyage efficace dans un design plus compact. <\/p>    <p class=\"translation-block\">De plus, pour <strong>un m\u00e9lange uniforme de poudres<\/strong>, notre <strong><a href=\"https:\/\/topfoodmachine.com\/fr\/product\/powder-blender-machine\/\" data-type=\"link\" data-id=\"https:\/\/topfoodmachine.com\/product\/powder-blender-machine\/\">machine \u00e0 m\u00e9langer les poudres<\/a><\/strong> peut \u00eatre associ\u00e9e sans effort au <a href=\"https:\/\/en.wikipedia.org\/wiki\/Crusher\" data-type=\"link\" data-id=\"https:\/\/en.wikipedia.org\/wiki\/Crusher\" target=\"_blank\" rel=\"noopener\">broyeur<\/a> de grains, ce qui en fait une <strong>solution id\u00e9ale pour des lignes de traitement de poudre compl\u00e8tes<\/strong>. Contactez-nous pour trouver la meilleure machine pour vos besoins !<\/p>","protected":false},"excerpt":{"rendered":"<p>La machine \u00e0 broyer les grains peut traiter une large gamme de mati\u00e8res premi\u00e8res, y compris des mat\u00e9riaux chimiques, des grains, des herbes m\u00e9dicinales chinoises traditionnelles et des \u00e9pices (comme l'anis \u00e9toil\u00e9).<\/p>","protected":false},"author":1,"featured_media":1844,"parent":0,"template":"","tags":[112],"product-type":[5],"class_list":["post-1843","product","type-product","status-publish","has-post-thumbnail","hentry","tag-grain-crusher-machine","product-type-nuts-processing-machine"],"_links":{"self":[{"href":"https:\/\/topfoodmachine.com\/fr\/wp-json\/wp\/v2\/product\/1843","targetHints":{"allow":["GET"]}}],"collection":[{"href":"https:\/\/topfoodmachine.com\/fr\/wp-json\/wp\/v2\/product"}],"about":[{"href":"https:\/\/topfoodmachine.com\/fr\/wp-json\/wp\/v2\/types\/product"}],"author":[{"embeddable":true,"href":"https:\/\/topfoodmachine.com\/fr\/wp-json\/wp\/v2\/users\/1"}],"wp:featuredmedia":[{"embeddable":true,"href":"https:\/\/topfoodmachine.com\/fr\/wp-json\/wp\/v2\/media\/1844"}],"wp:attachment":[{"href":"https:\/\/topfoodmachine.com\/fr\/wp-json\/wp\/v2\/media?parent=1843"}],"wp:term":[{"taxonomy":"post_tag","embeddable":true,"href":"https:\/\/topfoodmachine.com\/fr\/wp-json\/wp\/v2\/tags?post=1843"},{"taxonomy":"product-type","embeddable":true,"href":"https:\/\/topfoodmachine.com\/fr\/wp-json\/wp\/v2\/product-type?post=1843"}],"curies":[{"name":"wp","href":"https:\/\/api.w.org\/{rel}","templated":true}]}}