{"id":1823,"date":"2025-03-05T17:53:31","date_gmt":"2025-03-05T09:53:31","guid":{"rendered":"https:\/\/topfoodmachine.com\/?post_type=product&#038;p=1823"},"modified":"2025-03-06T11:29:00","modified_gmt":"2025-03-06T03:29:00","slug":"powder-blender-machine","status":"publish","type":"product","link":"https:\/\/topfoodmachine.com\/fr\/product\/powder-blender-machine\/","title":{"rendered":"machine \u00e0 m\u00e9langer les poudres"},"content":{"rendered":"<div class=\"kk-star-ratings kksr-auto kksr-align-left kksr-valign-top\"     data-payload='{&quot;align&quot;:&quot;left&quot;,&quot;id&quot;:&quot;1823&quot;,&quot;slug&quot;:&quot;default&quot;,&quot;valign&quot;:&quot;top&quot;,&quot;ignore&quot;:&quot;&quot;,&quot;reference&quot;:&quot;auto&quot;,&quot;class&quot;:&quot;&quot;,&quot;count&quot;:&quot;8&quot;,&quot;legendonly&quot;:&quot;&quot;,&quot;readonly&quot;:&quot;&quot;,&quot;score&quot;:&quot;4.7&quot;,&quot;starsonly&quot;:&quot;&quot;,&quot;best&quot;:&quot;5&quot;,&quot;gap&quot;:&quot;5&quot;,&quot;greet&quot;:&quot;Rate this product&quot;,&quot;legend&quot;:&quot;4.7\\\/5 - (8 votes)&quot;,&quot;size&quot;:&quot;24&quot;,&quot;title&quot;:&quot;Powder blender machine&quot;,&quot;width&quot;:&quot;133.8&quot;,&quot;_legend&quot;:&quot;{score}\\\/{best} - ({count} {votes})&quot;,&quot;font_factor&quot;:&quot;1.25&quot;}'>              <div class=\"kksr-stars\">      <div class=\"kksr-stars-inactive\">             <div class=\"kksr-star\" data-star=\"1\" style=\"padding-right: 5px\">               <div class=\"kksr-icon\" style=\"width: 24px; height: 24px;\"><\/div>         <\/div>             <div class=\"kksr-star\" data-star=\"2\" style=\"padding-right: 5px\">               <div class=\"kksr-icon\" style=\"width: 24px; height: 24px;\"><\/div>         <\/div>             <div class=\"kksr-star\" data-star=\"3\" style=\"padding-right: 5px\">               <div class=\"kksr-icon\" style=\"width: 24px; height: 24px;\"><\/div>         <\/div>             <div class=\"kksr-star\" data-star=\"4\" style=\"padding-right: 5px\">               <div class=\"kksr-icon\" style=\"width: 24px; height: 24px;\"><\/div>         <\/div>             <div class=\"kksr-star\" data-star=\"5\" style=\"padding-right: 5px\">               <div class=\"kksr-icon\" style=\"width: 24px; height: 24px;\"><\/div>         <\/div>     <\/div>      <div class=\"kksr-stars-active\" style=\"width: 133.8px;\">             <div class=\"kksr-star\" style=\"padding-right: 5px\">               <div class=\"kksr-icon\" style=\"width: 24px; height: 24px;\"><\/div>         <\/div>             <div class=\"kksr-star\" style=\"padding-right: 5px\">               <div class=\"kksr-icon\" style=\"width: 24px; height: 24px;\"><\/div>         <\/div>             <div class=\"kksr-star\" style=\"padding-right: 5px\">               <div class=\"kksr-icon\" style=\"width: 24px; height: 24px;\"><\/div>         <\/div>             <div class=\"kksr-star\" style=\"padding-right: 5px\">               <div class=\"kksr-icon\" style=\"width: 24px; height: 24px;\"><\/div>         <\/div>             <div class=\"kksr-star\" style=\"padding-right: 5px\">               <div class=\"kksr-icon\" style=\"width: 24px; height: 24px;\"><\/div>         <\/div>     <\/div> <\/div>                   <div class=\"kksr-legend\" style=\"font-size: 19.2px;\">             4,7\/5 - (8 votes)    <\/div>     <\/div>  <p>La machine \u00e0 m\u00e9langer en poudre est con\u00e7ue pour un m\u00e9lange efficace et uniforme, disponible en configurations en forme de U et de tambour. Elle est largement utilis\u00e9e pour m\u00e9langer des poudres d'assaisonnement, des poudres de th\u00e9 au lait, des poudres de caf\u00e9 et d'autres mat\u00e9riaux fins. Avec une vitesse de m\u00e9lange r\u00e9glable, elle assure un contr\u00f4le pr\u00e9cis de la consistance du m\u00e9lange. <\/p>    <p>La machine est construite avec de l'acier inoxydable 304 pour les parties en contact avec le mat\u00e9riau et de l'acier inoxydable 201 pour le cadre, garantissant durabilit\u00e9 et hygi\u00e8ne. Offrant une plage de capacit\u00e9 de 60L \u00e0 490L, notre m\u00e9langeur en poudre a \u00e9t\u00e9 export\u00e9 avec succ\u00e8s en Australie, aux \u00c9tats-Unis et au P\u00e9rou, prouvant sa fiabilit\u00e9 dans diverses industries.<\/p>    <figure class=\"wp-block-embed is-type-video is-provider-youtube wp-block-embed-youtube wp-embed-aspect-16-9 wp-has-aspect-ratio\"><div class=\"wp-block-embed__wrapper\"> <iframe loading=\"lazy\" title=\"Comment une machine \u00e0 m\u00e9langer en poudre garantit un m\u00e9lange parfait \u00e0 chaque fois #poudre #m\u00e9langeur\" width=\"500\" height=\"281\" src=\"https:\/\/www.youtube.com\/embed\/sQYe7Nb5xys?feature=oembed\" frameborder=\"0\" allow=\"accelerometer; autoplay; clipboard-write; encrypted-media; gyroscope; picture-in-picture; web-share\" referrerpolicy=\"strict-origin-when-cross-origin\" allowfullscreen><\/iframe> <\/div><figcaption class=\"wp-element-caption\">vid\u00e9o de fonctionnement de la machine de m\u00e9lange en poudre<\/figcaption><\/figure>    <h2 class=\"wp-block-heading\">Comment choisir la machine \u00e0 m\u00e9langer les poudres appropri\u00e9e ?<\/h2>    <p>Lors du choix d'une machine \u00e0 m\u00e9langer en poudre, le choix entre un m\u00e9langeur en forme de U et un m\u00e9langeur \u00e0 tambour d\u00e9pend de plusieurs facteurs, y compris la finesse de la poudre, la capacit\u00e9 de production et les exigences d'emballage de transport.<\/p>    <figure class=\"wp-block-image size-full\"><img loading=\"lazy\" decoding=\"async\" width=\"720\" height=\"540\" src=\"https:\/\/topfoodmachine.com\/wp-content\/uploads\/2025\/03\/Powder-blender-machine-price.webp\" alt=\"prix de la machine \u00e0 m\u00e9langer en poudre\" class=\"wp-image-1839\" srcset=\"https:\/\/topfoodmachine.com\/wp-content\/uploads\/2025\/03\/Powder-blender-machine-price.webp 720w, https:\/\/topfoodmachine.com\/wp-content\/uploads\/2025\/03\/Powder-blender-machine-price-300x225.webp 300w, https:\/\/topfoodmachine.com\/wp-content\/uploads\/2025\/03\/Powder-blender-machine-price-16x12.webp 16w\" sizes=\"auto, (max-width: 720px) 100vw, 720px\" \/><figcaption class=\"wp-element-caption\">prix de la machine \u00e0 m\u00e9langer en poudre<\/figcaption><\/figure>    <h3 class=\"wp-block-heading\">1. Finesse de la poudre<\/h3>    <ul class=\"wp-block-list\"> <li><strong>Mixeur \u00e0 U-trough<\/strong>. Id\u00e9al pour les mat\u00e9riaux n\u00e9cessitant un degr\u00e9 de finesse plus \u00e9lev\u00e9. La conception en U permet un m\u00e9lange plus intensif, ce qui le rend adapt\u00e9 aux poudres fines telles que les \u00e9pices, la poudre de th\u00e9 et la poudre de caf\u00e9. Le m\u00e9langeur en U garantit un m\u00e9lange homog\u00e8ne avec une variation minimale de la taille des particules.<\/li>    <li><strong>Mixeur \u00e0 tambour<\/strong>. Convient aux mat\u00e9riaux qui ne n\u00e9cessitent pas un m\u00e9lange extr\u00eamement fin. Le m\u00e9langeur \u00e0 tambour fournit une action de m\u00e9lange douce, ce qui le rend id\u00e9al pour les poudres moins sensibles \u00e0 la taille des particules, telles que certains types d'aliments pour animaux ou de mat\u00e9riaux industriels.<\/li> <\/ul>    <figure class=\"wp-block-image size-full\"><img loading=\"lazy\" decoding=\"async\" width=\"720\" height=\"540\" src=\"https:\/\/topfoodmachine.com\/wp-content\/uploads\/2025\/03\/chili-blender.webp\" alt=\"m\u00e9langeur de piment\" class=\"wp-image-1826\" srcset=\"https:\/\/topfoodmachine.com\/wp-content\/uploads\/2025\/03\/chili-blender.webp 720w, https:\/\/topfoodmachine.com\/wp-content\/uploads\/2025\/03\/chili-blender-300x225.webp 300w, https:\/\/topfoodmachine.com\/wp-content\/uploads\/2025\/03\/chili-blender-16x12.webp 16w\" sizes=\"auto, (max-width: 720px) 100vw, 720px\" \/><figcaption class=\"wp-element-caption\">m\u00e9langeur de piment<\/figcaption><\/figure>    <h3 class=\"wp-block-heading\">2. Capacit\u00e9 de production<\/h3>    <ul class=\"wp-block-list\"> <li><strong>Mixeur \u00e0 U-trough<\/strong>. Disponible en plus grandes capacit\u00e9s, le plus petit mod\u00e8le capable de traiter 100 kg par lot. Les m\u00e9langeurs en U sont adapt\u00e9s \u00e0 la production de moyenne \u00e0 grande \u00e9chelle, avec des capacit\u00e9s allant de 100 kg \u00e0 1000 kg.<\/li>    <li><strong>Mixeur \u00e0 tambour<\/strong>. Typically has a smaller capacity range, suitable for small to medium-scale production. Drum mixers can handle batches ranging from 2kg to 300kg, making them ideal for operations that require flexibility in batch sizes.<\/li> <\/ul>    <figure class=\"wp-block-image size-full\"><img loading=\"lazy\" decoding=\"async\" width=\"720\" height=\"540\" src=\"https:\/\/topfoodmachine.com\/wp-content\/uploads\/2025\/03\/Powder-blender-machine-supplier.webp\" alt=\"fournisseur de machine \u00e0 m\u00e9langer en poudre\" class=\"wp-image-1838\" srcset=\"https:\/\/topfoodmachine.com\/wp-content\/uploads\/2025\/03\/Powder-blender-machine-supplier.webp 720w, https:\/\/topfoodmachine.com\/wp-content\/uploads\/2025\/03\/Powder-blender-machine-supplier-300x225.webp 300w, https:\/\/topfoodmachine.com\/wp-content\/uploads\/2025\/03\/Powder-blender-machine-supplier-16x12.webp 16w\" sizes=\"auto, (max-width: 720px) 100vw, 720px\" \/><figcaption class=\"wp-element-caption\">fournisseur de machine \u00e0 m\u00e9langer en poudre<\/figcaption><\/figure>    <h3 class=\"wp-block-heading\">3. Transport et emballage<\/h3>    <ul class=\"wp-block-list\"> <li><strong>Mixeur \u00e0 U-trough<\/strong>. La conception en U permet un nettoyage et un entretien plus faciles, ce qui est b\u00e9n\u00e9fique pour les op\u00e9rations n\u00e9cessitant des changements fr\u00e9quents de mat\u00e9riaux d'emballage. La conception du m\u00e9langeur garantit \u00e9galement un minimum de r\u00e9sidus, ce qui facilite l'emballage du produit final.<\/li>    <li><strong>Mixeur \u00e0 tambour<\/strong>. La conception compacte du m\u00e9langeur \u00e0 tambour facilite le transport et l'installation dans divers endroits. Cela est particuli\u00e8rement utile pour les op\u00e9rations n\u00e9cessitant des solutions de m\u00e9lange mobiles ou ayant des contraintes d'espace.<\/li> <\/ul>    <figure class=\"wp-block-image size-full\"><img loading=\"lazy\" decoding=\"async\" width=\"720\" height=\"540\" src=\"https:\/\/topfoodmachine.com\/wp-content\/uploads\/2025\/03\/coffee-mixing-machine.webp\" alt=\"machine de m\u00e9lange de caf\u00e9\" class=\"wp-image-1827\" srcset=\"https:\/\/topfoodmachine.com\/wp-content\/uploads\/2025\/03\/coffee-mixing-machine.webp 720w, https:\/\/topfoodmachine.com\/wp-content\/uploads\/2025\/03\/coffee-mixing-machine-300x225.webp 300w, https:\/\/topfoodmachine.com\/wp-content\/uploads\/2025\/03\/coffee-mixing-machine-16x12.webp 16w\" sizes=\"auto, (max-width: 720px) 100vw, 720px\" \/><figcaption class=\"wp-element-caption\">machine de m\u00e9lange de caf\u00e9<\/figcaption><\/figure>    <h3 class=\"wp-block-heading\">Consid\u00e9rations sp\u00e9ciales<\/h3>    <ul class=\"wp-block-list\"> <li><strong>Mixeur \u00e0 U-trough<\/strong>. Recommand\u00e9 pour les applications o\u00f9 la finesse et l'homog\u00e9n\u00e9it\u00e9 de la poudre sont critiques, comme dans les industries alimentaire et pharmaceutique. La capacit\u00e9 du m\u00e9langeur en U \u00e0 g\u00e9rer des lots plus importants le rend \u00e9galement adapt\u00e9 \u00e0 la production \u00e0 volume \u00e9lev\u00e9.<\/li>    <li><strong>Mixeur \u00e0 tambour<\/strong>. Id\u00e9al pour les op\u00e9rations n\u00e9cessitant un m\u00e9lange doux et ayant des besoins de capacit\u00e9 inf\u00e9rieurs. La simplicit\u00e9 et la facilit\u00e9 d'utilisation du m\u00e9langeur \u00e0 tambour en font une solution \u00e9conomique pour la production \u00e0 petite et moyenne \u00e9chelle.<\/li> <\/ul>    <figure class=\"wp-block-image size-full\"><img loading=\"lazy\" decoding=\"async\" width=\"720\" height=\"540\" src=\"https:\/\/topfoodmachine.com\/wp-content\/uploads\/2025\/03\/exported-Powder-blender-machine.webp\" alt=\"machine \u00e0 m\u00e9langer en poudre export\u00e9e\" class=\"wp-image-1829\" srcset=\"https:\/\/topfoodmachine.com\/wp-content\/uploads\/2025\/03\/exported-Powder-blender-machine.webp 720w, https:\/\/topfoodmachine.com\/wp-content\/uploads\/2025\/03\/exported-Powder-blender-machine-300x225.webp 300w, https:\/\/topfoodmachine.com\/wp-content\/uploads\/2025\/03\/exported-Powder-blender-machine-16x12.webp 16w\" sizes=\"auto, (max-width: 720px) 100vw, 720px\" \/><figcaption class=\"wp-element-caption\">machine \u00e0 m\u00e9langer en poudre export\u00e9e<\/figcaption><\/figure>    <p>Lors du choix entre un m\u00e9langeur en forme de U et un m\u00e9langeur \u00e0 tambour pour votre machine \u00e0 m\u00e9langer en poudre, consid\u00e9rez les exigences sp\u00e9cifiques de votre application, y compris la finesse d\u00e9sir\u00e9e de la poudre, la capacit\u00e9 de production et les besoins de transport. <\/p>    <p>Pour une production \u00e0 volume \u00e9lev\u00e9 et des exigences de poudre fine, le m\u00e9langeur en forme de U est le choix recommand\u00e9. Pour des lots plus petits et des besoins de m\u00e9lange doux, le m\u00e9langeur \u00e0 tambour est une excellente option.<\/p>    <h2 class=\"wp-block-heading\">Param\u00e8tres de la machine \u00e0 m\u00e9langer les poudres \u00e0 tambour<\/h2>    <figure class=\"wp-block-table\"><table class=\"has-fixed-layout\"><tbody><tr><td>Mod\u00e8le<\/td><td>Taille externe (mm)<\/td><td>Taille du tambour (mm)<\/td><td>Capacit\u00e9 (L)<\/td><td>Alimentation \u00e9lectrique<\/td><td>Taille du port de d\u00e9charge<\/td><td>Vitesse du tambour (tr\/min)<\/td><td>Vitesse de l'arbre principal (tr\/min)<\/td><\/tr><tr><td>GH30-B<\/td><td>940*630*1000<\/td><td>390*710<\/td><td>60<\/td><td>220V 4 p\u00f4les 2.2KW<\/td><td>35cm 108 valve<\/td><td>28<\/td><td>82-84<\/td><\/tr><tr><td>GH50-B<\/td><td>1000*670*1000<\/td><td>450*830<\/td><td>90<\/td><td>220V 4 p\u00f4les 3KW<\/td><td>35cm 108 valve<\/td><td>28<\/td><td>82-84<\/td><\/tr><tr><td>GH100-B<\/td><td>1200*815*1200<\/td><td>570*1000<\/td><td>180<\/td><td>380V 4 p\u00f4les 3KW<\/td><td>35cm 108 valve<\/td><td>28<\/td><td>40-41<\/td><\/tr><tr><td>GH200-B<\/td><td>1360*1000*1400<\/td><td>780*1200<\/td><td>400<\/td><td>380V 4 p\u00f4les 3KW<\/td><td>35cm 133 valve<\/td><td>20<\/td><td>40-41<\/td><\/tr><tr><td>GH300-B<\/td><td>1700*1400*1900<\/td><td>900*1400<\/td><td>490<\/td><td>380V 4 p\u00f4les 3KW<\/td><td>50cm 159 valve<\/td><td>20<\/td><td>40-41<\/td><\/tr><\/tbody><\/table><figcaption class=\"wp-element-caption\">param\u00e8tres de la machine de m\u00e9lange en poudre<\/figcaption><\/figure>    <figure class=\"wp-block-image size-full\"><img loading=\"lazy\" decoding=\"async\" width=\"720\" height=\"540\" src=\"https:\/\/topfoodmachine.com\/wp-content\/uploads\/2025\/03\/powder-mixing-machine-manufacturer.webp\" alt=\"fabricant de machine de m\u00e9lange en poudre\" class=\"wp-image-1834\" srcset=\"https:\/\/topfoodmachine.com\/wp-content\/uploads\/2025\/03\/powder-mixing-machine-manufacturer.webp 720w, https:\/\/topfoodmachine.com\/wp-content\/uploads\/2025\/03\/powder-mixing-machine-manufacturer-300x225.webp 300w, https:\/\/topfoodmachine.com\/wp-content\/uploads\/2025\/03\/powder-mixing-machine-manufacturer-16x12.webp 16w\" sizes=\"auto, (max-width: 720px) 100vw, 720px\" \/><figcaption class=\"wp-element-caption\">fabricant de machine de m\u00e9lange en poudre<\/figcaption><\/figure>    <h2 class=\"wp-block-heading\"><strong>U-trough coffee mixer<\/strong> param\u00e8tres de la machine<\/h2>    <figure class=\"wp-block-table\"><table class=\"has-fixed-layout\"><tbody><tr><td>Mod\u00e8le<\/td><td>Dimensions externes (mm)<\/td><td>Capacit\u00e9 (L)<\/td><\/tr><tr><td>TZ-60<\/td><td>570*600*1000<\/td><td>100<\/td><\/tr><tr><td>TZ-100<\/td><td>700*830*1100<\/td><td>100<\/td><\/tr><\/tbody><\/table><figcaption class=\"wp-element-caption\">param\u00e8tres de la machine de m\u00e9lange de poudre de piment<\/figcaption><\/figure>    <figure class=\"wp-block-image size-full\"><img loading=\"lazy\" decoding=\"async\" width=\"720\" height=\"540\" src=\"https:\/\/topfoodmachine.com\/wp-content\/uploads\/2025\/03\/powder-mixing-machine.webp\" alt=\"machine de m\u00e9lange en poudre\" class=\"wp-image-1835\" srcset=\"https:\/\/topfoodmachine.com\/wp-content\/uploads\/2025\/03\/powder-mixing-machine.webp 720w, https:\/\/topfoodmachine.com\/wp-content\/uploads\/2025\/03\/powder-mixing-machine-300x225.webp 300w, https:\/\/topfoodmachine.com\/wp-content\/uploads\/2025\/03\/powder-mixing-machine-16x12.webp 16w\" sizes=\"auto, (max-width: 720px) 100vw, 720px\" \/><figcaption class=\"wp-element-caption\">machine de m\u00e9lange en poudre<\/figcaption><\/figure>    <h2 class=\"wp-block-heading\">Avantages de la machine \u00e0 m\u00e9langer le caf\u00e9<\/h2>    <div class=\"wp-block-media-text is-stacked-on-mobile\"><figure class=\"wp-block-media-text__media\"><img loading=\"lazy\" decoding=\"async\" width=\"720\" height=\"540\" src=\"https:\/\/topfoodmachine.com\/wp-content\/uploads\/2025\/03\/coffee-mixer.webp\" alt=\"m\u00e9langeur \u00e0 caf\u00e9\" class=\"wp-image-1830 size-full\" srcset=\"https:\/\/topfoodmachine.com\/wp-content\/uploads\/2025\/03\/coffee-mixer.webp 720w, https:\/\/topfoodmachine.com\/wp-content\/uploads\/2025\/03\/coffee-mixer-300x225.webp 300w, https:\/\/topfoodmachine.com\/wp-content\/uploads\/2025\/03\/coffee-mixer-16x12.webp 16w\" sizes=\"auto, (max-width: 720px) 100vw, 720px\" \/><\/figure><div class=\"wp-block-media-text__content\"> <ul class=\"wp-block-list\"> <li><strong>Dual-mode flexibility<\/strong>. U-Type for coarse\/low-fluidity powders (e.g., laundry detergent), Drum-Type for fine powders (e.g., coffee, spices).<\/li>    <li>\u200b<strong>Precision mixing<\/strong>. Adjustable speed (0-1500 rpm) ensures uniform blending across densities.<\/li>    <li>\u200b<strong>Durable &amp; hygienic<\/strong>. 304 stainless steel (contact parts) + 201 steel frame, corrosion-resistant and food-safe.<\/li> <\/ul> <\/div><\/div>    <div class=\"wp-block-media-text has-media-on-the-right is-stacked-on-mobile\"><div class=\"wp-block-media-text__content\"> <ul class=\"wp-block-list\"> <li><strong>Scalable capacity<\/strong>. 60L-490L models (customizable up to 1000kg batches).<\/li>    <li>\u200b<strong>Globally certified<\/strong>. Complies with FDA, TGA, and international standards.<\/li>    <li>\u200b<strong>Stable operation<\/strong>. Low-speed drum rotation (20-28 rpm) minimizes heat; high-torque motors (2.2-4KW) ensure reliability.<\/li>    <li>\u200b<strong>Easy logistics<\/strong>. Modular Drum-Type design for quick assembly\/export; standardized discharge ports (35-50cm).<\/li> <\/ul> <\/div><figure class=\"wp-block-media-text__media\"><img loading=\"lazy\" decoding=\"async\" width=\"720\" height=\"540\" src=\"https:\/\/topfoodmachine.com\/wp-content\/uploads\/2025\/03\/Powder-blender-machine-details.webp\" alt=\"d\u00e9tails de la machine \u00e0 m\u00e9langer en poudre\" class=\"wp-image-1831 size-full\" srcset=\"https:\/\/topfoodmachine.com\/wp-content\/uploads\/2025\/03\/Powder-blender-machine-details.webp 720w, https:\/\/topfoodmachine.com\/wp-content\/uploads\/2025\/03\/Powder-blender-machine-details-300x225.webp 300w, https:\/\/topfoodmachine.com\/wp-content\/uploads\/2025\/03\/Powder-blender-machine-details-16x12.webp 16w\" sizes=\"auto, (max-width: 720px) 100vw, 720px\" \/><\/figure><\/div>    <h2 class=\"wp-block-heading\">\u00c9quipements de soutien de la machine \u00e0 m\u00e9langer les poudres<\/h2>    <p>La machine \u00e0 m\u00e9langer en poudre peut \u00eatre utilis\u00e9e en conjonction avec un concasseur grossier pour obtenir des r\u00e9sultats de m\u00e9lange optimaux. Voici quelques points cl\u00e9s \u00e0 consid\u00e9rer :<\/p>    <div class=\"wp-block-media-text is-stacked-on-mobile\"><figure class=\"wp-block-media-text__media\"><img loading=\"lazy\" decoding=\"async\" width=\"720\" height=\"540\" src=\"https:\/\/topfoodmachine.com\/wp-content\/uploads\/2025\/03\/coarse-crusher.webp\" alt=\"concasseur grossier\" class=\"wp-image-1832 size-full\" srcset=\"https:\/\/topfoodmachine.com\/wp-content\/uploads\/2025\/03\/coarse-crusher.webp 720w, https:\/\/topfoodmachine.com\/wp-content\/uploads\/2025\/03\/coarse-crusher-300x225.webp 300w, https:\/\/topfoodmachine.com\/wp-content\/uploads\/2025\/03\/coarse-crusher-16x12.webp 16w\" sizes=\"auto, (max-width: 720px) 100vw, 720px\" \/><\/figure><div class=\"wp-block-media-text__content\"> <ul class=\"wp-block-list\"> <li><strong>Coarse crushing before blending<\/strong>. For materials like chili peppers, it is common to use a coarse crusher to initially break down the material to a size of 10-15 mesh. This coarse crushing step ensures that the material is suitable for further fine grinding.<\/li>    <li><strong>Fine grinding with toothed disk mill<\/strong>. After coarse crushing, the material can be further processed using a toothed disk mill to achieve a finer powder. This step is essential for achieving the desired consistency for products such as spices, coffee powder, and other fine powders.<\/li> <\/ul> <\/div><\/div>    <div class=\"wp-block-media-text has-media-on-the-right is-stacked-on-mobile\"><div class=\"wp-block-media-text__content\"> <ul class=\"wp-block-list\"> <li><strong class=\"\">Capacity of coarse crusher<\/strong>. The coarse crusher can handle up to 60 mesh, with a processing capacity of around 300-400 kg per hour. This makes it an efficient choice for preparing materials for the Powder Blender Machine.<\/li> <\/ul> <\/div><figure class=\"wp-block-media-text__media\"><img loading=\"lazy\" decoding=\"async\" width=\"720\" height=\"540\" src=\"https:\/\/topfoodmachine.com\/wp-content\/uploads\/2025\/03\/coarse-crusher-for-sale.webp\" alt=\"concasseur grossier \u00e0 vendre\" class=\"wp-image-1833 size-full\" srcset=\"https:\/\/topfoodmachine.com\/wp-content\/uploads\/2025\/03\/coarse-crusher-for-sale.webp 720w, https:\/\/topfoodmachine.com\/wp-content\/uploads\/2025\/03\/coarse-crusher-for-sale-300x225.webp 300w, https:\/\/topfoodmachine.com\/wp-content\/uploads\/2025\/03\/coarse-crusher-for-sale-16x12.webp 16w\" sizes=\"auto, (max-width: 720px) 100vw, 720px\" \/><\/figure><\/div>    <div class=\"wp-block-media-text is-stacked-on-mobile\"><figure class=\"wp-block-media-text__media\"><img loading=\"lazy\" decoding=\"async\" width=\"720\" height=\"540\" src=\"https:\/\/topfoodmachine.com\/wp-content\/uploads\/2025\/03\/effective-coarse-crusher-1.webp\" alt=\"concasseur grossier efficace\" class=\"wp-image-1837 size-full\" srcset=\"https:\/\/topfoodmachine.com\/wp-content\/uploads\/2025\/03\/effective-coarse-crusher-1.webp 720w, https:\/\/topfoodmachine.com\/wp-content\/uploads\/2025\/03\/effective-coarse-crusher-1-300x225.webp 300w, https:\/\/topfoodmachine.com\/wp-content\/uploads\/2025\/03\/effective-coarse-crusher-1-16x12.webp 16w\" sizes=\"auto, (max-width: 720px) 100vw, 720px\" \/><\/figure><div class=\"wp-block-media-text__content\"> <ul class=\"wp-block-list\"> <li><strong>Limitations with root and tuber crops<\/strong>. It is important to note that root and tuber crops should not be directly processed using a toothed disk mill for fine grinding, as this can lead to clogging of the screen. Instead, these materials should first be processed using a suitable coarse crusher to achieve the appropriate particle size before further grinding.<\/li> <\/ul> <\/div><\/div>    <p>En int\u00e9grant un concasseur grossier avec la machine \u00e0 m\u00e9langer en poudre, vous pouvez garantir un traitement efficace et efficace d'une large gamme de mat\u00e9riaux, du concassage grossier au broyage fin, tout en maintenant des performances optimales et en \u00e9vitant des probl\u00e8mes potentiels tels que le colmatage de l'\u00e9cran.<\/p>    <h2 class=\"wp-block-heading\">Conclusion<\/h2>    <p class=\"translation-block\">La <strong><a href=\"https:\/\/en.wikipedia.org\/wiki\/Powder\" data-type=\"link\" data-id=\"https:\/\/en.wikipedia.org\/wiki\/Powder\" target=\"_blank\" rel=\"noopener\">machine \u00e0 m\u00e9langer en poudre<\/a><\/strong> garantit un m\u00e9lange efficace et uniforme pour divers mat\u00e9riaux en poudre, en faisant un outil essentiel pour des industries telles que la transformation alimentaire, les produits pharmaceutiques et les produits chimiques. Avec sa <strong>vitesse r\u00e9glable, ses multiples options de capacit\u00e9 et sa construction en acier inoxydable durable<\/strong>, elle offre une solution fiable pour obtenir des m\u00e9langes de haute qualit\u00e9.<\/p>    <p class=\"translation-block\">Pour rationaliser davantage la production, nos <strong><a href=\"https:\/\/topfoodmachine.com\/fr\/products\/food-packaging-machine\/\">machines d'emballage en poudre<\/a><\/strong> peuvent \u00eatre int\u00e9gr\u00e9es dans le processus, permettant un emballage pr\u00e9cis et efficace du produit final. Cette <strong>solution tout-en-un<\/strong> garantit une transition fluide du m\u00e9lange \u00e0 l'emballage, am\u00e9liorant la productivit\u00e9 et la commodit\u00e9. Contactez-nous aujourd'hui pour personnaliser votre <strong>configuration de m\u00e9lange et d'emballage en poudre<\/strong> !<\/p>    <figure class=\"wp-block-image size-full\"><img loading=\"lazy\" decoding=\"async\" width=\"720\" height=\"540\" src=\"https:\/\/topfoodmachine.com\/wp-content\/uploads\/2025\/03\/Powder-blender-machine.webp\" alt=\"machine \u00e0 m\u00e9langer les poudres\" class=\"wp-image-1836\" srcset=\"https:\/\/topfoodmachine.com\/wp-content\/uploads\/2025\/03\/Powder-blender-machine.webp 720w, https:\/\/topfoodmachine.com\/wp-content\/uploads\/2025\/03\/Powder-blender-machine-300x225.webp 300w, https:\/\/topfoodmachine.com\/wp-content\/uploads\/2025\/03\/Powder-blender-machine-16x12.webp 16w\" sizes=\"auto, (max-width: 720px) 100vw, 720px\" \/><figcaption class=\"wp-element-caption\">machine \u00e0 m\u00e9langer les poudres<\/figcaption><\/figure>","protected":false},"excerpt":{"rendered":"<p>La machine \u00e0 m\u00e9langer les poudres est con\u00e7ue pour un m\u00e9lange efficace et uniforme, disponible en configurations en U et en tambour. Elle est largement utilis\u00e9e pour m\u00e9langer des poudres d'assaisonnement, des poudres de th\u00e9 au lait, des poudres de caf\u00e9 et d'autres mat\u00e9riaux fins.<\/p>","protected":false},"author":1,"featured_media":1841,"parent":0,"template":"","tags":[111],"product-type":[5],"class_list":["post-1823","product","type-product","status-publish","has-post-thumbnail","hentry","tag-powder-blender-machine","product-type-nuts-processing-machine"],"_links":{"self":[{"href":"https:\/\/topfoodmachine.com\/fr\/wp-json\/wp\/v2\/product\/1823","targetHints":{"allow":["GET"]}}],"collection":[{"href":"https:\/\/topfoodmachine.com\/fr\/wp-json\/wp\/v2\/product"}],"about":[{"href":"https:\/\/topfoodmachine.com\/fr\/wp-json\/wp\/v2\/types\/product"}],"author":[{"embeddable":true,"href":"https:\/\/topfoodmachine.com\/fr\/wp-json\/wp\/v2\/users\/1"}],"wp:featuredmedia":[{"embeddable":true,"href":"https:\/\/topfoodmachine.com\/fr\/wp-json\/wp\/v2\/media\/1841"}],"wp:attachment":[{"href":"https:\/\/topfoodmachine.com\/fr\/wp-json\/wp\/v2\/media?parent=1823"}],"wp:term":[{"taxonomy":"post_tag","embeddable":true,"href":"https:\/\/topfoodmachine.com\/fr\/wp-json\/wp\/v2\/tags?post=1823"},{"taxonomy":"product-type","embeddable":true,"href":"https:\/\/topfoodmachine.com\/fr\/wp-json\/wp\/v2\/product-type?post=1823"}],"curies":[{"name":"wp","href":"https:\/\/api.w.org\/{rel}","templated":true}]}}