{"id":1802,"date":"2025-02-20T16:01:08","date_gmt":"2025-02-20T08:01:08","guid":{"rendered":"https:\/\/topfoodmachine.com\/?post_type=product&#038;p=1802"},"modified":"2025-02-20T16:03:34","modified_gmt":"2025-02-20T08:03:34","slug":"bone-cutting-machine","status":"publish","type":"product","link":"https:\/\/topfoodmachine.com\/fr\/product\/bone-cutting-machine\/","title":{"rendered":"machine \u00e0 couper les os"},"content":{"rendered":"<div class=\"kk-star-ratings kksr-auto kksr-align-left kksr-valign-top\"     data-payload='{&quot;align&quot;:&quot;left&quot;,&quot;id&quot;:&quot;1802&quot;,&quot;slug&quot;:&quot;default&quot;,&quot;valign&quot;:&quot;top&quot;,&quot;ignore&quot;:&quot;&quot;,&quot;reference&quot;:&quot;auto&quot;,&quot;class&quot;:&quot;&quot;,&quot;count&quot;:&quot;5&quot;,&quot;legendonly&quot;:&quot;&quot;,&quot;readonly&quot;:&quot;&quot;,&quot;score&quot;:&quot;4.5&quot;,&quot;starsonly&quot;:&quot;&quot;,&quot;best&quot;:&quot;5&quot;,&quot;gap&quot;:&quot;5&quot;,&quot;greet&quot;:&quot;Rate this product&quot;,&quot;legend&quot;:&quot;4.5\\\/5 - (5 votes)&quot;,&quot;size&quot;:&quot;24&quot;,&quot;title&quot;:&quot;Bone cutting machine&quot;,&quot;width&quot;:&quot;128&quot;,&quot;_legend&quot;:&quot;{score}\\\/{best} - ({count} {votes})&quot;,&quot;font_factor&quot;:&quot;1.25&quot;}'>              <div class=\"kksr-stars\">      <div class=\"kksr-stars-inactive\">             <div class=\"kksr-star\" data-star=\"1\" style=\"padding-right: 5px\">               <div class=\"kksr-icon\" style=\"width: 24px; height: 24px;\"><\/div>         <\/div>             <div class=\"kksr-star\" data-star=\"2\" style=\"padding-right: 5px\">               <div class=\"kksr-icon\" style=\"width: 24px; height: 24px;\"><\/div>         <\/div>             <div class=\"kksr-star\" data-star=\"3\" style=\"padding-right: 5px\">               <div class=\"kksr-icon\" style=\"width: 24px; height: 24px;\"><\/div>         <\/div>             <div class=\"kksr-star\" data-star=\"4\" style=\"padding-right: 5px\">               <div class=\"kksr-icon\" style=\"width: 24px; height: 24px;\"><\/div>         <\/div>             <div class=\"kksr-star\" data-star=\"5\" style=\"padding-right: 5px\">               <div class=\"kksr-icon\" style=\"width: 24px; height: 24px;\"><\/div>         <\/div>     <\/div>      <div class=\"kksr-stars-active\" style=\"width: 128px;\">             <div class=\"kksr-star\" style=\"padding-right: 5px\">               <div class=\"kksr-icon\" style=\"width: 24px; height: 24px;\"><\/div>         <\/div>             <div class=\"kksr-star\" style=\"padding-right: 5px\">               <div class=\"kksr-icon\" style=\"width: 24px; height: 24px;\"><\/div>         <\/div>             <div class=\"kksr-star\" style=\"padding-right: 5px\">               <div class=\"kksr-icon\" style=\"width: 24px; height: 24px;\"><\/div>         <\/div>             <div class=\"kksr-star\" style=\"padding-right: 5px\">               <div class=\"kksr-icon\" style=\"width: 24px; height: 24px;\"><\/div>         <\/div>             <div class=\"kksr-star\" style=\"padding-right: 5px\">               <div class=\"kksr-icon\" style=\"width: 24px; height: 24px;\"><\/div>         <\/div>     <\/div> <\/div>                   <div class=\"kksr-legend\" style=\"font-size: 19.2px;\">             4,5\/5 - (5 votes)    <\/div>     <\/div>  <p>La machine \u00e0 d\u00e9couper les os peut traiter efficacement divers types de viande et d'os. Elle est largement utilis\u00e9e dans les installations de transformation alimentaire, les abattoirs, les boucheries et les supermarch\u00e9s. Cette machine est sp\u00e9cifiquement con\u00e7ue pour traiter les petits et moyens os d'animaux, la viande congel\u00e9e, la volaille et les os de poisson.<\/p>    <p>Dot\u00e9e d'une construction en acier inoxydable de qualit\u00e9 alimentaire et de mat\u00e9riaux r\u00e9sistants \u00e0 la corrosion, la machine \u00e0 d\u00e9couper les os assure durabilit\u00e9, hygi\u00e8ne et conformit\u00e9 aux r\u00e9glementations de s\u00e9curit\u00e9 alimentaire. Son moteur puissant et ses lames sp\u00e9cialis\u00e9es peuvent trancher sans effort \u00e0 travers des mat\u00e9riaux difficiles, fournissant des coupes pr\u00e9cises et coh\u00e9rentes. <\/p>    <p>La machine comprend \u00e9galement des r\u00e9glages ajustables et des fonctionnalit\u00e9s personnalisables, permettant aux utilisateurs d'atteindre l'\u00e9paisseur et les tailles de portions souhait\u00e9es.<\/p>    <figure class=\"wp-block-embed is-type-video is-provider-youtube wp-block-embed-youtube wp-embed-aspect-16-9 wp-has-aspect-ratio\"><div class=\"wp-block-embed__wrapper\"> <iframe loading=\"lazy\" title=\"Machine \u00e0 couper les os \u00e0 vendre : Meilleures offres et caract\u00e9ristiques expliqu\u00e9es #os #viande #coupeurdeviande\" width=\"500\" height=\"281\" src=\"https:\/\/www.youtube.com\/embed\/tfAcMQ9nu5M?feature=oembed\" frameborder=\"0\" allow=\"accelerometer; autoplay; clipboard-write; encrypted-media; gyroscope; picture-in-picture; web-share\" referrerpolicy=\"strict-origin-when-cross-origin\" allowfullscreen><\/iframe> <\/div><figcaption class=\"wp-element-caption\">vid\u00e9o de travail de la machine \u00e0 d\u00e9couper les os<\/figcaption><\/figure>    <h2 class=\"wp-block-heading\">machine automatique de sciage des os \u00e0 vendre<\/h2>    <p class=\"translation-block\">La machine \u00e0 scie osseuse automatique <a href=\"https:\/\/en.wikipedia.org\/wiki\/Bone\" data-type=\"link\" data-id=\"https:\/\/en.wikipedia.org\/wiki\/Bone\" target=\"_blank\" rel=\"noopener\">Bone<\/a> est une solution avanc\u00e9e con\u00e7ue pour couper efficacement la viande congel\u00e9e, les os d'animaux et d'autres produits alimentaires. Sa construction robuste et ses fonctionnalit\u00e9s conviviales en font un choix id\u00e9al pour l'industrie de transformation de la viande.<\/p>    <div class=\"wp-block-media-text is-stacked-on-mobile\"><figure class=\"wp-block-media-text__media\"><img loading=\"lazy\" decoding=\"async\" width=\"720\" height=\"540\" src=\"https:\/\/topfoodmachine.com\/wp-content\/uploads\/2025\/02\/Bone-cutting-machine-for-sale.webp\" alt=\"machine \u00e0 couper les os \u00e0 vendre\" class=\"wp-image-1806 size-full\" srcset=\"https:\/\/topfoodmachine.com\/wp-content\/uploads\/2025\/02\/Bone-cutting-machine-for-sale.webp 720w, https:\/\/topfoodmachine.com\/wp-content\/uploads\/2025\/02\/Bone-cutting-machine-for-sale-300x225.webp 300w, https:\/\/topfoodmachine.com\/wp-content\/uploads\/2025\/02\/Bone-cutting-machine-for-sale-16x12.webp 16w\" sizes=\"auto, (max-width: 720px) 100vw, 720px\" \/><\/figure><div class=\"wp-block-media-text__content\"> <ul class=\"wp-block-list\"> <li><strong>Syst\u00e8me de bande transporteuse fixe<\/strong>. Assure une d\u00e9coupe fluide et pr\u00e9cise de la viande congel\u00e9e et des os.<\/li>    <li><strong>Poulies sup\u00e9rieures et inf\u00e9rieures<\/strong>. Con\u00e7ues pour guider et stabiliser le processus de d\u00e9coupe.<\/li>    <li><strong>\u00c9quipement de tension<\/strong>. Fournit une force constante pour des coupes pr\u00e9cises.<\/li>    <li><strong>Moteur puissant<\/strong>. Offre des performances fiables pour une d\u00e9coupe lourde.<\/li>    <li><strong>Syst\u00e8mes \u00e9lectriques et de refroidissement<\/strong>. Prolongez la dur\u00e9e de vie et assurez un fonctionnement continu.<\/li> <\/ul> <\/div><\/div>    <p>La machine est con\u00e7ue en tenant compte de la s\u00e9curit\u00e9 et de la facilit\u00e9 d'utilisation, le produit \u00e9tant fix\u00e9 manuellement en place pour une stabilit\u00e9 optimale pendant le processus de d\u00e9coupe. Cela en fait un excellent choix pour les entreprises cherchant \u00e0 augmenter l'efficacit\u00e9 et \u00e0 r\u00e9duire les co\u00fbts de main-d'\u0153uvre dans leurs op\u00e9rations de transformation de la viande.<\/p>    <h2 class=\"wp-block-heading\">Caract\u00e9ristiques de la machine \u00e0 d\u00e9couper les os<\/h2>    <div class=\"wp-block-media-text has-media-on-the-right is-stacked-on-mobile\"><div class=\"wp-block-media-text__content\"> <ul class=\"wp-block-list\"> <li><strong>Construction robuste<\/strong><br>Construit en acier inoxydable de qualit\u00e9 alimentaire robuste, garantissant durabilit\u00e9 et long\u00e9vit\u00e9. Les mat\u00e9riaux r\u00e9sistants \u00e0 la corrosion respectent les normes de s\u00e9curit\u00e9 alimentaire les plus strictes, adapt\u00e9s au traitement de divers types de viande et d'os.<\/li>    <li><strong>Coupe puissante et efficace<\/strong><br>\u00c9quip\u00e9 d'un moteur haute performance et de lames de pr\u00e9cision qui tranchent sans effort la viande congel\u00e9e, la viande fra\u00eeche et les os d'animaux. Les r\u00e9glages de coupe ajustables permettent des \u00e9paisseurs et des tailles de portions pr\u00e9cises, optimisant l'efficacit\u00e9 et r\u00e9duisant les d\u00e9chets.<\/li> <\/ul> <\/div><figure class=\"wp-block-media-text__media\"><img loading=\"lazy\" decoding=\"async\" width=\"720\" height=\"540\" src=\"https:\/\/topfoodmachine.com\/wp-content\/uploads\/2025\/02\/bone-cutting-machine-price.webp\" alt=\"prix de la machine \u00e0 couper les os\" class=\"wp-image-1807 size-full\" srcset=\"https:\/\/topfoodmachine.com\/wp-content\/uploads\/2025\/02\/bone-cutting-machine-price.webp 720w, https:\/\/topfoodmachine.com\/wp-content\/uploads\/2025\/02\/bone-cutting-machine-price-300x225.webp 300w, https:\/\/topfoodmachine.com\/wp-content\/uploads\/2025\/02\/bone-cutting-machine-price-16x12.webp 16w\" sizes=\"auto, (max-width: 720px) 100vw, 720px\" \/><\/figure><\/div>    <div class=\"wp-block-media-text is-stacked-on-mobile\"><figure class=\"wp-block-media-text__media\"><img loading=\"lazy\" decoding=\"async\" width=\"720\" height=\"540\" src=\"https:\/\/topfoodmachine.com\/wp-content\/uploads\/2025\/02\/Bone-cutting-machine.webp\" alt=\"machine \u00e0 couper les os\" class=\"wp-image-1808 size-full\" srcset=\"https:\/\/topfoodmachine.com\/wp-content\/uploads\/2025\/02\/Bone-cutting-machine.webp 720w, https:\/\/topfoodmachine.com\/wp-content\/uploads\/2025\/02\/Bone-cutting-machine-300x225.webp 300w, https:\/\/topfoodmachine.com\/wp-content\/uploads\/2025\/02\/Bone-cutting-machine-16x12.webp 16w\" sizes=\"auto, (max-width: 720px) 100vw, 720px\" \/><\/figure><div class=\"wp-block-media-text__content\"> <ul class=\"wp-block-list\"> <li><strong>Facilit\u00e9 d'utilisation et d'entretien<\/strong><br>Conception conviviale avec des commandes intuitives rend la machine facile \u00e0 utiliser, m\u00eame pour les utilisateurs novices. La conception modulaire permet un nettoyage rapide et efficace, garantissant le respect des r\u00e9glementations en mati\u00e8re de s\u00e9curit\u00e9 alimentaire et minimisant les temps d'arr\u00eat.<\/li>    <li><strong>Polyvalence et personnalisation<\/strong><br>Con\u00e7u pour traiter une large gamme de mat\u00e9riaux, y compris la viande congel\u00e9e, la volaille, les os de poisson, et plus encore. Peut \u00eatre personnalis\u00e9 pour r\u00e9pondre \u00e0 des besoins sp\u00e9cifiques, ce qui le rend adapt\u00e9 aux op\u00e9rations \u00e0 petite et grande \u00e9chelle.<\/li> <\/ul> <\/div><\/div>    <div class=\"wp-block-media-text has-media-on-the-right is-stacked-on-mobile\"><div class=\"wp-block-media-text__content\"> <ul class=\"wp-block-list\"> <li><strong>Fonctionnalit\u00e9s de s\u00e9curit\u00e9 am\u00e9lior\u00e9es<\/strong><br>Comprend des fonctionnalit\u00e9s de s\u00e9curit\u00e9 essentielles telles que des protections de lame, des boutons d'arr\u00eat d'urgence et des surfaces antid\u00e9rapantes, garantissant un environnement de travail s\u00fbr sans compromettre la productivit\u00e9.<\/li>    <li><strong>Conception hygi\u00e9nique<\/strong><br>Caract\u00e9ristiques de construction sans soudure et surfaces faciles \u00e0 nettoyer. Les composants en acier inoxydable sont r\u00e9sistants aux bact\u00e9ries, maintenant un environnement de traitement propre et s\u00fbr.<\/li> <\/ul> <\/div><figure class=\"wp-block-media-text__media\"><img loading=\"lazy\" decoding=\"async\" width=\"720\" height=\"540\" src=\"https:\/\/topfoodmachine.com\/wp-content\/uploads\/2025\/02\/frozen-meat-cutter.webp\" alt=\"coupeur de viande congel\u00e9e\" class=\"wp-image-1814 size-full\" srcset=\"https:\/\/topfoodmachine.com\/wp-content\/uploads\/2025\/02\/frozen-meat-cutter.webp 720w, https:\/\/topfoodmachine.com\/wp-content\/uploads\/2025\/02\/frozen-meat-cutter-300x225.webp 300w, https:\/\/topfoodmachine.com\/wp-content\/uploads\/2025\/02\/frozen-meat-cutter-16x12.webp 16w\" sizes=\"auto, (max-width: 720px) 100vw, 720px\" \/><\/figure><\/div>    <h2 class=\"wp-block-heading\">Structure de la machine \u00e0 d\u00e9couper les os<\/h2>    <p>La machine \u00e0 d\u00e9couper les os pr\u00e9sente une conception robuste et conviviale, avec des composants cl\u00e9s soigneusement con\u00e7us pour des performances optimales. La structure de la machine comprend :<\/p>    <div class=\"wp-block-media-text is-stacked-on-mobile\"><figure class=\"wp-block-media-text__media\"><img loading=\"lazy\" decoding=\"async\" width=\"720\" height=\"540\" src=\"https:\/\/topfoodmachine.com\/wp-content\/uploads\/2025\/02\/structure-of-meat-saw-machine.webp\" alt=\"structure de la machine \u00e0 scier la viande\" class=\"wp-image-1809 size-full\" srcset=\"https:\/\/topfoodmachine.com\/wp-content\/uploads\/2025\/02\/structure-of-meat-saw-machine.webp 720w, https:\/\/topfoodmachine.com\/wp-content\/uploads\/2025\/02\/structure-of-meat-saw-machine-300x225.webp 300w, https:\/\/topfoodmachine.com\/wp-content\/uploads\/2025\/02\/structure-of-meat-saw-machine-16x12.webp 16w\" sizes=\"auto, (max-width: 720px) 100vw, 720px\" \/><\/figure><div class=\"wp-block-media-text__content\"> <ul class=\"wp-block-list\"> <li><strong>Poign\u00e9e de r\u00e9glage T<\/strong>. Permet un r\u00e9glage pr\u00e9cis pour des r\u00e9sultats de coupe optimaux.<\/li>    <li><strong>Panneau de commande<\/strong>. Une interface conviviale qui garantit une utilisation et un contr\u00f4le faciles pendant l'utilisation.<\/li>    <li><strong>Lame de scie<\/strong>. Une lame de haute qualit\u00e9 con\u00e7ue pour une coupe efficace et pr\u00e9cise de la viande et des os.<\/li>    <li><strong>Tapis roulant<\/strong>. Facilite le transport fluide des mat\u00e9riaux \u00e0 travers le processus de coupe.<\/li>    <li><strong>Planche de stockage<\/strong>. Fournit un espace pratique pour stocker les mat\u00e9riaux ou outils trait\u00e9s.<\/li>    <li><strong>Conception en acier inoxydable<\/strong>. Garantit durabilit\u00e9, hygi\u00e8ne et nettoyage facile, rendant la machine adapt\u00e9e aux environnements de traitement de qualit\u00e9 alimentaire.<\/li>    <li><strong>Base<\/strong>. Une fondation stable qui soutient l'ensemble de la structure de la machine, garantissant un fonctionnement stable.<\/li> <\/ul> <\/div><\/div>    <p>Avec ces caract\u00e9ristiques bien con\u00e7ues, la machine \u00e0 couper les os garantit un fonctionnement fiable, efficace et s\u00fbr pour la d\u00e9coupe de viande et d'os dans les cuisines commerciales, les boucheries et les installations de transformation alimentaire.<\/p>    <h2 class=\"wp-block-heading\">D\u00e9tails de la machine \u00e0 d\u00e9couper les os<\/h2>    <figure class=\"wp-block-gallery has-nested-images columns-default is-cropped wp-block-gallery-2 is-layout-flex wp-block-gallery-is-layout-flex\"> <figure class=\"wp-block-image size-large\"><img loading=\"lazy\" decoding=\"async\" width=\"720\" height=\"540\" data-id=\"1810\" src=\"https:\/\/topfoodmachine.com\/wp-content\/uploads\/2025\/02\/bone-saw-cutting-machine-supplier.webp\" alt=\"fournisseur de machine \u00e0 couper les os\" class=\"wp-image-1810\" srcset=\"https:\/\/topfoodmachine.com\/wp-content\/uploads\/2025\/02\/bone-saw-cutting-machine-supplier.webp 720w, https:\/\/topfoodmachine.com\/wp-content\/uploads\/2025\/02\/bone-saw-cutting-machine-supplier-300x225.webp 300w, https:\/\/topfoodmachine.com\/wp-content\/uploads\/2025\/02\/bone-saw-cutting-machine-supplier-16x12.webp 16w\" sizes=\"auto, (max-width: 720px) 100vw, 720px\" \/><figcaption class=\"wp-element-caption\">fournisseur de machine \u00e0 couper les os<\/figcaption><\/figure>    <figure class=\"wp-block-image size-large\"><img loading=\"lazy\" decoding=\"async\" width=\"720\" height=\"540\" data-id=\"1811\" src=\"https:\/\/topfoodmachine.com\/wp-content\/uploads\/2025\/02\/bone-saw-cutting-machine.webp\" alt=\"machine \u00e0 couper les os\" class=\"wp-image-1811\" srcset=\"https:\/\/topfoodmachine.com\/wp-content\/uploads\/2025\/02\/bone-saw-cutting-machine.webp 720w, https:\/\/topfoodmachine.com\/wp-content\/uploads\/2025\/02\/bone-saw-cutting-machine-300x225.webp 300w, https:\/\/topfoodmachine.com\/wp-content\/uploads\/2025\/02\/bone-saw-cutting-machine-16x12.webp 16w\" sizes=\"auto, (max-width: 720px) 100vw, 720px\" \/><figcaption class=\"wp-element-caption\">machine \u00e0 couper les os<\/figcaption><\/figure> <\/figure>    <h2 class=\"wp-block-heading\">Param\u00e8tres de la machine \u00e0 d\u00e9couper les os<\/h2>    <figure class=\"wp-block-table\"><table class=\"has-fixed-layout\"><tbody><tr><td>Mod\u00e8le<\/td><td>TJ-420<\/td><\/tr><tr><td>Zone de travail (mm\u00b2)<\/td><td>L680mm x l770mm<\/td><\/tr><tr><td>Hauteur de coupe (mm)<\/td><td>150mm<\/td><\/tr><tr><td>Largeur de coupe (mm)<\/td><td>1mm~200mm<\/td><\/tr><tr><td>Hauteur de la machine (mm)<\/td><td>1780mm<\/td><\/tr><tr><td>Dimensions de la machine (mm\u00b3)<\/td><td>L2000mm x l1990mm x H1780mm<\/td><\/tr><tr><td>Hauteur de travail (mm)<\/td><td>960mm<\/td><\/tr><tr><td>Longueur de la lame (mm)<\/td><td>3150mm<\/td><\/tr><tr><td>\u00c9paisseur de la lame (mm)<\/td><td>16mm<\/td><\/tr><tr><td>Vitesse<\/td><td>38m\/sec, 50\/60Hz<\/td><\/tr><tr><td>Pouvoir<\/td><td>4.2KW<\/td><\/tr><tr><td>Tension<\/td><td>220~600V<\/td><\/tr><tr><td>Poids de la machine (kg)<\/td><td>1000kg<\/td><\/tr><\/tbody><\/table><figcaption class=\"wp-element-caption\">param\u00e8tres de la scie \u00e0 os<\/figcaption><\/figure>    <h2 class=\"wp-block-heading\">Conclusion<\/h2>    <figure class=\"wp-block-gallery has-nested-images columns-default is-cropped wp-block-gallery-3 is-layout-flex wp-block-gallery-is-layout-flex\"> <figure class=\"wp-block-image size-large\"><img loading=\"lazy\" decoding=\"async\" width=\"720\" height=\"540\" data-id=\"1812\" src=\"https:\/\/topfoodmachine.com\/wp-content\/uploads\/2025\/02\/meat-cutting-machine.webp\" alt=\"machine \u00e0 couper la viande\" class=\"wp-image-1812\" srcset=\"https:\/\/topfoodmachine.com\/wp-content\/uploads\/2025\/02\/meat-cutting-machine.webp 720w, https:\/\/topfoodmachine.com\/wp-content\/uploads\/2025\/02\/meat-cutting-machine-300x225.webp 300w, https:\/\/topfoodmachine.com\/wp-content\/uploads\/2025\/02\/meat-cutting-machine-16x12.webp 16w\" sizes=\"auto, (max-width: 720px) 100vw, 720px\" \/><figcaption class=\"wp-element-caption\">machine \u00e0 couper la viande<\/figcaption><\/figure>    <figure class=\"wp-block-image size-large\"><img loading=\"lazy\" decoding=\"async\" width=\"720\" height=\"540\" data-id=\"1813\" src=\"https:\/\/topfoodmachine.com\/wp-content\/uploads\/2025\/02\/raw-materials-of-Bone-cutting-machine.webp\" alt=\"mati\u00e8res premi\u00e8res de la machine \u00e0 couper les os\" class=\"wp-image-1813\" srcset=\"https:\/\/topfoodmachine.com\/wp-content\/uploads\/2025\/02\/raw-materials-of-Bone-cutting-machine.webp 720w, https:\/\/topfoodmachine.com\/wp-content\/uploads\/2025\/02\/raw-materials-of-Bone-cutting-machine-300x225.webp 300w, https:\/\/topfoodmachine.com\/wp-content\/uploads\/2025\/02\/raw-materials-of-Bone-cutting-machine-16x12.webp 16w\" sizes=\"auto, (max-width: 720px) 100vw, 720px\" \/><figcaption class=\"wp-element-caption\">mati\u00e8res premi\u00e8res de la machine \u00e0 couper les os<\/figcaption><\/figure> <\/figure>    <p>Nous comprenons que chaque entreprise a des besoins uniques, c'est pourquoi nous offrons une gamme d'options de personnalisation pour garantir que notre machine \u00e0 couper les os s'int\u00e8gre parfaitement dans votre flux de travail. Notre engagement envers la qualit\u00e9 et l'innovation garantit que vous recevez un produit qui r\u00e9pond non seulement \u00e0 vos besoins d'aujourd'hui, mais qui r\u00e9siste \u00e9galement \u00e0 l'\u00e9preuve du temps.<\/p>    <p class=\"translation-block\">En plus de notre machine \u00e0 d\u00e9couper les os, nous proposons \u00e9galement une gamme compl\u00e8te d'autres <a href=\"https:\/\/topfoodmachine.com\/fr\/products\/egg-meat-processing-machine\/\">\u00e9quipements de transformation de la viande<\/a>. Notre gamme de produits diversifi\u00e9e est con\u00e7ue pour soutenir tous les aspects de vos op\u00e9rations de transformation de la viande, vous aidant \u00e0 atteindre une plus grande efficacit\u00e9 et productivit\u00e9.<\/p>    <p>Nous vous invitons \u00e0 explorer les possibilit\u00e9s et \u00e0 d\u00e9couvrir comment notre machine \u00e0 couper les os peut transformer votre entreprise. Contactez-nous d\u00e8s aujourd'hui pour un devis personnalis\u00e9 et d\u00e9couvrez la diff\u00e9rence qu'une machinerie de haute qualit\u00e9 et fiable peut faire.<\/p>","protected":false},"excerpt":{"rendered":"<p>La machine \u00e0 couper les os peut traiter efficacement divers types de viande et d'os. Elle est largement utilis\u00e9e dans les installations de transformation alimentaire, les abattoirs, les boucheries et les supermarch\u00e9s. <\/p>","protected":false},"author":1,"featured_media":1805,"parent":0,"template":"","tags":[108],"product-type":[7],"class_list":["post-1802","product","type-product","status-publish","has-post-thumbnail","hentry","tag-bone-cutting-machine","product-type-egg-meat-processing-machine"],"_links":{"self":[{"href":"https:\/\/topfoodmachine.com\/fr\/wp-json\/wp\/v2\/product\/1802","targetHints":{"allow":["GET"]}}],"collection":[{"href":"https:\/\/topfoodmachine.com\/fr\/wp-json\/wp\/v2\/product"}],"about":[{"href":"https:\/\/topfoodmachine.com\/fr\/wp-json\/wp\/v2\/types\/product"}],"author":[{"embeddable":true,"href":"https:\/\/topfoodmachine.com\/fr\/wp-json\/wp\/v2\/users\/1"}],"wp:featuredmedia":[{"embeddable":true,"href":"https:\/\/topfoodmachine.com\/fr\/wp-json\/wp\/v2\/media\/1805"}],"wp:attachment":[{"href":"https:\/\/topfoodmachine.com\/fr\/wp-json\/wp\/v2\/media?parent=1802"}],"wp:term":[{"taxonomy":"post_tag","embeddable":true,"href":"https:\/\/topfoodmachine.com\/fr\/wp-json\/wp\/v2\/tags?post=1802"},{"taxonomy":"product-type","embeddable":true,"href":"https:\/\/topfoodmachine.com\/fr\/wp-json\/wp\/v2\/product-type?post=1802"}],"curies":[{"name":"wp","href":"https:\/\/api.w.org\/{rel}","templated":true}]}}