{"id":1792,"date":"2025-02-17T15:09:53","date_gmt":"2025-02-17T07:09:53","guid":{"rendered":"https:\/\/topfoodmachine.com\/?post_type=product&#038;p=1792"},"modified":"2025-02-17T16:32:54","modified_gmt":"2025-02-17T08:32:54","slug":"pelmeni-making-machine","status":"publish","type":"product","link":"https:\/\/topfoodmachine.com\/fr\/product\/pelmeni-making-machine\/","title":{"rendered":"machine \u00e0 faire des pelmeni"},"content":{"rendered":"<div class=\"kk-star-ratings kksr-auto kksr-align-left kksr-valign-top\"     data-payload='{&quot;align&quot;:&quot;left&quot;,&quot;id&quot;:&quot;1792&quot;,&quot;slug&quot;:&quot;default&quot;,&quot;valign&quot;:&quot;top&quot;,&quot;ignore&quot;:&quot;&quot;,&quot;reference&quot;:&quot;auto&quot;,&quot;class&quot;:&quot;&quot;,&quot;count&quot;:&quot;29&quot;,&quot;legendonly&quot;:&quot;&quot;,&quot;readonly&quot;:&quot;&quot;,&quot;score&quot;:&quot;4.6&quot;,&quot;starsonly&quot;:&quot;&quot;,&quot;best&quot;:&quot;5&quot;,&quot;gap&quot;:&quot;5&quot;,&quot;greet&quot;:&quot;Rate this product&quot;,&quot;legend&quot;:&quot;4.6\\\/5 - (29 votes)&quot;,&quot;size&quot;:&quot;24&quot;,&quot;title&quot;:&quot;Pelmeni making machine&quot;,&quot;width&quot;:&quot;130.9&quot;,&quot;_legend&quot;:&quot;{score}\\\/{best} - ({count} {votes})&quot;,&quot;font_factor&quot;:&quot;1.25&quot;}'>              <div class=\"kksr-stars\">      <div class=\"kksr-stars-inactive\">             <div class=\"kksr-star\" data-star=\"1\" style=\"padding-right: 5px\">               <div class=\"kksr-icon\" style=\"width: 24px; height: 24px;\"><\/div>         <\/div>             <div class=\"kksr-star\" data-star=\"2\" style=\"padding-right: 5px\">               <div class=\"kksr-icon\" style=\"width: 24px; height: 24px;\"><\/div>         <\/div>             <div class=\"kksr-star\" data-star=\"3\" style=\"padding-right: 5px\">               <div class=\"kksr-icon\" style=\"width: 24px; height: 24px;\"><\/div>         <\/div>             <div class=\"kksr-star\" data-star=\"4\" style=\"padding-right: 5px\">               <div class=\"kksr-icon\" style=\"width: 24px; height: 24px;\"><\/div>         <\/div>             <div class=\"kksr-star\" data-star=\"5\" style=\"padding-right: 5px\">               <div class=\"kksr-icon\" style=\"width: 24px; height: 24px;\"><\/div>         <\/div>     <\/div>      <div class=\"kksr-stars-active\" style=\"width: 130.9px;\">             <div class=\"kksr-star\" style=\"padding-right: 5px\">               <div class=\"kksr-icon\" style=\"width: 24px; height: 24px;\"><\/div>         <\/div>             <div class=\"kksr-star\" style=\"padding-right: 5px\">               <div class=\"kksr-icon\" style=\"width: 24px; height: 24px;\"><\/div>         <\/div>             <div class=\"kksr-star\" style=\"padding-right: 5px\">               <div class=\"kksr-icon\" style=\"width: 24px; height: 24px;\"><\/div>         <\/div>             <div class=\"kksr-star\" style=\"padding-right: 5px\">               <div class=\"kksr-icon\" style=\"width: 24px; height: 24px;\"><\/div>         <\/div>             <div class=\"kksr-star\" style=\"padding-right: 5px\">               <div class=\"kksr-icon\" style=\"width: 24px; height: 24px;\"><\/div>         <\/div>     <\/div> <\/div>                   <div class=\"kksr-legend\" style=\"font-size: 19.2px;\">             4,6\/5 - (29 votes)    <\/div>     <\/div>  <p>La machine \u00e0 faire des pelmeni a une production \u00e0 haute efficacit\u00e9 avec une capacit\u00e9 de 2500 \u00e0 3000 pi\u00e8ces par heure. Capable de produire 1, 2 ou 3 pi\u00e8ces \u00e0 la fois, elle garantit une polyvalence pour r\u00e9pondre \u00e0 divers besoins de production. La machine pr\u00e9sente une \u00e9paisseur de p\u00e2te aussi fine que 0,6 mm, offrant pr\u00e9cision et qualit\u00e9 pour chaque ravioli. <\/p>    <p>De plus, elle propose huit options de forme distinctes, y compris polygonale, \u00e0 bord dentel\u00e9 et en spirale, offrant une personnalisation unique pour votre gamme de produits. Bien que les changements de moules ne soient pas pris en charge, cette machine est un excellent choix pour une production efficace et coh\u00e9rente de pelmeni.<\/p>    <h2 class=\"wp-block-heading\">Attrait mondial de la machine \u00e0 pelmeni<\/h2>    <p>La machine \u00e0 faire des pelmeni a gagn\u00e9 en popularit\u00e9 dans le monde entier, en particulier dans les r\u00e9gions o\u00f9 les raviolis et des produits similaires font partie int\u00e9grante de la tradition culinaire. Certains des pays cl\u00e9s o\u00f9 la machine est tr\u00e8s demand\u00e9e incluent :<\/p>    <div class=\"wp-block-media-text is-stacked-on-mobile\"><figure class=\"wp-block-media-text__media\"><img loading=\"lazy\" decoding=\"async\" width=\"720\" height=\"540\" src=\"https:\/\/topfoodmachine.com\/wp-content\/uploads\/2025\/02\/Dumpling-machine.webp\" alt=\"Machine \u00e0 raviolis\" class=\"wp-image-1797 size-full\" srcset=\"https:\/\/topfoodmachine.com\/wp-content\/uploads\/2025\/02\/Dumpling-machine.webp 720w, https:\/\/topfoodmachine.com\/wp-content\/uploads\/2025\/02\/Dumpling-machine-300x225.webp 300w, https:\/\/topfoodmachine.com\/wp-content\/uploads\/2025\/02\/Dumpling-machine-16x12.webp 16w\" sizes=\"auto, (max-width: 720px) 100vw, 720px\" \/><\/figure><div class=\"wp-block-media-text__content\"> <ul class=\"wp-block-list\"> <li>Russie, Ukraine et Kazakhstan. Ces pays sont connus pour leur amour des pelmeni, rendant la machine tr\u00e8s populaire dans ces r\u00e9gions.<\/li>    <li>Pays d'Europe de l'Est et d'Asie centrale. La polyvalence et l'efficacit\u00e9 de la machine en font une option attrayante pour les producteurs de ces r\u00e9gions.<\/li>    <li>Am\u00e9rique du Nord et Europe de l'Ouest. Alors que la demande pour les aliments ethniques augmente, la machine \u00e0 faire des pelmeni devient un choix incontournable pour les entreprises cherchant \u00e0 rationaliser leur production de raviolis de haute qualit\u00e9.<\/li> <\/ul> <\/div><\/div>    <p>Avec sa capacit\u00e9 \u00e0 produire diverses formes et garnitures, ainsi que son efficacit\u00e9 automatis\u00e9e, cette machine est parfaite pour les grandes entreprises commerciales ainsi que pour les petits producteurs visant la coh\u00e9rence et la haute qualit\u00e9.<\/p>    <h2 class=\"wp-block-heading\">Avantages de la machine \u00e0 pelmeni<\/h2>    <div class=\"wp-block-media-text has-media-on-the-right is-stacked-on-mobile\"><div class=\"wp-block-media-text__content\"> <ul class=\"wp-block-list\"> <li>Grande polyvalence. Capable de produire une large vari\u00e9t\u00e9 de formes et de garnitures, adapt\u00e9e pour les raviolis, shumai, wontons, et plus encore.<\/li>    <li>Conception conviviale. Con\u00e7ue pour \u00eatre facile \u00e0 utiliser, avec une automatisation \u00e9lev\u00e9e pour un fonctionnement stable et des r\u00e9sultats pr\u00e9cis.<\/li>    <li>Contr\u00f4le pr\u00e9cis des portions. Assure un remplissage uniforme et une \u00e9paisseur de p\u00e2te pr\u00e9cise avec un contr\u00f4le ind\u00e9pendant de la p\u00e2te et de la garniture, chacune aliment\u00e9e par des moteurs \u00e0 fr\u00e9quence s\u00e9par\u00e9s.<\/li> <\/ul> <\/div><figure class=\"wp-block-media-text__media\"><img loading=\"lazy\" decoding=\"async\" width=\"720\" height=\"540\" src=\"https:\/\/topfoodmachine.com\/wp-content\/uploads\/2025\/02\/final-product-of-Pelmeni-making-machine.webp\" alt=\"produit final de la machine \u00e0 faire des pelmeni\" class=\"wp-image-1794 size-full\" srcset=\"https:\/\/topfoodmachine.com\/wp-content\/uploads\/2025\/02\/final-product-of-Pelmeni-making-machine.webp 720w, https:\/\/topfoodmachine.com\/wp-content\/uploads\/2025\/02\/final-product-of-Pelmeni-making-machine-300x225.webp 300w, https:\/\/topfoodmachine.com\/wp-content\/uploads\/2025\/02\/final-product-of-Pelmeni-making-machine-16x12.webp 16w\" sizes=\"auto, (max-width: 720px) 100vw, 720px\" \/><\/figure><\/div>    <div class=\"wp-block-media-text is-stacked-on-mobile\"><figure class=\"wp-block-media-text__media\"><img loading=\"lazy\" decoding=\"async\" width=\"720\" height=\"540\" src=\"https:\/\/topfoodmachine.com\/wp-content\/uploads\/2025\/02\/Pelmeni-making-machine-applications.webp\" alt=\"Applications de la machine \u00e0 faire des pelmeni\" class=\"wp-image-1795 size-full\" srcset=\"https:\/\/topfoodmachine.com\/wp-content\/uploads\/2025\/02\/Pelmeni-making-machine-applications.webp 720w, https:\/\/topfoodmachine.com\/wp-content\/uploads\/2025\/02\/Pelmeni-making-machine-applications-300x225.webp 300w, https:\/\/topfoodmachine.com\/wp-content\/uploads\/2025\/02\/Pelmeni-making-machine-applications-16x12.webp 16w\" sizes=\"auto, (max-width: 720px) 100vw, 720px\" \/><\/figure><div class=\"wp-block-media-text__content\"> <ul class=\"wp-block-list\"> <li>Ajustements pratiques. Permet des ajustements faciles de la vitesse, de l'\u00e9paisseur de la p\u00e2te et du poids de la garniture, garantissant coh\u00e9rence et pr\u00e9cision dans la production.<\/li>    <li>Facilit\u00e9 de nettoyage et d'entretien. Les composants cl\u00e9s tels que le convoyeur de p\u00e2te et les pi\u00e8ces de remplissage sont facilement d\u00e9tachables pour un nettoyage sans effort, avec un remontage fiable.<\/li>    <li>Construction hygi\u00e9nique. Fabriqu\u00e9e en acier inoxydable de haute qualit\u00e9, r\u00e9pondant aux normes d'hygi\u00e8ne pour la production alimentaire.<\/li> <\/ul> <\/div><\/div>    <h2 class=\"wp-block-heading\">Moules de machine \u00e0 pelmeni<\/h2>    <p>La machine \u00e0 faire des pelmeni est \u00e9quip\u00e9e de huit options de moules diff\u00e9rents, chacun con\u00e7u pour cr\u00e9er des formes de raviolis uniques adapt\u00e9es \u00e0 diverses pr\u00e9f\u00e9rences. <\/p>    <p>Ces moules offrent une gamme de designs, fournissant une polyvalence dans la production. Cependant, une fois qu'un moule est s\u00e9lectionn\u00e9, il ne peut pas \u00eatre chang\u00e9, garantissant la coh\u00e9rence de la forme et de la taille des raviolis produits. <\/p>    <p>Cette fonctionnalit\u00e9 rend la machine id\u00e9ale pour les entreprises qui souhaitent maintenir l'uniformit\u00e9 de leur gamme de produits tout en offrant une vari\u00e9t\u00e9 de styles de raviolis. Chaque moule est soigneusement con\u00e7u pour la pr\u00e9cision, garantissant des r\u00e9sultats de haute qualit\u00e9 \u00e0 chaque lot.<\/p>    <figure class=\"wp-block-image size-full\"><img loading=\"lazy\" decoding=\"async\" width=\"720\" height=\"540\" src=\"https:\/\/topfoodmachine.com\/wp-content\/uploads\/2025\/02\/Pelmeni-making-machine-molds.webp\" alt=\"Moules de machine \u00e0 faire des pelmeni\" class=\"wp-image-1799\" srcset=\"https:\/\/topfoodmachine.com\/wp-content\/uploads\/2025\/02\/Pelmeni-making-machine-molds.webp 720w, https:\/\/topfoodmachine.com\/wp-content\/uploads\/2025\/02\/Pelmeni-making-machine-molds-300x225.webp 300w, https:\/\/topfoodmachine.com\/wp-content\/uploads\/2025\/02\/Pelmeni-making-machine-molds-16x12.webp 16w\" sizes=\"auto, (max-width: 720px) 100vw, 720px\" \/><figcaption class=\"wp-element-caption\">Moules de machine \u00e0 faire des pelmeni<\/figcaption><\/figure>    <h2 class=\"wp-block-heading\">Comment fonctionne la machine \u00e0 faire des pelmeni ?<\/h2>    <p class=\"translation-block\">La machine \u00e0 faire des <a href=\"https:\/\/en.wikipedia.org\/wiki\/Pelmeni\" data-type=\"link\" data-id=\"https:\/\/en.wikipedia.org\/wiki\/Pelmeni\" target=\"_blank\" rel=\"noopener\">Pelmeni<\/a> fonctionne \u00e0 travers un processus rationalis\u00e9 qui garantit une production efficace et coh\u00e9rente de raviolis. Voici comment cela fonctionne :<\/p>    <div class=\"wp-block-media-text has-media-on-the-right is-stacked-on-mobile\"><div class=\"wp-block-media-text__content\"> <ul class=\"wp-block-list\"> <li>Pr\u00e9paration de la p\u00e2te. La p\u00e2te est d'abord introduite dans le <strong>Machine \u00e0 \u00e9taler la p\u00e2te<\/strong>, o\u00f9 elle est press\u00e9e en feuilles fines \u00e0 l'aide d'un contr\u00f4le pr\u00e9cis pour garantir l'\u00e9paisseur parfaite pour les enveloppes de raviolis.<\/li>    <li>Garniture. Apr\u00e8s que la p\u00e2te soit pr\u00e9par\u00e9e, la machine place automatiquement la garniture sur chaque wrapper, assurant un portionnement uniforme et une distribution \u00e9gale.<\/li>    <li>Moulage. La machine plie ensuite la p\u00e2te autour de la garniture, formant les raviolis dans leur forme d\u00e9sir\u00e9e, qu'il s'agisse de pelmeni traditionnels ou d'autres variations.<\/li>    <li>Sortie. Enfin, les raviolis form\u00e9s sont \u00e9ject\u00e9s de la machine, pr\u00eats pour l'emballage ou la cuisson.<\/li> <\/ul> <\/div><figure class=\"wp-block-media-text__media\"><img loading=\"lazy\" decoding=\"async\" width=\"720\" height=\"540\" src=\"https:\/\/topfoodmachine.com\/wp-content\/uploads\/2025\/02\/Dumpling-maker.webp\" alt=\"Fabricant de raviolis\" class=\"wp-image-1798 size-full\" srcset=\"https:\/\/topfoodmachine.com\/wp-content\/uploads\/2025\/02\/Dumpling-maker.webp 720w, https:\/\/topfoodmachine.com\/wp-content\/uploads\/2025\/02\/Dumpling-maker-300x225.webp 300w, https:\/\/topfoodmachine.com\/wp-content\/uploads\/2025\/02\/Dumpling-maker-16x12.webp 16w\" sizes=\"auto, (max-width: 720px) 100vw, 720px\" \/><\/figure><\/div>    <p>Ce processus automatis\u00e9 aide \u00e0 augmenter la vitesse de production tout en maintenant des normes de haute qualit\u00e9 pour chaque ravioli.<\/p>    <h2 class=\"wp-block-heading\">param\u00e8tres de la machine \u00e0 raviolis<\/h2>    <figure class=\"wp-block-table\"><table class=\"has-fixed-layout\"><tbody><tr><td>Mod\u00e8le<\/td><td>ST-780<\/td><\/tr><tr><td>Taille<\/td><td>2900*1700*1800mm<\/td><\/tr><tr><td>Poids du produit<\/td><td>15-80g<\/td><\/tr><tr><td>Poids de la machine<\/td><td>1100kg<\/td><\/tr><tr><td>Capacit\u00e9<\/td><td>2500-3000 pcs\/h<\/td><\/tr><tr><td>Pouvoir<\/td><td>3.6kw, 50\/60hz<\/td><\/tr><\/tbody><\/table><figcaption class=\"wp-element-caption\">Param\u00e8tres de la machine \u00e0 faire des pelmeni<\/figcaption><\/figure>    <figure class=\"wp-block-image size-full\"><img loading=\"lazy\" decoding=\"async\" width=\"720\" height=\"540\" src=\"https:\/\/topfoodmachine.com\/wp-content\/uploads\/2025\/02\/1737613350037.webp\" alt=\"machine \u00e0 raviolis\" class=\"wp-image-1796\" srcset=\"https:\/\/topfoodmachine.com\/wp-content\/uploads\/2025\/02\/1737613350037.webp 720w, https:\/\/topfoodmachine.com\/wp-content\/uploads\/2025\/02\/1737613350037-300x225.webp 300w, https:\/\/topfoodmachine.com\/wp-content\/uploads\/2025\/02\/1737613350037-16x12.webp 16w\" sizes=\"auto, (max-width: 720px) 100vw, 720px\" \/><figcaption class=\"wp-element-caption\">machine \u00e0 raviolis<\/figcaption><\/figure>    <h2 class=\"wp-block-heading\">Quelles machines peuvent fonctionner avec la machine \u00e0 raviolis ?<\/h2>    <p>Pour am\u00e9liorer l'efficacit\u00e9 et rationaliser le processus de production, la machine \u00e0 faire des pelmeni peut \u00eatre associ\u00e9e \u00e0 des \u00e9quipements suppl\u00e9mentaires qui compl\u00e8tent sa fonctionnalit\u00e9. Certaines des machines qui fonctionnent parfaitement avec la machine \u00e0 raviolis incluent :<\/p>    <ul class=\"wp-block-list\"> <li><strong>Machine \u00e0 \u00e9taler la p\u00e2te<\/strong>. Cette machine aide \u00e0 presser la p\u00e2te en feuilles fines et uniformes avant qu'elles ne soient form\u00e9es en enveloppes de raviolis. En introduisant la p\u00e2te dans l'\u00e9taleuse, elle garantit une \u00e9paisseur et une forme coh\u00e9rentes, ce qui est id\u00e9al pour un remplissage pr\u00e9cis.<\/li>    <li><strong>Machine de mise en plateau<\/strong>. Apr\u00e8s que les raviolis sont fabriqu\u00e9s, une machine de mise en plateau dispose automatiquement les raviolis sur des plateaux pour un emballage ou une cuisson faciles. Cette machine r\u00e9duit le travail manuel et acc\u00e9l\u00e8re le processus, garantissant un flux de travail efficace.<\/li> <\/ul>    <figure class=\"wp-block-image size-full\"><img loading=\"lazy\" decoding=\"async\" width=\"720\" height=\"540\" src=\"https:\/\/topfoodmachine.com\/wp-content\/uploads\/2025\/02\/dumplings.webp\" alt=\"raviolis\" class=\"wp-image-1800\" srcset=\"https:\/\/topfoodmachine.com\/wp-content\/uploads\/2025\/02\/dumplings.webp 720w, https:\/\/topfoodmachine.com\/wp-content\/uploads\/2025\/02\/dumplings-300x225.webp 300w, https:\/\/topfoodmachine.com\/wp-content\/uploads\/2025\/02\/dumplings-16x12.webp 16w\" sizes=\"auto, (max-width: 720px) 100vw, 720px\" \/><figcaption class=\"wp-element-caption\">raviolis<\/figcaption><\/figure>    <p>Ensemble, ces machines optimisent la ligne de production, rendant l'ensemble du processus\u2014de la pr\u00e9paration de la p\u00e2te \u00e0 l'assiette finale\u2014beaucoup plus fluide et automatis\u00e9.<\/p>    <h2 class=\"wp-block-heading\">Conclusion<\/h2>    <p class=\"translation-block\">En plus de la machine \u00e0 faire des pelmeni, notre entreprise propose \u00e9galement une gamme d'autres \u00e9quipements sp\u00e9cialis\u00e9s, y compris la <a href=\"https:\/\/topfoodmachine.com\/fr\/product\/automatic-dumpling-making-machine\/\" data-type=\"link\" data-id=\"https:\/\/topfoodmachine.com\/product\/automatic-dumpling-making-machine\/\">machine \u00e0 faire des raviolis en soupe<\/a> et la <a href=\"https:\/\/topfoodmachine.com\/fr\/product\/siomai-making-machine\/\" data-type=\"link\" data-id=\"https:\/\/topfoodmachine.com\/product\/siomai-making-machine\/\">machine \u00e0 shumai<\/a>. Ces machines sont con\u00e7ues pour r\u00e9pondre aux divers besoins des producteurs alimentaires, garantissant une production de haute qualit\u00e9 et efficace. <\/p>    <p>N'h\u00e9sitez pas \u00e0 nous contacter pour plus d'informations ou pour vous renseigner sur les prix de nos machines. Nous sommes impatients de vous aider \u00e0 am\u00e9liorer vos capacit\u00e9s de production !<\/p>","protected":false},"excerpt":{"rendered":"<p>La machine \u00e0 faire des pelmeni a une production \u00e0 haute efficacit\u00e9 avec une capacit\u00e9 de 2500 \u00e0 3000 pi\u00e8ces par heure. Capable de produire 1, 2 ou 3 pi\u00e8ces \u00e0 la fois, elle garantit une polyvalence pour r\u00e9pondre \u00e0 divers besoins de production. <\/p>","protected":false},"author":1,"featured_media":1793,"parent":0,"template":"","tags":[107],"product-type":[6],"class_list":["post-1792","product","type-product","status-publish","has-post-thumbnail","hentry","tag-pelmeni-making-machine","product-type-pastry-production-machine"],"_links":{"self":[{"href":"https:\/\/topfoodmachine.com\/fr\/wp-json\/wp\/v2\/product\/1792","targetHints":{"allow":["GET"]}}],"collection":[{"href":"https:\/\/topfoodmachine.com\/fr\/wp-json\/wp\/v2\/product"}],"about":[{"href":"https:\/\/topfoodmachine.com\/fr\/wp-json\/wp\/v2\/types\/product"}],"author":[{"embeddable":true,"href":"https:\/\/topfoodmachine.com\/fr\/wp-json\/wp\/v2\/users\/1"}],"wp:featuredmedia":[{"embeddable":true,"href":"https:\/\/topfoodmachine.com\/fr\/wp-json\/wp\/v2\/media\/1793"}],"wp:attachment":[{"href":"https:\/\/topfoodmachine.com\/fr\/wp-json\/wp\/v2\/media?parent=1792"}],"wp:term":[{"taxonomy":"post_tag","embeddable":true,"href":"https:\/\/topfoodmachine.com\/fr\/wp-json\/wp\/v2\/tags?post=1792"},{"taxonomy":"product-type","embeddable":true,"href":"https:\/\/topfoodmachine.com\/fr\/wp-json\/wp\/v2\/product-type?post=1792"}],"curies":[{"name":"wp","href":"https:\/\/api.w.org\/{rel}","templated":true}]}}