{"id":1784,"date":"2025-02-14T16:15:25","date_gmt":"2025-02-14T08:15:25","guid":{"rendered":"https:\/\/topfoodmachine.com\/?post_type=product&#038;p=1784"},"modified":"2025-02-14T16:17:05","modified_gmt":"2025-02-14T08:17:05","slug":"dough-sheeter-machine","status":"publish","type":"product","link":"https:\/\/topfoodmachine.com\/fr\/product\/dough-sheeter-machine\/","title":{"rendered":"Machine \u00e0 \u00e9taler la p\u00e2te"},"content":{"rendered":"<div class=\"kk-star-ratings kksr-auto kksr-align-left kksr-valign-top\"     data-payload='{&quot;align&quot;:&quot;left&quot;,&quot;id&quot;:&quot;1784&quot;,&quot;slug&quot;:&quot;default&quot;,&quot;valign&quot;:&quot;top&quot;,&quot;ignore&quot;:&quot;&quot;,&quot;reference&quot;:&quot;auto&quot;,&quot;class&quot;:&quot;&quot;,&quot;count&quot;:&quot;20&quot;,&quot;legendonly&quot;:&quot;&quot;,&quot;readonly&quot;:&quot;&quot;,&quot;score&quot;:&quot;4.6&quot;,&quot;starsonly&quot;:&quot;&quot;,&quot;best&quot;:&quot;5&quot;,&quot;gap&quot;:&quot;5&quot;,&quot;greet&quot;:&quot;Rate this product&quot;,&quot;legend&quot;:&quot;4.6\\\/5 - (20 votes)&quot;,&quot;size&quot;:&quot;24&quot;,&quot;title&quot;:&quot;Dough sheeter machine&quot;,&quot;width&quot;:&quot;130.9&quot;,&quot;_legend&quot;:&quot;{score}\\\/{best} - ({count} {votes})&quot;,&quot;font_factor&quot;:&quot;1.25&quot;}'>              <div class=\"kksr-stars\">      <div class=\"kksr-stars-inactive\">             <div class=\"kksr-star\" data-star=\"1\" style=\"padding-right: 5px\">               <div class=\"kksr-icon\" style=\"width: 24px; height: 24px;\"><\/div>         <\/div>             <div class=\"kksr-star\" data-star=\"2\" style=\"padding-right: 5px\">               <div class=\"kksr-icon\" style=\"width: 24px; height: 24px;\"><\/div>         <\/div>             <div class=\"kksr-star\" data-star=\"3\" style=\"padding-right: 5px\">               <div class=\"kksr-icon\" style=\"width: 24px; height: 24px;\"><\/div>         <\/div>             <div class=\"kksr-star\" data-star=\"4\" style=\"padding-right: 5px\">               <div class=\"kksr-icon\" style=\"width: 24px; height: 24px;\"><\/div>         <\/div>             <div class=\"kksr-star\" data-star=\"5\" style=\"padding-right: 5px\">               <div class=\"kksr-icon\" style=\"width: 24px; height: 24px;\"><\/div>         <\/div>     <\/div>      <div class=\"kksr-stars-active\" style=\"width: 130.9px;\">             <div class=\"kksr-star\" style=\"padding-right: 5px\">               <div class=\"kksr-icon\" style=\"width: 24px; height: 24px;\"><\/div>         <\/div>             <div class=\"kksr-star\" style=\"padding-right: 5px\">               <div class=\"kksr-icon\" style=\"width: 24px; height: 24px;\"><\/div>         <\/div>             <div class=\"kksr-star\" style=\"padding-right: 5px\">               <div class=\"kksr-icon\" style=\"width: 24px; height: 24px;\"><\/div>         <\/div>             <div class=\"kksr-star\" style=\"padding-right: 5px\">               <div class=\"kksr-icon\" style=\"width: 24px; height: 24px;\"><\/div>         <\/div>             <div class=\"kksr-star\" style=\"padding-right: 5px\">               <div class=\"kksr-icon\" style=\"width: 24px; height: 24px;\"><\/div>         <\/div>     <\/div> <\/div>                   <div class=\"kksr-legend\" style=\"font-size: 19.2px;\">             4,6\/5 - (20 votes)    <\/div>     <\/div>  <p>La machine \u00e0 \u00e9taler la p\u00e2te peut facilement rouler la p\u00e2te pour les peaux de baozi, les wrappers de raviolis et les peaux de wonton. Elle prend en charge une taille de roulage maximale de 17 cm et offre des tailles personnalisables pour r\u00e9pondre \u00e0 divers besoins de production.<\/p>    <p>Avec une production impressionnante de 3000 \u00e0 4000 pi\u00e8ces par heure, elle garantit une haute efficacit\u00e9. La machine cr\u00e9e une p\u00e2te avec un centre plus \u00e9pais et des bords plus fins, offrant la texture parfaite pour les baozi, les raviolis et les wrappers de wonton. <\/p>    <figure class=\"wp-block-embed is-type-video is-provider-youtube wp-block-embed-youtube wp-embed-aspect-16-9 wp-has-aspect-ratio\"><div class=\"wp-block-embed__wrapper\"> <iframe loading=\"lazy\" title=\"Comment fonctionne la machine \u00e0 rouleau \u00e0 p\u00e2te | Traitement de la p\u00e2te facile et efficace #p\u00e2te #rouleau #machinealimentaire\" width=\"500\" height=\"281\" src=\"https:\/\/www.youtube.com\/embed\/TiL7Dr69mjg?feature=oembed\" frameborder=\"0\" allow=\"accelerometer; autoplay; clipboard-write; encrypted-media; gyroscope; picture-in-picture; web-share\" referrerpolicy=\"strict-origin-when-cross-origin\" allowfullscreen><\/iframe> <\/div><figcaption class=\"wp-element-caption\">Vid\u00e9o de travail de la machine \u00e0 \u00e9taler la p\u00e2te<\/figcaption><\/figure>    <h2 class=\"wp-block-heading\">Machine \u00e0 \u00e9taler la p\u00e2te \u00e0 vendre<\/h2>    <p>La machine \u00e0 \u00e9taler la p\u00e2te, avec un diam\u00e8tre de roulage maximum de 17 cm, est capable de traiter des p\u00e2tes de diff\u00e9rentes \u00e9paisseurs et tailles. Elle offre \u00e9galement la flexibilit\u00e9 d'ajouter du ghee, ce qui la rend parfaite pour cr\u00e9er des cro\u00fbtes feuillet\u00e9es et beurr\u00e9es.<\/p>    <p>Le design de la machine offre une excellente flexibilit\u00e9 avec diff\u00e9rentes options de moules pour obtenir soit un centre \u00e9pais et des bords fins, soit une p\u00e2te parfaitement plate.<\/p>    <h3 class=\"wp-block-heading\"><strong>Caract\u00e9ristiques cl\u00e9s<\/strong><\/h3>    <div class=\"wp-block-media-text is-stacked-on-mobile\"><figure class=\"wp-block-media-text__media\"><img loading=\"lazy\" decoding=\"async\" width=\"720\" height=\"540\" src=\"https:\/\/topfoodmachine.com\/wp-content\/uploads\/2025\/02\/dough-roller.webp\" alt=\"rouleau \u00e0 p\u00e2te\" class=\"wp-image-1787 size-full\" srcset=\"https:\/\/topfoodmachine.com\/wp-content\/uploads\/2025\/02\/dough-roller.webp 720w, https:\/\/topfoodmachine.com\/wp-content\/uploads\/2025\/02\/dough-roller-300x225.webp 300w, https:\/\/topfoodmachine.com\/wp-content\/uploads\/2025\/02\/dough-roller-16x12.webp 16w\" sizes=\"auto, (max-width: 720px) 100vw, 720px\" \/><\/figure><div class=\"wp-block-media-text__content\"> <ul class=\"wp-block-list\"> <li><strong>Diam\u00e8tre maximum<\/strong>. 17 cm (avec une plage de diam\u00e8tre de 50 \u00e0 170 mm), principalement d\u00e9pendant de la largeur de la bande transporteuse.<\/li>    <li><strong>Capacit\u00e9 de production.<\/strong> 3000-4000 pi\u00e8ces par heure, ou 40-60 pi\u00e8ces par minute, garantissant une haute efficacit\u00e9 pour la production \u00e0 grande \u00e9chelle.<\/li>    <li><strong>Effets de la p\u00e2te<\/strong>. Options pour cr\u00e9er une p\u00e2te avec un centre \u00e9pais et des bords fins ou une p\u00e2te parfaitement plate en fonction du moule utilis\u00e9.<\/li>    <li><strong>Personnalisation.<\/strong> Tailles personnalisables disponibles, parfaites pour des exigences de production vari\u00e9es.<\/li>    <li><strong>Fonctionnement simple.<\/strong> Le chemin de la p\u00e2te est ajust\u00e9 en r\u00e9gulant le chemin de la bande transporteuse, garantissant un roulage de p\u00e2te fluide et constant.<\/li>    <li><strong>Fonction unique.<\/strong> La machine est sp\u00e9cifiquement con\u00e7ue pour l'\u00e9talement de la p\u00e2te sans autres fonctions suppl\u00e9mentaires.<\/li> <\/ul> <\/div><\/div>    <h2 class=\"wp-block-heading\">\u00c9quipements de soutien de la machine \u00e0 \u00e9taler la p\u00e2te<\/h2>    <p class=\"translation-block\">La <strong>Machine \u00e0 \u00c9taler la P\u00e2te<\/strong> devient encore plus efficace lorsqu'elle est associ\u00e9e \u00e0 des \u00e9quipements de soutien comme la <strong><a href=\"https:\/\/topfoodmachine.com\/fr\/product\/automatic-dough-divider-rounder\/\">Machine \u00e0 Diviser la P\u00e2te<\/a><\/strong>. <\/p>    <p>Cette combinaison garantit un processus de production fluide et \u00e0 fort volume en non seulement \u00e9talant la p\u00e2te mais aussi en la divisant avec pr\u00e9cision en portions uniformes. <\/p>    <p>En utilisant les deux machines ensemble, les entreprises peuvent consid\u00e9rablement am\u00e9liorer la productivit\u00e9 et maintenir une qualit\u00e9 de p\u00e2te constante.<\/p>    <figure class=\"wp-block-image size-full\"><img loading=\"lazy\" decoding=\"async\" width=\"720\" height=\"540\" src=\"https:\/\/topfoodmachine.com\/wp-content\/uploads\/2025\/02\/Dough-Sheeter-Machine-for-sale.webp\" alt=\"Machine \u00e0 \u00e9taler la p\u00e2te \u00e0 vendre\" class=\"wp-image-1790\" srcset=\"https:\/\/topfoodmachine.com\/wp-content\/uploads\/2025\/02\/Dough-Sheeter-Machine-for-sale.webp 720w, https:\/\/topfoodmachine.com\/wp-content\/uploads\/2025\/02\/Dough-Sheeter-Machine-for-sale-300x225.webp 300w, https:\/\/topfoodmachine.com\/wp-content\/uploads\/2025\/02\/Dough-Sheeter-Machine-for-sale-16x12.webp 16w\" sizes=\"auto, (max-width: 720px) 100vw, 720px\" \/><figcaption class=\"wp-element-caption\">Machine \u00e0 \u00e9taler la p\u00e2te \u00e0 vendre<\/figcaption><\/figure>    <h3 class=\"wp-block-heading\">Avantages cl\u00e9s de la combinaison de la machine \u00e0 \u00e9taler la p\u00e2te avec la machine \u00e0 diviser la p\u00e2te<\/h3>    <div class=\"wp-block-media-text has-media-on-the-right is-stacked-on-mobile\"><div class=\"wp-block-media-text__content\"> <ul class=\"wp-block-list\"> <li><strong>Portions uniformes<\/strong>. La Machine \u00e0 Diviser la P\u00e2te garantit des portions de p\u00e2te \u00e9gales, ce qui aide \u00e0 maintenir la coh\u00e9rence dans la taille et le poids du produit final.<\/li>    <li><strong>Efficacit\u00e9 accrue<\/strong>. Ensemble, les machines r\u00e9duisent le travail manuel et acc\u00e9l\u00e8rent la production, permettant un rendement plus \u00e9lev\u00e9 en moins de temps.<\/li>    <li><strong>Am\u00e9lioration de la qualit\u00e9 du produit<\/strong>. Des portions de p\u00e2te coh\u00e9rentes et une \u00e9paisseur uniforme conduisent \u00e0 des r\u00e9sultats plus constants dans des produits comme le pain, les petits pains ou les raviolis.<\/li>    <li><strong>Polyvalence<\/strong>. Ces machines peuvent \u00eatre utilis\u00e9es pour divers types de p\u00e2te, que ce soit pour des produits de boulangerie, des raviolis ou d'autres produits \u00e0 base de p\u00e2te.<\/li> <\/ul> <\/div><figure class=\"wp-block-media-text__media\"><img loading=\"lazy\" decoding=\"async\" width=\"720\" height=\"540\" src=\"https:\/\/topfoodmachine.com\/wp-content\/uploads\/2024\/05\/electric-Dough-Divider-Rounder.webp\" alt=\"Diviseur rond \u00e9lectrique\" class=\"wp-image-1254 size-full\" srcset=\"https:\/\/topfoodmachine.com\/wp-content\/uploads\/2024\/05\/electric-Dough-Divider-Rounder.webp 720w, https:\/\/topfoodmachine.com\/wp-content\/uploads\/2024\/05\/electric-Dough-Divider-Rounder-300x225.webp 300w, https:\/\/topfoodmachine.com\/wp-content\/uploads\/2024\/05\/electric-Dough-Divider-Rounder-16x12.webp 16w\" sizes=\"auto, (max-width: 720px) 100vw, 720px\" \/><\/figure><\/div>    <h2 class=\"wp-block-heading\">FAQ sur les machines \u00e0 \u00e9taler la p\u00e2te<\/h2>   <div id=\"rank-math-faq\" class=\"rank-math-block\"> <div class=\"rank-math-list\"> <div id=\"faq-question-1739515765950\" class=\"rank-math-list-item\"> <h3 class=\"rank-math-question\">Quels types de p\u00e2te la machine peut-elle traiter ?<\/h3> <div class=\"rank-math-answer\">  <p>La machine est adapt\u00e9e \u00e0 une vari\u00e9t\u00e9 de types de p\u00e2te, y compris la p\u00e2te pour raviolis, baozi, wrappers de wonton et autres produits \u00e0 base de p\u00e2tisserie. Elle peut \u00eatre utilis\u00e9e pour des p\u00e2tes \u00e0 la fois molles et fermes.<\/p>  <\/div> <\/div> <div id=\"faq-question-1739516000319\" class=\"rank-math-list-item\"> <h3 class=\"rank-math-question\">L'\u00e9paisseur de la feuille de p\u00e2te peut-elle \u00eatre ajust\u00e9e ?<\/h3> <div class=\"rank-math-answer\">  <p>Oui, l'\u00e9paisseur de la feuille de p\u00e2te peut \u00eatre facilement ajust\u00e9e en utilisant les r\u00e9glages de la machine. Cela permet de personnaliser l'\u00e9paisseur de la p\u00e2te pour s'adapter \u00e0 diff\u00e9rentes applications, comme des peaux plus \u00e9paisses pour les baozi ou des feuilles plus fines pour les raviolis.<\/p>  <\/div> <\/div> <div id=\"faq-question-1739516023109\" class=\"rank-math-list-item\"> <h3 class=\"rank-math-question\">Comment la machine \u00e0 \u00e9taler la p\u00e2te obtient-elle l'effet de \u2018centre plus \u00e9pais et bords plus fins\u2019 ?<\/h3> <div class=\"rank-math-answer\">  <p class=\"translation-block\">La machine utilise des moules sp\u00e9cialement con\u00e7us pour cr\u00e9er des feuilles de p\u00e2te avec un <strong>centre plus \u00e9pais<\/strong> et des <strong>bords plus fins<\/strong>, ce qui est id\u00e9al pour certains types de raviolis, de tartes et d'autres produits.<\/p>  <\/div> <\/div> <div id=\"faq-question-1739516091551\" class=\"rank-math-list-item\"> <h3 class=\"rank-math-question\">La machine est-elle facile \u00e0 nettoyer et \u00e0 entretenir ?<\/h3> <div class=\"rank-math-answer\">  <p>Oui, la machine \u00e0 \u00e9taler la p\u00e2te est con\u00e7ue pour un entretien facile. Les composants sont facilement accessibles pour le nettoyage, garantissant que vous pouvez maintenir des normes d'hygi\u00e8ne et prolonger la dur\u00e9e de vie de la machine.<\/p>  <\/div> <\/div> <\/div> <\/div>   <figure class=\"wp-block-image size-full\"><img loading=\"lazy\" decoding=\"async\" width=\"720\" height=\"540\" src=\"https:\/\/topfoodmachine.com\/wp-content\/uploads\/2025\/02\/dough.webp\" alt=\"p\u00e2te\" class=\"wp-image-1791\" srcset=\"https:\/\/topfoodmachine.com\/wp-content\/uploads\/2025\/02\/dough.webp 720w, https:\/\/topfoodmachine.com\/wp-content\/uploads\/2025\/02\/dough-300x225.webp 300w, https:\/\/topfoodmachine.com\/wp-content\/uploads\/2025\/02\/dough-16x12.webp 16w\" sizes=\"auto, (max-width: 720px) 100vw, 720px\" \/><figcaption class=\"wp-element-caption\">p\u00e2te<\/figcaption><\/figure>    <h2 class=\"wp-block-heading\">Cas r\u00e9ussi de p\u00e2te <a href=\"https:\/\/en.wikipedia.org\/wiki\/Roller\" data-type=\"link\" data-id=\"https:\/\/en.wikipedia.org\/wiki\/Roller\" target=\"_blank\" rel=\"noopener\">rouleau<\/a><\/h2>    <p class=\"translation-block\">Une entreprise alimentaire, bas\u00e9e aux <strong>\u00c9tats-Unis<\/strong>, se sp\u00e9cialise dans la production de baozi et de raviolis, mais a rencontr\u00e9 des probl\u00e8mes d'\u00e9paisseur de p\u00e2te in\u00e9gale et d'efficacit\u00e9 de production faible. Ils recherchaient une machine \u00e0 \u00e9taler la p\u00e2te \u00e0 haute efficacit\u00e9 pour garantir une qualit\u00e9 de p\u00e2te constante.<\/p>    <p>Apr\u00e8s avoir compris les besoins du client, nous avons recommand\u00e9 la machine \u00e0 \u00e9taler la p\u00e2te, qui permet un ajustement pr\u00e9cis de l'\u00e9paisseur de la p\u00e2te, adapt\u00e9e \u00e0 la production \u00e0 grande \u00e9chelle. Nous avons r\u00e9pondu aux pr\u00e9occupations du client concernant la production et la facilit\u00e9 d'utilisation.<\/p>    <p>Apr\u00e8s mise en \u0153uvre, cette entreprise alimentaire a augment\u00e9 sa production, avec une qualit\u00e9 de p\u00e2te constante. L'efficacit\u00e9 de production a augment\u00e9 de 30 %, et le client \u00e9tait tr\u00e8s satisfait des performances de la machine et des r\u00e9sultats de la p\u00e2te.<\/p>    <figure class=\"wp-block-gallery has-nested-images columns-default is-cropped wp-block-gallery-2 is-layout-flex wp-block-gallery-is-layout-flex\"> <figure class=\"wp-block-image size-large\"><img loading=\"lazy\" decoding=\"async\" width=\"720\" height=\"540\" data-id=\"1788\" src=\"https:\/\/topfoodmachine.com\/wp-content\/uploads\/2025\/02\/dough-roller-details.webp\" alt=\"d\u00e9tails du rouleau \u00e0 p\u00e2te\" class=\"wp-image-1788\" srcset=\"https:\/\/topfoodmachine.com\/wp-content\/uploads\/2025\/02\/dough-roller-details.webp 720w, https:\/\/topfoodmachine.com\/wp-content\/uploads\/2025\/02\/dough-roller-details-300x225.webp 300w, https:\/\/topfoodmachine.com\/wp-content\/uploads\/2025\/02\/dough-roller-details-16x12.webp 16w\" sizes=\"auto, (max-width: 720px) 100vw, 720px\" \/><figcaption class=\"wp-element-caption\">d\u00e9tails du rouleau \u00e0 p\u00e2te<\/figcaption><\/figure>    <figure class=\"wp-block-image size-large\"><img loading=\"lazy\" decoding=\"async\" width=\"720\" height=\"540\" data-id=\"1789\" src=\"https:\/\/topfoodmachine.com\/wp-content\/uploads\/2025\/02\/Dough-Sheeter-Machine-price.webp\" alt=\"Prix de la machine \u00e0 \u00e9taler la p\u00e2te\" class=\"wp-image-1789\" srcset=\"https:\/\/topfoodmachine.com\/wp-content\/uploads\/2025\/02\/Dough-Sheeter-Machine-price.webp 720w, https:\/\/topfoodmachine.com\/wp-content\/uploads\/2025\/02\/Dough-Sheeter-Machine-price-300x225.webp 300w, https:\/\/topfoodmachine.com\/wp-content\/uploads\/2025\/02\/Dough-Sheeter-Machine-price-16x12.webp 16w\" sizes=\"auto, (max-width: 720px) 100vw, 720px\" \/><figcaption class=\"wp-element-caption\">Prix de la machine \u00e0 \u00e9taler la p\u00e2te<\/figcaption><\/figure> <\/figure>    <h2 class=\"wp-block-heading\">Conclusion<\/h2>    <p class=\"translation-block\">En conclusion, la <strong>machine \u00e0 \u00e9taler la p\u00e2te<\/strong> est un outil essentiel pour les entreprises cherchant \u00e0 am\u00e9liorer l'efficacit\u00e9 du traitement de la p\u00e2te tout en maintenant des r\u00e9sultats de haute qualit\u00e9. Avec sa capacit\u00e9 \u00e0 produire une \u00e9paisseur de p\u00e2te constante et \u00e0 g\u00e9rer une production \u00e0 fort volume, elle est parfaite pour les boulangeries, les restaurants et les fabricants alimentaires. <\/p>    <p class=\"translation-block\">Pour plus d'informations ou pour demander des prix, n'h\u00e9sitez pas \u00e0 <strong>nous contacter<\/strong>. Nous sommes heureux de vous aider avec toutes vos questions et de fournir une solution adapt\u00e9e aux besoins de votre entreprise.<\/p>","protected":false},"excerpt":{"rendered":"<p>La machine \u00e0 \u00e9taler la p\u00e2te peut facilement rouler la p\u00e2te pour les peaux de baozi, les wrappers de raviolis et les peaux de wonton. Elle prend en charge une taille de roulage maximale de 17 cm et offre des tailles personnalisables pour r\u00e9pondre \u00e0 divers besoins de production.<\/p>","protected":false},"author":1,"featured_media":1786,"parent":0,"template":"","tags":[106],"product-type":[6],"class_list":["post-1784","product","type-product","status-publish","has-post-thumbnail","hentry","tag-dough-sheeter-machine","product-type-pastry-production-machine"],"_links":{"self":[{"href":"https:\/\/topfoodmachine.com\/fr\/wp-json\/wp\/v2\/product\/1784","targetHints":{"allow":["GET"]}}],"collection":[{"href":"https:\/\/topfoodmachine.com\/fr\/wp-json\/wp\/v2\/product"}],"about":[{"href":"https:\/\/topfoodmachine.com\/fr\/wp-json\/wp\/v2\/types\/product"}],"author":[{"embeddable":true,"href":"https:\/\/topfoodmachine.com\/fr\/wp-json\/wp\/v2\/users\/1"}],"wp:featuredmedia":[{"embeddable":true,"href":"https:\/\/topfoodmachine.com\/fr\/wp-json\/wp\/v2\/media\/1786"}],"wp:attachment":[{"href":"https:\/\/topfoodmachine.com\/fr\/wp-json\/wp\/v2\/media?parent=1784"}],"wp:term":[{"taxonomy":"post_tag","embeddable":true,"href":"https:\/\/topfoodmachine.com\/fr\/wp-json\/wp\/v2\/tags?post=1784"},{"taxonomy":"product-type","embeddable":true,"href":"https:\/\/topfoodmachine.com\/fr\/wp-json\/wp\/v2\/product-type?post=1784"}],"curies":[{"name":"wp","href":"https:\/\/api.w.org\/{rel}","templated":true}]}}