{"id":176,"date":"2022-07-20T07:26:08","date_gmt":"2022-07-20T07:26:08","guid":{"rendered":"https:\/\/topfoodmachine.com\/?post_type=product&#038;p=176"},"modified":"2025-11-24T11:33:05","modified_gmt":"2025-11-24T03:33:05","slug":"garlic-peeling-machine","status":"publish","type":"product","link":"https:\/\/topfoodmachine.com\/fr\/product\/garlic-peeling-machine\/","title":{"rendered":"Machine \u00e0 \u00e9plucher l'ail"},"content":{"rendered":"<div class=\"kk-star-ratings kksr-auto kksr-align-left kksr-valign-top\"     data-payload='{&quot;align&quot;:&quot;left&quot;,&quot;id&quot;:&quot;176&quot;,&quot;slug&quot;:&quot;default&quot;,&quot;valign&quot;:&quot;top&quot;,&quot;ignore&quot;:&quot;&quot;,&quot;reference&quot;:&quot;auto&quot;,&quot;class&quot;:&quot;&quot;,&quot;count&quot;:&quot;14&quot;,&quot;legendonly&quot;:&quot;&quot;,&quot;readonly&quot;:&quot;&quot;,&quot;score&quot;:&quot;4.7&quot;,&quot;starsonly&quot;:&quot;&quot;,&quot;best&quot;:&quot;5&quot;,&quot;gap&quot;:&quot;5&quot;,&quot;greet&quot;:&quot;Rate this product&quot;,&quot;legend&quot;:&quot;4.7\\\/5 - (14 votes)&quot;,&quot;size&quot;:&quot;24&quot;,&quot;title&quot;:&quot;Garlic Peeling Machine&quot;,&quot;width&quot;:&quot;133.8&quot;,&quot;_legend&quot;:&quot;{score}\\\/{best} - ({count} {votes})&quot;,&quot;font_factor&quot;:&quot;1.25&quot;}'>              <div class=\"kksr-stars\">      <div class=\"kksr-stars-inactive\">             <div class=\"kksr-star\" data-star=\"1\" style=\"padding-right: 5px\">               <div class=\"kksr-icon\" style=\"width: 24px; height: 24px;\"><\/div>         <\/div>             <div class=\"kksr-star\" data-star=\"2\" style=\"padding-right: 5px\">               <div class=\"kksr-icon\" style=\"width: 24px; height: 24px;\"><\/div>         <\/div>             <div class=\"kksr-star\" data-star=\"3\" style=\"padding-right: 5px\">               <div class=\"kksr-icon\" style=\"width: 24px; height: 24px;\"><\/div>         <\/div>             <div class=\"kksr-star\" data-star=\"4\" style=\"padding-right: 5px\">               <div class=\"kksr-icon\" style=\"width: 24px; height: 24px;\"><\/div>         <\/div>             <div class=\"kksr-star\" data-star=\"5\" style=\"padding-right: 5px\">               <div class=\"kksr-icon\" style=\"width: 24px; height: 24px;\"><\/div>         <\/div>     <\/div>      <div class=\"kksr-stars-active\" style=\"width: 133.8px;\">             <div class=\"kksr-star\" style=\"padding-right: 5px\">               <div class=\"kksr-icon\" style=\"width: 24px; height: 24px;\"><\/div>         <\/div>             <div class=\"kksr-star\" style=\"padding-right: 5px\">               <div class=\"kksr-icon\" style=\"width: 24px; height: 24px;\"><\/div>         <\/div>             <div class=\"kksr-star\" style=\"padding-right: 5px\">               <div class=\"kksr-icon\" style=\"width: 24px; height: 24px;\"><\/div>         <\/div>             <div class=\"kksr-star\" style=\"padding-right: 5px\">               <div class=\"kksr-icon\" style=\"width: 24px; height: 24px;\"><\/div>         <\/div>             <div class=\"kksr-star\" style=\"padding-right: 5px\">               <div class=\"kksr-icon\" style=\"width: 24px; height: 24px;\"><\/div>         <\/div>     <\/div> <\/div>                   <div class=\"kksr-legend\" style=\"font-size: 19.2px;\">             4,7\/5 - (14 votes)    <\/div>     <\/div>  <p class=\"translation-block\">La <strong>Machine \u00e0 \u00e9plucher l\u2019ail<\/strong> est une solution \u00e0 haute efficacit\u00e9 pour un \u00e9pluchage propre et hygi\u00e9nique de l\u2019ail sec, adapt\u00e9e aux usines alimentaires, aux fermes, aux restaurants et aux march\u00e9s. Nous proposons deux mod\u00e8les : une petite unit\u00e9 avec <strong>60\u2013300 kg\/h<\/strong> de capacit\u00e9 pour les petits transformateurs, et une grande unit\u00e9 enti\u00e8rement automatique avec <strong>200\u20131000 kg\/h<\/strong> de capacit\u00e9 pour une production continue \u00e0 haut volume.<\/p>    <p class=\"translation-block\">Utilisant une technologie pneumatique s\u00e8che avanc\u00e9e, la machine \u00e9pluche l\u2019ail sans eau et atteint un taux d\u2019\u00e9pluchage de <strong>95\u201398%<\/strong> avec un minimum de dommages aux gousses. Sa construction en acier inoxydable 304 garantit durabilit\u00e9, facilit\u00e9 de nettoyage et conformit\u00e9 totale aux normes de s\u00e9curit\u00e9 alimentaire. Compar\u00e9e \u00e0 l\u2019\u00e9pluchage manuel, elle augmente consid\u00e9rablement l\u2019efficacit\u00e9 et r\u00e9duit les co\u00fbts de main-d\u2019\u0153uvre.<\/p>    <p>Tous les mod\u00e8les supportent la personnalisation en tension, capacit\u00e9 et mat\u00e9riau. Avec des prix comp\u00e9titifs et une performance fiable, la machine \u00e0 \u00e9plucher l\u2019ail est un excellent choix pour d\u00e9velopper votre activit\u00e9 de transformation de l\u2019ail. Contactez-nous pour des solutions sur mesure et des devis.<\/p>    <figure class=\"wp-block-embed is-type-video is-provider-youtube wp-block-embed-youtube wp-embed-aspect-9-16 wp-has-aspect-ratio\"><div class=\"wp-block-embed__wrapper\"> <iframe loading=\"lazy\" title=\"Automatic Garlic Peeling Line \u2013 Continuous Feeding &amp; Perfect Clove Integrity! #garlic #peeling\" width=\"422\" height=\"750\" src=\"https:\/\/www.youtube.com\/embed\/VhptQyFim8Y?feature=oembed\" frameborder=\"0\" allow=\"accelerometer; autoplay; clipboard-write; encrypted-media; gyroscope; picture-in-picture; web-share\" referrerpolicy=\"strict-origin-when-cross-origin\" allowfullscreen><\/iframe> <\/div><figcaption class=\"wp-element-caption\">Vid\u00e9o de fonctionnement de la machine \u00e0 d\u00e9pelliculage de l'ail<\/figcaption><\/figure>    <h2 class=\"wp-block-heading\">Pourquoi avoir besoin d'acheter un <a href=\"https:\/\/en.wikipedia.org\/wiki\/Garlic\" data-type=\"link\" data-id=\"https:\/\/en.wikipedia.org\/wiki\/Garlic\" target=\"_blank\" rel=\"noopener\">ail<\/a> machine \u00e0 \u00e9plucher ?<\/h2>    <div class=\"wp-block-media-text is-stacked-on-mobile\"><figure class=\"wp-block-media-text__media\"><img loading=\"lazy\" decoding=\"async\" width=\"720\" height=\"540\" src=\"https:\/\/topfoodmachine.com\/wp-content\/uploads\/2022\/07\/garlic-peeler-for-sale.webp\" alt=\"\u00e9plucheur d&#039;ail \u00e0 vendre\" class=\"wp-image-1427 size-full\" srcset=\"https:\/\/topfoodmachine.com\/wp-content\/uploads\/2022\/07\/garlic-peeler-for-sale.webp 720w, https:\/\/topfoodmachine.com\/wp-content\/uploads\/2022\/07\/garlic-peeler-for-sale-300x225.webp 300w, https:\/\/topfoodmachine.com\/wp-content\/uploads\/2022\/07\/garlic-peeler-for-sale-16x12.webp 16w\" sizes=\"auto, (max-width: 720px) 100vw, 720px\" \/><\/figure><div class=\"wp-block-media-text__content\"> <ul class=\"wp-block-list\"> <li><strong>Haute efficacit\u00e9 pour la production \u00e0 grande \u00e9chelle<\/strong> <ul class=\"wp-block-list\"> <li>L\u2019alimentation continue par convoyeur \u00e0 cha\u00eene permet une op\u00e9ration enti\u00e8rement automatique, avec une capacit\u00e9 de sortie jusqu\u2019\u00e0 <strong>1000 kg\/h<\/strong>, id\u00e9ale pour la transformation industrielle.<\/li> <\/ul> <\/li>    <li><strong>Performance d\u2019\u00e9pluchage exceptionnelle (95%\u201398%)<\/strong> <ul class=\"wp-block-list\"> <li>Offre un taux d\u2019\u00e9pluchage \u00e9lev\u00e9 tout en conservant les gousses enti\u00e8res et intactes, garantissant un rendement utile sup\u00e9rieur et r\u00e9duisant le gaspillage de mati\u00e8re premi\u00e8re.<\/li> <\/ul> <\/li>    <li><strong>Alimentation fluide, stable et r\u00e9glable<\/strong> <ul class=\"wp-block-list\"> <li>L\u2019alimentation par convoyeur \u00e0 cha\u00eene est coh\u00e9rente et r\u00e9glable, ce qui la rend id\u00e9ale pour l\u2019int\u00e9gration avec des s\u00e9parateurs, trieurs et machines d\u2019emballage dans des lignes de production automatis\u00e9es.<\/li> <\/ul> <\/li> <\/ul> <\/div><\/div>    <div class=\"wp-block-media-text has-media-on-the-right is-stacked-on-mobile\"><div class=\"wp-block-media-text__content\"> <ul class=\"wp-block-list\"> <li><strong>\u00c9pluchage pneumatique \u00e0 sec\u2014aucune eau requise<\/strong><br>Pr\u00e9vient la formation de moisissure, la d\u00e9t\u00e9rioration et la d\u00e9coloration. Maintient l\u2019aspect naturel et la qualit\u00e9 de l\u2019ail, ce qui est particuli\u00e8rement important pour les march\u00e9s d\u2019exportation.<\/li>    <li><strong>Durable et facile \u00e0 entretenir<\/strong><br>Con\u00e7ue en acier inoxydable SUS304 pour la r\u00e9sistance \u00e0 la corrosion et l\u2019hygi\u00e8ne. Design \u00e0 faible entretien avec moins de pi\u00e8ces d\u2019usure.<\/li>    <li><strong>Compatible avec les normes de tension mondiales<\/strong><br>Supporte <strong>110V \/ 220V \/ 380V<\/strong>, adapt\u00e9e \u00e0 diff\u00e9rents pays, avec possibilit\u00e9 de personnalisation pour r\u00e9pondre aux besoins sp\u00e9cifiques de l\u2019usine.<\/li> <\/ul> <\/div><figure class=\"wp-block-media-text__media\"><img loading=\"lazy\" decoding=\"async\" width=\"720\" height=\"540\" src=\"https:\/\/topfoodmachine.com\/wp-content\/uploads\/2022\/07\/garlic-peeler-for-business.webp\" alt=\"\u00e9plucheur d&#039;ail pour les affaires\" class=\"wp-image-1426 size-full\" srcset=\"https:\/\/topfoodmachine.com\/wp-content\/uploads\/2022\/07\/garlic-peeler-for-business.webp 720w, https:\/\/topfoodmachine.com\/wp-content\/uploads\/2022\/07\/garlic-peeler-for-business-300x225.webp 300w, https:\/\/topfoodmachine.com\/wp-content\/uploads\/2022\/07\/garlic-peeler-for-business-16x12.webp 16w\" sizes=\"auto, (max-width: 720px) 100vw, 720px\" \/><\/figure><\/div>    <h2 class=\"wp-block-heading\">Petite machine \u00e0 \u00e9plucher l'ail \u00e0 vendre<\/h2>    <p>Cette machine \u00e0 \u00e9plucher l'ail a une petite taille et de bonnes performances. Elle est id\u00e9ale pour les usines de transformation de l\u00e9gumes, les magasins de l\u00e9gumes, les restaurants, les familles, etc. <\/p>    <p>Il y a trois mod\u00e8les de cette machine dans notre usine, TZ-100, TZ-150 et TZ-300. Ils ont diff\u00e9rentes capacit\u00e9s de production, tailles, poids, etc. La capacit\u00e9 de cet \u00e9plucheur d'ail peut atteindre 300 kg par heure. <\/p>    <p>La machine doit \u00eatre \u00e9quip\u00e9e d'un compresseur d'air. Et ils peuvent \u00e9plucher des oignons de moins de 4 cm de diam\u00e8tre. Pour des prix d\u00e9taill\u00e9s de la petite machine \u00e0 \u00e9plucher, vous pouvez nous contacter \u00e0 tout moment.<\/p>    <figure class=\"wp-block-image size-full\"><img loading=\"lazy\" decoding=\"async\" width=\"720\" height=\"540\" src=\"https:\/\/topfoodmachine.com\/wp-content\/uploads\/2022\/07\/garlic-peeling-machine.jpg\" alt=\"machine \u00e0 \u00e9plucher l&#039;ail\" class=\"wp-image-178\" srcset=\"https:\/\/topfoodmachine.com\/wp-content\/uploads\/2022\/07\/garlic-peeling-machine.jpg 720w, https:\/\/topfoodmachine.com\/wp-content\/uploads\/2022\/07\/garlic-peeling-machine-300x225.jpg 300w\" sizes=\"auto, (max-width: 720px) 100vw, 720px\" \/><figcaption class=\"wp-element-caption\">petite machine \u00e0 \u00e9plucher l'ail<\/figcaption><\/figure>    <h2 class=\"wp-block-heading\">Donn\u00e9es techniques de la machine \u00e0 \u00e9plucher l'ail automatique Taizy<\/h2>    <figure class=\"wp-block-table\"><table><tbody><tr><td>Mod\u00e8le<\/td><td>TZ-100<\/td><td>TZ-150<\/td><td>TZ-300<\/td><\/tr><tr><td>Capacit\u00e9<\/td><td>60-100kg\/heure<\/td><td>100-150kg\/h<\/td><td>200-300kg\/heure<\/td><\/tr><tr><td>Flux d'air<\/td><td>1,05 m\u00b3\/min<\/td><td>1,60 m\u00b3\/min<\/td><td>4m\u00b3\/min<\/td><\/tr><tr><td>Avec la puissance a\u00e9rienne<\/td><td>5,5-7,5 kW<\/td><td>7,5-11 kW<\/td><td>15kw<\/td><\/tr><tr><td>Avec pression d'air<\/td><td>7-9g\/c\u33a1<\/td><td>7-9g\/c\u33a1<\/td><td>7-9g\/c\u33a1<\/td><\/tr><tr><td>Pouvoir total<\/td><td>0,2 kW<\/td><td>0,2 kW<\/td><td>0,4 kW<\/td><\/tr><tr><td>Taux de pelage<\/td><td>95-98%<\/td><td>95-98%<\/td><td>95-98%<\/td><\/tr><tr><td>Taille<\/td><td>600*600*1350mm<\/td><td>650*950*1750mm<\/td><td>650*950*1750mm<\/td><\/tr><tr><td>Poids<\/td><td>650 kg<\/td><td>800 kg<\/td><td>850 kg<\/td><\/tr><\/tbody><\/table><figcaption class=\"wp-element-caption\">param\u00e8tres de la machine \u00e0 \u00e9plucher l'ail<\/figcaption><\/figure>    <h2 class=\"wp-block-heading\">Machine \u00e0 \u00e9plucher l'ail \u00e0 haute capacit\u00e9 \u00e0 vendre<\/h2>    <p>Cette machine \u00e0 \u00e9plucher l'ail de type cha\u00eene est enti\u00e8rement automatique et efficace. Sa capacit\u00e9 de traitement varie de 200 kg par heure \u00e0 1000 kg par heure. Cette machine \u00e0 enlever la peau d'ail a la fonction de s\u00e9paration, d'alimentation et d'\u00e9pluchage enti\u00e8rement automatiques. La peau et l'ail sont s\u00e9par\u00e9s sans aucun dommage. <\/p>    <p>Avec une structure simple et un excellent design, il est tr\u00e8s facile \u00e0 utiliser et \u00e0 entretenir. De plus, le d\u00e9cortiqueur d'ail commercial utilise le principe pneumatique, les gousses d'ail peuvent \u00eatre s\u00e9par\u00e9es et pel\u00e9es sans trempage dans l'eau.<\/p>    <figure class=\"wp-block-image size-full\"><img loading=\"lazy\" decoding=\"async\" width=\"720\" height=\"540\" src=\"https:\/\/topfoodmachine.com\/wp-content\/uploads\/2022\/07\/high-capacity-chain-type-garlic-peeler.jpg\" alt=\"d\u00e9cortiqueur d&#039;ail \u00e0 cha\u00eene haute capacit\u00e9\" class=\"wp-image-180\" srcset=\"https:\/\/topfoodmachine.com\/wp-content\/uploads\/2022\/07\/high-capacity-chain-type-garlic-peeler.jpg 720w, https:\/\/topfoodmachine.com\/wp-content\/uploads\/2022\/07\/high-capacity-chain-type-garlic-peeler-300x225.jpg 300w\" sizes=\"auto, (max-width: 720px) 100vw, 720px\" \/><figcaption class=\"wp-element-caption\">d\u00e9cortiqueur d'ail \u00e0 cha\u00eene haute capacit\u00e9<\/figcaption><\/figure>    <h2 class=\"wp-block-heading\">Param\u00e8tres de la machine \u00e0 \u00e9plucher l'ail enti\u00e8rement automatique<\/h2>    <figure class=\"wp-block-table\"><table><tbody><tr><td>Mod\u00e8le<\/td><td>Tension<\/td><td>Pouvoir<\/td><td>Dimension(mm)<\/td><td>Capacit\u00e9<\/td><\/tr><tr><td>SL-200<\/td><td>110-220-380v<\/td><td>1100W<\/td><td>1300*550*1400<\/td><td>200kg\/h<\/td><\/tr><tr><td>SL-400<\/td><td>110-220-380v<\/td><td>1200W<\/td><td>1620*550*1400<\/td><td>400kg\/heure<\/td><\/tr><tr><td>SL-600<\/td><td>110-220-380v<\/td><td>1500W<\/td><td>1820*600*1400<\/td><td>600kg\/h<\/td><\/tr><tr><td>SL-1000<\/td><td>110-220-380v<\/td><td>3000W<\/td><td>2800*980*1700<\/td><td>1000kg\/heure<\/td><\/tr><\/tbody><\/table><figcaption class=\"wp-element-caption\">machine \u00e0 d\u00e9cortiquer l'ail enti\u00e8rement automatique<\/figcaption><\/figure>    <h2 class=\"wp-block-heading\">Comment fonctionne la machine \u00e0 \u00e9plucher l\u2019ail ?<\/h2>    <div class=\"wp-block-media-text is-stacked-on-mobile\"><figure class=\"wp-block-media-text__media\"><img loading=\"lazy\" decoding=\"async\" width=\"720\" height=\"540\" src=\"https:\/\/topfoodmachine.com\/wp-content\/uploads\/2022\/07\/garlic-peeler.webp\" alt=\"\u00e9plucheur d&#039;ail\" class=\"wp-image-1428 size-full\" srcset=\"https:\/\/topfoodmachine.com\/wp-content\/uploads\/2022\/07\/garlic-peeler.webp 720w, https:\/\/topfoodmachine.com\/wp-content\/uploads\/2022\/07\/garlic-peeler-300x225.webp 300w, https:\/\/topfoodmachine.com\/wp-content\/uploads\/2022\/07\/garlic-peeler-16x12.webp 16w\" sizes=\"auto, (max-width: 720px) 100vw, 720px\" \/><\/figure><div class=\"wp-block-media-text__content\"> <ul class=\"wp-block-list\"> <li><strong>Alimentation par convoyeur \u00e0 cha\u00eene<\/strong> <ul class=\"wp-block-list\"> <li>Les gousses d\u2019ail pr\u00e9-trait\u00e9es ou s\u00e9par\u00e9es sont d\u00e9pos\u00e9es sur le convoyeur \u00e0 cha\u00eene, qui les d\u00e9place \u00e0 une vitesse stable et contr\u00f4l\u00e9e.<\/li> <\/ul> <\/li>    <li><strong>\u00c9pluchage \u00e0 sec pneumatique<\/strong> <ul class=\"wp-block-list\"> <li>Lorsque l\u2019ail entre dans la chambre d\u2019\u00e9pluchage, l\u2019air comprim\u00e9 \u00e0 haute vitesse et un tambour rotatif avec des composants de friction douce \u00e9liminent rapidement les peaux sans endommager les gousses.<\/li> <\/ul> <\/li>    <li><strong>S\u00e9paration automatique de la peau et d\u00e9charge<\/strong> <ul class=\"wp-block-list\"> <li>Le flux d\u2019air emporte les peaux d\u00e9tach\u00e9es par une sortie, tandis que les gousses d\u2019ail \u00e9pluch\u00e9es et propres sont \u00e9vacu\u00e9es en douceur pour l\u2019\u00e9tape suivante du traitement.<\/li> <\/ul> <\/li> <\/ul> <\/div><\/div>    <h2 class=\"wp-block-heading\">Machine de soutien de l'\u00e9plucheur d'ail<\/h2>    <p class=\"translation-block\">L'\u00e9plucheur d'ail s'associe parfaitement \u00e0 la <a href=\"https:\/\/topfoodmachine.com\/fr\/product\/garlic-bulb-separating-machine\/\" data-type=\"link\" data-id=\"https:\/\/topfoodmachine.com\/product\/garlic-bulb-separating-machine\/\">Machine de s\u00e9paration des bulbes d'ail<\/a>, am\u00e9liorant l'efficacit\u00e9 du traitement de l'ail. Pendant que l'\u00e9plucheur retire les peaux rapidement et pr\u00e9cis\u00e9ment, la machine de s\u00e9paration acc\u00e9l\u00e8re la s\u00e9paration des bulbes, rationalisant la production. <\/p>    <p>Ensemble, ils optimisent le flux de travail, r\u00e9duisent le travail et maximisent la production. D\u00e9couvrez comment cette solution int\u00e9gr\u00e9e peut \u00e9lever vos op\u00e9rations de transformation de l'ail. Contactez-nous d\u00e8s aujourd'hui pour en savoir plus sur notre \u00e9quipement de transformation de l'ail.<\/p>    <figure class=\"wp-block-image size-full\"><img loading=\"lazy\" decoding=\"async\" width=\"720\" height=\"540\" src=\"https:\/\/topfoodmachine.com\/wp-content\/uploads\/2024\/05\/1000-Garlic-Clove-Separating-Machine.webp\" alt=\"Machine de s\u00e9paration des gousses d&#039;ail 1000\" class=\"wp-image-1347\" srcset=\"https:\/\/topfoodmachine.com\/wp-content\/uploads\/2024\/05\/1000-Garlic-Clove-Separating-Machine.webp 720w, https:\/\/topfoodmachine.com\/wp-content\/uploads\/2024\/05\/1000-Garlic-Clove-Separating-Machine-300x225.webp 300w, https:\/\/topfoodmachine.com\/wp-content\/uploads\/2024\/05\/1000-Garlic-Clove-Separating-Machine-16x12.webp 16w\" sizes=\"auto, (max-width: 720px) 100vw, 720px\" \/><figcaption class=\"wp-element-caption\">Machine de s\u00e9paration des gousses d'ail 1000<\/figcaption><\/figure>    <h2 class=\"wp-block-heading\">Pourquoi nous choisir comme principal fournisseur de machines \u00e0 \u00e9plucher l'ail ? &nbsp;<\/h2>    <p>Fond\u00e9e en 2011, Taizy est un fabricant et exportateur complet de machines de transformation alimentaire. Nos produits ont \u00e9t\u00e9 export\u00e9s avec succ\u00e8s vers plus de 80 pays et r\u00e9gions. La machine \u00e0 d\u00e9cortiquer l'ail est l'un de nos produits les plus populaires. <\/p>    <p>Actuellement, il existe principalement deux types de machines \u00e0 d\u00e9cortiquer l'ail Taizy \u00e0 vendre, un petit d\u00e9cortiqueur d'ail et une machine \u00e0 d\u00e9cortiquer l'ail industrielle \u00e0 haute capacit\u00e9. Les deux b\u00e9n\u00e9ficient d'une bonne qualit\u00e9 et d'un bon prix. Et elles sont adapt\u00e9es \u00e0 diff\u00e9rentes exigences et budgets de d\u00e9corticage de l'ail. <\/p>    <p>Voulez-vous en savoir plus sur ces machines ? Contactez-nous d\u00e8s aujourd'hui pour les derni\u00e8res informations et le meilleur prix.<\/p>    <div class=\"wp-block-columns is-layout-flex wp-container-core-columns-is-layout-28f84493 wp-block-columns-is-layout-flex\"> <div class=\"wp-block-column is-layout-flow wp-block-column-is-layout-flow\"> <figure class=\"wp-block-image size-full\"><img loading=\"lazy\" decoding=\"async\" width=\"720\" height=\"540\" src=\"https:\/\/topfoodmachine.com\/wp-content\/uploads\/2022\/07\/small-garlic-peeling-machine-factory.jpg\" alt=\"usine de petite machine \u00e0 d\u00e9cortiquer l&#039;ail\" class=\"wp-image-382\" srcset=\"https:\/\/topfoodmachine.com\/wp-content\/uploads\/2022\/07\/small-garlic-peeling-machine-factory.jpg 720w, https:\/\/topfoodmachine.com\/wp-content\/uploads\/2022\/07\/small-garlic-peeling-machine-factory-300x225.jpg 300w\" sizes=\"auto, (max-width: 720px) 100vw, 720px\" \/><figcaption class=\"wp-element-caption\">usine de petite machine \u00e0 d\u00e9cortiquer l'ail<\/figcaption><\/figure> <\/div>    <div class=\"wp-block-column is-layout-flow wp-block-column-is-layout-flow\"> <figure class=\"wp-block-image size-full\"><img loading=\"lazy\" decoding=\"async\" width=\"720\" height=\"540\" src=\"https:\/\/topfoodmachine.com\/wp-content\/uploads\/2022\/07\/large-automatic-garlic-peeler.jpg\" alt=\"d\u00e9cortiqueur d&#039;ail automatique de grande taille\" class=\"wp-image-384\" srcset=\"https:\/\/topfoodmachine.com\/wp-content\/uploads\/2022\/07\/large-automatic-garlic-peeler.jpg 720w, https:\/\/topfoodmachine.com\/wp-content\/uploads\/2022\/07\/large-automatic-garlic-peeler-300x225.jpg 300w\" sizes=\"auto, (max-width: 720px) 100vw, 720px\" \/><figcaption class=\"wp-element-caption\">d\u00e9cortiqueur d'ail automatique de grande taille<\/figcaption><\/figure> <\/div> <\/div>    <h2 class=\"wp-block-heading\">Contactez-nous maintenant !<\/h2>    <p>La machine \u00e0 d\u00e9cortiquer l'ail g\u00e8re non seulement efficacement les t\u00e2ches de d\u00e9corticage de l'ail, mais augmente \u00e9galement consid\u00e9rablement l'efficacit\u00e9 de la production. Avec son design avanc\u00e9 et sa performance fiable, elle est le choix id\u00e9al pour le traitement du d\u00e9corticage de l'ail. <\/p>    <p>Si vous recherchez un \u00e9quipement qui fait gagner du temps, augmente la production et garantit la qualit\u00e9, notre machine \u00e0 d\u00e9cortiquer l'ail est votre meilleure option. Contactez-nous maintenant pour en savoir plus ou planifier un essai, et rationalisez votre processus de production avec efficacit\u00e9 et facilit\u00e9.<\/p>    <figure class=\"wp-block-image size-full\"><img loading=\"lazy\" decoding=\"async\" width=\"720\" height=\"540\" src=\"https:\/\/topfoodmachine.com\/wp-content\/uploads\/2022\/07\/automatic-garlic-peeler.webp\" alt=\"\u00e9plucheur d&#039;ail automatique\" class=\"wp-image-1425\" srcset=\"https:\/\/topfoodmachine.com\/wp-content\/uploads\/2022\/07\/automatic-garlic-peeler.webp 720w, https:\/\/topfoodmachine.com\/wp-content\/uploads\/2022\/07\/automatic-garlic-peeler-300x225.webp 300w, https:\/\/topfoodmachine.com\/wp-content\/uploads\/2022\/07\/automatic-garlic-peeler-16x12.webp 16w\" sizes=\"auto, (max-width: 720px) 100vw, 720px\" \/><figcaption class=\"wp-element-caption\">\u00e9plucheur d'ail automatique<\/figcaption><\/figure>","protected":false},"excerpt":{"rendered":"<p>La machine \u00e0 \u00e9plucher l\u2019ail est un dispositif \u00e0 haute efficacit\u00e9 pour un \u00e9pluchage propre et hygi\u00e9nique de l\u2019ail sec, adapt\u00e9 aux usines alimentaires, aux fermes, aux restaurants et aux march\u00e9s.<\/p>","protected":false},"author":1,"featured_media":178,"parent":0,"template":"","tags":[15,33,49],"product-type":[3],"class_list":["post-176","product","type-product","status-publish","has-post-thumbnail","hentry","tag-fruit-vegetable-processing-machine","tag-garlic","tag-peeling-machine","product-type-fruit-vegetable-processing-machine"],"_links":{"self":[{"href":"https:\/\/topfoodmachine.com\/fr\/wp-json\/wp\/v2\/product\/176","targetHints":{"allow":["GET"]}}],"collection":[{"href":"https:\/\/topfoodmachine.com\/fr\/wp-json\/wp\/v2\/product"}],"about":[{"href":"https:\/\/topfoodmachine.com\/fr\/wp-json\/wp\/v2\/types\/product"}],"author":[{"embeddable":true,"href":"https:\/\/topfoodmachine.com\/fr\/wp-json\/wp\/v2\/users\/1"}],"wp:featuredmedia":[{"embeddable":true,"href":"https:\/\/topfoodmachine.com\/fr\/wp-json\/wp\/v2\/media\/178"}],"wp:attachment":[{"href":"https:\/\/topfoodmachine.com\/fr\/wp-json\/wp\/v2\/media?parent=176"}],"wp:term":[{"taxonomy":"post_tag","embeddable":true,"href":"https:\/\/topfoodmachine.com\/fr\/wp-json\/wp\/v2\/tags?post=176"},{"taxonomy":"product-type","embeddable":true,"href":"https:\/\/topfoodmachine.com\/fr\/wp-json\/wp\/v2\/product-type?post=176"}],"curies":[{"name":"wp","href":"https:\/\/api.w.org\/{rel}","templated":true}]}}