{"id":1744,"date":"2025-02-05T17:20:54","date_gmt":"2025-02-05T09:20:54","guid":{"rendered":"https:\/\/topfoodmachine.com\/?post_type=product&#038;p=1744"},"modified":"2025-02-06T09:36:08","modified_gmt":"2025-02-06T01:36:08","slug":"automatic-dumpling-making-machine","status":"publish","type":"product","link":"https:\/\/topfoodmachine.com\/fr\/product\/automatic-dumpling-making-machine\/","title":{"rendered":"Machine automatique de fabrication de raviolis"},"content":{"rendered":"<div class=\"kk-star-ratings kksr-auto kksr-align-left kksr-valign-top\"     data-payload='{&quot;align&quot;:&quot;left&quot;,&quot;id&quot;:&quot;1744&quot;,&quot;slug&quot;:&quot;default&quot;,&quot;valign&quot;:&quot;top&quot;,&quot;ignore&quot;:&quot;&quot;,&quot;reference&quot;:&quot;auto&quot;,&quot;class&quot;:&quot;&quot;,&quot;count&quot;:&quot;26&quot;,&quot;legendonly&quot;:&quot;&quot;,&quot;readonly&quot;:&quot;&quot;,&quot;score&quot;:&quot;4.7&quot;,&quot;starsonly&quot;:&quot;&quot;,&quot;best&quot;:&quot;5&quot;,&quot;gap&quot;:&quot;5&quot;,&quot;greet&quot;:&quot;Rate this product&quot;,&quot;legend&quot;:&quot;4.7\\\/5 - (26 votes)&quot;,&quot;size&quot;:&quot;24&quot;,&quot;title&quot;:&quot;Automatic dumpling making machine&quot;,&quot;width&quot;:&quot;133.8&quot;,&quot;_legend&quot;:&quot;{score}\\\/{best} - ({count} {votes})&quot;,&quot;font_factor&quot;:&quot;1.25&quot;}'>              <div class=\"kksr-stars\">      <div class=\"kksr-stars-inactive\">             <div class=\"kksr-star\" data-star=\"1\" style=\"padding-right: 5px\">               <div class=\"kksr-icon\" style=\"width: 24px; height: 24px;\"><\/div>         <\/div>             <div class=\"kksr-star\" data-star=\"2\" style=\"padding-right: 5px\">               <div class=\"kksr-icon\" style=\"width: 24px; height: 24px;\"><\/div>         <\/div>             <div class=\"kksr-star\" data-star=\"3\" style=\"padding-right: 5px\">               <div class=\"kksr-icon\" style=\"width: 24px; height: 24px;\"><\/div>         <\/div>             <div class=\"kksr-star\" data-star=\"4\" style=\"padding-right: 5px\">               <div class=\"kksr-icon\" style=\"width: 24px; height: 24px;\"><\/div>         <\/div>             <div class=\"kksr-star\" data-star=\"5\" style=\"padding-right: 5px\">               <div class=\"kksr-icon\" style=\"width: 24px; height: 24px;\"><\/div>         <\/div>     <\/div>      <div class=\"kksr-stars-active\" style=\"width: 133.8px;\">             <div class=\"kksr-star\" style=\"padding-right: 5px\">               <div class=\"kksr-icon\" style=\"width: 24px; height: 24px;\"><\/div>         <\/div>             <div class=\"kksr-star\" style=\"padding-right: 5px\">               <div class=\"kksr-icon\" style=\"width: 24px; height: 24px;\"><\/div>         <\/div>             <div class=\"kksr-star\" style=\"padding-right: 5px\">               <div class=\"kksr-icon\" style=\"width: 24px; height: 24px;\"><\/div>         <\/div>             <div class=\"kksr-star\" style=\"padding-right: 5px\">               <div class=\"kksr-icon\" style=\"width: 24px; height: 24px;\"><\/div>         <\/div>             <div class=\"kksr-star\" style=\"padding-right: 5px\">               <div class=\"kksr-icon\" style=\"width: 24px; height: 24px;\"><\/div>         <\/div>     <\/div> <\/div>                   <div class=\"kksr-legend\" style=\"font-size: 19.2px;\">             4,7\/5 - (26 votes)    <\/div>     <\/div>  <p class=\"translation-block\">La <strong>machine automatique de fabrication de raviolis<\/strong> peut produire une large gamme d'aliments farcis, tels que des raviolis, des beignets au curry, des raviolis en perles, des raviolis, des raviolis cuits \u00e0 la vapeur et des rouleaux de printemps. Avec une <strong>capacit\u00e9 de production de 4 000 \u00e0 6 000 pi\u00e8ces par heure<\/strong>, elle est id\u00e9ale pour les entreprises cherchant \u00e0 am\u00e9liorer l'efficacit\u00e9 et la production. <\/p>    <p class=\"translation-block\">La machine dispose de <strong>moules interchangeables<\/strong>, permettant une personnalisation facile des formes et tailles de raviolis pour r\u00e9pondre \u00e0 divers besoins de production. Fabriqu\u00e9e en <strong>acier inoxydable de haute qualit\u00e9<\/strong>, elle garantit durabilit\u00e9, hygi\u00e8ne et entretien facile. <\/p>    <figure class=\"wp-block-embed is-type-video is-provider-youtube wp-block-embed-youtube wp-embed-aspect-16-9 wp-has-aspect-ratio\"><div class=\"wp-block-embed__wrapper\"> <iframe loading=\"lazy\" title=\"Fabricant automatique de raviolis polyvalent : Fabriquez des raviolis, des petits pains et plus encore ! #raviolis #pain #machine\u00e0nourriture\" width=\"500\" height=\"281\" src=\"https:\/\/www.youtube.com\/embed\/uZloTIwHh6U?feature=oembed\" frameborder=\"0\" allow=\"accelerometer; autoplay; clipboard-write; encrypted-media; gyroscope; picture-in-picture; web-share\" referrerpolicy=\"strict-origin-when-cross-origin\" allowfullscreen><\/iframe> <\/div><figcaption class=\"wp-element-caption\">vid\u00e9o de fonctionnement de la machine automatique \u00e0 raviolis<\/figcaption><\/figure>    <h2 class=\"wp-block-heading\">Machine automatique de fabrication de raviolis \u00e0 vendre<\/h2>    <p class=\"translation-block\">La <strong>machine automatique de fabrication de raviolis \u00e0 vendre<\/strong> est con\u00e7ue avec un <strong>syst\u00e8me de circulation d'eau de refroidissement<\/strong>, emp\u00eachant efficacement la p\u00e2te de surchauffer. Cela garantit que les enveloppes de raviolis conservent leur texture et leur go\u00fbt id\u00e9aux. <\/p>    <p class=\"translation-block\">La machine est \u00e9quip\u00e9e de <strong>quatre contr\u00f4leurs et d'un compresseur de circulation d'eau froide<\/strong>, qui travaillent ensemble pour refroidir la p\u00e2te, emp\u00eachant les probl\u00e8mes de qualit\u00e9 caus\u00e9s par une chaleur excessive.<\/p>    <figure class=\"wp-block-image size-full\"><img loading=\"lazy\" decoding=\"async\" width=\"720\" height=\"540\" src=\"https:\/\/topfoodmachine.com\/wp-content\/uploads\/2025\/02\/Automatic-dumpling-making-machine-capacity.webp\" alt=\"Capacit\u00e9 de la machine automatique \u00e0 raviolis\" class=\"wp-image-1746\" srcset=\"https:\/\/topfoodmachine.com\/wp-content\/uploads\/2025\/02\/Automatic-dumpling-making-machine-capacity.webp 720w, https:\/\/topfoodmachine.com\/wp-content\/uploads\/2025\/02\/Automatic-dumpling-making-machine-capacity-300x225.webp 300w, https:\/\/topfoodmachine.com\/wp-content\/uploads\/2025\/02\/Automatic-dumpling-making-machine-capacity-16x12.webp 16w\" sizes=\"auto, (max-width: 720px) 100vw, 720px\" \/><figcaption class=\"wp-element-caption\">Capacit\u00e9 de la machine automatique \u00e0 raviolis<\/figcaption><\/figure>    <p class=\"translation-block\">Construite en <strong>acier inoxydable de haute qualit\u00e9<\/strong>, la machine est <strong>hygi\u00e9nique, facile \u00e0 nettoyer et simple \u00e0 entretenir<\/strong>, en faisant un choix fiable pour les environnements de production alimentaire. De plus, elle dispose d'un <strong>panneau de contr\u00f4le informatique avanc\u00e9<\/strong> avec un <strong>variateur de fr\u00e9quence (VFD) pour un r\u00e9glage de vitesse sans \u00e9tapes<\/strong>, permettant aux utilisateurs de contr\u00f4ler pr\u00e9cis\u00e9ment la vitesse et la coh\u00e9rence de la production. <\/p>    <p class=\"translation-block\">Avec sa <strong>haute efficacit\u00e9 et sa fonctionnalit\u00e9 polyvalente<\/strong>, cette machine \u00e0 raviolis est id\u00e9ale pour les restaurants, les usines alimentaires et les entreprises de produits alimentaires congel\u00e9s, garantissant \u00e0 la fois productivit\u00e9 et qualit\u00e9.<\/p>    <figure class=\"wp-block-image size-full\"><img loading=\"lazy\" decoding=\"async\" width=\"720\" height=\"540\" src=\"https:\/\/topfoodmachine.com\/wp-content\/uploads\/2025\/02\/steamed-stuffed-bun-maker-price.webp\" alt=\"prix du fabricant de petits pains cuits \u00e0 la vapeur\" class=\"wp-image-1750\" srcset=\"https:\/\/topfoodmachine.com\/wp-content\/uploads\/2025\/02\/steamed-stuffed-bun-maker-price.webp 720w, https:\/\/topfoodmachine.com\/wp-content\/uploads\/2025\/02\/steamed-stuffed-bun-maker-price-300x225.webp 300w, https:\/\/topfoodmachine.com\/wp-content\/uploads\/2025\/02\/steamed-stuffed-bun-maker-price-16x12.webp 16w\" sizes=\"auto, (max-width: 720px) 100vw, 720px\" \/><figcaption class=\"wp-element-caption\">prix du fabricant de petits pains cuits \u00e0 la vapeur<\/figcaption><\/figure>    <h2 class=\"wp-block-heading\">Applications polyvalentes du fabricant de petits pains farcis cuits \u00e0 la vapeur<\/h2>    <p class=\"translation-block\">Le <strong>fabricant de petits pains farcis cuits \u00e0 la vapeur<\/strong> est une <strong>machine polyvalente<\/strong> qui peut \u00e9galement \u00eatre utilis\u00e9e pour la production de raviolis, ce qui en fait un excellent choix pour les entreprises cherchant \u00e0 diversifier leur gamme de produits.<\/p>    <ul class=\"wp-block-list\"> <li><strong>Interchangeable molds<\/strong> \u2013 The machine comes with <strong>one standard mold<\/strong>, and additional molds can be purchased from us, allowing for the production of various stuffed foods.<\/li>    <li><strong>Precise dough &amp; filling ratio<\/strong> \u2013 Maintains a <strong>1:2 skin-to-filling proportion<\/strong>, ensuring consistent quality and texture for every product.<\/li>    <li><strong>Advanced water cooling system<\/strong> \u2013 Prevents dough from overheating, with <strong>dual water-cooled pipes connected to the dough outlet<\/strong> to keep the wrappers smooth and intact.<\/li>    <li><strong>Adjustable dough thickness<\/strong> \u2013 The <strong>skin thickness can be controlled<\/strong> by adjusting the <strong>gap at the dough outlet<\/strong>, allowing for customization based on product requirements.<\/li> <\/ul>    <figure class=\"wp-block-image size-full\"><img loading=\"lazy\" decoding=\"async\" width=\"720\" height=\"540\" src=\"https:\/\/topfoodmachine.com\/wp-content\/uploads\/2025\/02\/commercial-dumpling-machine.webp\" alt=\"machine \u00e0 raviolis commerciale\" class=\"wp-image-1747\" srcset=\"https:\/\/topfoodmachine.com\/wp-content\/uploads\/2025\/02\/commercial-dumpling-machine.webp 720w, https:\/\/topfoodmachine.com\/wp-content\/uploads\/2025\/02\/commercial-dumpling-machine-300x225.webp 300w, https:\/\/topfoodmachine.com\/wp-content\/uploads\/2025\/02\/commercial-dumpling-machine-16x12.webp 16w\" sizes=\"auto, (max-width: 720px) 100vw, 720px\" \/><figcaption class=\"wp-element-caption\">machine \u00e0 raviolis commerciale<\/figcaption><\/figure>    <p class=\"translation-block\">Avec sa <strong>fonctionnalit\u00e9 flexible et son contr\u00f4le pr\u00e9cis<\/strong>, cette machine est un excellent investissement pour les entreprises produisant des petits pains cuits \u00e0 la vapeur, des raviolis et d'autres aliments farcis.<\/p>    <h2 class=\"wp-block-heading\">Param\u00e8tres de la machine \u00e0 raviolis automatique<\/h2>    <figure class=\"wp-block-table\"><table class=\"has-fixed-layout\"><tbody><tr><td>Mod\u00e8le<\/td><td>ST-770<\/td><\/tr><tr><td>Poids de la machine<\/td><td>320 kg<\/td><\/tr><tr><td>Poids du produit<\/td><td>15-60g<\/td><\/tr><tr><td>Capacit\u00e9<\/td><td>4 000 \u00e0 6 000 pi\u00e8ces par heure<\/td><\/tr><tr><td>Taille<\/td><td>1100*1000*1300mm<\/td><\/tr><tr><td>Tension<\/td><td>220v, 2.2kw, 50\/60hz<\/td><\/tr><\/tbody><\/table><figcaption class=\"wp-element-caption\">param\u00e8tres de la machine automatique \u00e0 raviolis<\/figcaption><\/figure>    <h2 class=\"wp-block-heading\">Conseils d'utilisation de la machine \u00e0 raviolis automatique<\/h2>    <p class=\"translation-block\">La <strong>machine automatique \u00e0 raviolis<\/strong> est un \u00e9quipement hautement adaptable qui peut \u00e9galement produire <strong>des petits pains cuits \u00e0 la vapeur et des cr\u00eapes farcies<\/strong>. Pour obtenir des performances optimales et une qualit\u00e9 de produit, consid\u00e9rez les conseils d'utilisation cl\u00e9s suivants :<\/p>    <figure class=\"wp-block-image size-full\"><img loading=\"lazy\" decoding=\"async\" width=\"720\" height=\"540\" src=\"https:\/\/topfoodmachine.com\/wp-content\/uploads\/2025\/02\/Automatic-dumpling-making-machine-details.webp\" alt=\"D\u00e9tails de la machine automatique \u00e0 raviolis\" class=\"wp-image-1748\" srcset=\"https:\/\/topfoodmachine.com\/wp-content\/uploads\/2025\/02\/Automatic-dumpling-making-machine-details.webp 720w, https:\/\/topfoodmachine.com\/wp-content\/uploads\/2025\/02\/Automatic-dumpling-making-machine-details-300x225.webp 300w, https:\/\/topfoodmachine.com\/wp-content\/uploads\/2025\/02\/Automatic-dumpling-making-machine-details-16x12.webp 16w\" sizes=\"auto, (max-width: 720px) 100vw, 720px\" \/><figcaption class=\"wp-element-caption\">D\u00e9tails de la machine automatique \u00e0 raviolis<\/figcaption><\/figure>    <h3 class=\"wp-block-heading\"><strong>Key usage tips:<\/strong><\/h3>    <ul class=\"wp-block-list\"> <li><strong>Steamed buns production<\/strong> \u2013 It is essential to confirm the <strong>filling type, weight, and machine voltage<\/strong> to ensure smooth operation and high-quality output.<\/li>    <li><strong>Stuffed pancakes production<\/strong> \u2013 Making pancakes requires a <strong>pressing function<\/strong>, ce qui signifie qu'un <strong>compresseur d'air est n\u00e9cessaire<\/strong> pour atteindre l'\u00e9paisseur et la texture souhait\u00e9es.<\/li>    <li><strong>Consid\u00e9rations de taille<\/strong> \u2013 The <strong>la taille maximale du produit est de 15 cm<\/strong>, principalement d\u00e9termin\u00e9 par le <strong>configuration du convoyeur<\/strong>, des ajustements peuvent \u00eatre n\u00e9cessaires pour diff\u00e9rentes tailles de produits.<\/li> <\/ul>    <p class=\"translation-block\">En suivant ces conseils, les utilisateurs peuvent <strong>maximiser la polyvalence de la machine<\/strong>, garantissant une production efficace de raviolis, de petits pains cuits \u00e0 la vapeur et de cr\u00eapes farcies avec une qualit\u00e9 constante.<\/p>    <h2 class=\"wp-block-heading\">Prix de la machine automatique \u00e0 raviolis<\/h2>    <figure class=\"wp-block-image size-full\"><img loading=\"lazy\" decoding=\"async\" width=\"720\" height=\"540\" src=\"https:\/\/topfoodmachine.com\/wp-content\/uploads\/2025\/02\/dumpling-making-machine-structure.webp\" alt=\"structure de la machine \u00e0 raviolis\" class=\"wp-image-1749\" srcset=\"https:\/\/topfoodmachine.com\/wp-content\/uploads\/2025\/02\/dumpling-making-machine-structure.webp 720w, https:\/\/topfoodmachine.com\/wp-content\/uploads\/2025\/02\/dumpling-making-machine-structure-300x225.webp 300w, https:\/\/topfoodmachine.com\/wp-content\/uploads\/2025\/02\/dumpling-making-machine-structure-16x12.webp 16w\" sizes=\"auto, (max-width: 720px) 100vw, 720px\" \/><figcaption class=\"wp-element-caption\">structure de la machine \u00e0 raviolis<\/figcaption><\/figure>    <p class=\"translation-block\">Le <strong>co\u00fbt d'une machine automatique de <a href=\"https:\/\/en.wikipedia.org\/wiki\/Dumpling\" data-type=\"link\" data-id=\"https:\/\/en.wikipedia.org\/wiki\/Dumpling\" target=\"_blank\" rel=\"noopener\">fabrication de raviolis<\/a><\/strong> d\u00e9pend de divers facteurs, y compris sa <strong>configuration, les options de moules et les fonctionnalit\u00e9s suppl\u00e9mentaires<\/strong>. La machine est livr\u00e9e avec un <strong>moule standard<\/strong>, mais des moules suppl\u00e9mentaires peuvent \u00eatre personnalis\u00e9s pour \u00e9tendre ses capacit\u00e9s de production. <\/p>    <p class=\"translation-block\">Pour fabriquer des <strong>cr\u00eapes farcies<\/strong>, un <strong>compresseur d'air<\/strong> est n\u00e9cessaire pour obtenir la bonne texture par pressage. De plus, la <strong>taille du produit, le type de garniture, le poids et les exigences de tension<\/strong> jouent tous un r\u00f4le dans la d\u00e9termination du mod\u00e8le le plus adapt\u00e9. <\/p>    <p>Pour trouver la meilleure machine pour vos besoins de production, il est recommand\u00e9 de consulter avec nous pour des d\u00e9tails sp\u00e9cifiques et des options de personnalisation.<\/p>    <h2 class=\"wp-block-heading\">Conclusion<\/h2>    <figure class=\"wp-block-image size-full\"><img loading=\"lazy\" decoding=\"async\" width=\"720\" height=\"540\" src=\"https:\/\/topfoodmachine.com\/wp-content\/uploads\/2025\/02\/steamed-stuffed-bun-maker.webp\" alt=\"fabricant de petits pains cuits \u00e0 la vapeur\" class=\"wp-image-1751\" srcset=\"https:\/\/topfoodmachine.com\/wp-content\/uploads\/2025\/02\/steamed-stuffed-bun-maker.webp 720w, https:\/\/topfoodmachine.com\/wp-content\/uploads\/2025\/02\/steamed-stuffed-bun-maker-300x225.webp 300w, https:\/\/topfoodmachine.com\/wp-content\/uploads\/2025\/02\/steamed-stuffed-bun-maker-16x12.webp 16w\" sizes=\"auto, (max-width: 720px) 100vw, 720px\" \/><figcaption class=\"wp-element-caption\">fabricant de petits pains cuits \u00e0 la vapeur<\/figcaption><\/figure>    <p class=\"translation-block\">La <strong>machine automatique \u00e0 raviolis<\/strong> garantit une <strong>production efficace et de haute qualit\u00e9<\/strong> avec des <strong>moules personnalisables, un refroidissement avanc\u00e9 et un contr\u00f4le pr\u00e9cis<\/strong>. Fabriqu\u00e9e en <strong>acier inoxydable<\/strong>, elle est <strong>durable, facile \u00e0 nettoyer et id\u00e9ale pour les entreprises alimentaires<\/strong>.<\/p>    <p class=\"translation-block\">Nous proposons \u00e9galement des <strong><a href=\"https:\/\/topfoodmachine.com\/fr\/product\/noodle-maker-machine\/\" data-type=\"link\" data-id=\"https:\/\/topfoodmachine.com\/product\/noodle-maker-machine\/\">machines \u00e0 nouilles<\/a>, <a href=\"https:\/\/topfoodmachine.com\/fr\/product\/tortilla-maker-machine\/\" data-type=\"link\" data-id=\"https:\/\/topfoodmachine.com\/product\/tortilla-maker-machine\/\">machines \u00e0 tortillas<\/a> et d'autres \u00e9quipements de transformation des p\u00e2tes<\/strong>. <strong>Contactez-nous maintenant<\/strong> pour des d\u00e9tails et des solutions personnalis\u00e9es !<\/p>","protected":false},"excerpt":{"rendered":"<p>La machine automatique de fabrication de raviolis peut produire une large gamme d'aliments farcis, tels que des raviolis, des beignets au curry, des raviolis en perles, des raviolis, des raviolis cuits \u00e0 la vapeur et des rouleaux de printemps. <\/p>","protected":false},"author":1,"featured_media":1745,"parent":0,"template":"","tags":[103,17],"product-type":[6],"class_list":["post-1744","product","type-product","status-publish","has-post-thumbnail","hentry","tag-automatic-dumpling-making-machine","tag-pastry-production-machine","product-type-pastry-production-machine"],"_links":{"self":[{"href":"https:\/\/topfoodmachine.com\/fr\/wp-json\/wp\/v2\/product\/1744","targetHints":{"allow":["GET"]}}],"collection":[{"href":"https:\/\/topfoodmachine.com\/fr\/wp-json\/wp\/v2\/product"}],"about":[{"href":"https:\/\/topfoodmachine.com\/fr\/wp-json\/wp\/v2\/types\/product"}],"author":[{"embeddable":true,"href":"https:\/\/topfoodmachine.com\/fr\/wp-json\/wp\/v2\/users\/1"}],"wp:featuredmedia":[{"embeddable":true,"href":"https:\/\/topfoodmachine.com\/fr\/wp-json\/wp\/v2\/media\/1745"}],"wp:attachment":[{"href":"https:\/\/topfoodmachine.com\/fr\/wp-json\/wp\/v2\/media?parent=1744"}],"wp:term":[{"taxonomy":"post_tag","embeddable":true,"href":"https:\/\/topfoodmachine.com\/fr\/wp-json\/wp\/v2\/tags?post=1744"},{"taxonomy":"product-type","embeddable":true,"href":"https:\/\/topfoodmachine.com\/fr\/wp-json\/wp\/v2\/product-type?post=1744"}],"curies":[{"name":"wp","href":"https:\/\/api.w.org\/{rel}","templated":true}]}}