{"id":1669,"date":"2024-11-14T11:42:42","date_gmt":"2024-11-14T03:42:42","guid":{"rendered":"https:\/\/topfoodmachine.com\/?post_type=product&#038;p=1669"},"modified":"2024-11-14T11:42:43","modified_gmt":"2024-11-14T03:42:43","slug":"carrot-peeler-machine","status":"publish","type":"product","link":"https:\/\/topfoodmachine.com\/fr\/product\/carrot-peeler-machine\/","title":{"rendered":"machine \u00e0 \u00e9plucher les carottes"},"content":{"rendered":"<div class=\"kk-star-ratings kksr-auto kksr-align-left kksr-valign-top\"     data-payload='{&quot;align&quot;:&quot;left&quot;,&quot;id&quot;:&quot;1669&quot;,&quot;slug&quot;:&quot;default&quot;,&quot;valign&quot;:&quot;top&quot;,&quot;ignore&quot;:&quot;&quot;,&quot;reference&quot;:&quot;auto&quot;,&quot;class&quot;:&quot;&quot;,&quot;count&quot;:&quot;17&quot;,&quot;legendonly&quot;:&quot;&quot;,&quot;readonly&quot;:&quot;&quot;,&quot;score&quot;:&quot;4.6&quot;,&quot;starsonly&quot;:&quot;&quot;,&quot;best&quot;:&quot;5&quot;,&quot;gap&quot;:&quot;5&quot;,&quot;greet&quot;:&quot;Rate this product&quot;,&quot;legend&quot;:&quot;4.6\\\/5 - (17 votes)&quot;,&quot;size&quot;:&quot;24&quot;,&quot;title&quot;:&quot;Carrot peeler machine&quot;,&quot;width&quot;:&quot;130.9&quot;,&quot;_legend&quot;:&quot;{score}\\\/{best} - ({count} {votes})&quot;,&quot;font_factor&quot;:&quot;1.25&quot;}'>              <div class=\"kksr-stars\">      <div class=\"kksr-stars-inactive\">             <div class=\"kksr-star\" data-star=\"1\" style=\"padding-right: 5px\">               <div class=\"kksr-icon\" style=\"width: 24px; height: 24px;\"><\/div>         <\/div>             <div class=\"kksr-star\" data-star=\"2\" style=\"padding-right: 5px\">               <div class=\"kksr-icon\" style=\"width: 24px; height: 24px;\"><\/div>         <\/div>             <div class=\"kksr-star\" data-star=\"3\" style=\"padding-right: 5px\">               <div class=\"kksr-icon\" style=\"width: 24px; height: 24px;\"><\/div>         <\/div>             <div class=\"kksr-star\" data-star=\"4\" style=\"padding-right: 5px\">               <div class=\"kksr-icon\" style=\"width: 24px; height: 24px;\"><\/div>         <\/div>             <div class=\"kksr-star\" data-star=\"5\" style=\"padding-right: 5px\">               <div class=\"kksr-icon\" style=\"width: 24px; height: 24px;\"><\/div>         <\/div>     <\/div>      <div class=\"kksr-stars-active\" style=\"width: 130.9px;\">             <div class=\"kksr-star\" style=\"padding-right: 5px\">               <div class=\"kksr-icon\" style=\"width: 24px; height: 24px;\"><\/div>         <\/div>             <div class=\"kksr-star\" style=\"padding-right: 5px\">               <div class=\"kksr-icon\" style=\"width: 24px; height: 24px;\"><\/div>         <\/div>             <div class=\"kksr-star\" style=\"padding-right: 5px\">               <div class=\"kksr-icon\" style=\"width: 24px; height: 24px;\"><\/div>         <\/div>             <div class=\"kksr-star\" style=\"padding-right: 5px\">               <div class=\"kksr-icon\" style=\"width: 24px; height: 24px;\"><\/div>         <\/div>             <div class=\"kksr-star\" style=\"padding-right: 5px\">               <div class=\"kksr-icon\" style=\"width: 24px; height: 24px;\"><\/div>         <\/div>     <\/div> <\/div>                   <div class=\"kksr-legend\" style=\"font-size: 19.2px;\">             4,6\/5 - (17 votes)    <\/div>     <\/div>  <p>La machine \u00e0 \u00e9plucher les carottes, fabriqu\u00e9e en acier inoxydable 304 durable, est con\u00e7ue pour un \u00e9pluchage rapide et efficace avec une capacit\u00e9 de 1500 carottes par heure. Dot\u00e9e d'un syst\u00e8me de lame avanc\u00e9, elle garantit un \u00e9pluchage propre et lisse, rendant le processus plus rapide et plus constant que l'\u00e9pluchage manuel. <\/p>    <p>Cet outil de cuisine intelligent fait gagner un temps pr\u00e9cieux en permettant d'\u00e9plucher de grandes quantit\u00e9s de carottes \u00e0 la fois, \u00e9liminant ainsi le besoin d'\u00e9plucher chaque carotte individuellement avec un couteau. Parfait pour un usage commercial, il augmente la productivit\u00e9 tout en maintenant des r\u00e9sultats de haute qualit\u00e9.<\/p>    <figure class=\"wp-block-embed is-type-video is-provider-youtube wp-block-embed-youtube wp-embed-aspect-16-9 wp-has-aspect-ratio\"><div class=\"wp-block-embed__wrapper\"> <iframe loading=\"lazy\" title=\"Machine \u00e0 \u00e9plucher les carottes industrielle : parfaite pour le traitement \u00e0 haut volume #carotte #\u00e9pluchage #l\u00e9gumes\" width=\"500\" height=\"281\" src=\"https:\/\/www.youtube.com\/embed\/IBCPv5IOAI4?feature=oembed\" frameborder=\"0\" allow=\"accelerometer; autoplay; clipboard-write; encrypted-media; gyroscope; picture-in-picture; web-share\" referrerpolicy=\"strict-origin-when-cross-origin\" allowfullscreen><\/iframe> <\/div><figcaption class=\"wp-element-caption\">Vid\u00e9o de fonctionnement de la machine \u00e0 \u00e9plucher les carottes<\/figcaption><\/figure>    <h2 class=\"wp-block-heading\">avantages de la machine \u00e0 \u00e9plucher les carottes<\/h2>    <ul class=\"wp-block-list\"> <li><strong>Mat\u00e9riau de haute qualit\u00e9.<\/strong> Construit en acier inoxydable avec une surface bross\u00e9e, la machine est durable, s\u00fbre et facile \u00e0 nettoyer, offrant des performances durables.<\/li>    <li><strong>\u00c9pluchage efficace.<\/strong> La machine offre un taux d'\u00e9pluchage \u00e9lev\u00e9 avec une perte minimale, garantissant une \u00e9paisseur d'\u00e9pluchage optimale et une surface lisse et uniforme pour chaque carotte.<\/li>    <li><strong>Pr\u00eat pour l'automatisation.<\/strong> Convient \u00e0 l'int\u00e9gration dans une ligne de production, la machine pr\u00e9sente un haut degr\u00e9 d'automatisation, am\u00e9liorant l'efficacit\u00e9 op\u00e9rationnelle.<\/li>    <li><strong>Fonctionnement fiable et s\u00fbr.<\/strong> Avec un m\u00e9canisme bien con\u00e7u, la machine assure un fonctionnement s\u00fbr et fiable, r\u00e9duisant le risque d'erreurs op\u00e9rationnelles.<\/li>    <li><strong>Faible maintenance.<\/strong> La construction en acier inoxydable et le design simple facilitent l'entretien, garantissant des performances constantes dans le temps.<\/li> <\/ul>    <figure class=\"wp-block-gallery has-nested-images columns-default is-cropped wp-block-gallery-2 is-layout-flex wp-block-gallery-is-layout-flex\"> <figure class=\"wp-block-image size-full\"><img loading=\"lazy\" decoding=\"async\" width=\"720\" height=\"540\" data-id=\"1671\" src=\"https:\/\/topfoodmachine.com\/wp-content\/uploads\/2024\/11\/Carrot-peeler-machine.webp\" alt=\"machine \u00e0 \u00e9plucher les carottes\" class=\"wp-image-1671\" srcset=\"https:\/\/topfoodmachine.com\/wp-content\/uploads\/2024\/11\/Carrot-peeler-machine.webp 720w, https:\/\/topfoodmachine.com\/wp-content\/uploads\/2024\/11\/Carrot-peeler-machine-300x225.webp 300w, https:\/\/topfoodmachine.com\/wp-content\/uploads\/2024\/11\/Carrot-peeler-machine-16x12.webp 16w\" sizes=\"auto, (max-width: 720px) 100vw, 720px\" \/><figcaption class=\"wp-element-caption\">machine \u00e0 \u00e9plucher les carottes<\/figcaption><\/figure>    <figure class=\"wp-block-image size-full\"><img loading=\"lazy\" decoding=\"async\" width=\"720\" height=\"540\" data-id=\"1672\" src=\"https:\/\/topfoodmachine.com\/wp-content\/uploads\/2024\/11\/carrot-peeling-machine-price.webp\" alt=\"prix de la machine \u00e0 \u00e9plucher les carottes\" class=\"wp-image-1672\" srcset=\"https:\/\/topfoodmachine.com\/wp-content\/uploads\/2024\/11\/carrot-peeling-machine-price.webp 720w, https:\/\/topfoodmachine.com\/wp-content\/uploads\/2024\/11\/carrot-peeling-machine-price-300x225.webp 300w, https:\/\/topfoodmachine.com\/wp-content\/uploads\/2024\/11\/carrot-peeling-machine-price-16x12.webp 16w\" sizes=\"auto, (max-width: 720px) 100vw, 720px\" \/><figcaption class=\"wp-element-caption\">prix de la machine \u00e0 \u00e9plucher les carottes<\/figcaption><\/figure> <\/figure>    <h2 class=\"wp-block-heading\">machines de soutien pour la machine \u00e0 \u00e9plucher les carottes<\/h2>    <p>La machine \u00e0 \u00e9plucher les carottes est con\u00e7ue pour fonctionner en harmonie avec d'autres \u00e9quipements afin d'am\u00e9liorer l'efficacit\u00e9 du traitement et de cr\u00e9er une ligne de production enti\u00e8rement automatis\u00e9e. <\/p>    <p class=\"translation-block\">En associant l'\u00e9plucheuse avec des machines de soutien comme la&nbsp;<strong><a href=\"https:\/\/topfoodmachine.com\/fr\/product\/automatic-vegetable-dicing-machine\/\" data-type=\"link\" data-id=\"https:\/\/topfoodmachine.com\/product\/automatic-vegetable-dicing-machine\/\">machine automatique \u00e0 couper les l\u00e9gumes<\/a><\/strong>&nbsp;et&nbsp;<strong><a href=\"https:\/\/topfoodmachine.com\/fr\/product\/fruit-and-vegetable-grading-machine\/\" data-type=\"link\" data-id=\"https:\/\/topfoodmachine.com\/product\/fruit-and-vegetable-grading-machine\/\">machine de tri des fruits et l\u00e9gumes<\/a><\/strong>, l'ensemble du processus, de l'\u00e9pluchage au tri et \u00e0 la coupe, peut \u00eatre rationalis\u00e9 pour des performances optimales.<\/p>    <ul class=\"wp-block-list\"> <li><strong>Machine automatique de d\u00e9coupe de l\u00e9gumes.<\/strong>&nbsp;Apr\u00e8s que les carottes aient \u00e9t\u00e9 \u00e9pluch\u00e9es, cette machine les d\u00e9coupe rapidement en morceaux uniformes, augmentant la vitesse et la coh\u00e9rence de la ligne de traitement.<\/li>    <li><strong>Machine de tri de fruits et l\u00e9gumes.<\/strong>&nbsp;Cette machine trie les carottes en fonction de leur taille et de leur qualit\u00e9.<\/li>    <li><strong>Efficacit\u00e9 accrue.<\/strong>&nbsp;Combiner ces machines avec la machine \u00e0 \u00e9plucher les carottes permet un flux de production plus fluide et plus efficace, r\u00e9duisant le travail manuel et augmentant la production globale.<\/li>    <li><strong>Qualit\u00e9 de produit constante.<\/strong>&nbsp;Avec chaque machine jouant un r\u00f4le d\u00e9di\u00e9, l'ensemble du processus maintient des normes de haute qualit\u00e9, garantissant que chaque carotte est parfaitement \u00e9pluch\u00e9e, d\u00e9coup\u00e9e et tri\u00e9e pour l'emballage ou un traitement ult\u00e9rieur.<\/li> <\/ul>    <figure class=\"wp-block-gallery has-nested-images columns-default is-cropped wp-block-gallery-3 is-layout-flex wp-block-gallery-is-layout-flex\"> <figure class=\"wp-block-image size-large\"><img loading=\"lazy\" decoding=\"async\" width=\"720\" height=\"540\" data-id=\"669\" src=\"https:\/\/topfoodmachine.com\/wp-content\/uploads\/2023\/10\/vegetable-dicing-machine-with-a-good-price.webp\" alt=\"machine \u00e0 couper les l\u00e9gumes \u00e0 bon prix\" class=\"wp-image-669\" srcset=\"https:\/\/topfoodmachine.com\/wp-content\/uploads\/2023\/10\/vegetable-dicing-machine-with-a-good-price.webp 720w, https:\/\/topfoodmachine.com\/wp-content\/uploads\/2023\/10\/vegetable-dicing-machine-with-a-good-price-300x225.webp 300w\" sizes=\"auto, (max-width: 720px) 100vw, 720px\" \/><figcaption class=\"wp-element-caption\">machine \u00e0 couper les l\u00e9gumes \u00e0 bon prix<\/figcaption><\/figure>    <figure class=\"wp-block-image size-large\"><img loading=\"lazy\" decoding=\"async\" width=\"720\" height=\"540\" data-id=\"995\" src=\"https:\/\/topfoodmachine.com\/wp-content\/uploads\/2023\/11\/Fruit-and-vegetable-grading-machine.webp\" alt=\"Calibreuse de fruits et l\u00e9gumes\" class=\"wp-image-995\" srcset=\"https:\/\/topfoodmachine.com\/wp-content\/uploads\/2023\/11\/Fruit-and-vegetable-grading-machine.webp 720w, https:\/\/topfoodmachine.com\/wp-content\/uploads\/2023\/11\/Fruit-and-vegetable-grading-machine-300x225.webp 300w\" sizes=\"auto, (max-width: 720px) 100vw, 720px\" \/><figcaption class=\"wp-element-caption\">Calibreuse de fruits et l\u00e9gumes<\/figcaption><\/figure> <\/figure>    <p>En int\u00e9grant ces machines de soutien, les entreprises peuvent am\u00e9liorer consid\u00e9rablement leur productivit\u00e9, r\u00e9duire les d\u00e9chets et maintenir la plus haute qualit\u00e9 dans le traitement des carottes.<\/p>    <h2 class=\"wp-block-heading\">Param\u00e8tres de la machine \u00e0 \u00e9plucher les carottes<\/h2>    <figure class=\"wp-block-table\"><table class=\"has-fixed-layout\"><tbody><tr><td>Mod\u00e8le<\/td><td>TZ-500<\/td><\/tr><tr><td>Taille<\/td><td>1980*450*1050mm<\/td><\/tr><tr><td>Poids<\/td><td>120 kg<\/td><\/tr><tr><td>Tension<\/td><td>220v<\/td><\/tr><tr><td>Pouvoir<\/td><td>500w<\/td><\/tr><tr><td>Mat\u00e9riel<\/td><td>Acier inoxydable 304<\/td><\/tr><tr><td>Capacit\u00e9<\/td><td>1500pcs\/h<\/td><\/tr><\/tbody><\/table><figcaption class=\"wp-element-caption\">param\u00e8tres de la machine \u00e0 \u00e9plucher les carottes<\/figcaption><\/figure>    <figure class=\"wp-block-image size-full\"><img loading=\"lazy\" decoding=\"async\" width=\"720\" height=\"540\" src=\"https:\/\/topfoodmachine.com\/wp-content\/uploads\/2024\/11\/carrot-peeling-machine.webp\" alt=\"machine \u00e0 \u00e9plucher les carottes\" class=\"wp-image-1673\" srcset=\"https:\/\/topfoodmachine.com\/wp-content\/uploads\/2024\/11\/carrot-peeling-machine.webp 720w, https:\/\/topfoodmachine.com\/wp-content\/uploads\/2024\/11\/carrot-peeling-machine-300x225.webp 300w, https:\/\/topfoodmachine.com\/wp-content\/uploads\/2024\/11\/carrot-peeling-machine-16x12.webp 16w\" sizes=\"auto, (max-width: 720px) 100vw, 720px\" \/><figcaption class=\"wp-element-caption\">machine \u00e0 \u00e9plucher les carottes<\/figcaption><\/figure>    <h2 class=\"wp-block-heading\">Questions fr\u00e9quentes sur la machine \u00e0 \u00e9plucher les carottes<\/h2>   <div id=\"rank-math-faq\" class=\"rank-math-block\"> <div class=\"rank-math-list\"> <div id=\"faq-question-1731480129767\" class=\"rank-math-list-item\"> <h3 class=\"rank-math-question\"><strong>Quelle est l'efficacit\u00e9 d'\u00e9pluchage de la <a href=\"https:\/\/en.wikipedia.org\/wiki\/Carrot\" data-type=\"link\" data-id=\"https:\/\/en.wikipedia.org\/wiki\/Carrot\" target=\"_blank\" rel=\"noopener\">Carotte<\/a> Machine \u00e0 \u00e9plucher ?<\/strong><\/h3> <div class=\"rank-math-answer\">  <p class=\"translation-block\">La machine \u00e0 \u00e9plucher les carottes a un taux d'\u00e9pluchage \u00e9lev\u00e9 avec un minimum de d\u00e9chets. Elle enl\u00e8ve la peau efficacement tout en gardant la carotte intacte, assurant une perte minimale. La machine traite g\u00e9n\u00e9ralement jusqu'\u00e0 <strong>1500 carottes par heure<\/strong>, selon la taille et le type de carottes \u00e0 traiter.<\/p>  <\/div> <\/div> <div id=\"faq-question-1731480167029\" class=\"rank-math-list-item\"> <h3 class=\"rank-math-question\"><strong>La machine \u00e0 peler les carottes est-elle facile \u00e0 nettoyer ?<\/strong><\/h3> <div class=\"rank-math-answer\">  <p>Oui, la machine \u00e0 \u00e9plucher les carottes est con\u00e7ue pour un nettoyage facile. La surface lisse en acier inoxydable et la structure simple permettent un nettoyage rapide et efficace, garantissant l'hygi\u00e8ne dans les environnements de transformation alimentaire.<\/p>  <\/div> <\/div> <div id=\"faq-question-1731480186540\" class=\"rank-math-list-item\"> <h3 class=\"rank-math-question\"><strong>La machine \u00e0 peler les carottes peut-elle \u00eatre utilis\u00e9e pour d'autres l\u00e9gumes ou fruits ?<\/strong><\/h3> <div class=\"rank-math-answer\">  <p>Bien que la machine soit principalement con\u00e7ue pour \u00e9plucher les carottes, elle peut \u00e9galement \u00eatre utilis\u00e9e pour \u00e9plucher d'autres l\u00e9gumes-racines, tels que les pommes de terre ou les betteraves, selon le mod\u00e8le.<\/p>  <\/div> <\/div> <div id=\"faq-question-1731480213898\" class=\"rank-math-list-item\"> <h3 class=\"rank-math-question\"><strong>Comment puis-je m'assurer que l'\u00e9paisseur de pelage est correcte ?<\/strong><\/h3> <div class=\"rank-math-answer\">  <p>La machine \u00e0 \u00e9plucher les carottes est con\u00e7ue pour \u00e9plucher automatiquement les carottes avec une \u00e9paisseur optimale qui garantit un minimum de d\u00e9chets. Des ajustements peuvent \u00eatre effectu\u00e9s pour diff\u00e9rents types de carottes afin d'obtenir un \u00e9pluchage constant et pr\u00e9cis.<\/p>  <\/div> <\/div> <div id=\"faq-question-1731480226369\" class=\"rank-math-list-item\"> <h3 class=\"rank-math-question\"><strong>La machine \u00e0 peler les carottes peut-elle \u00eatre int\u00e9gr\u00e9e dans une ligne de production ?<\/strong><\/h3> <div class=\"rank-math-answer\">  <p class=\"translation-block\">Oui, la machine \u00e0 \u00e9plucher les carottes peut \u00eatre facilement int\u00e9gr\u00e9e dans une ligne de production automatis\u00e9e. Elle peut \u00eatre associ\u00e9e \u00e0 d'autres machines, telles que <strong>Machines \u00e0 couper les l\u00e9gumes automatiques<\/strong> et <strong>Machines de tri des fruits et l\u00e9gumes<\/strong>, pour rationaliser l'ensemble du syst\u00e8me de traitement.<\/p>  <\/div> <\/div> <div id=\"faq-question-1731480249736\" class=\"rank-math-list-item\"> <h3 class=\"rank-math-question\"><strong>Quel type de maintenance est requis pour la machine \u00e0 \u00e9plucher les carottes ?<\/strong><\/h3> <div class=\"rank-math-answer\">  <p>La machine n\u00e9cessite peu de maintenance, impliquant principalement un nettoyage de routine et des v\u00e9rifications occasionnelles des lames et du moteur. Assurez-vous que les lames sont aiguis\u00e9es lorsque n\u00e9cessaire et que les pi\u00e8ces mobiles sont lubrifi\u00e9es r\u00e9guli\u00e8rement pour maintenir le bon fonctionnement de la machine.<\/p>  <\/div> <\/div> <\/div> <\/div>   <figure class=\"wp-block-gallery has-nested-images columns-default is-cropped wp-block-gallery-4 is-layout-flex wp-block-gallery-is-layout-flex\"> <figure class=\"wp-block-image size-large\"><img loading=\"lazy\" decoding=\"async\" width=\"720\" height=\"540\" data-id=\"1675\" src=\"https:\/\/topfoodmachine.com\/wp-content\/uploads\/2024\/11\/Carrot-peeler-machine-cutter.webp\" alt=\"cutter de machine \u00e0 \u00e9plucher les carottes\" class=\"wp-image-1675\" srcset=\"https:\/\/topfoodmachine.com\/wp-content\/uploads\/2024\/11\/Carrot-peeler-machine-cutter.webp 720w, https:\/\/topfoodmachine.com\/wp-content\/uploads\/2024\/11\/Carrot-peeler-machine-cutter-300x225.webp 300w, https:\/\/topfoodmachine.com\/wp-content\/uploads\/2024\/11\/Carrot-peeler-machine-cutter-16x12.webp 16w\" sizes=\"auto, (max-width: 720px) 100vw, 720px\" \/><figcaption class=\"wp-element-caption\">cutter de machine \u00e0 \u00e9plucher les carottes<\/figcaption><\/figure>    <figure class=\"wp-block-image size-large\"><img loading=\"lazy\" decoding=\"async\" width=\"720\" height=\"540\" data-id=\"1677\" src=\"https:\/\/topfoodmachine.com\/wp-content\/uploads\/2024\/11\/effective-carrot-peeling-machine.webp\" alt=\"machine \u00e0 \u00e9plucher les carottes efficace\" class=\"wp-image-1677\" srcset=\"https:\/\/topfoodmachine.com\/wp-content\/uploads\/2024\/11\/effective-carrot-peeling-machine.webp 720w, https:\/\/topfoodmachine.com\/wp-content\/uploads\/2024\/11\/effective-carrot-peeling-machine-300x225.webp 300w, https:\/\/topfoodmachine.com\/wp-content\/uploads\/2024\/11\/effective-carrot-peeling-machine-16x12.webp 16w\" sizes=\"auto, (max-width: 720px) 100vw, 720px\" \/><figcaption class=\"wp-element-caption\">machine \u00e0 \u00e9plucher les carottes efficace<\/figcaption><\/figure> <\/figure>    <h2 class=\"wp-block-heading\">Conclusion<\/h2>    <p>En tant que fournisseur leader dans l'industrie des machines de transformation alimentaire, notre entreprise apporte des ann\u00e9es d'exp\u00e9rience, des normes de haute qualit\u00e9 et un engagement envers la satisfaction du client. Nous offrons des solutions sur mesure pour r\u00e9pondre \u00e0 vos besoins sp\u00e9cifiques, garantissant que nos machines s'int\u00e8grent parfaitement dans votre processus de production. <\/p>    <p>Si vous cherchez \u00e0 augmenter votre productivit\u00e9 avec un \u00e9quipement fiable et rentable, nous vous encourageons \u00e0 nous contacter pour plus d'informations et un devis personnalis\u00e9. <\/p>","protected":false},"excerpt":{"rendered":"<p>La machine \u00e0 \u00e9plucher les carottes, fabriqu\u00e9e en acier inoxydable 304 durable, est con\u00e7ue pour un \u00e9pluchage rapide et efficace avec une capacit\u00e9 de 1500 carottes par heure.<\/p>","protected":false},"author":1,"featured_media":1678,"parent":0,"template":"","tags":[90,30,42],"product-type":[3],"class_list":["post-1669","product","type-product","status-publish","has-post-thumbnail","hentry","tag-carrot-peeler-machine","tag-food-machine","tag-vegetable","product-type-fruit-vegetable-processing-machine"],"_links":{"self":[{"href":"https:\/\/topfoodmachine.com\/fr\/wp-json\/wp\/v2\/product\/1669","targetHints":{"allow":["GET"]}}],"collection":[{"href":"https:\/\/topfoodmachine.com\/fr\/wp-json\/wp\/v2\/product"}],"about":[{"href":"https:\/\/topfoodmachine.com\/fr\/wp-json\/wp\/v2\/types\/product"}],"author":[{"embeddable":true,"href":"https:\/\/topfoodmachine.com\/fr\/wp-json\/wp\/v2\/users\/1"}],"wp:featuredmedia":[{"embeddable":true,"href":"https:\/\/topfoodmachine.com\/fr\/wp-json\/wp\/v2\/media\/1678"}],"wp:attachment":[{"href":"https:\/\/topfoodmachine.com\/fr\/wp-json\/wp\/v2\/media?parent=1669"}],"wp:term":[{"taxonomy":"post_tag","embeddable":true,"href":"https:\/\/topfoodmachine.com\/fr\/wp-json\/wp\/v2\/tags?post=1669"},{"taxonomy":"product-type","embeddable":true,"href":"https:\/\/topfoodmachine.com\/fr\/wp-json\/wp\/v2\/product-type?post=1669"}],"curies":[{"name":"wp","href":"https:\/\/api.w.org\/{rel}","templated":true}]}}