{"id":1461,"date":"2024-07-19T16:51:05","date_gmt":"2024-07-19T08:51:05","guid":{"rendered":"https:\/\/topfoodmachine.com\/?post_type=product&#038;p=1461"},"modified":"2024-07-19T18:08:15","modified_gmt":"2024-07-19T10:08:15","slug":"quick-freezing-machine","status":"publish","type":"product","link":"https:\/\/topfoodmachine.com\/fr\/product\/quick-freezing-machine\/","title":{"rendered":"Machine de cong\u00e9lation rapide | Machine de cong\u00e9lation instantan\u00e9e"},"content":{"rendered":"<div class=\"kk-star-ratings kksr-auto kksr-align-left kksr-valign-top\"     data-payload='{&quot;align&quot;:&quot;left&quot;,&quot;id&quot;:&quot;1461&quot;,&quot;slug&quot;:&quot;default&quot;,&quot;valign&quot;:&quot;top&quot;,&quot;ignore&quot;:&quot;&quot;,&quot;reference&quot;:&quot;auto&quot;,&quot;class&quot;:&quot;&quot;,&quot;count&quot;:&quot;25&quot;,&quot;legendonly&quot;:&quot;&quot;,&quot;readonly&quot;:&quot;&quot;,&quot;score&quot;:&quot;4.7&quot;,&quot;starsonly&quot;:&quot;&quot;,&quot;best&quot;:&quot;5&quot;,&quot;gap&quot;:&quot;5&quot;,&quot;greet&quot;:&quot;Rate this product&quot;,&quot;legend&quot;:&quot;4.7\\\/5 - (25 votes)&quot;,&quot;size&quot;:&quot;24&quot;,&quot;title&quot;:&quot;Quick freezing machine | Instant freezer machine&quot;,&quot;width&quot;:&quot;133.8&quot;,&quot;_legend&quot;:&quot;{score}\\\/{best} - ({count} {votes})&quot;,&quot;font_factor&quot;:&quot;1.25&quot;}'>              <div class=\"kksr-stars\">      <div class=\"kksr-stars-inactive\">             <div class=\"kksr-star\" data-star=\"1\" style=\"padding-right: 5px\">               <div class=\"kksr-icon\" style=\"width: 24px; height: 24px;\"><\/div>         <\/div>             <div class=\"kksr-star\" data-star=\"2\" style=\"padding-right: 5px\">               <div class=\"kksr-icon\" style=\"width: 24px; height: 24px;\"><\/div>         <\/div>             <div class=\"kksr-star\" data-star=\"3\" style=\"padding-right: 5px\">               <div class=\"kksr-icon\" style=\"width: 24px; height: 24px;\"><\/div>         <\/div>             <div class=\"kksr-star\" data-star=\"4\" style=\"padding-right: 5px\">               <div class=\"kksr-icon\" style=\"width: 24px; height: 24px;\"><\/div>         <\/div>             <div class=\"kksr-star\" data-star=\"5\" style=\"padding-right: 5px\">               <div class=\"kksr-icon\" style=\"width: 24px; height: 24px;\"><\/div>         <\/div>     <\/div>      <div class=\"kksr-stars-active\" style=\"width: 133.8px;\">             <div class=\"kksr-star\" style=\"padding-right: 5px\">               <div class=\"kksr-icon\" style=\"width: 24px; height: 24px;\"><\/div>         <\/div>             <div class=\"kksr-star\" style=\"padding-right: 5px\">               <div class=\"kksr-icon\" style=\"width: 24px; height: 24px;\"><\/div>         <\/div>             <div class=\"kksr-star\" style=\"padding-right: 5px\">               <div class=\"kksr-icon\" style=\"width: 24px; height: 24px;\"><\/div>         <\/div>             <div class=\"kksr-star\" style=\"padding-right: 5px\">               <div class=\"kksr-icon\" style=\"width: 24px; height: 24px;\"><\/div>         <\/div>             <div class=\"kksr-star\" style=\"padding-right: 5px\">               <div class=\"kksr-icon\" style=\"width: 24px; height: 24px;\"><\/div>         <\/div>     <\/div> <\/div>                   <div class=\"kksr-legend\" style=\"font-size: 19.2px;\">             4,7\/5 - (25 votes)    <\/div>     <\/div>  <p>Les machines \u00e0 cong\u00e9lation rapide, \u00e9galement connues sous le nom de machines \u00e0 cong\u00e9lation instantan\u00e9e, cong\u00e8lent rapidement les aliments pour pr\u00e9server la qualit\u00e9, la texture et la valeur nutritionnelle en minimisant la formation de cristaux de glace. Essentielles dans l'industrie alimentaire, elles cong\u00e8lent efficacement de grandes quantit\u00e9s de fruits de mer, de viandes, de fruits, de l\u00e9gumes et de repas pr\u00eats \u00e0 consommer.<\/p>    <p>Les machines \u00e0 cong\u00e9lation rapide ont des plages de temp\u00e9rature r\u00e9glables de 0 \u00e0 -45 degr\u00e9s Celsius, s'adaptant \u00e0 divers besoins de cong\u00e9lation. Chaque plateau peut contenir jusqu'\u00e0 6 kilogrammes d'aliments, avec des temps de travail typiques de 60 \u00e0 90 minutes, am\u00e9liorant l'efficacit\u00e9 et r\u00e9duisant le temps de cong\u00e9lation. Cela les rend inestimables pour prolonger la dur\u00e9e de conservation, r\u00e9duire le gaspillage et garantir la s\u00e9curit\u00e9 et la qualit\u00e9 des aliments.<\/p>    <figure class=\"wp-block-embed is-type-video is-provider-youtube wp-block-embed-youtube wp-embed-aspect-4-3 wp-has-aspect-ratio\"><div class=\"wp-block-embed__wrapper\"> <iframe loading=\"lazy\" title=\"Choisir la bonne machine \u00e0 cong\u00e9lation rapide pour votre entreprise #cong\u00e9lateur #cong\u00e9lation #traitementdesaliments\" width=\"500\" height=\"375\" src=\"https:\/\/www.youtube.com\/embed\/rUSXv2atb5g?feature=oembed\" frameborder=\"0\" allow=\"accelerometer; autoplay; clipboard-write; encrypted-media; gyroscope; picture-in-picture; web-share\" referrerpolicy=\"strict-origin-when-cross-origin\" allowfullscreen><\/iframe> <\/div><figcaption class=\"wp-element-caption\">Vid\u00e9o de fonctionnement de la machine \u00e0 cong\u00e9lation rapide<\/figcaption><\/figure>    <h2 class=\"wp-block-heading\">Application de la machine de cong\u00e9lation rapide<\/h2>    <h3 class=\"wp-block-heading\"><strong>Industrie alimentaire<\/strong><\/h3>    <ul class=\"wp-block-list\"> <li><strong>Fruits de mer<\/strong>. Assure la fra\u00eecheur et pr\u00e9vient la d\u00e9t\u00e9rioration en congelant rapidement le poisson et les crustac\u00e9s, pr\u00e9servant leur go\u00fbt et leur texture.<\/li>    <li><strong>Viandes<\/strong>. Utilis\u00e9 pour congeler le b\u0153uf, la volaille et le porc, prolongeant la dur\u00e9e de conservation et r\u00e9duisant le risque de br\u00fblure de cong\u00e9lation.<\/li>    <li><strong>Fruits et l\u00e9gumes<\/strong>. Pr\u00e9serve la valeur nutritionnelle, la saveur et la texture des fruits et l\u00e9gumes pour une utilisation hors saison.<\/li>    <li><strong>Repas pr\u00eats \u00e0 manger<\/strong>. Essentiel pour congeler des repas pr\u00e9cuits et des aliments pratiques, garantissant un stockage \u00e0 long terme sans compromettre la qualit\u00e9.<\/li> <\/ul>    <figure class=\"wp-block-image size-large\"><img loading=\"lazy\" decoding=\"async\" width=\"720\" height=\"467\" src=\"https:\/\/topfoodmachine.com\/wp-content\/uploads\/2022\/08\/meat-cutting-machine-applications.jpg\" alt=\"viande\" class=\"wp-image-301\" srcset=\"https:\/\/topfoodmachine.com\/wp-content\/uploads\/2022\/08\/meat-cutting-machine-applications.jpg 720w, https:\/\/topfoodmachine.com\/wp-content\/uploads\/2022\/08\/meat-cutting-machine-applications-300x195.jpg 300w\" sizes=\"auto, (max-width: 720px) 100vw, 720px\" \/><figcaption class=\"wp-element-caption\">viande<\/figcaption><\/figure>    <h3 class=\"wp-block-heading\"><strong>Produits de boulangerie<\/strong><\/h3>    <ul class=\"wp-block-list\"> <li><strong>P\u00e2te et p\u00e2tisseries<\/strong>. Congeler rapidement les produits de p\u00e2te et de p\u00e2tisserie pour maintenir leur fra\u00eecheur et garantir la coh\u00e9rence lors de la cuisson.<\/li> <\/ul>    <h3 class=\"wp-block-heading\"><strong>Produits laitiers<\/strong><\/h3>    <ul class=\"wp-block-list\"> <li><strong>Glaces et desserts glac\u00e9s<\/strong>. Utilis\u00e9 dans la production de glaces et de desserts glac\u00e9s pour congeler rapidement le m\u00e9lange, emp\u00eachant la formation de gros cristaux de glace et garantissant une texture lisse.<\/li> <\/ul>    <figure class=\"wp-block-image size-full\"><img loading=\"lazy\" decoding=\"async\" width=\"720\" height=\"540\" src=\"https:\/\/topfoodmachine.com\/wp-content\/uploads\/2024\/04\/cake.webp\" alt=\"g\u00e2teau\" class=\"wp-image-1229\" srcset=\"https:\/\/topfoodmachine.com\/wp-content\/uploads\/2024\/04\/cake.webp 720w, https:\/\/topfoodmachine.com\/wp-content\/uploads\/2024\/04\/cake-300x225.webp 300w, https:\/\/topfoodmachine.com\/wp-content\/uploads\/2024\/04\/cake-16x12.webp 16w\" sizes=\"auto, (max-width: 720px) 100vw, 720px\" \/><figcaption class=\"wp-element-caption\">g\u00e2teau<\/figcaption><\/figure>    <h3 class=\"wp-block-heading\"><strong>Industrie pharmaceutique<\/strong><\/h3>    <ul class=\"wp-block-list\"> <li><strong>Stockage de vaccins<\/strong>. Important pour la pr\u00e9servation des vaccins et d'autres produits pharmaceutiques sensibles \u00e0 la temp\u00e9rature, garantissant leur efficacit\u00e9 et leur s\u00e9curit\u00e9.<\/li> <\/ul>    <h3 class=\"wp-block-heading\"><strong>Biotechnologie<\/strong><\/h3>    <ul class=\"wp-block-list\"> <li><strong>Pr\u00e9servation des cellules<\/strong>. Utilis\u00e9 pour la pr\u00e9servation d'\u00e9chantillons biologiques, y compris des cellules, des tissus et des enzymes, pour des applications de recherche et m\u00e9dicales.<\/li> <\/ul>    <h3 class=\"wp-block-heading\"><strong>Agriculture<\/strong><\/h3>    <ul class=\"wp-block-list\"> <li><strong>Pr\u00e9servation des semences<\/strong>. Utilis\u00e9 pour congeler des semences agricoles, prolongeant leur viabilit\u00e9 et garantissant une germination r\u00e9ussie.<\/li> <\/ul>    <figure class=\"wp-block-image size-full\"><img loading=\"lazy\" decoding=\"async\" width=\"720\" height=\"540\" src=\"https:\/\/topfoodmachine.com\/wp-content\/uploads\/2024\/07\/seeds.webp\" alt=\"graines\" class=\"wp-image-1468\" srcset=\"https:\/\/topfoodmachine.com\/wp-content\/uploads\/2024\/07\/seeds.webp 720w, https:\/\/topfoodmachine.com\/wp-content\/uploads\/2024\/07\/seeds-300x225.webp 300w, https:\/\/topfoodmachine.com\/wp-content\/uploads\/2024\/07\/seeds-16x12.webp 16w\" sizes=\"auto, (max-width: 720px) 100vw, 720px\" \/><figcaption class=\"wp-element-caption\">graines<\/figcaption><\/figure>    <h3 class=\"wp-block-heading\"><strong>Transformation alimentaire<\/strong><\/h3>    <ul class=\"wp-block-list\"> <li><strong>Blanchiment<\/strong>. La cong\u00e9lation rapide est utilis\u00e9e pour refroidir rapidement les l\u00e9gumes blanchis avant l'emballage, maintenant la couleur et la texture.<\/li> <\/ul>    <figure class=\"wp-block-gallery has-nested-images columns-default is-cropped wp-block-gallery-2 is-layout-flex wp-block-gallery-is-layout-flex\"> <figure class=\"wp-block-image size-full\"><img loading=\"lazy\" decoding=\"async\" width=\"720\" height=\"540\" data-id=\"1469\" src=\"https:\/\/topfoodmachine.com\/wp-content\/uploads\/2024\/07\/instant-freezing-machine.webp\" alt=\"machine de cong\u00e9lation instantan\u00e9e\" class=\"wp-image-1469\" srcset=\"https:\/\/topfoodmachine.com\/wp-content\/uploads\/2024\/07\/instant-freezing-machine.webp 720w, https:\/\/topfoodmachine.com\/wp-content\/uploads\/2024\/07\/instant-freezing-machine-300x225.webp 300w, https:\/\/topfoodmachine.com\/wp-content\/uploads\/2024\/07\/instant-freezing-machine-16x12.webp 16w\" sizes=\"auto, (max-width: 720px) 100vw, 720px\" \/><figcaption class=\"wp-element-caption\">machine de cong\u00e9lation instantan\u00e9e<\/figcaption><\/figure>    <figure class=\"wp-block-image size-full\"><img loading=\"lazy\" decoding=\"async\" width=\"720\" height=\"540\" data-id=\"1470\" src=\"https:\/\/topfoodmachine.com\/wp-content\/uploads\/2024\/07\/quick-freezer.webp\" alt=\"cong\u00e9lateur rapide\" class=\"wp-image-1470\" srcset=\"https:\/\/topfoodmachine.com\/wp-content\/uploads\/2024\/07\/quick-freezer.webp 720w, https:\/\/topfoodmachine.com\/wp-content\/uploads\/2024\/07\/quick-freezer-300x225.webp 300w, https:\/\/topfoodmachine.com\/wp-content\/uploads\/2024\/07\/quick-freezer-16x12.webp 16w\" sizes=\"auto, (max-width: 720px) 100vw, 720px\" \/><figcaption class=\"wp-element-caption\">cong\u00e9lateur rapide<\/figcaption><\/figure> <\/figure>    <h2 class=\"wp-block-heading\">Principaux avantages de la machine \u00e0 cong\u00e9lation instantan\u00e9e<\/h2>    <ul class=\"wp-block-list\"> <li><strong>Haute efficacit\u00e9 \u00e9nerg\u00e9tique<\/strong>. Utilise des compresseurs import\u00e9s connus pour leur utilisation efficace de l'\u00e9nergie, malgr\u00e9 des niveaux de bruit plus \u00e9lev\u00e9s, garantissant un refroidissement et une cong\u00e9lation rapides.<\/li>    <li><strong>Technologie de d\u00e9givrage \u00e9lectrique<\/strong>. Am\u00e9liore la s\u00e9curit\u00e9 et \u00e9conomise de l'\u00e9lectricit\u00e9 par rapport aux m\u00e9thodes traditionnelles, r\u00e9duisant les co\u00fbts d'exploitation et les besoins en maintenance.<\/li>    <li><strong>Syst\u00e8me de contr\u00f4le de temp\u00e9rature micro-ordinateur<\/strong>. Permet une r\u00e9gulation pr\u00e9cise de la temp\u00e9rature dans des plages admissibles, optimisant les conditions de cong\u00e9lation pour diff\u00e9rents types d'aliments afin de maintenir la qualit\u00e9.<\/li>    <li><strong>Capacit\u00e9 de cong\u00e9lation rapide<\/strong>. Permet une cong\u00e9lation rapide des aliments, pr\u00e9servant la fra\u00eecheur, la texture et la valeur nutritionnelle tout en prolongeant la dur\u00e9e de conservation.<\/li> <\/ul>    <figure class=\"wp-block-gallery has-nested-images columns-default is-cropped wp-block-gallery-3 is-layout-flex wp-block-gallery-is-layout-flex\"> <figure class=\"wp-block-image size-large\"><img loading=\"lazy\" decoding=\"async\" width=\"720\" height=\"540\" data-id=\"1464\" src=\"https:\/\/topfoodmachine.com\/wp-content\/uploads\/2024\/07\/automatic-Instant-freezer-machine.webp\" alt=\"machine \u00e0 cong\u00e9lation instantan\u00e9e automatique\" class=\"wp-image-1464\" srcset=\"https:\/\/topfoodmachine.com\/wp-content\/uploads\/2024\/07\/automatic-Instant-freezer-machine.webp 720w, https:\/\/topfoodmachine.com\/wp-content\/uploads\/2024\/07\/automatic-Instant-freezer-machine-300x225.webp 300w, https:\/\/topfoodmachine.com\/wp-content\/uploads\/2024\/07\/automatic-Instant-freezer-machine-16x12.webp 16w\" sizes=\"auto, (max-width: 720px) 100vw, 720px\" \/><figcaption class=\"wp-element-caption\">machine \u00e0 cong\u00e9lation instantan\u00e9e automatique<\/figcaption><\/figure>    <figure class=\"wp-block-image size-large\"><img loading=\"lazy\" decoding=\"async\" width=\"720\" height=\"540\" data-id=\"1465\" src=\"https:\/\/topfoodmachine.com\/wp-content\/uploads\/2024\/07\/commercial-Instant-freezer-machine.webp\" alt=\"machine \u00e0 cong\u00e9lation instantan\u00e9e commerciale\" class=\"wp-image-1465\" srcset=\"https:\/\/topfoodmachine.com\/wp-content\/uploads\/2024\/07\/commercial-Instant-freezer-machine.webp 720w, https:\/\/topfoodmachine.com\/wp-content\/uploads\/2024\/07\/commercial-Instant-freezer-machine-300x225.webp 300w, https:\/\/topfoodmachine.com\/wp-content\/uploads\/2024\/07\/commercial-Instant-freezer-machine-16x12.webp 16w\" sizes=\"auto, (max-width: 720px) 100vw, 720px\" \/><figcaption class=\"wp-element-caption\">machine \u00e0 cong\u00e9lation instantan\u00e9e commerciale<\/figcaption><\/figure> <\/figure>    <h2 class=\"wp-block-heading\">Param\u00e8tres de la machine \u00e0 cong\u00e9lation rapide<\/h2>    <figure class=\"wp-block-table\"><table><tbody><tr><td><strong>Mod\u00e8le<\/strong><strong><\/strong><\/td><td><strong>Plateaux<\/strong><strong><\/strong><\/td><td><strong>Taille (mm)<\/strong><strong><\/strong><\/td><td><strong>Puissance totale<\/strong><strong><\/strong><\/td><td><strong>Volume (L)<\/strong><strong><\/strong><\/td><td><strong>Tension (V)<\/strong><strong><\/strong><\/td><td><strong>Plage de temp\u00e9rature (\u00b0C)<\/strong><strong><\/strong><\/td><td><strong>Espacement des \u00e9tag\u00e8res (mm)<\/strong><strong><\/strong><\/td><td><strong>M\u00e9thode de r\u00e9frig\u00e9ration<\/strong><strong><\/strong><\/td><\/tr><tr><td>TZ-C5<\/td><td>5<\/td><td>880*900*1270<\/td><td>1.5P, 1200W<\/td><td>120<\/td><td>220<\/td><td>0~-45<\/td><td>80<\/td><td>Refroidissement par air<\/td><\/tr><tr><td>TZ-C7<\/td><td>7<\/td><td>880*900*1850<\/td><td>1.5P, 1200W<\/td><td>120<\/td><td>220<\/td><td>0~-45<\/td><td>80<\/td><td>Refroidissement par air<\/td><\/tr><tr><td>TZ-C10<\/td><td>10<\/td><td>880*900*1850<\/td><td>2P, 1500W<\/td><td>300<\/td><td>220<\/td><td>0~-45<\/td><td>80<\/td><td>Refroidissement par air<\/td><\/tr><tr><td>TZ-C12<\/td><td>12<\/td><td>880*900*1850<\/td><td>2P, 1500W<\/td><td>300<\/td><td>220<\/td><td>0~-45<\/td><td>80<\/td><td>Refroidissement par air<\/td><\/tr><\/tbody><\/table><figcaption class=\"wp-element-caption\">Param\u00e8tres de la machine \u00e0 cong\u00e9lation instantan\u00e9e<\/figcaption><\/figure>    <figure class=\"wp-block-gallery has-nested-images columns-default is-cropped wp-block-gallery-4 is-layout-flex wp-block-gallery-is-layout-flex\"> <figure class=\"wp-block-image size-full\"><img loading=\"lazy\" decoding=\"async\" width=\"720\" height=\"540\" data-id=\"1466\" src=\"https:\/\/topfoodmachine.com\/wp-content\/uploads\/2024\/07\/industrial-Instant-freezer-machine.webp\" alt=\"machine \u00e0 cong\u00e9lation instantan\u00e9e industrielle\" class=\"wp-image-1466\" srcset=\"https:\/\/topfoodmachine.com\/wp-content\/uploads\/2024\/07\/industrial-Instant-freezer-machine.webp 720w, https:\/\/topfoodmachine.com\/wp-content\/uploads\/2024\/07\/industrial-Instant-freezer-machine-300x225.webp 300w, https:\/\/topfoodmachine.com\/wp-content\/uploads\/2024\/07\/industrial-Instant-freezer-machine-16x12.webp 16w\" sizes=\"auto, (max-width: 720px) 100vw, 720px\" \/><figcaption class=\"wp-element-caption\">machine \u00e0 cong\u00e9lation instantan\u00e9e industrielle<\/figcaption><\/figure>    <figure class=\"wp-block-image size-full\"><img loading=\"lazy\" decoding=\"async\" width=\"720\" height=\"540\" data-id=\"1471\" src=\"https:\/\/topfoodmachine.com\/wp-content\/uploads\/2024\/07\/Quick-freezing-machine-for-sale.webp\" alt=\"Machine \u00e0 cong\u00e9lation rapide \u00e0 vendre\" class=\"wp-image-1471\" srcset=\"https:\/\/topfoodmachine.com\/wp-content\/uploads\/2024\/07\/Quick-freezing-machine-for-sale.webp 720w, https:\/\/topfoodmachine.com\/wp-content\/uploads\/2024\/07\/Quick-freezing-machine-for-sale-300x225.webp 300w, https:\/\/topfoodmachine.com\/wp-content\/uploads\/2024\/07\/Quick-freezing-machine-for-sale-16x12.webp 16w\" sizes=\"auto, (max-width: 720px) 100vw, 720px\" \/><figcaption class=\"wp-element-caption\">Machine \u00e0 cong\u00e9lation rapide \u00e0 vendre<\/figcaption><\/figure> <\/figure>    <h2 class=\"wp-block-heading\">Pourquoi choisir notre rapide <a href=\"https:\/\/en.wikipedia.org\/wiki\/Freezing\" data-type=\"link\" data-id=\"https:\/\/en.wikipedia.org\/wiki\/Freezing\" target=\"_blank\" rel=\"noopener\">cong\u00e9lation<\/a> machine<\/h2>    <p>Nos machines \u00e0 cong\u00e9lation rapide sont con\u00e7ues pour offrir des performances fiables, soutenues par une assistance en ligne 24h\/24 et 7j\/7 et des services de maintenance \u00e0 vie. Chaque machine est fournie avec des manuels en anglais et des vid\u00e9os d'instruction, garantissant une op\u00e9ration simple. <\/p>    <p>Des contr\u00f4les de qualit\u00e9 rigoureux sont effectu\u00e9s sur tous les composants, y compris les cadres en acier inoxydable, les vis et les roulements, pour respecter les normes de l'industrie. Avant l'exp\u00e9dition, des tests approfondis et une documentation vid\u00e9o valident l'int\u00e9grit\u00e9 op\u00e9rationnelle des machines \u00e0 leur arriv\u00e9e.<\/p>    <figure class=\"wp-block-image size-full\"><img loading=\"lazy\" decoding=\"async\" width=\"720\" height=\"540\" src=\"https:\/\/topfoodmachine.com\/wp-content\/uploads\/2024\/07\/Quick-freezing-machine-for-business.webp\" alt=\"Machine \u00e0 cong\u00e9lation rapide pour les affaires\" class=\"wp-image-1472\" srcset=\"https:\/\/topfoodmachine.com\/wp-content\/uploads\/2024\/07\/Quick-freezing-machine-for-business.webp 720w, https:\/\/topfoodmachine.com\/wp-content\/uploads\/2024\/07\/Quick-freezing-machine-for-business-300x225.webp 300w, https:\/\/topfoodmachine.com\/wp-content\/uploads\/2024\/07\/Quick-freezing-machine-for-business-16x12.webp 16w\" sizes=\"auto, (max-width: 720px) 100vw, 720px\" \/><figcaption class=\"wp-element-caption\">Machine \u00e0 cong\u00e9lation rapide pour les affaires<\/figcaption><\/figure>    <p>En cas de probl\u00e8mes op\u00e9rationnels, notre g\u00e9n\u00e9reuse garantie d'un an assure une r\u00e9solution rapide. Les clients peuvent acc\u00e9l\u00e9rer les diagnostics en fournissant des vid\u00e9os de retour et en facilitant des solutions rapides. Pour les probl\u00e8mes r\u00e9sultant d'une mauvaise utilisation, des pi\u00e8ces sont disponibles \u00e0 co\u00fbt, tandis que les d\u00e9fauts de fabrication sont corrig\u00e9s par des remplacements gratuits. <\/p>    <p>Notre \u00e9quipe de support technique d\u00e9di\u00e9e est pr\u00eate \u00e0 aider avec le remplacement de pi\u00e8ces et les proc\u00e9dures de maintenance, garantissant un fonctionnement sans faille.<\/p>    <figure class=\"wp-block-image size-full\"><img loading=\"lazy\" decoding=\"async\" width=\"720\" height=\"540\" src=\"https:\/\/topfoodmachine.com\/wp-content\/uploads\/2024\/07\/Instant-freezer-machine.webp\" alt=\"Machine \u00e0 cong\u00e9lation instantan\u00e9e\" class=\"wp-image-1467\" srcset=\"https:\/\/topfoodmachine.com\/wp-content\/uploads\/2024\/07\/Instant-freezer-machine.webp 720w, https:\/\/topfoodmachine.com\/wp-content\/uploads\/2024\/07\/Instant-freezer-machine-300x225.webp 300w, https:\/\/topfoodmachine.com\/wp-content\/uploads\/2024\/07\/Instant-freezer-machine-16x12.webp 16w\" sizes=\"auto, (max-width: 720px) 100vw, 720px\" \/><figcaption class=\"wp-element-caption\">Machine \u00e0 cong\u00e9lation instantan\u00e9e<\/figcaption><\/figure>    <h2 class=\"wp-block-heading\">Investissez dans notre machine \u00e0 cong\u00e9lation rapide<\/h2>    <p>Nos machines \u00e0 cong\u00e9lation rapide sont tr\u00e8s efficaces et technologiquement avanc\u00e9es. Elles garantissent la qualit\u00e9 et la fra\u00eecheur des aliments. Ces machines offrent un soutien fiable et des solutions optimis\u00e9es pour vos op\u00e9rations commerciales. Contactez-nous maintenant pour des informations d\u00e9taill\u00e9es et des prix !<\/p>    <p class=\"translation-block\">De plus, nos machines \u00e0 cong\u00e9lation rapide peuvent s'int\u00e9grer parfaitement avec <a href=\"https:\/\/topfoodmachine.com\/fr\/product\/french-fries-production-lines\/\" data-type=\"link\" data-id=\"https:\/\/topfoodmachine.com\/product\/french-fries-production-lines\/\">lignes de production de frites de pommes de terre<\/a>, <a href=\"https:\/\/topfoodmachine.com\/fr\/product\/chicken-feet-processing-line\/\" data-type=\"link\" data-id=\"https:\/\/topfoodmachine.com\/product\/chicken-feet-processing-line\/\">lignes de traitement de pattes de poulet<\/a>, ou <a href=\"https:\/\/topfoodmachine.com\/fr\/products\/egg-meat-processing-machine\/\" data-type=\"link\" data-id=\"https:\/\/topfoodmachine.com\/products\/egg-meat-processing-machine\/\">machines de traitement de la viande<\/a>, offrant une synergie compl\u00e8te pour vos lignes de production.<\/p>    <figure class=\"wp-block-gallery has-nested-images columns-default is-cropped wp-block-gallery-5 is-layout-flex wp-block-gallery-is-layout-flex\"> <figure class=\"wp-block-image size-large\"><img loading=\"lazy\" decoding=\"async\" width=\"720\" height=\"540\" data-id=\"59\" src=\"https:\/\/topfoodmachine.com\/wp-content\/uploads\/2022\/07\/french-fries-production-line.png\" alt=\"ligne de production de frites\" class=\"wp-image-59\" srcset=\"https:\/\/topfoodmachine.com\/wp-content\/uploads\/2022\/07\/french-fries-production-line.png 720w, https:\/\/topfoodmachine.com\/wp-content\/uploads\/2022\/07\/french-fries-production-line-300x225.png 300w\" sizes=\"auto, (max-width: 720px) 100vw, 720px\" \/><\/figure>    <figure class=\"wp-block-image size-large\"><img loading=\"lazy\" decoding=\"async\" width=\"720\" height=\"540\" data-id=\"1098\" src=\"https:\/\/topfoodmachine.com\/wp-content\/uploads\/2023\/12\/Chicken-feet-processing-line.webp\" alt=\"Ligne de traitement des pattes de poulet\" class=\"wp-image-1098\" srcset=\"https:\/\/topfoodmachine.com\/wp-content\/uploads\/2023\/12\/Chicken-feet-processing-line.webp 720w, https:\/\/topfoodmachine.com\/wp-content\/uploads\/2023\/12\/Chicken-feet-processing-line-300x225.webp 300w\" sizes=\"auto, (max-width: 720px) 100vw, 720px\" \/><figcaption class=\"wp-element-caption\">Ligne de traitement des pattes de poulet<\/figcaption><\/figure>    <figure class=\"wp-block-image size-large\"><img loading=\"lazy\" decoding=\"async\" width=\"720\" height=\"540\" data-id=\"828\" src=\"https:\/\/topfoodmachine.com\/wp-content\/uploads\/2023\/10\/fish-meat-separating-machine.webp\" alt=\"machine de s\u00e9paration de viande de poisson\" class=\"wp-image-828\" srcset=\"https:\/\/topfoodmachine.com\/wp-content\/uploads\/2023\/10\/fish-meat-separating-machine.webp 720w, https:\/\/topfoodmachine.com\/wp-content\/uploads\/2023\/10\/fish-meat-separating-machine-300x225.webp 300w\" sizes=\"auto, (max-width: 720px) 100vw, 720px\" \/><figcaption class=\"wp-element-caption\">machine de s\u00e9paration de viande de poisson<\/figcaption><\/figure> <\/figure>    <p><\/p>","protected":false},"excerpt":{"rendered":"<p>Les machines de cong\u00e9lation rapide, \u00e9galement connues sous le nom de machines de cong\u00e9lation instantan\u00e9e, cong\u00e8lent rapidement les aliments pour pr\u00e9server la qualit\u00e9, la texture et la valeur nutritionnelle en minimisant la formation de cristaux de glace.<\/p>","protected":false},"author":1,"featured_media":1463,"parent":0,"template":"","tags":[57,56],"product-type":[4],"class_list":["post-1461","product","type-product","status-publish","has-post-thumbnail","hentry","tag-freezer","tag-freezing-machine","product-type-frying-equipment"],"_links":{"self":[{"href":"https:\/\/topfoodmachine.com\/fr\/wp-json\/wp\/v2\/product\/1461","targetHints":{"allow":["GET"]}}],"collection":[{"href":"https:\/\/topfoodmachine.com\/fr\/wp-json\/wp\/v2\/product"}],"about":[{"href":"https:\/\/topfoodmachine.com\/fr\/wp-json\/wp\/v2\/types\/product"}],"author":[{"embeddable":true,"href":"https:\/\/topfoodmachine.com\/fr\/wp-json\/wp\/v2\/users\/1"}],"wp:featuredmedia":[{"embeddable":true,"href":"https:\/\/topfoodmachine.com\/fr\/wp-json\/wp\/v2\/media\/1463"}],"wp:attachment":[{"href":"https:\/\/topfoodmachine.com\/fr\/wp-json\/wp\/v2\/media?parent=1461"}],"wp:term":[{"taxonomy":"post_tag","embeddable":true,"href":"https:\/\/topfoodmachine.com\/fr\/wp-json\/wp\/v2\/tags?post=1461"},{"taxonomy":"product-type","embeddable":true,"href":"https:\/\/topfoodmachine.com\/fr\/wp-json\/wp\/v2\/product-type?post=1461"}],"curies":[{"name":"wp","href":"https:\/\/api.w.org\/{rel}","templated":true}]}}