{"id":1444,"date":"2024-07-16T11:15:25","date_gmt":"2024-07-16T03:15:25","guid":{"rendered":"https:\/\/topfoodmachine.com\/?post_type=product&#038;p=1444"},"modified":"2025-11-03T18:01:25","modified_gmt":"2025-11-03T10:01:25","slug":"stainless-steel-crusher","status":"publish","type":"product","link":"https:\/\/topfoodmachine.com\/fr\/product\/stainless-steel-crusher\/","title":{"rendered":"Machine \u00e0 broyer en poudre"},"content":{"rendered":"<div class=\"kk-star-ratings kksr-auto kksr-align-left kksr-valign-top\"     data-payload='{&quot;align&quot;:&quot;left&quot;,&quot;id&quot;:&quot;1444&quot;,&quot;slug&quot;:&quot;default&quot;,&quot;valign&quot;:&quot;top&quot;,&quot;ignore&quot;:&quot;&quot;,&quot;reference&quot;:&quot;auto&quot;,&quot;class&quot;:&quot;&quot;,&quot;count&quot;:&quot;5&quot;,&quot;legendonly&quot;:&quot;&quot;,&quot;readonly&quot;:&quot;&quot;,&quot;score&quot;:&quot;4.7&quot;,&quot;starsonly&quot;:&quot;&quot;,&quot;best&quot;:&quot;5&quot;,&quot;gap&quot;:&quot;5&quot;,&quot;greet&quot;:&quot;Rate this product&quot;,&quot;legend&quot;:&quot;4.7\\\/5 - (5 votes)&quot;,&quot;size&quot;:&quot;24&quot;,&quot;title&quot;:&quot;Powder grinder machine&quot;,&quot;width&quot;:&quot;133.8&quot;,&quot;_legend&quot;:&quot;{score}\\\/{best} - ({count} {votes})&quot;,&quot;font_factor&quot;:&quot;1.25&quot;}'>              <div class=\"kksr-stars\">      <div class=\"kksr-stars-inactive\">             <div class=\"kksr-star\" data-star=\"1\" style=\"padding-right: 5px\">               <div class=\"kksr-icon\" style=\"width: 24px; height: 24px;\"><\/div>         <\/div>             <div class=\"kksr-star\" data-star=\"2\" style=\"padding-right: 5px\">               <div class=\"kksr-icon\" style=\"width: 24px; height: 24px;\"><\/div>         <\/div>             <div class=\"kksr-star\" data-star=\"3\" style=\"padding-right: 5px\">               <div class=\"kksr-icon\" style=\"width: 24px; height: 24px;\"><\/div>         <\/div>             <div class=\"kksr-star\" data-star=\"4\" style=\"padding-right: 5px\">               <div class=\"kksr-icon\" style=\"width: 24px; height: 24px;\"><\/div>         <\/div>             <div class=\"kksr-star\" data-star=\"5\" style=\"padding-right: 5px\">               <div class=\"kksr-icon\" style=\"width: 24px; height: 24px;\"><\/div>         <\/div>     <\/div>      <div class=\"kksr-stars-active\" style=\"width: 133.8px;\">             <div class=\"kksr-star\" style=\"padding-right: 5px\">               <div class=\"kksr-icon\" style=\"width: 24px; height: 24px;\"><\/div>         <\/div>             <div class=\"kksr-star\" style=\"padding-right: 5px\">               <div class=\"kksr-icon\" style=\"width: 24px; height: 24px;\"><\/div>         <\/div>             <div class=\"kksr-star\" style=\"padding-right: 5px\">               <div class=\"kksr-icon\" style=\"width: 24px; height: 24px;\"><\/div>         <\/div>             <div class=\"kksr-star\" style=\"padding-right: 5px\">               <div class=\"kksr-icon\" style=\"width: 24px; height: 24px;\"><\/div>         <\/div>             <div class=\"kksr-star\" style=\"padding-right: 5px\">               <div class=\"kksr-icon\" style=\"width: 24px; height: 24px;\"><\/div>         <\/div>     <\/div> <\/div>                   <div class=\"kksr-legend\" style=\"font-size: 19.2px;\">             4,7\/5 - (5 votes)    <\/div>     <\/div>  <p class=\"translation-block\">La<strong>machine de broyage de poudre<\/strong>est un \u00e9quipement durable en acier inoxydable pour un traitement alimentaire efficace. Elle peut broyer divers mat\u00e9riaux durs tels que les grains, les poivrons, le gingembre, le ma\u00efs et le sucre avec une grande pr\u00e9cision. <\/p>    <p>Dot\u00e9 de disques de broyage interchangeables, il prend en charge diff\u00e9rentes exigences de finesse et capacit\u00e9s allant de 150 \u00e0 400 kg\/h, ce qui le rend id\u00e9al pour une production \u00e0 petite et grande \u00e9chelle. Facile \u00e0 nettoyer et \u00e0 entretenir, cette machine assure une op\u00e9ration hygi\u00e9nique et des performances constantes.<\/p>    <figure class=\"wp-block-embed is-type-video is-provider-youtube wp-block-embed-youtube wp-embed-aspect-16-9 wp-has-aspect-ratio\"><div class=\"wp-block-embed__wrapper\"> <iframe loading=\"lazy\" title=\"Broyeur en acier inoxydable en action : Test d&#039;efficacit\u00e9 de broyage #transformationalimentaire #broyage #moudre\" width=\"500\" height=\"281\" src=\"https:\/\/www.youtube.com\/embed\/Rcn9MEi9pwo?feature=oembed\" frameborder=\"0\" allow=\"accelerometer; autoplay; clipboard-write; encrypted-media; gyroscope; picture-in-picture; web-share\" referrerpolicy=\"strict-origin-when-cross-origin\" allowfullscreen><\/iframe> <\/div><figcaption class=\"wp-element-caption\">Vid\u00e9o de fonctionnement de la machine \u00e0 broyer la poudre<\/figcaption><\/figure>    <h2 class=\"wp-block-heading\">Quels mat\u00e9riaux sont adapt\u00e9s \u00e0 la machine \u00e0 broyer des grains ?<\/h2>    <p>La machine \u00e0 grain peut traiter efficacement une large gamme de mati\u00e8res solides comestibles. Elle excelle dans le broyage de divers grains et c\u00e9r\u00e9ales, notamment le bl\u00e9, le riz, l\u2019orge et l\u2019avoine.<\/p>    <figure class=\"wp-block-gallery has-nested-images columns-default is-cropped wp-block-gallery-2 is-layout-flex wp-block-gallery-is-layout-flex\"> <figure class=\"wp-block-image size-large\"><img loading=\"lazy\" decoding=\"async\" width=\"720\" height=\"540\" data-id=\"1447\" src=\"https:\/\/topfoodmachine.com\/wp-content\/uploads\/2024\/07\/chilli-powder.webp\" alt=\"poudre de piment\" class=\"wp-image-1447\" srcset=\"https:\/\/topfoodmachine.com\/wp-content\/uploads\/2024\/07\/chilli-powder.webp 720w, https:\/\/topfoodmachine.com\/wp-content\/uploads\/2024\/07\/chilli-powder-300x225.webp 300w, https:\/\/topfoodmachine.com\/wp-content\/uploads\/2024\/07\/chilli-powder-16x12.webp 16w\" sizes=\"auto, (max-width: 720px) 100vw, 720px\" \/><figcaption class=\"wp-element-caption\">poudre de piment<\/figcaption><\/figure>    <figure class=\"wp-block-image size-large\"><img loading=\"lazy\" decoding=\"async\" width=\"720\" height=\"540\" data-id=\"1450\" src=\"https:\/\/topfoodmachine.com\/wp-content\/uploads\/2024\/07\/yam-powder.webp\" alt=\"poudre de igname\" class=\"wp-image-1450\" srcset=\"https:\/\/topfoodmachine.com\/wp-content\/uploads\/2024\/07\/yam-powder.webp 720w, https:\/\/topfoodmachine.com\/wp-content\/uploads\/2024\/07\/yam-powder-300x225.webp 300w, https:\/\/topfoodmachine.com\/wp-content\/uploads\/2024\/07\/yam-powder-16x12.webp 16w\" sizes=\"auto, (max-width: 720px) 100vw, 720px\" \/><figcaption class=\"wp-element-caption\">poudre de igname<\/figcaption><\/figure> <\/figure>    <p>De plus, elle broie efficacement les ingr\u00e9dients d'assaisonnement comme les poivrons, garantissant une taille de particule uniforme pour une meilleure extraction de saveur dans les applications culinaires. <\/p>    <p>De plus, le broyeur excelle dans le traitement des l\u00e9gumes-racines solides tels que les ignames, les r\u00e9duisant efficacement en fines particules adapt\u00e9es \u00e0 diverses pr\u00e9parations alimentaires.<\/p>    <p>Ensuite, nous examinerons la structure robuste de notre machine \u00e0 broyer la poudre.<\/p>    <figure class=\"wp-block-gallery has-nested-images columns-2 is-cropped wp-block-gallery-3 is-layout-flex wp-block-gallery-is-layout-flex\"> <figure class=\"wp-block-image size-large\"><img loading=\"lazy\" decoding=\"async\" width=\"720\" height=\"540\" data-id=\"1448\" src=\"https:\/\/topfoodmachine.com\/wp-content\/uploads\/2024\/07\/grain-powder-grinder-application.webp\" alt=\"application du broyeur de poudre de grain\" class=\"wp-image-1448\" srcset=\"https:\/\/topfoodmachine.com\/wp-content\/uploads\/2024\/07\/grain-powder-grinder-application.webp 720w, https:\/\/topfoodmachine.com\/wp-content\/uploads\/2024\/07\/grain-powder-grinder-application-300x225.webp 300w, https:\/\/topfoodmachine.com\/wp-content\/uploads\/2024\/07\/grain-powder-grinder-application-16x12.webp 16w\" sizes=\"auto, (max-width: 720px) 100vw, 720px\" \/><figcaption class=\"wp-element-caption\">application du broyeur de poudre de grain<\/figcaption><\/figure>    <figure class=\"wp-block-image size-large\"><img loading=\"lazy\" decoding=\"async\" width=\"720\" height=\"540\" data-id=\"1449\" src=\"https:\/\/topfoodmachine.com\/wp-content\/uploads\/2024\/07\/spice-crusher-application.webp\" alt=\"application du broyeur d&#039;\u00e9pices\" class=\"wp-image-1449\" srcset=\"https:\/\/topfoodmachine.com\/wp-content\/uploads\/2024\/07\/spice-crusher-application.webp 720w, https:\/\/topfoodmachine.com\/wp-content\/uploads\/2024\/07\/spice-crusher-application-300x225.webp 300w, https:\/\/topfoodmachine.com\/wp-content\/uploads\/2024\/07\/spice-crusher-application-16x12.webp 16w\" sizes=\"auto, (max-width: 720px) 100vw, 720px\" \/><figcaption class=\"wp-element-caption\">application du broyeur d'\u00e9pices<\/figcaption><\/figure> <\/figure>    <h2 class=\"wp-block-heading\">Structure de la machine \u00e0 broyer en poudre<\/h2>    <figure class=\"wp-block-image size-full\"><img loading=\"lazy\" decoding=\"async\" width=\"720\" height=\"540\" src=\"https:\/\/topfoodmachine.com\/wp-content\/uploads\/2024\/07\/structure-of-Stainless-steel-crusher.webp\" alt=\"structure de la machine \u00e0 broyer la poudre\" class=\"wp-image-1451\" srcset=\"https:\/\/topfoodmachine.com\/wp-content\/uploads\/2024\/07\/structure-of-Stainless-steel-crusher.webp 720w, https:\/\/topfoodmachine.com\/wp-content\/uploads\/2024\/07\/structure-of-Stainless-steel-crusher-300x225.webp 300w, https:\/\/topfoodmachine.com\/wp-content\/uploads\/2024\/07\/structure-of-Stainless-steel-crusher-16x12.webp 16w\" sizes=\"auto, (max-width: 720px) 100vw, 720px\" \/><figcaption class=\"wp-element-caption\">structure de la machine \u00e0 broyer la poudre<\/figcaption><\/figure>    <p>Ensuite, nous allons examiner les principes op\u00e9rationnels de notre broyeur de poudre de grain.<\/p>    <h2 class=\"wp-block-heading\">Principe de fonctionnement du broyeur de poudre de grain<\/h2>    <p class=\"translation-block\">La<strong>Machine \u00e0 poudre de grain<\/strong>fonctionne sur le principe du mouvement relatif entre un disque mobile \u00e0 grande vitesse et un disque stationnaire. Cette interaction permet \u00e0 la machine de pulv\u00e9riser efficacement les grains par plusieurs m\u00e9canismes, assurant une poudre uniforme et fine.<\/p>    <div class=\"wp-block-media-text is-stacked-on-mobile\"><figure class=\"wp-block-media-text__media\"><img loading=\"lazy\" decoding=\"async\" width=\"720\" height=\"540\" src=\"https:\/\/topfoodmachine.com\/wp-content\/uploads\/2024\/07\/automatic-Grain-grinder-machine.webp\" alt=\"machine \u00e0 broyer les grains automatique\" class=\"wp-image-1452 size-full\" srcset=\"https:\/\/topfoodmachine.com\/wp-content\/uploads\/2024\/07\/automatic-Grain-grinder-machine.webp 720w, https:\/\/topfoodmachine.com\/wp-content\/uploads\/2024\/07\/automatic-Grain-grinder-machine-300x225.webp 300w, https:\/\/topfoodmachine.com\/wp-content\/uploads\/2024\/07\/automatic-Grain-grinder-machine-16x12.webp 16w\" sizes=\"auto, (max-width: 720px) 100vw, 720px\" \/><\/figure><div class=\"wp-block-media-text__content\"> <h3 class=\"wp-block-heading\"><strong>Principales caract\u00e9ristiques et m\u00e9canismes de fonctionnement<\/strong><\/h3>    <ul class=\"wp-block-list\"> <li><strong>Broyage efficace :<\/strong> Pulv\u00e9rise les mat\u00e9riaux par impact dentaire, cisaillement, friction et collisions de particules.<\/li>    <li><strong>Fonctionnement fluide et faible bruit :<\/strong> Assure un fonctionnement silencieux adapt\u00e9 \u00e0 une production continue.<\/li> <\/ul> <\/div><\/div>    <div class=\"wp-block-media-text has-media-on-the-right is-stacked-on-mobile\"><div class=\"wp-block-media-text__content\"> <ul class=\"wp-block-list\"> <li><strong>\u00c9vacuation directe :<\/strong> Les mat\u00e9riaux broy\u00e9s sont \u00e9vacu\u00e9s imm\u00e9diatement de la chambre de broyage.<\/li>    <li><strong>Taille de particule r\u00e9glable :<\/strong> Diff\u00e9rents \u00e9crans \u00e0 ouverture peuvent \u00eatre s\u00e9lectionn\u00e9s pour contr\u00f4ler la granularit\u00e9 du produit final en fonction des exigences de traitement.<\/li> <\/ul> <\/div><figure class=\"wp-block-media-text__media\"><img loading=\"lazy\" decoding=\"async\" width=\"720\" height=\"540\" src=\"https:\/\/topfoodmachine.com\/wp-content\/uploads\/2024\/07\/Stainless-steel-crusher-for-business.webp\" alt=\"Broyeur en acier inoxydable pour les affaires\" class=\"wp-image-1458 size-full\" srcset=\"https:\/\/topfoodmachine.com\/wp-content\/uploads\/2024\/07\/Stainless-steel-crusher-for-business.webp 720w, https:\/\/topfoodmachine.com\/wp-content\/uploads\/2024\/07\/Stainless-steel-crusher-for-business-300x225.webp 300w, https:\/\/topfoodmachine.com\/wp-content\/uploads\/2024\/07\/Stainless-steel-crusher-for-business-16x12.webp 16w\" sizes=\"auto, (max-width: 720px) 100vw, 720px\" \/><\/figure><\/div>    <p>Cette combinaison de conception et de fonctionnalit\u00e9 rend le moulin\/grinder de poudre pour grains extr\u00eamement efficace et polyvalent pour diverses applications de traitement des grains.<\/p>    <p>Ensuite, nous d\u00e9taillerons les sp\u00e9cifications et les param\u00e8tres de notre machine \u00e0 broyer la poudre d'\u00e9pices.<\/p>    <h2 class=\"wp-block-heading\">Param\u00e8tres de la machine \u00e0 broyer en poudre d'\u00e9pices<\/h2>    <figure class=\"wp-block-table\"><table><tbody><tr><td>Mod\u00e8le<\/td><td>TZ-20B<\/td><td>TZ-30B<\/td><td>TZ-40B<\/td><\/tr><tr><td>Capacit\u00e9 (kg\/h)<\/td><td>15-150<\/td><td>30-300<\/td><td>80-400<\/td><\/tr><tr><td>Finesse de broyage (maille)<\/td><td>20-120<\/td><td>20-120<\/td><td>20-120<\/td><\/tr><tr><td>Limite de mat\u00e9riau (mm)<\/td><td>10<\/td><td>10<\/td><td>10<\/td><\/tr><tr><td>Tension<\/td><td>380V, 4KW<\/td><td>380V, 5.5KW<\/td><td>380V, 7.5KW<\/td><\/tr><tr><td>Vitesse du moteur (tr\/min)<\/td><td>5300<\/td><td>4500<\/td><td>3800<\/td><\/tr><tr><td>Dimensions du produit (mm)<\/td><td>690x710x1140<\/td><td>760x760x1300<\/td><td>790x870x1370<\/td><\/tr><tr><td>Poids (kg)<\/td><td>150<\/td><td>200<\/td><td>260<\/td><\/tr><\/tbody><\/table><figcaption class=\"wp-element-caption\">param\u00e8tres du broyeur de grain<\/figcaption><\/figure>    <figure class=\"wp-block-image size-full\"><img loading=\"lazy\" decoding=\"async\" width=\"720\" height=\"540\" src=\"https:\/\/topfoodmachine.com\/wp-content\/uploads\/2024\/07\/effective-Grain-grinder-machine.webp\" alt=\"machine \u00e0 broyer les grains efficace\" class=\"wp-image-1454\" srcset=\"https:\/\/topfoodmachine.com\/wp-content\/uploads\/2024\/07\/effective-Grain-grinder-machine.webp 720w, https:\/\/topfoodmachine.com\/wp-content\/uploads\/2024\/07\/effective-Grain-grinder-machine-300x225.webp 300w, https:\/\/topfoodmachine.com\/wp-content\/uploads\/2024\/07\/effective-Grain-grinder-machine-16x12.webp 16w\" sizes=\"auto, (max-width: 720px) 100vw, 720px\" \/><figcaption class=\"wp-element-caption\">machine \u00e0 broyer les grains efficace<\/figcaption><\/figure>    <h2 class=\"wp-block-heading\">FAQs sur la machine de fraisage en poudre<\/h2>   <div id=\"rank-math-faq\" class=\"rank-math-block\"> <div class=\"rank-math-list\"> <div id=\"faq-question-1721039298471\" class=\"rank-math-list-item\"> <h3 class=\"rank-math-question\">Quelle est la capacit\u00e9 de production de la machine \u00e0 broyer en poudre de cacao ?<\/h3> <div class=\"rank-math-answer\">  <p>La capacit\u00e9 de production de nos machines de fraisage de poudre est polyvalente et peut \u00eatre adapt\u00e9e pour r\u00e9pondre aux demandes des clients. En g\u00e9n\u00e9ral, nos machines offrent des capacit\u00e9s vari\u00e9es allant de 150 \u00e0 400 kg\/h, r\u00e9pondant \u00e0 diff\u00e9rentes \u00e9chelles de besoins de production.<\/p>  <\/div> <\/div> <div id=\"faq-question-1721039305494\" class=\"rank-math-list-item\"> <h3 class=\"rank-math-question\">Quelle est la finesse du produit fini ?<\/h3> <div class=\"rank-math-answer\">  <p>En g\u00e9n\u00e9ral, la machine de fraisage de poudre atteint une finesse de particules allant de 20 \u00e0 40 mailles. Ce broyage pr\u00e9cis garantit que le produit fini r\u00e9pond aux exigences de taille de particule adapt\u00e9es \u00e0 diverses applications de transformation alimentaire et industrielle.<\/p>  <\/div> <\/div> <div id=\"faq-question-1721039336757\" class=\"rank-math-list-item\"> <h3 class=\"rank-math-question\">De quel mat\u00e9riau est fabriqu\u00e9 le produit ?<\/h3> <div class=\"rank-math-answer\">  <p>Nos machines \u00e0 broyer la poudre sont principalement construites en acier inoxydable 304 de haute qualit\u00e9. L'acier inoxydable offre une excellente r\u00e9sistance \u00e0 la corrosion et durabilit\u00e9, garantissant un fonctionnement stable \u00e0 long terme et le respect des normes d'hygi\u00e8ne requises dans les \u00e9quipements de transformation alimentaire.<\/p>  <\/div> <\/div> <div id=\"faq-question-1721039354345\" class=\"rank-math-list-item\"> <h3 class=\"rank-math-question\">Quelle est la tension de la machine ?<\/h3> <div class=\"rank-math-answer\">  <p>La tension de nos machines de fraisage de poudre peut \u00eatre ajust\u00e9e en fonction des exigences de tension de la zone locale du client. Nous proposons des options de remplacement de transformateur pour s'adapter \u00e0 diff\u00e9rentes conditions de tension dans diff\u00e9rents pays et r\u00e9gions, garantissant que la machine fonctionne en toute s\u00e9curit\u00e9 et efficacement.<\/p>  <\/div> <\/div> <div id=\"faq-question-1721039377053\" class=\"rank-math-list-item\"> <h3 class=\"rank-math-question\">Les paiements peuvent-ils \u00eatre effectu\u00e9s par carte de cr\u00e9dit ?<\/h3> <div class=\"rank-math-answer\">  <p>Les paiements peuvent \u00eatre effectu\u00e9s par carte de cr\u00e9dit via la plateforme Alibaba. Ce mode de paiement est pratique et s\u00e9curis\u00e9, offrant aux clients des options de paiement flexibles.<\/p>  <\/div> <\/div> <\/div> <\/div>   <figure class=\"wp-block-gallery has-nested-images columns-default is-cropped wp-block-gallery-4 is-layout-flex wp-block-gallery-is-layout-flex\"> <figure class=\"wp-block-image size-large\"><img loading=\"lazy\" decoding=\"async\" width=\"720\" height=\"540\" data-id=\"1456\" src=\"https:\/\/topfoodmachine.com\/wp-content\/uploads\/2024\/07\/Grain-powder-mill-grinder-details.webp\" alt=\"d\u00e9tails du broyeur de poudre de grain\" class=\"wp-image-1456\" srcset=\"https:\/\/topfoodmachine.com\/wp-content\/uploads\/2024\/07\/Grain-powder-mill-grinder-details.webp 720w, https:\/\/topfoodmachine.com\/wp-content\/uploads\/2024\/07\/Grain-powder-mill-grinder-details-300x225.webp 300w, https:\/\/topfoodmachine.com\/wp-content\/uploads\/2024\/07\/Grain-powder-mill-grinder-details-16x12.webp 16w\" sizes=\"auto, (max-width: 720px) 100vw, 720px\" \/><figcaption class=\"wp-element-caption\">d\u00e9tails du broyeur de poudre de grain<\/figcaption><\/figure>    <figure class=\"wp-block-image size-large\"><img loading=\"lazy\" decoding=\"async\" width=\"720\" height=\"540\" data-id=\"1455\" src=\"https:\/\/topfoodmachine.com\/wp-content\/uploads\/2024\/07\/exported-Grain-powder-mill-grinder.webp\" alt=\"broyeur de poudre de grain export\u00e9\" class=\"wp-image-1455\" srcset=\"https:\/\/topfoodmachine.com\/wp-content\/uploads\/2024\/07\/exported-Grain-powder-mill-grinder.webp 720w, https:\/\/topfoodmachine.com\/wp-content\/uploads\/2024\/07\/exported-Grain-powder-mill-grinder-300x225.webp 300w, https:\/\/topfoodmachine.com\/wp-content\/uploads\/2024\/07\/exported-Grain-powder-mill-grinder-16x12.webp 16w\" sizes=\"auto, (max-width: 720px) 100vw, 720px\" \/><figcaption class=\"wp-element-caption\">broyeur de poudre de grain export\u00e9<\/figcaption><\/figure> <\/figure>    <h2 class=\"wp-block-heading\">machine de soutien de <a href=\"https:\/\/en.wikipedia.org\/wiki\/Stainless_steel\" data-type=\"link\" data-id=\"https:\/\/en.wikipedia.org\/wiki\/Stainless_steel\" target=\"_blank\" rel=\"noopener\">acier inoxydable<\/a> broyeur<\/h2>    <p class=\"translation-block\">La<strong>Machine de broyage de poudre<\/strong>, associ\u00e9e \u00e0 la<strong><a href=\"https:\/\/topfoodmachine.com\/fr\/product\/spice-powder-packing-machine\/\" data-type=\"link\" data-id=\"https:\/\/topfoodmachine.com\/product\/spice-powder-packing-machine\/\">Machine d\u2019emballage de poudre d\u2019\u00e9pices<\/a><\/strong>, offre une solution fluide pour le traitement et l\u2019emballage des aliments. <\/p>    <p>Le broyeur en acier inoxydable produit efficacement des poudres d\u2019\u00e9pices uniformes, tandis que la machine d\u2019emballage automatise le pesage et l\u2019emballage, augmentant la productivit\u00e9, r\u00e9duisant la main-d\u2019\u0153uvre et assurant un conditionnement uniforme et sans erreurs.<\/p>    <figure class=\"wp-block-gallery has-nested-images columns-default is-cropped wp-block-gallery-5 is-layout-flex wp-block-gallery-is-layout-flex\"> <figure class=\"wp-block-image size-large\"><img loading=\"lazy\" decoding=\"async\" width=\"600\" height=\"450\" data-id=\"322\" src=\"https:\/\/topfoodmachine.com\/wp-content\/uploads\/2022\/08\/ginger-powder-packing-machine.jpg\" alt=\"machine d&#039;emballage de poudre de gingembre\" class=\"wp-image-322\" srcset=\"https:\/\/topfoodmachine.com\/wp-content\/uploads\/2022\/08\/ginger-powder-packing-machine.jpg 600w, https:\/\/topfoodmachine.com\/wp-content\/uploads\/2022\/08\/ginger-powder-packing-machine-300x225.jpg 300w\" sizes=\"auto, (max-width: 600px) 100vw, 600px\" \/><figcaption class=\"wp-element-caption\">machine d'emballage de poudre de gingembre<\/figcaption><\/figure>    <figure class=\"wp-block-image size-large\"><img loading=\"lazy\" decoding=\"async\" width=\"720\" height=\"540\" data-id=\"1457\" src=\"https:\/\/topfoodmachine.com\/wp-content\/uploads\/2024\/07\/Stainless-steel-crusher-for-sale.webp\" alt=\"Broyeur en acier inoxydable \u00e0 vendre\" class=\"wp-image-1457\" srcset=\"https:\/\/topfoodmachine.com\/wp-content\/uploads\/2024\/07\/Stainless-steel-crusher-for-sale.webp 720w, https:\/\/topfoodmachine.com\/wp-content\/uploads\/2024\/07\/Stainless-steel-crusher-for-sale-300x225.webp 300w, https:\/\/topfoodmachine.com\/wp-content\/uploads\/2024\/07\/Stainless-steel-crusher-for-sale-16x12.webp 16w\" sizes=\"auto, (max-width: 720px) 100vw, 720px\" \/><figcaption class=\"wp-element-caption\">Broyeur en acier inoxydable \u00e0 vendre<\/figcaption><\/figure> <\/figure>    <h2 class=\"wp-block-heading\">Laissez votre message !<\/h2>    <p>Pour en savoir plus sur l'achat de notre broyeur en acier inoxydable ou pour demander des sp\u00e9cifications de produit et des options de personnalisation, n'h\u00e9sitez pas \u00e0 contacter notre \u00e9quipe de service client. <\/p>    <p>Nous nous engageons \u00e0 vous fournir des solutions de broyage efficaces, durables et polyvalentes qui r\u00e9pondent \u00e0 vos besoins dans le traitement des aliments et les applications industrielles.<\/p>    <p>Contactez-nous d\u00e8s aujourd'hui pour explorer comment notre broyeur en acier inoxydable peut s'int\u00e9grer dans vos processus de production, offrant une plus grande valeur et efficacit\u00e9.<\/p>    <figure class=\"wp-block-gallery has-nested-images columns-default is-cropped wp-block-gallery-6 is-layout-flex wp-block-gallery-is-layout-flex\"> <figure class=\"wp-block-image size-large\"><img loading=\"lazy\" decoding=\"async\" width=\"720\" height=\"540\" data-id=\"1459\" src=\"https:\/\/topfoodmachine.com\/wp-content\/uploads\/2024\/07\/Grain-grinder-machine-in-stock.webp\" alt=\"Machine \u00e0 moudre les grains en stock\" class=\"wp-image-1459\" srcset=\"https:\/\/topfoodmachine.com\/wp-content\/uploads\/2024\/07\/Grain-grinder-machine-in-stock.webp 720w, https:\/\/topfoodmachine.com\/wp-content\/uploads\/2024\/07\/Grain-grinder-machine-in-stock-300x225.webp 300w, https:\/\/topfoodmachine.com\/wp-content\/uploads\/2024\/07\/Grain-grinder-machine-in-stock-16x12.webp 16w\" sizes=\"auto, (max-width: 720px) 100vw, 720px\" \/><figcaption class=\"wp-element-caption\">Machine \u00e0 moudre les grains en stock<\/figcaption><\/figure>    <figure class=\"wp-block-image size-large\"><img loading=\"lazy\" decoding=\"async\" width=\"720\" height=\"540\" data-id=\"1453\" src=\"https:\/\/topfoodmachine.com\/wp-content\/uploads\/2024\/07\/commercial-Grain-powder-mill-grinder.webp\" alt=\"Broyeur commercial de poudre de grain\" class=\"wp-image-1453\" srcset=\"https:\/\/topfoodmachine.com\/wp-content\/uploads\/2024\/07\/commercial-Grain-powder-mill-grinder.webp 720w, https:\/\/topfoodmachine.com\/wp-content\/uploads\/2024\/07\/commercial-Grain-powder-mill-grinder-300x225.webp 300w, https:\/\/topfoodmachine.com\/wp-content\/uploads\/2024\/07\/commercial-Grain-powder-mill-grinder-16x12.webp 16w\" sizes=\"auto, (max-width: 720px) 100vw, 720px\" \/><figcaption class=\"wp-element-caption\">Broyeur commercial de poudre de grain<\/figcaption><\/figure> <\/figure>","protected":false},"excerpt":{"rendered":"<p>La machine de broyage de poudre est un \u00e9quipement durable en acier inoxydable pour un traitement efficace des aliments.<\/p>","protected":false},"author":1,"featured_media":1446,"parent":0,"template":"","tags":[52,53,55,54],"product-type":[5],"class_list":["post-1444","product","type-product","status-publish","has-post-thumbnail","hentry","tag-crusher","tag-grain","tag-grinder","tag-powder","product-type-nuts-processing-machine"],"_links":{"self":[{"href":"https:\/\/topfoodmachine.com\/fr\/wp-json\/wp\/v2\/product\/1444","targetHints":{"allow":["GET"]}}],"collection":[{"href":"https:\/\/topfoodmachine.com\/fr\/wp-json\/wp\/v2\/product"}],"about":[{"href":"https:\/\/topfoodmachine.com\/fr\/wp-json\/wp\/v2\/types\/product"}],"author":[{"embeddable":true,"href":"https:\/\/topfoodmachine.com\/fr\/wp-json\/wp\/v2\/users\/1"}],"wp:featuredmedia":[{"embeddable":true,"href":"https:\/\/topfoodmachine.com\/fr\/wp-json\/wp\/v2\/media\/1446"}],"wp:attachment":[{"href":"https:\/\/topfoodmachine.com\/fr\/wp-json\/wp\/v2\/media?parent=1444"}],"wp:term":[{"taxonomy":"post_tag","embeddable":true,"href":"https:\/\/topfoodmachine.com\/fr\/wp-json\/wp\/v2\/tags?post=1444"},{"taxonomy":"product-type","embeddable":true,"href":"https:\/\/topfoodmachine.com\/fr\/wp-json\/wp\/v2\/product-type?post=1444"}],"curies":[{"name":"wp","href":"https:\/\/api.w.org\/{rel}","templated":true}]}}