{"id":1430,"date":"2024-07-05T11:41:54","date_gmt":"2024-07-05T03:41:54","guid":{"rendered":"https:\/\/topfoodmachine.com\/?post_type=product&#038;p=1430"},"modified":"2026-01-19T15:51:29","modified_gmt":"2026-01-19T07:51:29","slug":"pancake-making-machine","status":"publish","type":"product","link":"https:\/\/topfoodmachine.com\/fr\/product\/pancake-making-machine\/","title":{"rendered":"Machine \u00e0 faire des cr\u00eapes | Cr\u00eapi\u00e8re"},"content":{"rendered":"<div class=\"kk-star-ratings kksr-auto kksr-align-left kksr-valign-top\"     data-payload='{&quot;align&quot;:&quot;left&quot;,&quot;id&quot;:&quot;1430&quot;,&quot;slug&quot;:&quot;default&quot;,&quot;valign&quot;:&quot;top&quot;,&quot;ignore&quot;:&quot;&quot;,&quot;reference&quot;:&quot;auto&quot;,&quot;class&quot;:&quot;&quot;,&quot;count&quot;:&quot;12&quot;,&quot;legendonly&quot;:&quot;&quot;,&quot;readonly&quot;:&quot;&quot;,&quot;score&quot;:&quot;4.8&quot;,&quot;starsonly&quot;:&quot;&quot;,&quot;best&quot;:&quot;5&quot;,&quot;gap&quot;:&quot;5&quot;,&quot;greet&quot;:&quot;Rate this product&quot;,&quot;legend&quot;:&quot;4.8\\\/5 - (12 votes)&quot;,&quot;size&quot;:&quot;24&quot;,&quot;title&quot;:&quot;Pancake making machine | Pancake maker&quot;,&quot;width&quot;:&quot;136.7&quot;,&quot;_legend&quot;:&quot;{score}\\\/{best} - ({count} {votes})&quot;,&quot;font_factor&quot;:&quot;1.25&quot;}'>              <div class=\"kksr-stars\">      <div class=\"kksr-stars-inactive\">             <div class=\"kksr-star\" data-star=\"1\" style=\"padding-right: 5px\">               <div class=\"kksr-icon\" style=\"width: 24px; height: 24px;\"><\/div>         <\/div>             <div class=\"kksr-star\" data-star=\"2\" style=\"padding-right: 5px\">               <div class=\"kksr-icon\" style=\"width: 24px; height: 24px;\"><\/div>         <\/div>             <div class=\"kksr-star\" data-star=\"3\" style=\"padding-right: 5px\">               <div class=\"kksr-icon\" style=\"width: 24px; height: 24px;\"><\/div>         <\/div>             <div class=\"kksr-star\" data-star=\"4\" style=\"padding-right: 5px\">               <div class=\"kksr-icon\" style=\"width: 24px; height: 24px;\"><\/div>         <\/div>             <div class=\"kksr-star\" data-star=\"5\" style=\"padding-right: 5px\">               <div class=\"kksr-icon\" style=\"width: 24px; height: 24px;\"><\/div>         <\/div>     <\/div>      <div class=\"kksr-stars-active\" style=\"width: 136.7px;\">             <div class=\"kksr-star\" style=\"padding-right: 5px\">               <div class=\"kksr-icon\" style=\"width: 24px; height: 24px;\"><\/div>         <\/div>             <div class=\"kksr-star\" style=\"padding-right: 5px\">               <div class=\"kksr-icon\" style=\"width: 24px; height: 24px;\"><\/div>         <\/div>             <div class=\"kksr-star\" style=\"padding-right: 5px\">               <div class=\"kksr-icon\" style=\"width: 24px; height: 24px;\"><\/div>         <\/div>             <div class=\"kksr-star\" style=\"padding-right: 5px\">               <div class=\"kksr-icon\" style=\"width: 24px; height: 24px;\"><\/div>         <\/div>             <div class=\"kksr-star\" style=\"padding-right: 5px\">               <div class=\"kksr-icon\" style=\"width: 24px; height: 24px;\"><\/div>         <\/div>     <\/div> <\/div>                   <div class=\"kksr-legend\" style=\"font-size: 19.2px;\">             4,8\/5 - (12 votes)    <\/div>     <\/div>  <p>Notre machine \u00e0 pancakes peut r\u00e9aliser une production efficace et coh\u00e9rente, offrant des options de chauffage \u00e9lectrique et pneumatique pour r\u00e9pondre \u00e0 diff\u00e9rents besoins op\u00e9rationnels. Avec 2, 4 ou 6 plaques de cuisson, chacune contr\u00f4l\u00e9e ind\u00e9pendamment, elle garantit une cuisson pr\u00e9cise et une qualit\u00e9 uniforme des pancakes. <\/p>    <p>Fabriqu\u00e9 en acier inoxydable de haute qualit\u00e9, la machine est durable, hygi\u00e9nique et facile \u00e0 nettoyer, tandis que son design convivial permet \u00e0 des op\u00e9rateurs de tout niveau d'exp\u00e9rience de l'utiliser sans effort.<\/p>    <p class=\"translation-block\">Cette machine est id\u00e9ale pour les cuisines commerciales, restaurants, boulangeries et usines alimentaires, aidant \u00e0 \u00e9conomiser du temps et de la main-d'\u0153uvre tout en produisant de grandes quantit\u00e9s de pancakes. Nous proposons deux mod\u00e8les populaires, <strong>TZ-4<\/strong> et <strong>TZ-6<\/strong>, tous deux capables de r\u00e9aliser des pancakes d'un diam\u00e8tre de <strong>35 cm<\/strong>, offrant une performance fiable et une production constante pour diverses \u00e9chelles de production.<\/p>    <figure class=\"wp-block-embed is-type-video is-provider-youtube wp-block-embed-youtube wp-embed-aspect-16-9 wp-has-aspect-ratio\"><div class=\"wp-block-embed__wrapper\"> <iframe loading=\"lazy\" title=\"Comment utiliser la machine \u00e0 cr\u00eapes ultime pour des cr\u00eapes moelleuses #cr\u00eape #traitementalimentaire #p\u00e2tisserie\" width=\"500\" height=\"281\" src=\"https:\/\/www.youtube.com\/embed\/wOn_DOV-WZw?feature=oembed\" frameborder=\"0\" allow=\"accelerometer; autoplay; clipboard-write; encrypted-media; gyroscope; picture-in-picture; web-share\" referrerpolicy=\"strict-origin-when-cross-origin\" allowfullscreen><\/iframe> <\/div><figcaption class=\"wp-element-caption\">Vid\u00e9o de fonctionnement de la machine \u00e0 faire des cr\u00eapes<\/figcaption><\/figure>    <h2 class=\"wp-block-heading\">Cr\u00eapi\u00e8re automatique pour les affaires<\/h2>    <p class=\"translation-block\">Notre machine automatique \u00e0 pancakes est con\u00e7ue pour une production flexible et efficace, capable de fabriquer des pancakes <strong>ronds et carr\u00e9s<\/strong> pour r\u00e9pondre \u00e0 la demande vari\u00e9e du march\u00e9. Elle peut produire des pancakes ronds avec un <strong>diam\u00e8tre maximum de 60 cm<\/strong>, tandis que l'\u00e9paisseur du pancake est contr\u00f4l\u00e9e par la consistance de la p\u00e2te et peut \u00eatre ajust\u00e9e jusqu'\u00e0 <strong>1 mm<\/strong>, garantissant des r\u00e9sultats uniformes et une haute qualit\u00e9 de produit.<\/p>    <p class=\"translation-block\">Gr\u00e2ce \u00e0 sa forte adaptabilit\u00e9, cette machine \u00e0 pancakes convient \u00e0 une large gamme d'applications commerciales, y compris <strong>les cha\u00eenes de restauration rapide, les restaurants de petit-d\u00e9jeuner, les services de traiteur et les grands \u00e9v\u00e9nements de banquet<\/strong>, o\u00f9 diff\u00e9rentes formes, tailles de pancakes et une production coh\u00e9rente sont requises.<\/p>    <figure class=\"wp-block-image size-full\"><img loading=\"lazy\" decoding=\"async\" width=\"720\" height=\"540\" src=\"https:\/\/topfoodmachine.com\/wp-content\/uploads\/2024\/07\/commercial-Pancake-maker.webp\" alt=\"machine \u00e0 cr\u00eapes commerciale\" class=\"wp-image-1433\" srcset=\"https:\/\/topfoodmachine.com\/wp-content\/uploads\/2024\/07\/commercial-Pancake-maker.webp 720w, https:\/\/topfoodmachine.com\/wp-content\/uploads\/2024\/07\/commercial-Pancake-maker-300x225.webp 300w, https:\/\/topfoodmachine.com\/wp-content\/uploads\/2024\/07\/commercial-Pancake-maker-16x12.webp 16w\" sizes=\"auto, (max-width: 720px) 100vw, 720px\" \/><figcaption class=\"wp-element-caption\">machine \u00e0 cr\u00eapes commerciale<\/figcaption><\/figure>    <h2 class=\"wp-block-heading\">Avantages de la machine \u00e0 faire des cr\u00eapes<\/h2>    <div class=\"wp-block-media-text is-stacked-on-mobile\"><figure class=\"wp-block-media-text__media\"><img loading=\"lazy\" decoding=\"async\" width=\"720\" height=\"540\" src=\"https:\/\/topfoodmachine.com\/wp-content\/uploads\/2024\/07\/exported-Pancake-maker.webp\" alt=\"machine \u00e0 cr\u00eapes export\u00e9e\" class=\"wp-image-1434 size-full\" srcset=\"https:\/\/topfoodmachine.com\/wp-content\/uploads\/2024\/07\/exported-Pancake-maker.webp 720w, https:\/\/topfoodmachine.com\/wp-content\/uploads\/2024\/07\/exported-Pancake-maker-300x225.webp 300w, https:\/\/topfoodmachine.com\/wp-content\/uploads\/2024\/07\/exported-Pancake-maker-16x12.webp 16w\" sizes=\"auto, (max-width: 720px) 100vw, 720px\" \/><\/figure><div class=\"wp-block-media-text__content\"> <ul class=\"wp-block-list\"> <li><strong>Options de chauffage polyvalentes :<\/strong> Le fabricant de pancakes supporte le chauffage \u00e9lectrique et au gaz, et peut \u00e9galement \u00eatre \u00e9quip\u00e9 de syst\u00e8mes avanc\u00e9s de contr\u00f4le de la temp\u00e9rature, garantissant un ajustement pr\u00e9cis de la chaleur et une utilisation efficace de l'\u00e9nergie pendant le processus de cuisson.<\/li>    <li><strong>Configurations flexibles des plaques :<\/strong> Disponible avec plusieurs options de plaques de cuisson, chaque plaque pouvant \u00eatre contr\u00f4l\u00e9e ind\u00e9pendamment. Cela permet \u00e0 la machine de s'adapter \u00e0 diff\u00e9rentes tailles de cuisines et besoins de production, allant de petits caf\u00e9s \u00e0 de grandes cha\u00eenes de restaurants.<\/li> <\/ul> <\/div><\/div>    <div class=\"wp-block-media-text has-media-on-the-right is-stacked-on-mobile\"><div class=\"wp-block-media-text__content\"> <ul class=\"wp-block-list\"> <li><strong>Haute efficacit\u00e9 de production :<\/strong> Le chauffage rapide combin\u00e9 \u00e0 un contr\u00f4le pr\u00e9cis de la temp\u00e9rature permet une production continue de pancakes \u00e0 haut volume, contribuant \u00e0 r\u00e9duire le temps d'attente lors des heures de pointe et \u00e0 am\u00e9liorer l'efficacit\u00e9 op\u00e9rationnelle globale.<\/li>    <li><strong>Conception de s\u00e9curit\u00e9 am\u00e9lior\u00e9e :<\/strong> \u00c9quip\u00e9e de bases antid\u00e9rapantes, de poign\u00e9es r\u00e9sistantes \u00e0 la chaleur et de dispositifs de protection contre la surchauffe, la machine assure une op\u00e9ration s\u00fbre et stable m\u00eame dans des conditions de travail \u00e0 haute temp\u00e9rature.<\/li> <\/ul> <\/div><figure class=\"wp-block-media-text__media\"><img loading=\"lazy\" decoding=\"async\" width=\"720\" height=\"540\" src=\"https:\/\/topfoodmachine.com\/wp-content\/uploads\/2024\/07\/pancake-forming-machine.webp\" alt=\"machine \u00e0 former des cr\u00eapes\" class=\"wp-image-1435 size-full\" srcset=\"https:\/\/topfoodmachine.com\/wp-content\/uploads\/2024\/07\/pancake-forming-machine.webp 720w, https:\/\/topfoodmachine.com\/wp-content\/uploads\/2024\/07\/pancake-forming-machine-300x225.webp 300w, https:\/\/topfoodmachine.com\/wp-content\/uploads\/2024\/07\/pancake-forming-machine-16x12.webp 16w\" sizes=\"auto, (max-width: 720px) 100vw, 720px\" \/><\/figure><\/div>    <h2 class=\"wp-block-heading\">Machine \u00e0 faire des cr\u00eapes polyvalente<\/h2>    <p>La machine \u00e0 faire des cr\u00eapes est incroyablement polyvalente, offrant une commodit\u00e9 et une efficacit\u00e9 in\u00e9gal\u00e9es pour divers environnements commerciaux. Dans les restaurants, caf\u00e9s, magasins de petit-d\u00e9jeuner et points de vente de restauration rapide, cette machine peut produire de grandes quantit\u00e9s de cr\u00eapes rapidement, augmentant consid\u00e9rablement la vitesse de service et am\u00e9liorant la satisfaction des clients. Sa capacit\u00e9 \u00e0 produire constamment des cr\u00eapes de haute qualit\u00e9 en fait un outil indispensable pour les cuisines occup\u00e9es. <\/p>    <p>De plus, cette machine est parfaite pour des \u00e9v\u00e9nements sp\u00e9ciaux comme les mariages, les f\u00eates d'anniversaire et les rassemblements d'entreprise, permettant aux traiteurs de servir des cr\u00eapes d\u00e9licieuses rapidement et sans effort. Peu importe le sc\u00e9nario commercial, la machine \u00e0 faire des cr\u00eapes offre des performances exceptionnelles, en faisant un atout essentiel pour toute entreprise cherchant \u00e0 am\u00e9liorer ses offres alimentaires et \u00e0 rationaliser ses op\u00e9rations.<\/p>    <figure class=\"wp-block-gallery has-nested-images columns-default is-cropped wp-block-gallery-2 is-layout-flex wp-block-gallery-is-layout-flex\"> <figure class=\"wp-block-image size-full\"><img loading=\"lazy\" decoding=\"async\" width=\"720\" height=\"540\" data-id=\"1436\" src=\"https:\/\/topfoodmachine.com\/wp-content\/uploads\/2024\/07\/Pancake-maker-for-business.webp\" alt=\"machine \u00e0 cr\u00eapes pour les affaires\" class=\"wp-image-1436\" srcset=\"https:\/\/topfoodmachine.com\/wp-content\/uploads\/2024\/07\/Pancake-maker-for-business.webp 720w, https:\/\/topfoodmachine.com\/wp-content\/uploads\/2024\/07\/Pancake-maker-for-business-300x225.webp 300w, https:\/\/topfoodmachine.com\/wp-content\/uploads\/2024\/07\/Pancake-maker-for-business-16x12.webp 16w\" sizes=\"auto, (max-width: 720px) 100vw, 720px\" \/><figcaption class=\"wp-element-caption\">machine \u00e0 cr\u00eapes pour les affaires<\/figcaption><\/figure>    <figure class=\"wp-block-image size-full\"><img loading=\"lazy\" decoding=\"async\" width=\"720\" height=\"540\" data-id=\"1441\" src=\"https:\/\/topfoodmachine.com\/wp-content\/uploads\/2024\/07\/pancake.webp\" alt=\"cr\u00eape\" class=\"wp-image-1441\" srcset=\"https:\/\/topfoodmachine.com\/wp-content\/uploads\/2024\/07\/pancake.webp 720w, https:\/\/topfoodmachine.com\/wp-content\/uploads\/2024\/07\/pancake-300x225.webp 300w, https:\/\/topfoodmachine.com\/wp-content\/uploads\/2024\/07\/pancake-16x12.webp 16w\" sizes=\"auto, (max-width: 720px) 100vw, 720px\" \/><figcaption class=\"wp-element-caption\">cr\u00eape<\/figcaption><\/figure>    <figure class=\"wp-block-image size-full\"><img loading=\"lazy\" decoding=\"async\" width=\"720\" height=\"540\" data-id=\"1440\" src=\"https:\/\/topfoodmachine.com\/wp-content\/uploads\/2024\/07\/final-product-of-pancake-maker.webp\" alt=\"produit final de la machine \u00e0 cr\u00eapes\" class=\"wp-image-1440\" srcset=\"https:\/\/topfoodmachine.com\/wp-content\/uploads\/2024\/07\/final-product-of-pancake-maker.webp 720w, https:\/\/topfoodmachine.com\/wp-content\/uploads\/2024\/07\/final-product-of-pancake-maker-300x225.webp 300w, https:\/\/topfoodmachine.com\/wp-content\/uploads\/2024\/07\/final-product-of-pancake-maker-16x12.webp 16w\" sizes=\"auto, (max-width: 720px) 100vw, 720px\" \/><figcaption class=\"wp-element-caption\">produit final de la machine \u00e0 cr\u00eapes<\/figcaption><\/figure> <\/figure>    <h2 class=\"wp-block-heading\">Mat\u00e9riaux de la machine \u00e0 former des cr\u00eapes<\/h2>    <p>Notre machine \u00e0 former des cr\u00eapes est construite avec des mat\u00e9riaux de haute qualit\u00e9 pour garantir stabilit\u00e9 et durabilit\u00e9.<\/p>    <div class=\"wp-block-media-text is-stacked-on-mobile\"><figure class=\"wp-block-media-text__media\"><img loading=\"lazy\" decoding=\"async\" width=\"720\" height=\"540\" src=\"https:\/\/topfoodmachine.com\/wp-content\/uploads\/2024\/07\/pancakes.webp\" alt=\"cr\u00eapes\" class=\"wp-image-1438 size-full\" srcset=\"https:\/\/topfoodmachine.com\/wp-content\/uploads\/2024\/07\/pancakes.webp 720w, https:\/\/topfoodmachine.com\/wp-content\/uploads\/2024\/07\/pancakes-300x225.webp 300w, https:\/\/topfoodmachine.com\/wp-content\/uploads\/2024\/07\/pancakes-16x12.webp 16w\" sizes=\"auto, (max-width: 720px) 100vw, 720px\" \/><\/figure><div class=\"wp-block-media-text__content\"> <ul class=\"wp-block-list\"> <li><strong>Plaques de cuisson<\/strong>Fabriqu\u00e9es en acier 45#, ces plaques offrent une excellente r\u00e9sistance \u00e0 l'usure et des propri\u00e9t\u00e9s de conduction thermique. Cela garantit un chauffage uniforme de la p\u00e2te et une qualit\u00e9 et une rapidit\u00e9 de cuisson des cr\u00eapes constantes.<\/li>    <li><strong>Plaques glissantes<\/strong>Construites en acier inoxydable, ces plaques sont r\u00e9sistantes \u00e0 la rouille et faciles \u00e0 nettoyer, maintenant les normes d'hygi\u00e8ne pendant les op\u00e9rations et offrant une utilisation fiable \u00e0 long terme.<\/li> <\/ul> <\/div><\/div>    <div class=\"wp-block-media-text has-media-on-the-right is-stacked-on-mobile\"><div class=\"wp-block-media-text__content\"> <ul class=\"wp-block-list\"> <li><strong>Cuisini\u00e8re<\/strong>Les composants de la cuisini\u00e8re sont fabriqu\u00e9s en acier inoxydable. Connu pour sa r\u00e9sistance \u00e0 la corrosion et sa tol\u00e9rance aux temp\u00e9ratures \u00e9lev\u00e9es, adapt\u00e9 aux op\u00e9rations prolong\u00e9es \u00e0 haute temp\u00e9rature pour garantir la stabilit\u00e9 et la s\u00e9curit\u00e9 de l'\u00e9quipement.<\/li>    <li><strong>Cadre de support<\/strong>Le cadre est fabriqu\u00e9 en tubes carr\u00e9s galvanis\u00e9s, offrant une robustesse et une stabilit\u00e9 robustes pour soutenir l'ensemble de la machine, s'adaptant \u00e0 divers environnements et conditions op\u00e9rationnels.<\/li> <\/ul> <\/div><figure class=\"wp-block-media-text__media\"><img loading=\"lazy\" decoding=\"async\" width=\"720\" height=\"540\" src=\"https:\/\/topfoodmachine.com\/wp-content\/uploads\/2024\/07\/Pancake-maker-for-sale.webp\" alt=\"machine \u00e0 cr\u00eapes \u00e0 vendre\" class=\"wp-image-1437 size-full\" srcset=\"https:\/\/topfoodmachine.com\/wp-content\/uploads\/2024\/07\/Pancake-maker-for-sale.webp 720w, https:\/\/topfoodmachine.com\/wp-content\/uploads\/2024\/07\/Pancake-maker-for-sale-300x225.webp 300w, https:\/\/topfoodmachine.com\/wp-content\/uploads\/2024\/07\/Pancake-maker-for-sale-16x12.webp 16w\" sizes=\"auto, (max-width: 720px) 100vw, 720px\" \/><\/figure><\/div>    <p>Ces mat\u00e9riaux s\u00e9lectionn\u00e9s garantissent que notre machine \u00e0 former des cr\u00eapes fonctionne efficacement et de mani\u00e8re fiable sur le long terme. Ils offrent une production de cr\u00eapes de haute qualit\u00e9 et assurent des performances fiables pour nos clients.<\/p>    <h2 class=\"wp-block-heading\">Param\u00e8tres de la machine \u00e0 former des cr\u00eapes<\/h2>    <figure class=\"wp-block-table\"><table><tbody><tr><td>Mod\u00e8le<\/td><td>TZ-4<\/td><td>TZ-6<\/td><\/tr><tr><td>Taille<\/td><td>2500*560*750mm<\/td><td>3000*550*750mm<\/td><\/tr><tr><td>Diam\u00e8tre<\/td><td>35cm<\/td><td>35cm<\/td><\/tr><tr><td>Poids<\/td><td>190 kg<\/td><td>170kg<\/td><\/tr><\/tbody><\/table><figcaption class=\"wp-element-caption\">param\u00e8tres de la machine \u00e0 faire des cr\u00eapes<\/figcaption><\/figure>    <h2 class=\"wp-block-heading\">Conclusion<\/h2>    <p class=\"translation-block\">Choisissez notre <a href=\"https:\/\/en.wikipedia.org\/wiki\/Pancake\" data-type=\"link\" data-id=\"https:\/\/en.wikipedia.org\/wiki\/Pancake\" target=\"_blank\" rel=\"noopener\">machine \u00e0 pancakes<\/a> pour une performance stable, des configurations flexibles et une haute efficacit\u00e9. Nous proposons \u00e9galement une large gamme de <a href=\"https:\/\/topfoodmachine.com\/fr\/products\/pastry-production-machine\/\" data-type=\"link\" data-id=\"https:\/\/topfoodmachine.com\/products\/pastry-production-machine\/\">machines \u00e0 p\u00e2tisserie<\/a>, y compris des cr\u00eapi\u00e8res et des gaufriers, toutes con\u00e7ues pour une op\u00e9ration efficace et conviviale. Contactez-nous d\u00e8s maintenant pour d\u00e9couvrir comment nos machines alimentaires peuvent am\u00e9liorer votre production et d\u00e9velopper votre activit\u00e9.<\/p>    <figure class=\"wp-block-image size-full\"><img loading=\"lazy\" decoding=\"async\" width=\"720\" height=\"540\" src=\"https:\/\/topfoodmachine.com\/wp-content\/uploads\/2024\/07\/Pancake-making-machine-display.webp\" alt=\"affichage de la machine \u00e0 faire des cr\u00eapes\" class=\"wp-image-1439\" srcset=\"https:\/\/topfoodmachine.com\/wp-content\/uploads\/2024\/07\/Pancake-making-machine-display.webp 720w, https:\/\/topfoodmachine.com\/wp-content\/uploads\/2024\/07\/Pancake-making-machine-display-300x225.webp 300w, https:\/\/topfoodmachine.com\/wp-content\/uploads\/2024\/07\/Pancake-making-machine-display-16x12.webp 16w\" sizes=\"auto, (max-width: 720px) 100vw, 720px\" \/><figcaption class=\"wp-element-caption\">affichage de la machine \u00e0 faire des cr\u00eapes<\/figcaption><\/figure>","protected":false},"excerpt":{"rendered":"<p>Notre machine \u00e0 pancakes peut r\u00e9aliser une production efficace et coh\u00e9rente, offrant des options de chauffage \u00e9lectrique et pneumatique pour r\u00e9pondre \u00e0 diff\u00e9rents besoins op\u00e9rationnels.<\/p>","protected":false},"author":1,"featured_media":1432,"parent":0,"template":"","tags":[30,51,50,25],"product-type":[6],"class_list":["post-1430","product","type-product","status-publish","has-post-thumbnail","hentry","tag-food-machine","tag-food-processing","tag-pancake","tag-pastry","product-type-pastry-production-machine"],"_links":{"self":[{"href":"https:\/\/topfoodmachine.com\/fr\/wp-json\/wp\/v2\/product\/1430","targetHints":{"allow":["GET"]}}],"collection":[{"href":"https:\/\/topfoodmachine.com\/fr\/wp-json\/wp\/v2\/product"}],"about":[{"href":"https:\/\/topfoodmachine.com\/fr\/wp-json\/wp\/v2\/types\/product"}],"author":[{"embeddable":true,"href":"https:\/\/topfoodmachine.com\/fr\/wp-json\/wp\/v2\/users\/1"}],"wp:featuredmedia":[{"embeddable":true,"href":"https:\/\/topfoodmachine.com\/fr\/wp-json\/wp\/v2\/media\/1432"}],"wp:attachment":[{"href":"https:\/\/topfoodmachine.com\/fr\/wp-json\/wp\/v2\/media?parent=1430"}],"wp:term":[{"taxonomy":"post_tag","embeddable":true,"href":"https:\/\/topfoodmachine.com\/fr\/wp-json\/wp\/v2\/tags?post=1430"},{"taxonomy":"product-type","embeddable":true,"href":"https:\/\/topfoodmachine.com\/fr\/wp-json\/wp\/v2\/product-type?post=1430"}],"curies":[{"name":"wp","href":"https:\/\/api.w.org\/{rel}","templated":true}]}}