{"id":1404,"date":"2024-06-13T10:44:34","date_gmt":"2024-06-13T02:44:34","guid":{"rendered":"https:\/\/topfoodmachine.com\/?post_type=product&#038;p=1404"},"modified":"2025-06-19T17:23:40","modified_gmt":"2025-06-19T09:23:40","slug":"food-drying-machine-vegetable-dryer","status":"publish","type":"product","link":"https:\/\/topfoodmachine.com\/fr\/product\/food-drying-machine-vegetable-dryer\/","title":{"rendered":"Machine de s\u00e9chage des aliments | S\u00e9choir \u00e0 l\u00e9gumes"},"content":{"rendered":"<div class=\"kk-star-ratings kksr-auto kksr-align-left kksr-valign-top\"     data-payload='{&quot;align&quot;:&quot;left&quot;,&quot;id&quot;:&quot;1404&quot;,&quot;slug&quot;:&quot;default&quot;,&quot;valign&quot;:&quot;top&quot;,&quot;ignore&quot;:&quot;&quot;,&quot;reference&quot;:&quot;auto&quot;,&quot;class&quot;:&quot;&quot;,&quot;count&quot;:&quot;13&quot;,&quot;legendonly&quot;:&quot;&quot;,&quot;readonly&quot;:&quot;&quot;,&quot;score&quot;:&quot;4.9&quot;,&quot;starsonly&quot;:&quot;&quot;,&quot;best&quot;:&quot;5&quot;,&quot;gap&quot;:&quot;5&quot;,&quot;greet&quot;:&quot;Rate this product&quot;,&quot;legend&quot;:&quot;4.9\\\/5 - (13 votes)&quot;,&quot;size&quot;:&quot;24&quot;,&quot;title&quot;:&quot;Food drying machine | Vegetable dryer&quot;,&quot;width&quot;:&quot;139.6&quot;,&quot;_legend&quot;:&quot;{score}\\\/{best} - ({count} {votes})&quot;,&quot;font_factor&quot;:&quot;1.25&quot;}'>              <div class=\"kksr-stars\">      <div class=\"kksr-stars-inactive\">             <div class=\"kksr-star\" data-star=\"1\" style=\"padding-right: 5px\">               <div class=\"kksr-icon\" style=\"width: 24px; height: 24px;\"><\/div>         <\/div>             <div class=\"kksr-star\" data-star=\"2\" style=\"padding-right: 5px\">               <div class=\"kksr-icon\" style=\"width: 24px; height: 24px;\"><\/div>         <\/div>             <div class=\"kksr-star\" data-star=\"3\" style=\"padding-right: 5px\">               <div class=\"kksr-icon\" style=\"width: 24px; height: 24px;\"><\/div>         <\/div>             <div class=\"kksr-star\" data-star=\"4\" style=\"padding-right: 5px\">               <div class=\"kksr-icon\" style=\"width: 24px; height: 24px;\"><\/div>         <\/div>             <div class=\"kksr-star\" data-star=\"5\" style=\"padding-right: 5px\">               <div class=\"kksr-icon\" style=\"width: 24px; height: 24px;\"><\/div>         <\/div>     <\/div>      <div class=\"kksr-stars-active\" style=\"width: 139.6px;\">             <div class=\"kksr-star\" style=\"padding-right: 5px\">               <div class=\"kksr-icon\" style=\"width: 24px; height: 24px;\"><\/div>         <\/div>             <div class=\"kksr-star\" style=\"padding-right: 5px\">               <div class=\"kksr-icon\" style=\"width: 24px; height: 24px;\"><\/div>         <\/div>             <div class=\"kksr-star\" style=\"padding-right: 5px\">               <div class=\"kksr-icon\" style=\"width: 24px; height: 24px;\"><\/div>         <\/div>             <div class=\"kksr-star\" style=\"padding-right: 5px\">               <div class=\"kksr-icon\" style=\"width: 24px; height: 24px;\"><\/div>         <\/div>             <div class=\"kksr-star\" style=\"padding-right: 5px\">               <div class=\"kksr-icon\" style=\"width: 24px; height: 24px;\"><\/div>         <\/div>     <\/div> <\/div>                   <div class=\"kksr-legend\" style=\"font-size: 19.2px;\">             4,9\/5 - (13 votes)    <\/div>     <\/div>  <p>Le d\u00e9shydrateur alimentaire est un appareil essentiel pour la conservation des aliments en \u00e9liminant l'humidit\u00e9, prolongeant ainsi la dur\u00e9e de conservation tout en pr\u00e9servant la valeur nutritionnelle et la saveur. Il transforme efficacement les fruits, l\u00e9gumes, viandes et herbes en collations s\u00e9ch\u00e9es ou en ingr\u00e9dients de cuisine. Avec des r\u00e9glages de temp\u00e9rature ajustables de 80 \u00e0 120\u00b0F et un contr\u00f4le pr\u00e9cis du flux d'air, il garantit un s\u00e9chage uniforme. <\/p>    <p>La machine offre des options de chauffage polyvalentes (\u00e9lectrique, gaz ou vapeur) et varie en capacit\u00e9 (60 \u00e0 360 kg par cycle), ce qui la rend adapt\u00e9e \u00e0 diff\u00e9rentes \u00e9chelles de production. \u00c9quip\u00e9e de plateaux personnalisables et de puissances de sortie variables, elle offre des performances de s\u00e9chage constantes et une fiabilit\u00e9 tant pour les op\u00e9rations \u00e0 petite \u00e9chelle que pour celles \u00e0 grande \u00e9chelle.<\/p>    <figure class=\"wp-block-embed is-type-video is-provider-youtube wp-block-embed-youtube wp-embed-aspect-16-9 wp-has-aspect-ratio\"><div class=\"wp-block-embed__wrapper\"> <iframe loading=\"lazy\" title=\"Comment fonctionne un d\u00e9shydrateur alimentaire | D\u00e9shydrater des fruits, des l\u00e9gumes et plus encore ! #d\u00e9shydrater #d\u00e9shydrateur #transformationalimentaire #l\u00e9gumes\" width=\"500\" height=\"281\" src=\"https:\/\/www.youtube.com\/embed\/p0v-aO1v1fY?feature=oembed\" frameborder=\"0\" allow=\"accelerometer; autoplay; clipboard-write; encrypted-media; gyroscope; picture-in-picture; web-share\" referrerpolicy=\"strict-origin-when-cross-origin\" allowfullscreen><\/iframe> <\/div><figcaption class=\"wp-element-caption\">Vid\u00e9o de fonctionnement de la machine de s\u00e9chage des aliments<\/figcaption><\/figure>    <h2 class=\"wp-block-heading\">Machine \u00e0 s\u00e9cher les l\u00e9gumes \u00e0 vendre<\/h2>    <p>Notre machine \u00e0 d\u00e9shydrater les l\u00e9gumes est une solution efficace et fiable pour le s\u00e9chage d'une grande vari\u00e9t\u00e9 de l\u00e9gumes. Con\u00e7ue avec flexibilit\u00e9 et commodit\u00e9 pour l'utilisateur \u00e0 l'esprit, elle garantit une performance de s\u00e9chage uniforme tout en r\u00e9pondant aux besoins des op\u00e9rations de transformation alimentaire \u00e0 petite \u00e9chelle et commerciales.<\/p>    <div class=\"wp-block-media-text is-stacked-on-mobile\"><figure class=\"wp-block-media-text__media\"><img loading=\"lazy\" decoding=\"async\" width=\"720\" height=\"540\" src=\"https:\/\/topfoodmachine.com\/wp-content\/uploads\/2024\/06\/best-vegetable-dryer.webp\" alt=\"meilleur d\u00e9shydrateur de l\u00e9gumes\" class=\"wp-image-1406 size-full\" srcset=\"https:\/\/topfoodmachine.com\/wp-content\/uploads\/2024\/06\/best-vegetable-dryer.webp 720w, https:\/\/topfoodmachine.com\/wp-content\/uploads\/2024\/06\/best-vegetable-dryer-300x225.webp 300w, https:\/\/topfoodmachine.com\/wp-content\/uploads\/2024\/06\/best-vegetable-dryer-16x12.webp 16w\" sizes=\"auto, (max-width: 720px) 100vw, 720px\" \/><\/figure><div class=\"wp-block-media-text__content\"> <ul class=\"wp-block-list\"> <li><strong>Plage de temp\u00e9rature r\u00e9glable<\/strong>: 27\u00b0C \u00e0 49\u00b0C, adapt\u00e9 \u00e0 diff\u00e9rents types de l\u00e9gumes pour obtenir des r\u00e9sultats de s\u00e9chage optimaux.<\/li>    <li><strong>Options de chauffage multiples<\/strong>: choisissez entre chauffage \u00e9lectrique, \u00e0 gaz ou \u00e0 vapeur pour correspondre \u00e0 vos pr\u00e9f\u00e9rences \u00e9nerg\u00e9tiques et \u00e0 votre configuration op\u00e9rationnelle.<\/li> <\/ul> <\/div><\/div>    <div class=\"wp-block-media-text has-media-on-the-right is-stacked-on-mobile\"><div class=\"wp-block-media-text__content\"> <ul class=\"wp-block-list\"> <li><strong>Contr\u00f4le efficace de l'humidit\u00e9<\/strong>: une sortie de d\u00e9shumidification positionn\u00e9e au-dessus de l'unit\u00e9 expulse efficacement l'humidit\u00e9 pendant le fonctionnement.<\/li>    <li><strong>Configurations flexibles<\/strong>: disponible en designs \u00e0 porte simple ou double pour s'adapter \u00e0 divers agencements d'usine et limitations d'espace.<\/li> <\/ul> <\/div><figure class=\"wp-block-media-text__media\"><img loading=\"lazy\" decoding=\"async\" width=\"720\" height=\"540\" src=\"https:\/\/topfoodmachine.com\/wp-content\/uploads\/2024\/06\/vegetable-drying-machine.webp\" alt=\"machine \u00e0 s\u00e9cher les l\u00e9gumes\" class=\"wp-image-1415 size-full\" srcset=\"https:\/\/topfoodmachine.com\/wp-content\/uploads\/2024\/06\/vegetable-drying-machine.webp 720w, https:\/\/topfoodmachine.com\/wp-content\/uploads\/2024\/06\/vegetable-drying-machine-300x225.webp 300w, https:\/\/topfoodmachine.com\/wp-content\/uploads\/2024\/06\/vegetable-drying-machine-16x12.webp 16w\" sizes=\"auto, (max-width: 720px) 100vw, 720px\" \/><\/figure><\/div>    <p>Cette machine \u00e0 d\u00e9shydrater les l\u00e9gumes combine une technologie de s\u00e9chage innovante avec des caract\u00e9ristiques pratiques, ce qui en fait un choix id\u00e9al pour les entreprises cherchant \u00e0 am\u00e9liorer la qualit\u00e9 des produits et l'efficacit\u00e9 de la production. Si vous recherchez une machine \u00e0 d\u00e9shydrater les l\u00e9gumes haute performance \u00e0 vendre, ce mod\u00e8le offre \u00e0 la fois durabilit\u00e9 et polyvalence pour r\u00e9pondre \u00e0 vos besoins de s\u00e9chage.<\/p>    <h2 class=\"wp-block-heading\">Applications de la machine de s\u00e9chage des aliments<\/h2>    <p>Notre machine de s\u00e9chage des aliments est largement utilis\u00e9e dans diverses cat\u00e9gories alimentaires, offrant une d\u00e9shydratation efficace tout en pr\u00e9servant la saveur, la nutrition et la dur\u00e9e de conservation. Les principaux domaines d'application comprennent :<\/p>    <div class=\"wp-block-media-text is-stacked-on-mobile\"><figure class=\"wp-block-media-text__media\"><img loading=\"lazy\" decoding=\"async\" width=\"720\" height=\"540\" src=\"https:\/\/topfoodmachine.com\/wp-content\/uploads\/2024\/06\/Food-drying-machine-suitable-materials.webp\" alt=\"Mat\u00e9riaux adapt\u00e9s \u00e0 la machine de s\u00e9chage des aliments\" class=\"wp-image-1409 size-full\" srcset=\"https:\/\/topfoodmachine.com\/wp-content\/uploads\/2024\/06\/Food-drying-machine-suitable-materials.webp 720w, https:\/\/topfoodmachine.com\/wp-content\/uploads\/2024\/06\/Food-drying-machine-suitable-materials-300x225.webp 300w, https:\/\/topfoodmachine.com\/wp-content\/uploads\/2024\/06\/Food-drying-machine-suitable-materials-16x12.webp 16w\" sizes=\"auto, (max-width: 720px) 100vw, 720px\" \/><\/figure><div class=\"wp-block-media-text__content\"> <ul class=\"wp-block-list\"> <li><strong>Fruits<\/strong>: id\u00e9al pour s\u00e9cher des pommes, des bananes, des fraises, des raisins et des myrtilles pour produire des collations saines ou des ingr\u00e9dients pour la p\u00e2tisserie et la cuisine.<\/li>    <li><strong>L\u00e9gumes<\/strong>: adapt\u00e9 pour les carottes, les oignons, les tomates, les champignons, et plus encore\u2014couramment utilis\u00e9s dans les m\u00e9langes pour soupes, les assaisonnements ou le stockage \u00e0 long terme.<\/li>    <li><strong>Viande<\/strong>: permet de s\u00e9cher le b\u0153uf, le porc et le poulet en jerky ou en bandes de viande s\u00e9ch\u00e9e avec une saveur am\u00e9lior\u00e9e et une stabilit\u00e9 \u00e0 long terme.<\/li>    <li><strong>Herbes et \u00e9pices<\/strong>: pr\u00e9serve la menthe, le basilic, le romarin, les piments et des articles similaires pour une utilisation pratique tout en conservant l'ar\u00f4me et les nutriments.<\/li> <\/ul> <\/div><\/div>    <div class=\"wp-block-media-text has-media-on-the-right is-stacked-on-mobile\"><div class=\"wp-block-media-text__content\"> <ul class=\"wp-block-list\"> <li><strong>Fleurs et tisanes<\/strong>: parfait pour les p\u00e9tales de rose, la camomille et les mat\u00e9riaux pour tisanes - pr\u00e9servant la couleur et le parfum pour le th\u00e9 ou la d\u00e9coration.<\/li>    <li><strong>C\u00e9r\u00e9ales et graines<\/strong>: r\u00e9duit efficacement l'humidit\u00e9 dans le ma\u00efs, le riz, les graines de s\u00e9same et d'autres pour un stockage s\u00fbr et un traitement ult\u00e9rieur.<\/li>    <li><strong>Poissons et fruits de mer<\/strong>: s\u00e8che les filets de poisson, les crevettes et les crustac\u00e9s pour prolonger la dur\u00e9e de conservation et am\u00e9liorer la texture.<\/li> <\/ul> <\/div><figure class=\"wp-block-media-text__media\"><img loading=\"lazy\" decoding=\"async\" width=\"720\" height=\"540\" src=\"https:\/\/topfoodmachine.com\/wp-content\/uploads\/2024\/06\/commercial-Food-drying-machine.webp\" alt=\"machine commerciale de s\u00e9chage des aliments\" class=\"wp-image-1408 size-full\" srcset=\"https:\/\/topfoodmachine.com\/wp-content\/uploads\/2024\/06\/commercial-Food-drying-machine.webp 720w, https:\/\/topfoodmachine.com\/wp-content\/uploads\/2024\/06\/commercial-Food-drying-machine-300x225.webp 300w, https:\/\/topfoodmachine.com\/wp-content\/uploads\/2024\/06\/commercial-Food-drying-machine-16x12.webp 16w\" sizes=\"auto, (max-width: 720px) 100vw, 720px\" \/><\/figure><\/div>    <p>Cette large gamme d'applications fait de la machine de s\u00e9chage des aliments une solution polyvalente pour les producteurs, les transformateurs et les entreprises de conservation.<\/p>    <h2 class=\"wp-block-heading\">Avantages de la machine \u00e0 s\u00e9cher les aliments<\/h2>    <div class=\"wp-block-media-text is-stacked-on-mobile\"><figure class=\"wp-block-media-text__media\"><img loading=\"lazy\" decoding=\"async\" width=\"720\" height=\"540\" src=\"https:\/\/topfoodmachine.com\/wp-content\/uploads\/2024\/06\/dryer-machine.webp\" alt=\"machine de s\u00e9chage\" class=\"wp-image-1410 size-full\" srcset=\"https:\/\/topfoodmachine.com\/wp-content\/uploads\/2024\/06\/dryer-machine.webp 720w, https:\/\/topfoodmachine.com\/wp-content\/uploads\/2024\/06\/dryer-machine-300x225.webp 300w, https:\/\/topfoodmachine.com\/wp-content\/uploads\/2024\/06\/dryer-machine-16x12.webp 16w\" sizes=\"auto, (max-width: 720px) 100vw, 720px\" \/><\/figure><div class=\"wp-block-media-text__content\"> <ul class=\"wp-block-list\"> <li><strong>Dur\u00e9e de conservation prolong\u00e9e<\/strong>: \u00e9limine efficacement l'humidit\u00e9 pour pr\u00e9venir la d\u00e9t\u00e9rioration, permettant aux aliments d'\u00eatre conserv\u00e9s plus longtemps sans r\u00e9frig\u00e9ration.<\/li>    <li><strong>Valeur nutritionnelle conserv\u00e9e<\/strong>: pr\u00e9serve la plupart des vitamines et min\u00e9raux, contrairement \u00e0 la cong\u00e9lation ou \u00e0 la mise en conserve, ce qui fait des aliments s\u00e9ch\u00e9s une option saine.<\/li>    <li><strong>Stockage et portabilit\u00e9 pratiques<\/strong>: les aliments s\u00e9ch\u00e9s l\u00e9gers et compacts sont faciles \u00e0 stocker, \u00e0 transporter et id\u00e9aux pour les voyages ou les situations d'urgence.<\/li>    <li><strong>R\u00e9duction du gaspillage alimentaire<\/strong>: aide \u00e0 pr\u00e9server les surplus de produits et les p\u00e9rissables, minimisant le gaspillage et favorisant une consommation durable.<\/li> <\/ul> <\/div><\/div>    <div class=\"wp-block-media-text has-media-on-the-right is-stacked-on-mobile\"><div class=\"wp-block-media-text__content\"> <ul class=\"wp-block-list\"> <li><strong>Concentration de saveur am\u00e9lior\u00e9e<\/strong>: le s\u00e9chage intensifie les saveurs naturelles, rendant les aliments plus d\u00e9licieux et adapt\u00e9s pour grignoter ou cuisiner.<\/li>    <li><strong>\u00c9conomies de co\u00fbts<\/strong>: permet aux utilisateurs d'acheter en gros ou de conserver des aliments de saison, r\u00e9duisant ainsi les d\u00e9penses alimentaires \u00e0 long terme.<\/li>    <li><strong>Polyvalence d'utilisation<\/strong>: les ingr\u00e9dients d\u00e9shydrat\u00e9s peuvent \u00eatre r\u00e9hydrat\u00e9s et utilis\u00e9s dans une large gamme de recettes, des soupes aux produits de boulangerie.<\/li> <\/ul> <\/div><figure class=\"wp-block-media-text__media\"><img loading=\"lazy\" decoding=\"async\" width=\"720\" height=\"540\" src=\"https:\/\/topfoodmachine.com\/wp-content\/uploads\/2024\/06\/food-dryer.webp\" alt=\"d\u00e9shydrateur alimentaire\" class=\"wp-image-1411 size-full\" srcset=\"https:\/\/topfoodmachine.com\/wp-content\/uploads\/2024\/06\/food-dryer.webp 720w, https:\/\/topfoodmachine.com\/wp-content\/uploads\/2024\/06\/food-dryer-300x225.webp 300w, https:\/\/topfoodmachine.com\/wp-content\/uploads\/2024\/06\/food-dryer-16x12.webp 16w\" sizes=\"auto, (max-width: 720px) 100vw, 720px\" \/><\/figure><\/div>    <h2 class=\"wp-block-heading\">Comment fonctionne la machine de s\u00e9chage des aliments ?<\/h2>    <p>La machine \u00e0 d\u00e9shydrater fonctionne en faisant circuler de l'air chaud autour des aliments plac\u00e9s sur des plateaux \u00e0 l'int\u00e9rieur de la chambre de d\u00e9shydratation. La temp\u00e9rature, g\u00e9n\u00e9ralement comprise entre 80\u00b0F et 120\u00b0F, peut \u00eatre ajust\u00e9e en fonction du type d'aliment \u00e0 d\u00e9shydrater. <\/p>    <p>Alors que l'air chaud circule sur les aliments, il extrait l'humidit\u00e9, qui est ensuite expuls\u00e9e par une sortie de d\u00e9shumidification. Ce processus se poursuit jusqu'\u00e0 ce que les aliments atteignent le niveau de s\u00e9cheresse souhait\u00e9, r\u00e9duisant g\u00e9n\u00e9ralement la teneur en humidit\u00e9 \u00e0 un niveau qui inhibe la croissance bact\u00e9rienne et fongique. <\/p>    <p>Les contr\u00f4les pr\u00e9cis de temp\u00e9rature et de circulation d'air de la machine garantissent un s\u00e9chage uniforme, tandis que les options de chauffage \u00e9lectrique, \u00e0 gaz ou \u00e0 vapeur offrent de la flexibilit\u00e9. Le design convivial, avec des chariots coulissants et un nombre de plateaux personnalisable, permet un chargement et un d\u00e9chargement faciles, rendant le processus efficace et accessible tant pour les op\u00e9rations \u00e0 petite \u00e9chelle que pour celles \u00e0 grande \u00e9chelle.<\/p>    <figure class=\"wp-block-gallery has-nested-images columns-default is-cropped wp-block-gallery-2 is-layout-flex wp-block-gallery-is-layout-flex\"> <figure class=\"wp-block-image size-large\"><img loading=\"lazy\" decoding=\"async\" width=\"720\" height=\"540\" data-id=\"1413\" src=\"https:\/\/topfoodmachine.com\/wp-content\/uploads\/2024\/06\/Food-drying-machine-for-sale.webp\" alt=\"Machine \u00e0 s\u00e9cher les aliments \u00e0 vendre\" class=\"wp-image-1413\" srcset=\"https:\/\/topfoodmachine.com\/wp-content\/uploads\/2024\/06\/Food-drying-machine-for-sale.webp 720w, https:\/\/topfoodmachine.com\/wp-content\/uploads\/2024\/06\/Food-drying-machine-for-sale-300x225.webp 300w, https:\/\/topfoodmachine.com\/wp-content\/uploads\/2024\/06\/Food-drying-machine-for-sale-16x12.webp 16w\" sizes=\"auto, (max-width: 720px) 100vw, 720px\" \/><figcaption class=\"wp-element-caption\">Machine \u00e0 s\u00e9cher les aliments \u00e0 vendre<\/figcaption><\/figure>    <figure class=\"wp-block-image size-large\"><img loading=\"lazy\" decoding=\"async\" width=\"720\" height=\"540\" data-id=\"1414\" src=\"https:\/\/topfoodmachine.com\/wp-content\/uploads\/2024\/06\/vegetable-dryer.webp\" alt=\"d\u00e9shydrateur de l\u00e9gumes\" class=\"wp-image-1414\" srcset=\"https:\/\/topfoodmachine.com\/wp-content\/uploads\/2024\/06\/vegetable-dryer.webp 720w, https:\/\/topfoodmachine.com\/wp-content\/uploads\/2024\/06\/vegetable-dryer-300x225.webp 300w, https:\/\/topfoodmachine.com\/wp-content\/uploads\/2024\/06\/vegetable-dryer-16x12.webp 16w\" sizes=\"auto, (max-width: 720px) 100vw, 720px\" \/><figcaption class=\"wp-element-caption\">d\u00e9shydrateur de l\u00e9gumes<\/figcaption><\/figure> <\/figure>    <h2 class=\"wp-block-heading\">Nourriture <a href=\"https:\/\/en.wikipedia.org\/wiki\/Dryer\" data-type=\"link\" data-id=\"https:\/\/en.wikipedia.org\/wiki\/Dryer\" target=\"_blank\" rel=\"noopener\">s\u00e9choir<\/a> param\u00e8tres de la machine<\/h2>    <figure class=\"wp-block-table\"><table><tbody><tr><td>Mod\u00e8le<\/td><td>Capacit\u00e9 (par fois)<\/td><td>Plateau<\/td><td>Pouvoir \u00e9lectrique<\/td><td>Zone d'\u00e9vaporation<\/td><td>Taille du produit (mm)<\/td><\/tr><tr><td>TZ-24<\/td><td>60 kg<\/td><td>24<\/td><td>9kw<\/td><td>7\u33a1<\/td><td>1470*1160*1980<\/td><\/tr><tr><td>TZ-48<\/td><td>120 kg<\/td><td>48<\/td><td>15kw<\/td><td>14\u33a1<strong><\/strong><\/td><td>2390*1160*1980<\/td><\/tr><tr><td>TZ-96<\/td><td>240 kg<\/td><td>96<\/td><td>27kw<\/td><td>27\u33a1<\/td><td>2390*2160*1980<\/td><\/tr><tr><td>TZ-144<\/td><td>360 kg<\/td><td>144<\/td><td>42kw<\/td><td>41\u33a1<\/td><td>3350*2160*1980<\/td><\/tr><\/tbody><\/table><figcaption class=\"wp-element-caption\">param\u00e8tres de la machine \u00e0 d\u00e9shydrater les l\u00e9gumes<\/figcaption><\/figure>    <h2 class=\"wp-block-heading\">Cas r\u00e9ussi de machine de s\u00e9chage de fruits et l\u00e9gumes<\/h2>    <p class=\"translation-block\">Une entreprise de transformation alimentaire en Asie du Sud-Est a r\u00e9cemment obtenu des r\u00e9sultats remarquables apr\u00e8s avoir introduit notre <strong>machine de s\u00e9chage des aliments et des l\u00e9gumes<\/strong> dans sa cha\u00eene de production. Faisant auparavant face \u00e0 des probl\u00e8mes de courte dur\u00e9e de conservation et de pertes post-r\u00e9colte \u00e9lev\u00e9es, l'entreprise recherchait une solution fiable pour s\u00e9cher des fruits et des l\u00e9gumes de saison tels que des mangues, des bananes, des champignons et des tomates. <\/p>    <p>Apr\u00e8s avoir install\u00e9 notre machine avec un contr\u00f4le de temp\u00e9rature r\u00e9glable et des plateaux personnalisables, ils ont consid\u00e9rablement augment\u00e9 la dur\u00e9e de conservation des produits et r\u00e9duit le gaspillage. La performance de s\u00e9chage constante a am\u00e9lior\u00e9 la qualit\u00e9 des produits et leur a permis de s'\u00e9tendre sur les march\u00e9s d'exportation. <\/p>    <p>Ce cas r\u00e9ussi met en \u00e9vidence comment la machine de s\u00e9chage des aliments et des l\u00e9gumes non seulement augmente l'efficacit\u00e9 mais ajoute \u00e9galement de la valeur aux produits agricoles.<\/p>    <figure class=\"wp-block-gallery has-nested-images columns-default is-cropped wp-block-gallery-3 is-layout-flex wp-block-gallery-is-layout-flex\"> <figure class=\"wp-block-image size-large\"><img loading=\"lazy\" decoding=\"async\" width=\"720\" height=\"540\" data-id=\"1412\" src=\"https:\/\/topfoodmachine.com\/wp-content\/uploads\/2024\/06\/Food-drying-machine-for-business.webp\" alt=\"Machine \u00e0 s\u00e9cher les aliments pour les entreprises\" class=\"wp-image-1412\" srcset=\"https:\/\/topfoodmachine.com\/wp-content\/uploads\/2024\/06\/Food-drying-machine-for-business.webp 720w, https:\/\/topfoodmachine.com\/wp-content\/uploads\/2024\/06\/Food-drying-machine-for-business-300x225.webp 300w, https:\/\/topfoodmachine.com\/wp-content\/uploads\/2024\/06\/Food-drying-machine-for-business-16x12.webp 16w\" sizes=\"auto, (max-width: 720px) 100vw, 720px\" \/><figcaption class=\"wp-element-caption\">Machine \u00e0 s\u00e9cher les aliments pour les entreprises<\/figcaption><\/figure>    <figure class=\"wp-block-image size-large\"><img loading=\"lazy\" decoding=\"async\" width=\"720\" height=\"540\" data-id=\"1407\" src=\"https:\/\/topfoodmachine.com\/wp-content\/uploads\/2024\/06\/automatic-Food-drying-machine.webp\" alt=\"machine automatique de s\u00e9chage des aliments\" class=\"wp-image-1407\" srcset=\"https:\/\/topfoodmachine.com\/wp-content\/uploads\/2024\/06\/automatic-Food-drying-machine.webp 720w, https:\/\/topfoodmachine.com\/wp-content\/uploads\/2024\/06\/automatic-Food-drying-machine-300x225.webp 300w, https:\/\/topfoodmachine.com\/wp-content\/uploads\/2024\/06\/automatic-Food-drying-machine-16x12.webp 16w\" sizes=\"auto, (max-width: 720px) 100vw, 720px\" \/><figcaption class=\"wp-element-caption\">machine automatique de s\u00e9chage des aliments<\/figcaption><\/figure> <\/figure>    <h2 class=\"wp-block-heading\">Investissez dans notre machine de s\u00e9chage des aliments<\/h2>    <p class=\"translation-block\">Investissez dans notre machine \u00e0 s\u00e9cher les l\u00e9gumes pour am\u00e9liorer l'efficacit\u00e9 du traitement des aliments et pr\u00e9server la qualit\u00e9 nutritionnelle. Associ\u00e9e \u00e0 notre <a href=\"https:\/\/topfoodmachine.com\/fr\/product\/fruit-and-vegetable-washing-machine\/\" data-type=\"link\" data-id=\"https:\/\/topfoodmachine.com\/product\/fruit-and-vegetable-washing-machine\/\">Machine \u00e0 laver les fruits et l\u00e9gumes<\/a>, assurez un nettoyage approfondi et des normes de s\u00e9curit\u00e9 alimentaire sup\u00e9rieures tout au long du processus de s\u00e9chage.<\/p>","protected":false},"excerpt":{"rendered":"<p>Le d\u00e9shydrateur alimentaire est un appareil essentiel pour la conservation des aliments en \u00e9liminant l'humidit\u00e9, prolongeant la dur\u00e9e de conservation tout en pr\u00e9servant la valeur nutritionnelle et la saveur.<\/p>","protected":false},"author":1,"featured_media":1405,"parent":0,"template":"","tags":[45,47,42],"product-type":[3],"class_list":["post-1404","product","type-product","status-publish","has-post-thumbnail","hentry","tag-drying-machine","tag-food","tag-vegetable","product-type-fruit-vegetable-processing-machine"],"_links":{"self":[{"href":"https:\/\/topfoodmachine.com\/fr\/wp-json\/wp\/v2\/product\/1404","targetHints":{"allow":["GET"]}}],"collection":[{"href":"https:\/\/topfoodmachine.com\/fr\/wp-json\/wp\/v2\/product"}],"about":[{"href":"https:\/\/topfoodmachine.com\/fr\/wp-json\/wp\/v2\/types\/product"}],"author":[{"embeddable":true,"href":"https:\/\/topfoodmachine.com\/fr\/wp-json\/wp\/v2\/users\/1"}],"wp:featuredmedia":[{"embeddable":true,"href":"https:\/\/topfoodmachine.com\/fr\/wp-json\/wp\/v2\/media\/1405"}],"wp:attachment":[{"href":"https:\/\/topfoodmachine.com\/fr\/wp-json\/wp\/v2\/media?parent=1404"}],"wp:term":[{"taxonomy":"post_tag","embeddable":true,"href":"https:\/\/topfoodmachine.com\/fr\/wp-json\/wp\/v2\/tags?post=1404"},{"taxonomy":"product-type","embeddable":true,"href":"https:\/\/topfoodmachine.com\/fr\/wp-json\/wp\/v2\/product-type?post=1404"}],"curies":[{"name":"wp","href":"https:\/\/api.w.org\/{rel}","templated":true}]}}